{"id":226688,"date":"2024-03-01T16:54:55","date_gmt":"2024-03-01T15:54:55","guid":{"rendered":"https:\/\/www.csj-emballages.com\/produit\/tabuleiro-para-fichas-de-cartao-de-300-ml-100\/"},"modified":"2026-04-15T02:12:38","modified_gmt":"2026-04-15T00:12:38","slug":"tabuleiro-para-fichas-de-cartao-de-300-ml-100","status":"publish","type":"product","link":"https:\/\/www.csj-emballages.com\/pt-pt\/produit\/tabuleiro-para-fichas-de-cartao-de-300-ml-100\/","title":{"rendered":"Tabuleiro para fichas de cart\u00e3o de 300 ml, embalagem de 50"},"content":{"rendered":"<h2 class=\"p1\">Tabuleiro de cart\u00e3o frito<\/h2>\n<hr>\n<h3>Descri\u00e7\u00e3o do nosso tabuleiro para frituras em cart\u00e3o de 300 ml, embalagem de 50<\/h3>\n<p><!--more--><\/p>\n<p data-start=\"292\" data-end=\"616\">Robusto, pr\u00e1tico e concebido a pensar nos profissionais da restaura\u00e7\u00e3o, este <strong>tabuleiro para frituras em cart\u00e3o kraft<\/strong> <strong>de 300 ml<\/strong> \u00e9 ideal para servir batatas fritas, nuggets, aperitivos ou mesmo pequenos pratos para levar. Vendido em embalagens de <strong>50<\/strong> unidades, oferece um excelente compromisso entre praticidade, higiene e apresenta\u00e7\u00e3o. Concebido para <strong data-start=\"630\" data-end=\"662\">resistir aos alimentos quentes<\/strong>, este <strong>tabuleiro de cart\u00e3o<\/strong> n\u00e3o amolece em contacto com o calor ou a humidade. Mant\u00e9m-se firme, mesmo com <strong>batatas fritas<\/strong> ou molhos gordos. Fabricado em cart\u00e3o espesso de qualidade alimentar, \u00e9 <strong data-start=\"883\" data-end=\"897\">amigo do ambiente<\/strong> e <strong data-start=\"901\" data-end=\"927\">totalmente recicl\u00e1vel<\/strong>, o que o torna uma solu\u00e7\u00e3o mais respons\u00e1vel do que os recipientes de pl\u00e1stico tradicionais.    <\/p>\n<p data-start=\"1020\" data-end=\"1377\">Quer se trate de um <strong data-start=\"1038\" data-end=\"1061\">restaurante de fast-food<\/strong>, de um <strong data-start=\"1066\" data-end=\"1080\">food truck<\/strong>, de uma empresa <strong data-start=\"1085\" data-end=\"1110\">de catering para eventos<\/strong> ou mesmo de um particular que organiza uma festa, este tabuleiro garante-lhe um servi\u00e7o cuidado, f\u00e1cil de segurar e muito pr\u00e1tico para o dia a dia. O seu formato adapta-se perfeitamente a ser colocado na horizontal ou na m\u00e3o para uma degusta\u00e7\u00e3o em movimento. <\/p>\n<p data-start=\"1379\" data-end=\"1497\">Vendido em embalagens de <strong>50<\/strong> unidades, este <strong>tabuleiro frito<\/strong> facilita a gest\u00e3o das suas necessidades de recipientes sem sobrecarregar o seu armazenamento.<\/p>\n<p data-start=\"1499\" data-end=\"1594\">Um produto indispens\u00e1vel para quem quer combinar <strong data-start=\"1551\" data-end=\"1593\">efici\u00eancia, simplicidade e apresenta\u00e7\u00e3o<\/strong>.<\/p>\n<p data-start=\"100\" data-end=\"556\"><!--more--><\/p>\n<h4 data-start=\"100\" data-end=\"556\">As suas vantagens:<\/h4>\n<ul>\n<li data-start=\"678\" data-end=\"771\"><strong data-start=\"680\" data-end=\"703\">Material amigo do ambiente<\/strong>: Fabricado em cart\u00e3o recicl\u00e1vel e amigo do ambiente.<\/li>\n<li data-start=\"772\" data-end=\"865\"><strong data-start=\"774\" data-end=\"798\">Forte e resistente<\/strong>: N\u00e3o amolece com o calor ou a humidade dos alimentos.<\/li>\n<li data-start=\"866\" data-end=\"963\"><strong data-start=\"868\" data-end=\"905\">Pr\u00e1tico para a venda de comida para levar<\/strong>: Adequado para profissionais da restaura\u00e7\u00e3o r\u00e1pida.<\/li>\n<li data-start=\"964\" data-end=\"1046\" data-is-only-node=\"\"><strong data-start=\"966\" data-end=\"986\">Design atrativo<\/strong>: apresenta\u00e7\u00e3o elegante para mostrar os seus pratos.<\/li>\n<\/ul>\n<p>&nbsp;<\/p>\n<p><!--more--><\/p>\n<h4 data-start=\"558\" data-end=\"575\">Outras informa\u00e7\u00f5es :<\/h4>\n<ul>\n<li><strong>Embalagem<\/strong>: Pacote de 50<\/li>\n<li><strong>Dimens\u00f5es inferiores<\/strong>: 90 x 50 mm<\/li>\n<li><strong>Dimens\u00f5es da parte superior<\/strong>: 130 x 110 mm<\/li>\n<li><b>Altura <\/b>: 2 cm<\/li>\n<li><strong>Volume<\/strong>: 300 ml<\/li>\n<li><strong>Material<\/strong>: Cart\u00e3o<\/li>\n<li><strong>Cor<\/strong>: castanho<\/li>\n<\/ul>\n<p>&nbsp;<\/p>\n<p><!--more--><\/p>\n<p>Este tabuleiro frito est\u00e1 dispon\u00edvel em v\u00e1rios tamanhos: <span style=\"color: #d12727;\"><a style=\"color: #d12727;\" href=\"https:\/\/www.csj-emballages.com\/es\/produit\/frito-carton-250-ml-por-200\/\">250 ml<\/a><\/span> \/ <span style=\"color: #d12727;\"><a style=\"color: #d12727;\" href=\"https:\/\/www.csj-emballages.com\/produit\/100-barquette-frite-carton-400-ml-restauration-emporter\/\">400 ml<\/a><\/span> \/ <span style=\"color: #d12727;\"><a style=\"color: #d12727;\" href=\"https:\/\/www.csj-emballages.com\/produit\/barquette-frite-carton-520-ml-2-compartiments-par-100\/\">520 ml<\/a><\/span> \/ <span style=\"color: #d12727;\"><a style=\"color: #d12727;\" href=\"https:\/\/www.csj-emballages.com\/es\/produit\/bandeja-de-carton-para-virutas-de-680-ml-100\/\">680 ml<\/a><\/span> \/ <span style=\"color: #d12727;\"><a style=\"color: #d12727;\" href=\"https:\/\/www.csj-emballages.com\/es\/produit\/50-bandejas-de-patatas-fritas-carton-de-1000-ml\/\">1000 ml <\/a><\/span> <\/p>\n<p>&nbsp;<\/p>\n<p><!--more--><\/p>\n<p><a href=\"https:\/\/www.csj-emballages.com\/pt-pt\/categorie-produit\/embalagem-de-alimentos\/restauracao\/caixas-tabuleiros-bolsas-cones\/tabuleiros-caixas-de-cartao\/tabuleiros-para-fichas-em-cartao\/\">Ver o resto da nossa gama de tabuleiros para batatas fritas em cart\u00e3o<\/a><\/p>\n","protected":false},"excerpt":{"rendered":"<p>Tabuleiro de cart\u00e3o frito Descri\u00e7\u00e3o do nosso tabuleiro para frituras em cart\u00e3o de 300 ml, embalagem de 50<\/p>\n","protected":false},"featured_media":159111,"template":"","meta":{"_acf_changed":false},"product_brand":[],"product_cat":[1141,1138,1476,3897],"product_tag":[],"class_list":{"0":"post-226688","1":"product","2":"type-product","3":"status-publish","4":"has-post-thumbnail","6":"product_cat-embalagem-de-alimentos","7":"product_cat-restauracao","8":"product_cat-tabuleiros-caixas-de-cartao","9":"product_cat-tabuleiros-para-fichas-em-cartao","11":"first","12":"instock","13":"taxable","14":"shipping-taxable","15":"purchasable","16":"product-type-simple"},"acf":[],"yoast_head":"<!-- This site is optimized with the Yoast SEO Premium plugin v26.6 (Yoast SEO v26.6) - https:\/\/yoast.com\/wordpress\/plugins\/seo\/ -->\n<title>300 ml Caixa de cart\u00e3o Kraft Fry Tray 50 unid.<\/title>\n<meta name=\"description\" content=\"Compre j\u00e1 o nosso tabuleiro para fritar de 300 ml! Ideal para levar para casa, este tabuleiro \u00e9 vers\u00e1til, pr\u00e1tico e amigo do ambiente.\" \/>\n<meta name=\"robots\" content=\"index, follow, max-snippet:-1, max-image-preview:large, max-video-preview:-1\" \/>\n<link rel=\"canonical\" href=\"https:\/\/www.csj-emballages.com\/pt-pt\/produit\/tabuleiro-para-fichas-de-cartao-de-300-ml-100\/\" \/>\n<meta property=\"og:locale\" content=\"pt_PT\" \/>\n<meta property=\"og:type\" content=\"article\" \/>\n<meta property=\"og:title\" content=\"Tabuleiro para fichas de cart\u00e3o de 300 ml, embalagem de 50\" \/>\n<meta property=\"og:description\" content=\"Compre j\u00e1 o nosso tabuleiro para fritar de 300 ml! Ideal para levar para casa, este tabuleiro \u00e9 vers\u00e1til, pr\u00e1tico e amigo do ambiente.\" \/>\n<meta property=\"og:url\" content=\"https:\/\/www.csj-emballages.com\/pt-pt\/produit\/tabuleiro-para-fichas-de-cartao-de-300-ml-100\/\" \/>\n<meta property=\"og:site_name\" content=\"CSJ Emballages\" \/>\n<meta property=\"article:publisher\" content=\"https:\/\/www.facebook.com\/csjemballages\" \/>\n<meta property=\"article:modified_time\" content=\"2026-04-15T00:12:38+00:00\" \/>\n<meta property=\"og:image\" content=\"https:\/\/www.csj-emballages.com\/wp-content\/uploads\/2024\/03\/produit-7.png\" \/>\n\t<meta property=\"og:image:width\" content=\"300\" \/>\n\t<meta property=\"og:image:height\" content=\"300\" \/>\n\t<meta property=\"og:image:type\" content=\"image\/png\" \/>\n<meta name=\"twitter:card\" content=\"summary_large_image\" \/>\n<meta name=\"twitter:label1\" content=\"Tempo estimado de leitura\" \/>\n\t<meta name=\"twitter:data1\" content=\"2 minutos\" \/>\n<script type=\"application\/ld+json\" class=\"yoast-schema-graph\">{\"@context\":\"https:\/\/schema.org\",\"@graph\":[{\"@type\":\"WebPage\",\"@id\":\"https:\/\/www.csj-emballages.com\/pt-pt\/produit\/tabuleiro-para-fichas-de-cartao-de-300-ml-100\/\",\"url\":\"https:\/\/www.csj-emballages.com\/pt-pt\/produit\/tabuleiro-para-fichas-de-cartao-de-300-ml-100\/\",\"name\":\"300 ml Caixa de cart\u00e3o Kraft Fry Tray 50 unid.\",\"isPartOf\":{\"@id\":\"https:\/\/www.csj-emballages.com\/pt-pt\/#website\"},\"primaryImageOfPage\":{\"@id\":\"https:\/\/www.csj-emballages.com\/pt-pt\/produit\/tabuleiro-para-fichas-de-cartao-de-300-ml-100\/#primaryimage\"},\"image\":{\"@id\":\"https:\/\/www.csj-emballages.com\/pt-pt\/produit\/tabuleiro-para-fichas-de-cartao-de-300-ml-100\/#primaryimage\"},\"thumbnailUrl\":\"https:\/\/www.csj-emballages.com\/wp-content\/uploads\/2024\/03\/produit-7.png\",\"datePublished\":\"2024-03-01T15:54:55+00:00\",\"dateModified\":\"2026-04-15T00:12:38+00:00\",\"description\":\"Compre j\u00e1 o nosso tabuleiro para fritar de 300 ml! Ideal para levar para casa, este tabuleiro \u00e9 vers\u00e1til, pr\u00e1tico e amigo do ambiente.\",\"breadcrumb\":{\"@id\":\"https:\/\/www.csj-emballages.com\/pt-pt\/produit\/tabuleiro-para-fichas-de-cartao-de-300-ml-100\/#breadcrumb\"},\"inLanguage\":\"pt-PT\",\"potentialAction\":[{\"@type\":\"ReadAction\",\"target\":[\"https:\/\/www.csj-emballages.com\/pt-pt\/produit\/tabuleiro-para-fichas-de-cartao-de-300-ml-100\/\"]}]},{\"@type\":\"ImageObject\",\"inLanguage\":\"pt-PT\",\"@id\":\"https:\/\/www.csj-emballages.com\/pt-pt\/produit\/tabuleiro-para-fichas-de-cartao-de-300-ml-100\/#primaryimage\",\"url\":\"https:\/\/www.csj-emballages.com\/wp-content\/uploads\/2024\/03\/produit-7.png\",\"contentUrl\":\"https:\/\/www.csj-emballages.com\/wp-content\/uploads\/2024\/03\/produit-7.png\",\"width\":300,\"height\":300,\"caption\":\"Barquette Frite\"},{\"@type\":\"BreadcrumbList\",\"@id\":\"https:\/\/www.csj-emballages.com\/pt-pt\/produit\/tabuleiro-para-fichas-de-cartao-de-300-ml-100\/#breadcrumb\",\"itemListElement\":[{\"@type\":\"ListItem\",\"position\":1,\"name\":\"Acolhimento\",\"item\":\"https:\/\/www.csj-emballages.com\/pt-pt\/universo-das-embalagens-alimentares\/\"},{\"@type\":\"ListItem\",\"position\":2,\"name\":\"Shop\",\"item\":\"https:\/\/www.csj-emballages.com\/shop\/\"},{\"@type\":\"ListItem\",\"position\":3,\"name\":\"Tabuleiro para fichas de cart\u00e3o de 300 ml, embalagem de 50\"}]},{\"@type\":\"WebSite\",\"@id\":\"https:\/\/www.csj-emballages.com\/pt-pt\/#website\",\"url\":\"https:\/\/www.csj-emballages.com\/pt-pt\/\",\"name\":\"CSJ Emballages\",\"description\":\"\",\"publisher\":{\"@id\":\"https:\/\/www.csj-emballages.com\/pt-pt\/#organization\"},\"potentialAction\":[{\"@type\":\"SearchAction\",\"target\":{\"@type\":\"EntryPoint\",\"urlTemplate\":\"https:\/\/www.csj-emballages.com\/pt-pt\/?s={search_term_string}\"},\"query-input\":{\"@type\":\"PropertyValueSpecification\",\"valueRequired\":true,\"valueName\":\"search_term_string\"}}],\"inLanguage\":\"pt-PT\"},{\"@type\":\"Organization\",\"@id\":\"https:\/\/www.csj-emballages.com\/pt-pt\/#Organization\/\",\"name\":\"CSJ Emballages\",\"url\":\"https:\/\/www.csj-emballages.com\/pt-pt\/\",\"logo\":{\"@type\":\"ImageObject\",\"inLanguage\":\"pt-PT\",\"@id\":\"https:\/\/www.csj-emballages.com\/pt-pt\/#\/schema\/logo\/image\/\",\"url\":\"https:\/\/www.csj-emballages.com\/wp-content\/uploads\/2023\/10\/logo_csj.webp\",\"contentUrl\":\"https:\/\/www.csj-emballages.com\/wp-content\/uploads\/2023\/10\/logo_csj.webp\",\"width\":250,\"height\":95,\"caption\":\"CSJ Emballages\"},\"image\":{\"@id\":\"https:\/\/www.csj-emballages.com\/pt-pt\/#\/schema\/logo\/image\/\"},\"sameAs\":[\"https:\/\/www.facebook.com\/csjemballages\"],\"address\":{\"@type\":\"PostalAddress\",\"streetAddress\":\"ZI La Lechere\",\"addressLocality\":\"Patornay\",\"postalCode\":\"39130\",\"addressCountry\":\"FR\"},\"contactPoint\":[{\"@type\":\"ContactPoint\",\"contactType\":\"Service client\",\"telephone\":\"0384254272\",\"email\":\"contact@csj-emballages.com\"}]}]}<\/script>\n<!-- \/ Yoast SEO Premium plugin. -->","yoast_head_json":{"title":"300 ml Caixa de cart\u00e3o Kraft Fry Tray 50 unid.","description":"Compre j\u00e1 o nosso tabuleiro para fritar de 300 ml! Ideal para levar para casa, este tabuleiro \u00e9 vers\u00e1til, pr\u00e1tico e amigo do ambiente.","robots":{"index":"index","follow":"follow","max-snippet":"max-snippet:-1","max-image-preview":"max-image-preview:large","max-video-preview":"max-video-preview:-1"},"canonical":"https:\/\/www.csj-emballages.com\/pt-pt\/produit\/tabuleiro-para-fichas-de-cartao-de-300-ml-100\/","og_locale":"pt_PT","og_type":"article","og_title":"Tabuleiro para fichas de cart\u00e3o de 300 ml, embalagem de 50","og_description":"Compre j\u00e1 o nosso tabuleiro para fritar de 300 ml! Ideal para levar para casa, este tabuleiro \u00e9 vers\u00e1til, pr\u00e1tico e amigo do ambiente.","og_url":"https:\/\/www.csj-emballages.com\/pt-pt\/produit\/tabuleiro-para-fichas-de-cartao-de-300-ml-100\/","og_site_name":"CSJ Emballages","article_publisher":"https:\/\/www.facebook.com\/csjemballages","article_modified_time":"2026-04-15T00:12:38+00:00","og_image":[{"width":300,"height":300,"url":"https:\/\/www.csj-emballages.com\/wp-content\/uploads\/2024\/03\/produit-7.png","type":"image\/png"}],"twitter_card":"summary_large_image","twitter_misc":{"Tempo estimado de leitura":"2 minutos"},"schema":{"@context":"https:\/\/schema.org","@graph":[{"@type":"WebPage","@id":"https:\/\/www.csj-emballages.com\/pt-pt\/produit\/tabuleiro-para-fichas-de-cartao-de-300-ml-100\/","url":"https:\/\/www.csj-emballages.com\/pt-pt\/produit\/tabuleiro-para-fichas-de-cartao-de-300-ml-100\/","name":"300 ml Caixa de cart\u00e3o Kraft Fry Tray 50 unid.","isPartOf":{"@id":"https:\/\/www.csj-emballages.com\/pt-pt\/#website"},"primaryImageOfPage":{"@id":"https:\/\/www.csj-emballages.com\/pt-pt\/produit\/tabuleiro-para-fichas-de-cartao-de-300-ml-100\/#primaryimage"},"image":{"@id":"https:\/\/www.csj-emballages.com\/pt-pt\/produit\/tabuleiro-para-fichas-de-cartao-de-300-ml-100\/#primaryimage"},"thumbnailUrl":"https:\/\/www.csj-emballages.com\/wp-content\/uploads\/2024\/03\/produit-7.png","datePublished":"2024-03-01T15:54:55+00:00","dateModified":"2026-04-15T00:12:38+00:00","description":"Compre j\u00e1 o nosso tabuleiro para fritar de 300 ml! Ideal para levar para casa, este tabuleiro \u00e9 vers\u00e1til, pr\u00e1tico e amigo do ambiente.","breadcrumb":{"@id":"https:\/\/www.csj-emballages.com\/pt-pt\/produit\/tabuleiro-para-fichas-de-cartao-de-300-ml-100\/#breadcrumb"},"inLanguage":"pt-PT","potentialAction":[{"@type":"ReadAction","target":["https:\/\/www.csj-emballages.com\/pt-pt\/produit\/tabuleiro-para-fichas-de-cartao-de-300-ml-100\/"]}]},{"@type":"ImageObject","inLanguage":"pt-PT","@id":"https:\/\/www.csj-emballages.com\/pt-pt\/produit\/tabuleiro-para-fichas-de-cartao-de-300-ml-100\/#primaryimage","url":"https:\/\/www.csj-emballages.com\/wp-content\/uploads\/2024\/03\/produit-7.png","contentUrl":"https:\/\/www.csj-emballages.com\/wp-content\/uploads\/2024\/03\/produit-7.png","width":300,"height":300,"caption":"Barquette Frite"},{"@type":"BreadcrumbList","@id":"https:\/\/www.csj-emballages.com\/pt-pt\/produit\/tabuleiro-para-fichas-de-cartao-de-300-ml-100\/#breadcrumb","itemListElement":[{"@type":"ListItem","position":1,"name":"Acolhimento","item":"https:\/\/www.csj-emballages.com\/pt-pt\/universo-das-embalagens-alimentares\/"},{"@type":"ListItem","position":2,"name":"Shop","item":"https:\/\/www.csj-emballages.com\/shop\/"},{"@type":"ListItem","position":3,"name":"Tabuleiro para fichas de cart\u00e3o de 300 ml, embalagem de 50"}]},{"@type":"WebSite","@id":"https:\/\/www.csj-emballages.com\/pt-pt\/#website","url":"https:\/\/www.csj-emballages.com\/pt-pt\/","name":"CSJ Emballages","description":"","publisher":{"@id":"https:\/\/www.csj-emballages.com\/pt-pt\/#organization"},"potentialAction":[{"@type":"SearchAction","target":{"@type":"EntryPoint","urlTemplate":"https:\/\/www.csj-emballages.com\/pt-pt\/?s={search_term_string}"},"query-input":{"@type":"PropertyValueSpecification","valueRequired":true,"valueName":"search_term_string"}}],"inLanguage":"pt-PT"},{"@type":"Organization","@id":"https:\/\/www.csj-emballages.com\/pt-pt\/#Organization\/","name":"CSJ Emballages","url":"https:\/\/www.csj-emballages.com\/pt-pt\/","logo":{"@type":"ImageObject","inLanguage":"pt-PT","@id":"https:\/\/www.csj-emballages.com\/pt-pt\/#\/schema\/logo\/image\/","url":"https:\/\/www.csj-emballages.com\/wp-content\/uploads\/2023\/10\/logo_csj.webp","contentUrl":"https:\/\/www.csj-emballages.com\/wp-content\/uploads\/2023\/10\/logo_csj.webp","width":250,"height":95,"caption":"CSJ Emballages"},"image":{"@id":"https:\/\/www.csj-emballages.com\/pt-pt\/#\/schema\/logo\/image\/"},"sameAs":["https:\/\/www.facebook.com\/csjemballages"],"address":{"@type":"PostalAddress","streetAddress":"ZI La Lechere","addressLocality":"Patornay","postalCode":"39130","addressCountry":"FR"},"contactPoint":[{"@type":"ContactPoint","contactType":"Service client","telephone":"0384254272","email":"contact@csj-emballages.com"}]}]}},"df_price":2.29,"df_sale_price":"","df_regular_price":2.29,"df_image_link":"https:\/\/www.csj-emballages.com\/wp-content\/uploads\/2024\/03\/produit-7.png","tiered_pricing_type":"fixed","tiered_pricing_fixed_rules":[],"tiered_pricing_percentage_rules":[],"tiered_pricing_minimum":1,"tiered_pricing_roles_data":[],"_links":{"self":[{"href":"https:\/\/www.csj-emballages.com\/pt-pt\/wp-json\/wp\/v2\/product\/226688","targetHints":{"allow":["GET"]}}],"collection":[{"href":"https:\/\/www.csj-emballages.com\/pt-pt\/wp-json\/wp\/v2\/product"}],"about":[{"href":"https:\/\/www.csj-emballages.com\/pt-pt\/wp-json\/wp\/v2\/types\/product"}],"wp:featuredmedia":[{"embeddable":true,"href":"https:\/\/www.csj-emballages.com\/pt-pt\/wp-json\/wp\/v2\/media\/159111"}],"wp:attachment":[{"href":"https:\/\/www.csj-emballages.com\/pt-pt\/wp-json\/wp\/v2\/media?parent=226688"}],"wp:term":[{"taxonomy":"product_brand","embeddable":true,"href":"https:\/\/www.csj-emballages.com\/pt-pt\/wp-json\/wp\/v2\/product_brand?post=226688"},{"taxonomy":"product_cat","embeddable":true,"href":"https:\/\/www.csj-emballages.com\/pt-pt\/wp-json\/wp\/v2\/product_cat?post=226688"},{"taxonomy":"product_tag","embeddable":true,"href":"https:\/\/www.csj-emballages.com\/pt-pt\/wp-json\/wp\/v2\/product_tag?post=226688"}],"curies":[{"name":"wp","href":"https:\/\/api.w.org\/{rel}","templated":true}]}}