{"id":226681,"date":"2024-03-01T16:54:54","date_gmt":"2024-03-01T15:54:54","guid":{"rendered":"https:\/\/www.csj-emballages.com\/produit\/100-charlottes-pretas-tipo-acordeao-48-cm-o-nao-tecido\/"},"modified":"2026-04-25T02:12:19","modified_gmt":"2026-04-25T00:12:19","slug":"100-charlottes-pretas-tipo-acordeao-48-cm-o-nao-tecido","status":"publish","type":"product","link":"https:\/\/www.csj-emballages.com\/pt-pt\/produit\/100-charlottes-pretas-tipo-acordeao-48-cm-o-nao-tecido\/","title":{"rendered":"Touca preta acorde\u00e3o 48 cm \u00d8 n\u00e3o tecida por 100"},"content":{"rendered":"<h2>Touca preta<\/h2>\n<hr>\n<h3>Descubra a nossa touca preta acorde\u00e3o 48 cm \u00d8 n\u00e3o tecida por 100<\/h3>\n<p><!--more--><\/p>\n<p data-start=\"289\" data-end=\"619\">Discreta, pr\u00e1tica e agrad\u00e1vel de usar, esta <strong data-start=\"336\" data-end=\"373\">touca preta acorde\u00e3o \u00d8 48 cm<\/strong> \u00e9 ideal para todos os ambientes onde a higiene \u00e9 essencial. Assim que a coloca, esquece que a tem. O seu <strong>formato acorde\u00e3o<\/strong> adapta-se facilmente \u00e0 cabe\u00e7a sem apertar, o que permite trabalhar confortavelmente, mesmo durante v\u00e1rias horas.  <\/p>\n<p data-start=\"621\" data-end=\"994\">Fabricada em <strong data-start=\"634\" data-end=\"656\">material n\u00e3o tecido<\/strong>, deixa <strong>o couro cabeludo respirar<\/strong>, garantindo ao mesmo tempo uma prote\u00e7\u00e3o eficaz contra a queda de cabelo. Gra\u00e7as ao seu <strong>el\u00e1stico flex\u00edvel<\/strong>, adapta-se a diferentes morfologias sem escorregar nem marcar. \u00c9 exatamente o tipo de produto que se utiliza no dia a dia sem pensar, mas que faz toda a diferen\u00e7a em termos sanit\u00e1rios.  <\/p>\n<p data-start=\"996\" data-end=\"1353\">A sua <strong data-start=\"1000\" data-end=\"1016\">cor preta<\/strong> proporciona um aspeto <strong>mais discreto<\/strong> e mais est\u00e9tico do que as toucas cl\u00e1ssicas. \u00c9, portanto, perfeitamente adequada para os setores da alimenta\u00e7\u00e3o, cozinhas profissionais, laborat\u00f3rios, mas tamb\u00e9m para os setores da ind\u00fastria, limpeza ou m\u00e9dico. Permite respeitar as normas de higiene, mantendo uma apar\u00eancia cuidada.  <\/p>\n<p data-start=\"1355\" data-end=\"1678\">Vendida <strong data-start=\"1362\" data-end=\"1380\">em lote de 100<\/strong>, esta <strong>touca<\/strong> \u00e9 tamb\u00e9m uma escolha pr\u00e1tica para a gest\u00e3o de stocks. Tem sempre o que precisa \u00e0 m\u00e3o para equipar a sua equipa ou os seus visitantes, sem risco de rutura. Utiliza-se apenas uma vez, deita-se facilmente fora e garante uma higiene impec\u00e1vel em cada utiliza\u00e7\u00e3o.  <\/p>\n<p data-start=\"1680\" data-end=\"1896\">Em resumo, esta <strong>touca preta acorde\u00e3o<\/strong> combina conforto, efic\u00e1cia e discri\u00e7\u00e3o. Integra-se naturalmente na sua rotina profissional e responde perfeitamente \u00e0s exig\u00eancias dos ambientes controlados. <\/p>\n<p data-start=\"1680\" data-end=\"1896\"><!--more--><\/p>\n<h4 data-start=\"1680\" data-end=\"1896\">Vantagens :<\/h4>\n<ul>\n<li data-start=\"1924\" data-end=\"1979\"><strong>Tamanho \u00d8 48 cm<\/strong> adequado \u00e0 maioria dos utilizadores.<\/li>\n<li data-start=\"1982\" data-end=\"2023\"><strong>Material n\u00e3o tecido<\/strong> leve e respir\u00e1vel.<\/li>\n<li data-start=\"2026\" data-end=\"2074\">El\u00e1stico confort\u00e1vel, sem press\u00e3o excessiva.<\/li>\n<li data-start=\"2077\" data-end=\"2116\"><strong>Cor preta<\/strong> discreta e profissional.<\/li>\n<li data-start=\"2119\" data-end=\"2159\">Utiliza\u00e7\u00e3o \u00fanica para uma higiene ideal.<\/li>\n<li data-start=\"2162\" data-end=\"2192\">Lote econ\u00f3mico de <strong>100 unidades<\/strong>.<\/li>\n<\/ul>\n<p>&nbsp;<\/p>\n<p><!--more--><\/p>\n<h4>Outras informa\u00e7\u00f5es :<\/h4>\n<ul>\n<li><strong>Embalagem<\/strong>: Pacote de 100<\/li>\n<li><strong>Di\u00e2metro<\/strong>: 48 cm<\/li>\n<li><strong>Dimens\u00f5es<\/strong>: 270 x 240 x 40 em mm<\/li>\n<li><strong>Material<\/strong>: Polipropileno n\u00e3o tecido<\/li>\n<li><strong>Cor<\/strong>: preto<\/li>\n<\/ul>\n<p>&nbsp;<\/p>\n<p><!--more--><\/p>\n<p>Esta touca preta tamb\u00e9m est\u00e1 dispon\u00edvel em branco: <span style=\"color: #d12727;\"><a style=\"color: #d12727;\" href=\"https:\/\/www.csj-emballages.com\/es\/produit\/100-charlottes-blancos-tipo-acordeon-48-cm-o-no-tejidos\/\">CHARLACCORD<\/a><\/span><\/p>\n<h3><\/h3>\n<p><!--more--><\/p>\n<p><a href=\"https:\/\/www.csj-emballages.com\/pt-pt\/categorie-produit\/higiene-e-manutencao\/equipamento-individual\/charlottes-pt-pt\/\">Consulte o resto da nossa gama de toucas<\/a><\/p>\n","protected":false},"excerpt":{"rendered":"<p>Touca preta Descubra a nossa touca preta acorde\u00e3o 48 cm \u00d8 n\u00e3o tecida por 100<\/p>\n","protected":false},"featured_media":9828,"template":"","meta":{"_acf_changed":false},"product_brand":[],"product_cat":[1222,2326,3894],"product_tag":[],"class_list":{"0":"post-226681","1":"product","2":"type-product","3":"status-publish","4":"has-post-thumbnail","6":"product_cat-higiene-e-manutencao","7":"product_cat-equipamento-individual","8":"product_cat-charlottes-pt-pt","10":"first","11":"instock","12":"taxable","13":"shipping-taxable","14":"purchasable","15":"product-type-simple"},"acf":[],"yoast_head":"<!-- This site is optimized with the Yoast SEO Premium plugin v26.6 (Yoast SEO v26.6) - https:\/\/yoast.com\/wordpress\/plugins\/seo\/ -->\n<title>Touca Preta Acorde\u00e3o 48 cm \u00d8 n\u00e3o Tecida por 100<\/title>\n<meta name=\"description\" content=\"Touca preta acorde\u00e3o \u00d8 48 cm n\u00e3o tecida. Confort\u00e1vel, discreta e ideal para garantir uma higiene impec\u00e1vel em ambiente profissional.\" \/>\n<meta name=\"robots\" content=\"index, follow, max-snippet:-1, max-image-preview:large, max-video-preview:-1\" \/>\n<link rel=\"canonical\" href=\"https:\/\/www.csj-emballages.com\/pt-pt\/produit\/100-charlottes-pretas-tipo-acordeao-48-cm-o-nao-tecido\/\" \/>\n<meta property=\"og:locale\" content=\"pt_PT\" \/>\n<meta property=\"og:type\" content=\"article\" \/>\n<meta property=\"og:title\" content=\"Touca preta acorde\u00e3o 48 cm \u00d8 n\u00e3o tecida por 100\" \/>\n<meta property=\"og:description\" content=\"Touca preta acorde\u00e3o \u00d8 48 cm n\u00e3o tecida. Confort\u00e1vel, discreta e ideal para garantir uma higiene impec\u00e1vel em ambiente profissional.\" \/>\n<meta property=\"og:url\" content=\"https:\/\/www.csj-emballages.com\/pt-pt\/produit\/100-charlottes-pretas-tipo-acordeao-48-cm-o-nao-tecido\/\" \/>\n<meta property=\"og:site_name\" content=\"CSJ Emballages\" \/>\n<meta property=\"article:publisher\" content=\"https:\/\/www.facebook.com\/csjemballages\" \/>\n<meta property=\"article:modified_time\" content=\"2026-04-25T00:12:19+00:00\" \/>\n<meta property=\"og:image\" content=\"https:\/\/www.csj-emballages.com\/wp-content\/uploads\/2024\/03\/charlotte-noire-clip-accordeon-grossiste-csj-emballages-zoom-jpg.webp\" \/>\n\t<meta property=\"og:image:width\" content=\"500\" \/>\n\t<meta property=\"og:image:height\" content=\"500\" \/>\n\t<meta property=\"og:image:type\" content=\"image\/jpeg\" \/>\n<meta name=\"twitter:card\" content=\"summary_large_image\" \/>\n<meta name=\"twitter:label1\" content=\"Tempo estimado de leitura\" \/>\n\t<meta name=\"twitter:data1\" content=\"2 minutos\" \/>\n<script type=\"application\/ld+json\" class=\"yoast-schema-graph\">{\"@context\":\"https:\/\/schema.org\",\"@graph\":[{\"@type\":\"WebPage\",\"@id\":\"https:\/\/www.csj-emballages.com\/pt-pt\/produit\/100-charlottes-pretas-tipo-acordeao-48-cm-o-nao-tecido\/\",\"url\":\"https:\/\/www.csj-emballages.com\/pt-pt\/produit\/100-charlottes-pretas-tipo-acordeao-48-cm-o-nao-tecido\/\",\"name\":\"Touca Preta Acorde\u00e3o 48 cm \u00d8 n\u00e3o Tecida por 100\",\"isPartOf\":{\"@id\":\"https:\/\/www.csj-emballages.com\/pt-pt\/#website\"},\"primaryImageOfPage\":{\"@id\":\"https:\/\/www.csj-emballages.com\/pt-pt\/produit\/100-charlottes-pretas-tipo-acordeao-48-cm-o-nao-tecido\/#primaryimage\"},\"image\":{\"@id\":\"https:\/\/www.csj-emballages.com\/pt-pt\/produit\/100-charlottes-pretas-tipo-acordeao-48-cm-o-nao-tecido\/#primaryimage\"},\"thumbnailUrl\":\"https:\/\/www.csj-emballages.com\/wp-content\/uploads\/2024\/03\/charlotte-noire-clip-accordeon-grossiste-csj-emballages-zoom-jpg.webp\",\"datePublished\":\"2024-03-01T15:54:54+00:00\",\"dateModified\":\"2026-04-25T00:12:19+00:00\",\"description\":\"Touca preta acorde\u00e3o \u00d8 48 cm n\u00e3o tecida. Confort\u00e1vel, discreta e ideal para garantir uma higiene impec\u00e1vel em ambiente profissional.\",\"breadcrumb\":{\"@id\":\"https:\/\/www.csj-emballages.com\/pt-pt\/produit\/100-charlottes-pretas-tipo-acordeao-48-cm-o-nao-tecido\/#breadcrumb\"},\"inLanguage\":\"pt-PT\",\"potentialAction\":[{\"@type\":\"ReadAction\",\"target\":[\"https:\/\/www.csj-emballages.com\/pt-pt\/produit\/100-charlottes-pretas-tipo-acordeao-48-cm-o-nao-tecido\/\"]}]},{\"@type\":\"ImageObject\",\"inLanguage\":\"pt-PT\",\"@id\":\"https:\/\/www.csj-emballages.com\/pt-pt\/produit\/100-charlottes-pretas-tipo-acordeao-48-cm-o-nao-tecido\/#primaryimage\",\"url\":\"https:\/\/www.csj-emballages.com\/wp-content\/uploads\/2024\/03\/charlotte-noire-clip-accordeon-grossiste-csj-emballages-zoom-jpg.webp\",\"contentUrl\":\"https:\/\/www.csj-emballages.com\/wp-content\/uploads\/2024\/03\/charlotte-noire-clip-accordeon-grossiste-csj-emballages-zoom-jpg.webp\",\"width\":500,\"height\":500,\"caption\":\"Charlotte noire\u00a0\"},{\"@type\":\"BreadcrumbList\",\"@id\":\"https:\/\/www.csj-emballages.com\/pt-pt\/produit\/100-charlottes-pretas-tipo-acordeao-48-cm-o-nao-tecido\/#breadcrumb\",\"itemListElement\":[{\"@type\":\"ListItem\",\"position\":1,\"name\":\"Acolhimento\",\"item\":\"https:\/\/www.csj-emballages.com\/pt-pt\/universo-das-embalagens-alimentares\/\"},{\"@type\":\"ListItem\",\"position\":2,\"name\":\"Shop\",\"item\":\"https:\/\/www.csj-emballages.com\/shop\/\"},{\"@type\":\"ListItem\",\"position\":3,\"name\":\"Touca preta acorde\u00e3o 48 cm \u00d8 n\u00e3o tecida por 100\"}]},{\"@type\":\"WebSite\",\"@id\":\"https:\/\/www.csj-emballages.com\/pt-pt\/#website\",\"url\":\"https:\/\/www.csj-emballages.com\/pt-pt\/\",\"name\":\"CSJ Emballages\",\"description\":\"\",\"publisher\":{\"@id\":\"https:\/\/www.csj-emballages.com\/pt-pt\/#organization\"},\"potentialAction\":[{\"@type\":\"SearchAction\",\"target\":{\"@type\":\"EntryPoint\",\"urlTemplate\":\"https:\/\/www.csj-emballages.com\/pt-pt\/?s={search_term_string}\"},\"query-input\":{\"@type\":\"PropertyValueSpecification\",\"valueRequired\":true,\"valueName\":\"search_term_string\"}}],\"inLanguage\":\"pt-PT\"},{\"@type\":\"Organization\",\"@id\":\"https:\/\/www.csj-emballages.com\/pt-pt\/#Organization\/\",\"name\":\"CSJ Emballages\",\"url\":\"https:\/\/www.csj-emballages.com\/pt-pt\/\",\"logo\":{\"@type\":\"ImageObject\",\"inLanguage\":\"pt-PT\",\"@id\":\"https:\/\/www.csj-emballages.com\/pt-pt\/#\/schema\/logo\/image\/\",\"url\":\"https:\/\/www.csj-emballages.com\/wp-content\/uploads\/2023\/10\/logo_csj.webp\",\"contentUrl\":\"https:\/\/www.csj-emballages.com\/wp-content\/uploads\/2023\/10\/logo_csj.webp\",\"width\":250,\"height\":95,\"caption\":\"CSJ Emballages\"},\"image\":{\"@id\":\"https:\/\/www.csj-emballages.com\/pt-pt\/#\/schema\/logo\/image\/\"},\"sameAs\":[\"https:\/\/www.facebook.com\/csjemballages\"],\"address\":{\"@type\":\"PostalAddress\",\"streetAddress\":\"ZI La Lechere\",\"addressLocality\":\"Patornay\",\"postalCode\":\"39130\",\"addressCountry\":\"FR\"},\"contactPoint\":[{\"@type\":\"ContactPoint\",\"contactType\":\"Service client\",\"telephone\":\"0384254272\",\"email\":\"contact@csj-emballages.com\"}]}]}<\/script>\n<!-- \/ Yoast SEO Premium plugin. -->","yoast_head_json":{"title":"Touca Preta Acorde\u00e3o 48 cm \u00d8 n\u00e3o Tecida por 100","description":"Touca preta acorde\u00e3o \u00d8 48 cm n\u00e3o tecida. Confort\u00e1vel, discreta e ideal para garantir uma higiene impec\u00e1vel em ambiente profissional.","robots":{"index":"index","follow":"follow","max-snippet":"max-snippet:-1","max-image-preview":"max-image-preview:large","max-video-preview":"max-video-preview:-1"},"canonical":"https:\/\/www.csj-emballages.com\/pt-pt\/produit\/100-charlottes-pretas-tipo-acordeao-48-cm-o-nao-tecido\/","og_locale":"pt_PT","og_type":"article","og_title":"Touca preta acorde\u00e3o 48 cm \u00d8 n\u00e3o tecida por 100","og_description":"Touca preta acorde\u00e3o \u00d8 48 cm n\u00e3o tecida. Confort\u00e1vel, discreta e ideal para garantir uma higiene impec\u00e1vel em ambiente profissional.","og_url":"https:\/\/www.csj-emballages.com\/pt-pt\/produit\/100-charlottes-pretas-tipo-acordeao-48-cm-o-nao-tecido\/","og_site_name":"CSJ Emballages","article_publisher":"https:\/\/www.facebook.com\/csjemballages","article_modified_time":"2026-04-25T00:12:19+00:00","og_image":[{"width":500,"height":500,"url":"https:\/\/www.csj-emballages.com\/wp-content\/uploads\/2024\/03\/charlotte-noire-clip-accordeon-grossiste-csj-emballages-zoom-jpg.webp","type":"image\/jpeg"}],"twitter_card":"summary_large_image","twitter_misc":{"Tempo estimado de leitura":"2 minutos"},"schema":{"@context":"https:\/\/schema.org","@graph":[{"@type":"WebPage","@id":"https:\/\/www.csj-emballages.com\/pt-pt\/produit\/100-charlottes-pretas-tipo-acordeao-48-cm-o-nao-tecido\/","url":"https:\/\/www.csj-emballages.com\/pt-pt\/produit\/100-charlottes-pretas-tipo-acordeao-48-cm-o-nao-tecido\/","name":"Touca Preta Acorde\u00e3o 48 cm \u00d8 n\u00e3o Tecida por 100","isPartOf":{"@id":"https:\/\/www.csj-emballages.com\/pt-pt\/#website"},"primaryImageOfPage":{"@id":"https:\/\/www.csj-emballages.com\/pt-pt\/produit\/100-charlottes-pretas-tipo-acordeao-48-cm-o-nao-tecido\/#primaryimage"},"image":{"@id":"https:\/\/www.csj-emballages.com\/pt-pt\/produit\/100-charlottes-pretas-tipo-acordeao-48-cm-o-nao-tecido\/#primaryimage"},"thumbnailUrl":"https:\/\/www.csj-emballages.com\/wp-content\/uploads\/2024\/03\/charlotte-noire-clip-accordeon-grossiste-csj-emballages-zoom-jpg.webp","datePublished":"2024-03-01T15:54:54+00:00","dateModified":"2026-04-25T00:12:19+00:00","description":"Touca preta acorde\u00e3o \u00d8 48 cm n\u00e3o tecida. Confort\u00e1vel, discreta e ideal para garantir uma higiene impec\u00e1vel em ambiente profissional.","breadcrumb":{"@id":"https:\/\/www.csj-emballages.com\/pt-pt\/produit\/100-charlottes-pretas-tipo-acordeao-48-cm-o-nao-tecido\/#breadcrumb"},"inLanguage":"pt-PT","potentialAction":[{"@type":"ReadAction","target":["https:\/\/www.csj-emballages.com\/pt-pt\/produit\/100-charlottes-pretas-tipo-acordeao-48-cm-o-nao-tecido\/"]}]},{"@type":"ImageObject","inLanguage":"pt-PT","@id":"https:\/\/www.csj-emballages.com\/pt-pt\/produit\/100-charlottes-pretas-tipo-acordeao-48-cm-o-nao-tecido\/#primaryimage","url":"https:\/\/www.csj-emballages.com\/wp-content\/uploads\/2024\/03\/charlotte-noire-clip-accordeon-grossiste-csj-emballages-zoom-jpg.webp","contentUrl":"https:\/\/www.csj-emballages.com\/wp-content\/uploads\/2024\/03\/charlotte-noire-clip-accordeon-grossiste-csj-emballages-zoom-jpg.webp","width":500,"height":500,"caption":"Charlotte noire\u00a0"},{"@type":"BreadcrumbList","@id":"https:\/\/www.csj-emballages.com\/pt-pt\/produit\/100-charlottes-pretas-tipo-acordeao-48-cm-o-nao-tecido\/#breadcrumb","itemListElement":[{"@type":"ListItem","position":1,"name":"Acolhimento","item":"https:\/\/www.csj-emballages.com\/pt-pt\/universo-das-embalagens-alimentares\/"},{"@type":"ListItem","position":2,"name":"Shop","item":"https:\/\/www.csj-emballages.com\/shop\/"},{"@type":"ListItem","position":3,"name":"Touca preta acorde\u00e3o 48 cm \u00d8 n\u00e3o tecida por 100"}]},{"@type":"WebSite","@id":"https:\/\/www.csj-emballages.com\/pt-pt\/#website","url":"https:\/\/www.csj-emballages.com\/pt-pt\/","name":"CSJ Emballages","description":"","publisher":{"@id":"https:\/\/www.csj-emballages.com\/pt-pt\/#organization"},"potentialAction":[{"@type":"SearchAction","target":{"@type":"EntryPoint","urlTemplate":"https:\/\/www.csj-emballages.com\/pt-pt\/?s={search_term_string}"},"query-input":{"@type":"PropertyValueSpecification","valueRequired":true,"valueName":"search_term_string"}}],"inLanguage":"pt-PT"},{"@type":"Organization","@id":"https:\/\/www.csj-emballages.com\/pt-pt\/#Organization\/","name":"CSJ Emballages","url":"https:\/\/www.csj-emballages.com\/pt-pt\/","logo":{"@type":"ImageObject","inLanguage":"pt-PT","@id":"https:\/\/www.csj-emballages.com\/pt-pt\/#\/schema\/logo\/image\/","url":"https:\/\/www.csj-emballages.com\/wp-content\/uploads\/2023\/10\/logo_csj.webp","contentUrl":"https:\/\/www.csj-emballages.com\/wp-content\/uploads\/2023\/10\/logo_csj.webp","width":250,"height":95,"caption":"CSJ Emballages"},"image":{"@id":"https:\/\/www.csj-emballages.com\/pt-pt\/#\/schema\/logo\/image\/"},"sameAs":["https:\/\/www.facebook.com\/csjemballages"],"address":{"@type":"PostalAddress","streetAddress":"ZI La Lechere","addressLocality":"Patornay","postalCode":"39130","addressCountry":"FR"},"contactPoint":[{"@type":"ContactPoint","contactType":"Service client","telephone":"0384254272","email":"contact@csj-emballages.com"}]}]}},"df_price":2.14,"df_sale_price":"","df_regular_price":2.14,"df_image_link":"https:\/\/www.csj-emballages.com\/wp-content\/uploads\/2024\/03\/charlotte-noire-clip-accordeon-grossiste-csj-emballages-zoom-300x300.webp","tiered_pricing_type":"fixed","tiered_pricing_fixed_rules":[],"tiered_pricing_percentage_rules":[],"tiered_pricing_minimum":1,"tiered_pricing_roles_data":[],"_links":{"self":[{"href":"https:\/\/www.csj-emballages.com\/pt-pt\/wp-json\/wp\/v2\/product\/226681","targetHints":{"allow":["GET"]}}],"collection":[{"href":"https:\/\/www.csj-emballages.com\/pt-pt\/wp-json\/wp\/v2\/product"}],"about":[{"href":"https:\/\/www.csj-emballages.com\/pt-pt\/wp-json\/wp\/v2\/types\/product"}],"wp:featuredmedia":[{"embeddable":true,"href":"https:\/\/www.csj-emballages.com\/pt-pt\/wp-json\/wp\/v2\/media\/9828"}],"wp:attachment":[{"href":"https:\/\/www.csj-emballages.com\/pt-pt\/wp-json\/wp\/v2\/media?parent=226681"}],"wp:term":[{"taxonomy":"product_brand","embeddable":true,"href":"https:\/\/www.csj-emballages.com\/pt-pt\/wp-json\/wp\/v2\/product_brand?post=226681"},{"taxonomy":"product_cat","embeddable":true,"href":"https:\/\/www.csj-emballages.com\/pt-pt\/wp-json\/wp\/v2\/product_cat?post=226681"},{"taxonomy":"product_tag","embeddable":true,"href":"https:\/\/www.csj-emballages.com\/pt-pt\/wp-json\/wp\/v2\/product_tag?post=226681"}],"curies":[{"name":"wp","href":"https:\/\/api.w.org\/{rel}","templated":true}]}}