{"id":22668,"date":"2024-03-01T16:50:25","date_gmt":"2024-03-01T15:50:25","guid":{"rendered":"https:\/\/u15jnbdpoq.preview.infomaniak.website\/produit\/rolo-de-papel-polipropileno-070-x-50-m\/"},"modified":"2026-04-29T02:16:50","modified_gmt":"2026-04-29T00:16:50","slug":"rolo-de-papel-polipropileno-070-x-50-m","status":"publish","type":"product","link":"https:\/\/www.csj-emballages.com\/pt-pt\/produit\/rolo-de-papel-polipropileno-070-x-50-m\/","title":{"rendered":"Rolo de filme de polipropileno 0,70 x 50 m"},"content":{"rendered":"<h2>Filme de polipropileno<\/h2>\n<hr>\n<h3>Descri\u00e7\u00e3o do nosso rolo de filme de polipropileno 0,70 x 50 m<\/h3>\n<p><!--more--><\/p>\n<p data-start=\"249\" data-end=\"698\">Quando embalamos, queremos que seja n\u00edtido, r\u00e1pido e limpo. Precisamente, este <strong data-start=\"324\" data-end=\"369\">rolo de filme de polipropileno 0,70 x 50 m<\/strong> foi concebido para simplificar o dia a dia, sem comprometer o resultado. <strong>Transparente e brilhante<\/strong>, valoriza instantaneamente os produtos, protegendo-os eficazmente. Seja para produtos alimentares, <strong>conjuntos<\/strong>, <strong>cabazes gourmet<\/strong> ou artigos para apresentar, garante um acabamento cuidado e profissional.  <\/p>\n<p data-start=\"700\" data-end=\"1025\">Gra\u00e7as \u00e0 sua <strong>largura de 70 cm<\/strong>, este <strong>filme de polipropileno<\/strong> cobre facilmente grandes superf\u00edcies sem multiplicar os cortes. Ganha tempo, trabalha de forma mais limpa e evita o desperd\u00edcio. Da mesma forma, o seu <strong>comprimento de 50 metros<\/strong> oferece uma boa autonomia, ideal para uma utiliza\u00e7\u00e3o regular em loja, oficina ou ponto de venda.  <\/p>\n<p data-start=\"1027\" data-end=\"1394\">Outro ponto apreci\u00e1vel: o <strong>filme desenrola-se sem problemas<\/strong>. Permanece flex\u00edvel, f\u00e1cil de manusear e n\u00e3o cola de forma excessiva. Resultado, a embalagem \u00e9 feita de forma fluida, mesmo durante os per\u00edodos de maior atividade. Uma vez no lugar, o <strong>filme<\/strong> protege contra o p\u00f3, a humidade leve e as manipula\u00e7\u00f5es, mantendo o produto perfeitamente vis\u00edvel.   <\/p>\n<p data-start=\"1396\" data-end=\"1633\">Al\u00e9m disso, o seu <strong>aspeto brilhante<\/strong> traz um verdadeiro valor acrescentado \u00e0 apresenta\u00e7\u00e3o. Uma simples embalagem torna-se imediatamente mais atrativa, mais limpa, mais vendedora. \u00c9 um detalhe que muitas vezes faz a diferen\u00e7a aos olhos do cliente.  <\/p>\n<p data-start=\"1635\" data-end=\"1836\">Em resumo, este <strong>rolo de filme de polipropileno<\/strong> \u00e9 uma solu\u00e7\u00e3o fi\u00e1vel e vers\u00e1til para todos os que querem embalar eficazmente, cuidando ao mesmo tempo da apar\u00eancia. Simples, pr\u00e1tico e sempre pronto a usar. <\/p>\n<p data-start=\"1635\" data-end=\"1836\">\n<p><!--more--><\/p>\n<h4><strong>Vantagens :<\/strong><\/h4>\n<ul>\n<li data-start=\"1864\" data-end=\"1917\"><strong>Transpar\u00eancia perfeita<\/strong> para uma bela valoriza\u00e7\u00e3o.<\/li>\n<li data-start=\"1920\" data-end=\"1950\"><strong>Largura<\/strong> confort\u00e1vel de <strong>70 cm.<\/strong><\/li>\n<li data-start=\"1953\" data-end=\"1993\"><strong>Comprimento de 50 m<\/strong> para uma utiliza\u00e7\u00e3o duradoura.<\/li>\n<li data-start=\"1996\" data-end=\"2026\">Desenrolamento fluido e f\u00e1cil.<\/li>\n<li data-start=\"2029\" data-end=\"2069\">Adaptado a muitos tipos de produtos.<\/li>\n<\/ul>\n<p>&nbsp;<\/p>\n<p><!--more--><\/p>\n<h4><strong>Outras informa\u00e7\u00f5es :  <\/strong><\/h4>\n<ul>\n<li><strong>Embalagem<\/strong>: Por unidade<\/li>\n<li><strong>Dimens\u00f5es<\/strong>: 0,70 x 50 m<\/li>\n<li><strong>Material<\/strong>: Papel de polipropileno<\/li>\n<li><strong>Cor<\/strong>: Incolor<\/li>\n<\/ul>\n<p>&nbsp;<\/p>\n<p><!--more--><\/p>\n<p>Este rolo de filme de polipropileno tamb\u00e9m est\u00e1 dispon\u00edvel numa largura de 1 m: <span style=\"color: #d12727;\"><a style=\"color: #d12727;\" href=\"https:\/\/www.csj-emballages.com\/es\/produit\/rollo-de-papel-polypro-100-x-50-m\/\">POLY100<\/a><\/span><\/p>\n<p>&nbsp;<\/p>\n<p><!--more--><\/p>\n<p><a href=\"https:\/\/www.csj-emballages.com\/pt-pt\/categorie-produit\/embalagem-de-alimentos\/loja-e-armazem\/rolos\/rolos-de-polipropileno\/\">Consulte o resto da nossa gama de rolos de filme de polipropileno<\/a><\/p>\n","protected":false},"excerpt":{"rendered":"<p>Filme de polipropileno Descri\u00e7\u00e3o do nosso rolo de filme de polipropileno 0,70 x 50 m<\/p>\n","protected":false},"featured_media":260616,"template":"","meta":{"_acf_changed":false},"product_brand":[],"product_cat":[1482,3160],"product_tag":[],"class_list":{"0":"post-22668","1":"product","2":"type-product","3":"status-publish","4":"has-post-thumbnail","6":"product_cat-loja-e-armazem","7":"product_cat-rolos-de-polipropileno","9":"first","10":"instock","11":"taxable","12":"shipping-taxable","13":"purchasable","14":"product-type-simple"},"acf":[],"yoast_head":"<!-- This site is optimized with the Yoast SEO Premium plugin v26.6 (Yoast SEO v26.6) - https:\/\/yoast.com\/wordpress\/plugins\/seo\/ -->\n<title>Rolo de Filme de Polipropileno 0,70 x 50 m<\/title>\n<meta name=\"description\" content=\"Rolo de filme de polipropileno 0,70 x 50 m transparente e brilhante. Ideal para embalar, proteger e valorizar os seus produtos de forma simples.\" \/>\n<meta name=\"robots\" content=\"index, follow, max-snippet:-1, max-image-preview:large, max-video-preview:-1\" \/>\n<link rel=\"canonical\" href=\"https:\/\/www.csj-emballages.com\/pt-pt\/produit\/rolo-de-papel-polipropileno-070-x-50-m\/\" \/>\n<meta property=\"og:locale\" content=\"pt_PT\" \/>\n<meta property=\"og:type\" content=\"article\" \/>\n<meta property=\"og:title\" content=\"Rolo de filme de polipropileno 0,70 x 50 m\" \/>\n<meta property=\"og:description\" content=\"Rolo de filme de polipropileno 0,70 x 50 m transparente e brilhante. Ideal para embalar, proteger e valorizar os seus produtos de forma simples.\" \/>\n<meta property=\"og:url\" content=\"https:\/\/www.csj-emballages.com\/pt-pt\/produit\/rolo-de-papel-polipropileno-070-x-50-m\/\" \/>\n<meta property=\"og:site_name\" content=\"CSJ Emballages\" \/>\n<meta property=\"article:publisher\" content=\"https:\/\/www.facebook.com\/csjemballages\" \/>\n<meta property=\"article:modified_time\" content=\"2026-04-29T00:16:50+00:00\" \/>\n<meta property=\"og:image\" content=\"https:\/\/www.csj-emballages.com\/wp-content\/uploads\/2024\/03\/POLY70.webp\" \/>\n\t<meta property=\"og:image:width\" content=\"800\" \/>\n\t<meta property=\"og:image:height\" content=\"800\" \/>\n\t<meta property=\"og:image:type\" content=\"image\/webp\" \/>\n<meta name=\"twitter:card\" content=\"summary_large_image\" \/>\n<meta name=\"twitter:label1\" content=\"Tempo estimado de leitura\" \/>\n\t<meta name=\"twitter:data1\" content=\"2 minutos\" \/>\n<script type=\"application\/ld+json\" class=\"yoast-schema-graph\">{\"@context\":\"https:\/\/schema.org\",\"@graph\":[{\"@type\":\"WebPage\",\"@id\":\"https:\/\/www.csj-emballages.com\/pt-pt\/produit\/rolo-de-papel-polipropileno-070-x-50-m\/\",\"url\":\"https:\/\/www.csj-emballages.com\/pt-pt\/produit\/rolo-de-papel-polipropileno-070-x-50-m\/\",\"name\":\"Rolo de Filme de Polipropileno 0,70 x 50 m\",\"isPartOf\":{\"@id\":\"https:\/\/www.csj-emballages.com\/pt-pt\/#website\"},\"primaryImageOfPage\":{\"@id\":\"https:\/\/www.csj-emballages.com\/pt-pt\/produit\/rolo-de-papel-polipropileno-070-x-50-m\/#primaryimage\"},\"image\":{\"@id\":\"https:\/\/www.csj-emballages.com\/pt-pt\/produit\/rolo-de-papel-polipropileno-070-x-50-m\/#primaryimage\"},\"thumbnailUrl\":\"https:\/\/www.csj-emballages.com\/wp-content\/uploads\/2024\/03\/POLY70.webp\",\"datePublished\":\"2024-03-01T15:50:25+00:00\",\"dateModified\":\"2026-04-29T00:16:50+00:00\",\"description\":\"Rolo de filme de polipropileno 0,70 x 50 m transparente e brilhante. Ideal para embalar, proteger e valorizar os seus produtos de forma simples.\",\"breadcrumb\":{\"@id\":\"https:\/\/www.csj-emballages.com\/pt-pt\/produit\/rolo-de-papel-polipropileno-070-x-50-m\/#breadcrumb\"},\"inLanguage\":\"pt-PT\",\"potentialAction\":[{\"@type\":\"ReadAction\",\"target\":[\"https:\/\/www.csj-emballages.com\/pt-pt\/produit\/rolo-de-papel-polipropileno-070-x-50-m\/\"]}]},{\"@type\":\"ImageObject\",\"inLanguage\":\"pt-PT\",\"@id\":\"https:\/\/www.csj-emballages.com\/pt-pt\/produit\/rolo-de-papel-polipropileno-070-x-50-m\/#primaryimage\",\"url\":\"https:\/\/www.csj-emballages.com\/wp-content\/uploads\/2024\/03\/POLY70.webp\",\"contentUrl\":\"https:\/\/www.csj-emballages.com\/wp-content\/uploads\/2024\/03\/POLY70.webp\",\"width\":800,\"height\":800,\"caption\":\"Rouleau de papier polypro\"},{\"@type\":\"BreadcrumbList\",\"@id\":\"https:\/\/www.csj-emballages.com\/pt-pt\/produit\/rolo-de-papel-polipropileno-070-x-50-m\/#breadcrumb\",\"itemListElement\":[{\"@type\":\"ListItem\",\"position\":1,\"name\":\"Acolhimento\",\"item\":\"https:\/\/www.csj-emballages.com\/pt-pt\/universo-das-embalagens-alimentares\/\"},{\"@type\":\"ListItem\",\"position\":2,\"name\":\"Shop\",\"item\":\"https:\/\/www.csj-emballages.com\/shop\/\"},{\"@type\":\"ListItem\",\"position\":3,\"name\":\"Rolo de filme de polipropileno 0,70 x 50 m\"}]},{\"@type\":\"WebSite\",\"@id\":\"https:\/\/www.csj-emballages.com\/pt-pt\/#website\",\"url\":\"https:\/\/www.csj-emballages.com\/pt-pt\/\",\"name\":\"CSJ Emballages\",\"description\":\"\",\"publisher\":{\"@id\":\"https:\/\/www.csj-emballages.com\/pt-pt\/#organization\"},\"potentialAction\":[{\"@type\":\"SearchAction\",\"target\":{\"@type\":\"EntryPoint\",\"urlTemplate\":\"https:\/\/www.csj-emballages.com\/pt-pt\/?s={search_term_string}\"},\"query-input\":{\"@type\":\"PropertyValueSpecification\",\"valueRequired\":true,\"valueName\":\"search_term_string\"}}],\"inLanguage\":\"pt-PT\"},{\"@type\":\"Organization\",\"@id\":\"https:\/\/www.csj-emballages.com\/pt-pt\/#Organization\/\",\"name\":\"CSJ Emballages\",\"url\":\"https:\/\/www.csj-emballages.com\/pt-pt\/\",\"logo\":{\"@type\":\"ImageObject\",\"inLanguage\":\"pt-PT\",\"@id\":\"https:\/\/www.csj-emballages.com\/pt-pt\/#\/schema\/logo\/image\/\",\"url\":\"https:\/\/www.csj-emballages.com\/wp-content\/uploads\/2023\/10\/logo_csj.webp\",\"contentUrl\":\"https:\/\/www.csj-emballages.com\/wp-content\/uploads\/2023\/10\/logo_csj.webp\",\"width\":250,\"height\":95,\"caption\":\"CSJ Emballages\"},\"image\":{\"@id\":\"https:\/\/www.csj-emballages.com\/pt-pt\/#\/schema\/logo\/image\/\"},\"sameAs\":[\"https:\/\/www.facebook.com\/csjemballages\"],\"address\":{\"@type\":\"PostalAddress\",\"streetAddress\":\"ZI La Lechere\",\"addressLocality\":\"Patornay\",\"postalCode\":\"39130\",\"addressCountry\":\"FR\"},\"contactPoint\":[{\"@type\":\"ContactPoint\",\"contactType\":\"Service client\",\"telephone\":\"0384254272\",\"email\":\"contact@csj-emballages.com\"}]}]}<\/script>\n<!-- \/ Yoast SEO Premium plugin. -->","yoast_head_json":{"title":"Rolo de Filme de Polipropileno 0,70 x 50 m","description":"Rolo de filme de polipropileno 0,70 x 50 m transparente e brilhante. Ideal para embalar, proteger e valorizar os seus produtos de forma simples.","robots":{"index":"index","follow":"follow","max-snippet":"max-snippet:-1","max-image-preview":"max-image-preview:large","max-video-preview":"max-video-preview:-1"},"canonical":"https:\/\/www.csj-emballages.com\/pt-pt\/produit\/rolo-de-papel-polipropileno-070-x-50-m\/","og_locale":"pt_PT","og_type":"article","og_title":"Rolo de filme de polipropileno 0,70 x 50 m","og_description":"Rolo de filme de polipropileno 0,70 x 50 m transparente e brilhante. Ideal para embalar, proteger e valorizar os seus produtos de forma simples.","og_url":"https:\/\/www.csj-emballages.com\/pt-pt\/produit\/rolo-de-papel-polipropileno-070-x-50-m\/","og_site_name":"CSJ Emballages","article_publisher":"https:\/\/www.facebook.com\/csjemballages","article_modified_time":"2026-04-29T00:16:50+00:00","og_image":[{"width":800,"height":800,"url":"https:\/\/www.csj-emballages.com\/wp-content\/uploads\/2024\/03\/POLY70.webp","type":"image\/webp"}],"twitter_card":"summary_large_image","twitter_misc":{"Tempo estimado de leitura":"2 minutos"},"schema":{"@context":"https:\/\/schema.org","@graph":[{"@type":"WebPage","@id":"https:\/\/www.csj-emballages.com\/pt-pt\/produit\/rolo-de-papel-polipropileno-070-x-50-m\/","url":"https:\/\/www.csj-emballages.com\/pt-pt\/produit\/rolo-de-papel-polipropileno-070-x-50-m\/","name":"Rolo de Filme de Polipropileno 0,70 x 50 m","isPartOf":{"@id":"https:\/\/www.csj-emballages.com\/pt-pt\/#website"},"primaryImageOfPage":{"@id":"https:\/\/www.csj-emballages.com\/pt-pt\/produit\/rolo-de-papel-polipropileno-070-x-50-m\/#primaryimage"},"image":{"@id":"https:\/\/www.csj-emballages.com\/pt-pt\/produit\/rolo-de-papel-polipropileno-070-x-50-m\/#primaryimage"},"thumbnailUrl":"https:\/\/www.csj-emballages.com\/wp-content\/uploads\/2024\/03\/POLY70.webp","datePublished":"2024-03-01T15:50:25+00:00","dateModified":"2026-04-29T00:16:50+00:00","description":"Rolo de filme de polipropileno 0,70 x 50 m transparente e brilhante. Ideal para embalar, proteger e valorizar os seus produtos de forma simples.","breadcrumb":{"@id":"https:\/\/www.csj-emballages.com\/pt-pt\/produit\/rolo-de-papel-polipropileno-070-x-50-m\/#breadcrumb"},"inLanguage":"pt-PT","potentialAction":[{"@type":"ReadAction","target":["https:\/\/www.csj-emballages.com\/pt-pt\/produit\/rolo-de-papel-polipropileno-070-x-50-m\/"]}]},{"@type":"ImageObject","inLanguage":"pt-PT","@id":"https:\/\/www.csj-emballages.com\/pt-pt\/produit\/rolo-de-papel-polipropileno-070-x-50-m\/#primaryimage","url":"https:\/\/www.csj-emballages.com\/wp-content\/uploads\/2024\/03\/POLY70.webp","contentUrl":"https:\/\/www.csj-emballages.com\/wp-content\/uploads\/2024\/03\/POLY70.webp","width":800,"height":800,"caption":"Rouleau de papier polypro"},{"@type":"BreadcrumbList","@id":"https:\/\/www.csj-emballages.com\/pt-pt\/produit\/rolo-de-papel-polipropileno-070-x-50-m\/#breadcrumb","itemListElement":[{"@type":"ListItem","position":1,"name":"Acolhimento","item":"https:\/\/www.csj-emballages.com\/pt-pt\/universo-das-embalagens-alimentares\/"},{"@type":"ListItem","position":2,"name":"Shop","item":"https:\/\/www.csj-emballages.com\/shop\/"},{"@type":"ListItem","position":3,"name":"Rolo de filme de polipropileno 0,70 x 50 m"}]},{"@type":"WebSite","@id":"https:\/\/www.csj-emballages.com\/pt-pt\/#website","url":"https:\/\/www.csj-emballages.com\/pt-pt\/","name":"CSJ Emballages","description":"","publisher":{"@id":"https:\/\/www.csj-emballages.com\/pt-pt\/#organization"},"potentialAction":[{"@type":"SearchAction","target":{"@type":"EntryPoint","urlTemplate":"https:\/\/www.csj-emballages.com\/pt-pt\/?s={search_term_string}"},"query-input":{"@type":"PropertyValueSpecification","valueRequired":true,"valueName":"search_term_string"}}],"inLanguage":"pt-PT"},{"@type":"Organization","@id":"https:\/\/www.csj-emballages.com\/pt-pt\/#Organization\/","name":"CSJ Emballages","url":"https:\/\/www.csj-emballages.com\/pt-pt\/","logo":{"@type":"ImageObject","inLanguage":"pt-PT","@id":"https:\/\/www.csj-emballages.com\/pt-pt\/#\/schema\/logo\/image\/","url":"https:\/\/www.csj-emballages.com\/wp-content\/uploads\/2023\/10\/logo_csj.webp","contentUrl":"https:\/\/www.csj-emballages.com\/wp-content\/uploads\/2023\/10\/logo_csj.webp","width":250,"height":95,"caption":"CSJ Emballages"},"image":{"@id":"https:\/\/www.csj-emballages.com\/pt-pt\/#\/schema\/logo\/image\/"},"sameAs":["https:\/\/www.facebook.com\/csjemballages"],"address":{"@type":"PostalAddress","streetAddress":"ZI La Lechere","addressLocality":"Patornay","postalCode":"39130","addressCountry":"FR"},"contactPoint":[{"@type":"ContactPoint","contactType":"Service client","telephone":"0384254272","email":"contact@csj-emballages.com"}]}]}},"df_price":10.56,"df_sale_price":"","df_regular_price":10.56,"df_image_link":"https:\/\/www.csj-emballages.com\/wp-content\/uploads\/2024\/03\/POLY70-300x300.webp","tiered_pricing_type":"fixed","tiered_pricing_fixed_rules":[],"tiered_pricing_percentage_rules":[],"tiered_pricing_minimum":1,"tiered_pricing_roles_data":[],"_links":{"self":[{"href":"https:\/\/www.csj-emballages.com\/pt-pt\/wp-json\/wp\/v2\/product\/22668","targetHints":{"allow":["GET"]}}],"collection":[{"href":"https:\/\/www.csj-emballages.com\/pt-pt\/wp-json\/wp\/v2\/product"}],"about":[{"href":"https:\/\/www.csj-emballages.com\/pt-pt\/wp-json\/wp\/v2\/types\/product"}],"wp:featuredmedia":[{"embeddable":true,"href":"https:\/\/www.csj-emballages.com\/pt-pt\/wp-json\/wp\/v2\/media\/260616"}],"wp:attachment":[{"href":"https:\/\/www.csj-emballages.com\/pt-pt\/wp-json\/wp\/v2\/media?parent=22668"}],"wp:term":[{"taxonomy":"product_brand","embeddable":true,"href":"https:\/\/www.csj-emballages.com\/pt-pt\/wp-json\/wp\/v2\/product_brand?post=22668"},{"taxonomy":"product_cat","embeddable":true,"href":"https:\/\/www.csj-emballages.com\/pt-pt\/wp-json\/wp\/v2\/product_cat?post=22668"},{"taxonomy":"product_tag","embeddable":true,"href":"https:\/\/www.csj-emballages.com\/pt-pt\/wp-json\/wp\/v2\/product_tag?post=22668"}],"curies":[{"name":"wp","href":"https:\/\/api.w.org\/{rel}","templated":true}]}}