{"id":226671,"date":"2024-03-01T16:54:54","date_gmt":"2024-03-01T15:54:54","guid":{"rendered":"https:\/\/www.csj-emballages.com\/produit\/tabuleiro-para-batatas-fritas-de-cartao-de-680-ml-100\/"},"modified":"2026-04-30T02:12:28","modified_gmt":"2026-04-30T00:12:28","slug":"tabuleiro-para-batatas-fritas-de-cartao-de-680-ml-100","status":"publish","type":"product","link":"https:\/\/www.csj-emballages.com\/pt-pt\/produit\/tabuleiro-para-batatas-fritas-de-cartao-de-680-ml-100\/","title":{"rendered":"Tabuleiro para fichas em cart\u00e3o de 680 ml, embalagem de 50"},"content":{"rendered":"<div style=\"font-family: Roboto, sans-serif\">\n<div style=\"font-family: Roboto, sans-serif\">\n<div style=\"font-family: Roboto, sans-serif\">\n<h2>Tabuleiro frito<\/h2>\n<hr>\n<h3>Descri\u00e7\u00e3o do nosso tabuleiro para frituras em cart\u00e3o de 680 ml (50 unidades)<\/h3>\n<p><!--more--><\/p>\n<div class=\"flex-shrink-0 flex flex-col relative items-end\">\n<div class=\"pt-0.5 juice:pt-0\">\n<div class=\"gizmo-bot-avatar flex h-6 w-6 items-center justify-center overflow-hidden rounded-full juice:h-8 juice:w-8\">\n<div class=\"relative p-1 rounded-sm flex items-center justify-center bg-token-main-surface-primary text-token-text-primary h-8 w-8\">\n<p class=\"\" data-start=\"292\" data-end=\"616\">Robusto, pr\u00e1tico e concebido a pensar nos profissionais da restaura\u00e7\u00e3o, este <strong>tabuleiro para frituras em cart\u00e3o kraft<\/strong> <strong data-start=\"399\" data-end=\"409\">de 680 ml<\/strong> \u00e9 ideal para servir batatas fritas, nuggets, aperitivos ou mesmo pequenos pratos para levar. Vendido em embalagens de <strong>50<\/strong> unidades, oferece um excelente compromisso entre praticidade, higiene e apresenta\u00e7\u00e3o. Concebido para <strong data-start=\"630\" data-end=\"662\">resistir aos alimentos quentes<\/strong>, este <strong>tabuleiro de cart\u00e3o<\/strong> n\u00e3o amolece em contacto com o calor ou a humidade. Mant\u00e9m-se firme, mesmo com <strong>batatas fritas<\/strong> ou molhos gordos. Fabricado em cart\u00e3o espesso de qualidade alimentar, \u00e9 <strong data-start=\"883\" data-end=\"897\">amigo do ambiente<\/strong> e <strong data-start=\"901\" data-end=\"927\">totalmente recicl\u00e1vel<\/strong>, o que o torna uma solu\u00e7\u00e3o mais respons\u00e1vel do que os recipientes de pl\u00e1stico tradicionais.    <\/p>\n<p class=\"\" data-start=\"1020\" data-end=\"1377\">Quer se trate de um <strong data-start=\"1038\" data-end=\"1061\">restaurante de fast-food<\/strong>, de um <strong data-start=\"1066\" data-end=\"1080\">food truck<\/strong>, de uma empresa <strong data-start=\"1085\" data-end=\"1110\">de catering para eventos<\/strong> ou mesmo de um particular que organiza uma festa, este tabuleiro garante-lhe um servi\u00e7o cuidado, f\u00e1cil de segurar e muito pr\u00e1tico para o dia a dia. O seu formato adapta-se perfeitamente a ser colocado na horizontal ou na m\u00e3o para uma degusta\u00e7\u00e3o em movimento. <\/p>\n<p class=\"\" data-start=\"1379\" data-end=\"1497\">Vendido em embalagens de <strong>50<\/strong> unidades, este <strong>tabuleiro frito<\/strong> facilita a gest\u00e3o das suas necessidades de recipientes sem sobrecarregar o seu armazenamento.<\/p>\n<p class=\"\" data-start=\"1499\" data-end=\"1594\">Um produto indispens\u00e1vel para quem quer combinar <strong data-start=\"1551\" data-end=\"1593\">efici\u00eancia, simplicidade e apresenta\u00e7\u00e3o<\/strong>.<\/p>\n<p data-start=\"1499\" data-end=\"1594\">\n<\/div>\n<\/div>\n<\/div>\n<\/div>\n<p><!--more--><\/p>\n<p><strong>As suas vantagens:<\/strong><\/p>\n<ul>\n<li>Resistente ao calor e \u00e0 gordura.<\/li>\n<li>Recicl\u00e1vel e amigo do ambiente.<\/li>\n<li>Este tabuleiro frito \u00e9 ideal para batatas fritas, tapas, nuggets e snacks.<\/li>\n<li>Boa ader\u00eancia, n\u00e3o se deforma.<\/li>\n<li><strong>Pr\u00e1tico<\/strong>: fornecido em embalagens de 50 unidades.<\/li>\n<\/ul>\n<p>&nbsp;<\/p>\n<p><!--more--><\/p>\n<h4>Outras informa\u00e7\u00f5es :<\/h4>\n<ul>\n<li><strong>Embalagem<\/strong>: Pacote de 50<\/li>\n<li><strong>Dimens\u00f5es<\/strong> <strong>do fundo<\/strong>: 13 x 8,5 cm<\/li>\n<li><strong>Dimens\u00f5es<\/strong> <strong>da parte superior<\/strong>: 20 x 16 cm<\/li>\n<li><strong>Altura<\/strong>: 3,5 cm<\/li>\n<li><strong>Volume<\/strong>: 680 ml<\/li>\n<li><span style=\"font-weight: bold\">Cor <\/span>: castanho<\/li>\n<li><span style=\"font-weight: bold\">Material <\/span>: Cart\u00e3o<\/li>\n<\/ul>\n<\/div>\n<\/div>\n<\/div>\n<p>&nbsp;<\/p>\n<h5><!--more--><\/h5>\n<div style=\"font-family: Roboto, sans-serif\">\n<div style=\"font-family: Roboto, sans-serif\">\n<div style=\"font-family: Roboto, sans-serif\">\n<p>Este tabuleiro frito est\u00e1 dispon\u00edvel em v\u00e1rios tamanhos: <span style=\"color: #d12727\"><a style=\"color: #d12727\" href=\"https:\/\/www.csj-emballages.com\/pt-pt\/produit\/frito-em-caixa-de-cartao-250-ml-por-200\/\">250 ml<\/a><\/span> \/ <span style=\"color: #d12727\"><a style=\"color: #d12727\" href=\"https:\/\/www.csj-emballages.com\/produit\/100-barquette-frite-carton-300-ml-restauration-emporter\/\">300 ml<\/a><\/span> \/ <span style=\"color: #d12727\"><a style=\"color: #d12727\" href=\"https:\/\/www.csj-emballages.com\/produit\/100-barquette-frite-carton-400-ml-restauration-emporter\/\">400 ml<\/a><\/span> \/ <span style=\"color: #d12727\"><a style=\"color: #d12727\" href=\"https:\/\/www.csj-emballages.com\/produit\/barquette-frite-carton-520-ml-2-compartiments-par-100\/\">520 ml<\/a><\/span> \/ <span style=\"color: #d12727\"><a style=\"color: #d12727\" href=\"https:\/\/www.csj-emballages.com\/pt-pt\/produit\/50-tabuleiros-de-batatas-fritas-caixa-de-1000-ml\/\">1000 ml <\/a><\/span> <\/p>\n<p>&nbsp;<\/p>\n<p><!--more--><\/p>\n<p><a href=\"https:\/\/www.csj-emballages.com\/pt-pt\/categorie-produit\/embalagem-de-alimentos\/restauracao\/caixas-tabuleiros-bolsas-cones\/tabuleiros-caixas-de-cartao\/tabuleiros-para-fichas-em-cartao\/\">Ver o resto da nossa gama de tabuleiros para batatas fritas em cart\u00e3o<\/a><\/p>\n<\/div>\n<\/div>\n<\/div>\n","protected":false},"excerpt":{"rendered":"<p>Tabuleiro frito Descri\u00e7\u00e3o do nosso tabuleiro para frituras em cart\u00e3o de 680 ml (50 unidades)<\/p>\n","protected":false},"featured_media":231903,"template":"","meta":{"_acf_changed":false},"product_brand":[],"product_cat":[1141,1138,1476,3897],"product_tag":[],"class_list":{"0":"post-226671","1":"product","2":"type-product","3":"status-publish","4":"has-post-thumbnail","6":"product_cat-embalagem-de-alimentos","7":"product_cat-restauracao","8":"product_cat-tabuleiros-caixas-de-cartao","9":"product_cat-tabuleiros-para-fichas-em-cartao","11":"first","12":"instock","13":"taxable","14":"shipping-taxable","15":"purchasable","16":"product-type-simple"},"acf":[],"yoast_head":"<!-- This site is optimized with the Yoast SEO Premium plugin v26.6 (Yoast SEO v26.6) - https:\/\/yoast.com\/wordpress\/plugins\/seo\/ -->\n<title>Caixa para batatas fritas 680 ml por 50<\/title>\n<meta name=\"description\" content=\"Tabuleiro de cart\u00e3o de 680 ml - ideal para batatas fritas, snacks e takeaway. Resistente, recicl\u00e1vel, pr\u00e1tico e vendido em embalagens de 50 unidades.\" \/>\n<meta name=\"robots\" content=\"index, follow, max-snippet:-1, max-image-preview:large, max-video-preview:-1\" \/>\n<link rel=\"canonical\" href=\"https:\/\/www.csj-emballages.com\/pt-pt\/produit\/tabuleiro-para-batatas-fritas-de-cartao-de-680-ml-100\/\" \/>\n<meta property=\"og:locale\" content=\"pt_PT\" \/>\n<meta property=\"og:type\" content=\"article\" \/>\n<meta property=\"og:title\" content=\"Tabuleiro para fichas em cart\u00e3o de 680 ml, embalagem de 50\" \/>\n<meta property=\"og:description\" content=\"Tabuleiro de cart\u00e3o de 680 ml - ideal para batatas fritas, snacks e takeaway. Resistente, recicl\u00e1vel, pr\u00e1tico e vendido em embalagens de 50 unidades.\" \/>\n<meta property=\"og:url\" content=\"https:\/\/www.csj-emballages.com\/pt-pt\/produit\/tabuleiro-para-batatas-fritas-de-cartao-de-680-ml-100\/\" \/>\n<meta property=\"og:site_name\" content=\"CSJ Emballages\" \/>\n<meta property=\"article:publisher\" content=\"https:\/\/www.facebook.com\/csjemballages\" \/>\n<meta property=\"article:modified_time\" content=\"2026-04-30T00:12:28+00:00\" \/>\n<meta property=\"og:image\" content=\"https:\/\/www.csj-emballages.com\/wp-content\/uploads\/2024\/03\/CH680CART.webp\" \/>\n\t<meta property=\"og:image:width\" content=\"800\" \/>\n\t<meta property=\"og:image:height\" content=\"800\" \/>\n\t<meta property=\"og:image:type\" content=\"image\/webp\" \/>\n<meta name=\"twitter:card\" content=\"summary_large_image\" \/>\n<meta name=\"twitter:label1\" content=\"Tempo estimado de leitura\" \/>\n\t<meta name=\"twitter:data1\" content=\"2 minutos\" \/>\n<script type=\"application\/ld+json\" class=\"yoast-schema-graph\">{\"@context\":\"https:\/\/schema.org\",\"@graph\":[{\"@type\":\"WebPage\",\"@id\":\"https:\/\/www.csj-emballages.com\/pt-pt\/produit\/tabuleiro-para-batatas-fritas-de-cartao-de-680-ml-100\/\",\"url\":\"https:\/\/www.csj-emballages.com\/pt-pt\/produit\/tabuleiro-para-batatas-fritas-de-cartao-de-680-ml-100\/\",\"name\":\"Caixa para batatas fritas 680 ml por 50\",\"isPartOf\":{\"@id\":\"https:\/\/www.csj-emballages.com\/pt-pt\/#website\"},\"primaryImageOfPage\":{\"@id\":\"https:\/\/www.csj-emballages.com\/pt-pt\/produit\/tabuleiro-para-batatas-fritas-de-cartao-de-680-ml-100\/#primaryimage\"},\"image\":{\"@id\":\"https:\/\/www.csj-emballages.com\/pt-pt\/produit\/tabuleiro-para-batatas-fritas-de-cartao-de-680-ml-100\/#primaryimage\"},\"thumbnailUrl\":\"https:\/\/www.csj-emballages.com\/wp-content\/uploads\/2024\/03\/CH680CART.webp\",\"datePublished\":\"2024-03-01T15:54:54+00:00\",\"dateModified\":\"2026-04-30T00:12:28+00:00\",\"description\":\"Tabuleiro de cart\u00e3o de 680 ml - ideal para batatas fritas, snacks e takeaway. Resistente, recicl\u00e1vel, pr\u00e1tico e vendido em embalagens de 50 unidades.\",\"breadcrumb\":{\"@id\":\"https:\/\/www.csj-emballages.com\/pt-pt\/produit\/tabuleiro-para-batatas-fritas-de-cartao-de-680-ml-100\/#breadcrumb\"},\"inLanguage\":\"pt-PT\",\"potentialAction\":[{\"@type\":\"ReadAction\",\"target\":[\"https:\/\/www.csj-emballages.com\/pt-pt\/produit\/tabuleiro-para-batatas-fritas-de-cartao-de-680-ml-100\/\"]}]},{\"@type\":\"ImageObject\",\"inLanguage\":\"pt-PT\",\"@id\":\"https:\/\/www.csj-emballages.com\/pt-pt\/produit\/tabuleiro-para-batatas-fritas-de-cartao-de-680-ml-100\/#primaryimage\",\"url\":\"https:\/\/www.csj-emballages.com\/wp-content\/uploads\/2024\/03\/CH680CART.webp\",\"contentUrl\":\"https:\/\/www.csj-emballages.com\/wp-content\/uploads\/2024\/03\/CH680CART.webp\",\"width\":800,\"height\":800,\"caption\":\"Barquette frite\"},{\"@type\":\"BreadcrumbList\",\"@id\":\"https:\/\/www.csj-emballages.com\/pt-pt\/produit\/tabuleiro-para-batatas-fritas-de-cartao-de-680-ml-100\/#breadcrumb\",\"itemListElement\":[{\"@type\":\"ListItem\",\"position\":1,\"name\":\"Acolhimento\",\"item\":\"https:\/\/www.csj-emballages.com\/pt-pt\/universo-das-embalagens-alimentares\/\"},{\"@type\":\"ListItem\",\"position\":2,\"name\":\"Shop\",\"item\":\"https:\/\/www.csj-emballages.com\/shop\/\"},{\"@type\":\"ListItem\",\"position\":3,\"name\":\"Tabuleiro para fichas em cart\u00e3o de 680 ml, embalagem de 50\"}]},{\"@type\":\"WebSite\",\"@id\":\"https:\/\/www.csj-emballages.com\/pt-pt\/#website\",\"url\":\"https:\/\/www.csj-emballages.com\/pt-pt\/\",\"name\":\"CSJ Emballages\",\"description\":\"\",\"publisher\":{\"@id\":\"https:\/\/www.csj-emballages.com\/pt-pt\/#organization\"},\"potentialAction\":[{\"@type\":\"SearchAction\",\"target\":{\"@type\":\"EntryPoint\",\"urlTemplate\":\"https:\/\/www.csj-emballages.com\/pt-pt\/?s={search_term_string}\"},\"query-input\":{\"@type\":\"PropertyValueSpecification\",\"valueRequired\":true,\"valueName\":\"search_term_string\"}}],\"inLanguage\":\"pt-PT\"},{\"@type\":\"Organization\",\"@id\":\"https:\/\/www.csj-emballages.com\/pt-pt\/#Organization\/\",\"name\":\"CSJ Emballages\",\"url\":\"https:\/\/www.csj-emballages.com\/pt-pt\/\",\"logo\":{\"@type\":\"ImageObject\",\"inLanguage\":\"pt-PT\",\"@id\":\"https:\/\/www.csj-emballages.com\/pt-pt\/#\/schema\/logo\/image\/\",\"url\":\"https:\/\/www.csj-emballages.com\/wp-content\/uploads\/2023\/10\/logo_csj.webp\",\"contentUrl\":\"https:\/\/www.csj-emballages.com\/wp-content\/uploads\/2023\/10\/logo_csj.webp\",\"width\":250,\"height\":95,\"caption\":\"CSJ Emballages\"},\"image\":{\"@id\":\"https:\/\/www.csj-emballages.com\/pt-pt\/#\/schema\/logo\/image\/\"},\"sameAs\":[\"https:\/\/www.facebook.com\/csjemballages\"],\"address\":{\"@type\":\"PostalAddress\",\"streetAddress\":\"ZI La Lechere\",\"addressLocality\":\"Patornay\",\"postalCode\":\"39130\",\"addressCountry\":\"FR\"},\"contactPoint\":[{\"@type\":\"ContactPoint\",\"contactType\":\"Service client\",\"telephone\":\"0384254272\",\"email\":\"contact@csj-emballages.com\"}]}]}<\/script>\n<!-- \/ Yoast SEO Premium plugin. -->","yoast_head_json":{"title":"Caixa para batatas fritas 680 ml por 50","description":"Tabuleiro de cart\u00e3o de 680 ml - ideal para batatas fritas, snacks e takeaway. Resistente, recicl\u00e1vel, pr\u00e1tico e vendido em embalagens de 50 unidades.","robots":{"index":"index","follow":"follow","max-snippet":"max-snippet:-1","max-image-preview":"max-image-preview:large","max-video-preview":"max-video-preview:-1"},"canonical":"https:\/\/www.csj-emballages.com\/pt-pt\/produit\/tabuleiro-para-batatas-fritas-de-cartao-de-680-ml-100\/","og_locale":"pt_PT","og_type":"article","og_title":"Tabuleiro para fichas em cart\u00e3o de 680 ml, embalagem de 50","og_description":"Tabuleiro de cart\u00e3o de 680 ml - ideal para batatas fritas, snacks e takeaway. Resistente, recicl\u00e1vel, pr\u00e1tico e vendido em embalagens de 50 unidades.","og_url":"https:\/\/www.csj-emballages.com\/pt-pt\/produit\/tabuleiro-para-batatas-fritas-de-cartao-de-680-ml-100\/","og_site_name":"CSJ Emballages","article_publisher":"https:\/\/www.facebook.com\/csjemballages","article_modified_time":"2026-04-30T00:12:28+00:00","og_image":[{"width":800,"height":800,"url":"https:\/\/www.csj-emballages.com\/wp-content\/uploads\/2024\/03\/CH680CART.webp","type":"image\/webp"}],"twitter_card":"summary_large_image","twitter_misc":{"Tempo estimado de leitura":"2 minutos"},"schema":{"@context":"https:\/\/schema.org","@graph":[{"@type":"WebPage","@id":"https:\/\/www.csj-emballages.com\/pt-pt\/produit\/tabuleiro-para-batatas-fritas-de-cartao-de-680-ml-100\/","url":"https:\/\/www.csj-emballages.com\/pt-pt\/produit\/tabuleiro-para-batatas-fritas-de-cartao-de-680-ml-100\/","name":"Caixa para batatas fritas 680 ml por 50","isPartOf":{"@id":"https:\/\/www.csj-emballages.com\/pt-pt\/#website"},"primaryImageOfPage":{"@id":"https:\/\/www.csj-emballages.com\/pt-pt\/produit\/tabuleiro-para-batatas-fritas-de-cartao-de-680-ml-100\/#primaryimage"},"image":{"@id":"https:\/\/www.csj-emballages.com\/pt-pt\/produit\/tabuleiro-para-batatas-fritas-de-cartao-de-680-ml-100\/#primaryimage"},"thumbnailUrl":"https:\/\/www.csj-emballages.com\/wp-content\/uploads\/2024\/03\/CH680CART.webp","datePublished":"2024-03-01T15:54:54+00:00","dateModified":"2026-04-30T00:12:28+00:00","description":"Tabuleiro de cart\u00e3o de 680 ml - ideal para batatas fritas, snacks e takeaway. Resistente, recicl\u00e1vel, pr\u00e1tico e vendido em embalagens de 50 unidades.","breadcrumb":{"@id":"https:\/\/www.csj-emballages.com\/pt-pt\/produit\/tabuleiro-para-batatas-fritas-de-cartao-de-680-ml-100\/#breadcrumb"},"inLanguage":"pt-PT","potentialAction":[{"@type":"ReadAction","target":["https:\/\/www.csj-emballages.com\/pt-pt\/produit\/tabuleiro-para-batatas-fritas-de-cartao-de-680-ml-100\/"]}]},{"@type":"ImageObject","inLanguage":"pt-PT","@id":"https:\/\/www.csj-emballages.com\/pt-pt\/produit\/tabuleiro-para-batatas-fritas-de-cartao-de-680-ml-100\/#primaryimage","url":"https:\/\/www.csj-emballages.com\/wp-content\/uploads\/2024\/03\/CH680CART.webp","contentUrl":"https:\/\/www.csj-emballages.com\/wp-content\/uploads\/2024\/03\/CH680CART.webp","width":800,"height":800,"caption":"Barquette frite"},{"@type":"BreadcrumbList","@id":"https:\/\/www.csj-emballages.com\/pt-pt\/produit\/tabuleiro-para-batatas-fritas-de-cartao-de-680-ml-100\/#breadcrumb","itemListElement":[{"@type":"ListItem","position":1,"name":"Acolhimento","item":"https:\/\/www.csj-emballages.com\/pt-pt\/universo-das-embalagens-alimentares\/"},{"@type":"ListItem","position":2,"name":"Shop","item":"https:\/\/www.csj-emballages.com\/shop\/"},{"@type":"ListItem","position":3,"name":"Tabuleiro para fichas em cart\u00e3o de 680 ml, embalagem de 50"}]},{"@type":"WebSite","@id":"https:\/\/www.csj-emballages.com\/pt-pt\/#website","url":"https:\/\/www.csj-emballages.com\/pt-pt\/","name":"CSJ Emballages","description":"","publisher":{"@id":"https:\/\/www.csj-emballages.com\/pt-pt\/#organization"},"potentialAction":[{"@type":"SearchAction","target":{"@type":"EntryPoint","urlTemplate":"https:\/\/www.csj-emballages.com\/pt-pt\/?s={search_term_string}"},"query-input":{"@type":"PropertyValueSpecification","valueRequired":true,"valueName":"search_term_string"}}],"inLanguage":"pt-PT"},{"@type":"Organization","@id":"https:\/\/www.csj-emballages.com\/pt-pt\/#Organization\/","name":"CSJ Emballages","url":"https:\/\/www.csj-emballages.com\/pt-pt\/","logo":{"@type":"ImageObject","inLanguage":"pt-PT","@id":"https:\/\/www.csj-emballages.com\/pt-pt\/#\/schema\/logo\/image\/","url":"https:\/\/www.csj-emballages.com\/wp-content\/uploads\/2023\/10\/logo_csj.webp","contentUrl":"https:\/\/www.csj-emballages.com\/wp-content\/uploads\/2023\/10\/logo_csj.webp","width":250,"height":95,"caption":"CSJ Emballages"},"image":{"@id":"https:\/\/www.csj-emballages.com\/pt-pt\/#\/schema\/logo\/image\/"},"sameAs":["https:\/\/www.facebook.com\/csjemballages"],"address":{"@type":"PostalAddress","streetAddress":"ZI La Lechere","addressLocality":"Patornay","postalCode":"39130","addressCountry":"FR"},"contactPoint":[{"@type":"ContactPoint","contactType":"Service client","telephone":"0384254272","email":"contact@csj-emballages.com"}]}]}},"df_price":3.8,"df_sale_price":"","df_regular_price":3.8,"df_image_link":"https:\/\/www.csj-emballages.com\/wp-content\/uploads\/2024\/03\/CH680CART-300x300.webp","tiered_pricing_type":"fixed","tiered_pricing_fixed_rules":[],"tiered_pricing_percentage_rules":[],"tiered_pricing_minimum":1,"tiered_pricing_roles_data":[],"_links":{"self":[{"href":"https:\/\/www.csj-emballages.com\/pt-pt\/wp-json\/wp\/v2\/product\/226671","targetHints":{"allow":["GET"]}}],"collection":[{"href":"https:\/\/www.csj-emballages.com\/pt-pt\/wp-json\/wp\/v2\/product"}],"about":[{"href":"https:\/\/www.csj-emballages.com\/pt-pt\/wp-json\/wp\/v2\/types\/product"}],"wp:featuredmedia":[{"embeddable":true,"href":"https:\/\/www.csj-emballages.com\/pt-pt\/wp-json\/wp\/v2\/media\/231903"}],"wp:attachment":[{"href":"https:\/\/www.csj-emballages.com\/pt-pt\/wp-json\/wp\/v2\/media?parent=226671"}],"wp:term":[{"taxonomy":"product_brand","embeddable":true,"href":"https:\/\/www.csj-emballages.com\/pt-pt\/wp-json\/wp\/v2\/product_brand?post=226671"},{"taxonomy":"product_cat","embeddable":true,"href":"https:\/\/www.csj-emballages.com\/pt-pt\/wp-json\/wp\/v2\/product_cat?post=226671"},{"taxonomy":"product_tag","embeddable":true,"href":"https:\/\/www.csj-emballages.com\/pt-pt\/wp-json\/wp\/v2\/product_tag?post=226671"}],"curies":[{"name":"wp","href":"https:\/\/api.w.org\/{rel}","templated":true}]}}