{"id":226649,"date":"2024-03-01T16:55:44","date_gmt":"2024-03-01T15:55:44","guid":{"rendered":"https:\/\/www.csj-emballages.com\/produit\/50-tabuleiros-de-plastico-transparente-25-macarons-por-caixa\/"},"modified":"2026-04-15T02:12:15","modified_gmt":"2026-04-15T00:12:15","slug":"50-tabuleiros-de-plastico-transparente-25-macarons-por-caixa","status":"publish","type":"product","link":"https:\/\/www.csj-emballages.com\/pt-pt\/produit\/50-tabuleiros-de-plastico-transparente-25-macarons-por-caixa\/","title":{"rendered":"Macarons de pl\u00e1stico transparente 25 macarons por caixa de 50"},"content":{"rendered":"<h2>Preparar os macarons<\/h2>\n<hr>\n<h3>Descri\u00e7\u00e3o do nosso inserto para macarons em pl\u00e1stico transparente 25 macarons para caixas de 50<\/h3>\n<p><!--more--><\/p>\n<p data-start=\"101\" data-end=\"569\">O <strong data-start=\"104\" data-end=\"150\">suporte de pl\u00e1stico transparente para 25 macarons<\/strong> \u00e9 o acess\u00f3rio essencial para uma apresenta\u00e7\u00e3o elegante e uma prote\u00e7\u00e3o \u00f3ptima dos seus doces. Especialmente concebido para se adaptar \u00e0s caixas de pastelaria, este <strong>suporte de pl\u00e1stico r\u00edgido<\/strong> comporta at\u00e9 <strong data-start=\"383\" data-end=\"398\">25 macarons<\/strong> numa disposi\u00e7\u00e3o perfeitamente organizada. Quer seja um chefe de pastelaria artesanal, um fornecedor ou um retalhista, este encaixe garante um acabamento profissional \u00e0s suas cria\u00e7\u00f5es.  <\/p>\n<p data-start=\"571\" data-end=\"1022\">Gra\u00e7as \u00e0 sua cor <strong>refinada e cristalina<\/strong>, real\u00e7a o brilho e as nuances coloridas dos seus macarons, aumentando o seu impacto visual no momento da degusta\u00e7\u00e3o. Fabricado em pl\u00e1stico de qualidade, este <g id=\"gid_1\">tabuleiro<\/g> \u00e9 simultaneamente leve e robusto, garantindo uma excelente fixa\u00e7\u00e3o durante o transporte, mesmo em longas dist\u00e2ncias. Encaixa facilmente numa <strong data-start=\"944\" data-end=\"972\">caixa de macarons adequada (25 macarons)<\/strong>, facilitando a prepara\u00e7\u00e3o e a conserva\u00e7\u00e3o.  <\/p>\n<p data-start=\"1024\" data-end=\"1326\">Embalado <strong data-start=\"1036\" data-end=\"1060\">em pacotes de 50 unidades<\/strong>, responde \u00e0s necessidades dos profissionais que procuram uma solu\u00e7\u00e3o pr\u00e1tica, higi\u00e9nica e econ\u00f3mica. Al\u00e9m disso, este <strong>inv\u00f3lucro transparente<\/strong> foi concebido para otimizar o espa\u00e7o e evitar que os macarons escorreguem ou se danifiquem, preservando a sua textura e delicadeza. <\/p>\n<p data-start=\"1328\" data-end=\"1644\">Ideal para per\u00edodos de grande movimento, como festas, casamentos ou eventos, o <strong data-start=\"1414\" data-end=\"1448\">tabuleiro de pl\u00e1stico transparente para macarons<\/strong> permite poupar tempo, oferecendo aos seus clientes um produto final limpo e irresist\u00edvel. Com ele, cada <strong>caixa<\/strong> <strong>com o seu encaixe<\/strong> torna-se uma verdadeira montra gourmet que seduz \u00e0 primeira vista. <\/p>\n<p data-start=\"1423\" data-end=\"1694\"><!--more--><\/p>\n<h4 data-start=\"1423\" data-end=\"1694\">Vantagens :<\/h4>\n<ul>\n<li data-start=\"1423\" data-end=\"1694\">Comporta perfeitamente <strong>25 macarons<\/strong> sem risco de esmagar.<\/li>\n<li data-start=\"1423\" data-end=\"1694\"><strong data-start=\"1698\" data-end=\"1723\">Pl\u00e1stico<\/strong> r\u00edgido e higi\u00e9nico de <strong data-start=\"1698\" data-end=\"1723\">qualidade alimentar<\/strong>.<\/li>\n<li data-start=\"1423\" data-end=\"1694\">Uma cor<strong data-start=\"1757\" data-end=\"1775\"> cristalina<\/strong> que real\u00e7a as suas cria\u00e7\u00f5es.<\/li>\n<li data-start=\"1423\" data-end=\"1694\">Formato standard adequado para caixas de macarr\u00e3o cl\u00e1ssicas.<\/li>\n<li data-start=\"1423\" data-end=\"1694\">Vendido em <strong data-start=\"1875\" data-end=\"1888\">embalagens de 50 unidades<\/strong>, ideal para profissionais.<\/li>\n<\/ul>\n<p>&nbsp;<\/p>\n<p><!--more--><\/p>\n<h4>Outras informa\u00e7\u00f5es :<\/h4>\n<ul style=\"box-sizing: inherit; font-family: Roboto, sans-serif;\">\n<li><strong>Embalagem<\/strong>: Pacote de 50<\/li>\n<li><span style=\"font-weight: bold;\">Dimens\u00f5es<\/span>: 220 x 140 x 19 (C x L x A em mm)<\/li>\n<li><strong>Dimens\u00f5es da posi\u00e7\u00e3o do crach\u00e1<\/strong>: 4 cm x 2,5 cm<\/li>\n<li><strong>Material<\/strong>: Pl\u00e1stico<\/li>\n<li><strong>Cor<\/strong>: cristalino<\/li>\n<li><strong>Capacidade<\/strong>: 25 macarons<\/li>\n<\/ul>\n<p>&nbsp;<\/p>\n<p><!--more--><\/p>\n<p>Tamb\u00e9m dispon\u00edvel em transparente: <span style=\"color: #d12727;\"><br \/>\n  <a style=\"color: #d12727;\" href=\"https:\/\/www.csj-emballages.com\/es\/produit\/50-insertos-de-plastico-negro-25-macarrones-para-caja\/\">CALBM25NOIR<\/a><br \/>\n<\/span><\/p>\n<p>&nbsp;<\/p>\n<p><!--more--><\/p>\n<p>Aqui encontra todas as caixas de macarr\u00e3o compat\u00edveis com este encaixe: <span style=\"color: #d12727;\"><br \/>\n  <a style=\"color: #d12727;\" href=\"https:\/\/www.csj-emballages.com\/es\/produit\/caja-de-carton-rosa-para-25-macarrones\/\">ROSE<\/a><br \/>\n<\/span> (BM25ROSE) \/ <span style=\"color: #d12727;\"><br \/>\n  <a style=\"color: #d12727;\" href=\"https:\/\/www.csj-emballages.com\/es\/produit\/caja-verde-para-25-macarrones-de-carton\/\">VERDE<\/a><br \/>\n<\/span> (BM25VERT) \/ <span style=\"color: #d12727;\"><br \/>\n  <a style=\"color: #d12727;\" href=\"https:\/\/www.csj-emballages.com\/es\/produit\/caja-de-carton-naranja-para-25-macarrones\/\">LARANJA<\/a><br \/>\n<\/span> (BM25ORANGE) \/ PRETO <span style=\"color: #d12727;\"><a style=\"color: #d12727;\" href=\"https:\/\/www.csj-emballages.com\/es\/produit\/caja-de-carton-negra-para-25-macarrones\/\">PRETO<\/a> <span style=\"color: #000000;\">(BM25NOIR)<\/span><\/span><\/p>\n<p>&nbsp;<\/p>\n<p><!--more--><\/p>\n<p><a href=\"https:\/\/www.csj-emballages.com\/pt-pt\/categorie-produit\/embalagem-de-alimentos\/padaria-e-pastelaria\/caixas-e-estojos\/caixas-estojos-para-macarons\/caixas-macarons\/cunhas-de-macarrao\/\">Ver o resto da nossa gama de forros para macarons<\/a><\/p>\n","protected":false},"excerpt":{"rendered":"<p>Preparar os macarons Descri\u00e7\u00e3o do nosso inserto para macarons em pl\u00e1stico transparente 25 macarons para caixas de 50<\/p>\n","protected":false},"featured_media":242016,"template":"","meta":{"_acf_changed":false},"product_brand":[],"product_cat":[1141,1177,1732,2170,3885],"product_tag":[],"class_list":{"0":"post-226649","1":"product","2":"type-product","3":"status-publish","4":"has-post-thumbnail","6":"product_cat-embalagem-de-alimentos","7":"product_cat-padaria-e-pastelaria","8":"product_cat-caixas-estojos-para-macarons","9":"product_cat-caixas-macarons","10":"product_cat-cunhas-de-macarrao","12":"first","13":"instock","14":"taxable","15":"shipping-taxable","16":"purchasable","17":"product-type-simple"},"acf":[],"yoast_head":"<!-- This site is optimized with the Yoast SEO Premium plugin v26.6 (Yoast SEO v26.6) - https:\/\/yoast.com\/wordpress\/plugins\/seo\/ -->\n<title>Macarons de pl\u00e1stico transparente 25 Macarons por 50<\/title>\n<meta name=\"description\" content=\"Embalagem de pl\u00e1stico transparente para 25 macarons - Embalagem de 50 inser\u00e7\u00f5es elegantes e resistentes para proteger e melhorar as suas cria\u00e7\u00f5es de pastelaria.\" \/>\n<meta name=\"robots\" content=\"index, follow, max-snippet:-1, max-image-preview:large, max-video-preview:-1\" \/>\n<link rel=\"canonical\" href=\"https:\/\/www.csj-emballages.com\/pt-pt\/produit\/50-tabuleiros-de-plastico-transparente-25-macarons-por-caixa\/\" \/>\n<meta property=\"og:locale\" content=\"pt_PT\" \/>\n<meta property=\"og:type\" content=\"article\" \/>\n<meta property=\"og:title\" content=\"Macarons de pl\u00e1stico transparente 25 macarons por caixa de 50\" \/>\n<meta property=\"og:description\" content=\"Embalagem de pl\u00e1stico transparente para 25 macarons - Embalagem de 50 inser\u00e7\u00f5es elegantes e resistentes para proteger e melhorar as suas cria\u00e7\u00f5es de pastelaria.\" \/>\n<meta property=\"og:url\" content=\"https:\/\/www.csj-emballages.com\/pt-pt\/produit\/50-tabuleiros-de-plastico-transparente-25-macarons-por-caixa\/\" \/>\n<meta property=\"og:site_name\" content=\"CSJ Emballages\" \/>\n<meta property=\"article:publisher\" content=\"https:\/\/www.facebook.com\/csjemballages\" \/>\n<meta property=\"article:modified_time\" content=\"2026-04-15T00:12:15+00:00\" \/>\n<meta property=\"og:image\" content=\"https:\/\/www.csj-emballages.com\/wp-content\/uploads\/2024\/03\/CALBM25TRAN.webp\" \/>\n\t<meta property=\"og:image:width\" content=\"800\" \/>\n\t<meta property=\"og:image:height\" content=\"800\" \/>\n\t<meta property=\"og:image:type\" content=\"image\/webp\" \/>\n<meta name=\"twitter:card\" content=\"summary_large_image\" \/>\n<meta name=\"twitter:label1\" content=\"Tempo estimado de leitura\" \/>\n\t<meta name=\"twitter:data1\" content=\"2 minutos\" \/>\n<script type=\"application\/ld+json\" class=\"yoast-schema-graph\">{\"@context\":\"https:\/\/schema.org\",\"@graph\":[{\"@type\":\"WebPage\",\"@id\":\"https:\/\/www.csj-emballages.com\/pt-pt\/produit\/50-tabuleiros-de-plastico-transparente-25-macarons-por-caixa\/\",\"url\":\"https:\/\/www.csj-emballages.com\/pt-pt\/produit\/50-tabuleiros-de-plastico-transparente-25-macarons-por-caixa\/\",\"name\":\"Macarons de pl\u00e1stico transparente 25 Macarons por 50\",\"isPartOf\":{\"@id\":\"https:\/\/www.csj-emballages.com\/pt-pt\/#website\"},\"primaryImageOfPage\":{\"@id\":\"https:\/\/www.csj-emballages.com\/pt-pt\/produit\/50-tabuleiros-de-plastico-transparente-25-macarons-por-caixa\/#primaryimage\"},\"image\":{\"@id\":\"https:\/\/www.csj-emballages.com\/pt-pt\/produit\/50-tabuleiros-de-plastico-transparente-25-macarons-por-caixa\/#primaryimage\"},\"thumbnailUrl\":\"https:\/\/www.csj-emballages.com\/wp-content\/uploads\/2024\/03\/CALBM25TRAN.webp\",\"datePublished\":\"2024-03-01T15:55:44+00:00\",\"dateModified\":\"2026-04-15T00:12:15+00:00\",\"description\":\"Embalagem de pl\u00e1stico transparente para 25 macarons - Embalagem de 50 inser\u00e7\u00f5es elegantes e resistentes para proteger e melhorar as suas cria\u00e7\u00f5es de pastelaria.\",\"breadcrumb\":{\"@id\":\"https:\/\/www.csj-emballages.com\/pt-pt\/produit\/50-tabuleiros-de-plastico-transparente-25-macarons-por-caixa\/#breadcrumb\"},\"inLanguage\":\"pt-PT\",\"potentialAction\":[{\"@type\":\"ReadAction\",\"target\":[\"https:\/\/www.csj-emballages.com\/pt-pt\/produit\/50-tabuleiros-de-plastico-transparente-25-macarons-por-caixa\/\"]}]},{\"@type\":\"ImageObject\",\"inLanguage\":\"pt-PT\",\"@id\":\"https:\/\/www.csj-emballages.com\/pt-pt\/produit\/50-tabuleiros-de-plastico-transparente-25-macarons-por-caixa\/#primaryimage\",\"url\":\"https:\/\/www.csj-emballages.com\/wp-content\/uploads\/2024\/03\/CALBM25TRAN.webp\",\"contentUrl\":\"https:\/\/www.csj-emballages.com\/wp-content\/uploads\/2024\/03\/CALBM25TRAN.webp\",\"width\":800,\"height\":800,\"caption\":\"Calage macarons\"},{\"@type\":\"BreadcrumbList\",\"@id\":\"https:\/\/www.csj-emballages.com\/pt-pt\/produit\/50-tabuleiros-de-plastico-transparente-25-macarons-por-caixa\/#breadcrumb\",\"itemListElement\":[{\"@type\":\"ListItem\",\"position\":1,\"name\":\"Acolhimento\",\"item\":\"https:\/\/www.csj-emballages.com\/pt-pt\/universo-das-embalagens-alimentares\/\"},{\"@type\":\"ListItem\",\"position\":2,\"name\":\"Shop\",\"item\":\"https:\/\/www.csj-emballages.com\/shop\/\"},{\"@type\":\"ListItem\",\"position\":3,\"name\":\"Macarons de pl\u00e1stico transparente 25 macarons por caixa de 50\"}]},{\"@type\":\"WebSite\",\"@id\":\"https:\/\/www.csj-emballages.com\/pt-pt\/#website\",\"url\":\"https:\/\/www.csj-emballages.com\/pt-pt\/\",\"name\":\"CSJ Emballages\",\"description\":\"\",\"publisher\":{\"@id\":\"https:\/\/www.csj-emballages.com\/pt-pt\/#organization\"},\"potentialAction\":[{\"@type\":\"SearchAction\",\"target\":{\"@type\":\"EntryPoint\",\"urlTemplate\":\"https:\/\/www.csj-emballages.com\/pt-pt\/?s={search_term_string}\"},\"query-input\":{\"@type\":\"PropertyValueSpecification\",\"valueRequired\":true,\"valueName\":\"search_term_string\"}}],\"inLanguage\":\"pt-PT\"},{\"@type\":\"Organization\",\"@id\":\"https:\/\/www.csj-emballages.com\/pt-pt\/#Organization\/\",\"name\":\"CSJ Emballages\",\"url\":\"https:\/\/www.csj-emballages.com\/pt-pt\/\",\"logo\":{\"@type\":\"ImageObject\",\"inLanguage\":\"pt-PT\",\"@id\":\"https:\/\/www.csj-emballages.com\/pt-pt\/#\/schema\/logo\/image\/\",\"url\":\"https:\/\/www.csj-emballages.com\/wp-content\/uploads\/2023\/10\/logo_csj.webp\",\"contentUrl\":\"https:\/\/www.csj-emballages.com\/wp-content\/uploads\/2023\/10\/logo_csj.webp\",\"width\":250,\"height\":95,\"caption\":\"CSJ Emballages\"},\"image\":{\"@id\":\"https:\/\/www.csj-emballages.com\/pt-pt\/#\/schema\/logo\/image\/\"},\"sameAs\":[\"https:\/\/www.facebook.com\/csjemballages\"],\"address\":{\"@type\":\"PostalAddress\",\"streetAddress\":\"ZI La Lechere\",\"addressLocality\":\"Patornay\",\"postalCode\":\"39130\",\"addressCountry\":\"FR\"},\"contactPoint\":[{\"@type\":\"ContactPoint\",\"contactType\":\"Service client\",\"telephone\":\"0384254272\",\"email\":\"contact@csj-emballages.com\"}]}]}<\/script>\n<!-- \/ Yoast SEO Premium plugin. -->","yoast_head_json":{"title":"Macarons de pl\u00e1stico transparente 25 Macarons por 50","description":"Embalagem de pl\u00e1stico transparente para 25 macarons - Embalagem de 50 inser\u00e7\u00f5es elegantes e resistentes para proteger e melhorar as suas cria\u00e7\u00f5es de pastelaria.","robots":{"index":"index","follow":"follow","max-snippet":"max-snippet:-1","max-image-preview":"max-image-preview:large","max-video-preview":"max-video-preview:-1"},"canonical":"https:\/\/www.csj-emballages.com\/pt-pt\/produit\/50-tabuleiros-de-plastico-transparente-25-macarons-por-caixa\/","og_locale":"pt_PT","og_type":"article","og_title":"Macarons de pl\u00e1stico transparente 25 macarons por caixa de 50","og_description":"Embalagem de pl\u00e1stico transparente para 25 macarons - Embalagem de 50 inser\u00e7\u00f5es elegantes e resistentes para proteger e melhorar as suas cria\u00e7\u00f5es de pastelaria.","og_url":"https:\/\/www.csj-emballages.com\/pt-pt\/produit\/50-tabuleiros-de-plastico-transparente-25-macarons-por-caixa\/","og_site_name":"CSJ Emballages","article_publisher":"https:\/\/www.facebook.com\/csjemballages","article_modified_time":"2026-04-15T00:12:15+00:00","og_image":[{"width":800,"height":800,"url":"https:\/\/www.csj-emballages.com\/wp-content\/uploads\/2024\/03\/CALBM25TRAN.webp","type":"image\/webp"}],"twitter_card":"summary_large_image","twitter_misc":{"Tempo estimado de leitura":"2 minutos"},"schema":{"@context":"https:\/\/schema.org","@graph":[{"@type":"WebPage","@id":"https:\/\/www.csj-emballages.com\/pt-pt\/produit\/50-tabuleiros-de-plastico-transparente-25-macarons-por-caixa\/","url":"https:\/\/www.csj-emballages.com\/pt-pt\/produit\/50-tabuleiros-de-plastico-transparente-25-macarons-por-caixa\/","name":"Macarons de pl\u00e1stico transparente 25 Macarons por 50","isPartOf":{"@id":"https:\/\/www.csj-emballages.com\/pt-pt\/#website"},"primaryImageOfPage":{"@id":"https:\/\/www.csj-emballages.com\/pt-pt\/produit\/50-tabuleiros-de-plastico-transparente-25-macarons-por-caixa\/#primaryimage"},"image":{"@id":"https:\/\/www.csj-emballages.com\/pt-pt\/produit\/50-tabuleiros-de-plastico-transparente-25-macarons-por-caixa\/#primaryimage"},"thumbnailUrl":"https:\/\/www.csj-emballages.com\/wp-content\/uploads\/2024\/03\/CALBM25TRAN.webp","datePublished":"2024-03-01T15:55:44+00:00","dateModified":"2026-04-15T00:12:15+00:00","description":"Embalagem de pl\u00e1stico transparente para 25 macarons - Embalagem de 50 inser\u00e7\u00f5es elegantes e resistentes para proteger e melhorar as suas cria\u00e7\u00f5es de pastelaria.","breadcrumb":{"@id":"https:\/\/www.csj-emballages.com\/pt-pt\/produit\/50-tabuleiros-de-plastico-transparente-25-macarons-por-caixa\/#breadcrumb"},"inLanguage":"pt-PT","potentialAction":[{"@type":"ReadAction","target":["https:\/\/www.csj-emballages.com\/pt-pt\/produit\/50-tabuleiros-de-plastico-transparente-25-macarons-por-caixa\/"]}]},{"@type":"ImageObject","inLanguage":"pt-PT","@id":"https:\/\/www.csj-emballages.com\/pt-pt\/produit\/50-tabuleiros-de-plastico-transparente-25-macarons-por-caixa\/#primaryimage","url":"https:\/\/www.csj-emballages.com\/wp-content\/uploads\/2024\/03\/CALBM25TRAN.webp","contentUrl":"https:\/\/www.csj-emballages.com\/wp-content\/uploads\/2024\/03\/CALBM25TRAN.webp","width":800,"height":800,"caption":"Calage macarons"},{"@type":"BreadcrumbList","@id":"https:\/\/www.csj-emballages.com\/pt-pt\/produit\/50-tabuleiros-de-plastico-transparente-25-macarons-por-caixa\/#breadcrumb","itemListElement":[{"@type":"ListItem","position":1,"name":"Acolhimento","item":"https:\/\/www.csj-emballages.com\/pt-pt\/universo-das-embalagens-alimentares\/"},{"@type":"ListItem","position":2,"name":"Shop","item":"https:\/\/www.csj-emballages.com\/shop\/"},{"@type":"ListItem","position":3,"name":"Macarons de pl\u00e1stico transparente 25 macarons por caixa de 50"}]},{"@type":"WebSite","@id":"https:\/\/www.csj-emballages.com\/pt-pt\/#website","url":"https:\/\/www.csj-emballages.com\/pt-pt\/","name":"CSJ Emballages","description":"","publisher":{"@id":"https:\/\/www.csj-emballages.com\/pt-pt\/#organization"},"potentialAction":[{"@type":"SearchAction","target":{"@type":"EntryPoint","urlTemplate":"https:\/\/www.csj-emballages.com\/pt-pt\/?s={search_term_string}"},"query-input":{"@type":"PropertyValueSpecification","valueRequired":true,"valueName":"search_term_string"}}],"inLanguage":"pt-PT"},{"@type":"Organization","@id":"https:\/\/www.csj-emballages.com\/pt-pt\/#Organization\/","name":"CSJ Emballages","url":"https:\/\/www.csj-emballages.com\/pt-pt\/","logo":{"@type":"ImageObject","inLanguage":"pt-PT","@id":"https:\/\/www.csj-emballages.com\/pt-pt\/#\/schema\/logo\/image\/","url":"https:\/\/www.csj-emballages.com\/wp-content\/uploads\/2023\/10\/logo_csj.webp","contentUrl":"https:\/\/www.csj-emballages.com\/wp-content\/uploads\/2023\/10\/logo_csj.webp","width":250,"height":95,"caption":"CSJ Emballages"},"image":{"@id":"https:\/\/www.csj-emballages.com\/pt-pt\/#\/schema\/logo\/image\/"},"sameAs":["https:\/\/www.facebook.com\/csjemballages"],"address":{"@type":"PostalAddress","streetAddress":"ZI La Lechere","addressLocality":"Patornay","postalCode":"39130","addressCountry":"FR"},"contactPoint":[{"@type":"ContactPoint","contactType":"Service client","telephone":"0384254272","email":"contact@csj-emballages.com"}]}]}},"df_price":31.04,"df_sale_price":"","df_regular_price":31.04,"df_image_link":"https:\/\/www.csj-emballages.com\/wp-content\/uploads\/2024\/03\/CALBM25TRAN-300x300.webp","tiered_pricing_type":"fixed","tiered_pricing_fixed_rules":[],"tiered_pricing_percentage_rules":[],"tiered_pricing_minimum":1,"tiered_pricing_roles_data":[],"_links":{"self":[{"href":"https:\/\/www.csj-emballages.com\/pt-pt\/wp-json\/wp\/v2\/product\/226649","targetHints":{"allow":["GET"]}}],"collection":[{"href":"https:\/\/www.csj-emballages.com\/pt-pt\/wp-json\/wp\/v2\/product"}],"about":[{"href":"https:\/\/www.csj-emballages.com\/pt-pt\/wp-json\/wp\/v2\/types\/product"}],"wp:featuredmedia":[{"embeddable":true,"href":"https:\/\/www.csj-emballages.com\/pt-pt\/wp-json\/wp\/v2\/media\/242016"}],"wp:attachment":[{"href":"https:\/\/www.csj-emballages.com\/pt-pt\/wp-json\/wp\/v2\/media?parent=226649"}],"wp:term":[{"taxonomy":"product_brand","embeddable":true,"href":"https:\/\/www.csj-emballages.com\/pt-pt\/wp-json\/wp\/v2\/product_brand?post=226649"},{"taxonomy":"product_cat","embeddable":true,"href":"https:\/\/www.csj-emballages.com\/pt-pt\/wp-json\/wp\/v2\/product_cat?post=226649"},{"taxonomy":"product_tag","embeddable":true,"href":"https:\/\/www.csj-emballages.com\/pt-pt\/wp-json\/wp\/v2\/product_tag?post=226649"}],"curies":[{"name":"wp","href":"https:\/\/api.w.org\/{rel}","templated":true}]}}