{"id":226628,"date":"2024-03-01T16:55:51","date_gmt":"2024-03-01T15:55:51","guid":{"rendered":"https:\/\/www.csj-emballages.com\/produit\/25-caixas-de-pastelaria-de-cartao-colorido-evan-40-x-5-cm\/"},"modified":"2026-04-22T02:11:27","modified_gmt":"2026-04-22T00:11:27","slug":"25-caixas-de-pastelaria-de-cartao-colorido-evan-40-x-5-cm","status":"publish","type":"product","link":"https:\/\/www.csj-emballages.com\/pt-pt\/produit\/25-caixas-de-pastelaria-de-cartao-colorido-evan-40-x-5-cm\/","title":{"rendered":"Caixa de pastelaria &#8216;Sensation&#8217; de cart\u00e3o colorida 40 x 5 cm por 25"},"content":{"rendered":"<h2 data-start=\"251\" data-end=\"581\">Caixa de pastelaria &#8216;Sensation&#8217; de cart\u00e3o colorida 40 x 5 cm por 25<\/h2>\n<hr>\n<h3 data-start=\"251\" data-end=\"581\">Descubra a nossa caixa de pastelaria &#8216;Sensation&#8217; de cart\u00e3o colorida 40 x 5 cm por 25<\/h3>\n<p><!--more--><\/p>\n<p data-start=\"251\" data-end=\"581\">A <strong>caixa de pastelaria \u00ab Sensation \u00bb de cart\u00e3o colorida 40 x 5 cm<\/strong> \u00e9 ideal para real\u00e7ar e proteger as suas cria\u00e7\u00f5es de pastelaria alongadas. Com o seu design luminoso e apelativo, destacando visuais de sobremesas requintadas, valoriza imediatamente os seus produtos na loja e refor\u00e7a a imagem de qualidade do seu estabelecimento. <\/p>\n<p data-start=\"583\" data-end=\"967\">O seu grande formato <strong>quadrado de 40 x 40 cm<\/strong> \u00e9 perfeitamente adequado para tartes familiares, grandes entremets, bolos, placas de pastelaria ou sortidos para partilhar. A sua <strong>altura de 5 cm<\/strong> \u00e9 particularmente indicada para pastelaria de baixa altura, garantindo um suporte ideal <\/p>\n<p data-start=\"969\" data-end=\"1260\">A gama \u00ab <strong>Sensation<\/strong> \u00bb seduz pelo seu universo moderno e apetitoso, ideal para pasteleiros, padeiros e fornecedores que desejam oferecer uma embalagem funcional e atrativa. \u00c9 adequada tanto para vendas di\u00e1rias como para per\u00edodos festivos ou encomendas especiais. <\/p>\n<p data-start=\"1262\" data-end=\"1529\">F\u00e1cil de montar e pr\u00e1tica de manusear, esta caixa otimiza o tempo de prepara\u00e7\u00e3o em laborat\u00f3rio. Embalada em lotes de <strong>25 unidades<\/strong>, \u00e9 adaptada \u00e0s necessidades dos profissionais que procuram uma solu\u00e7\u00e3o est\u00e9tica e eficiente para as suas cria\u00e7\u00f5es alongadas. <\/p>\n<p data-start=\"1262\" data-end=\"1529\">\n<p style=\"text-align: right;\" data-start=\"1262\" data-end=\"1529\"><!--more--><\/p>\n<h4 data-start=\"1262\" data-end=\"1529\">Vantagens :<\/h4>\n<ul>\n<li data-start=\"1490\" data-end=\"1557\">Grande formato <strong>40 x 40 x 5 cm<\/strong> ideal para grandes pe\u00e7as de pastelaria planas.<\/li>\n<li data-start=\"1560\" data-end=\"1602\">Design moderno e apelativo \u00ab <strong>Sensation<\/strong> \u00bb.<\/li>\n<li data-start=\"1605\" data-end=\"1648\">Cart\u00e3o r\u00edgido adequado para contacto com alimentos.<\/li>\n<li data-start=\"1690\" data-end=\"1742\">Adaptada a tartes, placas e entremets familiares.<\/li>\n<li data-start=\"1745\" data-end=\"1776\">F\u00e1cil de montar e de utilizar.<\/li>\n<li data-start=\"1823\" data-end=\"1863\">Embalagem pr\u00e1tica em <strong>25 caixas<\/strong>.<\/li>\n<\/ul>\n<p>&nbsp;<\/p>\n<p><!--more--><\/p>\n<h4 data-start=\"1262\" data-end=\"1529\">Outras informa\u00e7\u00f5es :<\/h4>\n<ul>\n<li><strong>Embalagem<\/strong>: Pacote de 25<\/li>\n<li><strong>Dimens\u00f5es<\/strong>: 40 x 40 x 5 cm<\/li>\n<li><strong>Modelo<\/strong>: Sensation<\/li>\n<li><strong>Cor<\/strong>: Verde \/ Branco<\/li>\n<li><strong>Material<\/strong>: Cart\u00e3o<\/li>\n<\/ul>\n<p>&nbsp;<\/p>\n<p><!--more--><\/p>\n<p><a href=\"\/?product_cat=boites-patissieres-delicieuses\">Consulte o resto da nossa gama de caixas de pastelaria Sensation<\/a><\/p>\n","protected":false},"excerpt":{"rendered":"<p>Caixa de pastelaria &#8216;Sensation&#8217; de cart\u00e3o colorida 40 x 5 cm por 25 Descubra a nossa caixa de pastelaria &#8216;Sensation&#8217; de cart\u00e3o colorida 40 x 5 cm por 25<\/p>\n","protected":false},"featured_media":89857,"template":"","meta":{"_acf_changed":false},"product_brand":[],"product_cat":[1141,1177,3916,1258,1264,9270,1267],"product_tag":[],"class_list":{"0":"post-226628","1":"product","2":"type-product","3":"status-publish","4":"has-post-thumbnail","6":"product_cat-embalagem-de-alimentos","7":"product_cat-padaria-e-pastelaria","8":"product_cat-caixas-e-estojos","9":"product_cat-caixas-de-pastelaria","10":"product_cat-caixas-de-pastelaria-coloridas-pt-pt","11":"product_cat-caixas-de-pastelaria-coloridas-licao","12":"product_cat-descontos-promocoes","14":"first","15":"instock","16":"sale","17":"taxable","18":"shipping-taxable","19":"purchasable","20":"product-type-simple"},"acf":[],"yoast_head":"<!-- This site is optimized with the Yoast SEO Premium plugin v26.6 (Yoast SEO v26.6) - https:\/\/yoast.com\/wordpress\/plugins\/seo\/ -->\n<title>Caixa de Pastelaria &#039;Sensation&#039; de Cart\u00e3o Colorida 40 x 5 cm por 25<\/title>\n<meta name=\"description\" content=\"Caixa de pastelaria \u00ab Sensation \u00bb de cart\u00e3o colorida 40 x 40 x 5 cm por 25. Ideal para tartes grandes e pastelaria familiar.\" \/>\n<meta name=\"robots\" content=\"index, follow, max-snippet:-1, max-image-preview:large, max-video-preview:-1\" \/>\n<link rel=\"canonical\" href=\"https:\/\/www.csj-emballages.com\/pt-pt\/produit\/25-caixas-de-pastelaria-de-cartao-colorido-evan-40-x-5-cm\/\" \/>\n<meta property=\"og:locale\" content=\"pt_PT\" \/>\n<meta property=\"og:type\" content=\"article\" \/>\n<meta property=\"og:title\" content=\"Caixa de pastelaria &#039;Sensation&#039; de cart\u00e3o colorida 40 x 5 cm por 25\" \/>\n<meta property=\"og:description\" content=\"Caixa de pastelaria \u00ab Sensation \u00bb de cart\u00e3o colorida 40 x 40 x 5 cm por 25. Ideal para tartes grandes e pastelaria familiar.\" \/>\n<meta property=\"og:url\" content=\"https:\/\/www.csj-emballages.com\/pt-pt\/produit\/25-caixas-de-pastelaria-de-cartao-colorido-evan-40-x-5-cm\/\" \/>\n<meta property=\"og:site_name\" content=\"CSJ Emballages\" \/>\n<meta property=\"article:publisher\" content=\"https:\/\/www.facebook.com\/csjemballages\" \/>\n<meta property=\"article:modified_time\" content=\"2026-04-22T00:11:27+00:00\" \/>\n<meta property=\"og:image\" content=\"https:\/\/www.csj-emballages.com\/wp-content\/uploads\/2024\/03\/Capture_d_ecran_2024-06-28_a_15.40.07-removebg-preview-1-e1724336254920.png\" \/>\n\t<meta property=\"og:image:width\" content=\"499\" \/>\n\t<meta property=\"og:image:height\" content=\"500\" \/>\n\t<meta property=\"og:image:type\" content=\"image\/png\" \/>\n<meta name=\"twitter:card\" content=\"summary_large_image\" \/>\n<meta name=\"twitter:label1\" content=\"Tempo estimado de leitura\" \/>\n\t<meta name=\"twitter:data1\" content=\"1 minuto\" \/>\n<script type=\"application\/ld+json\" class=\"yoast-schema-graph\">{\"@context\":\"https:\/\/schema.org\",\"@graph\":[{\"@type\":\"WebPage\",\"@id\":\"https:\/\/www.csj-emballages.com\/pt-pt\/produit\/25-caixas-de-pastelaria-de-cartao-colorido-evan-40-x-5-cm\/\",\"url\":\"https:\/\/www.csj-emballages.com\/pt-pt\/produit\/25-caixas-de-pastelaria-de-cartao-colorido-evan-40-x-5-cm\/\",\"name\":\"Caixa de Pastelaria 'Sensation' de Cart\u00e3o Colorida 40 x 5 cm por 25\",\"isPartOf\":{\"@id\":\"https:\/\/www.csj-emballages.com\/pt-pt\/#website\"},\"primaryImageOfPage\":{\"@id\":\"https:\/\/www.csj-emballages.com\/pt-pt\/produit\/25-caixas-de-pastelaria-de-cartao-colorido-evan-40-x-5-cm\/#primaryimage\"},\"image\":{\"@id\":\"https:\/\/www.csj-emballages.com\/pt-pt\/produit\/25-caixas-de-pastelaria-de-cartao-colorido-evan-40-x-5-cm\/#primaryimage\"},\"thumbnailUrl\":\"https:\/\/www.csj-emballages.com\/wp-content\/uploads\/2024\/03\/Capture_d_ecran_2024-06-28_a_15.40.07-removebg-preview-1-e1724336254920.png\",\"datePublished\":\"2024-03-01T15:55:51+00:00\",\"dateModified\":\"2026-04-22T00:11:27+00:00\",\"description\":\"Caixa de pastelaria \u00ab Sensation \u00bb de cart\u00e3o colorida 40 x 40 x 5 cm por 25. Ideal para tartes grandes e pastelaria familiar.\",\"breadcrumb\":{\"@id\":\"https:\/\/www.csj-emballages.com\/pt-pt\/produit\/25-caixas-de-pastelaria-de-cartao-colorido-evan-40-x-5-cm\/#breadcrumb\"},\"inLanguage\":\"pt-PT\",\"potentialAction\":[{\"@type\":\"ReadAction\",\"target\":[\"https:\/\/www.csj-emballages.com\/pt-pt\/produit\/25-caixas-de-pastelaria-de-cartao-colorido-evan-40-x-5-cm\/\"]}]},{\"@type\":\"ImageObject\",\"inLanguage\":\"pt-PT\",\"@id\":\"https:\/\/www.csj-emballages.com\/pt-pt\/produit\/25-caixas-de-pastelaria-de-cartao-colorido-evan-40-x-5-cm\/#primaryimage\",\"url\":\"https:\/\/www.csj-emballages.com\/wp-content\/uploads\/2024\/03\/Capture_d_ecran_2024-06-28_a_15.40.07-removebg-preview-1-e1724336254920.png\",\"contentUrl\":\"https:\/\/www.csj-emballages.com\/wp-content\/uploads\/2024\/03\/Capture_d_ecran_2024-06-28_a_15.40.07-removebg-preview-1-e1724336254920.png\",\"width\":499,\"height\":500,\"caption\":\"Bo\u00eetes p\u00e2tissi\u00e8res Sensation 18x5 cm\"},{\"@type\":\"BreadcrumbList\",\"@id\":\"https:\/\/www.csj-emballages.com\/pt-pt\/produit\/25-caixas-de-pastelaria-de-cartao-colorido-evan-40-x-5-cm\/#breadcrumb\",\"itemListElement\":[{\"@type\":\"ListItem\",\"position\":1,\"name\":\"Acolhimento\",\"item\":\"https:\/\/www.csj-emballages.com\/pt-pt\/universo-das-embalagens-alimentares\/\"},{\"@type\":\"ListItem\",\"position\":2,\"name\":\"Shop\",\"item\":\"https:\/\/www.csj-emballages.com\/shop\/\"},{\"@type\":\"ListItem\",\"position\":3,\"name\":\"Caixa de pastelaria &lsquo;Sensation&rsquo; de cart\u00e3o colorida 40 x 5 cm por 25\"}]},{\"@type\":\"WebSite\",\"@id\":\"https:\/\/www.csj-emballages.com\/pt-pt\/#website\",\"url\":\"https:\/\/www.csj-emballages.com\/pt-pt\/\",\"name\":\"CSJ Emballages\",\"description\":\"\",\"publisher\":{\"@id\":\"https:\/\/www.csj-emballages.com\/pt-pt\/#organization\"},\"potentialAction\":[{\"@type\":\"SearchAction\",\"target\":{\"@type\":\"EntryPoint\",\"urlTemplate\":\"https:\/\/www.csj-emballages.com\/pt-pt\/?s={search_term_string}\"},\"query-input\":{\"@type\":\"PropertyValueSpecification\",\"valueRequired\":true,\"valueName\":\"search_term_string\"}}],\"inLanguage\":\"pt-PT\"},{\"@type\":\"Organization\",\"@id\":\"https:\/\/www.csj-emballages.com\/pt-pt\/#Organization\/\",\"name\":\"CSJ Emballages\",\"url\":\"https:\/\/www.csj-emballages.com\/pt-pt\/\",\"logo\":{\"@type\":\"ImageObject\",\"inLanguage\":\"pt-PT\",\"@id\":\"https:\/\/www.csj-emballages.com\/pt-pt\/#\/schema\/logo\/image\/\",\"url\":\"https:\/\/www.csj-emballages.com\/wp-content\/uploads\/2023\/10\/logo_csj.webp\",\"contentUrl\":\"https:\/\/www.csj-emballages.com\/wp-content\/uploads\/2023\/10\/logo_csj.webp\",\"width\":250,\"height\":95,\"caption\":\"CSJ Emballages\"},\"image\":{\"@id\":\"https:\/\/www.csj-emballages.com\/pt-pt\/#\/schema\/logo\/image\/\"},\"sameAs\":[\"https:\/\/www.facebook.com\/csjemballages\"],\"address\":{\"@type\":\"PostalAddress\",\"streetAddress\":\"ZI La Lechere\",\"addressLocality\":\"Patornay\",\"postalCode\":\"39130\",\"addressCountry\":\"FR\"},\"contactPoint\":[{\"@type\":\"ContactPoint\",\"contactType\":\"Service client\",\"telephone\":\"0384254272\",\"email\":\"contact@csj-emballages.com\"}]}]}<\/script>\n<!-- \/ Yoast SEO Premium plugin. -->","yoast_head_json":{"title":"Caixa de Pastelaria 'Sensation' de Cart\u00e3o Colorida 40 x 5 cm por 25","description":"Caixa de pastelaria \u00ab Sensation \u00bb de cart\u00e3o colorida 40 x 40 x 5 cm por 25. Ideal para tartes grandes e pastelaria familiar.","robots":{"index":"index","follow":"follow","max-snippet":"max-snippet:-1","max-image-preview":"max-image-preview:large","max-video-preview":"max-video-preview:-1"},"canonical":"https:\/\/www.csj-emballages.com\/pt-pt\/produit\/25-caixas-de-pastelaria-de-cartao-colorido-evan-40-x-5-cm\/","og_locale":"pt_PT","og_type":"article","og_title":"Caixa de pastelaria 'Sensation' de cart\u00e3o colorida 40 x 5 cm por 25","og_description":"Caixa de pastelaria \u00ab Sensation \u00bb de cart\u00e3o colorida 40 x 40 x 5 cm por 25. Ideal para tartes grandes e pastelaria familiar.","og_url":"https:\/\/www.csj-emballages.com\/pt-pt\/produit\/25-caixas-de-pastelaria-de-cartao-colorido-evan-40-x-5-cm\/","og_site_name":"CSJ Emballages","article_publisher":"https:\/\/www.facebook.com\/csjemballages","article_modified_time":"2026-04-22T00:11:27+00:00","og_image":[{"width":499,"height":500,"url":"https:\/\/www.csj-emballages.com\/wp-content\/uploads\/2024\/03\/Capture_d_ecran_2024-06-28_a_15.40.07-removebg-preview-1-e1724336254920.png","type":"image\/png"}],"twitter_card":"summary_large_image","twitter_misc":{"Tempo estimado de leitura":"1 minuto"},"schema":{"@context":"https:\/\/schema.org","@graph":[{"@type":"WebPage","@id":"https:\/\/www.csj-emballages.com\/pt-pt\/produit\/25-caixas-de-pastelaria-de-cartao-colorido-evan-40-x-5-cm\/","url":"https:\/\/www.csj-emballages.com\/pt-pt\/produit\/25-caixas-de-pastelaria-de-cartao-colorido-evan-40-x-5-cm\/","name":"Caixa de Pastelaria 'Sensation' de Cart\u00e3o Colorida 40 x 5 cm por 25","isPartOf":{"@id":"https:\/\/www.csj-emballages.com\/pt-pt\/#website"},"primaryImageOfPage":{"@id":"https:\/\/www.csj-emballages.com\/pt-pt\/produit\/25-caixas-de-pastelaria-de-cartao-colorido-evan-40-x-5-cm\/#primaryimage"},"image":{"@id":"https:\/\/www.csj-emballages.com\/pt-pt\/produit\/25-caixas-de-pastelaria-de-cartao-colorido-evan-40-x-5-cm\/#primaryimage"},"thumbnailUrl":"https:\/\/www.csj-emballages.com\/wp-content\/uploads\/2024\/03\/Capture_d_ecran_2024-06-28_a_15.40.07-removebg-preview-1-e1724336254920.png","datePublished":"2024-03-01T15:55:51+00:00","dateModified":"2026-04-22T00:11:27+00:00","description":"Caixa de pastelaria \u00ab Sensation \u00bb de cart\u00e3o colorida 40 x 40 x 5 cm por 25. Ideal para tartes grandes e pastelaria familiar.","breadcrumb":{"@id":"https:\/\/www.csj-emballages.com\/pt-pt\/produit\/25-caixas-de-pastelaria-de-cartao-colorido-evan-40-x-5-cm\/#breadcrumb"},"inLanguage":"pt-PT","potentialAction":[{"@type":"ReadAction","target":["https:\/\/www.csj-emballages.com\/pt-pt\/produit\/25-caixas-de-pastelaria-de-cartao-colorido-evan-40-x-5-cm\/"]}]},{"@type":"ImageObject","inLanguage":"pt-PT","@id":"https:\/\/www.csj-emballages.com\/pt-pt\/produit\/25-caixas-de-pastelaria-de-cartao-colorido-evan-40-x-5-cm\/#primaryimage","url":"https:\/\/www.csj-emballages.com\/wp-content\/uploads\/2024\/03\/Capture_d_ecran_2024-06-28_a_15.40.07-removebg-preview-1-e1724336254920.png","contentUrl":"https:\/\/www.csj-emballages.com\/wp-content\/uploads\/2024\/03\/Capture_d_ecran_2024-06-28_a_15.40.07-removebg-preview-1-e1724336254920.png","width":499,"height":500,"caption":"Bo\u00eetes p\u00e2tissi\u00e8res Sensation 18x5 cm"},{"@type":"BreadcrumbList","@id":"https:\/\/www.csj-emballages.com\/pt-pt\/produit\/25-caixas-de-pastelaria-de-cartao-colorido-evan-40-x-5-cm\/#breadcrumb","itemListElement":[{"@type":"ListItem","position":1,"name":"Acolhimento","item":"https:\/\/www.csj-emballages.com\/pt-pt\/universo-das-embalagens-alimentares\/"},{"@type":"ListItem","position":2,"name":"Shop","item":"https:\/\/www.csj-emballages.com\/shop\/"},{"@type":"ListItem","position":3,"name":"Caixa de pastelaria &lsquo;Sensation&rsquo; de cart\u00e3o colorida 40 x 5 cm por 25"}]},{"@type":"WebSite","@id":"https:\/\/www.csj-emballages.com\/pt-pt\/#website","url":"https:\/\/www.csj-emballages.com\/pt-pt\/","name":"CSJ Emballages","description":"","publisher":{"@id":"https:\/\/www.csj-emballages.com\/pt-pt\/#organization"},"potentialAction":[{"@type":"SearchAction","target":{"@type":"EntryPoint","urlTemplate":"https:\/\/www.csj-emballages.com\/pt-pt\/?s={search_term_string}"},"query-input":{"@type":"PropertyValueSpecification","valueRequired":true,"valueName":"search_term_string"}}],"inLanguage":"pt-PT"},{"@type":"Organization","@id":"https:\/\/www.csj-emballages.com\/pt-pt\/#Organization\/","name":"CSJ Emballages","url":"https:\/\/www.csj-emballages.com\/pt-pt\/","logo":{"@type":"ImageObject","inLanguage":"pt-PT","@id":"https:\/\/www.csj-emballages.com\/pt-pt\/#\/schema\/logo\/image\/","url":"https:\/\/www.csj-emballages.com\/wp-content\/uploads\/2023\/10\/logo_csj.webp","contentUrl":"https:\/\/www.csj-emballages.com\/wp-content\/uploads\/2023\/10\/logo_csj.webp","width":250,"height":95,"caption":"CSJ Emballages"},"image":{"@id":"https:\/\/www.csj-emballages.com\/pt-pt\/#\/schema\/logo\/image\/"},"sameAs":["https:\/\/www.facebook.com\/csjemballages"],"address":{"@type":"PostalAddress","streetAddress":"ZI La Lechere","addressLocality":"Patornay","postalCode":"39130","addressCountry":"FR"},"contactPoint":[{"@type":"ContactPoint","contactType":"Service client","telephone":"0384254272","email":"contact@csj-emballages.com"}]}]}},"df_price":14.46,"df_sale_price":14.46,"df_regular_price":18.07,"df_image_link":"https:\/\/www.csj-emballages.com\/wp-content\/uploads\/2024\/03\/Capture_d_ecran_2024-06-28_a_15.40.07-removebg-preview-1-300x300.png","tiered_pricing_type":"fixed","tiered_pricing_fixed_rules":[],"tiered_pricing_percentage_rules":[],"tiered_pricing_minimum":1,"tiered_pricing_roles_data":[],"_links":{"self":[{"href":"https:\/\/www.csj-emballages.com\/pt-pt\/wp-json\/wp\/v2\/product\/226628","targetHints":{"allow":["GET"]}}],"collection":[{"href":"https:\/\/www.csj-emballages.com\/pt-pt\/wp-json\/wp\/v2\/product"}],"about":[{"href":"https:\/\/www.csj-emballages.com\/pt-pt\/wp-json\/wp\/v2\/types\/product"}],"wp:featuredmedia":[{"embeddable":true,"href":"https:\/\/www.csj-emballages.com\/pt-pt\/wp-json\/wp\/v2\/media\/89857"}],"wp:attachment":[{"href":"https:\/\/www.csj-emballages.com\/pt-pt\/wp-json\/wp\/v2\/media?parent=226628"}],"wp:term":[{"taxonomy":"product_brand","embeddable":true,"href":"https:\/\/www.csj-emballages.com\/pt-pt\/wp-json\/wp\/v2\/product_brand?post=226628"},{"taxonomy":"product_cat","embeddable":true,"href":"https:\/\/www.csj-emballages.com\/pt-pt\/wp-json\/wp\/v2\/product_cat?post=226628"},{"taxonomy":"product_tag","embeddable":true,"href":"https:\/\/www.csj-emballages.com\/pt-pt\/wp-json\/wp\/v2\/product_tag?post=226628"}],"curies":[{"name":"wp","href":"https:\/\/api.w.org\/{rel}","templated":true}]}}