{"id":226623,"date":"2024-03-01T16:55:49","date_gmt":"2024-03-01T15:55:49","guid":{"rendered":"https:\/\/www.csj-emballages.com\/produit\/faca-de-madeira-165-mm-por-100\/"},"modified":"2026-04-16T09:00:44","modified_gmt":"2026-04-16T07:00:44","slug":"faca-de-madeira-165-mm-por-100","status":"publish","type":"product","link":"https:\/\/www.csj-emballages.com\/pt-pt\/produit\/faca-de-madeira-165-mm-por-100\/","title":{"rendered":"Faca de madeira 165 mm por 100"},"content":{"rendered":"<h2>Faca de madeira<\/h2>\n<hr>\n<h3>Descubra a nossa faca de madeira 165 mm por 100<\/h3>\n<p><!--more--><\/p>\n<p data-start=\"217\" data-end=\"567\">Se procura uma alternativa simples, limpa e agrad\u00e1vel aos talheres tradicionais, estas <strong data-start=\"309\" data-end=\"336\">facas de madeira de 165 mm<\/strong> s\u00e3o uma \u00f3ptima op\u00e7\u00e3o. De facto, o seu <strong>design natural<\/strong> confere instantaneamente um toque mais aut\u00eantico \u00e0s suas refei\u00e7\u00f5es, tornando-as perfeitas para food-trucks, buffets, eventos, mercados gourmet ou mesmo piqueniques improvisados. <\/p>\n<p data-start=\"569\" data-end=\"911\">Gra\u00e7as \u00e0 sua forma leve mas bem concebida, cabem confortavelmente na sua m\u00e3o e s\u00e3o f\u00e1ceis de cortar os alimentos do dia a dia: legumes, pastelaria, carnes pequenas&#8230; S\u00e3o suficientemente fortes para n\u00e3o se partirem ao primeiro toque, mas s\u00e3o suaves ao toque, sem sabor especial e sem risco de lascas.<\/p>\n<p data-start=\"913\" data-end=\"1302\">Como s\u00e3o feitos de <strong>madeira<\/strong>, enquadram-se perfeitamente numa abordagem mais amiga do ambiente. Sem pl\u00e1stico, sem revestimentos estranhos: apenas um material saud\u00e1vel, <strong>biodegrad\u00e1vel<\/strong> e elegante. \u00c9 um pequeno gesto que faz uma verdadeira diferen\u00e7a para a sua imagem e para os seus clientes, especialmente se trabalha num sector onde a naturalidade e a simplicidade contam.  <\/p>\n<p data-start=\"1304\" data-end=\"1602\">A <strong data-start=\"1307\" data-end=\"1321\">embalagem de 100 unidades<\/strong> permite-lhe gerir facilmente um servi\u00e7o completo, um evento ou manter um stock pronto para per\u00edodos de grande movimento. N\u00e3o ter\u00e1 de perder tempo a reabastecer com demasiada frequ\u00eancia e ter\u00e1 sempre o que precisa para servir de forma r\u00e1pida e limpa. <\/p>\n<p data-start=\"1604\" data-end=\"1780\">Em suma, estas <strong>facas de madeira<\/strong> aliam conforto, praticidade e est\u00e9tica. Simplificam a sua organiza\u00e7\u00e3o e conferem uma verdadeira coer\u00eancia visual \u00e0s suas apresenta\u00e7\u00f5es. <\/p>\n<p data-start=\"1604\" data-end=\"1780\">\n<p data-start=\"1604\" data-end=\"1780\"><!--more--><\/p>\n<h4>Vantagens :<\/h4>\n<ul>\n<li data-start=\"1808\" data-end=\"1850\">Natural, quente e atrativo.<\/li>\n<li data-start=\"1853\" data-end=\"1893\">Boa ader\u00eancia e corte eficaz.<\/li>\n<li data-start=\"1896\" data-end=\"1930\"><strong>Madeira ecol\u00f3gica<\/strong>, sem pl\u00e1stico.<\/li>\n<li data-start=\"1933\" data-end=\"1984\">Adequado para refei\u00e7\u00f5es em viagem ou eventos.<\/li>\n<li data-start=\"1987\" data-end=\"2021\"><strong>Embalagem<\/strong> pr\u00e1tica e econ\u00f3mica <strong>de 100 unidades<\/strong>.<\/li>\n<\/ul>\n<p>&nbsp;<\/p>\n<p><!--more--><\/p>\n<h4>Outras informa\u00e7\u00f5es :<\/h4>\n<ul>\n<li><strong>Embalagem<\/strong>: Pacote de 100<\/li>\n<li><strong>Tamanho<\/strong>: 165 mm (comprimento)<\/li>\n<li><strong>Material<\/strong>: madeira<\/li>\n<\/ul>\n<p>&nbsp;<\/p>\n<p><!--more--><\/p>\n<p><a href=\"https:\/\/www.csj-emballages.com\/pt-pt\/categorie-produit\/embalagem-de-alimentos\/restauracao\/pratos-talheres-descartaveis-palhinhas\/garfos-facas-colheres\/talheres-biodegradaveis\/\">Ver o resto da nossa gama de talheres biodegrad\u00e1veis<\/a><\/p>\n","protected":false},"excerpt":{"rendered":"<p>Faca de madeira Descubra a nossa faca de madeira 165 mm por 100<\/p>\n","protected":false},"featured_media":167478,"template":"","meta":{"_acf_changed":false},"product_brand":[],"product_cat":[1141,1138,2615,2635,1152,2634],"product_tag":[],"class_list":{"0":"post-226623","1":"product","2":"type-product","3":"status-publish","4":"has-post-thumbnail","6":"product_cat-embalagem-de-alimentos","7":"product_cat-restauracao","8":"product_cat-garfos-facas-colheres","9":"product_cat-talheres-biodegradaveis","10":"product_cat-gama-biologica","11":"product_cat-talheres-organicos","13":"first","14":"instock","15":"taxable","16":"shipping-taxable","17":"purchasable","18":"product-type-simple"},"acf":[],"yoast_head":"<!-- This site is optimized with the Yoast SEO Premium plugin v26.6 (Yoast SEO v26.6) - https:\/\/yoast.com\/wordpress\/plugins\/seo\/ -->\n<title>Faca de madeira biodegrad\u00e1vel - 165 mm<\/title>\n<meta name=\"description\" content=\"Descubra a nossa faca de madeira org\u00e2nica de 165 mm! Oferecemos-lhe um pacote de 50 facas de madeira compost\u00e1veis a pre\u00e7os de DESCONTO.\" \/>\n<meta name=\"robots\" content=\"index, follow, max-snippet:-1, max-image-preview:large, max-video-preview:-1\" \/>\n<link rel=\"canonical\" href=\"https:\/\/www.csj-emballages.com\/pt-pt\/produit\/faca-de-madeira-165-mm-por-100\/\" \/>\n<meta property=\"og:locale\" content=\"pt_PT\" \/>\n<meta property=\"og:type\" content=\"article\" \/>\n<meta property=\"og:title\" content=\"Faca de madeira 165 mm por 100\" \/>\n<meta property=\"og:description\" content=\"Descubra a nossa faca de madeira org\u00e2nica de 165 mm! Oferecemos-lhe um pacote de 50 facas de madeira compost\u00e1veis a pre\u00e7os de DESCONTO.\" \/>\n<meta property=\"og:url\" content=\"https:\/\/www.csj-emballages.com\/pt-pt\/produit\/faca-de-madeira-165-mm-por-100\/\" \/>\n<meta property=\"og:site_name\" content=\"CSJ Emballages\" \/>\n<meta property=\"article:publisher\" content=\"https:\/\/www.facebook.com\/csjemballages\" \/>\n<meta property=\"article:modified_time\" content=\"2026-04-16T07:00:44+00:00\" \/>\n<meta property=\"og:image\" content=\"https:\/\/www.csj-emballages.com\/wp-content\/uploads\/2024\/03\/Couteaubois-scaled.webp\" \/>\n\t<meta property=\"og:image:width\" content=\"2560\" \/>\n\t<meta property=\"og:image:height\" content=\"2560\" \/>\n\t<meta property=\"og:image:type\" content=\"image\/webp\" \/>\n<meta name=\"twitter:card\" content=\"summary_large_image\" \/>\n<meta name=\"twitter:label1\" content=\"Tempo estimado de leitura\" \/>\n\t<meta name=\"twitter:data1\" content=\"2 minutos\" \/>\n<script type=\"application\/ld+json\" class=\"yoast-schema-graph\">{\"@context\":\"https:\/\/schema.org\",\"@graph\":[{\"@type\":\"WebPage\",\"@id\":\"https:\/\/www.csj-emballages.com\/pt-pt\/produit\/faca-de-madeira-165-mm-por-100\/\",\"url\":\"https:\/\/www.csj-emballages.com\/pt-pt\/produit\/faca-de-madeira-165-mm-por-100\/\",\"name\":\"Faca de madeira biodegrad\u00e1vel - 165 mm\",\"isPartOf\":{\"@id\":\"https:\/\/www.csj-emballages.com\/pt-pt\/#website\"},\"primaryImageOfPage\":{\"@id\":\"https:\/\/www.csj-emballages.com\/pt-pt\/produit\/faca-de-madeira-165-mm-por-100\/#primaryimage\"},\"image\":{\"@id\":\"https:\/\/www.csj-emballages.com\/pt-pt\/produit\/faca-de-madeira-165-mm-por-100\/#primaryimage\"},\"thumbnailUrl\":\"https:\/\/www.csj-emballages.com\/wp-content\/uploads\/2024\/03\/Couteaubois-scaled.webp\",\"datePublished\":\"2024-03-01T15:55:49+00:00\",\"dateModified\":\"2026-04-16T07:00:44+00:00\",\"description\":\"Descubra a nossa faca de madeira org\u00e2nica de 165 mm! Oferecemos-lhe um pacote de 50 facas de madeira compost\u00e1veis a pre\u00e7os de DESCONTO.\",\"breadcrumb\":{\"@id\":\"https:\/\/www.csj-emballages.com\/pt-pt\/produit\/faca-de-madeira-165-mm-por-100\/#breadcrumb\"},\"inLanguage\":\"pt-PT\",\"potentialAction\":[{\"@type\":\"ReadAction\",\"target\":[\"https:\/\/www.csj-emballages.com\/pt-pt\/produit\/faca-de-madeira-165-mm-por-100\/\"]}]},{\"@type\":\"ImageObject\",\"inLanguage\":\"pt-PT\",\"@id\":\"https:\/\/www.csj-emballages.com\/pt-pt\/produit\/faca-de-madeira-165-mm-por-100\/#primaryimage\",\"url\":\"https:\/\/www.csj-emballages.com\/wp-content\/uploads\/2024\/03\/Couteaubois-scaled.webp\",\"contentUrl\":\"https:\/\/www.csj-emballages.com\/wp-content\/uploads\/2024\/03\/Couteaubois-scaled.webp\",\"width\":2560,\"height\":2560,\"caption\":\"couteau bois\"},{\"@type\":\"BreadcrumbList\",\"@id\":\"https:\/\/www.csj-emballages.com\/pt-pt\/produit\/faca-de-madeira-165-mm-por-100\/#breadcrumb\",\"itemListElement\":[{\"@type\":\"ListItem\",\"position\":1,\"name\":\"Acolhimento\",\"item\":\"https:\/\/www.csj-emballages.com\/pt-pt\/universo-das-embalagens-alimentares\/\"},{\"@type\":\"ListItem\",\"position\":2,\"name\":\"Shop\",\"item\":\"https:\/\/www.csj-emballages.com\/shop\/\"},{\"@type\":\"ListItem\",\"position\":3,\"name\":\"Faca de madeira 165 mm por 100\"}]},{\"@type\":\"WebSite\",\"@id\":\"https:\/\/www.csj-emballages.com\/pt-pt\/#website\",\"url\":\"https:\/\/www.csj-emballages.com\/pt-pt\/\",\"name\":\"CSJ Emballages\",\"description\":\"\",\"publisher\":{\"@id\":\"https:\/\/www.csj-emballages.com\/pt-pt\/#organization\"},\"potentialAction\":[{\"@type\":\"SearchAction\",\"target\":{\"@type\":\"EntryPoint\",\"urlTemplate\":\"https:\/\/www.csj-emballages.com\/pt-pt\/?s={search_term_string}\"},\"query-input\":{\"@type\":\"PropertyValueSpecification\",\"valueRequired\":true,\"valueName\":\"search_term_string\"}}],\"inLanguage\":\"pt-PT\"},{\"@type\":\"Organization\",\"@id\":\"https:\/\/www.csj-emballages.com\/pt-pt\/#Organization\/\",\"name\":\"CSJ Emballages\",\"url\":\"https:\/\/www.csj-emballages.com\/pt-pt\/\",\"logo\":{\"@type\":\"ImageObject\",\"inLanguage\":\"pt-PT\",\"@id\":\"https:\/\/www.csj-emballages.com\/pt-pt\/#\/schema\/logo\/image\/\",\"url\":\"https:\/\/www.csj-emballages.com\/wp-content\/uploads\/2023\/10\/logo_csj.webp\",\"contentUrl\":\"https:\/\/www.csj-emballages.com\/wp-content\/uploads\/2023\/10\/logo_csj.webp\",\"width\":250,\"height\":95,\"caption\":\"CSJ Emballages\"},\"image\":{\"@id\":\"https:\/\/www.csj-emballages.com\/pt-pt\/#\/schema\/logo\/image\/\"},\"sameAs\":[\"https:\/\/www.facebook.com\/csjemballages\"],\"address\":{\"@type\":\"PostalAddress\",\"streetAddress\":\"ZI La Lechere\",\"addressLocality\":\"Patornay\",\"postalCode\":\"39130\",\"addressCountry\":\"FR\"},\"contactPoint\":[{\"@type\":\"ContactPoint\",\"contactType\":\"Service client\",\"telephone\":\"0384254272\",\"email\":\"contact@csj-emballages.com\"}]}]}<\/script>\n<!-- \/ Yoast SEO Premium plugin. -->","yoast_head_json":{"title":"Faca de madeira biodegrad\u00e1vel - 165 mm","description":"Descubra a nossa faca de madeira org\u00e2nica de 165 mm! Oferecemos-lhe um pacote de 50 facas de madeira compost\u00e1veis a pre\u00e7os de DESCONTO.","robots":{"index":"index","follow":"follow","max-snippet":"max-snippet:-1","max-image-preview":"max-image-preview:large","max-video-preview":"max-video-preview:-1"},"canonical":"https:\/\/www.csj-emballages.com\/pt-pt\/produit\/faca-de-madeira-165-mm-por-100\/","og_locale":"pt_PT","og_type":"article","og_title":"Faca de madeira 165 mm por 100","og_description":"Descubra a nossa faca de madeira org\u00e2nica de 165 mm! Oferecemos-lhe um pacote de 50 facas de madeira compost\u00e1veis a pre\u00e7os de DESCONTO.","og_url":"https:\/\/www.csj-emballages.com\/pt-pt\/produit\/faca-de-madeira-165-mm-por-100\/","og_site_name":"CSJ Emballages","article_publisher":"https:\/\/www.facebook.com\/csjemballages","article_modified_time":"2026-04-16T07:00:44+00:00","og_image":[{"width":2560,"height":2560,"url":"https:\/\/www.csj-emballages.com\/wp-content\/uploads\/2024\/03\/Couteaubois-scaled.webp","type":"image\/webp"}],"twitter_card":"summary_large_image","twitter_misc":{"Tempo estimado de leitura":"2 minutos"},"schema":{"@context":"https:\/\/schema.org","@graph":[{"@type":"WebPage","@id":"https:\/\/www.csj-emballages.com\/pt-pt\/produit\/faca-de-madeira-165-mm-por-100\/","url":"https:\/\/www.csj-emballages.com\/pt-pt\/produit\/faca-de-madeira-165-mm-por-100\/","name":"Faca de madeira biodegrad\u00e1vel - 165 mm","isPartOf":{"@id":"https:\/\/www.csj-emballages.com\/pt-pt\/#website"},"primaryImageOfPage":{"@id":"https:\/\/www.csj-emballages.com\/pt-pt\/produit\/faca-de-madeira-165-mm-por-100\/#primaryimage"},"image":{"@id":"https:\/\/www.csj-emballages.com\/pt-pt\/produit\/faca-de-madeira-165-mm-por-100\/#primaryimage"},"thumbnailUrl":"https:\/\/www.csj-emballages.com\/wp-content\/uploads\/2024\/03\/Couteaubois-scaled.webp","datePublished":"2024-03-01T15:55:49+00:00","dateModified":"2026-04-16T07:00:44+00:00","description":"Descubra a nossa faca de madeira org\u00e2nica de 165 mm! Oferecemos-lhe um pacote de 50 facas de madeira compost\u00e1veis a pre\u00e7os de DESCONTO.","breadcrumb":{"@id":"https:\/\/www.csj-emballages.com\/pt-pt\/produit\/faca-de-madeira-165-mm-por-100\/#breadcrumb"},"inLanguage":"pt-PT","potentialAction":[{"@type":"ReadAction","target":["https:\/\/www.csj-emballages.com\/pt-pt\/produit\/faca-de-madeira-165-mm-por-100\/"]}]},{"@type":"ImageObject","inLanguage":"pt-PT","@id":"https:\/\/www.csj-emballages.com\/pt-pt\/produit\/faca-de-madeira-165-mm-por-100\/#primaryimage","url":"https:\/\/www.csj-emballages.com\/wp-content\/uploads\/2024\/03\/Couteaubois-scaled.webp","contentUrl":"https:\/\/www.csj-emballages.com\/wp-content\/uploads\/2024\/03\/Couteaubois-scaled.webp","width":2560,"height":2560,"caption":"couteau bois"},{"@type":"BreadcrumbList","@id":"https:\/\/www.csj-emballages.com\/pt-pt\/produit\/faca-de-madeira-165-mm-por-100\/#breadcrumb","itemListElement":[{"@type":"ListItem","position":1,"name":"Acolhimento","item":"https:\/\/www.csj-emballages.com\/pt-pt\/universo-das-embalagens-alimentares\/"},{"@type":"ListItem","position":2,"name":"Shop","item":"https:\/\/www.csj-emballages.com\/shop\/"},{"@type":"ListItem","position":3,"name":"Faca de madeira 165 mm por 100"}]},{"@type":"WebSite","@id":"https:\/\/www.csj-emballages.com\/pt-pt\/#website","url":"https:\/\/www.csj-emballages.com\/pt-pt\/","name":"CSJ Emballages","description":"","publisher":{"@id":"https:\/\/www.csj-emballages.com\/pt-pt\/#organization"},"potentialAction":[{"@type":"SearchAction","target":{"@type":"EntryPoint","urlTemplate":"https:\/\/www.csj-emballages.com\/pt-pt\/?s={search_term_string}"},"query-input":{"@type":"PropertyValueSpecification","valueRequired":true,"valueName":"search_term_string"}}],"inLanguage":"pt-PT"},{"@type":"Organization","@id":"https:\/\/www.csj-emballages.com\/pt-pt\/#Organization\/","name":"CSJ Emballages","url":"https:\/\/www.csj-emballages.com\/pt-pt\/","logo":{"@type":"ImageObject","inLanguage":"pt-PT","@id":"https:\/\/www.csj-emballages.com\/pt-pt\/#\/schema\/logo\/image\/","url":"https:\/\/www.csj-emballages.com\/wp-content\/uploads\/2023\/10\/logo_csj.webp","contentUrl":"https:\/\/www.csj-emballages.com\/wp-content\/uploads\/2023\/10\/logo_csj.webp","width":250,"height":95,"caption":"CSJ Emballages"},"image":{"@id":"https:\/\/www.csj-emballages.com\/pt-pt\/#\/schema\/logo\/image\/"},"sameAs":["https:\/\/www.facebook.com\/csjemballages"],"address":{"@type":"PostalAddress","streetAddress":"ZI La Lechere","addressLocality":"Patornay","postalCode":"39130","addressCountry":"FR"},"contactPoint":[{"@type":"ContactPoint","contactType":"Service client","telephone":"0384254272","email":"contact@csj-emballages.com"}]}]}},"df_price":1.62,"df_sale_price":"","df_regular_price":1.62,"df_image_link":"https:\/\/www.csj-emballages.com\/wp-content\/uploads\/2024\/03\/Couteaubois-300x300.webp","tiered_pricing_type":"fixed","tiered_pricing_fixed_rules":[],"tiered_pricing_percentage_rules":[],"tiered_pricing_minimum":1,"tiered_pricing_roles_data":[],"_links":{"self":[{"href":"https:\/\/www.csj-emballages.com\/pt-pt\/wp-json\/wp\/v2\/product\/226623","targetHints":{"allow":["GET"]}}],"collection":[{"href":"https:\/\/www.csj-emballages.com\/pt-pt\/wp-json\/wp\/v2\/product"}],"about":[{"href":"https:\/\/www.csj-emballages.com\/pt-pt\/wp-json\/wp\/v2\/types\/product"}],"wp:featuredmedia":[{"embeddable":true,"href":"https:\/\/www.csj-emballages.com\/pt-pt\/wp-json\/wp\/v2\/media\/167478"}],"wp:attachment":[{"href":"https:\/\/www.csj-emballages.com\/pt-pt\/wp-json\/wp\/v2\/media?parent=226623"}],"wp:term":[{"taxonomy":"product_brand","embeddable":true,"href":"https:\/\/www.csj-emballages.com\/pt-pt\/wp-json\/wp\/v2\/product_brand?post=226623"},{"taxonomy":"product_cat","embeddable":true,"href":"https:\/\/www.csj-emballages.com\/pt-pt\/wp-json\/wp\/v2\/product_cat?post=226623"},{"taxonomy":"product_tag","embeddable":true,"href":"https:\/\/www.csj-emballages.com\/pt-pt\/wp-json\/wp\/v2\/product_tag?post=226623"}],"curies":[{"name":"wp","href":"https:\/\/api.w.org\/{rel}","templated":true}]}}