{"id":226619,"date":"2024-03-01T16:55:49","date_gmt":"2024-03-01T15:55:49","guid":{"rendered":"https:\/\/www.csj-emballages.com\/produit\/faca-de-plastico-reutilizavel-cristal-180-mm-embalagem-de-50\/"},"modified":"2026-05-04T02:11:08","modified_gmt":"2026-05-04T00:11:08","slug":"faca-de-plastico-reutilizavel-cristal-180-mm-embalagem-de-50","status":"publish","type":"product","link":"https:\/\/www.csj-emballages.com\/pt-pt\/produit\/faca-de-plastico-reutilizavel-cristal-180-mm-embalagem-de-50\/","title":{"rendered":"Faca de pl\u00e1stico reutiliz\u00e1vel, cristal, 180 mm, embalagem de 50"},"content":{"rendered":"<h2>Faca de pl\u00e1stico<\/h2>\n<hr>\n<h3>Descubra a nossa faca de pl\u00e1stico reutiliz\u00e1vel cristal 180 mm &#8211; pack de 50<\/h3>\n<p><!--more--><\/p>\n<p data-start=\"249\" data-end=\"522\">A <strong>faca de pl\u00e1stico reutiliz\u00e1vel cristal 180 mm<\/strong> \u00e9 uma solu\u00e7\u00e3o pr\u00e1tica e elegante para refei\u00e7\u00f5es, buffets e eventos. Com o seu aspeto transparente de efeito cristal, confere um toque refinado \u00e0s suas mesas, mantendo a leveza e a praticidade do pl\u00e1stico. <\/p>\n<p data-start=\"524\" data-end=\"874\">Com um <strong>comprimento de 180 mm<\/strong>, esta <strong>faca<\/strong> oferece um bom manuseamento e um corte eficaz para uma grande variedade de alimentos: carnes, legumes, pastelaria ou pratos de catering. O seu design robusto permite uma utiliza\u00e7\u00e3o repetida, respondendo \u00e0s necessidades dos profissionais que procuram uma alternativa mais duradoura aos talheres descart\u00e1veis cl\u00e1ssicos. <\/p>\n<p data-start=\"876\" data-end=\"1148\">Fabricada em pl\u00e1stico r\u00edgido de qualidade alimentar, alia resist\u00eancia e est\u00e9tica. O seu design <strong>s\u00f3brio e transparente<\/strong> adapta-se a todos os estilos de decora\u00e7\u00e3o. <\/p>\n<p data-start=\"1150\" data-end=\"1454\">F\u00e1cil de limpar e reutiliz\u00e1vel, esta <strong>faca<\/strong> constitui uma solu\u00e7\u00e3o pr\u00e1tica para reduzir os res\u00edduos, mantendo uma apresenta\u00e7\u00e3o cuidada na mesa. Acondicionada em lotes de <strong>50<\/strong> <strong>unidades<\/strong>, \u00e9 adequada tanto para necessidades pontuais como para utiliza\u00e7\u00f5es regulares em restaura\u00e7\u00e3o, catering ou eventos. <\/p>\n<p data-start=\"1150\" data-end=\"1454\">\n<p data-start=\"1150\" data-end=\"1454\"><!--more--><\/p>\n<h4 data-start=\"1150\" data-end=\"1454\">Vantagens :<\/h4>\n<ul>\n<li data-start=\"1492\" data-end=\"1544\"><strong>Comprimento 180 mm<\/strong> para um manuseamento confort\u00e1vel.<\/li>\n<li data-start=\"1547\" data-end=\"1586\">Aspeto cristal elegante e transparente.<\/li>\n<li data-start=\"1589\" data-end=\"1620\">Pl\u00e1stico r\u00edgido e resistente.<\/li>\n<li data-start=\"1623\" data-end=\"1671\">Reutiliz\u00e1vel para uma utiliza\u00e7\u00e3o mais sustent\u00e1vel.<\/li>\n<li data-start=\"1706\" data-end=\"1754\">Ideal para buffets, rece\u00e7\u00f5es e restaura\u00e7\u00e3o.<\/li>\n<li data-start=\"1797\" data-end=\"1839\">Acondicionamento pr\u00e1tico de <strong>50 facas<\/strong>.<\/li>\n<\/ul>\n<p>&nbsp;<\/p>\n<p><!--more--><\/p>\n<h4>Outras informa\u00e7\u00f5es :<\/h4>\n<ul>\n<li><strong>Embalagem<\/strong>: Pacote de 50<\/li>\n<li><strong>Comprimento<\/strong>: 180 mm<\/li>\n<li><strong>Cor<\/strong>: Transparente<\/li>\n<li><strong>Material<\/strong>: pl\u00e1stico PET<\/li>\n<\/ul>\n<p>&nbsp;<\/p>\n<p><!--more--><\/p>\n<p><a href=\"https:\/\/www.csj-emballages.com\/pt-pt\/categorie-produit\/embalagem-de-alimentos\/restauracao\/pratos-talheres-descartaveis-palhinhas\/garfos-facas-colheres\/talheres-de-cristal\/\">Consulte o resto da nossa gama de talheres cristal<\/a><\/p>\n","protected":false},"excerpt":{"rendered":"<p>Faca de pl\u00e1stico Descubra a nossa faca de pl\u00e1stico reutiliz\u00e1vel cristal 180 mm &#8211; pack de 50<\/p>\n","protected":false},"featured_media":167882,"template":"","meta":{"_acf_changed":false},"product_brand":[],"product_cat":[1138,2615,2617],"product_tag":[],"class_list":{"0":"post-226619","1":"product","2":"type-product","3":"status-publish","4":"has-post-thumbnail","6":"product_cat-restauracao","7":"product_cat-garfos-facas-colheres","8":"product_cat-talheres-de-cristal","10":"first","11":"instock","12":"taxable","13":"shipping-taxable","14":"purchasable","15":"product-type-simple"},"acf":[],"yoast_head":"<!-- This site is optimized with the Yoast SEO Premium plugin v26.6 (Yoast SEO v26.6) - https:\/\/yoast.com\/wordpress\/plugins\/seo\/ -->\n<title>Faca de Pl\u00e1stico Reutiliz\u00e1vel Cristal 180 mm - Pack de 50<\/title>\n<meta name=\"description\" content=\"Faca de pl\u00e1stico reutiliz\u00e1vel cristal transparente de 180 mm, pack de 50. Elegante, resistente e ideal para buffets e eventos.\" \/>\n<meta name=\"robots\" content=\"index, follow, max-snippet:-1, max-image-preview:large, max-video-preview:-1\" \/>\n<link rel=\"canonical\" href=\"https:\/\/www.csj-emballages.com\/pt-pt\/produit\/faca-de-plastico-reutilizavel-cristal-180-mm-embalagem-de-50\/\" \/>\n<meta property=\"og:locale\" content=\"pt_PT\" \/>\n<meta property=\"og:type\" content=\"article\" \/>\n<meta property=\"og:title\" content=\"Faca de pl\u00e1stico reutiliz\u00e1vel, cristal, 180 mm, embalagem de 50\" \/>\n<meta property=\"og:description\" content=\"Faca de pl\u00e1stico reutiliz\u00e1vel cristal transparente de 180 mm, pack de 50. Elegante, resistente e ideal para buffets e eventos.\" \/>\n<meta property=\"og:url\" content=\"https:\/\/www.csj-emballages.com\/pt-pt\/produit\/faca-de-plastico-reutilizavel-cristal-180-mm-embalagem-de-50\/\" \/>\n<meta property=\"og:site_name\" content=\"CSJ Emballages\" \/>\n<meta property=\"article:publisher\" content=\"https:\/\/www.facebook.com\/csjemballages\" \/>\n<meta property=\"article:modified_time\" content=\"2026-05-04T00:11:08+00:00\" \/>\n<meta property=\"og:image\" content=\"https:\/\/www.csj-emballages.com\/wp-content\/uploads\/2024\/03\/100-couteaux-reutilisables-18cm-cristal-p-image-219807-grande-jpg-e1731592959318.webp\" \/>\n\t<meta property=\"og:image:width\" content=\"1000\" \/>\n\t<meta property=\"og:image:height\" content=\"1000\" \/>\n\t<meta property=\"og:image:type\" content=\"image\/jpeg\" \/>\n<meta name=\"twitter:card\" content=\"summary_large_image\" \/>\n<meta name=\"twitter:label1\" content=\"Tempo estimado de leitura\" \/>\n\t<meta name=\"twitter:data1\" content=\"1 minuto\" \/>\n<script type=\"application\/ld+json\" class=\"yoast-schema-graph\">{\"@context\":\"https:\/\/schema.org\",\"@graph\":[{\"@type\":\"WebPage\",\"@id\":\"https:\/\/www.csj-emballages.com\/pt-pt\/produit\/faca-de-plastico-reutilizavel-cristal-180-mm-embalagem-de-50\/\",\"url\":\"https:\/\/www.csj-emballages.com\/pt-pt\/produit\/faca-de-plastico-reutilizavel-cristal-180-mm-embalagem-de-50\/\",\"name\":\"Faca de Pl\u00e1stico Reutiliz\u00e1vel Cristal 180 mm - Pack de 50\",\"isPartOf\":{\"@id\":\"https:\/\/www.csj-emballages.com\/pt-pt\/#website\"},\"primaryImageOfPage\":{\"@id\":\"https:\/\/www.csj-emballages.com\/pt-pt\/produit\/faca-de-plastico-reutilizavel-cristal-180-mm-embalagem-de-50\/#primaryimage\"},\"image\":{\"@id\":\"https:\/\/www.csj-emballages.com\/pt-pt\/produit\/faca-de-plastico-reutilizavel-cristal-180-mm-embalagem-de-50\/#primaryimage\"},\"thumbnailUrl\":\"https:\/\/www.csj-emballages.com\/wp-content\/uploads\/2024\/03\/100-couteaux-reutilisables-18cm-cristal-p-image-219807-grande-jpg-e1731592959318.webp\",\"datePublished\":\"2024-03-01T15:55:49+00:00\",\"dateModified\":\"2026-05-04T00:11:08+00:00\",\"description\":\"Faca de pl\u00e1stico reutiliz\u00e1vel cristal transparente de 180 mm, pack de 50. Elegante, resistente e ideal para buffets e eventos.\",\"breadcrumb\":{\"@id\":\"https:\/\/www.csj-emballages.com\/pt-pt\/produit\/faca-de-plastico-reutilizavel-cristal-180-mm-embalagem-de-50\/#breadcrumb\"},\"inLanguage\":\"pt-PT\",\"potentialAction\":[{\"@type\":\"ReadAction\",\"target\":[\"https:\/\/www.csj-emballages.com\/pt-pt\/produit\/faca-de-plastico-reutilizavel-cristal-180-mm-embalagem-de-50\/\"]}]},{\"@type\":\"ImageObject\",\"inLanguage\":\"pt-PT\",\"@id\":\"https:\/\/www.csj-emballages.com\/pt-pt\/produit\/faca-de-plastico-reutilizavel-cristal-180-mm-embalagem-de-50\/#primaryimage\",\"url\":\"https:\/\/www.csj-emballages.com\/wp-content\/uploads\/2024\/03\/100-couteaux-reutilisables-18cm-cristal-p-image-219807-grande-jpg-e1731592959318.webp\",\"contentUrl\":\"https:\/\/www.csj-emballages.com\/wp-content\/uploads\/2024\/03\/100-couteaux-reutilisables-18cm-cristal-p-image-219807-grande-jpg-e1731592959318.webp\",\"width\":1000,\"height\":1000,\"caption\":\"couteau plastique\"},{\"@type\":\"BreadcrumbList\",\"@id\":\"https:\/\/www.csj-emballages.com\/pt-pt\/produit\/faca-de-plastico-reutilizavel-cristal-180-mm-embalagem-de-50\/#breadcrumb\",\"itemListElement\":[{\"@type\":\"ListItem\",\"position\":1,\"name\":\"Acolhimento\",\"item\":\"https:\/\/www.csj-emballages.com\/pt-pt\/universo-das-embalagens-alimentares\/\"},{\"@type\":\"ListItem\",\"position\":2,\"name\":\"Shop\",\"item\":\"https:\/\/www.csj-emballages.com\/shop\/\"},{\"@type\":\"ListItem\",\"position\":3,\"name\":\"Faca de pl\u00e1stico reutiliz\u00e1vel, cristal, 180 mm, embalagem de 50\"}]},{\"@type\":\"WebSite\",\"@id\":\"https:\/\/www.csj-emballages.com\/pt-pt\/#website\",\"url\":\"https:\/\/www.csj-emballages.com\/pt-pt\/\",\"name\":\"CSJ Emballages\",\"description\":\"\",\"publisher\":{\"@id\":\"https:\/\/www.csj-emballages.com\/pt-pt\/#organization\"},\"potentialAction\":[{\"@type\":\"SearchAction\",\"target\":{\"@type\":\"EntryPoint\",\"urlTemplate\":\"https:\/\/www.csj-emballages.com\/pt-pt\/?s={search_term_string}\"},\"query-input\":{\"@type\":\"PropertyValueSpecification\",\"valueRequired\":true,\"valueName\":\"search_term_string\"}}],\"inLanguage\":\"pt-PT\"},{\"@type\":\"Organization\",\"@id\":\"https:\/\/www.csj-emballages.com\/pt-pt\/#Organization\/\",\"name\":\"CSJ Emballages\",\"url\":\"https:\/\/www.csj-emballages.com\/pt-pt\/\",\"logo\":{\"@type\":\"ImageObject\",\"inLanguage\":\"pt-PT\",\"@id\":\"https:\/\/www.csj-emballages.com\/pt-pt\/#\/schema\/logo\/image\/\",\"url\":\"https:\/\/www.csj-emballages.com\/wp-content\/uploads\/2023\/10\/logo_csj.webp\",\"contentUrl\":\"https:\/\/www.csj-emballages.com\/wp-content\/uploads\/2023\/10\/logo_csj.webp\",\"width\":250,\"height\":95,\"caption\":\"CSJ Emballages\"},\"image\":{\"@id\":\"https:\/\/www.csj-emballages.com\/pt-pt\/#\/schema\/logo\/image\/\"},\"sameAs\":[\"https:\/\/www.facebook.com\/csjemballages\"],\"address\":{\"@type\":\"PostalAddress\",\"streetAddress\":\"ZI La Lechere\",\"addressLocality\":\"Patornay\",\"postalCode\":\"39130\",\"addressCountry\":\"FR\"},\"contactPoint\":[{\"@type\":\"ContactPoint\",\"contactType\":\"Service client\",\"telephone\":\"0384254272\",\"email\":\"contact@csj-emballages.com\"}]}]}<\/script>\n<!-- \/ Yoast SEO Premium plugin. -->","yoast_head_json":{"title":"Faca de Pl\u00e1stico Reutiliz\u00e1vel Cristal 180 mm - Pack de 50","description":"Faca de pl\u00e1stico reutiliz\u00e1vel cristal transparente de 180 mm, pack de 50. Elegante, resistente e ideal para buffets e eventos.","robots":{"index":"index","follow":"follow","max-snippet":"max-snippet:-1","max-image-preview":"max-image-preview:large","max-video-preview":"max-video-preview:-1"},"canonical":"https:\/\/www.csj-emballages.com\/pt-pt\/produit\/faca-de-plastico-reutilizavel-cristal-180-mm-embalagem-de-50\/","og_locale":"pt_PT","og_type":"article","og_title":"Faca de pl\u00e1stico reutiliz\u00e1vel, cristal, 180 mm, embalagem de 50","og_description":"Faca de pl\u00e1stico reutiliz\u00e1vel cristal transparente de 180 mm, pack de 50. Elegante, resistente e ideal para buffets e eventos.","og_url":"https:\/\/www.csj-emballages.com\/pt-pt\/produit\/faca-de-plastico-reutilizavel-cristal-180-mm-embalagem-de-50\/","og_site_name":"CSJ Emballages","article_publisher":"https:\/\/www.facebook.com\/csjemballages","article_modified_time":"2026-05-04T00:11:08+00:00","og_image":[{"width":1000,"height":1000,"url":"https:\/\/www.csj-emballages.com\/wp-content\/uploads\/2024\/03\/100-couteaux-reutilisables-18cm-cristal-p-image-219807-grande-jpg-e1731592959318.webp","type":"image\/jpeg"}],"twitter_card":"summary_large_image","twitter_misc":{"Tempo estimado de leitura":"1 minuto"},"schema":{"@context":"https:\/\/schema.org","@graph":[{"@type":"WebPage","@id":"https:\/\/www.csj-emballages.com\/pt-pt\/produit\/faca-de-plastico-reutilizavel-cristal-180-mm-embalagem-de-50\/","url":"https:\/\/www.csj-emballages.com\/pt-pt\/produit\/faca-de-plastico-reutilizavel-cristal-180-mm-embalagem-de-50\/","name":"Faca de Pl\u00e1stico Reutiliz\u00e1vel Cristal 180 mm - Pack de 50","isPartOf":{"@id":"https:\/\/www.csj-emballages.com\/pt-pt\/#website"},"primaryImageOfPage":{"@id":"https:\/\/www.csj-emballages.com\/pt-pt\/produit\/faca-de-plastico-reutilizavel-cristal-180-mm-embalagem-de-50\/#primaryimage"},"image":{"@id":"https:\/\/www.csj-emballages.com\/pt-pt\/produit\/faca-de-plastico-reutilizavel-cristal-180-mm-embalagem-de-50\/#primaryimage"},"thumbnailUrl":"https:\/\/www.csj-emballages.com\/wp-content\/uploads\/2024\/03\/100-couteaux-reutilisables-18cm-cristal-p-image-219807-grande-jpg-e1731592959318.webp","datePublished":"2024-03-01T15:55:49+00:00","dateModified":"2026-05-04T00:11:08+00:00","description":"Faca de pl\u00e1stico reutiliz\u00e1vel cristal transparente de 180 mm, pack de 50. Elegante, resistente e ideal para buffets e eventos.","breadcrumb":{"@id":"https:\/\/www.csj-emballages.com\/pt-pt\/produit\/faca-de-plastico-reutilizavel-cristal-180-mm-embalagem-de-50\/#breadcrumb"},"inLanguage":"pt-PT","potentialAction":[{"@type":"ReadAction","target":["https:\/\/www.csj-emballages.com\/pt-pt\/produit\/faca-de-plastico-reutilizavel-cristal-180-mm-embalagem-de-50\/"]}]},{"@type":"ImageObject","inLanguage":"pt-PT","@id":"https:\/\/www.csj-emballages.com\/pt-pt\/produit\/faca-de-plastico-reutilizavel-cristal-180-mm-embalagem-de-50\/#primaryimage","url":"https:\/\/www.csj-emballages.com\/wp-content\/uploads\/2024\/03\/100-couteaux-reutilisables-18cm-cristal-p-image-219807-grande-jpg-e1731592959318.webp","contentUrl":"https:\/\/www.csj-emballages.com\/wp-content\/uploads\/2024\/03\/100-couteaux-reutilisables-18cm-cristal-p-image-219807-grande-jpg-e1731592959318.webp","width":1000,"height":1000,"caption":"couteau plastique"},{"@type":"BreadcrumbList","@id":"https:\/\/www.csj-emballages.com\/pt-pt\/produit\/faca-de-plastico-reutilizavel-cristal-180-mm-embalagem-de-50\/#breadcrumb","itemListElement":[{"@type":"ListItem","position":1,"name":"Acolhimento","item":"https:\/\/www.csj-emballages.com\/pt-pt\/universo-das-embalagens-alimentares\/"},{"@type":"ListItem","position":2,"name":"Shop","item":"https:\/\/www.csj-emballages.com\/shop\/"},{"@type":"ListItem","position":3,"name":"Faca de pl\u00e1stico reutiliz\u00e1vel, cristal, 180 mm, embalagem de 50"}]},{"@type":"WebSite","@id":"https:\/\/www.csj-emballages.com\/pt-pt\/#website","url":"https:\/\/www.csj-emballages.com\/pt-pt\/","name":"CSJ Emballages","description":"","publisher":{"@id":"https:\/\/www.csj-emballages.com\/pt-pt\/#organization"},"potentialAction":[{"@type":"SearchAction","target":{"@type":"EntryPoint","urlTemplate":"https:\/\/www.csj-emballages.com\/pt-pt\/?s={search_term_string}"},"query-input":{"@type":"PropertyValueSpecification","valueRequired":true,"valueName":"search_term_string"}}],"inLanguage":"pt-PT"},{"@type":"Organization","@id":"https:\/\/www.csj-emballages.com\/pt-pt\/#Organization\/","name":"CSJ Emballages","url":"https:\/\/www.csj-emballages.com\/pt-pt\/","logo":{"@type":"ImageObject","inLanguage":"pt-PT","@id":"https:\/\/www.csj-emballages.com\/pt-pt\/#\/schema\/logo\/image\/","url":"https:\/\/www.csj-emballages.com\/wp-content\/uploads\/2023\/10\/logo_csj.webp","contentUrl":"https:\/\/www.csj-emballages.com\/wp-content\/uploads\/2023\/10\/logo_csj.webp","width":250,"height":95,"caption":"CSJ Emballages"},"image":{"@id":"https:\/\/www.csj-emballages.com\/pt-pt\/#\/schema\/logo\/image\/"},"sameAs":["https:\/\/www.facebook.com\/csjemballages"],"address":{"@type":"PostalAddress","streetAddress":"ZI La Lechere","addressLocality":"Patornay","postalCode":"39130","addressCountry":"FR"},"contactPoint":[{"@type":"ContactPoint","contactType":"Service client","telephone":"0384254272","email":"contact@csj-emballages.com"}]}]}},"df_price":2.18,"df_sale_price":"","df_regular_price":2.18,"df_image_link":"https:\/\/www.csj-emballages.com\/wp-content\/uploads\/2024\/03\/100-couteaux-reutilisables-18cm-cristal-p-image-219807-grande-300x300.webp","tiered_pricing_type":"fixed","tiered_pricing_fixed_rules":[],"tiered_pricing_percentage_rules":[],"tiered_pricing_minimum":1,"tiered_pricing_roles_data":[],"_links":{"self":[{"href":"https:\/\/www.csj-emballages.com\/pt-pt\/wp-json\/wp\/v2\/product\/226619","targetHints":{"allow":["GET"]}}],"collection":[{"href":"https:\/\/www.csj-emballages.com\/pt-pt\/wp-json\/wp\/v2\/product"}],"about":[{"href":"https:\/\/www.csj-emballages.com\/pt-pt\/wp-json\/wp\/v2\/types\/product"}],"wp:featuredmedia":[{"embeddable":true,"href":"https:\/\/www.csj-emballages.com\/pt-pt\/wp-json\/wp\/v2\/media\/167882"}],"wp:attachment":[{"href":"https:\/\/www.csj-emballages.com\/pt-pt\/wp-json\/wp\/v2\/media?parent=226619"}],"wp:term":[{"taxonomy":"product_brand","embeddable":true,"href":"https:\/\/www.csj-emballages.com\/pt-pt\/wp-json\/wp\/v2\/product_brand?post=226619"},{"taxonomy":"product_cat","embeddable":true,"href":"https:\/\/www.csj-emballages.com\/pt-pt\/wp-json\/wp\/v2\/product_cat?post=226619"},{"taxonomy":"product_tag","embeddable":true,"href":"https:\/\/www.csj-emballages.com\/pt-pt\/wp-json\/wp\/v2\/product_tag?post=226619"}],"curies":[{"name":"wp","href":"https:\/\/api.w.org\/{rel}","templated":true}]}}