{"id":226609,"date":"2024-03-01T16:55:45","date_gmt":"2024-03-01T15:55:45","guid":{"rendered":"https:\/\/www.csj-emballages.com\/produit\/50-insercoes-de-plastico-preto-16-macarons-para-caixa\/"},"modified":"2026-03-12T16:18:59","modified_gmt":"2026-03-12T15:18:59","slug":"50-insercoes-de-plastico-preto-16-macarons-para-caixa","status":"publish","type":"product","link":"https:\/\/www.csj-emballages.com\/pt-pt\/produit\/50-insercoes-de-plastico-preto-16-macarons-para-caixa\/","title":{"rendered":"Macarons de pl\u00e1stico preto 16 macarons por caixa de 50"},"content":{"rendered":"<h2>Preparar os macarons<\/h2>\n<hr>\n<h3>Descri\u00e7\u00e3o do nosso inserto para macarons em pl\u00e1stico preto 16 macarons para caixas de 50<\/h3>\n<p><!--more--><\/p>\n<p data-start=\"198\" data-end=\"659\">O <strong data-start=\"201\" data-end=\"265\">suporte de pl\u00e1stico preto para 16 macarons em caixas de 50<\/strong> \u00e9 indispens\u00e1vel para os pasteleiros profissionais, fornecedores de refei\u00e7\u00f5es e chocolatiers que pretendem garantir que as suas cria\u00e7\u00f5es s\u00e3o apresentadas com o m\u00e1ximo cuidado e prote\u00e7\u00e3o. Especificamente concebido para conter <strong data-start=\"494\" data-end=\"509\">16 macarons<\/strong>, este suporte r\u00edgido em pl\u00e1stico preto adapta-se perfeitamente a caixas espec\u00edficas e garante um apoio impec\u00e1vel durante o transporte e a armazenagem. Gra\u00e7as \u00e0 sua estrutura compartimentada, cada macaroon encontra o seu lugar natural sem risco de colis\u00e3o. Al\u00e9m disso, acabaram-se as cascas danificadas ou rachadas ou os recheios com fugas: este <strong data-start=\"844\" data-end=\"868\">tabuleiro para macarons<\/strong> preservar\u00e1 toda a delicadeza dos seus doces, quer se destinem a ser vendidos numa loja, para levar ou para eventos de prest\u00edgio.   <\/p>\n<p data-start=\"1022\" data-end=\"1303\">O <strong data-start=\"1025\" data-end=\"1043\">pl\u00e1stico preto<\/strong> confere tamb\u00e9m um toque extra de eleg\u00e2ncia, ideal para expor os seus produtos na montra da loja ou para os entregar aos clientes. A sua tonalidade escura real\u00e7a as cores vivas das conchas, criando um contraste requintado que chama imediatamente a aten\u00e7\u00e3o. <\/p>\n<p data-start=\"1305\" data-end=\"1629\">Vendida em <strong data-start=\"1314\" data-end=\"1335\">embalagens de 50 unidades<\/strong>, esta embalagem adapta-se perfeitamente \u00e0s necessidades dos profissionais. Para al\u00e9m de proteger os seus macarons, facilita a sua arruma\u00e7\u00e3o em caixas. <\/p>\n<p data-start=\"1631\" data-end=\"1794\">Adopte o <strong data-start=\"1642\" data-end=\"1688\">tabuleiro preto para macarons<\/strong> e proporcione aos seus clientes uma experi\u00eancia gourmet completa, desde a apresenta\u00e7\u00e3o at\u00e9 \u00e0 degusta\u00e7\u00e3o.<\/p>\n<p data-start=\"1631\" data-end=\"1794\">\n<p data-start=\"1423\" data-end=\"1694\"><!--more--><\/p>\n<h4 data-start=\"1423\" data-end=\"1694\">Vantagens :<\/h4>\n<ul>\n<li data-start=\"1423\" data-end=\"1694\">Comporta perfeitamente <strong data-start=\"2013\" data-end=\"2028\">16 macarons<\/strong> sem risco de esmagar.<\/li>\n<li data-start=\"1423\" data-end=\"1694\"><strong data-start=\"1698\" data-end=\"1723\">Pl\u00e1stico<\/strong> r\u00edgido e higi\u00e9nico de <strong data-start=\"1698\" data-end=\"1723\">qualidade alimentar<\/strong>.<\/li>\n<li data-start=\"1423\" data-end=\"1694\"><strong data-start=\"1757\" data-end=\"1775\"> Preto<\/strong> transparente para real\u00e7ar as suas cria\u00e7\u00f5es.<\/li>\n<li data-start=\"1423\" data-end=\"1694\">Formato standard adequado para caixas de macarr\u00e3o cl\u00e1ssicas.<\/li>\n<li data-start=\"1423\" data-end=\"1694\">Vendido em <strong data-start=\"1875\" data-end=\"1888\">embalagens de 50 unidades<\/strong>, ideal para profissionais.<\/li>\n<\/ul>\n<p>&nbsp;<\/p>\n<p><!--more--><\/p>\n<h4>Outras informa\u00e7\u00f5es :<\/h4>\n<ul style=\"box-sizing: inherit; font-family: Roboto, sans-serif;\">\n<li><strong>Embalagem<\/strong>: Pacote de 50<\/li>\n<li><span style=\"font-weight: bold;\">Dimens\u00f5es<\/span>: 170 x 130 x 19 (C x L x A em mm)<\/li>\n<li><strong>Dimens\u00f5es da posi\u00e7\u00e3o do crach\u00e1<\/strong>: 4 cm x 2,5 cm<\/li>\n<li><strong>Material<\/strong>: Pl\u00e1stico<\/li>\n<li><strong>Cor<\/strong>: preto<\/li>\n<li><strong>Capacidade<\/strong>: 16 macarons<\/li>\n<\/ul>\n<p>&nbsp;<\/p>\n<p><!--more--><\/p>\n<p>Tamb\u00e9m dispon\u00edvel em transparente: <span style=\"color: #d12727;\"><br \/>\n  <a style=\"color: #d12727;\" href=\"https:\/\/www.csj-emballages.com\/produit\/50-calages-transparent-plastique-16-macarons-pour-boite\/\">CALBM12TRAN<\/a><br \/>\n<\/span><\/p>\n<p>&nbsp;<\/p>\n<p><!--more--><\/p>\n<p>Aqui encontra todas as caixas de macarr\u00e3o compat\u00edveis com este encaixe: <span style=\"color: #d12727;\"><br \/>\n  <a style=\"color: #d12727;\" href=\"https:\/\/www.csj-emballages.com\/es\/produit\/caja-de-carton-rosa-para-12-16-macarrones\/\">ROSE<\/a><br \/>\n<\/span> (BM12ROSE) \/ <span style=\"color: #d12727;\"><br \/>\n  <a style=\"color: #d12727;\" href=\"https:\/\/www.csj-emballages.com\/es\/produit\/caja-de-carton-verde-para-12-16-macarrones\/\">VERDE<\/a><br \/>\n<\/span> (BM12VERT) \/ <span style=\"color: #d12727;\"><br \/>\n  <a style=\"color: #d12727;\" href=\"https:\/\/www.csj-emballages.com\/es\/produit\/caja-de-carton-naranja-para-12-16-macarrones\/\">LARANJA<\/a><br \/>\n<\/span> (BM12ORANGE) \/ <span style=\"color: #d12727;\"><a style=\"color: #d12727;\" href=\"https:\/\/www.csj-emballages.com\/es\/produit\/caja-de-carton-negra-para-12-16-macarrones\/\">PRETO<\/a> <span style=\"color: #000000;\">(BM12NOIR) \/ <span style=\"color: #d12727;\"><a style=\"color: #d12727;\" href=\"https:\/\/www.csj-emballages.com\/es\/produit\/caja-parma-para-12-16-macarrones-de-carton\/\">PARME<\/a><\/span> (BM12VIO)<\/span><\/span><\/p>\n<p>&nbsp;<\/p>\n<p><!--more--><\/p>\n<p><a href=\"https:\/\/www.csj-emballages.com\/pt-pt\/categorie-produit\/embalagem-de-alimentos\/padaria-e-pastelaria\/caixas-e-estojos\/caixas-estojos-para-macarons\/caixas-macarons\/cunhas-de-macarrao\/\">Ver o resto da nossa gama de forros para macarons<\/a><\/p>\n","protected":false},"excerpt":{"rendered":"<p>Preparar os macarons Descri\u00e7\u00e3o do nosso inserto para macarons em pl\u00e1stico preto 16 macarons para caixas de 50<\/p>\n","protected":false},"featured_media":241978,"template":"","meta":{"_acf_changed":false},"product_brand":[],"product_cat":[1141,1177,1732,2170,3885],"product_tag":[],"class_list":{"0":"post-226609","1":"product","2":"type-product","3":"status-publish","4":"has-post-thumbnail","6":"product_cat-embalagem-de-alimentos","7":"product_cat-padaria-e-pastelaria","8":"product_cat-caixas-estojos-para-macarons","9":"product_cat-caixas-macarons","10":"product_cat-cunhas-de-macarrao","12":"first","13":"instock","14":"taxable","15":"shipping-taxable","16":"purchasable","17":"product-type-simple"},"acf":[],"yoast_head":"<!-- This site is optimized with the Yoast SEO Premium plugin v26.6 (Yoast SEO v26.6) - https:\/\/yoast.com\/wordpress\/plugins\/seo\/ -->\n<title>Tabuleiro para macarons Pl\u00e1stico preto 16 macarons por caixa de 50<\/title>\n<meta name=\"description\" content=\"Pasta de macarr\u00e3o preta para 16 macarons de pl\u00e1stico, embalagem de 50. Protege, melhora e optimiza as suas apresenta\u00e7\u00f5es profissionais.\" \/>\n<meta name=\"robots\" content=\"index, follow, max-snippet:-1, max-image-preview:large, max-video-preview:-1\" \/>\n<link rel=\"canonical\" href=\"https:\/\/www.csj-emballages.com\/pt-pt\/produit\/50-insercoes-de-plastico-preto-16-macarons-para-caixa\/\" \/>\n<meta property=\"og:locale\" content=\"pt_PT\" \/>\n<meta property=\"og:type\" content=\"article\" \/>\n<meta property=\"og:title\" content=\"Macarons de pl\u00e1stico preto 16 macarons por caixa de 50\" \/>\n<meta property=\"og:description\" content=\"Pasta de macarr\u00e3o preta para 16 macarons de pl\u00e1stico, embalagem de 50. Protege, melhora e optimiza as suas apresenta\u00e7\u00f5es profissionais.\" \/>\n<meta property=\"og:url\" content=\"https:\/\/www.csj-emballages.com\/pt-pt\/produit\/50-insercoes-de-plastico-preto-16-macarons-para-caixa\/\" \/>\n<meta property=\"og:site_name\" content=\"CSJ Emballages\" \/>\n<meta property=\"article:publisher\" content=\"https:\/\/www.facebook.com\/csjemballages\" \/>\n<meta property=\"article:modified_time\" content=\"2026-03-12T15:18:59+00:00\" \/>\n<meta property=\"og:image\" content=\"https:\/\/www.csj-emballages.com\/wp-content\/uploads\/2024\/03\/CALBM12NOIR.webp\" \/>\n\t<meta property=\"og:image:width\" content=\"800\" \/>\n\t<meta property=\"og:image:height\" content=\"800\" \/>\n\t<meta property=\"og:image:type\" content=\"image\/webp\" \/>\n<meta name=\"twitter:card\" content=\"summary_large_image\" \/>\n<meta name=\"twitter:label1\" content=\"Tempo estimado de leitura\" \/>\n\t<meta name=\"twitter:data1\" content=\"2 minutos\" \/>\n<script type=\"application\/ld+json\" class=\"yoast-schema-graph\">{\"@context\":\"https:\/\/schema.org\",\"@graph\":[{\"@type\":\"WebPage\",\"@id\":\"https:\/\/www.csj-emballages.com\/pt-pt\/produit\/50-insercoes-de-plastico-preto-16-macarons-para-caixa\/\",\"url\":\"https:\/\/www.csj-emballages.com\/pt-pt\/produit\/50-insercoes-de-plastico-preto-16-macarons-para-caixa\/\",\"name\":\"Tabuleiro para macarons Pl\u00e1stico preto 16 macarons por caixa de 50\",\"isPartOf\":{\"@id\":\"https:\/\/www.csj-emballages.com\/pt-pt\/#website\"},\"primaryImageOfPage\":{\"@id\":\"https:\/\/www.csj-emballages.com\/pt-pt\/produit\/50-insercoes-de-plastico-preto-16-macarons-para-caixa\/#primaryimage\"},\"image\":{\"@id\":\"https:\/\/www.csj-emballages.com\/pt-pt\/produit\/50-insercoes-de-plastico-preto-16-macarons-para-caixa\/#primaryimage\"},\"thumbnailUrl\":\"https:\/\/www.csj-emballages.com\/wp-content\/uploads\/2024\/03\/CALBM12NOIR.webp\",\"datePublished\":\"2024-03-01T15:55:45+00:00\",\"dateModified\":\"2026-03-12T15:18:59+00:00\",\"description\":\"Pasta de macarr\u00e3o preta para 16 macarons de pl\u00e1stico, embalagem de 50. Protege, melhora e optimiza as suas apresenta\u00e7\u00f5es profissionais.\",\"breadcrumb\":{\"@id\":\"https:\/\/www.csj-emballages.com\/pt-pt\/produit\/50-insercoes-de-plastico-preto-16-macarons-para-caixa\/#breadcrumb\"},\"inLanguage\":\"pt-PT\",\"potentialAction\":[{\"@type\":\"ReadAction\",\"target\":[\"https:\/\/www.csj-emballages.com\/pt-pt\/produit\/50-insercoes-de-plastico-preto-16-macarons-para-caixa\/\"]}]},{\"@type\":\"ImageObject\",\"inLanguage\":\"pt-PT\",\"@id\":\"https:\/\/www.csj-emballages.com\/pt-pt\/produit\/50-insercoes-de-plastico-preto-16-macarons-para-caixa\/#primaryimage\",\"url\":\"https:\/\/www.csj-emballages.com\/wp-content\/uploads\/2024\/03\/CALBM12NOIR.webp\",\"contentUrl\":\"https:\/\/www.csj-emballages.com\/wp-content\/uploads\/2024\/03\/CALBM12NOIR.webp\",\"width\":800,\"height\":800,\"caption\":\"Calage macarons\"},{\"@type\":\"BreadcrumbList\",\"@id\":\"https:\/\/www.csj-emballages.com\/pt-pt\/produit\/50-insercoes-de-plastico-preto-16-macarons-para-caixa\/#breadcrumb\",\"itemListElement\":[{\"@type\":\"ListItem\",\"position\":1,\"name\":\"Acolhimento\",\"item\":\"https:\/\/www.csj-emballages.com\/pt-pt\/universo-das-embalagens-alimentares\/\"},{\"@type\":\"ListItem\",\"position\":2,\"name\":\"Shop\",\"item\":\"https:\/\/www.csj-emballages.com\/shop\/\"},{\"@type\":\"ListItem\",\"position\":3,\"name\":\"Macarons de pl\u00e1stico preto 16 macarons por caixa de 50\"}]},{\"@type\":\"WebSite\",\"@id\":\"https:\/\/www.csj-emballages.com\/pt-pt\/#website\",\"url\":\"https:\/\/www.csj-emballages.com\/pt-pt\/\",\"name\":\"CSJ Emballages\",\"description\":\"\",\"publisher\":{\"@id\":\"https:\/\/www.csj-emballages.com\/pt-pt\/#organization\"},\"potentialAction\":[{\"@type\":\"SearchAction\",\"target\":{\"@type\":\"EntryPoint\",\"urlTemplate\":\"https:\/\/www.csj-emballages.com\/pt-pt\/?s={search_term_string}\"},\"query-input\":{\"@type\":\"PropertyValueSpecification\",\"valueRequired\":true,\"valueName\":\"search_term_string\"}}],\"inLanguage\":\"pt-PT\"},{\"@type\":\"Organization\",\"@id\":\"https:\/\/www.csj-emballages.com\/pt-pt\/#Organization\/\",\"name\":\"CSJ Emballages\",\"url\":\"https:\/\/www.csj-emballages.com\/pt-pt\/\",\"logo\":{\"@type\":\"ImageObject\",\"inLanguage\":\"pt-PT\",\"@id\":\"https:\/\/www.csj-emballages.com\/pt-pt\/#\/schema\/logo\/image\/\",\"url\":\"https:\/\/www.csj-emballages.com\/wp-content\/uploads\/2023\/10\/logo_csj.webp\",\"contentUrl\":\"https:\/\/www.csj-emballages.com\/wp-content\/uploads\/2023\/10\/logo_csj.webp\",\"width\":250,\"height\":95,\"caption\":\"CSJ Emballages\"},\"image\":{\"@id\":\"https:\/\/www.csj-emballages.com\/pt-pt\/#\/schema\/logo\/image\/\"},\"sameAs\":[\"https:\/\/www.facebook.com\/csjemballages\"],\"address\":{\"@type\":\"PostalAddress\",\"streetAddress\":\"ZI La Lechere\",\"addressLocality\":\"Patornay\",\"postalCode\":\"39130\",\"addressCountry\":\"FR\"},\"contactPoint\":[{\"@type\":\"ContactPoint\",\"contactType\":\"Service client\",\"telephone\":\"0384254272\",\"email\":\"contact@csj-emballages.com\"}]}]}<\/script>\n<!-- \/ Yoast SEO Premium plugin. -->","yoast_head_json":{"title":"Tabuleiro para macarons Pl\u00e1stico preto 16 macarons por caixa de 50","description":"Pasta de macarr\u00e3o preta para 16 macarons de pl\u00e1stico, embalagem de 50. Protege, melhora e optimiza as suas apresenta\u00e7\u00f5es profissionais.","robots":{"index":"index","follow":"follow","max-snippet":"max-snippet:-1","max-image-preview":"max-image-preview:large","max-video-preview":"max-video-preview:-1"},"canonical":"https:\/\/www.csj-emballages.com\/pt-pt\/produit\/50-insercoes-de-plastico-preto-16-macarons-para-caixa\/","og_locale":"pt_PT","og_type":"article","og_title":"Macarons de pl\u00e1stico preto 16 macarons por caixa de 50","og_description":"Pasta de macarr\u00e3o preta para 16 macarons de pl\u00e1stico, embalagem de 50. Protege, melhora e optimiza as suas apresenta\u00e7\u00f5es profissionais.","og_url":"https:\/\/www.csj-emballages.com\/pt-pt\/produit\/50-insercoes-de-plastico-preto-16-macarons-para-caixa\/","og_site_name":"CSJ Emballages","article_publisher":"https:\/\/www.facebook.com\/csjemballages","article_modified_time":"2026-03-12T15:18:59+00:00","og_image":[{"width":800,"height":800,"url":"https:\/\/www.csj-emballages.com\/wp-content\/uploads\/2024\/03\/CALBM12NOIR.webp","type":"image\/webp"}],"twitter_card":"summary_large_image","twitter_misc":{"Tempo estimado de leitura":"2 minutos"},"schema":{"@context":"https:\/\/schema.org","@graph":[{"@type":"WebPage","@id":"https:\/\/www.csj-emballages.com\/pt-pt\/produit\/50-insercoes-de-plastico-preto-16-macarons-para-caixa\/","url":"https:\/\/www.csj-emballages.com\/pt-pt\/produit\/50-insercoes-de-plastico-preto-16-macarons-para-caixa\/","name":"Tabuleiro para macarons Pl\u00e1stico preto 16 macarons por caixa de 50","isPartOf":{"@id":"https:\/\/www.csj-emballages.com\/pt-pt\/#website"},"primaryImageOfPage":{"@id":"https:\/\/www.csj-emballages.com\/pt-pt\/produit\/50-insercoes-de-plastico-preto-16-macarons-para-caixa\/#primaryimage"},"image":{"@id":"https:\/\/www.csj-emballages.com\/pt-pt\/produit\/50-insercoes-de-plastico-preto-16-macarons-para-caixa\/#primaryimage"},"thumbnailUrl":"https:\/\/www.csj-emballages.com\/wp-content\/uploads\/2024\/03\/CALBM12NOIR.webp","datePublished":"2024-03-01T15:55:45+00:00","dateModified":"2026-03-12T15:18:59+00:00","description":"Pasta de macarr\u00e3o preta para 16 macarons de pl\u00e1stico, embalagem de 50. Protege, melhora e optimiza as suas apresenta\u00e7\u00f5es profissionais.","breadcrumb":{"@id":"https:\/\/www.csj-emballages.com\/pt-pt\/produit\/50-insercoes-de-plastico-preto-16-macarons-para-caixa\/#breadcrumb"},"inLanguage":"pt-PT","potentialAction":[{"@type":"ReadAction","target":["https:\/\/www.csj-emballages.com\/pt-pt\/produit\/50-insercoes-de-plastico-preto-16-macarons-para-caixa\/"]}]},{"@type":"ImageObject","inLanguage":"pt-PT","@id":"https:\/\/www.csj-emballages.com\/pt-pt\/produit\/50-insercoes-de-plastico-preto-16-macarons-para-caixa\/#primaryimage","url":"https:\/\/www.csj-emballages.com\/wp-content\/uploads\/2024\/03\/CALBM12NOIR.webp","contentUrl":"https:\/\/www.csj-emballages.com\/wp-content\/uploads\/2024\/03\/CALBM12NOIR.webp","width":800,"height":800,"caption":"Calage macarons"},{"@type":"BreadcrumbList","@id":"https:\/\/www.csj-emballages.com\/pt-pt\/produit\/50-insercoes-de-plastico-preto-16-macarons-para-caixa\/#breadcrumb","itemListElement":[{"@type":"ListItem","position":1,"name":"Acolhimento","item":"https:\/\/www.csj-emballages.com\/pt-pt\/universo-das-embalagens-alimentares\/"},{"@type":"ListItem","position":2,"name":"Shop","item":"https:\/\/www.csj-emballages.com\/shop\/"},{"@type":"ListItem","position":3,"name":"Macarons de pl\u00e1stico preto 16 macarons por caixa de 50"}]},{"@type":"WebSite","@id":"https:\/\/www.csj-emballages.com\/pt-pt\/#website","url":"https:\/\/www.csj-emballages.com\/pt-pt\/","name":"CSJ Emballages","description":"","publisher":{"@id":"https:\/\/www.csj-emballages.com\/pt-pt\/#organization"},"potentialAction":[{"@type":"SearchAction","target":{"@type":"EntryPoint","urlTemplate":"https:\/\/www.csj-emballages.com\/pt-pt\/?s={search_term_string}"},"query-input":{"@type":"PropertyValueSpecification","valueRequired":true,"valueName":"search_term_string"}}],"inLanguage":"pt-PT"},{"@type":"Organization","@id":"https:\/\/www.csj-emballages.com\/pt-pt\/#Organization\/","name":"CSJ Emballages","url":"https:\/\/www.csj-emballages.com\/pt-pt\/","logo":{"@type":"ImageObject","inLanguage":"pt-PT","@id":"https:\/\/www.csj-emballages.com\/pt-pt\/#\/schema\/logo\/image\/","url":"https:\/\/www.csj-emballages.com\/wp-content\/uploads\/2023\/10\/logo_csj.webp","contentUrl":"https:\/\/www.csj-emballages.com\/wp-content\/uploads\/2023\/10\/logo_csj.webp","width":250,"height":95,"caption":"CSJ Emballages"},"image":{"@id":"https:\/\/www.csj-emballages.com\/pt-pt\/#\/schema\/logo\/image\/"},"sameAs":["https:\/\/www.facebook.com\/csjemballages"],"address":{"@type":"PostalAddress","streetAddress":"ZI La Lechere","addressLocality":"Patornay","postalCode":"39130","addressCountry":"FR"},"contactPoint":[{"@type":"ContactPoint","contactType":"Service client","telephone":"0384254272","email":"contact@csj-emballages.com"}]}]}},"df_price":29.17,"df_sale_price":"","df_regular_price":29.17,"df_image_link":"https:\/\/www.csj-emballages.com\/wp-content\/uploads\/2024\/03\/CALBM12NOIR-300x300.webp","tiered_pricing_type":"fixed","tiered_pricing_fixed_rules":[],"tiered_pricing_percentage_rules":[],"tiered_pricing_minimum":1,"tiered_pricing_roles_data":[],"_links":{"self":[{"href":"https:\/\/www.csj-emballages.com\/pt-pt\/wp-json\/wp\/v2\/product\/226609","targetHints":{"allow":["GET"]}}],"collection":[{"href":"https:\/\/www.csj-emballages.com\/pt-pt\/wp-json\/wp\/v2\/product"}],"about":[{"href":"https:\/\/www.csj-emballages.com\/pt-pt\/wp-json\/wp\/v2\/types\/product"}],"wp:featuredmedia":[{"embeddable":true,"href":"https:\/\/www.csj-emballages.com\/pt-pt\/wp-json\/wp\/v2\/media\/241978"}],"wp:attachment":[{"href":"https:\/\/www.csj-emballages.com\/pt-pt\/wp-json\/wp\/v2\/media?parent=226609"}],"wp:term":[{"taxonomy":"product_brand","embeddable":true,"href":"https:\/\/www.csj-emballages.com\/pt-pt\/wp-json\/wp\/v2\/product_brand?post=226609"},{"taxonomy":"product_cat","embeddable":true,"href":"https:\/\/www.csj-emballages.com\/pt-pt\/wp-json\/wp\/v2\/product_cat?post=226609"},{"taxonomy":"product_tag","embeddable":true,"href":"https:\/\/www.csj-emballages.com\/pt-pt\/wp-json\/wp\/v2\/product_tag?post=226609"}],"curies":[{"name":"wp","href":"https:\/\/api.w.org\/{rel}","templated":true}]}}