{"id":226591,"date":"2024-03-01T16:55:44","date_gmt":"2024-03-01T15:55:44","guid":{"rendered":"https:\/\/www.csj-emballages.com\/produit\/50-insercoes-de-plastico-preto-8-macarons-para-caixa\/"},"modified":"2026-04-22T02:11:35","modified_gmt":"2026-04-22T00:11:35","slug":"50-insercoes-de-plastico-preto-8-macarons-para-caixa","status":"publish","type":"product","link":"https:\/\/www.csj-emballages.com\/pt-pt\/produit\/50-insercoes-de-plastico-preto-8-macarons-para-caixa\/","title":{"rendered":"Macarons de pl\u00e1stico preto 8 macarons por caixa de 50"},"content":{"rendered":"<h2>Preparar os macarons<\/h2>\n<hr>\n<h3>Descri\u00e7\u00e3o do nosso inserto para macarons em pl\u00e1stico preto 8 macarons para caixas de 50<\/h3>\n<p><!--more--><\/p>\n<p data-start=\"128\" data-end=\"437\">D\u00ea aos seus doces uma apresenta\u00e7\u00e3o elegante e uma prote\u00e7\u00e3o \u00f3ptima com o <strong data-start=\"212\" data-end=\"275\">suporte para macarons em pl\u00e1stico preto 8 macarons para caixas de 50<\/strong>. Especialmente concebido para os profissionais de pastelaria e artes\u00e3os que pretendem valorizar a sua imagem, este suporte combina praticidade, higiene e est\u00e9tica. <\/p>\n<p data-start=\"439\" data-end=\"802\">Cada <strong>tabuleiro<\/strong> pode conter <strong data-start=\"473\" data-end=\"495\">at\u00e9 8 macarons<\/strong> de tamanho normal, mantendo-os firmemente no lugar para evitar que sejam derrubados ou esmagados durante o transporte ou armazenamento. O seu design <strong data-start=\"642\" data-end=\"667\">em pl\u00e1stico seguro para alimentos<\/strong> garante uma seguran\u00e7a \u00f3ptima para as suas cria\u00e7\u00f5es, ao mesmo tempo que oferece rigidez suficiente para suportar o manuseamento repetido. <\/p>\n<p data-start=\"804\" data-end=\"1037\">A cor <strong data-start=\"815\" data-end=\"824\">preta<\/strong> confere um toque de requinte que real\u00e7a as cores vivas e delicadas das cascas dos macarons. O efeito de contraste real\u00e7a as suas cria\u00e7\u00f5es e contribui para refor\u00e7ar a imagem de luxo da sua marca. <\/p>\n<p data-start=\"1039\" data-end=\"1314\">Vendidos em embalagens econ\u00f3micas de <strong data-start=\"1067\" data-end=\"1081\">50<\/strong> unidades, s\u00e3o ideais para uma utiliza\u00e7\u00e3o profissional regular. F\u00e1ceis de inserir em caixas de macarr\u00e3o normais, encaixam facilmente e s\u00e3o r\u00e1pidos de preparar quando se fazem encomendas. <\/p>\n<p data-start=\"1316\" data-end=\"1613\">Escolher este <strong data-start=\"1327\" data-end=\"1361\">tabuleiro para macarons em pl\u00e1stico preto<\/strong> significa optar por um produto pr\u00e1tico, resistente e atrativo, concebido para responder \u00e0s exig\u00eancias dos artes\u00e3os, dos fornecedores de refei\u00e7\u00f5es e das lojas especializadas. Um produto indispens\u00e1vel para servir os seus clientes com cuidado, promovendo ao mesmo tempo a sua experi\u00eancia. <\/p>\n<p data-start=\"1423\" data-end=\"1694\"><!--more--><\/p>\n<h4 data-start=\"1423\" data-end=\"1694\">Vantagens :<\/h4>\n<ul>\n<li data-start=\"1423\" data-end=\"1694\">Suporta perfeitamente <strong data-start=\"1658\" data-end=\"1672\">8 macarons<\/strong> sem se partir.<\/li>\n<li data-start=\"1423\" data-end=\"1694\"><strong data-start=\"1698\" data-end=\"1723\">Pl\u00e1stico<\/strong> r\u00edgido e higi\u00e9nico de <strong data-start=\"1698\" data-end=\"1723\">qualidade alimentar<\/strong>.<\/li>\n<li data-start=\"1423\" data-end=\"1694\"><strong data-start=\"1757\" data-end=\"1775\">Uma<\/strong> cor <strong data-start=\"1757\" data-end=\"1775\">preta elegante<\/strong> que real\u00e7a as suas cria\u00e7\u00f5es.<\/li>\n<li data-start=\"1423\" data-end=\"1694\">Formato standard adequado para caixas de macarr\u00e3o cl\u00e1ssicas.<\/li>\n<li data-start=\"1423\" data-end=\"1694\">Vendido em <strong data-start=\"1875\" data-end=\"1888\">embalagens de 50 unidades<\/strong>, ideal para profissionais.<\/li>\n<\/ul>\n<p>&nbsp;<\/p>\n<p><!--more--><\/p>\n<h4>Outras informa\u00e7\u00f5es :<\/h4>\n<ul style=\"box-sizing: inherit; font-family: Roboto, sans-serif;\">\n<li><strong>Embalagem<\/strong>: Pacote de 50<\/li>\n<li><span style=\"font-weight: bold;\">Dimens\u00f5es<\/span>: 230 x 50 x 19 (C x L x A em mm)<\/li>\n<li><strong>Dimens\u00f5es da posi\u00e7\u00e3o do crach\u00e1<\/strong>: 4 cm x 2,5 cm<\/li>\n<li><strong>Material<\/strong>: Pl\u00e1stico<\/li>\n<li><strong>Cor<\/strong>: preto<\/li>\n<li><strong>Capacidade<\/strong>: 8 macarons<\/li>\n<\/ul>\n<p>&nbsp;<\/p>\n<p><!--more--><\/p>\n<p>Tamb\u00e9m dispon\u00edvel em transparente: <span style=\"color: #d12727;\"><br \/>\n  <a style=\"color: #d12727;\" href=\"https:\/\/www.csj-emballages.com\/produit\/50-calages-transparent-plastique-8-macarons-pour-boite\/\">CALBM6TRAN<\/a><br \/>\n<\/span><\/p>\n<p>&nbsp;<\/p>\n<p><!--more--><\/p>\n<p>Aqui encontra todas as caixas de macarr\u00e3o compat\u00edveis com este encaixe: <span style=\"color: #d12727;\"><br \/>\n  <a style=\"color: #d12727;\" href=\"https:\/\/www.csj-emballages.com\/pt-pt\/produit\/25-caixas-de-cartao-branco-para-8-macarons\/\">BRANCO<\/a><br \/>\n<\/span> (BM6BANC) \/ <span style=\"color: #d12727;\"><br \/>\n  <a style=\"color: #d12727;\" href=\"https:\/\/www.csj-emballages.com\/pt-pt\/produit\/caixa-de-cartao-cor-de-rosa-para-8-macarons\/\">ROSA<\/a><br \/>\n<\/span> (BM6ROSE) \/ <span style=\"color: #d12727;\"><br \/>\n  <a style=\"color: #d12727;\" href=\"https:\/\/www.csj-emballages.com\/pt-pt\/produit\/caixa-de-cartao-verde-para-8-macarons\/\">VERDE<\/a><br \/>\n<\/span> (BM6VERT) \/ <span style=\"color: #d12727;\"><br \/>\n  <a style=\"color: #d12727;\" href=\"https:\/\/www.csj-emballages.com\/pt-pt\/produit\/caixa-de-cartao-laranja-para-8-macarons\/\">LARANJA<\/a><br \/>\n<\/span> (BM6ORANGE) \/ <span style=\"color: #d12727;\"><a style=\"color: #d12727;\" href=\"https:\/\/www.csj-emballages.com\/pt-pt\/produit\/caixa-de-cartao-preta-para-8-macarons\/\">PRETO<\/a> <span style=\"color: #000000;\">(BM6NOIR)<\/span><\/span><\/p>\n<p>&nbsp;<\/p>\n<p><!--more--><\/p>\n<p><a href=\"https:\/\/www.csj-emballages.com\/pt-pt\/categorie-produit\/embalagem-de-alimentos\/padaria-e-pastelaria\/caixas-e-estojos\/caixas-estojos-para-macarons\/caixas-macarons\/cunhas-de-macarrao\/\">Ver o resto da nossa gama de forros para macarons<\/a><\/p>\n","protected":false},"excerpt":{"rendered":"<p>Preparar os macarons Descri\u00e7\u00e3o do nosso inserto para macarons em pl\u00e1stico preto 8 macarons para caixas de 50<\/p>\n","protected":false},"featured_media":241964,"template":"","meta":{"_acf_changed":false},"product_brand":[],"product_cat":[1141,1177,1732,2170,3885],"product_tag":[],"class_list":{"0":"post-226591","1":"product","2":"type-product","3":"status-publish","4":"has-post-thumbnail","6":"product_cat-embalagem-de-alimentos","7":"product_cat-padaria-e-pastelaria","8":"product_cat-caixas-estojos-para-macarons","9":"product_cat-caixas-macarons","10":"product_cat-cunhas-de-macarrao","12":"first","13":"instock","14":"taxable","15":"shipping-taxable","16":"purchasable","17":"product-type-simple"},"acf":[],"yoast_head":"<!-- This site is optimized with the Yoast SEO Premium plugin v26.6 (Yoast SEO v26.6) - https:\/\/yoast.com\/wordpress\/plugins\/seo\/ -->\n<title>Tabuleiro para Macaroons Pl\u00e1stico Preto 8 Macaroons para Caixa de 50<\/title>\n<meta name=\"description\" content=\"Inser\u00e7\u00e3o de pl\u00e1stico preto para 8 macarons - Ideal para colocar os macarons na sua caixa. Vendido em embalagens de 50 unidades.\" \/>\n<meta name=\"robots\" content=\"index, follow, max-snippet:-1, max-image-preview:large, max-video-preview:-1\" \/>\n<link rel=\"canonical\" href=\"https:\/\/www.csj-emballages.com\/pt-pt\/produit\/50-insercoes-de-plastico-preto-8-macarons-para-caixa\/\" \/>\n<meta property=\"og:locale\" content=\"pt_PT\" \/>\n<meta property=\"og:type\" content=\"article\" \/>\n<meta property=\"og:title\" content=\"Macarons de pl\u00e1stico preto 8 macarons por caixa de 50\" \/>\n<meta property=\"og:description\" content=\"Inser\u00e7\u00e3o de pl\u00e1stico preto para 8 macarons - Ideal para colocar os macarons na sua caixa. Vendido em embalagens de 50 unidades.\" \/>\n<meta property=\"og:url\" content=\"https:\/\/www.csj-emballages.com\/pt-pt\/produit\/50-insercoes-de-plastico-preto-8-macarons-para-caixa\/\" \/>\n<meta property=\"og:site_name\" content=\"CSJ Emballages\" \/>\n<meta property=\"article:publisher\" content=\"https:\/\/www.facebook.com\/csjemballages\" \/>\n<meta property=\"article:modified_time\" content=\"2026-04-22T00:11:35+00:00\" \/>\n<meta property=\"og:image\" content=\"https:\/\/www.csj-emballages.com\/wp-content\/uploads\/2024\/03\/Calages-macarons.webp\" \/>\n\t<meta property=\"og:image:width\" content=\"800\" \/>\n\t<meta property=\"og:image:height\" content=\"800\" \/>\n\t<meta property=\"og:image:type\" content=\"image\/webp\" \/>\n<meta name=\"twitter:card\" content=\"summary_large_image\" \/>\n<meta name=\"twitter:label1\" content=\"Tempo estimado de leitura\" \/>\n\t<meta name=\"twitter:data1\" content=\"2 minutos\" \/>\n<script type=\"application\/ld+json\" class=\"yoast-schema-graph\">{\"@context\":\"https:\/\/schema.org\",\"@graph\":[{\"@type\":\"WebPage\",\"@id\":\"https:\/\/www.csj-emballages.com\/pt-pt\/produit\/50-insercoes-de-plastico-preto-8-macarons-para-caixa\/\",\"url\":\"https:\/\/www.csj-emballages.com\/pt-pt\/produit\/50-insercoes-de-plastico-preto-8-macarons-para-caixa\/\",\"name\":\"Tabuleiro para Macaroons Pl\u00e1stico Preto 8 Macaroons para Caixa de 50\",\"isPartOf\":{\"@id\":\"https:\/\/www.csj-emballages.com\/pt-pt\/#website\"},\"primaryImageOfPage\":{\"@id\":\"https:\/\/www.csj-emballages.com\/pt-pt\/produit\/50-insercoes-de-plastico-preto-8-macarons-para-caixa\/#primaryimage\"},\"image\":{\"@id\":\"https:\/\/www.csj-emballages.com\/pt-pt\/produit\/50-insercoes-de-plastico-preto-8-macarons-para-caixa\/#primaryimage\"},\"thumbnailUrl\":\"https:\/\/www.csj-emballages.com\/wp-content\/uploads\/2024\/03\/Calages-macarons.webp\",\"datePublished\":\"2024-03-01T15:55:44+00:00\",\"dateModified\":\"2026-04-22T00:11:35+00:00\",\"description\":\"Inser\u00e7\u00e3o de pl\u00e1stico preto para 8 macarons - Ideal para colocar os macarons na sua caixa. Vendido em embalagens de 50 unidades.\",\"breadcrumb\":{\"@id\":\"https:\/\/www.csj-emballages.com\/pt-pt\/produit\/50-insercoes-de-plastico-preto-8-macarons-para-caixa\/#breadcrumb\"},\"inLanguage\":\"pt-PT\",\"potentialAction\":[{\"@type\":\"ReadAction\",\"target\":[\"https:\/\/www.csj-emballages.com\/pt-pt\/produit\/50-insercoes-de-plastico-preto-8-macarons-para-caixa\/\"]}]},{\"@type\":\"ImageObject\",\"inLanguage\":\"pt-PT\",\"@id\":\"https:\/\/www.csj-emballages.com\/pt-pt\/produit\/50-insercoes-de-plastico-preto-8-macarons-para-caixa\/#primaryimage\",\"url\":\"https:\/\/www.csj-emballages.com\/wp-content\/uploads\/2024\/03\/Calages-macarons.webp\",\"contentUrl\":\"https:\/\/www.csj-emballages.com\/wp-content\/uploads\/2024\/03\/Calages-macarons.webp\",\"width\":800,\"height\":800,\"caption\":\"Calage noir\"},{\"@type\":\"BreadcrumbList\",\"@id\":\"https:\/\/www.csj-emballages.com\/pt-pt\/produit\/50-insercoes-de-plastico-preto-8-macarons-para-caixa\/#breadcrumb\",\"itemListElement\":[{\"@type\":\"ListItem\",\"position\":1,\"name\":\"Acolhimento\",\"item\":\"https:\/\/www.csj-emballages.com\/pt-pt\/universo-das-embalagens-alimentares\/\"},{\"@type\":\"ListItem\",\"position\":2,\"name\":\"Shop\",\"item\":\"https:\/\/www.csj-emballages.com\/shop\/\"},{\"@type\":\"ListItem\",\"position\":3,\"name\":\"Macarons de pl\u00e1stico preto 8 macarons por caixa de 50\"}]},{\"@type\":\"WebSite\",\"@id\":\"https:\/\/www.csj-emballages.com\/pt-pt\/#website\",\"url\":\"https:\/\/www.csj-emballages.com\/pt-pt\/\",\"name\":\"CSJ Emballages\",\"description\":\"\",\"publisher\":{\"@id\":\"https:\/\/www.csj-emballages.com\/pt-pt\/#organization\"},\"potentialAction\":[{\"@type\":\"SearchAction\",\"target\":{\"@type\":\"EntryPoint\",\"urlTemplate\":\"https:\/\/www.csj-emballages.com\/pt-pt\/?s={search_term_string}\"},\"query-input\":{\"@type\":\"PropertyValueSpecification\",\"valueRequired\":true,\"valueName\":\"search_term_string\"}}],\"inLanguage\":\"pt-PT\"},{\"@type\":\"Organization\",\"@id\":\"https:\/\/www.csj-emballages.com\/pt-pt\/#Organization\/\",\"name\":\"CSJ Emballages\",\"url\":\"https:\/\/www.csj-emballages.com\/pt-pt\/\",\"logo\":{\"@type\":\"ImageObject\",\"inLanguage\":\"pt-PT\",\"@id\":\"https:\/\/www.csj-emballages.com\/pt-pt\/#\/schema\/logo\/image\/\",\"url\":\"https:\/\/www.csj-emballages.com\/wp-content\/uploads\/2023\/10\/logo_csj.webp\",\"contentUrl\":\"https:\/\/www.csj-emballages.com\/wp-content\/uploads\/2023\/10\/logo_csj.webp\",\"width\":250,\"height\":95,\"caption\":\"CSJ Emballages\"},\"image\":{\"@id\":\"https:\/\/www.csj-emballages.com\/pt-pt\/#\/schema\/logo\/image\/\"},\"sameAs\":[\"https:\/\/www.facebook.com\/csjemballages\"],\"address\":{\"@type\":\"PostalAddress\",\"streetAddress\":\"ZI La Lechere\",\"addressLocality\":\"Patornay\",\"postalCode\":\"39130\",\"addressCountry\":\"FR\"},\"contactPoint\":[{\"@type\":\"ContactPoint\",\"contactType\":\"Service client\",\"telephone\":\"0384254272\",\"email\":\"contact@csj-emballages.com\"}]}]}<\/script>\n<!-- \/ Yoast SEO Premium plugin. -->","yoast_head_json":{"title":"Tabuleiro para Macaroons Pl\u00e1stico Preto 8 Macaroons para Caixa de 50","description":"Inser\u00e7\u00e3o de pl\u00e1stico preto para 8 macarons - Ideal para colocar os macarons na sua caixa. Vendido em embalagens de 50 unidades.","robots":{"index":"index","follow":"follow","max-snippet":"max-snippet:-1","max-image-preview":"max-image-preview:large","max-video-preview":"max-video-preview:-1"},"canonical":"https:\/\/www.csj-emballages.com\/pt-pt\/produit\/50-insercoes-de-plastico-preto-8-macarons-para-caixa\/","og_locale":"pt_PT","og_type":"article","og_title":"Macarons de pl\u00e1stico preto 8 macarons por caixa de 50","og_description":"Inser\u00e7\u00e3o de pl\u00e1stico preto para 8 macarons - Ideal para colocar os macarons na sua caixa. Vendido em embalagens de 50 unidades.","og_url":"https:\/\/www.csj-emballages.com\/pt-pt\/produit\/50-insercoes-de-plastico-preto-8-macarons-para-caixa\/","og_site_name":"CSJ Emballages","article_publisher":"https:\/\/www.facebook.com\/csjemballages","article_modified_time":"2026-04-22T00:11:35+00:00","og_image":[{"width":800,"height":800,"url":"https:\/\/www.csj-emballages.com\/wp-content\/uploads\/2024\/03\/Calages-macarons.webp","type":"image\/webp"}],"twitter_card":"summary_large_image","twitter_misc":{"Tempo estimado de leitura":"2 minutos"},"schema":{"@context":"https:\/\/schema.org","@graph":[{"@type":"WebPage","@id":"https:\/\/www.csj-emballages.com\/pt-pt\/produit\/50-insercoes-de-plastico-preto-8-macarons-para-caixa\/","url":"https:\/\/www.csj-emballages.com\/pt-pt\/produit\/50-insercoes-de-plastico-preto-8-macarons-para-caixa\/","name":"Tabuleiro para Macaroons Pl\u00e1stico Preto 8 Macaroons para Caixa de 50","isPartOf":{"@id":"https:\/\/www.csj-emballages.com\/pt-pt\/#website"},"primaryImageOfPage":{"@id":"https:\/\/www.csj-emballages.com\/pt-pt\/produit\/50-insercoes-de-plastico-preto-8-macarons-para-caixa\/#primaryimage"},"image":{"@id":"https:\/\/www.csj-emballages.com\/pt-pt\/produit\/50-insercoes-de-plastico-preto-8-macarons-para-caixa\/#primaryimage"},"thumbnailUrl":"https:\/\/www.csj-emballages.com\/wp-content\/uploads\/2024\/03\/Calages-macarons.webp","datePublished":"2024-03-01T15:55:44+00:00","dateModified":"2026-04-22T00:11:35+00:00","description":"Inser\u00e7\u00e3o de pl\u00e1stico preto para 8 macarons - Ideal para colocar os macarons na sua caixa. Vendido em embalagens de 50 unidades.","breadcrumb":{"@id":"https:\/\/www.csj-emballages.com\/pt-pt\/produit\/50-insercoes-de-plastico-preto-8-macarons-para-caixa\/#breadcrumb"},"inLanguage":"pt-PT","potentialAction":[{"@type":"ReadAction","target":["https:\/\/www.csj-emballages.com\/pt-pt\/produit\/50-insercoes-de-plastico-preto-8-macarons-para-caixa\/"]}]},{"@type":"ImageObject","inLanguage":"pt-PT","@id":"https:\/\/www.csj-emballages.com\/pt-pt\/produit\/50-insercoes-de-plastico-preto-8-macarons-para-caixa\/#primaryimage","url":"https:\/\/www.csj-emballages.com\/wp-content\/uploads\/2024\/03\/Calages-macarons.webp","contentUrl":"https:\/\/www.csj-emballages.com\/wp-content\/uploads\/2024\/03\/Calages-macarons.webp","width":800,"height":800,"caption":"Calage noir"},{"@type":"BreadcrumbList","@id":"https:\/\/www.csj-emballages.com\/pt-pt\/produit\/50-insercoes-de-plastico-preto-8-macarons-para-caixa\/#breadcrumb","itemListElement":[{"@type":"ListItem","position":1,"name":"Acolhimento","item":"https:\/\/www.csj-emballages.com\/pt-pt\/universo-das-embalagens-alimentares\/"},{"@type":"ListItem","position":2,"name":"Shop","item":"https:\/\/www.csj-emballages.com\/shop\/"},{"@type":"ListItem","position":3,"name":"Macarons de pl\u00e1stico preto 8 macarons por caixa de 50"}]},{"@type":"WebSite","@id":"https:\/\/www.csj-emballages.com\/pt-pt\/#website","url":"https:\/\/www.csj-emballages.com\/pt-pt\/","name":"CSJ Emballages","description":"","publisher":{"@id":"https:\/\/www.csj-emballages.com\/pt-pt\/#organization"},"potentialAction":[{"@type":"SearchAction","target":{"@type":"EntryPoint","urlTemplate":"https:\/\/www.csj-emballages.com\/pt-pt\/?s={search_term_string}"},"query-input":{"@type":"PropertyValueSpecification","valueRequired":true,"valueName":"search_term_string"}}],"inLanguage":"pt-PT"},{"@type":"Organization","@id":"https:\/\/www.csj-emballages.com\/pt-pt\/#Organization\/","name":"CSJ Emballages","url":"https:\/\/www.csj-emballages.com\/pt-pt\/","logo":{"@type":"ImageObject","inLanguage":"pt-PT","@id":"https:\/\/www.csj-emballages.com\/pt-pt\/#\/schema\/logo\/image\/","url":"https:\/\/www.csj-emballages.com\/wp-content\/uploads\/2023\/10\/logo_csj.webp","contentUrl":"https:\/\/www.csj-emballages.com\/wp-content\/uploads\/2023\/10\/logo_csj.webp","width":250,"height":95,"caption":"CSJ Emballages"},"image":{"@id":"https:\/\/www.csj-emballages.com\/pt-pt\/#\/schema\/logo\/image\/"},"sameAs":["https:\/\/www.facebook.com\/csjemballages"],"address":{"@type":"PostalAddress","streetAddress":"ZI La Lechere","addressLocality":"Patornay","postalCode":"39130","addressCountry":"FR"},"contactPoint":[{"@type":"ContactPoint","contactType":"Service client","telephone":"0384254272","email":"contact@csj-emballages.com"}]}]}},"df_price":27.86,"df_sale_price":"","df_regular_price":27.86,"df_image_link":"https:\/\/www.csj-emballages.com\/wp-content\/uploads\/2024\/03\/Calages-macarons-300x300.webp","tiered_pricing_type":"fixed","tiered_pricing_fixed_rules":[],"tiered_pricing_percentage_rules":[],"tiered_pricing_minimum":1,"tiered_pricing_roles_data":[],"_links":{"self":[{"href":"https:\/\/www.csj-emballages.com\/pt-pt\/wp-json\/wp\/v2\/product\/226591","targetHints":{"allow":["GET"]}}],"collection":[{"href":"https:\/\/www.csj-emballages.com\/pt-pt\/wp-json\/wp\/v2\/product"}],"about":[{"href":"https:\/\/www.csj-emballages.com\/pt-pt\/wp-json\/wp\/v2\/types\/product"}],"wp:featuredmedia":[{"embeddable":true,"href":"https:\/\/www.csj-emballages.com\/pt-pt\/wp-json\/wp\/v2\/media\/241964"}],"wp:attachment":[{"href":"https:\/\/www.csj-emballages.com\/pt-pt\/wp-json\/wp\/v2\/media?parent=226591"}],"wp:term":[{"taxonomy":"product_brand","embeddable":true,"href":"https:\/\/www.csj-emballages.com\/pt-pt\/wp-json\/wp\/v2\/product_brand?post=226591"},{"taxonomy":"product_cat","embeddable":true,"href":"https:\/\/www.csj-emballages.com\/pt-pt\/wp-json\/wp\/v2\/product_cat?post=226591"},{"taxonomy":"product_tag","embeddable":true,"href":"https:\/\/www.csj-emballages.com\/pt-pt\/wp-json\/wp\/v2\/product_tag?post=226591"}],"curies":[{"name":"wp","href":"https:\/\/api.w.org\/{rel}","templated":true}]}}