{"id":226566,"date":"2024-03-01T16:55:42","date_gmt":"2024-03-01T15:55:42","guid":{"rendered":"https:\/\/www.csj-emballages.com\/produit\/colher-de-plastico-reutilizavel-cristal-140-mm-100-unidades\/"},"modified":"2026-04-21T16:00:36","modified_gmt":"2026-04-21T14:00:36","slug":"colher-de-plastico-reutilizavel-cristal-140-mm-100-unidades","status":"publish","type":"product","link":"https:\/\/www.csj-emballages.com\/pt-pt\/produit\/colher-de-plastico-reutilizavel-cristal-140-mm-100-unidades\/","title":{"rendered":"Colher de pl\u00e1stico reutiliz\u00e1vel, cristal, 140 mm, 100 unidades"},"content":{"rendered":"<h2>Colher de pl\u00e1stico reu<\/h2>\n<hr>\n<h3>Descubra a nossa colher de pl\u00e1stico reutiliz\u00e1vel cristal 140 mm (pack de 100)<\/h3>\n<p><!--more--><\/p>\n<p data-start=\"191\" data-end=\"510\">A <strong>colher de pl\u00e1stico reutiliz\u00e1vel cristal 140 mm<\/strong> \u00e9 ideal para o servi\u00e7o de sobremesas, entradas ou degusta\u00e7\u00f5es em buffets, rece\u00e7\u00f5es e eventos profissionais. Primeiro, o seu aspeto transparente com efeito cristal confere um toque elegante e cuidado \u00e0 mesa, mantendo a praticidade de um talher de pl\u00e1stico. <\/p>\n<p data-start=\"512\" data-end=\"785\">Com um <strong>comprimento de 140<\/strong> mm, esta <strong>colher \u00e9 perfeitamente adequada para sobremesas individuais, verrines, saladas de fruta, cremes, mousses ou prepara\u00e7\u00f5es de catering<\/strong>. Al\u00e9m disso, o seu formato garante um manuseamento confort\u00e1vel e uma utiliza\u00e7\u00e3o agrad\u00e1vel para o consumidor. <\/p>\n<p data-start=\"787\" data-end=\"1158\">Fabricada em pl\u00e1stico r\u00edgido, oferece uma boa resist\u00eancia e pode ser reutilizada. Gra\u00e7as ao seu <strong>design s\u00f3brio e transparente,<\/strong> integra-se facilmente em todos os estilos de decora\u00e7\u00e3o, desde eventos formais a buffets mais informais. <\/p>\n<p data-start=\"1160\" data-end=\"1476\">Em suma, f\u00e1cil de limpar e empilh\u00e1vel para um armazenamento otimizado, a colher de pl\u00e1stico reutiliz\u00e1vel cristal constitui uma solu\u00e7\u00e3o pr\u00e1tica para a restaura\u00e7\u00e3o, eventos, coletividades e catering. Acondicionada em packs de <strong>100 unidades<\/strong>, \u00e9 adequada tanto para utiliza\u00e7\u00f5es regulares como para necessidades pontuais. <\/p>\n<p data-start=\"1160\" data-end=\"1476\">\n<p data-start=\"1150\" data-end=\"1454\"><!--more--><\/p>\n<h4 data-start=\"1150\" data-end=\"1454\">Vantagens :<\/h4>\n<ul>\n<li data-start=\"1514\" data-end=\"1564\"><strong>Comprimento 140 mm<\/strong> ideal para sobremesas e verrines.<\/li>\n<li data-start=\"1567\" data-end=\"1606\">Aspeto cristal elegante e transparente.<\/li>\n<li data-start=\"1609\" data-end=\"1640\">Pl\u00e1stico r\u00edgido e resistente.<\/li>\n<li data-start=\"1643\" data-end=\"1688\">Reutiliz\u00e1vel para uma solu\u00e7\u00e3o mais sustent\u00e1vel.<\/li>\n<li data-start=\"1723\" data-end=\"1772\">Adequada para buffets, rece\u00e7\u00f5es e restaura\u00e7\u00e3o.<\/li>\n<li data-start=\"1805\" data-end=\"1849\">Embalagem pr\u00e1tica de <strong>100 colheres<\/strong>.<\/li>\n<\/ul>\n<p>&nbsp;<\/p>\n<p><!--more--><\/p>\n<h4>Outras informa\u00e7\u00f5es :<\/h4>\n<ul>\n<li><strong>Embalagem<\/strong>: Pacote de 100<\/li>\n<li><strong>Comprimento<\/strong>: 140 mm<\/li>\n<li><strong>Cor<\/strong>: Transparente<\/li>\n<li><strong>Material<\/strong>: pl\u00e1stico PET<\/li>\n<\/ul>\n<p>&nbsp;<\/p>\n<p><!--more--><\/p>\n<p><a href=\"https:\/\/www.csj-emballages.com\/pt-pt\/categorie-produit\/embalagem-de-alimentos\/restauracao\/pratos-talheres-descartaveis-palhinhas\/garfos-facas-colheres\/talheres-de-cristal\/\">Consulte o resto da nossa gama de talheres cristal<\/a><\/p>\n","protected":false},"excerpt":{"rendered":"<p>Colher de pl\u00e1stico reu Descubra a nossa colher de pl\u00e1stico reutiliz\u00e1vel cristal 140 mm (pack de 100)<\/p>\n","protected":false},"featured_media":167908,"template":"","meta":{"_acf_changed":false},"product_brand":[],"product_cat":[1138,2615,2617],"product_tag":[],"class_list":{"0":"post-226566","1":"product","2":"type-product","3":"status-publish","4":"has-post-thumbnail","6":"product_cat-restauracao","7":"product_cat-garfos-facas-colheres","8":"product_cat-talheres-de-cristal","10":"first","11":"instock","12":"taxable","13":"shipping-taxable","14":"purchasable","15":"product-type-simple"},"acf":[],"yoast_head":"<!-- This site is optimized with the Yoast SEO Premium plugin v26.6 (Yoast SEO v26.6) - https:\/\/yoast.com\/wordpress\/plugins\/seo\/ -->\n<title>Colher de Cristal de Pl\u00e1stico Reutiliz\u00e1vel - 140 mm<\/title>\n<meta name=\"description\" content=\"Colher de pl\u00e1stico reutiliz\u00e1vel cristal de 140 mm (pack de 100). Elegante, resistente e ideal para buffets e eventos.\" \/>\n<meta name=\"robots\" content=\"index, follow, max-snippet:-1, max-image-preview:large, max-video-preview:-1\" \/>\n<link rel=\"canonical\" href=\"https:\/\/www.csj-emballages.com\/pt-pt\/produit\/colher-de-plastico-reutilizavel-cristal-140-mm-100-unidades\/\" \/>\n<meta property=\"og:locale\" content=\"pt_PT\" \/>\n<meta property=\"og:type\" content=\"article\" \/>\n<meta property=\"og:title\" content=\"Colher de pl\u00e1stico reutiliz\u00e1vel, cristal, 140 mm, 100 unidades\" \/>\n<meta property=\"og:description\" content=\"Colher de pl\u00e1stico reutiliz\u00e1vel cristal de 140 mm (pack de 100). Elegante, resistente e ideal para buffets e eventos.\" \/>\n<meta property=\"og:url\" content=\"https:\/\/www.csj-emballages.com\/pt-pt\/produit\/colher-de-plastico-reutilizavel-cristal-140-mm-100-unidades\/\" \/>\n<meta property=\"og:site_name\" content=\"CSJ Emballages\" \/>\n<meta property=\"article:publisher\" content=\"https:\/\/www.facebook.com\/csjemballages\" \/>\n<meta property=\"article:modified_time\" content=\"2026-04-21T14:00:36+00:00\" \/>\n<meta property=\"og:image\" content=\"https:\/\/www.csj-emballages.com\/wp-content\/uploads\/2024\/03\/Cuillere-1-scaled.webp\" \/>\n\t<meta property=\"og:image:width\" content=\"2048\" \/>\n\t<meta property=\"og:image:height\" content=\"2048\" \/>\n\t<meta property=\"og:image:type\" content=\"image\/webp\" \/>\n<meta name=\"twitter:card\" content=\"summary_large_image\" \/>\n<meta name=\"twitter:label1\" content=\"Tempo estimado de leitura\" \/>\n\t<meta name=\"twitter:data1\" content=\"1 minuto\" \/>\n<script type=\"application\/ld+json\" class=\"yoast-schema-graph\">{\"@context\":\"https:\/\/schema.org\",\"@graph\":[{\"@type\":\"WebPage\",\"@id\":\"https:\/\/www.csj-emballages.com\/pt-pt\/produit\/colher-de-plastico-reutilizavel-cristal-140-mm-100-unidades\/\",\"url\":\"https:\/\/www.csj-emballages.com\/pt-pt\/produit\/colher-de-plastico-reutilizavel-cristal-140-mm-100-unidades\/\",\"name\":\"Colher de Cristal de Pl\u00e1stico Reutiliz\u00e1vel - 140 mm\",\"isPartOf\":{\"@id\":\"https:\/\/www.csj-emballages.com\/pt-pt\/#website\"},\"primaryImageOfPage\":{\"@id\":\"https:\/\/www.csj-emballages.com\/pt-pt\/produit\/colher-de-plastico-reutilizavel-cristal-140-mm-100-unidades\/#primaryimage\"},\"image\":{\"@id\":\"https:\/\/www.csj-emballages.com\/pt-pt\/produit\/colher-de-plastico-reutilizavel-cristal-140-mm-100-unidades\/#primaryimage\"},\"thumbnailUrl\":\"https:\/\/www.csj-emballages.com\/wp-content\/uploads\/2024\/03\/Cuillere-1-scaled.webp\",\"datePublished\":\"2024-03-01T15:55:42+00:00\",\"dateModified\":\"2026-04-21T14:00:36+00:00\",\"description\":\"Colher de pl\u00e1stico reutiliz\u00e1vel cristal de 140 mm (pack de 100). Elegante, resistente e ideal para buffets e eventos.\",\"breadcrumb\":{\"@id\":\"https:\/\/www.csj-emballages.com\/pt-pt\/produit\/colher-de-plastico-reutilizavel-cristal-140-mm-100-unidades\/#breadcrumb\"},\"inLanguage\":\"pt-PT\",\"potentialAction\":[{\"@type\":\"ReadAction\",\"target\":[\"https:\/\/www.csj-emballages.com\/pt-pt\/produit\/colher-de-plastico-reutilizavel-cristal-140-mm-100-unidades\/\"]}]},{\"@type\":\"ImageObject\",\"inLanguage\":\"pt-PT\",\"@id\":\"https:\/\/www.csj-emballages.com\/pt-pt\/produit\/colher-de-plastico-reutilizavel-cristal-140-mm-100-unidades\/#primaryimage\",\"url\":\"https:\/\/www.csj-emballages.com\/wp-content\/uploads\/2024\/03\/Cuillere-1-scaled.webp\",\"contentUrl\":\"https:\/\/www.csj-emballages.com\/wp-content\/uploads\/2024\/03\/Cuillere-1-scaled.webp\",\"width\":2048,\"height\":2048,\"caption\":\"Couteau plastique\"},{\"@type\":\"BreadcrumbList\",\"@id\":\"https:\/\/www.csj-emballages.com\/pt-pt\/produit\/colher-de-plastico-reutilizavel-cristal-140-mm-100-unidades\/#breadcrumb\",\"itemListElement\":[{\"@type\":\"ListItem\",\"position\":1,\"name\":\"Acolhimento\",\"item\":\"https:\/\/www.csj-emballages.com\/pt-pt\/universo-das-embalagens-alimentares\/\"},{\"@type\":\"ListItem\",\"position\":2,\"name\":\"Shop\",\"item\":\"https:\/\/www.csj-emballages.com\/shop\/\"},{\"@type\":\"ListItem\",\"position\":3,\"name\":\"Colher de pl\u00e1stico reutiliz\u00e1vel, cristal, 140 mm, 100 unidades\"}]},{\"@type\":\"WebSite\",\"@id\":\"https:\/\/www.csj-emballages.com\/pt-pt\/#website\",\"url\":\"https:\/\/www.csj-emballages.com\/pt-pt\/\",\"name\":\"CSJ Emballages\",\"description\":\"\",\"publisher\":{\"@id\":\"https:\/\/www.csj-emballages.com\/pt-pt\/#organization\"},\"potentialAction\":[{\"@type\":\"SearchAction\",\"target\":{\"@type\":\"EntryPoint\",\"urlTemplate\":\"https:\/\/www.csj-emballages.com\/pt-pt\/?s={search_term_string}\"},\"query-input\":{\"@type\":\"PropertyValueSpecification\",\"valueRequired\":true,\"valueName\":\"search_term_string\"}}],\"inLanguage\":\"pt-PT\"},{\"@type\":\"Organization\",\"@id\":\"https:\/\/www.csj-emballages.com\/pt-pt\/#Organization\/\",\"name\":\"CSJ Emballages\",\"url\":\"https:\/\/www.csj-emballages.com\/pt-pt\/\",\"logo\":{\"@type\":\"ImageObject\",\"inLanguage\":\"pt-PT\",\"@id\":\"https:\/\/www.csj-emballages.com\/pt-pt\/#\/schema\/logo\/image\/\",\"url\":\"https:\/\/www.csj-emballages.com\/wp-content\/uploads\/2023\/10\/logo_csj.webp\",\"contentUrl\":\"https:\/\/www.csj-emballages.com\/wp-content\/uploads\/2023\/10\/logo_csj.webp\",\"width\":250,\"height\":95,\"caption\":\"CSJ Emballages\"},\"image\":{\"@id\":\"https:\/\/www.csj-emballages.com\/pt-pt\/#\/schema\/logo\/image\/\"},\"sameAs\":[\"https:\/\/www.facebook.com\/csjemballages\"],\"address\":{\"@type\":\"PostalAddress\",\"streetAddress\":\"ZI La Lechere\",\"addressLocality\":\"Patornay\",\"postalCode\":\"39130\",\"addressCountry\":\"FR\"},\"contactPoint\":[{\"@type\":\"ContactPoint\",\"contactType\":\"Service client\",\"telephone\":\"0384254272\",\"email\":\"contact@csj-emballages.com\"}]}]}<\/script>\n<!-- \/ Yoast SEO Premium plugin. -->","yoast_head_json":{"title":"Colher de Cristal de Pl\u00e1stico Reutiliz\u00e1vel - 140 mm","description":"Colher de pl\u00e1stico reutiliz\u00e1vel cristal de 140 mm (pack de 100). Elegante, resistente e ideal para buffets e eventos.","robots":{"index":"index","follow":"follow","max-snippet":"max-snippet:-1","max-image-preview":"max-image-preview:large","max-video-preview":"max-video-preview:-1"},"canonical":"https:\/\/www.csj-emballages.com\/pt-pt\/produit\/colher-de-plastico-reutilizavel-cristal-140-mm-100-unidades\/","og_locale":"pt_PT","og_type":"article","og_title":"Colher de pl\u00e1stico reutiliz\u00e1vel, cristal, 140 mm, 100 unidades","og_description":"Colher de pl\u00e1stico reutiliz\u00e1vel cristal de 140 mm (pack de 100). Elegante, resistente e ideal para buffets e eventos.","og_url":"https:\/\/www.csj-emballages.com\/pt-pt\/produit\/colher-de-plastico-reutilizavel-cristal-140-mm-100-unidades\/","og_site_name":"CSJ Emballages","article_publisher":"https:\/\/www.facebook.com\/csjemballages","article_modified_time":"2026-04-21T14:00:36+00:00","og_image":[{"width":2048,"height":2048,"url":"https:\/\/www.csj-emballages.com\/wp-content\/uploads\/2024\/03\/Cuillere-1-scaled.webp","type":"image\/webp"}],"twitter_card":"summary_large_image","twitter_misc":{"Tempo estimado de leitura":"1 minuto"},"schema":{"@context":"https:\/\/schema.org","@graph":[{"@type":"WebPage","@id":"https:\/\/www.csj-emballages.com\/pt-pt\/produit\/colher-de-plastico-reutilizavel-cristal-140-mm-100-unidades\/","url":"https:\/\/www.csj-emballages.com\/pt-pt\/produit\/colher-de-plastico-reutilizavel-cristal-140-mm-100-unidades\/","name":"Colher de Cristal de Pl\u00e1stico Reutiliz\u00e1vel - 140 mm","isPartOf":{"@id":"https:\/\/www.csj-emballages.com\/pt-pt\/#website"},"primaryImageOfPage":{"@id":"https:\/\/www.csj-emballages.com\/pt-pt\/produit\/colher-de-plastico-reutilizavel-cristal-140-mm-100-unidades\/#primaryimage"},"image":{"@id":"https:\/\/www.csj-emballages.com\/pt-pt\/produit\/colher-de-plastico-reutilizavel-cristal-140-mm-100-unidades\/#primaryimage"},"thumbnailUrl":"https:\/\/www.csj-emballages.com\/wp-content\/uploads\/2024\/03\/Cuillere-1-scaled.webp","datePublished":"2024-03-01T15:55:42+00:00","dateModified":"2026-04-21T14:00:36+00:00","description":"Colher de pl\u00e1stico reutiliz\u00e1vel cristal de 140 mm (pack de 100). Elegante, resistente e ideal para buffets e eventos.","breadcrumb":{"@id":"https:\/\/www.csj-emballages.com\/pt-pt\/produit\/colher-de-plastico-reutilizavel-cristal-140-mm-100-unidades\/#breadcrumb"},"inLanguage":"pt-PT","potentialAction":[{"@type":"ReadAction","target":["https:\/\/www.csj-emballages.com\/pt-pt\/produit\/colher-de-plastico-reutilizavel-cristal-140-mm-100-unidades\/"]}]},{"@type":"ImageObject","inLanguage":"pt-PT","@id":"https:\/\/www.csj-emballages.com\/pt-pt\/produit\/colher-de-plastico-reutilizavel-cristal-140-mm-100-unidades\/#primaryimage","url":"https:\/\/www.csj-emballages.com\/wp-content\/uploads\/2024\/03\/Cuillere-1-scaled.webp","contentUrl":"https:\/\/www.csj-emballages.com\/wp-content\/uploads\/2024\/03\/Cuillere-1-scaled.webp","width":2048,"height":2048,"caption":"Couteau plastique"},{"@type":"BreadcrumbList","@id":"https:\/\/www.csj-emballages.com\/pt-pt\/produit\/colher-de-plastico-reutilizavel-cristal-140-mm-100-unidades\/#breadcrumb","itemListElement":[{"@type":"ListItem","position":1,"name":"Acolhimento","item":"https:\/\/www.csj-emballages.com\/pt-pt\/universo-das-embalagens-alimentares\/"},{"@type":"ListItem","position":2,"name":"Shop","item":"https:\/\/www.csj-emballages.com\/shop\/"},{"@type":"ListItem","position":3,"name":"Colher de pl\u00e1stico reutiliz\u00e1vel, cristal, 140 mm, 100 unidades"}]},{"@type":"WebSite","@id":"https:\/\/www.csj-emballages.com\/pt-pt\/#website","url":"https:\/\/www.csj-emballages.com\/pt-pt\/","name":"CSJ Emballages","description":"","publisher":{"@id":"https:\/\/www.csj-emballages.com\/pt-pt\/#organization"},"potentialAction":[{"@type":"SearchAction","target":{"@type":"EntryPoint","urlTemplate":"https:\/\/www.csj-emballages.com\/pt-pt\/?s={search_term_string}"},"query-input":{"@type":"PropertyValueSpecification","valueRequired":true,"valueName":"search_term_string"}}],"inLanguage":"pt-PT"},{"@type":"Organization","@id":"https:\/\/www.csj-emballages.com\/pt-pt\/#Organization\/","name":"CSJ Emballages","url":"https:\/\/www.csj-emballages.com\/pt-pt\/","logo":{"@type":"ImageObject","inLanguage":"pt-PT","@id":"https:\/\/www.csj-emballages.com\/pt-pt\/#\/schema\/logo\/image\/","url":"https:\/\/www.csj-emballages.com\/wp-content\/uploads\/2023\/10\/logo_csj.webp","contentUrl":"https:\/\/www.csj-emballages.com\/wp-content\/uploads\/2023\/10\/logo_csj.webp","width":250,"height":95,"caption":"CSJ Emballages"},"image":{"@id":"https:\/\/www.csj-emballages.com\/pt-pt\/#\/schema\/logo\/image\/"},"sameAs":["https:\/\/www.facebook.com\/csjemballages"],"address":{"@type":"PostalAddress","streetAddress":"ZI La Lechere","addressLocality":"Patornay","postalCode":"39130","addressCountry":"FR"},"contactPoint":[{"@type":"ContactPoint","contactType":"Service client","telephone":"0384254272","email":"contact@csj-emballages.com"}]}]}},"df_price":2.74,"df_sale_price":"","df_regular_price":2.74,"df_image_link":"https:\/\/www.csj-emballages.com\/wp-content\/uploads\/2024\/03\/Cuillere-1-300x300.webp","tiered_pricing_type":"fixed","tiered_pricing_fixed_rules":[],"tiered_pricing_percentage_rules":[],"tiered_pricing_minimum":1,"tiered_pricing_roles_data":[],"_links":{"self":[{"href":"https:\/\/www.csj-emballages.com\/pt-pt\/wp-json\/wp\/v2\/product\/226566","targetHints":{"allow":["GET"]}}],"collection":[{"href":"https:\/\/www.csj-emballages.com\/pt-pt\/wp-json\/wp\/v2\/product"}],"about":[{"href":"https:\/\/www.csj-emballages.com\/pt-pt\/wp-json\/wp\/v2\/types\/product"}],"wp:featuredmedia":[{"embeddable":true,"href":"https:\/\/www.csj-emballages.com\/pt-pt\/wp-json\/wp\/v2\/media\/167908"}],"wp:attachment":[{"href":"https:\/\/www.csj-emballages.com\/pt-pt\/wp-json\/wp\/v2\/media?parent=226566"}],"wp:term":[{"taxonomy":"product_brand","embeddable":true,"href":"https:\/\/www.csj-emballages.com\/pt-pt\/wp-json\/wp\/v2\/product_brand?post=226566"},{"taxonomy":"product_cat","embeddable":true,"href":"https:\/\/www.csj-emballages.com\/pt-pt\/wp-json\/wp\/v2\/product_cat?post=226566"},{"taxonomy":"product_tag","embeddable":true,"href":"https:\/\/www.csj-emballages.com\/pt-pt\/wp-json\/wp\/v2\/product_tag?post=226566"}],"curies":[{"name":"wp","href":"https:\/\/api.w.org\/{rel}","templated":true}]}}