{"id":226555,"date":"2024-03-01T16:54:58","date_gmt":"2024-03-01T15:54:58","guid":{"rendered":"https:\/\/www.csj-emballages.com\/produit\/colher-de-plastico-reutilizavel-cristal-180-mm-100-unidades\/"},"modified":"2026-05-04T07:00:31","modified_gmt":"2026-05-04T05:00:31","slug":"colher-de-plastico-reutilizavel-cristal-180-mm-100-unidades","status":"publish","type":"product","link":"https:\/\/www.csj-emballages.com\/pt-pt\/produit\/colher-de-plastico-reutilizavel-cristal-180-mm-100-unidades\/","title":{"rendered":"Colher de pl\u00e1stico reutiliz\u00e1vel, cristal, 180 mm, 100 unidades"},"content":{"rendered":"<h2>Colher de pl\u00e1stico<\/h2>\n<hr>\n<h3>Descubra a nossa colher de pl\u00e1stico reutiliz\u00e1vel cristal 180 mm em pack de 100<\/h3>\n<p><!--more--><\/p>\n<p data-start=\"236\" data-end=\"545\">A <strong>colher de pl\u00e1stico reutiliz\u00e1vel cristal 180 mm<\/strong> \u00e9 ideal para o servi\u00e7o de refei\u00e7\u00f5es e sobremesas em eventos, buffets ou servi\u00e7os de catering. Com o seu aspeto <strong>transparente efeito cristal<\/strong>, confere um toque elegante e cuidado \u00e0s suas mesas, mantendo a praticidade de um talher de pl\u00e1stico. <\/p>\n<p data-start=\"547\" data-end=\"930\">Gra\u00e7as ao seu <strong>comprimento de 180 mm<\/strong>, esta colher oferece um manuseamento confort\u00e1vel e uma utiliza\u00e7\u00e3o vers\u00e1til. \u00c9 adequada tanto para <strong>entradas, pratos principais, sobremesas, saladas de fruta ou prepara\u00e7\u00f5es de catering<\/strong>. De facto, a sua conce\u00e7\u00e3o robusta permite uma utiliza\u00e7\u00e3o repetida, respondendo \u00e0s expetativas dos profissionais que procuram uma alternativa mais duradoura aos talheres descart\u00e1veis cl\u00e1ssicos.  <\/p>\n<p data-start=\"932\" data-end=\"1267\">Fabricada em <strong>pl\u00e1stico r\u00edgido de qualidade alimentar<\/strong>, garante uma boa resist\u00eancia mantendo um acabamento est\u00e9tico refinado. Da mesma forma, o seu <strong>design s\u00f3brio e transparente<\/strong> integra-se facilmente em todos os estilos de rece\u00e7\u00e3o, quer se trate de um evento formal, um buffet de empresa, restaura\u00e7\u00e3o coletiva ou uma festa privada. <\/p>\n<p data-start=\"1269\" data-end=\"1553\">F\u00e1cil de limpar e empilh\u00e1vel para uma arruma\u00e7\u00e3o otimizada, a <strong>colher de pl\u00e1stico reutiliz\u00e1vel cristal<\/strong> constitui uma solu\u00e7\u00e3o pr\u00e1tica e econ\u00f3mica. Acondicionada em lotes de <strong>100 unidades<\/strong>, adapta-se perfeitamente \u00e0s necessidades dos profissionais e a utiliza\u00e7\u00f5es em grande quantidade. <\/p>\n<p data-start=\"1269\" data-end=\"1553\">\n<p><!--more--><\/p>\n<h4>Vantagens :<\/h4>\n<ul>\n<li data-start=\"1591\" data-end=\"1643\"><strong>Comprimento 180 mm<\/strong> para um manuseamento confort\u00e1vel.<\/li>\n<li data-start=\"1646\" data-end=\"1685\">Aspeto cristal elegante e transparente.<\/li>\n<li data-start=\"1688\" data-end=\"1719\">Pl\u00e1stico r\u00edgido e resistente.<\/li>\n<li data-start=\"1722\" data-end=\"1767\">Reutiliz\u00e1vel para uma solu\u00e7\u00e3o mais sustent\u00e1vel.<\/li>\n<li data-start=\"1770\" data-end=\"1799\">Apto para contacto alimentar.<\/li>\n<li data-start=\"1802\" data-end=\"1833\">Adequada para refei\u00e7\u00f5es e sobremesas.<\/li>\n<li data-start=\"1836\" data-end=\"1882\">Ideal para buffets, rece\u00e7\u00f5es e catering.<\/li>\n<li data-start=\"1885\" data-end=\"1929\">Embalagem pr\u00e1tica de <strong>100 colheres<\/strong>.<\/li>\n<\/ul>\n<p>&nbsp;<\/p>\n<p><!--more--><\/p>\n<h4>Outras informa\u00e7\u00f5es :<\/h4>\n<ul>\n<li><strong>Embalagem<\/strong>: Pacote de 100<\/li>\n<li><strong>Comprimento<\/strong>: 180 mm<\/li>\n<li><strong>Cor<\/strong>: Transparente<\/li>\n<li><strong>Material<\/strong>: pl\u00e1stico PET<\/li>\n<\/ul>\n<p>&nbsp;<\/p>\n<p><!--more--><\/p>\n<p><a href=\"https:\/\/www.csj-emballages.com\/pt-pt\/categorie-produit\/embalagem-de-alimentos\/restauracao\/pratos-talheres-descartaveis-palhinhas\/garfos-facas-colheres\/talheres-de-cristal\/\">Consulte o resto da nossa gama de talheres cristal  <\/a><\/p>\n","protected":false},"excerpt":{"rendered":"<p>Colher de pl\u00e1stico Descubra a nossa colher de pl\u00e1stico reutiliz\u00e1vel cristal 180 mm em pack de 100<\/p>\n","protected":false},"featured_media":167920,"template":"","meta":{"_acf_changed":false},"product_brand":[],"product_cat":[1138,2615,2617],"product_tag":[],"class_list":{"0":"post-226555","1":"product","2":"type-product","3":"status-publish","4":"has-post-thumbnail","6":"product_cat-restauracao","7":"product_cat-garfos-facas-colheres","8":"product_cat-talheres-de-cristal","10":"first","11":"instock","12":"taxable","13":"shipping-taxable","14":"purchasable","15":"product-type-simple"},"acf":[],"yoast_head":"<!-- This site is optimized with the Yoast SEO Premium plugin v26.6 (Yoast SEO v26.6) - https:\/\/yoast.com\/wordpress\/plugins\/seo\/ -->\n<title>Colher de cristal de pl\u00e1stico reutiliz\u00e1vel - 180 mm<\/title>\n<meta name=\"description\" content=\"Descubra a nossa colher de pl\u00e1stico reutiliz\u00e1vel de 180 mm! Oferecemos um Pacote de 100 Colheres reutiliz\u00e1veis baratas e a Pre\u00e7o DISCOUNT\" \/>\n<meta name=\"robots\" content=\"index, follow, max-snippet:-1, max-image-preview:large, max-video-preview:-1\" \/>\n<link rel=\"canonical\" href=\"https:\/\/www.csj-emballages.com\/pt-pt\/produit\/colher-de-plastico-reutilizavel-cristal-180-mm-100-unidades\/\" \/>\n<meta property=\"og:locale\" content=\"pt_PT\" \/>\n<meta property=\"og:type\" content=\"article\" \/>\n<meta property=\"og:title\" content=\"Colher de pl\u00e1stico reutiliz\u00e1vel, cristal, 180 mm, 100 unidades\" \/>\n<meta property=\"og:description\" content=\"Descubra a nossa colher de pl\u00e1stico reutiliz\u00e1vel de 180 mm! Oferecemos um Pacote de 100 Colheres reutiliz\u00e1veis baratas e a Pre\u00e7o DISCOUNT\" \/>\n<meta property=\"og:url\" content=\"https:\/\/www.csj-emballages.com\/pt-pt\/produit\/colher-de-plastico-reutilizavel-cristal-180-mm-100-unidades\/\" \/>\n<meta property=\"og:site_name\" content=\"CSJ Emballages\" \/>\n<meta property=\"article:publisher\" content=\"https:\/\/www.facebook.com\/csjemballages\" \/>\n<meta property=\"article:modified_time\" content=\"2026-05-04T05:00:31+00:00\" \/>\n<meta property=\"og:image\" content=\"https:\/\/www.csj-emballages.com\/wp-content\/uploads\/2024\/03\/Cuillere2-scaled-e1731594107147.webp\" \/>\n\t<meta property=\"og:image:width\" content=\"2048\" \/>\n\t<meta property=\"og:image:height\" content=\"2048\" \/>\n\t<meta property=\"og:image:type\" content=\"image\/webp\" \/>\n<meta name=\"twitter:card\" content=\"summary_large_image\" \/>\n<meta name=\"twitter:label1\" content=\"Tempo estimado de leitura\" \/>\n\t<meta name=\"twitter:data1\" content=\"2 minutos\" \/>\n<script type=\"application\/ld+json\" class=\"yoast-schema-graph\">{\"@context\":\"https:\/\/schema.org\",\"@graph\":[{\"@type\":\"WebPage\",\"@id\":\"https:\/\/www.csj-emballages.com\/pt-pt\/produit\/colher-de-plastico-reutilizavel-cristal-180-mm-100-unidades\/\",\"url\":\"https:\/\/www.csj-emballages.com\/pt-pt\/produit\/colher-de-plastico-reutilizavel-cristal-180-mm-100-unidades\/\",\"name\":\"Colher de cristal de pl\u00e1stico reutiliz\u00e1vel - 180 mm\",\"isPartOf\":{\"@id\":\"https:\/\/www.csj-emballages.com\/pt-pt\/#website\"},\"primaryImageOfPage\":{\"@id\":\"https:\/\/www.csj-emballages.com\/pt-pt\/produit\/colher-de-plastico-reutilizavel-cristal-180-mm-100-unidades\/#primaryimage\"},\"image\":{\"@id\":\"https:\/\/www.csj-emballages.com\/pt-pt\/produit\/colher-de-plastico-reutilizavel-cristal-180-mm-100-unidades\/#primaryimage\"},\"thumbnailUrl\":\"https:\/\/www.csj-emballages.com\/wp-content\/uploads\/2024\/03\/Cuillere2-scaled-e1731594107147.webp\",\"datePublished\":\"2024-03-01T15:54:58+00:00\",\"dateModified\":\"2026-05-04T05:00:31+00:00\",\"description\":\"Descubra a nossa colher de pl\u00e1stico reutiliz\u00e1vel de 180 mm! Oferecemos um Pacote de 100 Colheres reutiliz\u00e1veis baratas e a Pre\u00e7o DISCOUNT\",\"breadcrumb\":{\"@id\":\"https:\/\/www.csj-emballages.com\/pt-pt\/produit\/colher-de-plastico-reutilizavel-cristal-180-mm-100-unidades\/#breadcrumb\"},\"inLanguage\":\"pt-PT\",\"potentialAction\":[{\"@type\":\"ReadAction\",\"target\":[\"https:\/\/www.csj-emballages.com\/pt-pt\/produit\/colher-de-plastico-reutilizavel-cristal-180-mm-100-unidades\/\"]}]},{\"@type\":\"ImageObject\",\"inLanguage\":\"pt-PT\",\"@id\":\"https:\/\/www.csj-emballages.com\/pt-pt\/produit\/colher-de-plastico-reutilizavel-cristal-180-mm-100-unidades\/#primaryimage\",\"url\":\"https:\/\/www.csj-emballages.com\/wp-content\/uploads\/2024\/03\/Cuillere2-scaled-e1731594107147.webp\",\"contentUrl\":\"https:\/\/www.csj-emballages.com\/wp-content\/uploads\/2024\/03\/Cuillere2-scaled-e1731594107147.webp\",\"width\":2048,\"height\":2048,\"caption\":\"Cuill\u00e8re plastique\"},{\"@type\":\"BreadcrumbList\",\"@id\":\"https:\/\/www.csj-emballages.com\/pt-pt\/produit\/colher-de-plastico-reutilizavel-cristal-180-mm-100-unidades\/#breadcrumb\",\"itemListElement\":[{\"@type\":\"ListItem\",\"position\":1,\"name\":\"Acolhimento\",\"item\":\"https:\/\/www.csj-emballages.com\/pt-pt\/universo-das-embalagens-alimentares\/\"},{\"@type\":\"ListItem\",\"position\":2,\"name\":\"Shop\",\"item\":\"https:\/\/www.csj-emballages.com\/shop\/\"},{\"@type\":\"ListItem\",\"position\":3,\"name\":\"Colher de pl\u00e1stico reutiliz\u00e1vel, cristal, 180 mm, 100 unidades\"}]},{\"@type\":\"WebSite\",\"@id\":\"https:\/\/www.csj-emballages.com\/pt-pt\/#website\",\"url\":\"https:\/\/www.csj-emballages.com\/pt-pt\/\",\"name\":\"CSJ Emballages\",\"description\":\"\",\"publisher\":{\"@id\":\"https:\/\/www.csj-emballages.com\/pt-pt\/#organization\"},\"potentialAction\":[{\"@type\":\"SearchAction\",\"target\":{\"@type\":\"EntryPoint\",\"urlTemplate\":\"https:\/\/www.csj-emballages.com\/pt-pt\/?s={search_term_string}\"},\"query-input\":{\"@type\":\"PropertyValueSpecification\",\"valueRequired\":true,\"valueName\":\"search_term_string\"}}],\"inLanguage\":\"pt-PT\"},{\"@type\":\"Organization\",\"@id\":\"https:\/\/www.csj-emballages.com\/pt-pt\/#Organization\/\",\"name\":\"CSJ Emballages\",\"url\":\"https:\/\/www.csj-emballages.com\/pt-pt\/\",\"logo\":{\"@type\":\"ImageObject\",\"inLanguage\":\"pt-PT\",\"@id\":\"https:\/\/www.csj-emballages.com\/pt-pt\/#\/schema\/logo\/image\/\",\"url\":\"https:\/\/www.csj-emballages.com\/wp-content\/uploads\/2023\/10\/logo_csj.webp\",\"contentUrl\":\"https:\/\/www.csj-emballages.com\/wp-content\/uploads\/2023\/10\/logo_csj.webp\",\"width\":250,\"height\":95,\"caption\":\"CSJ Emballages\"},\"image\":{\"@id\":\"https:\/\/www.csj-emballages.com\/pt-pt\/#\/schema\/logo\/image\/\"},\"sameAs\":[\"https:\/\/www.facebook.com\/csjemballages\"],\"address\":{\"@type\":\"PostalAddress\",\"streetAddress\":\"ZI La Lechere\",\"addressLocality\":\"Patornay\",\"postalCode\":\"39130\",\"addressCountry\":\"FR\"},\"contactPoint\":[{\"@type\":\"ContactPoint\",\"contactType\":\"Service client\",\"telephone\":\"0384254272\",\"email\":\"contact@csj-emballages.com\"}]}]}<\/script>\n<!-- \/ Yoast SEO Premium plugin. -->","yoast_head_json":{"title":"Colher de cristal de pl\u00e1stico reutiliz\u00e1vel - 180 mm","description":"Descubra a nossa colher de pl\u00e1stico reutiliz\u00e1vel de 180 mm! Oferecemos um Pacote de 100 Colheres reutiliz\u00e1veis baratas e a Pre\u00e7o DISCOUNT","robots":{"index":"index","follow":"follow","max-snippet":"max-snippet:-1","max-image-preview":"max-image-preview:large","max-video-preview":"max-video-preview:-1"},"canonical":"https:\/\/www.csj-emballages.com\/pt-pt\/produit\/colher-de-plastico-reutilizavel-cristal-180-mm-100-unidades\/","og_locale":"pt_PT","og_type":"article","og_title":"Colher de pl\u00e1stico reutiliz\u00e1vel, cristal, 180 mm, 100 unidades","og_description":"Descubra a nossa colher de pl\u00e1stico reutiliz\u00e1vel de 180 mm! Oferecemos um Pacote de 100 Colheres reutiliz\u00e1veis baratas e a Pre\u00e7o DISCOUNT","og_url":"https:\/\/www.csj-emballages.com\/pt-pt\/produit\/colher-de-plastico-reutilizavel-cristal-180-mm-100-unidades\/","og_site_name":"CSJ Emballages","article_publisher":"https:\/\/www.facebook.com\/csjemballages","article_modified_time":"2026-05-04T05:00:31+00:00","og_image":[{"width":2048,"height":2048,"url":"https:\/\/www.csj-emballages.com\/wp-content\/uploads\/2024\/03\/Cuillere2-scaled-e1731594107147.webp","type":"image\/webp"}],"twitter_card":"summary_large_image","twitter_misc":{"Tempo estimado de leitura":"2 minutos"},"schema":{"@context":"https:\/\/schema.org","@graph":[{"@type":"WebPage","@id":"https:\/\/www.csj-emballages.com\/pt-pt\/produit\/colher-de-plastico-reutilizavel-cristal-180-mm-100-unidades\/","url":"https:\/\/www.csj-emballages.com\/pt-pt\/produit\/colher-de-plastico-reutilizavel-cristal-180-mm-100-unidades\/","name":"Colher de cristal de pl\u00e1stico reutiliz\u00e1vel - 180 mm","isPartOf":{"@id":"https:\/\/www.csj-emballages.com\/pt-pt\/#website"},"primaryImageOfPage":{"@id":"https:\/\/www.csj-emballages.com\/pt-pt\/produit\/colher-de-plastico-reutilizavel-cristal-180-mm-100-unidades\/#primaryimage"},"image":{"@id":"https:\/\/www.csj-emballages.com\/pt-pt\/produit\/colher-de-plastico-reutilizavel-cristal-180-mm-100-unidades\/#primaryimage"},"thumbnailUrl":"https:\/\/www.csj-emballages.com\/wp-content\/uploads\/2024\/03\/Cuillere2-scaled-e1731594107147.webp","datePublished":"2024-03-01T15:54:58+00:00","dateModified":"2026-05-04T05:00:31+00:00","description":"Descubra a nossa colher de pl\u00e1stico reutiliz\u00e1vel de 180 mm! Oferecemos um Pacote de 100 Colheres reutiliz\u00e1veis baratas e a Pre\u00e7o DISCOUNT","breadcrumb":{"@id":"https:\/\/www.csj-emballages.com\/pt-pt\/produit\/colher-de-plastico-reutilizavel-cristal-180-mm-100-unidades\/#breadcrumb"},"inLanguage":"pt-PT","potentialAction":[{"@type":"ReadAction","target":["https:\/\/www.csj-emballages.com\/pt-pt\/produit\/colher-de-plastico-reutilizavel-cristal-180-mm-100-unidades\/"]}]},{"@type":"ImageObject","inLanguage":"pt-PT","@id":"https:\/\/www.csj-emballages.com\/pt-pt\/produit\/colher-de-plastico-reutilizavel-cristal-180-mm-100-unidades\/#primaryimage","url":"https:\/\/www.csj-emballages.com\/wp-content\/uploads\/2024\/03\/Cuillere2-scaled-e1731594107147.webp","contentUrl":"https:\/\/www.csj-emballages.com\/wp-content\/uploads\/2024\/03\/Cuillere2-scaled-e1731594107147.webp","width":2048,"height":2048,"caption":"Cuill\u00e8re plastique"},{"@type":"BreadcrumbList","@id":"https:\/\/www.csj-emballages.com\/pt-pt\/produit\/colher-de-plastico-reutilizavel-cristal-180-mm-100-unidades\/#breadcrumb","itemListElement":[{"@type":"ListItem","position":1,"name":"Acolhimento","item":"https:\/\/www.csj-emballages.com\/pt-pt\/universo-das-embalagens-alimentares\/"},{"@type":"ListItem","position":2,"name":"Shop","item":"https:\/\/www.csj-emballages.com\/shop\/"},{"@type":"ListItem","position":3,"name":"Colher de pl\u00e1stico reutiliz\u00e1vel, cristal, 180 mm, 100 unidades"}]},{"@type":"WebSite","@id":"https:\/\/www.csj-emballages.com\/pt-pt\/#website","url":"https:\/\/www.csj-emballages.com\/pt-pt\/","name":"CSJ Emballages","description":"","publisher":{"@id":"https:\/\/www.csj-emballages.com\/pt-pt\/#organization"},"potentialAction":[{"@type":"SearchAction","target":{"@type":"EntryPoint","urlTemplate":"https:\/\/www.csj-emballages.com\/pt-pt\/?s={search_term_string}"},"query-input":{"@type":"PropertyValueSpecification","valueRequired":true,"valueName":"search_term_string"}}],"inLanguage":"pt-PT"},{"@type":"Organization","@id":"https:\/\/www.csj-emballages.com\/pt-pt\/#Organization\/","name":"CSJ Emballages","url":"https:\/\/www.csj-emballages.com\/pt-pt\/","logo":{"@type":"ImageObject","inLanguage":"pt-PT","@id":"https:\/\/www.csj-emballages.com\/pt-pt\/#\/schema\/logo\/image\/","url":"https:\/\/www.csj-emballages.com\/wp-content\/uploads\/2023\/10\/logo_csj.webp","contentUrl":"https:\/\/www.csj-emballages.com\/wp-content\/uploads\/2023\/10\/logo_csj.webp","width":250,"height":95,"caption":"CSJ Emballages"},"image":{"@id":"https:\/\/www.csj-emballages.com\/pt-pt\/#\/schema\/logo\/image\/"},"sameAs":["https:\/\/www.facebook.com\/csjemballages"],"address":{"@type":"PostalAddress","streetAddress":"ZI La Lechere","addressLocality":"Patornay","postalCode":"39130","addressCountry":"FR"},"contactPoint":[{"@type":"ContactPoint","contactType":"Service client","telephone":"0384254272","email":"contact@csj-emballages.com"}]}]}},"df_price":3.22,"df_sale_price":"","df_regular_price":3.22,"df_image_link":"https:\/\/www.csj-emballages.com\/wp-content\/uploads\/2024\/03\/Cuillere2-300x300.webp","tiered_pricing_type":"fixed","tiered_pricing_fixed_rules":[],"tiered_pricing_percentage_rules":[],"tiered_pricing_minimum":1,"tiered_pricing_roles_data":[],"_links":{"self":[{"href":"https:\/\/www.csj-emballages.com\/pt-pt\/wp-json\/wp\/v2\/product\/226555","targetHints":{"allow":["GET"]}}],"collection":[{"href":"https:\/\/www.csj-emballages.com\/pt-pt\/wp-json\/wp\/v2\/product"}],"about":[{"href":"https:\/\/www.csj-emballages.com\/pt-pt\/wp-json\/wp\/v2\/types\/product"}],"wp:featuredmedia":[{"embeddable":true,"href":"https:\/\/www.csj-emballages.com\/pt-pt\/wp-json\/wp\/v2\/media\/167920"}],"wp:attachment":[{"href":"https:\/\/www.csj-emballages.com\/pt-pt\/wp-json\/wp\/v2\/media?parent=226555"}],"wp:term":[{"taxonomy":"product_brand","embeddable":true,"href":"https:\/\/www.csj-emballages.com\/pt-pt\/wp-json\/wp\/v2\/product_brand?post=226555"},{"taxonomy":"product_cat","embeddable":true,"href":"https:\/\/www.csj-emballages.com\/pt-pt\/wp-json\/wp\/v2\/product_cat?post=226555"},{"taxonomy":"product_tag","embeddable":true,"href":"https:\/\/www.csj-emballages.com\/pt-pt\/wp-json\/wp\/v2\/product_tag?post=226555"}],"curies":[{"name":"wp","href":"https:\/\/api.w.org\/{rel}","templated":true}]}}