{"id":22643,"date":"2024-03-01T16:50:28","date_gmt":"2024-03-01T15:50:28","guid":{"rendered":"https:\/\/u15jnbdpoq.preview.infomaniak.website\/produit\/25-tacas-de-salada-kraft-tampas-pet-1300-ml\/"},"modified":"2026-05-05T02:17:59","modified_gmt":"2026-05-05T00:17:59","slug":"25-tacas-de-salada-kraft-tampas-pet-1300-ml","status":"publish","type":"product","link":"https:\/\/www.csj-emballages.com\/pt-pt\/produit\/25-tacas-de-salada-kraft-tampas-pet-1300-ml\/","title":{"rendered":"Saladeira em cart\u00e3o + tampa PET 1300 ml por 25"},"content":{"rendered":"<h2>Saladeira<\/h2>\n<hr>\n<h3>Descri\u00e7\u00e3o da nossa saladeira, cart\u00e3o + tampa PET 1300 ml, 25 unidades<\/h3>\n<p><!--more--><\/p>\n<p data-start=\"208\" data-end=\"629\">Quando as por\u00e7\u00f5es se tornam mais generosas, \u00e9 necess\u00e1rio um recipiente capaz de as acompanhar. Esta <g id=\"gid_0\">saladeira de cart\u00e3o de 1300 ml<\/g>, com a sua <g id=\"gid_1\">tampa PET transparente<\/g>, \u00e9 a solu\u00e7\u00e3o perfeita para os profissionais de takeaway. \u00c0 primeira vista, destaca as receitas gra\u00e7as \u00e0 sua tampa transparente, que deixa transparecer as cores e a frescura dos ingredientes.  <\/p>\n<p data-start=\"631\" data-end=\"997\">Com a sua <strong>grande capacidade<\/strong>, esta <strong>ta\u00e7a<\/strong> \u00e9 ideal para saladas de refei\u00e7\u00e3o bem recheadas, <strong>ta\u00e7as de pok\u00e9<\/strong>, <strong>pratos frios<\/strong>, pratos <strong>de crousty<\/strong> ou<strong> de massa<\/strong> ou pratos mistos. O cart\u00e3o espesso garante uma fixa\u00e7\u00e3o firme, mesmo quando a ta\u00e7a est\u00e1 cheia. Mant\u00e9m-se est\u00e1vel na m\u00e3o e n\u00e3o se deforma durante o transporte, o que tranquiliza tanto o profissional como o cliente.  <\/p>\n<p data-start=\"999\" data-end=\"1315\">A <strong>tampa PET<\/strong> \u00e9 f\u00e1cil de encaixar e mant\u00e9m-se firmemente no lugar. Assim, o transporte de pratos \u00e9 f\u00e1cil, quer seja para levar para casa, para entrega ou para consumo em viagem. Al\u00e9m disso, a transpar\u00eancia proporciona uma verdadeira vantagem visual: o conte\u00fado fala por si, sem necessidade de abrir a ta\u00e7a.  <\/p>\n<p data-start=\"1317\" data-end=\"1633\">Vendido <strong data-start=\"1323\" data-end=\"1340\">em embalagens de 25 unidades<\/strong>, este formato \u00e9 perfeito para gerir o stock sem ocupar espa\u00e7o de armazenamento. \u00c9 ideal para restaurantes, catering, bares de saladas, food trucks e cozinhas de eventos. F\u00e1cil de utilizar, vers\u00e1til e agrad\u00e1vel de apresentar, esta ta\u00e7a est\u00e1 a tornar-se rapidamente um aliado do dia a dia.  <\/p>\n<p data-start=\"1635\" data-end=\"1770\">Em suma, a <strong>saladeira de 1300 ml<\/strong> \u00e9 a solu\u00e7\u00e3o ideal para oferecer por\u00e7\u00f5es completas, bem apresentadas e f\u00e1ceis de transportar.<\/p>\n<p><!--more--><\/p>\n<p><strong><span style=\"color: #ff0000;\">*A tampa n\u00e3o \u00e9 adequada para o micro-ondas<\/span><\/strong><\/p>\n<p>&nbsp;<\/p>\n<p><!--more--><\/p>\n<p><strong>Vantagens :<\/strong><\/p>\n<ul>\n<li data-start=\"1850\" data-end=\"1880\">Capacidade ideal de <strong>1300 ml<\/strong>.<\/li>\n<li data-start=\"1883\" data-end=\"1930\">Ta\u00e7a de cart\u00e3o r\u00edgida e f\u00e1cil de manusear.<\/li>\n<li data-start=\"1933\" data-end=\"1989\">Tampa <strong>PET transparente<\/strong> para uma apresenta\u00e7\u00e3o atractiva.<\/li>\n<li data-start=\"1992\" data-end=\"2029\">Fecho fi\u00e1vel para o transporte.<\/li>\n<li data-start=\"2032\" data-end=\"2077\">Adequado para saladas, pratos frios ou quentes.<\/li>\n<li data-start=\"2080\" data-end=\"2114\">Embalagem de <strong>25<\/strong> unidades, pr\u00e1tica e econ\u00f3mica.<\/li>\n<\/ul>\n<p>&nbsp;<\/p>\n<p><!--more--><\/p>\n<h4>Outras informa\u00e7\u00f5es :<\/h4>\n<ul>\n<li><strong>Embalagem<\/strong>: Pacote de 25<\/li>\n<li><strong>Volume<\/strong>: 1300 ml<\/li>\n<li><strong>Di\u00e2metro<\/strong>: 185 mm<\/li>\n<li><strong>Altura<\/strong>: 70 mm<\/li>\n<li><strong>Material<\/strong>: Cart\u00e3o \/ PET<\/li>\n<li><strong>Cor<\/strong>: castanho<\/li>\n<li><strong>Utiliza\u00e7\u00e3o<\/strong>: Frio \/ Quente<\/li>\n<\/ul>\n<p>&nbsp;<\/p>\n<p><!--more--><\/p>\n<p>Este produto est\u00e1 dispon\u00edvel em v\u00e1rios tamanhos: <span style=\"color: #d12727;\"><a style=\"color: #d12727;\" href=\"https:\/\/www.csj-emballages.com\/produit\/25-bols-salades-kraft-couvercles-pet-500-ml\/\">500 ml<\/a><\/span> \/ <span style=\"color: #d12727;\"><a style=\"color: #d12727;\" href=\"https:\/\/www.csj-emballages.com\/produit\/25-bols-salades-kraft-couvercles-pet-750-ml\/\">750 ml<\/a><\/span> \/ <span style=\"color: #d12727;\"><a style=\"color: #d12727;\" href=\"https:\/\/www.csj-emballages.com\/produit\/25-bols-salades-kraft-couvercles-pet-1000-ml\/\">1000 ml<\/a><\/span> \/ <span style=\"color: #d12727;\"><a style=\"color: #d12727;\" href=\"https:\/\/www.csj-emballages.com\/produit\/25-bols-salades-kraft-couvercles-pet-1100-ml\/\">1100 ml<\/a><\/span><\/p>\n<p>&nbsp;<\/p>\n<p><!--more--><\/p>\n<p><a href=\"\/?product_cat=pots-salade-kraft\">Ver o resto da nossa gama de frascos de salada kraft<\/a><\/p>\n","protected":false},"excerpt":{"rendered":"<p>Saladeira Descri\u00e7\u00e3o da nossa saladeira, cart\u00e3o + tampa PET 1300 ml, 25 unidades<\/p>\n","protected":false},"featured_media":203487,"template":"","meta":{"_acf_changed":false},"product_brand":[],"product_cat":[1141,1138,3150],"product_tag":[],"class_list":{"0":"post-22643","1":"product","2":"type-product","3":"status-publish","4":"has-post-thumbnail","6":"product_cat-embalagem-de-alimentos","7":"product_cat-restauracao","8":"product_cat-frascos-de-salada-kraft","10":"first","11":"instock","12":"taxable","13":"shipping-taxable","14":"purchasable","15":"product-type-simple"},"acf":[],"yoast_head":"<!-- This site is optimized with the Yoast SEO Premium plugin v26.6 (Yoast SEO v26.6) - https:\/\/yoast.com\/wordpress\/plugins\/seo\/ -->\n<title>Saladeira em cart\u00e3o + tampa PET - 1300 ml<\/title>\n<meta name=\"description\" content=\"Saladeira de cart\u00e3o de 1300 ml com tampa PET: pr\u00e1tica, ecol\u00f3gica, resistente e herm\u00e9tica. Ideal para todos os seus takeaways!\" \/>\n<meta name=\"robots\" content=\"index, follow, max-snippet:-1, max-image-preview:large, max-video-preview:-1\" \/>\n<link rel=\"canonical\" href=\"https:\/\/www.csj-emballages.com\/pt-pt\/produit\/25-tacas-de-salada-kraft-tampas-pet-1300-ml\/\" \/>\n<meta property=\"og:locale\" content=\"pt_PT\" \/>\n<meta property=\"og:type\" content=\"article\" \/>\n<meta property=\"og:title\" content=\"Saladeira em cart\u00e3o + tampa PET 1300 ml por 25\" \/>\n<meta property=\"og:description\" content=\"Saladeira de cart\u00e3o de 1300 ml com tampa PET: pr\u00e1tica, ecol\u00f3gica, resistente e herm\u00e9tica. Ideal para todos os seus takeaways!\" \/>\n<meta property=\"og:url\" content=\"https:\/\/www.csj-emballages.com\/pt-pt\/produit\/25-tacas-de-salada-kraft-tampas-pet-1300-ml\/\" \/>\n<meta property=\"og:site_name\" content=\"CSJ Emballages\" \/>\n<meta property=\"article:publisher\" content=\"https:\/\/www.facebook.com\/csjemballages\" \/>\n<meta property=\"article:modified_time\" content=\"2026-05-05T00:17:59+00:00\" \/>\n<meta property=\"og:image\" content=\"https:\/\/www.csj-emballages.com\/wp-content\/uploads\/2024\/03\/Bols-salade-1300.webp\" \/>\n\t<meta property=\"og:image:width\" content=\"800\" \/>\n\t<meta property=\"og:image:height\" content=\"800\" \/>\n\t<meta property=\"og:image:type\" content=\"image\/webp\" \/>\n<meta name=\"twitter:card\" content=\"summary_large_image\" \/>\n<meta name=\"twitter:label1\" content=\"Tempo estimado de leitura\" \/>\n\t<meta name=\"twitter:data1\" content=\"2 minutos\" \/>\n<script type=\"application\/ld+json\" class=\"yoast-schema-graph\">{\"@context\":\"https:\/\/schema.org\",\"@graph\":[{\"@type\":\"WebPage\",\"@id\":\"https:\/\/www.csj-emballages.com\/pt-pt\/produit\/25-tacas-de-salada-kraft-tampas-pet-1300-ml\/\",\"url\":\"https:\/\/www.csj-emballages.com\/pt-pt\/produit\/25-tacas-de-salada-kraft-tampas-pet-1300-ml\/\",\"name\":\"Saladeira em cart\u00e3o + tampa PET - 1300 ml\",\"isPartOf\":{\"@id\":\"https:\/\/www.csj-emballages.com\/pt-pt\/#website\"},\"primaryImageOfPage\":{\"@id\":\"https:\/\/www.csj-emballages.com\/pt-pt\/produit\/25-tacas-de-salada-kraft-tampas-pet-1300-ml\/#primaryimage\"},\"image\":{\"@id\":\"https:\/\/www.csj-emballages.com\/pt-pt\/produit\/25-tacas-de-salada-kraft-tampas-pet-1300-ml\/#primaryimage\"},\"thumbnailUrl\":\"https:\/\/www.csj-emballages.com\/wp-content\/uploads\/2024\/03\/Bols-salade-1300.webp\",\"datePublished\":\"2024-03-01T15:50:28+00:00\",\"dateModified\":\"2026-05-05T00:17:59+00:00\",\"description\":\"Saladeira de cart\u00e3o de 1300 ml com tampa PET: pr\u00e1tica, ecol\u00f3gica, resistente e herm\u00e9tica. Ideal para todos os seus takeaways!\",\"breadcrumb\":{\"@id\":\"https:\/\/www.csj-emballages.com\/pt-pt\/produit\/25-tacas-de-salada-kraft-tampas-pet-1300-ml\/#breadcrumb\"},\"inLanguage\":\"pt-PT\",\"potentialAction\":[{\"@type\":\"ReadAction\",\"target\":[\"https:\/\/www.csj-emballages.com\/pt-pt\/produit\/25-tacas-de-salada-kraft-tampas-pet-1300-ml\/\"]}]},{\"@type\":\"ImageObject\",\"inLanguage\":\"pt-PT\",\"@id\":\"https:\/\/www.csj-emballages.com\/pt-pt\/produit\/25-tacas-de-salada-kraft-tampas-pet-1300-ml\/#primaryimage\",\"url\":\"https:\/\/www.csj-emballages.com\/wp-content\/uploads\/2024\/03\/Bols-salade-1300.webp\",\"contentUrl\":\"https:\/\/www.csj-emballages.com\/wp-content\/uploads\/2024\/03\/Bols-salade-1300.webp\",\"width\":800,\"height\":800,\"caption\":\"Bol salade\"},{\"@type\":\"BreadcrumbList\",\"@id\":\"https:\/\/www.csj-emballages.com\/pt-pt\/produit\/25-tacas-de-salada-kraft-tampas-pet-1300-ml\/#breadcrumb\",\"itemListElement\":[{\"@type\":\"ListItem\",\"position\":1,\"name\":\"Acolhimento\",\"item\":\"https:\/\/www.csj-emballages.com\/pt-pt\/universo-das-embalagens-alimentares\/\"},{\"@type\":\"ListItem\",\"position\":2,\"name\":\"Shop\",\"item\":\"https:\/\/www.csj-emballages.com\/shop\/\"},{\"@type\":\"ListItem\",\"position\":3,\"name\":\"Saladeira em cart\u00e3o + tampa PET 1300 ml por 25\"}]},{\"@type\":\"WebSite\",\"@id\":\"https:\/\/www.csj-emballages.com\/pt-pt\/#website\",\"url\":\"https:\/\/www.csj-emballages.com\/pt-pt\/\",\"name\":\"CSJ Emballages\",\"description\":\"\",\"publisher\":{\"@id\":\"https:\/\/www.csj-emballages.com\/pt-pt\/#organization\"},\"potentialAction\":[{\"@type\":\"SearchAction\",\"target\":{\"@type\":\"EntryPoint\",\"urlTemplate\":\"https:\/\/www.csj-emballages.com\/pt-pt\/?s={search_term_string}\"},\"query-input\":{\"@type\":\"PropertyValueSpecification\",\"valueRequired\":true,\"valueName\":\"search_term_string\"}}],\"inLanguage\":\"pt-PT\"},{\"@type\":\"Organization\",\"@id\":\"https:\/\/www.csj-emballages.com\/pt-pt\/#Organization\/\",\"name\":\"CSJ Emballages\",\"url\":\"https:\/\/www.csj-emballages.com\/pt-pt\/\",\"logo\":{\"@type\":\"ImageObject\",\"inLanguage\":\"pt-PT\",\"@id\":\"https:\/\/www.csj-emballages.com\/pt-pt\/#\/schema\/logo\/image\/\",\"url\":\"https:\/\/www.csj-emballages.com\/wp-content\/uploads\/2023\/10\/logo_csj.webp\",\"contentUrl\":\"https:\/\/www.csj-emballages.com\/wp-content\/uploads\/2023\/10\/logo_csj.webp\",\"width\":250,\"height\":95,\"caption\":\"CSJ Emballages\"},\"image\":{\"@id\":\"https:\/\/www.csj-emballages.com\/pt-pt\/#\/schema\/logo\/image\/\"},\"sameAs\":[\"https:\/\/www.facebook.com\/csjemballages\"],\"address\":{\"@type\":\"PostalAddress\",\"streetAddress\":\"ZI La Lechere\",\"addressLocality\":\"Patornay\",\"postalCode\":\"39130\",\"addressCountry\":\"FR\"},\"contactPoint\":[{\"@type\":\"ContactPoint\",\"contactType\":\"Service client\",\"telephone\":\"0384254272\",\"email\":\"contact@csj-emballages.com\"}]}]}<\/script>\n<!-- \/ Yoast SEO Premium plugin. -->","yoast_head_json":{"title":"Saladeira em cart\u00e3o + tampa PET - 1300 ml","description":"Saladeira de cart\u00e3o de 1300 ml com tampa PET: pr\u00e1tica, ecol\u00f3gica, resistente e herm\u00e9tica. Ideal para todos os seus takeaways!","robots":{"index":"index","follow":"follow","max-snippet":"max-snippet:-1","max-image-preview":"max-image-preview:large","max-video-preview":"max-video-preview:-1"},"canonical":"https:\/\/www.csj-emballages.com\/pt-pt\/produit\/25-tacas-de-salada-kraft-tampas-pet-1300-ml\/","og_locale":"pt_PT","og_type":"article","og_title":"Saladeira em cart\u00e3o + tampa PET 1300 ml por 25","og_description":"Saladeira de cart\u00e3o de 1300 ml com tampa PET: pr\u00e1tica, ecol\u00f3gica, resistente e herm\u00e9tica. Ideal para todos os seus takeaways!","og_url":"https:\/\/www.csj-emballages.com\/pt-pt\/produit\/25-tacas-de-salada-kraft-tampas-pet-1300-ml\/","og_site_name":"CSJ Emballages","article_publisher":"https:\/\/www.facebook.com\/csjemballages","article_modified_time":"2026-05-05T00:17:59+00:00","og_image":[{"width":800,"height":800,"url":"https:\/\/www.csj-emballages.com\/wp-content\/uploads\/2024\/03\/Bols-salade-1300.webp","type":"image\/webp"}],"twitter_card":"summary_large_image","twitter_misc":{"Tempo estimado de leitura":"2 minutos"},"schema":{"@context":"https:\/\/schema.org","@graph":[{"@type":"WebPage","@id":"https:\/\/www.csj-emballages.com\/pt-pt\/produit\/25-tacas-de-salada-kraft-tampas-pet-1300-ml\/","url":"https:\/\/www.csj-emballages.com\/pt-pt\/produit\/25-tacas-de-salada-kraft-tampas-pet-1300-ml\/","name":"Saladeira em cart\u00e3o + tampa PET - 1300 ml","isPartOf":{"@id":"https:\/\/www.csj-emballages.com\/pt-pt\/#website"},"primaryImageOfPage":{"@id":"https:\/\/www.csj-emballages.com\/pt-pt\/produit\/25-tacas-de-salada-kraft-tampas-pet-1300-ml\/#primaryimage"},"image":{"@id":"https:\/\/www.csj-emballages.com\/pt-pt\/produit\/25-tacas-de-salada-kraft-tampas-pet-1300-ml\/#primaryimage"},"thumbnailUrl":"https:\/\/www.csj-emballages.com\/wp-content\/uploads\/2024\/03\/Bols-salade-1300.webp","datePublished":"2024-03-01T15:50:28+00:00","dateModified":"2026-05-05T00:17:59+00:00","description":"Saladeira de cart\u00e3o de 1300 ml com tampa PET: pr\u00e1tica, ecol\u00f3gica, resistente e herm\u00e9tica. Ideal para todos os seus takeaways!","breadcrumb":{"@id":"https:\/\/www.csj-emballages.com\/pt-pt\/produit\/25-tacas-de-salada-kraft-tampas-pet-1300-ml\/#breadcrumb"},"inLanguage":"pt-PT","potentialAction":[{"@type":"ReadAction","target":["https:\/\/www.csj-emballages.com\/pt-pt\/produit\/25-tacas-de-salada-kraft-tampas-pet-1300-ml\/"]}]},{"@type":"ImageObject","inLanguage":"pt-PT","@id":"https:\/\/www.csj-emballages.com\/pt-pt\/produit\/25-tacas-de-salada-kraft-tampas-pet-1300-ml\/#primaryimage","url":"https:\/\/www.csj-emballages.com\/wp-content\/uploads\/2024\/03\/Bols-salade-1300.webp","contentUrl":"https:\/\/www.csj-emballages.com\/wp-content\/uploads\/2024\/03\/Bols-salade-1300.webp","width":800,"height":800,"caption":"Bol salade"},{"@type":"BreadcrumbList","@id":"https:\/\/www.csj-emballages.com\/pt-pt\/produit\/25-tacas-de-salada-kraft-tampas-pet-1300-ml\/#breadcrumb","itemListElement":[{"@type":"ListItem","position":1,"name":"Acolhimento","item":"https:\/\/www.csj-emballages.com\/pt-pt\/universo-das-embalagens-alimentares\/"},{"@type":"ListItem","position":2,"name":"Shop","item":"https:\/\/www.csj-emballages.com\/shop\/"},{"@type":"ListItem","position":3,"name":"Saladeira em cart\u00e3o + tampa PET 1300 ml por 25"}]},{"@type":"WebSite","@id":"https:\/\/www.csj-emballages.com\/pt-pt\/#website","url":"https:\/\/www.csj-emballages.com\/pt-pt\/","name":"CSJ Emballages","description":"","publisher":{"@id":"https:\/\/www.csj-emballages.com\/pt-pt\/#organization"},"potentialAction":[{"@type":"SearchAction","target":{"@type":"EntryPoint","urlTemplate":"https:\/\/www.csj-emballages.com\/pt-pt\/?s={search_term_string}"},"query-input":{"@type":"PropertyValueSpecification","valueRequired":true,"valueName":"search_term_string"}}],"inLanguage":"pt-PT"},{"@type":"Organization","@id":"https:\/\/www.csj-emballages.com\/pt-pt\/#Organization\/","name":"CSJ Emballages","url":"https:\/\/www.csj-emballages.com\/pt-pt\/","logo":{"@type":"ImageObject","inLanguage":"pt-PT","@id":"https:\/\/www.csj-emballages.com\/pt-pt\/#\/schema\/logo\/image\/","url":"https:\/\/www.csj-emballages.com\/wp-content\/uploads\/2023\/10\/logo_csj.webp","contentUrl":"https:\/\/www.csj-emballages.com\/wp-content\/uploads\/2023\/10\/logo_csj.webp","width":250,"height":95,"caption":"CSJ Emballages"},"image":{"@id":"https:\/\/www.csj-emballages.com\/pt-pt\/#\/schema\/logo\/image\/"},"sameAs":["https:\/\/www.facebook.com\/csjemballages"],"address":{"@type":"PostalAddress","streetAddress":"ZI La Lechere","addressLocality":"Patornay","postalCode":"39130","addressCountry":"FR"},"contactPoint":[{"@type":"ContactPoint","contactType":"Service client","telephone":"0384254272","email":"contact@csj-emballages.com"}]}]}},"df_price":7.75,"df_sale_price":"","df_regular_price":7.75,"df_image_link":"https:\/\/www.csj-emballages.com\/wp-content\/uploads\/2024\/03\/Bols-salade-1300-300x300.webp","tiered_pricing_type":"fixed","tiered_pricing_fixed_rules":[],"tiered_pricing_percentage_rules":[],"tiered_pricing_minimum":1,"tiered_pricing_roles_data":[],"_links":{"self":[{"href":"https:\/\/www.csj-emballages.com\/pt-pt\/wp-json\/wp\/v2\/product\/22643","targetHints":{"allow":["GET"]}}],"collection":[{"href":"https:\/\/www.csj-emballages.com\/pt-pt\/wp-json\/wp\/v2\/product"}],"about":[{"href":"https:\/\/www.csj-emballages.com\/pt-pt\/wp-json\/wp\/v2\/types\/product"}],"wp:featuredmedia":[{"embeddable":true,"href":"https:\/\/www.csj-emballages.com\/pt-pt\/wp-json\/wp\/v2\/media\/203487"}],"wp:attachment":[{"href":"https:\/\/www.csj-emballages.com\/pt-pt\/wp-json\/wp\/v2\/media?parent=22643"}],"wp:term":[{"taxonomy":"product_brand","embeddable":true,"href":"https:\/\/www.csj-emballages.com\/pt-pt\/wp-json\/wp\/v2\/product_brand?post=22643"},{"taxonomy":"product_cat","embeddable":true,"href":"https:\/\/www.csj-emballages.com\/pt-pt\/wp-json\/wp\/v2\/product_cat?post=22643"},{"taxonomy":"product_tag","embeddable":true,"href":"https:\/\/www.csj-emballages.com\/pt-pt\/wp-json\/wp\/v2\/product_tag?post=22643"}],"curies":[{"name":"wp","href":"https:\/\/api.w.org\/{rel}","templated":true}]}}