{"id":22618,"date":"2024-03-01T16:50:28","date_gmt":"2024-03-01T15:50:28","guid":{"rendered":"https:\/\/u15jnbdpoq.preview.infomaniak.website\/produit\/45-frascos-de-plastico-redondos-frios-de-350-ml\/"},"modified":"2026-04-07T10:01:31","modified_gmt":"2026-04-07T08:01:31","slug":"45-frascos-de-plastico-redondos-frios-de-350-ml","status":"publish","type":"product","link":"https:\/\/www.csj-emballages.com\/pt-pt\/produit\/45-frascos-de-plastico-redondos-frios-de-350-ml\/","title":{"rendered":"Pote de pl\u00e1stico redondo 350 ml por 45"},"content":{"rendered":"<h2>Pote de pl\u00e1stico redondo<\/h2>\n<hr>\n<h3>Descri\u00e7\u00e3o do nosso frasco de 350 ml por 45 saladas<\/h3>\n<p><!--more--><\/p>\n<p data-start=\"251\" data-end=\"695\">Este <strong>pote redondo de pl\u00e1stico<\/strong> <strong>350 ml<\/strong> \u00e9 o tipo de recipiente que se adapta a tudo sem nunca complicar as coisas. O seu formato \u00e9 ideal para propor\u00e7\u00f5es claras e bem apresentadas, seja para <g id=\"gid_2\">saladas<\/g> de <g id=\"gid_3\">frutas coloridas<\/g>, <g id=\"gid_4\">sobremesas caseiras<\/g>, <g id=\"gid_5\">molhos<\/g>, <g id=\"gid_6\">entradas frias<\/g> ou at\u00e9 prepara\u00e7\u00f5es para levar. Gra\u00e7as \u00e0 sua <strong>transpar\u00eancia<\/strong>, o conte\u00fado permanece perfeitamente vis\u00edvel, o que valoriza instantaneamente os produtos.  <\/p>\n<p data-start=\"697\" data-end=\"1095\">Este <strong>pote de pl\u00e1stico redondo <\/strong> \u00e9 muito pr\u00e1tico para o dia a dia. \u00c9 f\u00e1cil de segurar, f\u00e1cil de encher e f\u00e1cil de empilhar, pelo que poupa espa\u00e7o tanto na cozinha como na despensa. Al\u00e9m disso, a sua estrutura de pl\u00e1stico r\u00edgido garante a sua fixa\u00e7\u00e3o, mesmo quando o pote est\u00e1 cheio. Por isso, pode utiliz\u00e1-la com confian\u00e7a para levar para casa ou para prepara\u00e7\u00e3o antecipada.   <\/p>\n<p data-start=\"1097\" data-end=\"1448\">Al\u00e9m disso, este formato de <strong>350 ml<\/strong> responde perfeitamente \u00e0s expectativas dos clientes: nem muito pouco, nem excessivo. Permite propor uma por\u00e7\u00e3o equilibrada, visualmente atraente e f\u00e1cil de transportar. Seja um restaurante, empresa de catering, snack-bar, bar de saladas ou profissional de eventos, este pote integra-se naturalmente na sua organiza\u00e7\u00e3o.  <\/p>\n<p data-start=\"1450\" data-end=\"1694\">Vendido <strong data-start=\"1456\" data-end=\"1473\">em embalagens de 45 unidades<\/strong>, \u00e9 uma solu\u00e7\u00e3o pr\u00e1tica para gerir os seus volumes sem excesso de stock desnecess\u00e1rio. Trata-se de uma escolha simples, eficaz e vers\u00e1til, que o ajudar\u00e1 a prestar um servi\u00e7o sem problemas e organizado, ao mesmo tempo que valoriza as suas prepara\u00e7\u00f5es. <\/p>\n<p>&nbsp;<\/p>\n<p><!--more--><\/p>\n<p><strong><span style=\"color: #ff0000;\">*Apenas para utiliza\u00e7\u00e3o a frio<\/span><\/strong><\/p>\n<p>&nbsp;<\/p>\n<p><!--more--><\/p>\n<h4>Vantagens :<\/h4>\n<ul>\n<li data-start=\"1722\" data-end=\"1761\">Formato <strong>350 ml<\/strong> pr\u00e1tico e vers\u00e1til.<\/li>\n<li data-start=\"1764\" data-end=\"1818\"><strong>Transpar\u00eancia<\/strong> ideal para real\u00e7ar as prepara\u00e7\u00f5es.<\/li>\n<li data-start=\"1821\" data-end=\"1861\">Pl\u00e1stico r\u00edgido para uma boa fixa\u00e7\u00e3o.<\/li>\n<li data-start=\"1864\" data-end=\"1896\">F\u00e1cil de empilhar e armazenar.<\/li>\n<li data-start=\"1899\" data-end=\"1941\">Lote de <strong>45<\/strong> adequado para uso profissional<\/li>\n<\/ul>\n<p>&nbsp;<\/p>\n<p><!--more--><\/p>\n<h4>Outras informa\u00e7\u00f5es :<\/h4>\n<ul>\n<li><strong>Embalagem<\/strong>: Pacote de 45<\/li>\n<li><strong>Volume<\/strong>: 350 ml<\/li>\n<li><strong>Di\u00e2metro superior<\/strong>: \u00d8117 mm<\/li>\n<li><strong>Altura<\/strong>: 57 mm<\/li>\n<li><strong>Material<\/strong>: rPET (tereftalato de polietileno reciclado)<\/li>\n<li><strong>Utiliza\u00e7\u00e3o<\/strong>: Frio<\/li>\n<li><strong>Temperatura de funcionamento<\/strong>: -40\u00b0C \/ +60\u00b0C<\/li>\n<\/ul>\n<p>&nbsp;<\/p>\n<p><!--more--><\/p>\n<p><span style=\"color: #d12727;\"><a style=\"color: #d12727;\" href=\"https:\/\/www.csj-emballages.com\/es\/produit\/45-tapas-de-cristal-frio-para-tarros-de-alimentos-crudos\/\">Clica aqui para veres a tampa concebida para esta panela  <\/a><\/span><\/p>\n<p>&nbsp;<\/p>\n<p><!--more--><\/p>\n<p>Dispon\u00edvel em v\u00e1rios tamanhos: <span style=\"color: #d12727;\"><a style=\"color: #d12727;\" href=\"https:\/\/www.csj-emballages.com\/es\/produit\/45-tarros-redondos-de-plastico-de-250-ml\/\">250 ml<\/a><\/span> \/ <span style=\"color: #d12727;\"><a style=\"color: #d12727;\" href=\"https:\/\/www.csj-emballages.com\/produit\/45-pots-crudites-ronds-froids-jetables-en-plastique-500-ml\/\">500 ml<\/a><\/span> \/ <span style=\"color: #d12727;\"><a style=\"color: #d12727;\" href=\"https:\/\/www.csj-emballages.com\/produit\/50-pots-crudites-ronds-froids-jetables-en-plastique-720-ml\/\">720 ml<\/a><\/span><\/p>\n<p>&nbsp;<\/p>\n<p><!--more--><\/p>\n<p><a href=\"https:\/\/www.csj-emballages.com\/pt-pt\/categorie-produit\/embalagem-de-alimentos\/restauracao\/tachos-tigelas-suportes-para-copos\/vasos-redondos-pt-pt\/tachos-redondos-frios\/\">V\u00ea o resto da nossa gama de frascos redondos para utiliza\u00e7\u00e3o no frio<\/a><\/p>\n","protected":false},"excerpt":{"rendered":"<p>Pote de pl\u00e1stico redondo Descri\u00e7\u00e3o do nosso frasco de 350 ml por 45 saladas<\/p>\n","protected":false},"featured_media":259203,"template":"","meta":{"_acf_changed":false},"product_brand":[],"product_cat":[1141,1176,1525,1526,2463,1138,1528,2465],"product_tag":[],"class_list":{"0":"post-22618","1":"product","2":"type-product","3":"status-publish","4":"has-post-thumbnail","6":"product_cat-embalagem-de-alimentos","7":"product_cat-talho-e-charcutaria","8":"product_cat-tabuleiros-latas-frascos-para-alimentos","9":"product_cat-vasos-redondos","10":"product_cat-frascos-redondos-para-utilizacao-no-frio","11":"product_cat-restauracao","12":"product_cat-vasos-redondos-pt-pt","13":"product_cat-tachos-redondos-frios","15":"first","16":"instock","17":"taxable","18":"shipping-taxable","19":"purchasable","20":"product-type-simple"},"acf":[],"yoast_head":"<!-- This site is optimized with the Yoast SEO Premium plugin v26.6 (Yoast SEO v26.6) - https:\/\/yoast.com\/wordpress\/plugins\/seo\/ -->\n<title>Pote Redondo de Pl\u00e1stico 350 ml por 45<\/title>\n<meta name=\"description\" content=\"Pote redondo de pl\u00e1stico transparente de 350 ml vendido por 45 unidades. Ideal para sobremesas, saladas de frutas e prepara\u00e7\u00f5es frias para levar ou em vitrine.\" \/>\n<meta name=\"robots\" content=\"index, follow, max-snippet:-1, max-image-preview:large, max-video-preview:-1\" \/>\n<link rel=\"canonical\" href=\"https:\/\/www.csj-emballages.com\/pt-pt\/produit\/45-frascos-de-plastico-redondos-frios-de-350-ml\/\" \/>\n<meta property=\"og:locale\" content=\"pt_PT\" \/>\n<meta property=\"og:type\" content=\"article\" \/>\n<meta property=\"og:title\" content=\"Pote de pl\u00e1stico redondo 350 ml por 45\" \/>\n<meta property=\"og:description\" content=\"Pote redondo de pl\u00e1stico transparente de 350 ml vendido por 45 unidades. Ideal para sobremesas, saladas de frutas e prepara\u00e7\u00f5es frias para levar ou em vitrine.\" \/>\n<meta property=\"og:url\" content=\"https:\/\/www.csj-emballages.com\/pt-pt\/produit\/45-frascos-de-plastico-redondos-frios-de-350-ml\/\" \/>\n<meta property=\"og:site_name\" content=\"CSJ Emballages\" \/>\n<meta property=\"article:publisher\" content=\"https:\/\/www.facebook.com\/csjemballages\" \/>\n<meta property=\"article:modified_time\" content=\"2026-04-07T08:01:31+00:00\" \/>\n<meta property=\"og:image\" content=\"https:\/\/www.csj-emballages.com\/wp-content\/uploads\/2024\/03\/PO375C.webp\" \/>\n\t<meta property=\"og:image:width\" content=\"800\" \/>\n\t<meta property=\"og:image:height\" content=\"800\" \/>\n\t<meta property=\"og:image:type\" content=\"image\/webp\" \/>\n<meta name=\"twitter:card\" content=\"summary_large_image\" \/>\n<meta name=\"twitter:label1\" content=\"Tempo estimado de leitura\" \/>\n\t<meta name=\"twitter:data1\" content=\"2 minutos\" \/>\n<script type=\"application\/ld+json\" class=\"yoast-schema-graph\">{\"@context\":\"https:\/\/schema.org\",\"@graph\":[{\"@type\":\"WebPage\",\"@id\":\"https:\/\/www.csj-emballages.com\/pt-pt\/produit\/45-frascos-de-plastico-redondos-frios-de-350-ml\/\",\"url\":\"https:\/\/www.csj-emballages.com\/pt-pt\/produit\/45-frascos-de-plastico-redondos-frios-de-350-ml\/\",\"name\":\"Pote Redondo de Pl\u00e1stico 350 ml por 45\",\"isPartOf\":{\"@id\":\"https:\/\/www.csj-emballages.com\/pt-pt\/#website\"},\"primaryImageOfPage\":{\"@id\":\"https:\/\/www.csj-emballages.com\/pt-pt\/produit\/45-frascos-de-plastico-redondos-frios-de-350-ml\/#primaryimage\"},\"image\":{\"@id\":\"https:\/\/www.csj-emballages.com\/pt-pt\/produit\/45-frascos-de-plastico-redondos-frios-de-350-ml\/#primaryimage\"},\"thumbnailUrl\":\"https:\/\/www.csj-emballages.com\/wp-content\/uploads\/2024\/03\/PO375C.webp\",\"datePublished\":\"2024-03-01T15:50:28+00:00\",\"dateModified\":\"2026-04-07T08:01:31+00:00\",\"description\":\"Pote redondo de pl\u00e1stico transparente de 350 ml vendido por 45 unidades. Ideal para sobremesas, saladas de frutas e prepara\u00e7\u00f5es frias para levar ou em vitrine.\",\"breadcrumb\":{\"@id\":\"https:\/\/www.csj-emballages.com\/pt-pt\/produit\/45-frascos-de-plastico-redondos-frios-de-350-ml\/#breadcrumb\"},\"inLanguage\":\"pt-PT\",\"potentialAction\":[{\"@type\":\"ReadAction\",\"target\":[\"https:\/\/www.csj-emballages.com\/pt-pt\/produit\/45-frascos-de-plastico-redondos-frios-de-350-ml\/\"]}]},{\"@type\":\"ImageObject\",\"inLanguage\":\"pt-PT\",\"@id\":\"https:\/\/www.csj-emballages.com\/pt-pt\/produit\/45-frascos-de-plastico-redondos-frios-de-350-ml\/#primaryimage\",\"url\":\"https:\/\/www.csj-emballages.com\/wp-content\/uploads\/2024\/03\/PO375C.webp\",\"contentUrl\":\"https:\/\/www.csj-emballages.com\/wp-content\/uploads\/2024\/03\/PO375C.webp\",\"width\":800,\"height\":800,\"caption\":\"Pot rond plastique\"},{\"@type\":\"BreadcrumbList\",\"@id\":\"https:\/\/www.csj-emballages.com\/pt-pt\/produit\/45-frascos-de-plastico-redondos-frios-de-350-ml\/#breadcrumb\",\"itemListElement\":[{\"@type\":\"ListItem\",\"position\":1,\"name\":\"Acolhimento\",\"item\":\"https:\/\/www.csj-emballages.com\/pt-pt\/universo-das-embalagens-alimentares\/\"},{\"@type\":\"ListItem\",\"position\":2,\"name\":\"Shop\",\"item\":\"https:\/\/www.csj-emballages.com\/shop\/\"},{\"@type\":\"ListItem\",\"position\":3,\"name\":\"Pote de pl\u00e1stico redondo 350 ml por 45\"}]},{\"@type\":\"WebSite\",\"@id\":\"https:\/\/www.csj-emballages.com\/pt-pt\/#website\",\"url\":\"https:\/\/www.csj-emballages.com\/pt-pt\/\",\"name\":\"CSJ Emballages\",\"description\":\"\",\"publisher\":{\"@id\":\"https:\/\/www.csj-emballages.com\/pt-pt\/#organization\"},\"potentialAction\":[{\"@type\":\"SearchAction\",\"target\":{\"@type\":\"EntryPoint\",\"urlTemplate\":\"https:\/\/www.csj-emballages.com\/pt-pt\/?s={search_term_string}\"},\"query-input\":{\"@type\":\"PropertyValueSpecification\",\"valueRequired\":true,\"valueName\":\"search_term_string\"}}],\"inLanguage\":\"pt-PT\"},{\"@type\":\"Organization\",\"@id\":\"https:\/\/www.csj-emballages.com\/pt-pt\/#Organization\/\",\"name\":\"CSJ Emballages\",\"url\":\"https:\/\/www.csj-emballages.com\/pt-pt\/\",\"logo\":{\"@type\":\"ImageObject\",\"inLanguage\":\"pt-PT\",\"@id\":\"https:\/\/www.csj-emballages.com\/pt-pt\/#\/schema\/logo\/image\/\",\"url\":\"https:\/\/www.csj-emballages.com\/wp-content\/uploads\/2023\/10\/logo_csj.webp\",\"contentUrl\":\"https:\/\/www.csj-emballages.com\/wp-content\/uploads\/2023\/10\/logo_csj.webp\",\"width\":250,\"height\":95,\"caption\":\"CSJ Emballages\"},\"image\":{\"@id\":\"https:\/\/www.csj-emballages.com\/pt-pt\/#\/schema\/logo\/image\/\"},\"sameAs\":[\"https:\/\/www.facebook.com\/csjemballages\"],\"address\":{\"@type\":\"PostalAddress\",\"streetAddress\":\"ZI La Lechere\",\"addressLocality\":\"Patornay\",\"postalCode\":\"39130\",\"addressCountry\":\"FR\"},\"contactPoint\":[{\"@type\":\"ContactPoint\",\"contactType\":\"Service client\",\"telephone\":\"0384254272\",\"email\":\"contact@csj-emballages.com\"}]}]}<\/script>\n<!-- \/ Yoast SEO Premium plugin. -->","yoast_head_json":{"title":"Pote Redondo de Pl\u00e1stico 350 ml por 45","description":"Pote redondo de pl\u00e1stico transparente de 350 ml vendido por 45 unidades. Ideal para sobremesas, saladas de frutas e prepara\u00e7\u00f5es frias para levar ou em vitrine.","robots":{"index":"index","follow":"follow","max-snippet":"max-snippet:-1","max-image-preview":"max-image-preview:large","max-video-preview":"max-video-preview:-1"},"canonical":"https:\/\/www.csj-emballages.com\/pt-pt\/produit\/45-frascos-de-plastico-redondos-frios-de-350-ml\/","og_locale":"pt_PT","og_type":"article","og_title":"Pote de pl\u00e1stico redondo 350 ml por 45","og_description":"Pote redondo de pl\u00e1stico transparente de 350 ml vendido por 45 unidades. Ideal para sobremesas, saladas de frutas e prepara\u00e7\u00f5es frias para levar ou em vitrine.","og_url":"https:\/\/www.csj-emballages.com\/pt-pt\/produit\/45-frascos-de-plastico-redondos-frios-de-350-ml\/","og_site_name":"CSJ Emballages","article_publisher":"https:\/\/www.facebook.com\/csjemballages","article_modified_time":"2026-04-07T08:01:31+00:00","og_image":[{"width":800,"height":800,"url":"https:\/\/www.csj-emballages.com\/wp-content\/uploads\/2024\/03\/PO375C.webp","type":"image\/webp"}],"twitter_card":"summary_large_image","twitter_misc":{"Tempo estimado de leitura":"2 minutos"},"schema":{"@context":"https:\/\/schema.org","@graph":[{"@type":"WebPage","@id":"https:\/\/www.csj-emballages.com\/pt-pt\/produit\/45-frascos-de-plastico-redondos-frios-de-350-ml\/","url":"https:\/\/www.csj-emballages.com\/pt-pt\/produit\/45-frascos-de-plastico-redondos-frios-de-350-ml\/","name":"Pote Redondo de Pl\u00e1stico 350 ml por 45","isPartOf":{"@id":"https:\/\/www.csj-emballages.com\/pt-pt\/#website"},"primaryImageOfPage":{"@id":"https:\/\/www.csj-emballages.com\/pt-pt\/produit\/45-frascos-de-plastico-redondos-frios-de-350-ml\/#primaryimage"},"image":{"@id":"https:\/\/www.csj-emballages.com\/pt-pt\/produit\/45-frascos-de-plastico-redondos-frios-de-350-ml\/#primaryimage"},"thumbnailUrl":"https:\/\/www.csj-emballages.com\/wp-content\/uploads\/2024\/03\/PO375C.webp","datePublished":"2024-03-01T15:50:28+00:00","dateModified":"2026-04-07T08:01:31+00:00","description":"Pote redondo de pl\u00e1stico transparente de 350 ml vendido por 45 unidades. Ideal para sobremesas, saladas de frutas e prepara\u00e7\u00f5es frias para levar ou em vitrine.","breadcrumb":{"@id":"https:\/\/www.csj-emballages.com\/pt-pt\/produit\/45-frascos-de-plastico-redondos-frios-de-350-ml\/#breadcrumb"},"inLanguage":"pt-PT","potentialAction":[{"@type":"ReadAction","target":["https:\/\/www.csj-emballages.com\/pt-pt\/produit\/45-frascos-de-plastico-redondos-frios-de-350-ml\/"]}]},{"@type":"ImageObject","inLanguage":"pt-PT","@id":"https:\/\/www.csj-emballages.com\/pt-pt\/produit\/45-frascos-de-plastico-redondos-frios-de-350-ml\/#primaryimage","url":"https:\/\/www.csj-emballages.com\/wp-content\/uploads\/2024\/03\/PO375C.webp","contentUrl":"https:\/\/www.csj-emballages.com\/wp-content\/uploads\/2024\/03\/PO375C.webp","width":800,"height":800,"caption":"Pot rond plastique"},{"@type":"BreadcrumbList","@id":"https:\/\/www.csj-emballages.com\/pt-pt\/produit\/45-frascos-de-plastico-redondos-frios-de-350-ml\/#breadcrumb","itemListElement":[{"@type":"ListItem","position":1,"name":"Acolhimento","item":"https:\/\/www.csj-emballages.com\/pt-pt\/universo-das-embalagens-alimentares\/"},{"@type":"ListItem","position":2,"name":"Shop","item":"https:\/\/www.csj-emballages.com\/shop\/"},{"@type":"ListItem","position":3,"name":"Pote de pl\u00e1stico redondo 350 ml por 45"}]},{"@type":"WebSite","@id":"https:\/\/www.csj-emballages.com\/pt-pt\/#website","url":"https:\/\/www.csj-emballages.com\/pt-pt\/","name":"CSJ Emballages","description":"","publisher":{"@id":"https:\/\/www.csj-emballages.com\/pt-pt\/#organization"},"potentialAction":[{"@type":"SearchAction","target":{"@type":"EntryPoint","urlTemplate":"https:\/\/www.csj-emballages.com\/pt-pt\/?s={search_term_string}"},"query-input":{"@type":"PropertyValueSpecification","valueRequired":true,"valueName":"search_term_string"}}],"inLanguage":"pt-PT"},{"@type":"Organization","@id":"https:\/\/www.csj-emballages.com\/pt-pt\/#Organization\/","name":"CSJ Emballages","url":"https:\/\/www.csj-emballages.com\/pt-pt\/","logo":{"@type":"ImageObject","inLanguage":"pt-PT","@id":"https:\/\/www.csj-emballages.com\/pt-pt\/#\/schema\/logo\/image\/","url":"https:\/\/www.csj-emballages.com\/wp-content\/uploads\/2023\/10\/logo_csj.webp","contentUrl":"https:\/\/www.csj-emballages.com\/wp-content\/uploads\/2023\/10\/logo_csj.webp","width":250,"height":95,"caption":"CSJ Emballages"},"image":{"@id":"https:\/\/www.csj-emballages.com\/pt-pt\/#\/schema\/logo\/image\/"},"sameAs":["https:\/\/www.facebook.com\/csjemballages"],"address":{"@type":"PostalAddress","streetAddress":"ZI La Lechere","addressLocality":"Patornay","postalCode":"39130","addressCountry":"FR"},"contactPoint":[{"@type":"ContactPoint","contactType":"Service client","telephone":"0384254272","email":"contact@csj-emballages.com"}]}]}},"df_price":5.28,"df_sale_price":"","df_regular_price":5.28,"df_image_link":"https:\/\/www.csj-emballages.com\/wp-content\/uploads\/2024\/03\/PO375C-300x300.webp","tiered_pricing_type":"fixed","tiered_pricing_fixed_rules":[],"tiered_pricing_percentage_rules":[],"tiered_pricing_minimum":1,"tiered_pricing_roles_data":[],"_links":{"self":[{"href":"https:\/\/www.csj-emballages.com\/pt-pt\/wp-json\/wp\/v2\/product\/22618","targetHints":{"allow":["GET"]}}],"collection":[{"href":"https:\/\/www.csj-emballages.com\/pt-pt\/wp-json\/wp\/v2\/product"}],"about":[{"href":"https:\/\/www.csj-emballages.com\/pt-pt\/wp-json\/wp\/v2\/types\/product"}],"wp:featuredmedia":[{"embeddable":true,"href":"https:\/\/www.csj-emballages.com\/pt-pt\/wp-json\/wp\/v2\/media\/259203"}],"wp:attachment":[{"href":"https:\/\/www.csj-emballages.com\/pt-pt\/wp-json\/wp\/v2\/media?parent=22618"}],"wp:term":[{"taxonomy":"product_brand","embeddable":true,"href":"https:\/\/www.csj-emballages.com\/pt-pt\/wp-json\/wp\/v2\/product_brand?post=22618"},{"taxonomy":"product_cat","embeddable":true,"href":"https:\/\/www.csj-emballages.com\/pt-pt\/wp-json\/wp\/v2\/product_cat?post=22618"},{"taxonomy":"product_tag","embeddable":true,"href":"https:\/\/www.csj-emballages.com\/pt-pt\/wp-json\/wp\/v2\/product_tag?post=22618"}],"curies":[{"name":"wp","href":"https:\/\/api.w.org\/{rel}","templated":true}]}}