{"id":22616,"date":"2024-03-01T16:50:27","date_gmt":"2024-03-01T15:50:27","guid":{"rendered":"https:\/\/u15jnbdpoq.preview.infomaniak.website\/produit\/25-tacas-de-salada-kraft-tampas-pet-de-750-ml\/"},"modified":"2026-05-16T02:15:31","modified_gmt":"2026-05-16T00:15:31","slug":"25-tacas-de-salada-kraft-tampas-pet-de-750-ml","status":"publish","type":"product","link":"https:\/\/www.csj-emballages.com\/pt-pt\/produit\/25-tacas-de-salada-kraft-tampas-pet-de-750-ml\/","title":{"rendered":"Caixa de cart\u00e3o para salada + tampa PET 750 ml, 25 unidades"},"content":{"rendered":"<h2>Saladeira<\/h2>\n<hr>\n<h3>Descri\u00e7\u00e3o da nossa saladeira de cart\u00e3o de 750 ml + tampa PET, embalagem de 25<\/h3>\n<p><!--more--><\/p>\n<p data-start=\"271\" data-end=\"668\">Esta <strong>saladeira<\/strong> <strong data-start=\"285\" data-end=\"295\">de 750 ml<\/strong> foi concebida para quem quer oferecer pratos frescos para levar sem complicar a sua organiza\u00e7\u00e3o. A partir do momento em que pega nela, vai sentir que tudo est\u00e1 bem equilibrado: uma <strong>ta\u00e7a de cart\u00e3o<\/strong> resistente, uma forma pr\u00e1tica e uma tampa transparente que permite ver o conte\u00fado. O resultado? Uma apresenta\u00e7\u00e3o limpa, organizada e apetitosa, ideal para abrir o apetite \u00e0 primeira vista.   <\/p>\n<p data-start=\"670\" data-end=\"1094\">Gra\u00e7as \u00e0 sua capacidade <strong>de 750 ml<\/strong>, \u00e9 perfeita para <strong>saladas mistas<\/strong>, <strong>ta\u00e7as de pok\u00e9<\/strong>, <strong>crousty<\/strong>, <strong>pratos frios<\/strong>, <strong>fruta cortada<\/strong> ou mesmo receitas quentes. O <strong>cart\u00e3o<\/strong> tem uma boa fixa\u00e7\u00e3o, pelo que n\u00e3o se deforma durante o transporte. A <strong>tampa PET<\/strong>, por sua vez, \u00e9 f\u00e1cil de encaixar e proporciona uma veda\u00e7\u00e3o fi\u00e1vel. Assim, pode transportar os seus preparados com toda a tranquilidade, sem surpresas desagrad\u00e1veis \u00e0 chegada.   <\/p>\n<p data-start=\"1096\" data-end=\"1363\">Outro ponto forte \u00e9 a <strong>transpar\u00eancia da tampa<\/strong>. Al\u00e9m disso, permite que os clientes vejam imediatamente a frescura e a qualidade do produto, ao mesmo tempo que real\u00e7a as cores dos ingredientes. Trata-se de uma verdadeira vantagem para os expositores refrigerados, os takeaways e as entregas.  <\/p>\n<p data-start=\"1365\" data-end=\"1664\">Vendido <strong data-start=\"1371\" data-end=\"1388\">em embalagens de 25 unidades<\/strong>, este formato \u00e9 perfeito para uma gest\u00e3o inteligente do stock. \u00c9 ideal para restaurantes, fornecedores de refei\u00e7\u00f5es, snack-bares, bares de saladas e eventos pontuais. F\u00e1cil de utilizar, pr\u00e1tica para fechar e atractiva para apresentar, esta ta\u00e7a est\u00e1 a tornar-se rapidamente um acess\u00f3rio essencial no dia a dia.  <\/p>\n<p data-start=\"1666\" data-end=\"1822\">Em suma, esta <strong>saladeira<\/strong> preenche todos os requisitos: pr\u00e1tica, limpa, funcional e concebida para satisfazer as expectativas actuais de quem vai levar comida para casa.<\/p>\n<p><!--more--><\/p>\n<p><strong><span style=\"color: #ff0000;\">*A tampa n\u00e3o \u00e9 adequada para o micro-ondas<\/span><\/strong><\/p>\n<p>&nbsp;<\/p>\n<p><!--more--><\/p>\n<p><strong>Vantagens :<\/strong><\/p>\n<ul>\n<li data-start=\"1850\" data-end=\"1880\">Capacidade ideal de <strong>750 ml<\/strong>.<\/li>\n<li data-start=\"1883\" data-end=\"1930\">Ta\u00e7a de cart\u00e3o r\u00edgida e f\u00e1cil de manusear.<\/li>\n<li data-start=\"1933\" data-end=\"1989\">Tampa <strong>PET transparente<\/strong> para uma apresenta\u00e7\u00e3o atractiva.<\/li>\n<li data-start=\"1992\" data-end=\"2029\">Fecho fi\u00e1vel para o transporte.<\/li>\n<li data-start=\"2032\" data-end=\"2077\">Adequado para saladas, pratos frios ou quentes.<\/li>\n<li data-start=\"2080\" data-end=\"2114\">Embalagem de <strong>25<\/strong> unidades, pr\u00e1tica e econ\u00f3mica.<\/li>\n<\/ul>\n<p>&nbsp;<\/p>\n<p><!--more--><\/p>\n<h4>Outras informa\u00e7\u00f5es :<\/h4>\n<ul>\n<li><strong>Embalagem<\/strong>: Pacote de 25<\/li>\n<li><strong>Volume<\/strong>: 750 ml<\/li>\n<li><strong>Di\u00e2metro<\/strong>: 150 mm<\/li>\n<li><strong>Altura<\/strong>: 65 mm<\/li>\n<li><strong>Material<\/strong>: Cart\u00e3o \/ PET<\/li>\n<li><strong>Cor<\/strong>: castanho<\/li>\n<li><strong>Utiliza\u00e7\u00e3o<\/strong>: Frio \/ Quente<\/li>\n<\/ul>\n<p>&nbsp;<\/p>\n<p><!--more--><\/p>\n<p>Este produto est\u00e1 dispon\u00edvel em v\u00e1rios tamanhos: <span style=\"color: #d12727;\"><a style=\"color: #d12727;\" href=\"https:\/\/www.csj-emballages.com\/produit\/25-bols-salades-kraft-couvercles-pet-500-ml\/\">500 ml<\/a><\/span> \/ <span style=\"color: #d12727;\"><a style=\"color: #d12727;\" href=\"https:\/\/www.csj-emballages.com\/produit\/25-bols-salades-kraft-couvercles-pet-1000-ml\/\">1000 ml<\/a><\/span> \/ <span style=\"color: #d12727;\"><a style=\"color: #d12727;\" href=\"https:\/\/www.csj-emballages.com\/produit\/25-bols-salades-kraft-couvercles-pet-1100-ml\/\">1100 ml<\/a><\/span> \/ <span style=\"color: #d12727;\"><a style=\"color: #d12727;\" href=\"https:\/\/www.csj-emballages.com\/produit\/25-bols-salades-kraft-couvercles-pet-1300-ml\/\">1300 ml<\/a><\/span><\/p>\n<p>&nbsp;<\/p>\n<p><!--more--><\/p>\n<p><a href=\"\/?product_cat=pots-salade-kraft\">Consulte o resto da nossa gama de ta\u00e7as para salada em kraft<\/a><\/p>\n","protected":false},"excerpt":{"rendered":"<p>Saladeira Descri\u00e7\u00e3o da nossa saladeira de cart\u00e3o de 750 ml + tampa PET, embalagem de 25<\/p>\n","protected":false},"featured_media":203386,"template":"","meta":{"_acf_changed":false},"product_brand":[],"product_cat":[1141,1138,3150],"product_tag":[],"class_list":{"0":"post-22616","1":"product","2":"type-product","3":"status-publish","4":"has-post-thumbnail","6":"product_cat-embalagem-de-alimentos","7":"product_cat-restauracao","8":"product_cat-frascos-de-salada-kraft","10":"first","11":"instock","12":"taxable","13":"shipping-taxable","14":"purchasable","15":"product-type-simple"},"acf":[],"yoast_head":"<!-- This site is optimized with the Yoast SEO Premium plugin v26.6 (Yoast SEO v26.6) - https:\/\/yoast.com\/wordpress\/plugins\/seo\/ -->\n<title>Saladeira em cart\u00e3o + tampa PET - 750 ml<\/title>\n<meta name=\"description\" content=\"Saladeira de cart\u00e3o de 750 ml com tampa PET: pr\u00e1tica, ecol\u00f3gica, resistente e herm\u00e9tica. Ideal para todos os seus takeaways!\" \/>\n<meta name=\"robots\" content=\"index, follow, max-snippet:-1, max-image-preview:large, max-video-preview:-1\" \/>\n<link rel=\"canonical\" href=\"https:\/\/www.csj-emballages.com\/pt-pt\/produit\/25-tacas-de-salada-kraft-tampas-pet-de-750-ml\/\" \/>\n<meta property=\"og:locale\" content=\"pt_PT\" \/>\n<meta property=\"og:type\" content=\"article\" \/>\n<meta property=\"og:title\" content=\"Caixa de cart\u00e3o para salada + tampa PET 750 ml, 25 unidades\" \/>\n<meta property=\"og:description\" content=\"Saladeira de cart\u00e3o de 750 ml com tampa PET: pr\u00e1tica, ecol\u00f3gica, resistente e herm\u00e9tica. Ideal para todos os seus takeaways!\" \/>\n<meta property=\"og:url\" content=\"https:\/\/www.csj-emballages.com\/pt-pt\/produit\/25-tacas-de-salada-kraft-tampas-pet-de-750-ml\/\" \/>\n<meta property=\"og:site_name\" content=\"CSJ Emballages\" \/>\n<meta property=\"article:publisher\" content=\"https:\/\/www.facebook.com\/csjemballages\" \/>\n<meta property=\"article:modified_time\" content=\"2026-05-16T00:15:31+00:00\" \/>\n<meta property=\"og:image\" content=\"https:\/\/www.csj-emballages.com\/wp-content\/uploads\/2024\/03\/Bols-salade-750-2.webp\" \/>\n\t<meta property=\"og:image:width\" content=\"704\" \/>\n\t<meta property=\"og:image:height\" content=\"704\" \/>\n\t<meta property=\"og:image:type\" content=\"image\/webp\" \/>\n<meta name=\"twitter:card\" content=\"summary_large_image\" \/>\n<meta name=\"twitter:label1\" content=\"Tempo estimado de leitura\" \/>\n\t<meta name=\"twitter:data1\" content=\"2 minutos\" \/>\n<script type=\"application\/ld+json\" class=\"yoast-schema-graph\">{\"@context\":\"https:\/\/schema.org\",\"@graph\":[{\"@type\":\"WebPage\",\"@id\":\"https:\/\/www.csj-emballages.com\/pt-pt\/produit\/25-tacas-de-salada-kraft-tampas-pet-de-750-ml\/\",\"url\":\"https:\/\/www.csj-emballages.com\/pt-pt\/produit\/25-tacas-de-salada-kraft-tampas-pet-de-750-ml\/\",\"name\":\"Saladeira em cart\u00e3o + tampa PET - 750 ml\",\"isPartOf\":{\"@id\":\"https:\/\/www.csj-emballages.com\/pt-pt\/#website\"},\"primaryImageOfPage\":{\"@id\":\"https:\/\/www.csj-emballages.com\/pt-pt\/produit\/25-tacas-de-salada-kraft-tampas-pet-de-750-ml\/#primaryimage\"},\"image\":{\"@id\":\"https:\/\/www.csj-emballages.com\/pt-pt\/produit\/25-tacas-de-salada-kraft-tampas-pet-de-750-ml\/#primaryimage\"},\"thumbnailUrl\":\"https:\/\/www.csj-emballages.com\/wp-content\/uploads\/2024\/03\/Bols-salade-750-2.webp\",\"datePublished\":\"2024-03-01T15:50:27+00:00\",\"dateModified\":\"2026-05-16T00:15:31+00:00\",\"description\":\"Saladeira de cart\u00e3o de 750 ml com tampa PET: pr\u00e1tica, ecol\u00f3gica, resistente e herm\u00e9tica. Ideal para todos os seus takeaways!\",\"breadcrumb\":{\"@id\":\"https:\/\/www.csj-emballages.com\/pt-pt\/produit\/25-tacas-de-salada-kraft-tampas-pet-de-750-ml\/#breadcrumb\"},\"inLanguage\":\"pt-PT\",\"potentialAction\":[{\"@type\":\"ReadAction\",\"target\":[\"https:\/\/www.csj-emballages.com\/pt-pt\/produit\/25-tacas-de-salada-kraft-tampas-pet-de-750-ml\/\"]}]},{\"@type\":\"ImageObject\",\"inLanguage\":\"pt-PT\",\"@id\":\"https:\/\/www.csj-emballages.com\/pt-pt\/produit\/25-tacas-de-salada-kraft-tampas-pet-de-750-ml\/#primaryimage\",\"url\":\"https:\/\/www.csj-emballages.com\/wp-content\/uploads\/2024\/03\/Bols-salade-750-2.webp\",\"contentUrl\":\"https:\/\/www.csj-emballages.com\/wp-content\/uploads\/2024\/03\/Bols-salade-750-2.webp\",\"width\":704,\"height\":704,\"caption\":\"Bol salade\"},{\"@type\":\"BreadcrumbList\",\"@id\":\"https:\/\/www.csj-emballages.com\/pt-pt\/produit\/25-tacas-de-salada-kraft-tampas-pet-de-750-ml\/#breadcrumb\",\"itemListElement\":[{\"@type\":\"ListItem\",\"position\":1,\"name\":\"Acolhimento\",\"item\":\"https:\/\/www.csj-emballages.com\/pt-pt\/universo-das-embalagens-alimentares\/\"},{\"@type\":\"ListItem\",\"position\":2,\"name\":\"Shop\",\"item\":\"https:\/\/www.csj-emballages.com\/shop\/\"},{\"@type\":\"ListItem\",\"position\":3,\"name\":\"Caixa de cart\u00e3o para salada + tampa PET 750 ml, 25 unidades\"}]},{\"@type\":\"WebSite\",\"@id\":\"https:\/\/www.csj-emballages.com\/pt-pt\/#website\",\"url\":\"https:\/\/www.csj-emballages.com\/pt-pt\/\",\"name\":\"CSJ Emballages\",\"description\":\"\",\"publisher\":{\"@id\":\"https:\/\/www.csj-emballages.com\/pt-pt\/#organization\"},\"potentialAction\":[{\"@type\":\"SearchAction\",\"target\":{\"@type\":\"EntryPoint\",\"urlTemplate\":\"https:\/\/www.csj-emballages.com\/pt-pt\/?s={search_term_string}\"},\"query-input\":{\"@type\":\"PropertyValueSpecification\",\"valueRequired\":true,\"valueName\":\"search_term_string\"}}],\"inLanguage\":\"pt-PT\"},{\"@type\":\"Organization\",\"@id\":\"https:\/\/www.csj-emballages.com\/pt-pt\/#Organization\/\",\"name\":\"CSJ Emballages\",\"url\":\"https:\/\/www.csj-emballages.com\/pt-pt\/\",\"logo\":{\"@type\":\"ImageObject\",\"inLanguage\":\"pt-PT\",\"@id\":\"https:\/\/www.csj-emballages.com\/pt-pt\/#\/schema\/logo\/image\/\",\"url\":\"https:\/\/www.csj-emballages.com\/wp-content\/uploads\/2023\/10\/logo_csj.webp\",\"contentUrl\":\"https:\/\/www.csj-emballages.com\/wp-content\/uploads\/2023\/10\/logo_csj.webp\",\"width\":250,\"height\":95,\"caption\":\"CSJ Emballages\"},\"image\":{\"@id\":\"https:\/\/www.csj-emballages.com\/pt-pt\/#\/schema\/logo\/image\/\"},\"sameAs\":[\"https:\/\/www.facebook.com\/csjemballages\"],\"address\":{\"@type\":\"PostalAddress\",\"streetAddress\":\"ZI La Lechere\",\"addressLocality\":\"Patornay\",\"postalCode\":\"39130\",\"addressCountry\":\"FR\"},\"contactPoint\":[{\"@type\":\"ContactPoint\",\"contactType\":\"Service client\",\"telephone\":\"0384254272\",\"email\":\"contact@csj-emballages.com\"}]}]}<\/script>\n<!-- \/ Yoast SEO Premium plugin. -->","yoast_head_json":{"title":"Saladeira em cart\u00e3o + tampa PET - 750 ml","description":"Saladeira de cart\u00e3o de 750 ml com tampa PET: pr\u00e1tica, ecol\u00f3gica, resistente e herm\u00e9tica. Ideal para todos os seus takeaways!","robots":{"index":"index","follow":"follow","max-snippet":"max-snippet:-1","max-image-preview":"max-image-preview:large","max-video-preview":"max-video-preview:-1"},"canonical":"https:\/\/www.csj-emballages.com\/pt-pt\/produit\/25-tacas-de-salada-kraft-tampas-pet-de-750-ml\/","og_locale":"pt_PT","og_type":"article","og_title":"Caixa de cart\u00e3o para salada + tampa PET 750 ml, 25 unidades","og_description":"Saladeira de cart\u00e3o de 750 ml com tampa PET: pr\u00e1tica, ecol\u00f3gica, resistente e herm\u00e9tica. Ideal para todos os seus takeaways!","og_url":"https:\/\/www.csj-emballages.com\/pt-pt\/produit\/25-tacas-de-salada-kraft-tampas-pet-de-750-ml\/","og_site_name":"CSJ Emballages","article_publisher":"https:\/\/www.facebook.com\/csjemballages","article_modified_time":"2026-05-16T00:15:31+00:00","og_image":[{"width":704,"height":704,"url":"https:\/\/www.csj-emballages.com\/wp-content\/uploads\/2024\/03\/Bols-salade-750-2.webp","type":"image\/webp"}],"twitter_card":"summary_large_image","twitter_misc":{"Tempo estimado de leitura":"2 minutos"},"schema":{"@context":"https:\/\/schema.org","@graph":[{"@type":"WebPage","@id":"https:\/\/www.csj-emballages.com\/pt-pt\/produit\/25-tacas-de-salada-kraft-tampas-pet-de-750-ml\/","url":"https:\/\/www.csj-emballages.com\/pt-pt\/produit\/25-tacas-de-salada-kraft-tampas-pet-de-750-ml\/","name":"Saladeira em cart\u00e3o + tampa PET - 750 ml","isPartOf":{"@id":"https:\/\/www.csj-emballages.com\/pt-pt\/#website"},"primaryImageOfPage":{"@id":"https:\/\/www.csj-emballages.com\/pt-pt\/produit\/25-tacas-de-salada-kraft-tampas-pet-de-750-ml\/#primaryimage"},"image":{"@id":"https:\/\/www.csj-emballages.com\/pt-pt\/produit\/25-tacas-de-salada-kraft-tampas-pet-de-750-ml\/#primaryimage"},"thumbnailUrl":"https:\/\/www.csj-emballages.com\/wp-content\/uploads\/2024\/03\/Bols-salade-750-2.webp","datePublished":"2024-03-01T15:50:27+00:00","dateModified":"2026-05-16T00:15:31+00:00","description":"Saladeira de cart\u00e3o de 750 ml com tampa PET: pr\u00e1tica, ecol\u00f3gica, resistente e herm\u00e9tica. Ideal para todos os seus takeaways!","breadcrumb":{"@id":"https:\/\/www.csj-emballages.com\/pt-pt\/produit\/25-tacas-de-salada-kraft-tampas-pet-de-750-ml\/#breadcrumb"},"inLanguage":"pt-PT","potentialAction":[{"@type":"ReadAction","target":["https:\/\/www.csj-emballages.com\/pt-pt\/produit\/25-tacas-de-salada-kraft-tampas-pet-de-750-ml\/"]}]},{"@type":"ImageObject","inLanguage":"pt-PT","@id":"https:\/\/www.csj-emballages.com\/pt-pt\/produit\/25-tacas-de-salada-kraft-tampas-pet-de-750-ml\/#primaryimage","url":"https:\/\/www.csj-emballages.com\/wp-content\/uploads\/2024\/03\/Bols-salade-750-2.webp","contentUrl":"https:\/\/www.csj-emballages.com\/wp-content\/uploads\/2024\/03\/Bols-salade-750-2.webp","width":704,"height":704,"caption":"Bol salade"},{"@type":"BreadcrumbList","@id":"https:\/\/www.csj-emballages.com\/pt-pt\/produit\/25-tacas-de-salada-kraft-tampas-pet-de-750-ml\/#breadcrumb","itemListElement":[{"@type":"ListItem","position":1,"name":"Acolhimento","item":"https:\/\/www.csj-emballages.com\/pt-pt\/universo-das-embalagens-alimentares\/"},{"@type":"ListItem","position":2,"name":"Shop","item":"https:\/\/www.csj-emballages.com\/shop\/"},{"@type":"ListItem","position":3,"name":"Caixa de cart\u00e3o para salada + tampa PET 750 ml, 25 unidades"}]},{"@type":"WebSite","@id":"https:\/\/www.csj-emballages.com\/pt-pt\/#website","url":"https:\/\/www.csj-emballages.com\/pt-pt\/","name":"CSJ Emballages","description":"","publisher":{"@id":"https:\/\/www.csj-emballages.com\/pt-pt\/#organization"},"potentialAction":[{"@type":"SearchAction","target":{"@type":"EntryPoint","urlTemplate":"https:\/\/www.csj-emballages.com\/pt-pt\/?s={search_term_string}"},"query-input":{"@type":"PropertyValueSpecification","valueRequired":true,"valueName":"search_term_string"}}],"inLanguage":"pt-PT"},{"@type":"Organization","@id":"https:\/\/www.csj-emballages.com\/pt-pt\/#Organization\/","name":"CSJ Emballages","url":"https:\/\/www.csj-emballages.com\/pt-pt\/","logo":{"@type":"ImageObject","inLanguage":"pt-PT","@id":"https:\/\/www.csj-emballages.com\/pt-pt\/#\/schema\/logo\/image\/","url":"https:\/\/www.csj-emballages.com\/wp-content\/uploads\/2023\/10\/logo_csj.webp","contentUrl":"https:\/\/www.csj-emballages.com\/wp-content\/uploads\/2023\/10\/logo_csj.webp","width":250,"height":95,"caption":"CSJ Emballages"},"image":{"@id":"https:\/\/www.csj-emballages.com\/pt-pt\/#\/schema\/logo\/image\/"},"sameAs":["https:\/\/www.facebook.com\/csjemballages"],"address":{"@type":"PostalAddress","streetAddress":"ZI La Lechere","addressLocality":"Patornay","postalCode":"39130","addressCountry":"FR"},"contactPoint":[{"@type":"ContactPoint","contactType":"Service client","telephone":"0384254272","email":"contact@csj-emballages.com"}]}]}},"df_price":5.26,"df_sale_price":"","df_regular_price":5.26,"df_image_link":"https:\/\/www.csj-emballages.com\/wp-content\/uploads\/2024\/03\/Bols-salade-750-2-300x300.webp","tiered_pricing_type":"fixed","tiered_pricing_fixed_rules":[],"tiered_pricing_percentage_rules":[],"tiered_pricing_minimum":1,"tiered_pricing_roles_data":[],"_links":{"self":[{"href":"https:\/\/www.csj-emballages.com\/pt-pt\/wp-json\/wp\/v2\/product\/22616","targetHints":{"allow":["GET"]}}],"collection":[{"href":"https:\/\/www.csj-emballages.com\/pt-pt\/wp-json\/wp\/v2\/product"}],"about":[{"href":"https:\/\/www.csj-emballages.com\/pt-pt\/wp-json\/wp\/v2\/types\/product"}],"wp:featuredmedia":[{"embeddable":true,"href":"https:\/\/www.csj-emballages.com\/pt-pt\/wp-json\/wp\/v2\/media\/203386"}],"wp:attachment":[{"href":"https:\/\/www.csj-emballages.com\/pt-pt\/wp-json\/wp\/v2\/media?parent=22616"}],"wp:term":[{"taxonomy":"product_brand","embeddable":true,"href":"https:\/\/www.csj-emballages.com\/pt-pt\/wp-json\/wp\/v2\/product_brand?post=22616"},{"taxonomy":"product_cat","embeddable":true,"href":"https:\/\/www.csj-emballages.com\/pt-pt\/wp-json\/wp\/v2\/product_cat?post=22616"},{"taxonomy":"product_tag","embeddable":true,"href":"https:\/\/www.csj-emballages.com\/pt-pt\/wp-json\/wp\/v2\/product_tag?post=22616"}],"curies":[{"name":"wp","href":"https:\/\/api.w.org\/{rel}","templated":true}]}}