{"id":226119,"date":"2025-01-08T15:39:29","date_gmt":"2025-01-08T14:39:29","guid":{"rendered":"https:\/\/www.csj-emballages.com\/produit\/base-para-bolo-retangular-dobrada-em-dourado-preto-45-x-13-cm-por-200\/"},"modified":"2026-04-01T17:48:11","modified_gmt":"2026-04-01T15:48:11","slug":"base-para-bolo-retangular-dobrada-em-dourado-preto-45-x-13-cm-por-200","status":"publish","type":"product","link":"https:\/\/www.csj-emballages.com\/pt-pt\/produit\/base-para-bolo-retangular-dobrada-em-dourado-preto-45-x-13-cm-por-200\/","title":{"rendered":"Base para bolo retangular dobrada em dourado\/preto 4,5 x 13 cm por 200"},"content":{"rendered":"<div style=\"font-family: Roboto, sans-serif;\">\n<div style=\"font-family: Roboto, sans-serif;\">\n<div style=\"font-family: Roboto, sans-serif;\">\n<div style=\"font-family: Roboto, sans-serif;\">\n<div style=\"font-family: Roboto, sans-serif;\">\n<div style=\"font-family: Roboto, sans-serif;\">\n<div style=\"font-family: Roboto, sans-serif;\">\n<div style=\"font-family: Roboto, sans-serif;\">\n<div style=\"font-family: Roboto, sans-serif;\">\n<div style=\"font-family: Roboto, sans-serif;\">\n<div style=\"font-family: Roboto, sans-serif;\">\n<div style=\"font-family: Roboto, sans-serif;\">\n<div style=\"font-family: Roboto, sans-serif;\">\n<div class=\"flex flex-grow flex-col max-w-full\">\n<div class=\"min-h-[20px] text-message flex flex-col items-start whitespace-pre-wrap break-words [.text-message+&amp;]:mt-5 juice:w-full juice:items-end overflow-x-auto gap-2\" dir=\"auto\" data-message-author-role=\"assistant\" data-message-id=\"2034782e-88f9-44ef-b4dc-07dd7bf0115f\">\n<div class=\"flex w-full flex-col gap-1 juice:empty:hidden juice:first:pt-[3px]\">\n<div class=\"markdown prose w-full break-words dark:prose-invert light\">\n<div style=\"font-family: Roboto, sans-serif;\">\n<div style=\"font-family: Roboto, sans-serif;\">\n<div style=\"font-family: Roboto, sans-serif;\">\n<div style=\"font-family: Roboto, sans-serif;\">\n<div style=\"font-family: Roboto, sans-serif;\">\n<div style=\"font-family: Roboto, sans-serif;\">\n<h2>Sola de bolo<\/h2>\n<div style=\"font-family: Roboto, sans-serif;\">\n<div style=\"font-family: Roboto, sans-serif;\">\n<div style=\"font-family: Roboto, sans-serif;\">\n<div style=\"text-align: center;\">\n<div style=\"font-family: Roboto, sans-serif;\">\n<div style=\"font-family: Roboto, sans-serif;\">\n<div style=\"font-family: Roboto, sans-serif;\">\n<div style=\"font-family: Roboto, sans-serif;\">\n<div style=\"font-family: Roboto, sans-serif;\">\n<div style=\"font-family: Roboto, sans-serif; text-align: left;\">\n<hr>\n<h3 style=\"text-align: left;\">Descri\u00e7\u00e3o da nossa sola de bolo retangular dobrada em dourado\/preto 4,5 x 13 cm por 200<!--more--><\/h3>\n<\/div>\n<\/div>\n<\/div>\n<\/div>\n<\/div>\n<\/div>\n<\/div>\n<\/div>\n<\/div>\n<\/div>\n<\/div>\n<\/div>\n<\/div>\n<\/div>\n<\/div>\n<\/div>\n<\/div>\n<\/div>\n<\/div>\n<\/div>\n<\/div>\n<\/div>\n<\/div>\n<\/div>\n<\/div>\n<\/div>\n<\/div>\n<\/div>\n<\/div>\n<\/div>\n<\/div>\n<\/div>\n<\/div>\n<p>A <strong>base para bolos<\/strong> <strong>retangular dobrada em dourado\/preto de 4,5 x 13 cm<\/strong> \u00e9 ideal para real\u00e7ar as suas cria\u00e7\u00f5es de pastelaria. Concebida para satisfazer as necessidades dos profissionais, esta <strong>base para bolos<\/strong> combina praticidade e est\u00e9tica. O seu formato <strong>retangular<\/strong> e o seu tamanho compacto tornam-na perfeita para uma apresenta\u00e7\u00e3o elegante dos seus pequenos bolos, tartes ou outras sobremesas individuais.  <\/p>\n<p>Com o seu duplo revestimento <strong>dourado<\/strong> e <strong>preto<\/strong>, esta <strong>base para bolos<\/strong> d\u00e1 um toque refinado \u00e0 sua apresenta\u00e7\u00e3o. O lado dourado confere um brilho apelativo que real\u00e7a as suas cria\u00e7\u00f5es. J\u00e1 o lado preto oferece uma alternativa chique e s\u00f3bria. Esta escolha permite-lhe variar as suas apresenta\u00e7\u00f5es e adaptar-se a qualquer tema ou evento.   <\/p>\n<p>Fabricado com materiais robustos, este <strong>suporte para bolos<\/strong> garante uma excelente fixa\u00e7\u00e3o. Resistente \u00e0 humidade e \u00e0 gordura, este <strong>suporte para bolos<\/strong> mant\u00e9m a sua apar\u00eancia cuidada mesmo em contacto com produtos cremosos ou bolos ligeiramente h\u00famidos. Assim, pode ter a certeza de que as suas sobremesas se mant\u00eam impecavelmente apresentadas at\u00e9 ao momento de as comer.  <\/p>\n<p>Pr\u00e1tica e vers\u00e1til, esta <strong>base para bolos<\/strong> <strong>retangular dobrada<\/strong> \u00e9 ideal para um transporte seguro. A sua dobragem especial proporciona uma estabilidade extra, mantendo as sobremesas firmemente no lugar. Quer se trate de montras, de entregas ou de buffets, responde perfeitamente \u00e0s exig\u00eancias dos profissionais e amadores mais exigentes.  <\/p>\n<p>&nbsp;<\/p>\n<p><!--more--><\/p>\n<h4>Porqu\u00ea utilizar a nossa palmilha <strong>para bolos<\/strong>?<\/h4>\n<p>O tamanho de <strong>4,5 x 13 cm<\/strong> \u00e9 perfeito para por\u00e7\u00f5es individuais. Este formato compacto significa que pode dispor v\u00e1rias sobremesas numa mesa ou num expositor sem ocupar muito espa\u00e7o. Dispon\u00edvel em embalagens de <strong>200<\/strong>, esta <strong>base para bolos<\/strong> \u00e9 um artigo de stock pr\u00e1tico e econ\u00f3mico, ideal para pasteleiros, fornecedores de refei\u00e7\u00f5es ou organizadores de eventos.  <\/p>\n<p>A <strong>sola<\/strong> <strong>dourada\/preta<\/strong> n\u00e3o \u00e9 apenas um simples acess\u00f3rio, \u00e9 um verdadeiro trunfo de apresenta\u00e7\u00e3o. Real\u00e7a o aspeto das suas sobremesas e mostra a sua aten\u00e7\u00e3o aos pormenores. Este <strong>suporte para bolos<\/strong> foi concebido para ser funcional, mas elegante. Assim, pode combinar praticidade e est\u00e9tica sem compromisso.   <\/p>\n<p>&nbsp;<\/p>\n<p><!--more--><\/p>\n<div style=\"font-family: Roboto, sans-serif;\">\n<div style=\"font-family: Roboto, sans-serif;\">\n<div style=\"font-family: Roboto, sans-serif;\">\n<div style=\"font-family: Roboto, sans-serif;\">\n<div style=\"font-family: Roboto, sans-serif;\">\n<div style=\"font-family: Roboto, sans-serif;\">\n<div style=\"font-family: Roboto, sans-serif;\">\n<div style=\"font-family: Roboto, sans-serif;\">\n<div style=\"font-family: Roboto, sans-serif;\">\n<div style=\"font-family: Roboto, sans-serif;\">\n<div style=\"font-family: Roboto, sans-serif;\">\n<div style=\"font-family: Roboto, sans-serif;\">\n<div style=\"font-family: Roboto, sans-serif;\">\n<div class=\"flex flex-grow flex-col max-w-full\">\n<div class=\"min-h-[20px] text-message flex flex-col items-start whitespace-pre-wrap break-words [.text-message+&amp;]:mt-5 juice:w-full juice:items-end overflow-x-auto gap-2\" dir=\"auto\" data-message-author-role=\"assistant\" data-message-id=\"2034782e-88f9-44ef-b4dc-07dd7bf0115f\">\n<div class=\"flex w-full flex-col gap-1 juice:empty:hidden juice:first:pt-[3px]\">\n<div class=\"markdown prose w-full break-words dark:prose-invert light\">\n<div style=\"font-family: Roboto, sans-serif;\">\n<div style=\"font-family: Roboto, sans-serif;\">\n<div style=\"font-family: Roboto, sans-serif;\">\n<div style=\"font-family: Roboto, sans-serif;\">\n<div style=\"font-family: Roboto, sans-serif;\">\n<div style=\"font-family: Roboto, sans-serif;\">\n<p>Para al\u00e9m do seu aspeto visual, esta <strong>sola<\/strong> \u00e9 tamb\u00e9m muito f\u00e1cil de utilizar. Leve e resistente, \u00e9 f\u00e1cil de manusear, quer esteja a preparar os alimentos na cozinha ou a servi-los na sala de jantar. O seu design simples e requintado integra-se perfeitamente em qualquer decora\u00e7\u00e3o, da mais cl\u00e1ssica \u00e0 mais moderna.  <\/p>\n<p>Escolher esta <strong>base de bolo<\/strong> <strong>retangular dobrada<\/strong> significa escolher uma base fi\u00e1vel e de qualidade profissional. Quer seja um chefe de pastelaria \u00e0 procura de acess\u00f3rios elegantes ou um amador interessado em apresentar bem as suas cria\u00e7\u00f5es, este produto ir\u00e1 satisfazer as suas expectativas. <\/p>\n<p>&nbsp;<\/p>\n<p><!--more--><\/p>\n<h4 style=\"text-align: left;\"><strong>As vantagens da nossa sola de bolo<\/strong><strong> :<\/strong><\/h4>\n<ul style=\"text-align: left;\">\n<li><strong>Design elegante<\/strong>: O seu revestimento de dupla face em <strong>dourado<\/strong> e <strong>preto<\/strong> oferece um aspeto sofisticado, perfeito para real\u00e7ar qualquer sobremesa.<\/li>\n<li><strong>Praticidade<\/strong>: Com as suas dimens\u00f5es compactas, esta <strong>base para bolos<\/strong> \u00e9 ideal para por\u00e7\u00f5es individuais, tornando-a f\u00e1cil de expor numa montra ou numa mesa.<\/li>\n<li><strong>Transporte seguro<\/strong>: A dobragem espec\u00edfica da <strong>base para bolos<\/strong> proporciona uma excelente estabilidade, mantendo as sobremesas firmemente no lugar quando em movimento.<\/li>\n<li>Rela\u00e7\u00e3o <strong>qualidade-pre\u00e7o<\/strong>: Vendida em embalagens de <strong>200<\/strong> unidades, esta <strong>sola<\/strong> apresenta uma excelente rela\u00e7\u00e3o qualidade-pre\u00e7o, especialmente para os profissionais com necessidades recorrentes.<\/li>\n<\/ul>\n<\/div>\n<\/div>\n<\/div>\n<\/div>\n<\/div>\n<\/div>\n<\/div>\n<\/div>\n<\/div>\n<\/div>\n<\/div>\n<\/div>\n<p>&nbsp;<\/p>\n<\/div>\n<\/div>\n<\/div>\n<\/div>\n<\/div>\n<\/div>\n<\/div>\n<\/div>\n<\/div>\n<\/div>\n<\/div>\n<p><!--more--><\/p>\n<h4>Outras informa\u00e7\u00f5es :<\/h4>\n<ul style=\"font-family: Roboto, sans-serif;\">\n<li><strong>Embalagem<\/strong>: Lote de 200<\/li>\n<li><span style=\"font-weight: bold;\">Tamanho<\/span>: 4,5 x 13 cm<\/li>\n<li><strong>Material<\/strong>: Cart\u00e3o<\/li>\n<li><strong>Altura dos lados dobrados<\/strong>: 15 mm<\/li>\n<\/ul>\n<p>&nbsp;<\/p>\n<p style=\"text-align: left;\"><!--more--><\/p>\n<p><a href=\"\/?product_cat=semelles-fonds-pliees\">Ver o resto da nossa gama de solas gateau<\/a><\/p>\n","protected":false},"excerpt":{"rendered":"<p>Sola de bolo Descri\u00e7\u00e3o da nossa sola de bolo retangular dobrada em dourado\/preto 4,5 x 13 cm por 200<\/p>\n","protected":false},"featured_media":214607,"template":"","meta":{"_acf_changed":false},"product_brand":[],"product_cat":[1141,1177,1914,2671],"product_tag":[],"class_list":{"0":"post-226119","1":"product","2":"type-product","3":"status-publish","4":"has-post-thumbnail","6":"product_cat-embalagem-de-alimentos","7":"product_cat-padaria-e-pastelaria","8":"product_cat-suportes-para-bases-de-bolos","9":"product_cat-sola-com-fundo-dobrado","11":"first","12":"instock","13":"taxable","14":"shipping-taxable","15":"purchasable","16":"product-type-simple"},"acf":[],"yoast_head":"<!-- This site is optimized with the Yoast SEO Premium plugin v26.6 (Yoast SEO v26.6) - https:\/\/yoast.com\/wordpress\/plugins\/seo\/ -->\n<title>Sola de Gateau retangular dobrada Ouro \/ Preto - 4,5 x 13 cm<\/title>\n<meta name=\"description\" content=\"Descubra a sola de bolo retangular dobrada em dourado\/preto com 4,5 x 13 cm. Resistente e pr\u00e1tico, valoriza as suas cria\u00e7\u00f5es dando-lhes um toque de requinte.\" \/>\n<meta name=\"robots\" content=\"index, follow, max-snippet:-1, max-image-preview:large, max-video-preview:-1\" \/>\n<link rel=\"canonical\" href=\"https:\/\/www.csj-emballages.com\/pt-pt\/produit\/base-para-bolo-retangular-dobrada-em-dourado-preto-45-x-13-cm-por-200\/\" \/>\n<meta property=\"og:locale\" content=\"pt_PT\" \/>\n<meta property=\"og:type\" content=\"article\" \/>\n<meta property=\"og:title\" content=\"Base para bolo retangular dobrada em dourado\/preto 4,5 x 13 cm por 200\" \/>\n<meta property=\"og:description\" content=\"Descubra a sola de bolo retangular dobrada em dourado\/preto com 4,5 x 13 cm. Resistente e pr\u00e1tico, valoriza as suas cria\u00e7\u00f5es dando-lhes um toque de requinte.\" \/>\n<meta property=\"og:url\" content=\"https:\/\/www.csj-emballages.com\/pt-pt\/produit\/base-para-bolo-retangular-dobrada-em-dourado-preto-45-x-13-cm-por-200\/\" \/>\n<meta property=\"og:site_name\" content=\"CSJ Emballages\" \/>\n<meta property=\"article:publisher\" content=\"https:\/\/www.facebook.com\/csjemballages\" \/>\n<meta property=\"article:modified_time\" content=\"2026-04-01T15:48:11+00:00\" \/>\n<meta property=\"og:image\" content=\"https:\/\/www.csj-emballages.com\/wp-content\/uploads\/2025\/01\/Semelle-pliee-or.webp\" \/>\n\t<meta property=\"og:image:width\" content=\"800\" \/>\n\t<meta property=\"og:image:height\" content=\"800\" \/>\n\t<meta property=\"og:image:type\" content=\"image\/webp\" \/>\n<meta name=\"twitter:card\" content=\"summary_large_image\" \/>\n<meta name=\"twitter:label1\" content=\"Tempo estimado de leitura\" \/>\n\t<meta name=\"twitter:data1\" content=\"3 minutos\" \/>\n<script type=\"application\/ld+json\" class=\"yoast-schema-graph\">{\"@context\":\"https:\/\/schema.org\",\"@graph\":[{\"@type\":\"WebPage\",\"@id\":\"https:\/\/www.csj-emballages.com\/pt-pt\/produit\/base-para-bolo-retangular-dobrada-em-dourado-preto-45-x-13-cm-por-200\/\",\"url\":\"https:\/\/www.csj-emballages.com\/pt-pt\/produit\/base-para-bolo-retangular-dobrada-em-dourado-preto-45-x-13-cm-por-200\/\",\"name\":\"Sola de Gateau retangular dobrada Ouro \/ Preto - 4,5 x 13 cm\",\"isPartOf\":{\"@id\":\"https:\/\/www.csj-emballages.com\/pt-pt\/#website\"},\"primaryImageOfPage\":{\"@id\":\"https:\/\/www.csj-emballages.com\/pt-pt\/produit\/base-para-bolo-retangular-dobrada-em-dourado-preto-45-x-13-cm-por-200\/#primaryimage\"},\"image\":{\"@id\":\"https:\/\/www.csj-emballages.com\/pt-pt\/produit\/base-para-bolo-retangular-dobrada-em-dourado-preto-45-x-13-cm-por-200\/#primaryimage\"},\"thumbnailUrl\":\"https:\/\/www.csj-emballages.com\/wp-content\/uploads\/2025\/01\/Semelle-pliee-or.webp\",\"datePublished\":\"2025-01-08T14:39:29+00:00\",\"dateModified\":\"2026-04-01T15:48:11+00:00\",\"description\":\"Descubra a sola de bolo retangular dobrada em dourado\/preto com 4,5 x 13 cm. Resistente e pr\u00e1tico, valoriza as suas cria\u00e7\u00f5es dando-lhes um toque de requinte.\",\"breadcrumb\":{\"@id\":\"https:\/\/www.csj-emballages.com\/pt-pt\/produit\/base-para-bolo-retangular-dobrada-em-dourado-preto-45-x-13-cm-por-200\/#breadcrumb\"},\"inLanguage\":\"pt-PT\",\"potentialAction\":[{\"@type\":\"ReadAction\",\"target\":[\"https:\/\/www.csj-emballages.com\/pt-pt\/produit\/base-para-bolo-retangular-dobrada-em-dourado-preto-45-x-13-cm-por-200\/\"]}]},{\"@type\":\"ImageObject\",\"inLanguage\":\"pt-PT\",\"@id\":\"https:\/\/www.csj-emballages.com\/pt-pt\/produit\/base-para-bolo-retangular-dobrada-em-dourado-preto-45-x-13-cm-por-200\/#primaryimage\",\"url\":\"https:\/\/www.csj-emballages.com\/wp-content\/uploads\/2025\/01\/Semelle-pliee-or.webp\",\"contentUrl\":\"https:\/\/www.csj-emballages.com\/wp-content\/uploads\/2025\/01\/Semelle-pliee-or.webp\",\"width\":800,\"height\":800,\"caption\":\"Semelle gateau\"},{\"@type\":\"BreadcrumbList\",\"@id\":\"https:\/\/www.csj-emballages.com\/pt-pt\/produit\/base-para-bolo-retangular-dobrada-em-dourado-preto-45-x-13-cm-por-200\/#breadcrumb\",\"itemListElement\":[{\"@type\":\"ListItem\",\"position\":1,\"name\":\"Acolhimento\",\"item\":\"https:\/\/www.csj-emballages.com\/pt-pt\/universo-das-embalagens-alimentares\/\"},{\"@type\":\"ListItem\",\"position\":2,\"name\":\"Shop\",\"item\":\"https:\/\/www.csj-emballages.com\/shop\/\"},{\"@type\":\"ListItem\",\"position\":3,\"name\":\"Base para bolo retangular dobrada em dourado\/preto 4,5 x 13 cm por 200\"}]},{\"@type\":\"WebSite\",\"@id\":\"https:\/\/www.csj-emballages.com\/pt-pt\/#website\",\"url\":\"https:\/\/www.csj-emballages.com\/pt-pt\/\",\"name\":\"CSJ Emballages\",\"description\":\"\",\"publisher\":{\"@id\":\"https:\/\/www.csj-emballages.com\/pt-pt\/#organization\"},\"potentialAction\":[{\"@type\":\"SearchAction\",\"target\":{\"@type\":\"EntryPoint\",\"urlTemplate\":\"https:\/\/www.csj-emballages.com\/pt-pt\/?s={search_term_string}\"},\"query-input\":{\"@type\":\"PropertyValueSpecification\",\"valueRequired\":true,\"valueName\":\"search_term_string\"}}],\"inLanguage\":\"pt-PT\"},{\"@type\":\"Organization\",\"@id\":\"https:\/\/www.csj-emballages.com\/pt-pt\/#Organization\/\",\"name\":\"CSJ Emballages\",\"url\":\"https:\/\/www.csj-emballages.com\/pt-pt\/\",\"logo\":{\"@type\":\"ImageObject\",\"inLanguage\":\"pt-PT\",\"@id\":\"https:\/\/www.csj-emballages.com\/pt-pt\/#\/schema\/logo\/image\/\",\"url\":\"https:\/\/www.csj-emballages.com\/wp-content\/uploads\/2023\/10\/logo_csj.webp\",\"contentUrl\":\"https:\/\/www.csj-emballages.com\/wp-content\/uploads\/2023\/10\/logo_csj.webp\",\"width\":250,\"height\":95,\"caption\":\"CSJ Emballages\"},\"image\":{\"@id\":\"https:\/\/www.csj-emballages.com\/pt-pt\/#\/schema\/logo\/image\/\"},\"sameAs\":[\"https:\/\/www.facebook.com\/csjemballages\"],\"address\":{\"@type\":\"PostalAddress\",\"streetAddress\":\"ZI La Lechere\",\"addressLocality\":\"Patornay\",\"postalCode\":\"39130\",\"addressCountry\":\"FR\"},\"contactPoint\":[{\"@type\":\"ContactPoint\",\"contactType\":\"Service client\",\"telephone\":\"0384254272\",\"email\":\"contact@csj-emballages.com\"}]}]}<\/script>\n<!-- \/ Yoast SEO Premium plugin. -->","yoast_head_json":{"title":"Sola de Gateau retangular dobrada Ouro \/ Preto - 4,5 x 13 cm","description":"Descubra a sola de bolo retangular dobrada em dourado\/preto com 4,5 x 13 cm. Resistente e pr\u00e1tico, valoriza as suas cria\u00e7\u00f5es dando-lhes um toque de requinte.","robots":{"index":"index","follow":"follow","max-snippet":"max-snippet:-1","max-image-preview":"max-image-preview:large","max-video-preview":"max-video-preview:-1"},"canonical":"https:\/\/www.csj-emballages.com\/pt-pt\/produit\/base-para-bolo-retangular-dobrada-em-dourado-preto-45-x-13-cm-por-200\/","og_locale":"pt_PT","og_type":"article","og_title":"Base para bolo retangular dobrada em dourado\/preto 4,5 x 13 cm por 200","og_description":"Descubra a sola de bolo retangular dobrada em dourado\/preto com 4,5 x 13 cm. Resistente e pr\u00e1tico, valoriza as suas cria\u00e7\u00f5es dando-lhes um toque de requinte.","og_url":"https:\/\/www.csj-emballages.com\/pt-pt\/produit\/base-para-bolo-retangular-dobrada-em-dourado-preto-45-x-13-cm-por-200\/","og_site_name":"CSJ Emballages","article_publisher":"https:\/\/www.facebook.com\/csjemballages","article_modified_time":"2026-04-01T15:48:11+00:00","og_image":[{"width":800,"height":800,"url":"https:\/\/www.csj-emballages.com\/wp-content\/uploads\/2025\/01\/Semelle-pliee-or.webp","type":"image\/webp"}],"twitter_card":"summary_large_image","twitter_misc":{"Tempo estimado de leitura":"3 minutos"},"schema":{"@context":"https:\/\/schema.org","@graph":[{"@type":"WebPage","@id":"https:\/\/www.csj-emballages.com\/pt-pt\/produit\/base-para-bolo-retangular-dobrada-em-dourado-preto-45-x-13-cm-por-200\/","url":"https:\/\/www.csj-emballages.com\/pt-pt\/produit\/base-para-bolo-retangular-dobrada-em-dourado-preto-45-x-13-cm-por-200\/","name":"Sola de Gateau retangular dobrada Ouro \/ Preto - 4,5 x 13 cm","isPartOf":{"@id":"https:\/\/www.csj-emballages.com\/pt-pt\/#website"},"primaryImageOfPage":{"@id":"https:\/\/www.csj-emballages.com\/pt-pt\/produit\/base-para-bolo-retangular-dobrada-em-dourado-preto-45-x-13-cm-por-200\/#primaryimage"},"image":{"@id":"https:\/\/www.csj-emballages.com\/pt-pt\/produit\/base-para-bolo-retangular-dobrada-em-dourado-preto-45-x-13-cm-por-200\/#primaryimage"},"thumbnailUrl":"https:\/\/www.csj-emballages.com\/wp-content\/uploads\/2025\/01\/Semelle-pliee-or.webp","datePublished":"2025-01-08T14:39:29+00:00","dateModified":"2026-04-01T15:48:11+00:00","description":"Descubra a sola de bolo retangular dobrada em dourado\/preto com 4,5 x 13 cm. Resistente e pr\u00e1tico, valoriza as suas cria\u00e7\u00f5es dando-lhes um toque de requinte.","breadcrumb":{"@id":"https:\/\/www.csj-emballages.com\/pt-pt\/produit\/base-para-bolo-retangular-dobrada-em-dourado-preto-45-x-13-cm-por-200\/#breadcrumb"},"inLanguage":"pt-PT","potentialAction":[{"@type":"ReadAction","target":["https:\/\/www.csj-emballages.com\/pt-pt\/produit\/base-para-bolo-retangular-dobrada-em-dourado-preto-45-x-13-cm-por-200\/"]}]},{"@type":"ImageObject","inLanguage":"pt-PT","@id":"https:\/\/www.csj-emballages.com\/pt-pt\/produit\/base-para-bolo-retangular-dobrada-em-dourado-preto-45-x-13-cm-por-200\/#primaryimage","url":"https:\/\/www.csj-emballages.com\/wp-content\/uploads\/2025\/01\/Semelle-pliee-or.webp","contentUrl":"https:\/\/www.csj-emballages.com\/wp-content\/uploads\/2025\/01\/Semelle-pliee-or.webp","width":800,"height":800,"caption":"Semelle gateau"},{"@type":"BreadcrumbList","@id":"https:\/\/www.csj-emballages.com\/pt-pt\/produit\/base-para-bolo-retangular-dobrada-em-dourado-preto-45-x-13-cm-por-200\/#breadcrumb","itemListElement":[{"@type":"ListItem","position":1,"name":"Acolhimento","item":"https:\/\/www.csj-emballages.com\/pt-pt\/universo-das-embalagens-alimentares\/"},{"@type":"ListItem","position":2,"name":"Shop","item":"https:\/\/www.csj-emballages.com\/shop\/"},{"@type":"ListItem","position":3,"name":"Base para bolo retangular dobrada em dourado\/preto 4,5 x 13 cm por 200"}]},{"@type":"WebSite","@id":"https:\/\/www.csj-emballages.com\/pt-pt\/#website","url":"https:\/\/www.csj-emballages.com\/pt-pt\/","name":"CSJ Emballages","description":"","publisher":{"@id":"https:\/\/www.csj-emballages.com\/pt-pt\/#organization"},"potentialAction":[{"@type":"SearchAction","target":{"@type":"EntryPoint","urlTemplate":"https:\/\/www.csj-emballages.com\/pt-pt\/?s={search_term_string}"},"query-input":{"@type":"PropertyValueSpecification","valueRequired":true,"valueName":"search_term_string"}}],"inLanguage":"pt-PT"},{"@type":"Organization","@id":"https:\/\/www.csj-emballages.com\/pt-pt\/#Organization\/","name":"CSJ Emballages","url":"https:\/\/www.csj-emballages.com\/pt-pt\/","logo":{"@type":"ImageObject","inLanguage":"pt-PT","@id":"https:\/\/www.csj-emballages.com\/pt-pt\/#\/schema\/logo\/image\/","url":"https:\/\/www.csj-emballages.com\/wp-content\/uploads\/2023\/10\/logo_csj.webp","contentUrl":"https:\/\/www.csj-emballages.com\/wp-content\/uploads\/2023\/10\/logo_csj.webp","width":250,"height":95,"caption":"CSJ Emballages"},"image":{"@id":"https:\/\/www.csj-emballages.com\/pt-pt\/#\/schema\/logo\/image\/"},"sameAs":["https:\/\/www.facebook.com\/csjemballages"],"address":{"@type":"PostalAddress","streetAddress":"ZI La Lechere","addressLocality":"Patornay","postalCode":"39130","addressCountry":"FR"},"contactPoint":[{"@type":"ContactPoint","contactType":"Service client","telephone":"0384254272","email":"contact@csj-emballages.com"}]}]}},"df_price":8.23,"df_sale_price":"","df_regular_price":8.23,"df_image_link":"https:\/\/www.csj-emballages.com\/wp-content\/uploads\/2025\/01\/Semelle-pliee-or-300x300.webp","tiered_pricing_type":"fixed","tiered_pricing_fixed_rules":[],"tiered_pricing_percentage_rules":[],"tiered_pricing_minimum":1,"tiered_pricing_roles_data":[],"_links":{"self":[{"href":"https:\/\/www.csj-emballages.com\/pt-pt\/wp-json\/wp\/v2\/product\/226119","targetHints":{"allow":["GET"]}}],"collection":[{"href":"https:\/\/www.csj-emballages.com\/pt-pt\/wp-json\/wp\/v2\/product"}],"about":[{"href":"https:\/\/www.csj-emballages.com\/pt-pt\/wp-json\/wp\/v2\/types\/product"}],"wp:featuredmedia":[{"embeddable":true,"href":"https:\/\/www.csj-emballages.com\/pt-pt\/wp-json\/wp\/v2\/media\/214607"}],"wp:attachment":[{"href":"https:\/\/www.csj-emballages.com\/pt-pt\/wp-json\/wp\/v2\/media?parent=226119"}],"wp:term":[{"taxonomy":"product_brand","embeddable":true,"href":"https:\/\/www.csj-emballages.com\/pt-pt\/wp-json\/wp\/v2\/product_brand?post=226119"},{"taxonomy":"product_cat","embeddable":true,"href":"https:\/\/www.csj-emballages.com\/pt-pt\/wp-json\/wp\/v2\/product_cat?post=226119"},{"taxonomy":"product_tag","embeddable":true,"href":"https:\/\/www.csj-emballages.com\/pt-pt\/wp-json\/wp\/v2\/product_tag?post=226119"}],"curies":[{"name":"wp","href":"https:\/\/api.w.org\/{rel}","templated":true}]}}