{"id":226117,"date":"2024-12-19T02:19:04","date_gmt":"2024-12-19T01:19:04","guid":{"rendered":"https:\/\/www.csj-emballages.com\/produit\/perolas-comestiveis-multicoloridas-100-gr\/"},"modified":"2026-04-09T02:11:09","modified_gmt":"2026-04-09T00:11:09","slug":"perolas-comestiveis-multicoloridas-100-gr","status":"publish","type":"product","link":"https:\/\/www.csj-emballages.com\/pt-pt\/produit\/perolas-comestiveis-multicoloridas-100-gr\/","title":{"rendered":"P\u00e9rolas comest\u00edveis multicoloridas 100 gr"},"content":{"rendered":"<h2>P\u00e9rolas comest\u00edveis<\/h2>\n<hr>\n<h3>Descri\u00e7\u00e3o das nossas p\u00e9rolas comest\u00edveis de prata 100 gr<\/h3>\n<p><!--more--><\/p>\n<div class=\"flex-1 overflow-hidden @container\/thread\">\n<div class=\"h-full\">\n<div class=\"react-scroll-to-bottom--css-xispg-79elbk h-full\">\n<div class=\"react-scroll-to-bottom--css-xispg-1n7m0yu\">\n<div class=\"flex flex-col text-sm md:pb-9\">\n<article class=\"w-full scroll-mb-[var(--thread-trailing-height,150px)] text-token-text-primary focus-visible:outline-2 focus-visible:outline-offset-[-4px]\" dir=\"auto\" data-testid=\"conversation-turn-7\" data-scroll-anchor=\"true\">\n<div class=\"m-auto text-base py-[18px] px-3 md:px-4 w-full md:px-5 lg:px-4 xl:px-5\">\n<div class=\"mx-auto flex flex-1 gap-4 text-base md:gap-5 lg:gap-6 md:max-w-3xl lg:max-w-[40rem] xl:max-w-[48rem]\">\n<div class=\"group\/conversation-turn relative flex w-full min-w-0 flex-col agent-turn\">\n<div class=\"flex-col gap-1 md:gap-3\">\n<div class=\"flex max-w-full flex-col flex-grow\">\n<div class=\"min-h-8 text-message flex w-full flex-col items-end gap-2 whitespace-normal break-words text-start [.text-message+&amp;]:mt-5\" dir=\"auto\" data-message-author-role=\"assistant\" data-message-id=\"a28f3604-d7ef-4075-bc3e-b555b5315550\" data-message-model-slug=\"gpt-4o-mini\">\n<div class=\"flex w-full flex-col gap-1 empty:hidden first:pt-[3px]\">\n<div class=\"markdown prose w-full break-words dark:prose-invert dark\">\n<p>As <strong>p\u00e9rolas comest\u00edveis multicoloridas<\/strong> <strong>100g<\/strong> s\u00e3o a forma perfeita de dar um toque de cor \u00e0s suas cria\u00e7\u00f5es. Estas <strong>pequenas p\u00e9rolas<\/strong>, em v\u00e1rias cores, s\u00e3o uma forma divertida e alegre de personalizar as suas sobremesas. Quer se trate de bolos, cupcakes ou biscoitos, estas <strong>p\u00e9rolas multicoloridas<\/strong> v\u00e3o real\u00e7ar os seus pratos, acrescentando uma bela variedade de cores sem serem demasiado dominantes. Misturam-se facilmente com outras decora\u00e7\u00f5es e d\u00e3o um brilho festivo \u00e0s suas cria\u00e7\u00f5es. Estas <strong>p\u00e9rolas comest\u00edveis<\/strong> s\u00e3o fabricadas inteiramente a partir de ingredientes seguros e comest\u00edveis, garantindo um consumo sem riscos. Assim, pode utiliz\u00e1-las com toda a confian\u00e7a para decorar os seus bolos, com a certeza de que s\u00e3o seguras para comer. As suas dimens\u00f5es reduzidas facilitam a sua coloca\u00e7\u00e3o nos pratos, quer as utilize em pequenas doses ou em grandes quantidades, consoante a sua prefer\u00eancia.      <\/p>\n<p><strong>As p\u00e9rolas comest\u00edveis multicoloridas<\/strong> s\u00e3o ideais para quem quer dar um toque de fantasia \u00e0s suas cria\u00e7\u00f5es. Oferecem uma variedade de cores, para que possa personalizar as suas decora\u00e7\u00f5es de acordo com a ocasi\u00e3o. <\/p>\n<h3><\/h3>\n<h3><!--more--><\/h3>\n<h3>Facilidade de utiliza\u00e7\u00e3o e adaptabilidade<\/h3>\n<p>Uma das principais vantagens das <strong>p\u00e9rolas comest\u00edveis multicoloridas<\/strong> \u00e9 a sua facilidade de utiliza\u00e7\u00e3o. S\u00e3o f\u00e1ceis de aplicar e podem ser incorporadas nas suas cria\u00e7\u00f5es de v\u00e1rias maneiras. Pode polvilh\u00e1-las delicadamente sobre as suas sobremesas ou utiliz\u00e1-las para decorar bolachas ou bolos. O seu tamanho reduzido facilita tamb\u00e9m o seu manuseamento, dando-lhe uma grande flexibilidade na cria\u00e7\u00e3o das suas decora\u00e7\u00f5es. <strong>As p\u00e9rolas comest\u00edveis multicoloridas<\/strong> combinam bem com v\u00e1rios tipos de glac\u00e9, cremes ou chocolate. Permitem-lhe brincar com as cores e criar desenhos originais para cada ocasi\u00e3o.     <\/p>\n<p><strong>As p\u00e9rolas comest\u00edveis multicoloridas<\/strong> s\u00e3o tamb\u00e9m ideais para as pessoas que gostam de manter as coisas simples, mas que ainda assim querem dar aos seus pratos um aspeto atraente e festivo. Com uma pequena quantidade de p\u00e9rolas, \u00e9 poss\u00edvel obter um efeito visual impressionante. S\u00e3o leves e f\u00e1ceis de manusear, pelo que pode decorar as suas sobremesas de forma r\u00e1pida e profissional. Estas p\u00e9rolas s\u00e3o perfeitas para quem procura uma forma r\u00e1pida mas eficaz de decorar, dando ao mesmo tempo um toque vivo e divertido.   <\/p>\n<p>Em suma, <strong>as p\u00e9rolas comest\u00edveis multicoloridas<\/strong> <strong>de 100 g<\/strong> s\u00e3o uma \u00f3ptima forma de dar cor e divers\u00e3o \u00e0s suas sobremesas. S\u00e3o r\u00e1pidas e f\u00e1ceis de utilizar, pelo que pode criar decora\u00e7\u00f5es apelativas sem esfor\u00e7o. Quer as utilize para um evento especial ou para alegrar as suas cria\u00e7\u00f5es, estas <strong>p\u00e9rolas comest\u00edveis<\/strong> s\u00e3o a forma perfeita de personalizar as suas sobremesas. Gra\u00e7as \u00e0 sua grande adaptabilidade, estas <strong>p\u00e9rolas<\/strong> s\u00e3o adequadas para todos os tipos de sobremesas e podem ser utilizadas para dar um toque de cor.   <\/p>\n<\/div>\n<\/div>\n<p>&nbsp;<\/p>\n<\/div>\n<\/div>\n<\/div>\n<\/div>\n<\/div>\n<\/div>\n<\/article>\n<\/div>\n<\/div>\n<\/div>\n<\/div>\n<\/div>\n<p><!--more--><\/p>\n<div class=\"md:pt-0 dark:border-white\/20 md:border-transparent md:dark:border-transparent w-full\">\n<div>\n<div class=\"m-auto text-base px-3 md:px-4 w-full md:px-5 lg:px-4 xl:px-5\">\n<div class=\"mx-auto flex flex-1 gap-4 text-base md:gap-5 lg:gap-6 md:max-w-3xl lg:max-w-[40rem] xl:max-w-[48rem]\">\n<div class=\"flex justify-center\"><strong><span style=\"color: #ff0000;\">Data ultrapassada (DLUO) 06\/2025<\/span><\/strong><\/div>\n<div><\/div>\n<\/div>\n<\/div>\n<\/div>\n<\/div>\n<p><!--more--><\/p>\n<h4>Vantagens :<\/h4>\n<ul>\n<li>As <strong>p\u00e9rolas comest\u00edveis<\/strong> multicolores proporcionam um toque de brilho discreto.<\/li>\n<li>Estas <strong>p\u00e9rolas multicolores comest\u00edveis<\/strong> s\u00e3o f\u00e1ceis de aplicar nos seus bolos, cupcakes e outras sobremesas.<\/li>\n<li>S\u00e3o fabricadas com ingredientes seguros para consumo.<\/li>\n<li>Estas p\u00e9rolas adicionam uma textura ligeira e um acabamento agrad\u00e1vel sem alterar o sabor dos seus pratos.<\/li>\n<\/ul>\n<p>&nbsp;<\/p>\n<p><!--more--><\/p>\n<h4>Outras informa\u00e7\u00f5es :<\/h4>\n<ul>\n<li><b>Di\u00e2metro: <\/b>5 mm<\/li>\n<li><strong>Embalagem<\/strong>: Embalagem de 100g<\/li>\n<li><b>Cor: <\/b>Multicolorido<\/li>\n<\/ul>\n<p>&nbsp;<\/p>\n<p><!--more--><\/p>\n<p>Produto dispon\u00edvel noutra cor : <span style=\"color: #d12727;\"><a style=\"color: #d12727;\" href=\"https:\/\/www.csj-emballages.com\/es\/produit\/perlas-de-plata-comestibles-100-gr\/\">Contas de prata<\/a><\/span><\/p>\n<p>&nbsp;<\/p>\n<p><!--more--><\/p>\n<p><a href=\"\/?product_cat=aromes-liquides\">Descubra o resto da nossa gama de decora\u00e7\u00f5es comest\u00edveis<\/a><\/p>\n","protected":false},"excerpt":{"rendered":"<p>P\u00e9rolas comest\u00edveis Descri\u00e7\u00e3o das nossas p\u00e9rolas comest\u00edveis de prata 100 gr<\/p>\n","protected":false},"featured_media":219465,"template":"","meta":{"_acf_changed":false},"product_brand":[],"product_cat":[1141,10242,1151,9214,9235],"product_tag":[],"class_list":{"0":"post-226117","1":"product","2":"type-product","3":"status-publish","4":"has-post-thumbnail","6":"product_cat-embalagem-de-alimentos","7":"product_cat-anti-desperdicio","8":"product_cat-alimentacao-pt-pt","9":"product_cat-pastelaria","10":"product_cat-decoracoes-comestiveis","12":"first","13":"instock","14":"sale","15":"taxable","16":"shipping-taxable","17":"purchasable","18":"product-type-simple"},"acf":[],"yoast_head":"<!-- This site is optimized with the Yoast SEO Premium plugin v26.6 (Yoast SEO v26.6) - https:\/\/yoast.com\/wordpress\/plugins\/seo\/ -->\n<title>P\u00e9rolas comest\u00edveis multicoloridas 100 gr<\/title>\n<meta name=\"description\" content=\"Adicione um toque elegante \u00e0s suas sobremesas com as p\u00e9rolas comest\u00edveis multicolores. Proporcionam brilho e requinte \u00e0s suas cria\u00e7\u00f5es.\" \/>\n<meta name=\"robots\" content=\"index, follow, max-snippet:-1, max-image-preview:large, max-video-preview:-1\" \/>\n<link rel=\"canonical\" href=\"https:\/\/www.csj-emballages.com\/pt-pt\/produit\/perolas-comestiveis-multicoloridas-100-gr\/\" \/>\n<meta property=\"og:locale\" content=\"pt_PT\" \/>\n<meta property=\"og:type\" content=\"article\" \/>\n<meta property=\"og:title\" content=\"P\u00e9rolas comest\u00edveis multicoloridas 100 gr\" \/>\n<meta property=\"og:description\" content=\"Adicione um toque elegante \u00e0s suas sobremesas com as p\u00e9rolas comest\u00edveis multicolores. Proporcionam brilho e requinte \u00e0s suas cria\u00e7\u00f5es.\" \/>\n<meta property=\"og:url\" content=\"https:\/\/www.csj-emballages.com\/pt-pt\/produit\/perolas-comestiveis-multicoloridas-100-gr\/\" \/>\n<meta property=\"og:site_name\" content=\"CSJ Emballages\" \/>\n<meta property=\"article:publisher\" content=\"https:\/\/www.facebook.com\/csjemballages\" \/>\n<meta property=\"article:modified_time\" content=\"2026-04-09T00:11:09+00:00\" \/>\n<meta property=\"og:image\" content=\"https:\/\/www.csj-emballages.com\/wp-content\/uploads\/2024\/12\/Perles-multicolores.webp\" \/>\n\t<meta property=\"og:image:width\" content=\"800\" \/>\n\t<meta property=\"og:image:height\" content=\"800\" \/>\n\t<meta property=\"og:image:type\" content=\"image\/webp\" \/>\n<meta name=\"twitter:card\" content=\"summary_large_image\" \/>\n<meta name=\"twitter:label1\" content=\"Tempo estimado de leitura\" \/>\n\t<meta name=\"twitter:data1\" content=\"3 minutos\" \/>\n<script type=\"application\/ld+json\" class=\"yoast-schema-graph\">{\"@context\":\"https:\/\/schema.org\",\"@graph\":[{\"@type\":\"WebPage\",\"@id\":\"https:\/\/www.csj-emballages.com\/pt-pt\/produit\/perolas-comestiveis-multicoloridas-100-gr\/\",\"url\":\"https:\/\/www.csj-emballages.com\/pt-pt\/produit\/perolas-comestiveis-multicoloridas-100-gr\/\",\"name\":\"P\u00e9rolas comest\u00edveis multicoloridas 100 gr\",\"isPartOf\":{\"@id\":\"https:\/\/www.csj-emballages.com\/pt-pt\/#website\"},\"primaryImageOfPage\":{\"@id\":\"https:\/\/www.csj-emballages.com\/pt-pt\/produit\/perolas-comestiveis-multicoloridas-100-gr\/#primaryimage\"},\"image\":{\"@id\":\"https:\/\/www.csj-emballages.com\/pt-pt\/produit\/perolas-comestiveis-multicoloridas-100-gr\/#primaryimage\"},\"thumbnailUrl\":\"https:\/\/www.csj-emballages.com\/wp-content\/uploads\/2024\/12\/Perles-multicolores.webp\",\"datePublished\":\"2024-12-19T01:19:04+00:00\",\"dateModified\":\"2026-04-09T00:11:09+00:00\",\"description\":\"Adicione um toque elegante \u00e0s suas sobremesas com as p\u00e9rolas comest\u00edveis multicolores. Proporcionam brilho e requinte \u00e0s suas cria\u00e7\u00f5es.\",\"breadcrumb\":{\"@id\":\"https:\/\/www.csj-emballages.com\/pt-pt\/produit\/perolas-comestiveis-multicoloridas-100-gr\/#breadcrumb\"},\"inLanguage\":\"pt-PT\",\"potentialAction\":[{\"@type\":\"ReadAction\",\"target\":[\"https:\/\/www.csj-emballages.com\/pt-pt\/produit\/perolas-comestiveis-multicoloridas-100-gr\/\"]}]},{\"@type\":\"ImageObject\",\"inLanguage\":\"pt-PT\",\"@id\":\"https:\/\/www.csj-emballages.com\/pt-pt\/produit\/perolas-comestiveis-multicoloridas-100-gr\/#primaryimage\",\"url\":\"https:\/\/www.csj-emballages.com\/wp-content\/uploads\/2024\/12\/Perles-multicolores.webp\",\"contentUrl\":\"https:\/\/www.csj-emballages.com\/wp-content\/uploads\/2024\/12\/Perles-multicolores.webp\",\"width\":800,\"height\":800,\"caption\":\"Perles comestibles multicolores\"},{\"@type\":\"BreadcrumbList\",\"@id\":\"https:\/\/www.csj-emballages.com\/pt-pt\/produit\/perolas-comestiveis-multicoloridas-100-gr\/#breadcrumb\",\"itemListElement\":[{\"@type\":\"ListItem\",\"position\":1,\"name\":\"Acolhimento\",\"item\":\"https:\/\/www.csj-emballages.com\/pt-pt\/universo-das-embalagens-alimentares\/\"},{\"@type\":\"ListItem\",\"position\":2,\"name\":\"Shop\",\"item\":\"https:\/\/www.csj-emballages.com\/shop\/\"},{\"@type\":\"ListItem\",\"position\":3,\"name\":\"P\u00e9rolas comest\u00edveis multicoloridas 100 gr\"}]},{\"@type\":\"WebSite\",\"@id\":\"https:\/\/www.csj-emballages.com\/pt-pt\/#website\",\"url\":\"https:\/\/www.csj-emballages.com\/pt-pt\/\",\"name\":\"CSJ Emballages\",\"description\":\"\",\"publisher\":{\"@id\":\"https:\/\/www.csj-emballages.com\/pt-pt\/#organization\"},\"potentialAction\":[{\"@type\":\"SearchAction\",\"target\":{\"@type\":\"EntryPoint\",\"urlTemplate\":\"https:\/\/www.csj-emballages.com\/pt-pt\/?s={search_term_string}\"},\"query-input\":{\"@type\":\"PropertyValueSpecification\",\"valueRequired\":true,\"valueName\":\"search_term_string\"}}],\"inLanguage\":\"pt-PT\"},{\"@type\":\"Organization\",\"@id\":\"https:\/\/www.csj-emballages.com\/pt-pt\/#Organization\/\",\"name\":\"CSJ Emballages\",\"url\":\"https:\/\/www.csj-emballages.com\/pt-pt\/\",\"logo\":{\"@type\":\"ImageObject\",\"inLanguage\":\"pt-PT\",\"@id\":\"https:\/\/www.csj-emballages.com\/pt-pt\/#\/schema\/logo\/image\/\",\"url\":\"https:\/\/www.csj-emballages.com\/wp-content\/uploads\/2023\/10\/logo_csj.webp\",\"contentUrl\":\"https:\/\/www.csj-emballages.com\/wp-content\/uploads\/2023\/10\/logo_csj.webp\",\"width\":250,\"height\":95,\"caption\":\"CSJ Emballages\"},\"image\":{\"@id\":\"https:\/\/www.csj-emballages.com\/pt-pt\/#\/schema\/logo\/image\/\"},\"sameAs\":[\"https:\/\/www.facebook.com\/csjemballages\"],\"address\":{\"@type\":\"PostalAddress\",\"streetAddress\":\"ZI La Lechere\",\"addressLocality\":\"Patornay\",\"postalCode\":\"39130\",\"addressCountry\":\"FR\"},\"contactPoint\":[{\"@type\":\"ContactPoint\",\"contactType\":\"Service client\",\"telephone\":\"0384254272\",\"email\":\"contact@csj-emballages.com\"}]}]}<\/script>\n<!-- \/ Yoast SEO Premium plugin. -->","yoast_head_json":{"title":"P\u00e9rolas comest\u00edveis multicoloridas 100 gr","description":"Adicione um toque elegante \u00e0s suas sobremesas com as p\u00e9rolas comest\u00edveis multicolores. Proporcionam brilho e requinte \u00e0s suas cria\u00e7\u00f5es.","robots":{"index":"index","follow":"follow","max-snippet":"max-snippet:-1","max-image-preview":"max-image-preview:large","max-video-preview":"max-video-preview:-1"},"canonical":"https:\/\/www.csj-emballages.com\/pt-pt\/produit\/perolas-comestiveis-multicoloridas-100-gr\/","og_locale":"pt_PT","og_type":"article","og_title":"P\u00e9rolas comest\u00edveis multicoloridas 100 gr","og_description":"Adicione um toque elegante \u00e0s suas sobremesas com as p\u00e9rolas comest\u00edveis multicolores. Proporcionam brilho e requinte \u00e0s suas cria\u00e7\u00f5es.","og_url":"https:\/\/www.csj-emballages.com\/pt-pt\/produit\/perolas-comestiveis-multicoloridas-100-gr\/","og_site_name":"CSJ Emballages","article_publisher":"https:\/\/www.facebook.com\/csjemballages","article_modified_time":"2026-04-09T00:11:09+00:00","og_image":[{"width":800,"height":800,"url":"https:\/\/www.csj-emballages.com\/wp-content\/uploads\/2024\/12\/Perles-multicolores.webp","type":"image\/webp"}],"twitter_card":"summary_large_image","twitter_misc":{"Tempo estimado de leitura":"3 minutos"},"schema":{"@context":"https:\/\/schema.org","@graph":[{"@type":"WebPage","@id":"https:\/\/www.csj-emballages.com\/pt-pt\/produit\/perolas-comestiveis-multicoloridas-100-gr\/","url":"https:\/\/www.csj-emballages.com\/pt-pt\/produit\/perolas-comestiveis-multicoloridas-100-gr\/","name":"P\u00e9rolas comest\u00edveis multicoloridas 100 gr","isPartOf":{"@id":"https:\/\/www.csj-emballages.com\/pt-pt\/#website"},"primaryImageOfPage":{"@id":"https:\/\/www.csj-emballages.com\/pt-pt\/produit\/perolas-comestiveis-multicoloridas-100-gr\/#primaryimage"},"image":{"@id":"https:\/\/www.csj-emballages.com\/pt-pt\/produit\/perolas-comestiveis-multicoloridas-100-gr\/#primaryimage"},"thumbnailUrl":"https:\/\/www.csj-emballages.com\/wp-content\/uploads\/2024\/12\/Perles-multicolores.webp","datePublished":"2024-12-19T01:19:04+00:00","dateModified":"2026-04-09T00:11:09+00:00","description":"Adicione um toque elegante \u00e0s suas sobremesas com as p\u00e9rolas comest\u00edveis multicolores. Proporcionam brilho e requinte \u00e0s suas cria\u00e7\u00f5es.","breadcrumb":{"@id":"https:\/\/www.csj-emballages.com\/pt-pt\/produit\/perolas-comestiveis-multicoloridas-100-gr\/#breadcrumb"},"inLanguage":"pt-PT","potentialAction":[{"@type":"ReadAction","target":["https:\/\/www.csj-emballages.com\/pt-pt\/produit\/perolas-comestiveis-multicoloridas-100-gr\/"]}]},{"@type":"ImageObject","inLanguage":"pt-PT","@id":"https:\/\/www.csj-emballages.com\/pt-pt\/produit\/perolas-comestiveis-multicoloridas-100-gr\/#primaryimage","url":"https:\/\/www.csj-emballages.com\/wp-content\/uploads\/2024\/12\/Perles-multicolores.webp","contentUrl":"https:\/\/www.csj-emballages.com\/wp-content\/uploads\/2024\/12\/Perles-multicolores.webp","width":800,"height":800,"caption":"Perles comestibles multicolores"},{"@type":"BreadcrumbList","@id":"https:\/\/www.csj-emballages.com\/pt-pt\/produit\/perolas-comestiveis-multicoloridas-100-gr\/#breadcrumb","itemListElement":[{"@type":"ListItem","position":1,"name":"Acolhimento","item":"https:\/\/www.csj-emballages.com\/pt-pt\/universo-das-embalagens-alimentares\/"},{"@type":"ListItem","position":2,"name":"Shop","item":"https:\/\/www.csj-emballages.com\/shop\/"},{"@type":"ListItem","position":3,"name":"P\u00e9rolas comest\u00edveis multicoloridas 100 gr"}]},{"@type":"WebSite","@id":"https:\/\/www.csj-emballages.com\/pt-pt\/#website","url":"https:\/\/www.csj-emballages.com\/pt-pt\/","name":"CSJ Emballages","description":"","publisher":{"@id":"https:\/\/www.csj-emballages.com\/pt-pt\/#organization"},"potentialAction":[{"@type":"SearchAction","target":{"@type":"EntryPoint","urlTemplate":"https:\/\/www.csj-emballages.com\/pt-pt\/?s={search_term_string}"},"query-input":{"@type":"PropertyValueSpecification","valueRequired":true,"valueName":"search_term_string"}}],"inLanguage":"pt-PT"},{"@type":"Organization","@id":"https:\/\/www.csj-emballages.com\/pt-pt\/#Organization\/","name":"CSJ Emballages","url":"https:\/\/www.csj-emballages.com\/pt-pt\/","logo":{"@type":"ImageObject","inLanguage":"pt-PT","@id":"https:\/\/www.csj-emballages.com\/pt-pt\/#\/schema\/logo\/image\/","url":"https:\/\/www.csj-emballages.com\/wp-content\/uploads\/2023\/10\/logo_csj.webp","contentUrl":"https:\/\/www.csj-emballages.com\/wp-content\/uploads\/2023\/10\/logo_csj.webp","width":250,"height":95,"caption":"CSJ Emballages"},"image":{"@id":"https:\/\/www.csj-emballages.com\/pt-pt\/#\/schema\/logo\/image\/"},"sameAs":["https:\/\/www.facebook.com\/csjemballages"],"address":{"@type":"PostalAddress","streetAddress":"ZI La Lechere","addressLocality":"Patornay","postalCode":"39130","addressCountry":"FR"},"contactPoint":[{"@type":"ContactPoint","contactType":"Service client","telephone":"0384254272","email":"contact@csj-emballages.com"}]}]}},"df_price":3.15,"df_sale_price":3.15,"df_regular_price":4.49,"df_image_link":"https:\/\/www.csj-emballages.com\/wp-content\/uploads\/2024\/12\/Perles-multicolores-300x300.webp","tiered_pricing_type":"fixed","tiered_pricing_fixed_rules":[],"tiered_pricing_percentage_rules":[],"tiered_pricing_minimum":1,"tiered_pricing_roles_data":[],"_links":{"self":[{"href":"https:\/\/www.csj-emballages.com\/pt-pt\/wp-json\/wp\/v2\/product\/226117","targetHints":{"allow":["GET"]}}],"collection":[{"href":"https:\/\/www.csj-emballages.com\/pt-pt\/wp-json\/wp\/v2\/product"}],"about":[{"href":"https:\/\/www.csj-emballages.com\/pt-pt\/wp-json\/wp\/v2\/types\/product"}],"wp:featuredmedia":[{"embeddable":true,"href":"https:\/\/www.csj-emballages.com\/pt-pt\/wp-json\/wp\/v2\/media\/219465"}],"wp:attachment":[{"href":"https:\/\/www.csj-emballages.com\/pt-pt\/wp-json\/wp\/v2\/media?parent=226117"}],"wp:term":[{"taxonomy":"product_brand","embeddable":true,"href":"https:\/\/www.csj-emballages.com\/pt-pt\/wp-json\/wp\/v2\/product_brand?post=226117"},{"taxonomy":"product_cat","embeddable":true,"href":"https:\/\/www.csj-emballages.com\/pt-pt\/wp-json\/wp\/v2\/product_cat?post=226117"},{"taxonomy":"product_tag","embeddable":true,"href":"https:\/\/www.csj-emballages.com\/pt-pt\/wp-json\/wp\/v2\/product_tag?post=226117"}],"curies":[{"name":"wp","href":"https:\/\/api.w.org\/{rel}","templated":true}]}}