{"id":226112,"date":"2024-12-19T02:18:43","date_gmt":"2024-12-19T01:18:43","guid":{"rendered":"https:\/\/www.csj-emballages.com\/produit\/aroma-liquido-de-baunilha-50-ml\/"},"modified":"2026-04-15T02:10:36","modified_gmt":"2026-04-15T00:10:36","slug":"aroma-liquido-de-baunilha-50-ml","status":"publish","type":"product","link":"https:\/\/www.csj-emballages.com\/pt-pt\/produit\/aroma-liquido-de-baunilha-50-ml\/","title":{"rendered":"Aroma l\u00edquido de baunilha 50 ml"},"content":{"rendered":"<h2>Aroma l\u00edquido<\/h2>\n<hr>\n<h3>Descri\u00e7\u00e3o do nosso aroma l\u00edquido de baunilha 50 ml<\/h3>\n<p><!--more--><\/p>\n<p>Descubra o nosso <strong>aroma l\u00edquido<\/strong> <strong>de baunilha<\/strong>, um sabor doce e requintado que enriquecer\u00e1 as suas receitas. Este produto de qualidade foi concebido para dar um toque de <strong>baunilha<\/strong> natural \u00e0s suas sobremesas, pastelarias ou bebidas. Com o seu pr\u00e1tico formato <strong>de 50 ml<\/strong>, \u00e9 ideal para uma utiliza\u00e7\u00e3o regular, quer se trate de um cozinheiro experiente ou de um profissional. F\u00e1cil de dosear, este <strong>aroma de baunilha<\/strong> presta-se a uma grande variedade de cria\u00e7\u00f5es culin\u00e1rias.   <\/p>\n<p>A utiliza\u00e7\u00e3o deste <strong>aromatizante l\u00edquido<\/strong> \u00e9 simples e flex\u00edvel. Apenas algumas gotas conferem um sabor agrad\u00e1vel e subtil \u00e0s suas receitas. Quer esteja a aromatizar cremes, bolos, panquecas ou mesmo bebidas, este <strong>aroma de baunilha<\/strong> combina perfeitamente com as suas prepara\u00e7\u00f5es. O frasco <strong>de 50 ml<\/strong> permite uma dosagem exacta, pelo que n\u00e3o \u00e9 necess\u00e1rio exagerar. Uma pequena quantidade \u00e9 tudo o que precisa para dar um verdadeiro toque de baunilha \u00e0s suas cria\u00e7\u00f5es.    <\/p>\n<p>&nbsp;<\/p>\n<h4><!--more--><\/h4>\n<h4>Um aroma vers\u00e1til<\/h4>\n<p>Uma das principais vantagens deste <strong>aromatizante l\u00edquido<\/strong> \u00e9 a sua versatilidade. De facto, este <strong>aroma de baunilha<\/strong> pode ser utilizado numa grande variedade de receitas. Por exemplo, pode ser adicionado a um bolo h\u00famido, a um gelado caseiro ou mesmo a leite quente para uma bebida reconfortante. Tamb\u00e9m funciona bem em receitas salgadas, adicionando um sabor subtil a molhos ou marinadas. Quer esteja a preparar um doce ou um prato mais ousado, este <strong>aromatizante l\u00edquido<\/strong> dar\u00e1 \u00e0s suas receitas uma nova dimens\u00e3o de sabor.    <\/p>\n<p>Para al\u00e9m de ser f\u00e1cil de utilizar, este <strong>aroma de baunilha<\/strong> \u00e9 tamb\u00e9m f\u00e1cil de guardar. Gra\u00e7as ao seu frasco herm\u00e9tico, mant\u00e9m-se fresco durante v\u00e1rios meses. Basta voltar a fechar o frasco ap\u00f3s cada utiliza\u00e7\u00e3o para preservar a sua qualidade. Assim, pode desfrutar deste <strong>aromatizante l\u00edquido<\/strong> durante muito tempo sem se preocupar com a perda do seu sabor ou efic\u00e1cia.   <\/p>\n<p>Este <strong>aromatizante l\u00edquido<\/strong> \u00e9 tamb\u00e9m uma op\u00e7\u00e3o econ\u00f3mica. \u00c9 concentrado, pelo que basta uma pequena quantidade para aromatizar uma grande quantidade de alimentos. Al\u00e9m disso, o seu frasco compacto \u00e9 f\u00e1cil de arrumar nas gavetas ou nos arm\u00e1rios da cozinha. Este formato pr\u00e1tico \u00e9 ideal tanto para amadores como para profissionais. N\u00e3o ter\u00e1 de se preocupar com a quantidade, porque cada gota deste <strong>aroma de baunilha<\/strong> conta para dar o sabor perfeito \u00e0s suas cria\u00e7\u00f5es.    <\/p>\n<h3><\/h3>\n<p><!--more--><\/p>\n<h4>Um toque doce e requintado para as suas receitas<\/h4>\n<p><strong>O aroma l\u00edquido<\/strong> <strong>de baunilha<\/strong> \u00e9 o ingrediente ideal para dar um toque doce e requintado \u00e0s suas cria\u00e7\u00f5es. A baunilha, com a sua fragr\u00e2ncia rica e subtil, \u00e9 um sabor universalmente apreciado em muitas cozinhas de todo o mundo. Este <strong>aroma de baunilha<\/strong> \u00e9 perfeito para pastelaria, sobremesas e bebidas doces, mas tamb\u00e9m para aqueles que querem dar um toque quente e doce a receitas mais originais.  <\/p>\n<p>Em suma,<strong>o aroma<\/strong> de baunilha<strong>l\u00edquido<\/strong> \u00e9 um produto indispens\u00e1vel para quem gosta de dar um toque de do\u00e7ura \u00e0s suas receitas. A sua facilidade de utiliza\u00e7\u00e3o, a sua versatilidade e o seu longo prazo de validade fazem dele uma escolha pr\u00e1tica e econ\u00f3mica para os amantes da cozinha. Com este <strong>aroma de baunilha<\/strong>, pode transformar as suas receitas em cria\u00e7\u00f5es deliciosas e requintadas. Experimente-o hoje e d\u00ea um novo sabor aos seus pratos quotidianos.   <\/p>\n<p>&nbsp;<\/p>\n<p><!--more--><\/p>\n<p>Experimente hoje este <strong>sabor a baunilha<\/strong> e d\u00ea uma nova dimens\u00e3o \u00e0s suas receitas di\u00e1rias.<\/p>\n<p>&nbsp;<\/p>\n<p><!--more--><\/p>\n<h4>Vantagens:<\/h4>\n<ul>\n<li><strong>Sabor aut\u00eantico e requintado<\/strong>:<strong>o aroma l\u00edquido de<\/strong> baunilha oferece um sabor natural, ideal para real\u00e7ar as suas receitas doces e salgadas.<\/li>\n<li><strong>F\u00e1cil de dosear<\/strong>: bastam algumas gotas para aromatizar os seus pratos, pelo que pode utiliz\u00e1-las com precis\u00e3o e sem excessos.<\/li>\n<li><strong>Vers\u00e1til<\/strong>: Perfeito para uma variedade de receitas, sejam sobremesas, bebidas, pastelaria ou mesmo pratos salgados.<\/li>\n<li><strong>Conserva\u00e7\u00e3o optimizada<\/strong>: O frasco herm\u00e9tico mant\u00e9m o<strong>aroma de baunilha<\/strong> fresco durante v\u00e1rios meses.<\/li>\n<\/ul>\n<p>&nbsp;<\/p>\n<p><!--more--><\/p>\n<h4>Outras informa\u00e7\u00f5es :<\/h4>\n<ul>\n<li><b>Altura: <\/b>115 mm<\/li>\n<li><strong>Embalagem<\/strong>: Por unidade<\/li>\n<li><strong>Volume<\/strong>: 50 ml<\/li>\n<li><b>Sabor: <\/b>Baunilha<\/li>\n<li><strong>Dosagem<\/strong>: 5g\/kg<\/li>\n<\/ul>\n<p>&nbsp;<\/p>\n<p><!--more--><\/p>\n<h4>Composi\u00e7\u00e3o:<\/h4>\n<ul>\n<li><strong>Xarope de a\u00e7\u00facar<\/strong> \/ <strong>\u00c1gua<\/strong> \/ <strong>Aroma natural de baunilha \/ Corante de caramelo <\/strong> <\/li>\n<\/ul>\n<p>&nbsp;<\/p>\n<p><!--more--><\/p>\n<p>Dispon\u00edvel em v\u00e1rios sabores: <span style=\"color: #d12727;\"><a style=\"color: #d12727;\" href=\"https:\/\/www.csj-emballages.com\/es\/produit\/liquido-sabor-cafe-50-ml\/\">Caf\u00e9<\/a><\/span> \/ <span style=\"color: #d12727;\"><a style=\"color: #d12727;\" href=\"https:\/\/www.csj-emballages.com\/en\/produit\/liquid-rose-flavor-500-ml\/\">Rosa<\/a><\/span> \/ <span style=\"color: #d12727;\"><a style=\"color: #d12727;\" href=\"https:\/\/www.csj-emballages.com\/en\/produit\/liquid-banana-flavor-50-ml\/\">Banana<\/a><\/span> \/ <span style=\"color: #d12727;\"><a style=\"color: #d12727;\" href=\"https:\/\/www.csj-emballages.com\/es\/produit\/aroma-liquido-de-azahar-1-litro\/\">Flor de Laranjeira<\/a><\/span> \/ <span style=\"color: #d12727;\"><a style=\"color: #d12727;\" href=\"https:\/\/www.csj-emballages.com\/es\/produit\/fresa-sabor-liquido-50-ml\/\">Morango<\/a><\/span><\/p>\n<p>&nbsp;<\/p>\n<p><!--more--><\/p>\n<p><a href=\"https:\/\/www.csj-emballages.com\/pt-pt\/categorie-produit\/alimentacao-pt-pt\/pastelaria\/sabores-pt-pt\/\">Descubra o resto da nossa gama de sabores<\/a><\/p>\n","protected":false},"excerpt":{"rendered":"<p>Aroma l\u00edquido Descri\u00e7\u00e3o do nosso aroma l\u00edquido de baunilha 50 ml<\/p>\n","protected":false},"featured_media":218785,"template":"","meta":{"_acf_changed":false},"product_brand":[],"product_cat":[1151,9214,9229],"product_tag":[],"class_list":{"0":"post-226112","1":"product","2":"type-product","3":"status-publish","4":"has-post-thumbnail","6":"product_cat-alimentacao-pt-pt","7":"product_cat-pastelaria","8":"product_cat-sabores-pt-pt","10":"first","11":"instock","12":"taxable","13":"shipping-taxable","14":"purchasable","15":"product-type-simple"},"acf":[],"yoast_head":"<!-- This site is optimized with the Yoast SEO Premium plugin v26.6 (Yoast SEO v26.6) - https:\/\/yoast.com\/wordpress\/plugins\/seo\/ -->\n<title>L\u00edquido com sabor a baunilha - 50 ml<\/title>\n<meta name=\"description\" content=\"Descubra o aroma l\u00edquido de baunilha 50 ml: um aroma tropical natural, f\u00e1cil de dosear e vers\u00e1til para as suas receitas doces e salgadas.\" \/>\n<meta name=\"robots\" content=\"index, follow, max-snippet:-1, max-image-preview:large, max-video-preview:-1\" \/>\n<link rel=\"canonical\" href=\"https:\/\/www.csj-emballages.com\/pt-pt\/produit\/aroma-liquido-de-baunilha-50-ml\/\" \/>\n<meta property=\"og:locale\" content=\"pt_PT\" \/>\n<meta property=\"og:type\" content=\"article\" \/>\n<meta property=\"og:title\" content=\"Aroma l\u00edquido de baunilha 50 ml\" \/>\n<meta property=\"og:description\" content=\"Descubra o aroma l\u00edquido de baunilha 50 ml: um aroma tropical natural, f\u00e1cil de dosear e vers\u00e1til para as suas receitas doces e salgadas.\" \/>\n<meta property=\"og:url\" content=\"https:\/\/www.csj-emballages.com\/pt-pt\/produit\/aroma-liquido-de-baunilha-50-ml\/\" \/>\n<meta property=\"og:site_name\" content=\"CSJ Emballages\" \/>\n<meta property=\"article:publisher\" content=\"https:\/\/www.facebook.com\/csjemballages\" \/>\n<meta property=\"article:modified_time\" content=\"2026-04-15T00:10:36+00:00\" \/>\n<meta property=\"og:image\" content=\"https:\/\/www.csj-emballages.com\/wp-content\/uploads\/2024\/12\/Arome-vanille.webp\" \/>\n\t<meta property=\"og:image:width\" content=\"800\" \/>\n\t<meta property=\"og:image:height\" content=\"799\" \/>\n\t<meta property=\"og:image:type\" content=\"image\/webp\" \/>\n<meta name=\"twitter:card\" content=\"summary_large_image\" \/>\n<meta name=\"twitter:label1\" content=\"Tempo estimado de leitura\" \/>\n\t<meta name=\"twitter:data1\" content=\"4 minutos\" \/>\n<script type=\"application\/ld+json\" class=\"yoast-schema-graph\">{\"@context\":\"https:\/\/schema.org\",\"@graph\":[{\"@type\":\"WebPage\",\"@id\":\"https:\/\/www.csj-emballages.com\/pt-pt\/produit\/aroma-liquido-de-baunilha-50-ml\/\",\"url\":\"https:\/\/www.csj-emballages.com\/pt-pt\/produit\/aroma-liquido-de-baunilha-50-ml\/\",\"name\":\"L\u00edquido com sabor a baunilha - 50 ml\",\"isPartOf\":{\"@id\":\"https:\/\/www.csj-emballages.com\/pt-pt\/#website\"},\"primaryImageOfPage\":{\"@id\":\"https:\/\/www.csj-emballages.com\/pt-pt\/produit\/aroma-liquido-de-baunilha-50-ml\/#primaryimage\"},\"image\":{\"@id\":\"https:\/\/www.csj-emballages.com\/pt-pt\/produit\/aroma-liquido-de-baunilha-50-ml\/#primaryimage\"},\"thumbnailUrl\":\"https:\/\/www.csj-emballages.com\/wp-content\/uploads\/2024\/12\/Arome-vanille.webp\",\"datePublished\":\"2024-12-19T01:18:43+00:00\",\"dateModified\":\"2026-04-15T00:10:36+00:00\",\"description\":\"Descubra o aroma l\u00edquido de baunilha 50 ml: um aroma tropical natural, f\u00e1cil de dosear e vers\u00e1til para as suas receitas doces e salgadas.\",\"breadcrumb\":{\"@id\":\"https:\/\/www.csj-emballages.com\/pt-pt\/produit\/aroma-liquido-de-baunilha-50-ml\/#breadcrumb\"},\"inLanguage\":\"pt-PT\",\"potentialAction\":[{\"@type\":\"ReadAction\",\"target\":[\"https:\/\/www.csj-emballages.com\/pt-pt\/produit\/aroma-liquido-de-baunilha-50-ml\/\"]}]},{\"@type\":\"ImageObject\",\"inLanguage\":\"pt-PT\",\"@id\":\"https:\/\/www.csj-emballages.com\/pt-pt\/produit\/aroma-liquido-de-baunilha-50-ml\/#primaryimage\",\"url\":\"https:\/\/www.csj-emballages.com\/wp-content\/uploads\/2024\/12\/Arome-vanille.webp\",\"contentUrl\":\"https:\/\/www.csj-emballages.com\/wp-content\/uploads\/2024\/12\/Arome-vanille.webp\",\"width\":800,\"height\":799,\"caption\":\"Ar\u00f4me liquide vanille\"},{\"@type\":\"BreadcrumbList\",\"@id\":\"https:\/\/www.csj-emballages.com\/pt-pt\/produit\/aroma-liquido-de-baunilha-50-ml\/#breadcrumb\",\"itemListElement\":[{\"@type\":\"ListItem\",\"position\":1,\"name\":\"Acolhimento\",\"item\":\"https:\/\/www.csj-emballages.com\/pt-pt\/universo-das-embalagens-alimentares\/\"},{\"@type\":\"ListItem\",\"position\":2,\"name\":\"Shop\",\"item\":\"https:\/\/www.csj-emballages.com\/shop\/\"},{\"@type\":\"ListItem\",\"position\":3,\"name\":\"Aroma l\u00edquido de baunilha 50 ml\"}]},{\"@type\":\"WebSite\",\"@id\":\"https:\/\/www.csj-emballages.com\/pt-pt\/#website\",\"url\":\"https:\/\/www.csj-emballages.com\/pt-pt\/\",\"name\":\"CSJ Emballages\",\"description\":\"\",\"publisher\":{\"@id\":\"https:\/\/www.csj-emballages.com\/pt-pt\/#organization\"},\"potentialAction\":[{\"@type\":\"SearchAction\",\"target\":{\"@type\":\"EntryPoint\",\"urlTemplate\":\"https:\/\/www.csj-emballages.com\/pt-pt\/?s={search_term_string}\"},\"query-input\":{\"@type\":\"PropertyValueSpecification\",\"valueRequired\":true,\"valueName\":\"search_term_string\"}}],\"inLanguage\":\"pt-PT\"},{\"@type\":\"Organization\",\"@id\":\"https:\/\/www.csj-emballages.com\/pt-pt\/#Organization\/\",\"name\":\"CSJ Emballages\",\"url\":\"https:\/\/www.csj-emballages.com\/pt-pt\/\",\"logo\":{\"@type\":\"ImageObject\",\"inLanguage\":\"pt-PT\",\"@id\":\"https:\/\/www.csj-emballages.com\/pt-pt\/#\/schema\/logo\/image\/\",\"url\":\"https:\/\/www.csj-emballages.com\/wp-content\/uploads\/2023\/10\/logo_csj.webp\",\"contentUrl\":\"https:\/\/www.csj-emballages.com\/wp-content\/uploads\/2023\/10\/logo_csj.webp\",\"width\":250,\"height\":95,\"caption\":\"CSJ Emballages\"},\"image\":{\"@id\":\"https:\/\/www.csj-emballages.com\/pt-pt\/#\/schema\/logo\/image\/\"},\"sameAs\":[\"https:\/\/www.facebook.com\/csjemballages\"],\"address\":{\"@type\":\"PostalAddress\",\"streetAddress\":\"ZI La Lechere\",\"addressLocality\":\"Patornay\",\"postalCode\":\"39130\",\"addressCountry\":\"FR\"},\"contactPoint\":[{\"@type\":\"ContactPoint\",\"contactType\":\"Service client\",\"telephone\":\"0384254272\",\"email\":\"contact@csj-emballages.com\"}]}]}<\/script>\n<!-- \/ Yoast SEO Premium plugin. -->","yoast_head_json":{"title":"L\u00edquido com sabor a baunilha - 50 ml","description":"Descubra o aroma l\u00edquido de baunilha 50 ml: um aroma tropical natural, f\u00e1cil de dosear e vers\u00e1til para as suas receitas doces e salgadas.","robots":{"index":"index","follow":"follow","max-snippet":"max-snippet:-1","max-image-preview":"max-image-preview:large","max-video-preview":"max-video-preview:-1"},"canonical":"https:\/\/www.csj-emballages.com\/pt-pt\/produit\/aroma-liquido-de-baunilha-50-ml\/","og_locale":"pt_PT","og_type":"article","og_title":"Aroma l\u00edquido de baunilha 50 ml","og_description":"Descubra o aroma l\u00edquido de baunilha 50 ml: um aroma tropical natural, f\u00e1cil de dosear e vers\u00e1til para as suas receitas doces e salgadas.","og_url":"https:\/\/www.csj-emballages.com\/pt-pt\/produit\/aroma-liquido-de-baunilha-50-ml\/","og_site_name":"CSJ Emballages","article_publisher":"https:\/\/www.facebook.com\/csjemballages","article_modified_time":"2026-04-15T00:10:36+00:00","og_image":[{"width":800,"height":799,"url":"https:\/\/www.csj-emballages.com\/wp-content\/uploads\/2024\/12\/Arome-vanille.webp","type":"image\/webp"}],"twitter_card":"summary_large_image","twitter_misc":{"Tempo estimado de leitura":"4 minutos"},"schema":{"@context":"https:\/\/schema.org","@graph":[{"@type":"WebPage","@id":"https:\/\/www.csj-emballages.com\/pt-pt\/produit\/aroma-liquido-de-baunilha-50-ml\/","url":"https:\/\/www.csj-emballages.com\/pt-pt\/produit\/aroma-liquido-de-baunilha-50-ml\/","name":"L\u00edquido com sabor a baunilha - 50 ml","isPartOf":{"@id":"https:\/\/www.csj-emballages.com\/pt-pt\/#website"},"primaryImageOfPage":{"@id":"https:\/\/www.csj-emballages.com\/pt-pt\/produit\/aroma-liquido-de-baunilha-50-ml\/#primaryimage"},"image":{"@id":"https:\/\/www.csj-emballages.com\/pt-pt\/produit\/aroma-liquido-de-baunilha-50-ml\/#primaryimage"},"thumbnailUrl":"https:\/\/www.csj-emballages.com\/wp-content\/uploads\/2024\/12\/Arome-vanille.webp","datePublished":"2024-12-19T01:18:43+00:00","dateModified":"2026-04-15T00:10:36+00:00","description":"Descubra o aroma l\u00edquido de baunilha 50 ml: um aroma tropical natural, f\u00e1cil de dosear e vers\u00e1til para as suas receitas doces e salgadas.","breadcrumb":{"@id":"https:\/\/www.csj-emballages.com\/pt-pt\/produit\/aroma-liquido-de-baunilha-50-ml\/#breadcrumb"},"inLanguage":"pt-PT","potentialAction":[{"@type":"ReadAction","target":["https:\/\/www.csj-emballages.com\/pt-pt\/produit\/aroma-liquido-de-baunilha-50-ml\/"]}]},{"@type":"ImageObject","inLanguage":"pt-PT","@id":"https:\/\/www.csj-emballages.com\/pt-pt\/produit\/aroma-liquido-de-baunilha-50-ml\/#primaryimage","url":"https:\/\/www.csj-emballages.com\/wp-content\/uploads\/2024\/12\/Arome-vanille.webp","contentUrl":"https:\/\/www.csj-emballages.com\/wp-content\/uploads\/2024\/12\/Arome-vanille.webp","width":800,"height":799,"caption":"Ar\u00f4me liquide vanille"},{"@type":"BreadcrumbList","@id":"https:\/\/www.csj-emballages.com\/pt-pt\/produit\/aroma-liquido-de-baunilha-50-ml\/#breadcrumb","itemListElement":[{"@type":"ListItem","position":1,"name":"Acolhimento","item":"https:\/\/www.csj-emballages.com\/pt-pt\/universo-das-embalagens-alimentares\/"},{"@type":"ListItem","position":2,"name":"Shop","item":"https:\/\/www.csj-emballages.com\/shop\/"},{"@type":"ListItem","position":3,"name":"Aroma l\u00edquido de baunilha 50 ml"}]},{"@type":"WebSite","@id":"https:\/\/www.csj-emballages.com\/pt-pt\/#website","url":"https:\/\/www.csj-emballages.com\/pt-pt\/","name":"CSJ Emballages","description":"","publisher":{"@id":"https:\/\/www.csj-emballages.com\/pt-pt\/#organization"},"potentialAction":[{"@type":"SearchAction","target":{"@type":"EntryPoint","urlTemplate":"https:\/\/www.csj-emballages.com\/pt-pt\/?s={search_term_string}"},"query-input":{"@type":"PropertyValueSpecification","valueRequired":true,"valueName":"search_term_string"}}],"inLanguage":"pt-PT"},{"@type":"Organization","@id":"https:\/\/www.csj-emballages.com\/pt-pt\/#Organization\/","name":"CSJ Emballages","url":"https:\/\/www.csj-emballages.com\/pt-pt\/","logo":{"@type":"ImageObject","inLanguage":"pt-PT","@id":"https:\/\/www.csj-emballages.com\/pt-pt\/#\/schema\/logo\/image\/","url":"https:\/\/www.csj-emballages.com\/wp-content\/uploads\/2023\/10\/logo_csj.webp","contentUrl":"https:\/\/www.csj-emballages.com\/wp-content\/uploads\/2023\/10\/logo_csj.webp","width":250,"height":95,"caption":"CSJ Emballages"},"image":{"@id":"https:\/\/www.csj-emballages.com\/pt-pt\/#\/schema\/logo\/image\/"},"sameAs":["https:\/\/www.facebook.com\/csjemballages"],"address":{"@type":"PostalAddress","streetAddress":"ZI La Lechere","addressLocality":"Patornay","postalCode":"39130","addressCountry":"FR"},"contactPoint":[{"@type":"ContactPoint","contactType":"Service client","telephone":"0384254272","email":"contact@csj-emballages.com"}]}]}},"df_price":3.28,"df_sale_price":"","df_regular_price":3.28,"df_image_link":"https:\/\/www.csj-emballages.com\/wp-content\/uploads\/2024\/12\/Arome-vanille-300x300.webp","tiered_pricing_type":"fixed","tiered_pricing_fixed_rules":[],"tiered_pricing_percentage_rules":[],"tiered_pricing_minimum":1,"tiered_pricing_roles_data":[],"_links":{"self":[{"href":"https:\/\/www.csj-emballages.com\/pt-pt\/wp-json\/wp\/v2\/product\/226112","targetHints":{"allow":["GET"]}}],"collection":[{"href":"https:\/\/www.csj-emballages.com\/pt-pt\/wp-json\/wp\/v2\/product"}],"about":[{"href":"https:\/\/www.csj-emballages.com\/pt-pt\/wp-json\/wp\/v2\/types\/product"}],"wp:featuredmedia":[{"embeddable":true,"href":"https:\/\/www.csj-emballages.com\/pt-pt\/wp-json\/wp\/v2\/media\/218785"}],"wp:attachment":[{"href":"https:\/\/www.csj-emballages.com\/pt-pt\/wp-json\/wp\/v2\/media?parent=226112"}],"wp:term":[{"taxonomy":"product_brand","embeddable":true,"href":"https:\/\/www.csj-emballages.com\/pt-pt\/wp-json\/wp\/v2\/product_brand?post=226112"},{"taxonomy":"product_cat","embeddable":true,"href":"https:\/\/www.csj-emballages.com\/pt-pt\/wp-json\/wp\/v2\/product_cat?post=226112"},{"taxonomy":"product_tag","embeddable":true,"href":"https:\/\/www.csj-emballages.com\/pt-pt\/wp-json\/wp\/v2\/product_tag?post=226112"}],"curies":[{"name":"wp","href":"https:\/\/api.w.org\/{rel}","templated":true}]}}