{"id":226107,"date":"2024-12-19T02:18:34","date_gmt":"2024-12-19T01:18:34","guid":{"rendered":"https:\/\/www.csj-emballages.com\/produit\/aroma-liquido-de-morango-50-ml\/"},"modified":"2026-03-12T16:05:28","modified_gmt":"2026-03-12T15:05:28","slug":"aroma-liquido-de-morango-50-ml","status":"publish","type":"product","link":"https:\/\/www.csj-emballages.com\/pt-pt\/produit\/aroma-liquido-de-morango-50-ml\/","title":{"rendered":"Aroma l\u00edquido de morango 50 ml"},"content":{"rendered":"<h2>Aroma l\u00edquido<\/h2>\n<hr>\n<h3>Descri\u00e7\u00e3o do nosso aroma l\u00edquido de morango 50 ml<\/h3>\n<p><!--more--><\/p>\n<p>Descubra o nosso <strong>aromatizante l\u00edquido<\/strong> <strong>de morango<\/strong>, concebido para dar um sabor frutado e aut\u00eantico \u00e0s suas cria\u00e7\u00f5es culin\u00e1rias. Com o seu sabor suave e equilibrado, este aroma \u00e9 ideal para real\u00e7ar as suas sobremesas, bebidas e pastelaria. O seu formato <strong>de 50 ml<\/strong> \u00e9 pr\u00e1tico e econ\u00f3mico, perfeito para o uso di\u00e1rio em casa ou em cozinhas profissionais. A utiliza\u00e7\u00e3o deste <strong>aroma de morango<\/strong> \u00e9 desconcertantemente f\u00e1cil. Bastam algumas gotas para aromatizar os seus pratos e dar-lhes um toque gourmet. Adicione-o a gelados, batidos ou bolos para real\u00e7ar o sabor. Pode ser utilizado tanto em receitas doces como em cria\u00e7\u00f5es mais originais, como molhos ligeiramente doces para acompanhar pratos salgados. A sua dosagem f\u00e1cil e precisa garante sempre resultados perfeitos, sem desperd\u00edcio.       <\/p>\n<p>&nbsp;<\/p>\n<p><!--more--><\/p>\n<h4>Um aroma vers\u00e1til<\/h4>\n<p>Para al\u00e9m disso, este <strong>aroma l\u00edquido<\/strong> <strong>de morango<\/strong> \u00e9 muito vers\u00e1til. Pode ser utilizado em iogurtes caseiros, batidos ou mousses. Quer seja para ocasi\u00f5es especiais ou para enriquecer os seus pratos quotidianos, este aroma permite-lhe acrescentar facilmente uma nota fresca e frutada. Mistura-se perfeitamente sem alterar a textura ou a cor dos seus pratos, oferecendo um sabor que evoca o prazer dos morangos acabados de colher. Gra\u00e7as ao seu frasco herm\u00e9tico, este <strong>aroma de morango<\/strong> \u00e9 tamb\u00e9m f\u00e1cil de conservar. Feche-o ap\u00f3s cada utiliza\u00e7\u00e3o para manter a sua frescura e intensidade durante v\u00e1rios meses. Assim, pode apreci\u00e1-lo a longo prazo, tendo sempre \u00e0 m\u00e3o um produto pronto a utilizar para melhorar as suas receitas favoritas.      <\/p>\n<h3><\/h3>\n<p><!--more--><\/p>\n<h4>Sabor a morango para todos os gostos<\/h4>\n<p><strong>O sabor a morango<\/strong> mistura-se surpreendentemente bem com outros ingredientes, como o chocolate, a baunilha ou mesmo certas especiarias, tornando-o um produto vers\u00e1til e original. Este <strong>aroma l\u00edquido<\/strong> destaca-se tamb\u00e9m pela sua excelente rela\u00e7\u00e3o qualidade\/pre\u00e7o. Uma pequena quantidade \u00e9 suficiente para aromatizar uma grande quantidade de alimentos, tornando-o uma op\u00e7\u00e3o econ\u00f3mica para cozinheiros amadores e profissionais. O seu frasco compacto \u00e9 f\u00e1cil de manusear e de guardar, pelo que o ter\u00e1 sempre \u00e0 m\u00e3o sem encher os seus arm\u00e1rios.   <\/p>\n<p>Em suma,<strong>o aroma l\u00edquido<\/strong> de morango \u00e9 um produto simples, pr\u00e1tico e extremamente vers\u00e1til. Confere um toque frutado e natural a uma grande variedade de receitas, quer se trate de sobremesas cl\u00e1ssicas ou de pratos mais criativos. O frasco <strong>de 50<\/strong> ml \u00e9 f\u00e1cil de utilizar e de conservar, garantindo sempre um sabor fresco e delicado. Experimente j\u00e1 este <strong>sabor a morango<\/strong> e d\u00ea largas \u00e0 sua imagina\u00e7\u00e3o culin\u00e1ria.   <\/p>\n<p>&nbsp;<\/p>\n<p><!--more--><\/p>\n<p>Experimente hoje este <strong>sabor a morango<\/strong> e d\u00ea uma nova dimens\u00e3o \u00e0s suas receitas di\u00e1rias.<\/p>\n<p>&nbsp;<\/p>\n<p><!--more--><\/p>\n<h4>Vantagens:<\/h4>\n<ul>\n<li><strong>Sabor aut\u00eantico<\/strong>: reproduz fielmente o sabor doce e perfumado dos morangos.<\/li>\n<li><strong>F\u00e1cil de dosear<\/strong>: bastam algumas gotas para aromatizar os seus pratos sem exagerar.<\/li>\n<li><strong>Vers\u00e1til<\/strong>: perfeito para sobremesas, bebidas e receitas salgadas arrojadas.<\/li>\n<li><strong>Conserva\u00e7\u00e3o optimizada<\/strong>: garrafa herm\u00e9tica para preservar a frescura e a intensidade do aroma.<\/li>\n<\/ul>\n<p>&nbsp;<\/p>\n<p><!--more--><\/p>\n<h4>Outras informa\u00e7\u00f5es :<\/h4>\n<ul>\n<li><b>Altura: <\/b>115 mm<\/li>\n<li><strong>Embalagem<\/strong>: Por unidade<\/li>\n<li><strong>Volume<\/strong>: 50 ml<\/li>\n<li><b>Sabor : <\/b>Morango<\/li>\n<li><strong>Dosagem<\/strong>: 4g\/kg<\/li>\n<\/ul>\n<p>&nbsp;<\/p>\n<p><!--more--><\/p>\n<h4>Composi\u00e7\u00e3o:<\/h4>\n<ul>\n<li><strong>Xarope de a\u00e7\u00facar<\/strong> \/ <strong>\u00c1gua<\/strong> \/ <strong>Aroma de morango<\/strong><\/li>\n<\/ul>\n<p>&nbsp;<\/p>\n<p><!--more--><\/p>\n<p>Dispon\u00edvel em v\u00e1rios sabores: <span style=\"color: #d12727;\"><a style=\"color: #d12727;\" href=\"https:\/\/www.csj-emballages.com\/es\/produit\/aroma-liquido-de-azahar-1-litro\/\">Flor de laranjeira<\/a><\/span> \/ <span style=\"color: #d12727;\"><a style=\"color: #d12727;\" href=\"https:\/\/www.csj-emballages.com\/es\/produit\/pistacho-aroma-liquido-50-ml\/\">Pist\u00e1chio<\/a><\/span> \/ <span style=\"color: #d12727;\"><a style=\"color: #d12727;\" href=\"https:\/\/www.csj-emballages.com\/es\/produit\/aroma-de-cacao-liquido-50-ml\/\">Cacau<\/a><\/span> \/ <span style=\"color: #d12727;\"><a style=\"color: #d12727;\" href=\"https:\/\/www.csj-emballages.com\/es\/produit\/liquido-sabor-limon-50-ml\/\">Lim\u00e3o<\/a><\/span> \/ <span style=\"color: #d12727;\"><a style=\"color: #d12727;\" href=\"https:\/\/www.csj-emballages.com\/es\/produit\/aroma-liquido-de-vainilla-50-ml\/\">Baunilha<\/a><\/span> \/ <span style=\"color: #d12727;\"><a style=\"color: #d12727;\" href=\"https:\/\/www.csj-emballages.com\/es\/produit\/liquido-sabor-almendra-amarga-50-ml\/\">Am\u00eandoa amarga<\/a><\/span><\/p>\n<p>&nbsp;<\/p>\n<p><!--more--><\/p>\n<p><a href=\"https:\/\/www.csj-emballages.com\/pt-pt\/categorie-produit\/alimentacao-pt-pt\/pastelaria\/sabores-pt-pt\/\">Descubra o resto da nossa gama de sabores<\/a><\/p>\n","protected":false},"excerpt":{"rendered":"<p>Aroma l\u00edquido Descri\u00e7\u00e3o do nosso aroma l\u00edquido de morango 50 ml<\/p>\n","protected":false},"featured_media":219205,"template":"","meta":{"_acf_changed":false},"product_brand":[],"product_cat":[1151,9214,9229],"product_tag":[],"class_list":{"0":"post-226107","1":"product","2":"type-product","3":"status-publish","4":"has-post-thumbnail","6":"product_cat-alimentacao-pt-pt","7":"product_cat-pastelaria","8":"product_cat-sabores-pt-pt","10":"first","11":"instock","12":"taxable","13":"shipping-taxable","14":"purchasable","15":"product-type-simple"},"acf":[],"yoast_head":"<!-- This site is optimized with the Yoast SEO Premium plugin v26.6 (Yoast SEO v26.6) - https:\/\/yoast.com\/wordpress\/plugins\/seo\/ -->\n<title>L\u00edquido com sabor a morango - 50 ml<\/title>\n<meta name=\"description\" content=\"Descubra o aroma l\u00edquido de morango 50 ml: um aroma natural e vers\u00e1til para real\u00e7ar as suas receitas doces e salgadas. Formato pr\u00e1tico, f\u00e1cil de medir\" \/>\n<meta name=\"robots\" content=\"index, follow, max-snippet:-1, max-image-preview:large, max-video-preview:-1\" \/>\n<link rel=\"canonical\" href=\"https:\/\/www.csj-emballages.com\/pt-pt\/produit\/aroma-liquido-de-morango-50-ml\/\" \/>\n<meta property=\"og:locale\" content=\"pt_PT\" \/>\n<meta property=\"og:type\" content=\"article\" \/>\n<meta property=\"og:title\" content=\"Aroma l\u00edquido de morango 50 ml\" \/>\n<meta property=\"og:description\" content=\"Descubra o aroma l\u00edquido de morango 50 ml: um aroma natural e vers\u00e1til para real\u00e7ar as suas receitas doces e salgadas. Formato pr\u00e1tico, f\u00e1cil de medir\" \/>\n<meta property=\"og:url\" content=\"https:\/\/www.csj-emballages.com\/pt-pt\/produit\/aroma-liquido-de-morango-50-ml\/\" \/>\n<meta property=\"og:site_name\" content=\"CSJ Emballages\" \/>\n<meta property=\"article:publisher\" content=\"https:\/\/www.facebook.com\/csjemballages\" \/>\n<meta property=\"article:modified_time\" content=\"2026-03-12T15:05:28+00:00\" \/>\n<meta property=\"og:image\" content=\"https:\/\/www.csj-emballages.com\/wp-content\/uploads\/2024\/12\/Arome-fraise.webp\" \/>\n\t<meta property=\"og:image:width\" content=\"800\" \/>\n\t<meta property=\"og:image:height\" content=\"801\" \/>\n\t<meta property=\"og:image:type\" content=\"image\/webp\" \/>\n<meta name=\"twitter:card\" content=\"summary_large_image\" \/>\n<meta name=\"twitter:label1\" content=\"Tempo estimado de leitura\" \/>\n\t<meta name=\"twitter:data1\" content=\"3 minutos\" \/>\n<script type=\"application\/ld+json\" class=\"yoast-schema-graph\">{\"@context\":\"https:\/\/schema.org\",\"@graph\":[{\"@type\":\"WebPage\",\"@id\":\"https:\/\/www.csj-emballages.com\/pt-pt\/produit\/aroma-liquido-de-morango-50-ml\/\",\"url\":\"https:\/\/www.csj-emballages.com\/pt-pt\/produit\/aroma-liquido-de-morango-50-ml\/\",\"name\":\"L\u00edquido com sabor a morango - 50 ml\",\"isPartOf\":{\"@id\":\"https:\/\/www.csj-emballages.com\/pt-pt\/#website\"},\"primaryImageOfPage\":{\"@id\":\"https:\/\/www.csj-emballages.com\/pt-pt\/produit\/aroma-liquido-de-morango-50-ml\/#primaryimage\"},\"image\":{\"@id\":\"https:\/\/www.csj-emballages.com\/pt-pt\/produit\/aroma-liquido-de-morango-50-ml\/#primaryimage\"},\"thumbnailUrl\":\"https:\/\/www.csj-emballages.com\/wp-content\/uploads\/2024\/12\/Arome-fraise.webp\",\"datePublished\":\"2024-12-19T01:18:34+00:00\",\"dateModified\":\"2026-03-12T15:05:28+00:00\",\"description\":\"Descubra o aroma l\u00edquido de morango 50 ml: um aroma natural e vers\u00e1til para real\u00e7ar as suas receitas doces e salgadas. Formato pr\u00e1tico, f\u00e1cil de medir\",\"breadcrumb\":{\"@id\":\"https:\/\/www.csj-emballages.com\/pt-pt\/produit\/aroma-liquido-de-morango-50-ml\/#breadcrumb\"},\"inLanguage\":\"pt-PT\",\"potentialAction\":[{\"@type\":\"ReadAction\",\"target\":[\"https:\/\/www.csj-emballages.com\/pt-pt\/produit\/aroma-liquido-de-morango-50-ml\/\"]}]},{\"@type\":\"ImageObject\",\"inLanguage\":\"pt-PT\",\"@id\":\"https:\/\/www.csj-emballages.com\/pt-pt\/produit\/aroma-liquido-de-morango-50-ml\/#primaryimage\",\"url\":\"https:\/\/www.csj-emballages.com\/wp-content\/uploads\/2024\/12\/Arome-fraise.webp\",\"contentUrl\":\"https:\/\/www.csj-emballages.com\/wp-content\/uploads\/2024\/12\/Arome-fraise.webp\",\"width\":800,\"height\":801,\"caption\":\"Ar\u00f4me liquide fraise\"},{\"@type\":\"BreadcrumbList\",\"@id\":\"https:\/\/www.csj-emballages.com\/pt-pt\/produit\/aroma-liquido-de-morango-50-ml\/#breadcrumb\",\"itemListElement\":[{\"@type\":\"ListItem\",\"position\":1,\"name\":\"Acolhimento\",\"item\":\"https:\/\/www.csj-emballages.com\/pt-pt\/universo-das-embalagens-alimentares\/\"},{\"@type\":\"ListItem\",\"position\":2,\"name\":\"Shop\",\"item\":\"https:\/\/www.csj-emballages.com\/shop\/\"},{\"@type\":\"ListItem\",\"position\":3,\"name\":\"Aroma l\u00edquido de morango 50 ml\"}]},{\"@type\":\"WebSite\",\"@id\":\"https:\/\/www.csj-emballages.com\/pt-pt\/#website\",\"url\":\"https:\/\/www.csj-emballages.com\/pt-pt\/\",\"name\":\"CSJ Emballages\",\"description\":\"\",\"publisher\":{\"@id\":\"https:\/\/www.csj-emballages.com\/pt-pt\/#organization\"},\"potentialAction\":[{\"@type\":\"SearchAction\",\"target\":{\"@type\":\"EntryPoint\",\"urlTemplate\":\"https:\/\/www.csj-emballages.com\/pt-pt\/?s={search_term_string}\"},\"query-input\":{\"@type\":\"PropertyValueSpecification\",\"valueRequired\":true,\"valueName\":\"search_term_string\"}}],\"inLanguage\":\"pt-PT\"},{\"@type\":\"Organization\",\"@id\":\"https:\/\/www.csj-emballages.com\/pt-pt\/#Organization\/\",\"name\":\"CSJ Emballages\",\"url\":\"https:\/\/www.csj-emballages.com\/pt-pt\/\",\"logo\":{\"@type\":\"ImageObject\",\"inLanguage\":\"pt-PT\",\"@id\":\"https:\/\/www.csj-emballages.com\/pt-pt\/#\/schema\/logo\/image\/\",\"url\":\"https:\/\/www.csj-emballages.com\/wp-content\/uploads\/2023\/10\/logo_csj.webp\",\"contentUrl\":\"https:\/\/www.csj-emballages.com\/wp-content\/uploads\/2023\/10\/logo_csj.webp\",\"width\":250,\"height\":95,\"caption\":\"CSJ Emballages\"},\"image\":{\"@id\":\"https:\/\/www.csj-emballages.com\/pt-pt\/#\/schema\/logo\/image\/\"},\"sameAs\":[\"https:\/\/www.facebook.com\/csjemballages\"],\"address\":{\"@type\":\"PostalAddress\",\"streetAddress\":\"ZI La Lechere\",\"addressLocality\":\"Patornay\",\"postalCode\":\"39130\",\"addressCountry\":\"FR\"},\"contactPoint\":[{\"@type\":\"ContactPoint\",\"contactType\":\"Service client\",\"telephone\":\"0384254272\",\"email\":\"contact@csj-emballages.com\"}]}]}<\/script>\n<!-- \/ Yoast SEO Premium plugin. -->","yoast_head_json":{"title":"L\u00edquido com sabor a morango - 50 ml","description":"Descubra o aroma l\u00edquido de morango 50 ml: um aroma natural e vers\u00e1til para real\u00e7ar as suas receitas doces e salgadas. Formato pr\u00e1tico, f\u00e1cil de medir","robots":{"index":"index","follow":"follow","max-snippet":"max-snippet:-1","max-image-preview":"max-image-preview:large","max-video-preview":"max-video-preview:-1"},"canonical":"https:\/\/www.csj-emballages.com\/pt-pt\/produit\/aroma-liquido-de-morango-50-ml\/","og_locale":"pt_PT","og_type":"article","og_title":"Aroma l\u00edquido de morango 50 ml","og_description":"Descubra o aroma l\u00edquido de morango 50 ml: um aroma natural e vers\u00e1til para real\u00e7ar as suas receitas doces e salgadas. Formato pr\u00e1tico, f\u00e1cil de medir","og_url":"https:\/\/www.csj-emballages.com\/pt-pt\/produit\/aroma-liquido-de-morango-50-ml\/","og_site_name":"CSJ Emballages","article_publisher":"https:\/\/www.facebook.com\/csjemballages","article_modified_time":"2026-03-12T15:05:28+00:00","og_image":[{"width":800,"height":801,"url":"https:\/\/www.csj-emballages.com\/wp-content\/uploads\/2024\/12\/Arome-fraise.webp","type":"image\/webp"}],"twitter_card":"summary_large_image","twitter_misc":{"Tempo estimado de leitura":"3 minutos"},"schema":{"@context":"https:\/\/schema.org","@graph":[{"@type":"WebPage","@id":"https:\/\/www.csj-emballages.com\/pt-pt\/produit\/aroma-liquido-de-morango-50-ml\/","url":"https:\/\/www.csj-emballages.com\/pt-pt\/produit\/aroma-liquido-de-morango-50-ml\/","name":"L\u00edquido com sabor a morango - 50 ml","isPartOf":{"@id":"https:\/\/www.csj-emballages.com\/pt-pt\/#website"},"primaryImageOfPage":{"@id":"https:\/\/www.csj-emballages.com\/pt-pt\/produit\/aroma-liquido-de-morango-50-ml\/#primaryimage"},"image":{"@id":"https:\/\/www.csj-emballages.com\/pt-pt\/produit\/aroma-liquido-de-morango-50-ml\/#primaryimage"},"thumbnailUrl":"https:\/\/www.csj-emballages.com\/wp-content\/uploads\/2024\/12\/Arome-fraise.webp","datePublished":"2024-12-19T01:18:34+00:00","dateModified":"2026-03-12T15:05:28+00:00","description":"Descubra o aroma l\u00edquido de morango 50 ml: um aroma natural e vers\u00e1til para real\u00e7ar as suas receitas doces e salgadas. Formato pr\u00e1tico, f\u00e1cil de medir","breadcrumb":{"@id":"https:\/\/www.csj-emballages.com\/pt-pt\/produit\/aroma-liquido-de-morango-50-ml\/#breadcrumb"},"inLanguage":"pt-PT","potentialAction":[{"@type":"ReadAction","target":["https:\/\/www.csj-emballages.com\/pt-pt\/produit\/aroma-liquido-de-morango-50-ml\/"]}]},{"@type":"ImageObject","inLanguage":"pt-PT","@id":"https:\/\/www.csj-emballages.com\/pt-pt\/produit\/aroma-liquido-de-morango-50-ml\/#primaryimage","url":"https:\/\/www.csj-emballages.com\/wp-content\/uploads\/2024\/12\/Arome-fraise.webp","contentUrl":"https:\/\/www.csj-emballages.com\/wp-content\/uploads\/2024\/12\/Arome-fraise.webp","width":800,"height":801,"caption":"Ar\u00f4me liquide fraise"},{"@type":"BreadcrumbList","@id":"https:\/\/www.csj-emballages.com\/pt-pt\/produit\/aroma-liquido-de-morango-50-ml\/#breadcrumb","itemListElement":[{"@type":"ListItem","position":1,"name":"Acolhimento","item":"https:\/\/www.csj-emballages.com\/pt-pt\/universo-das-embalagens-alimentares\/"},{"@type":"ListItem","position":2,"name":"Shop","item":"https:\/\/www.csj-emballages.com\/shop\/"},{"@type":"ListItem","position":3,"name":"Aroma l\u00edquido de morango 50 ml"}]},{"@type":"WebSite","@id":"https:\/\/www.csj-emballages.com\/pt-pt\/#website","url":"https:\/\/www.csj-emballages.com\/pt-pt\/","name":"CSJ Emballages","description":"","publisher":{"@id":"https:\/\/www.csj-emballages.com\/pt-pt\/#organization"},"potentialAction":[{"@type":"SearchAction","target":{"@type":"EntryPoint","urlTemplate":"https:\/\/www.csj-emballages.com\/pt-pt\/?s={search_term_string}"},"query-input":{"@type":"PropertyValueSpecification","valueRequired":true,"valueName":"search_term_string"}}],"inLanguage":"pt-PT"},{"@type":"Organization","@id":"https:\/\/www.csj-emballages.com\/pt-pt\/#Organization\/","name":"CSJ Emballages","url":"https:\/\/www.csj-emballages.com\/pt-pt\/","logo":{"@type":"ImageObject","inLanguage":"pt-PT","@id":"https:\/\/www.csj-emballages.com\/pt-pt\/#\/schema\/logo\/image\/","url":"https:\/\/www.csj-emballages.com\/wp-content\/uploads\/2023\/10\/logo_csj.webp","contentUrl":"https:\/\/www.csj-emballages.com\/wp-content\/uploads\/2023\/10\/logo_csj.webp","width":250,"height":95,"caption":"CSJ Emballages"},"image":{"@id":"https:\/\/www.csj-emballages.com\/pt-pt\/#\/schema\/logo\/image\/"},"sameAs":["https:\/\/www.facebook.com\/csjemballages"],"address":{"@type":"PostalAddress","streetAddress":"ZI La Lechere","addressLocality":"Patornay","postalCode":"39130","addressCountry":"FR"},"contactPoint":[{"@type":"ContactPoint","contactType":"Service client","telephone":"0384254272","email":"contact@csj-emballages.com"}]}]}},"df_price":2.43,"df_sale_price":"","df_regular_price":2.43,"df_image_link":"https:\/\/www.csj-emballages.com\/wp-content\/uploads\/2024\/12\/Arome-fraise-300x300.webp","tiered_pricing_type":"fixed","tiered_pricing_fixed_rules":[],"tiered_pricing_percentage_rules":[],"tiered_pricing_minimum":1,"tiered_pricing_roles_data":[],"_links":{"self":[{"href":"https:\/\/www.csj-emballages.com\/pt-pt\/wp-json\/wp\/v2\/product\/226107","targetHints":{"allow":["GET"]}}],"collection":[{"href":"https:\/\/www.csj-emballages.com\/pt-pt\/wp-json\/wp\/v2\/product"}],"about":[{"href":"https:\/\/www.csj-emballages.com\/pt-pt\/wp-json\/wp\/v2\/types\/product"}],"wp:featuredmedia":[{"embeddable":true,"href":"https:\/\/www.csj-emballages.com\/pt-pt\/wp-json\/wp\/v2\/media\/219205"}],"wp:attachment":[{"href":"https:\/\/www.csj-emballages.com\/pt-pt\/wp-json\/wp\/v2\/media?parent=226107"}],"wp:term":[{"taxonomy":"product_brand","embeddable":true,"href":"https:\/\/www.csj-emballages.com\/pt-pt\/wp-json\/wp\/v2\/product_brand?post=226107"},{"taxonomy":"product_cat","embeddable":true,"href":"https:\/\/www.csj-emballages.com\/pt-pt\/wp-json\/wp\/v2\/product_cat?post=226107"},{"taxonomy":"product_tag","embeddable":true,"href":"https:\/\/www.csj-emballages.com\/pt-pt\/wp-json\/wp\/v2\/product_tag?post=226107"}],"curies":[{"name":"wp","href":"https:\/\/api.w.org\/{rel}","templated":true}]}}