{"id":226097,"date":"2024-12-19T02:19:17","date_gmt":"2024-12-19T01:19:17","guid":{"rendered":"https:\/\/www.csj-emballages.com\/produit\/vagens-de-baunilha-bourbon-em-tubos-de-2\/"},"modified":"2026-03-18T02:10:21","modified_gmt":"2026-03-18T01:10:21","slug":"vagens-de-baunilha-bourbon-em-tubos-de-2","status":"publish","type":"product","link":"https:\/\/www.csj-emballages.com\/pt-pt\/produit\/vagens-de-baunilha-bourbon-em-tubos-de-2\/","title":{"rendered":"Vagens de baunilha Bourbon em tubos de 2"},"content":{"rendered":"<h2>Vagem de baunilha<\/h2>\n<hr>\n<h3>Descri\u00e7\u00e3o da nossa fava de baunilha Bourbon em tubos de 2<\/h3>\n<p><!--more--><\/p>\n<p data-start=\"254\" data-end=\"639\">Quando falamos de <strong>baunilha<\/strong>, falamos antes de mais nada de aroma, paci\u00eancia e prazer. Estas <strong data-start=\"343\" data-end=\"373\">vagens de baunilha Bourbon<\/strong>, cuidadosamente selecionadas e acondicionadas <strong data-start=\"420\" data-end=\"442\">em pares num tubo<\/strong>, representam exatamente isso. Logo ao abrir, libertam um odor quente e profundo que transforma instantaneamente as suas prepara\u00e7\u00f5es. Sentimos logo que n\u00e3o \u00e9 uma baunilha comum.   <\/p>\n<p data-start=\"641\" data-end=\"983\">Flex\u00edveis, bem pretas e brilhantes, estas vagens s\u00e3o f\u00e1ceis de trabalhar. Abre-as, raspa as sementes e a magia acontece. Integram-se tanto num <strong>creme de sobremesa<\/strong>, numa <strong>pastelaria caseira<\/strong>, num <strong>gelado artesanal<\/strong> ou at\u00e9 numa <strong>receita salgada<\/strong> um pouco audaciosa. Assim, cada prato ganha car\u00e1cter sem nunca ser enjoativo.   <\/p>\n<p data-start=\"985\" data-end=\"1280\">O <strong>tubo<\/strong> desempenha um papel essencial. <strong>Protege as vagens<\/strong>, preserva a sua frescura e evita que sequem. Da mesma forma, permite um armazenamento limpo e pr\u00e1tico, tanto numa cozinha profissional como em casa. Utiliza o que precisa e depois fecha, simplesmente.   <\/p>\n<p data-start=\"1282\" data-end=\"1597\">Este <strong>formato em pares<\/strong> \u00e9 ideal: nem demais, nem de menos. \u00c9 perfeito para restaurantes, pasteleiros, artes\u00e3os ou apaixonados por cozinha que procuram um produto aut\u00eantico, sem desperd\u00edcio. Ao escolher estas <strong>vagens de baunilha Bourbon<\/strong>, opta por uma baunilha expressiva, natural e cheia de nuances.  <\/p>\n<p data-start=\"1599\" data-end=\"1735\">Em resumo, \u00e9 um ingrediente que faz a diferen\u00e7a, aquele que notamos sem necessariamente saber porqu\u00ea\u2026 at\u00e9 \u00e0 primeira dentada.<\/p>\n<p data-start=\"1599\" data-end=\"1735\"><!--more--><\/p>\n<div class=\"min-h-8 text-message flex w-full flex-col items-end gap-2 whitespace-normal break-words text-start [.text-message+&amp;]:mt-5\" dir=\"auto\" data-message-author-role=\"assistant\" data-message-id=\"d5505132-ccae-4219-a1f8-f62fd3361021\" data-message-model-slug=\"gpt-4o-mini\">\n<div class=\"flex w-full flex-col gap-1 empty:hidden first:pt-[3px]\">\n<div class=\"markdown prose w-full break-words dark:prose-invert dark\">\n<p><span style=\"color: #ff0000;\"><strong>Data de durabilidade m\u00ednima ultrapassada (DLUO) 10\/2025<\/strong><\/span><\/p>\n<\/div>\n<\/div>\n<\/div>\n<p>&nbsp;<\/p>\n<p><!--more--><\/p>\n<h4>Vantagens :<\/h4>\n<ul>\n<li data-start=\"1763\" data-end=\"1790\"><strong>Aroma intenso<\/strong> e natural.<\/li>\n<li data-start=\"1793\" data-end=\"1831\"><strong>Vagens de baunilha<\/strong> flex\u00edveis e ricas em sementes.<\/li>\n<li data-start=\"1834\" data-end=\"1882\"><strong>Tubo<\/strong> pr\u00e1tico para uma melhor conserva\u00e7\u00e3o.<\/li>\n<li data-start=\"1885\" data-end=\"1923\">Formato ideal para uma utiliza\u00e7\u00e3o regular.<\/li>\n<li data-start=\"1926\" data-end=\"1969\">Adequado para receitas doces e salgadas.<\/li>\n<\/ul>\n<p>&nbsp;<\/p>\n<p><!--more--><\/p>\n<h4>Outras informa\u00e7\u00f5es :<\/h4>\n<ul>\n<li><strong>Acondicionamento<\/strong>: Tubo de 2 vagens<\/li>\n<li><b>Altura<\/b>: 15 cm<\/li>\n<li><b>Cor<\/b>: Castanho<\/li>\n<li><strong>Tipo<\/strong>: Baunilha de Bourbon<\/li>\n<\/ul>\n<p>&nbsp;<\/p>\n<p><!--more--><\/p>\n<p><a href=\"\/?product_cat=aromes-liquides\">Descubra o resto da nossa gama de sabores<\/a><\/p>\n","protected":false},"excerpt":{"rendered":"<p>Vagem de baunilha Descri\u00e7\u00e3o da nossa fava de baunilha Bourbon em tubos de 2<\/p>\n","protected":false},"featured_media":219438,"template":"","meta":{"_acf_changed":false},"product_brand":[],"product_cat":[1141,10242,1151,9214,9229,1447,1448],"product_tag":[],"class_list":{"0":"post-226097","1":"product","2":"type-product","3":"status-publish","4":"has-post-thumbnail","6":"product_cat-embalagem-de-alimentos","7":"product_cat-anti-desperdicio","8":"product_cat-alimentacao-pt-pt","9":"product_cat-pastelaria","10":"product_cat-sabores-pt-pt","11":"product_cat-especiarias","12":"product_cat-especiarias-simples","14":"first","15":"instock","16":"sale","17":"taxable","18":"shipping-taxable","19":"purchasable","20":"product-type-simple"},"acf":[],"yoast_head":"<!-- This site is optimized with the Yoast SEO Premium plugin v26.6 (Yoast SEO v26.6) - https:\/\/yoast.com\/wordpress\/plugins\/seo\/ -->\n<title>Tubo de favas de baunilha Bourbon, 2 unid.<\/title>\n<meta name=\"description\" content=\"Descubra as nossas vagens de baunilha Bourbon em tubo: aromas intensos e conserva\u00e7\u00e3o ideal. Perfeitas para real\u00e7ar todas as suas receitas doces ou salgadas!\" \/>\n<meta name=\"robots\" content=\"index, follow, max-snippet:-1, max-image-preview:large, max-video-preview:-1\" \/>\n<link rel=\"canonical\" href=\"https:\/\/www.csj-emballages.com\/pt-pt\/produit\/vagens-de-baunilha-bourbon-em-tubos-de-2\/\" \/>\n<meta property=\"og:locale\" content=\"pt_PT\" \/>\n<meta property=\"og:type\" content=\"article\" \/>\n<meta property=\"og:title\" content=\"Vagens de baunilha Bourbon em tubos de 2\" \/>\n<meta property=\"og:description\" content=\"Descubra as nossas vagens de baunilha Bourbon em tubo: aromas intensos e conserva\u00e7\u00e3o ideal. Perfeitas para real\u00e7ar todas as suas receitas doces ou salgadas!\" \/>\n<meta property=\"og:url\" content=\"https:\/\/www.csj-emballages.com\/pt-pt\/produit\/vagens-de-baunilha-bourbon-em-tubos-de-2\/\" \/>\n<meta property=\"og:site_name\" content=\"CSJ Emballages\" \/>\n<meta property=\"article:publisher\" content=\"https:\/\/www.facebook.com\/csjemballages\" \/>\n<meta property=\"article:modified_time\" content=\"2026-03-18T01:10:21+00:00\" \/>\n<meta property=\"og:image\" content=\"https:\/\/www.csj-emballages.com\/wp-content\/uploads\/2024\/12\/Gousse-de-vanille.webp\" \/>\n\t<meta property=\"og:image:width\" content=\"800\" \/>\n\t<meta property=\"og:image:height\" content=\"800\" \/>\n\t<meta property=\"og:image:type\" content=\"image\/webp\" \/>\n<meta name=\"twitter:card\" content=\"summary_large_image\" \/>\n<meta name=\"twitter:label1\" content=\"Tempo estimado de leitura\" \/>\n\t<meta name=\"twitter:data1\" content=\"1 minuto\" \/>\n<script type=\"application\/ld+json\" class=\"yoast-schema-graph\">{\"@context\":\"https:\/\/schema.org\",\"@graph\":[{\"@type\":\"WebPage\",\"@id\":\"https:\/\/www.csj-emballages.com\/pt-pt\/produit\/vagens-de-baunilha-bourbon-em-tubos-de-2\/\",\"url\":\"https:\/\/www.csj-emballages.com\/pt-pt\/produit\/vagens-de-baunilha-bourbon-em-tubos-de-2\/\",\"name\":\"Tubo de favas de baunilha Bourbon, 2 unid.\",\"isPartOf\":{\"@id\":\"https:\/\/www.csj-emballages.com\/pt-pt\/#website\"},\"primaryImageOfPage\":{\"@id\":\"https:\/\/www.csj-emballages.com\/pt-pt\/produit\/vagens-de-baunilha-bourbon-em-tubos-de-2\/#primaryimage\"},\"image\":{\"@id\":\"https:\/\/www.csj-emballages.com\/pt-pt\/produit\/vagens-de-baunilha-bourbon-em-tubos-de-2\/#primaryimage\"},\"thumbnailUrl\":\"https:\/\/www.csj-emballages.com\/wp-content\/uploads\/2024\/12\/Gousse-de-vanille.webp\",\"datePublished\":\"2024-12-19T01:19:17+00:00\",\"dateModified\":\"2026-03-18T01:10:21+00:00\",\"description\":\"Descubra as nossas vagens de baunilha Bourbon em tubo: aromas intensos e conserva\u00e7\u00e3o ideal. Perfeitas para real\u00e7ar todas as suas receitas doces ou salgadas!\",\"breadcrumb\":{\"@id\":\"https:\/\/www.csj-emballages.com\/pt-pt\/produit\/vagens-de-baunilha-bourbon-em-tubos-de-2\/#breadcrumb\"},\"inLanguage\":\"pt-PT\",\"potentialAction\":[{\"@type\":\"ReadAction\",\"target\":[\"https:\/\/www.csj-emballages.com\/pt-pt\/produit\/vagens-de-baunilha-bourbon-em-tubos-de-2\/\"]}]},{\"@type\":\"ImageObject\",\"inLanguage\":\"pt-PT\",\"@id\":\"https:\/\/www.csj-emballages.com\/pt-pt\/produit\/vagens-de-baunilha-bourbon-em-tubos-de-2\/#primaryimage\",\"url\":\"https:\/\/www.csj-emballages.com\/wp-content\/uploads\/2024\/12\/Gousse-de-vanille.webp\",\"contentUrl\":\"https:\/\/www.csj-emballages.com\/wp-content\/uploads\/2024\/12\/Gousse-de-vanille.webp\",\"width\":800,\"height\":800,\"caption\":\"gousse de vanille\"},{\"@type\":\"BreadcrumbList\",\"@id\":\"https:\/\/www.csj-emballages.com\/pt-pt\/produit\/vagens-de-baunilha-bourbon-em-tubos-de-2\/#breadcrumb\",\"itemListElement\":[{\"@type\":\"ListItem\",\"position\":1,\"name\":\"Acolhimento\",\"item\":\"https:\/\/www.csj-emballages.com\/pt-pt\/universo-das-embalagens-alimentares\/\"},{\"@type\":\"ListItem\",\"position\":2,\"name\":\"Shop\",\"item\":\"https:\/\/www.csj-emballages.com\/shop\/\"},{\"@type\":\"ListItem\",\"position\":3,\"name\":\"Vagens de baunilha Bourbon em tubos de 2\"}]},{\"@type\":\"WebSite\",\"@id\":\"https:\/\/www.csj-emballages.com\/pt-pt\/#website\",\"url\":\"https:\/\/www.csj-emballages.com\/pt-pt\/\",\"name\":\"CSJ Emballages\",\"description\":\"\",\"publisher\":{\"@id\":\"https:\/\/www.csj-emballages.com\/pt-pt\/#organization\"},\"potentialAction\":[{\"@type\":\"SearchAction\",\"target\":{\"@type\":\"EntryPoint\",\"urlTemplate\":\"https:\/\/www.csj-emballages.com\/pt-pt\/?s={search_term_string}\"},\"query-input\":{\"@type\":\"PropertyValueSpecification\",\"valueRequired\":true,\"valueName\":\"search_term_string\"}}],\"inLanguage\":\"pt-PT\"},{\"@type\":\"Organization\",\"@id\":\"https:\/\/www.csj-emballages.com\/pt-pt\/#Organization\/\",\"name\":\"CSJ Emballages\",\"url\":\"https:\/\/www.csj-emballages.com\/pt-pt\/\",\"logo\":{\"@type\":\"ImageObject\",\"inLanguage\":\"pt-PT\",\"@id\":\"https:\/\/www.csj-emballages.com\/pt-pt\/#\/schema\/logo\/image\/\",\"url\":\"https:\/\/www.csj-emballages.com\/wp-content\/uploads\/2023\/10\/logo_csj.webp\",\"contentUrl\":\"https:\/\/www.csj-emballages.com\/wp-content\/uploads\/2023\/10\/logo_csj.webp\",\"width\":250,\"height\":95,\"caption\":\"CSJ Emballages\"},\"image\":{\"@id\":\"https:\/\/www.csj-emballages.com\/pt-pt\/#\/schema\/logo\/image\/\"},\"sameAs\":[\"https:\/\/www.facebook.com\/csjemballages\"],\"address\":{\"@type\":\"PostalAddress\",\"streetAddress\":\"ZI La Lechere\",\"addressLocality\":\"Patornay\",\"postalCode\":\"39130\",\"addressCountry\":\"FR\"},\"contactPoint\":[{\"@type\":\"ContactPoint\",\"contactType\":\"Service client\",\"telephone\":\"0384254272\",\"email\":\"contact@csj-emballages.com\"}]}]}<\/script>\n<!-- \/ Yoast SEO Premium plugin. -->","yoast_head_json":{"title":"Tubo de favas de baunilha Bourbon, 2 unid.","description":"Descubra as nossas vagens de baunilha Bourbon em tubo: aromas intensos e conserva\u00e7\u00e3o ideal. Perfeitas para real\u00e7ar todas as suas receitas doces ou salgadas!","robots":{"index":"index","follow":"follow","max-snippet":"max-snippet:-1","max-image-preview":"max-image-preview:large","max-video-preview":"max-video-preview:-1"},"canonical":"https:\/\/www.csj-emballages.com\/pt-pt\/produit\/vagens-de-baunilha-bourbon-em-tubos-de-2\/","og_locale":"pt_PT","og_type":"article","og_title":"Vagens de baunilha Bourbon em tubos de 2","og_description":"Descubra as nossas vagens de baunilha Bourbon em tubo: aromas intensos e conserva\u00e7\u00e3o ideal. Perfeitas para real\u00e7ar todas as suas receitas doces ou salgadas!","og_url":"https:\/\/www.csj-emballages.com\/pt-pt\/produit\/vagens-de-baunilha-bourbon-em-tubos-de-2\/","og_site_name":"CSJ Emballages","article_publisher":"https:\/\/www.facebook.com\/csjemballages","article_modified_time":"2026-03-18T01:10:21+00:00","og_image":[{"width":800,"height":800,"url":"https:\/\/www.csj-emballages.com\/wp-content\/uploads\/2024\/12\/Gousse-de-vanille.webp","type":"image\/webp"}],"twitter_card":"summary_large_image","twitter_misc":{"Tempo estimado de leitura":"1 minuto"},"schema":{"@context":"https:\/\/schema.org","@graph":[{"@type":"WebPage","@id":"https:\/\/www.csj-emballages.com\/pt-pt\/produit\/vagens-de-baunilha-bourbon-em-tubos-de-2\/","url":"https:\/\/www.csj-emballages.com\/pt-pt\/produit\/vagens-de-baunilha-bourbon-em-tubos-de-2\/","name":"Tubo de favas de baunilha Bourbon, 2 unid.","isPartOf":{"@id":"https:\/\/www.csj-emballages.com\/pt-pt\/#website"},"primaryImageOfPage":{"@id":"https:\/\/www.csj-emballages.com\/pt-pt\/produit\/vagens-de-baunilha-bourbon-em-tubos-de-2\/#primaryimage"},"image":{"@id":"https:\/\/www.csj-emballages.com\/pt-pt\/produit\/vagens-de-baunilha-bourbon-em-tubos-de-2\/#primaryimage"},"thumbnailUrl":"https:\/\/www.csj-emballages.com\/wp-content\/uploads\/2024\/12\/Gousse-de-vanille.webp","datePublished":"2024-12-19T01:19:17+00:00","dateModified":"2026-03-18T01:10:21+00:00","description":"Descubra as nossas vagens de baunilha Bourbon em tubo: aromas intensos e conserva\u00e7\u00e3o ideal. Perfeitas para real\u00e7ar todas as suas receitas doces ou salgadas!","breadcrumb":{"@id":"https:\/\/www.csj-emballages.com\/pt-pt\/produit\/vagens-de-baunilha-bourbon-em-tubos-de-2\/#breadcrumb"},"inLanguage":"pt-PT","potentialAction":[{"@type":"ReadAction","target":["https:\/\/www.csj-emballages.com\/pt-pt\/produit\/vagens-de-baunilha-bourbon-em-tubos-de-2\/"]}]},{"@type":"ImageObject","inLanguage":"pt-PT","@id":"https:\/\/www.csj-emballages.com\/pt-pt\/produit\/vagens-de-baunilha-bourbon-em-tubos-de-2\/#primaryimage","url":"https:\/\/www.csj-emballages.com\/wp-content\/uploads\/2024\/12\/Gousse-de-vanille.webp","contentUrl":"https:\/\/www.csj-emballages.com\/wp-content\/uploads\/2024\/12\/Gousse-de-vanille.webp","width":800,"height":800,"caption":"gousse de vanille"},{"@type":"BreadcrumbList","@id":"https:\/\/www.csj-emballages.com\/pt-pt\/produit\/vagens-de-baunilha-bourbon-em-tubos-de-2\/#breadcrumb","itemListElement":[{"@type":"ListItem","position":1,"name":"Acolhimento","item":"https:\/\/www.csj-emballages.com\/pt-pt\/universo-das-embalagens-alimentares\/"},{"@type":"ListItem","position":2,"name":"Shop","item":"https:\/\/www.csj-emballages.com\/shop\/"},{"@type":"ListItem","position":3,"name":"Vagens de baunilha Bourbon em tubos de 2"}]},{"@type":"WebSite","@id":"https:\/\/www.csj-emballages.com\/pt-pt\/#website","url":"https:\/\/www.csj-emballages.com\/pt-pt\/","name":"CSJ Emballages","description":"","publisher":{"@id":"https:\/\/www.csj-emballages.com\/pt-pt\/#organization"},"potentialAction":[{"@type":"SearchAction","target":{"@type":"EntryPoint","urlTemplate":"https:\/\/www.csj-emballages.com\/pt-pt\/?s={search_term_string}"},"query-input":{"@type":"PropertyValueSpecification","valueRequired":true,"valueName":"search_term_string"}}],"inLanguage":"pt-PT"},{"@type":"Organization","@id":"https:\/\/www.csj-emballages.com\/pt-pt\/#Organization\/","name":"CSJ Emballages","url":"https:\/\/www.csj-emballages.com\/pt-pt\/","logo":{"@type":"ImageObject","inLanguage":"pt-PT","@id":"https:\/\/www.csj-emballages.com\/pt-pt\/#\/schema\/logo\/image\/","url":"https:\/\/www.csj-emballages.com\/wp-content\/uploads\/2023\/10\/logo_csj.webp","contentUrl":"https:\/\/www.csj-emballages.com\/wp-content\/uploads\/2023\/10\/logo_csj.webp","width":250,"height":95,"caption":"CSJ Emballages"},"image":{"@id":"https:\/\/www.csj-emballages.com\/pt-pt\/#\/schema\/logo\/image\/"},"sameAs":["https:\/\/www.facebook.com\/csjemballages"],"address":{"@type":"PostalAddress","streetAddress":"ZI La Lechere","addressLocality":"Patornay","postalCode":"39130","addressCountry":"FR"},"contactPoint":[{"@type":"ContactPoint","contactType":"Service client","telephone":"0384254272","email":"contact@csj-emballages.com"}]}]}},"df_price":6.24,"df_sale_price":6.24,"df_regular_price":8.91,"df_image_link":"https:\/\/www.csj-emballages.com\/wp-content\/uploads\/2024\/12\/Gousse-de-vanille-300x300.webp","tiered_pricing_type":"fixed","tiered_pricing_fixed_rules":[],"tiered_pricing_percentage_rules":[],"tiered_pricing_minimum":1,"tiered_pricing_roles_data":[],"_links":{"self":[{"href":"https:\/\/www.csj-emballages.com\/pt-pt\/wp-json\/wp\/v2\/product\/226097","targetHints":{"allow":["GET"]}}],"collection":[{"href":"https:\/\/www.csj-emballages.com\/pt-pt\/wp-json\/wp\/v2\/product"}],"about":[{"href":"https:\/\/www.csj-emballages.com\/pt-pt\/wp-json\/wp\/v2\/types\/product"}],"wp:featuredmedia":[{"embeddable":true,"href":"https:\/\/www.csj-emballages.com\/pt-pt\/wp-json\/wp\/v2\/media\/219438"}],"wp:attachment":[{"href":"https:\/\/www.csj-emballages.com\/pt-pt\/wp-json\/wp\/v2\/media?parent=226097"}],"wp:term":[{"taxonomy":"product_brand","embeddable":true,"href":"https:\/\/www.csj-emballages.com\/pt-pt\/wp-json\/wp\/v2\/product_brand?post=226097"},{"taxonomy":"product_cat","embeddable":true,"href":"https:\/\/www.csj-emballages.com\/pt-pt\/wp-json\/wp\/v2\/product_cat?post=226097"},{"taxonomy":"product_tag","embeddable":true,"href":"https:\/\/www.csj-emballages.com\/pt-pt\/wp-json\/wp\/v2\/product_tag?post=226097"}],"curies":[{"name":"wp","href":"https:\/\/api.w.org\/{rel}","templated":true}]}}