{"id":226093,"date":"2024-12-19T02:19:07","date_gmt":"2024-12-19T01:19:07","guid":{"rendered":"https:\/\/www.csj-emballages.com\/produit\/contas-de-prata-comestiveis-100-gr\/"},"modified":"2026-03-12T16:05:41","modified_gmt":"2026-03-12T15:05:41","slug":"contas-de-prata-comestiveis-100-gr","status":"publish","type":"product","link":"https:\/\/www.csj-emballages.com\/pt-pt\/produit\/contas-de-prata-comestiveis-100-gr\/","title":{"rendered":"Contas de prata comest\u00edveis 100 gr"},"content":{"rendered":"<h2>P\u00e9rolas comest\u00edveis<\/h2>\n<hr>\n<h3>Descri\u00e7\u00e3o das nossas p\u00e9rolas comest\u00edveis de prata 100 gr<\/h3>\n<p><!--more--><\/p>\n<p>As <strong>p\u00e9rolas comest\u00edveis<\/strong> <strong>prateadas 100g<\/strong> s\u00e3o uma excelente escolha para dar um toque delicado e requintado \u00e0s suas cria\u00e7\u00f5es culin\u00e1rias. Estas <strong>pequenas p\u00e9rolas<\/strong>, com o seu brilho prateado, proporcionam uma decora\u00e7\u00e3o simples mas eficaz para os seus bolos, cupcakes, biscoitos ou outras sobremesas. A sua cor <strong>prateada<\/strong> subtil combina bem com diferentes tipos de decora\u00e7\u00e3o, acrescentando um brilho suave e elegante. Quer seja um pasteleiro amador ou um profissional, estas p\u00e9rolas comest\u00edveis enriquecer\u00e3o as suas prepara\u00e7\u00f5es sem as exagerar.   <\/p>\n<p>Estas <strong>p\u00e9rolas comest\u00edveis<\/strong> s\u00e3o fabricadas com ingredientes de qualidade alimentar. S\u00e3o totalmente comest\u00edveis e cont\u00eam apenas produtos seguros para consumo. Assim, pode utiliz\u00e1-las com toda a tranquilidade, adicionando-as \u00e0s suas sobremesas ou simplesmente polvilhando-as sobre as suas cria\u00e7\u00f5es. N\u00e3o estragam o sabor dos seus pratos e conferem-lhes uma textura agrad\u00e1vel e um acabamento elegante.   <\/p>\n<p><strong>As p\u00e9rolas de prata comest\u00edveis<\/strong> s\u00e3o particularmente apreciadas pelo seu aspeto discreto mas atraente. N\u00e3o ocupam toda a aten\u00e7\u00e3o, mas acrescentam um brilho subtil que confere \u00e0s sobremesas um aspeto mais profissional e requintado. Perfeitas para ocasi\u00f5es especiais como anivers\u00e1rios, casamentos ou celebra\u00e7\u00f5es familiares, estas <strong>p\u00e9rolas<\/strong> dar\u00e3o o toque final aos seus preparativos.  <\/p>\n<h3><\/h3>\n<p><!--more--><\/p>\n<h3>Facilidade de utiliza\u00e7\u00e3o e versatilidade<\/h3>\n<p>Uma das grandes vantagens das <strong>p\u00e9rolas de prata comest\u00edveis<\/strong> \u00e9 a sua facilidade de utiliza\u00e7\u00e3o. Pode utiliz\u00e1-las de diferentes formas, consoante o estilo da sua decora\u00e7\u00e3o. Quer as polvilhe delicadamente sobre os seus cupcakes ou as introduza na massa antes da cozedura, elas podem ser facilmente incorporadas em todos os tipos de receitas. N\u00e3o s\u00e3o necess\u00e1rias t\u00e9cnicas complexas para obter um efeito visual espetacular &#8211; estas <strong>p\u00e9rolas comest\u00edveis<\/strong> s\u00e3o suficientes para embelezar as suas cria\u00e7\u00f5es.   <\/p>\n<p>S\u00e3o tamb\u00e9m muito vers\u00e1teis. <strong>As p\u00e9rolas de prata comest\u00edveis<\/strong> combinam bem com muitos tipos de sobremesas, desde bolos de chocolate e tartes de fruta a pastelaria cremosa. <strong>As p\u00e9rolas comest\u00edveis<\/strong> s\u00e3o tamb\u00e9m ideais para quem procura uma forma r\u00e1pida mas profissional de decorar. Gra\u00e7as \u00e0 sua facilidade de utiliza\u00e7\u00e3o, n\u00e3o precisa de passar horas a afinar os detalhes das suas decora\u00e7\u00f5es. Num piscar de olhos, as suas cria\u00e7\u00f5es ganhar\u00e3o um aspeto refinado e polido. Al\u00e9m disso, estas p\u00e9rolas s\u00e3o leves, o que significa que pode adicion\u00e1-las sem pesar nas suas sobremesas.     <\/p>\n<p>Em conclus\u00e3o, as <strong>p\u00e9rolas de prata comest\u00edveis<\/strong> <strong>de 100 g<\/strong> s\u00e3o a solu\u00e7\u00e3o ideal para quem deseja dar um toque de brilho \u00e0s suas cria\u00e7\u00f5es culin\u00e1rias. Gra\u00e7as \u00e0 sua facilidade de utiliza\u00e7\u00e3o e eleg\u00e2ncia discreta, s\u00e3o perfeitas para todos os tipos de sobremesas e eventos. <\/p>\n<p>&nbsp;<\/p>\n<p><!--more--><\/p>\n<h4>Vantagens:<\/h4>\n<ul>\n<li><strong>Decora\u00e7\u00e3o elegante e subtil<\/strong>: As <strong>p\u00e9rolas comest\u00edveis<\/strong> prateadas d\u00e3o um toque discreto de brilho.<\/li>\n<li><strong>F\u00e1cil de utilizar<\/strong>: estas <strong>p\u00e9rolas de prata comest\u00edveis<\/strong> s\u00e3o f\u00e1ceis de aplicar nos seus bolos, cupcakes e outras sobremesas, quer polvilhando-as ou inserindo-as na massa.<\/li>\n<li><strong>Seguran\u00e7a alimentar<\/strong>: S\u00e3o fabricados com ingredientes seguros para consumo.<\/li>\n<li><strong>Textura agrad\u00e1vel<\/strong>: Estas p\u00e9rolas conferem uma textura ligeira e um acabamento agrad\u00e1vel sem alterar o sabor dos seus pratos.<\/li>\n<\/ul>\n<p>&nbsp;<\/p>\n<p><!--more--><\/p>\n<h4>Outras informa\u00e7\u00f5es :<\/h4>\n<ul>\n<li><b>Di\u00e2metro: <\/b>5 mm<\/li>\n<li><strong>Embalagem<\/strong>: Embalagem de 100g<\/li>\n<li><b>Cor: <\/b>Prateado<\/li>\n<\/ul>\n<p>&nbsp;<\/p>\n<p><!--more--><\/p>\n<p>Produto dispon\u00edvel noutra cor : <span style=\"color: #d12727;\"><a style=\"color: #d12727;\" href=\"https:\/\/www.csj-emballages.com\/es\/produit\/perlas-comestibles-multicolores-100-gr\/\">Contas multicoloridas<\/a><\/span><\/p>\n<p>&nbsp;<\/p>\n<p><!--more--><\/p>\n<p><a href=\"\/?product_cat=aromes-liquides\">Descubra o resto da nossa gama de decora\u00e7\u00f5es comest\u00edveis<\/a><\/p>\n","protected":false},"excerpt":{"rendered":"<p>P\u00e9rolas comest\u00edveis Descri\u00e7\u00e3o das nossas p\u00e9rolas comest\u00edveis de prata 100 gr<\/p>\n","protected":false},"featured_media":219455,"template":"","meta":{"_acf_changed":false},"product_brand":[],"product_cat":[1151,9214,9235],"product_tag":[],"class_list":{"0":"post-226093","1":"product","2":"type-product","3":"status-publish","4":"has-post-thumbnail","6":"product_cat-alimentacao-pt-pt","7":"product_cat-pastelaria","8":"product_cat-decoracoes-comestiveis","10":"first","11":"instock","12":"taxable","13":"shipping-taxable","14":"purchasable","15":"product-type-simple"},"acf":[],"yoast_head":"<!-- This site is optimized with the Yoast SEO Premium plugin v26.6 (Yoast SEO v26.6) - https:\/\/yoast.com\/wordpress\/plugins\/seo\/ -->\n<title>Contas de prata comest\u00edveis 100 gr<\/title>\n<meta name=\"description\" content=\"D\u00ea um toque elegante \u00e0s suas sobremesas com as p\u00e9rolas comest\u00edveis prateadas. Elas conferem brilho e requinte \u00e0s suas cria\u00e7\u00f5es.\" \/>\n<meta name=\"robots\" content=\"index, follow, max-snippet:-1, max-image-preview:large, max-video-preview:-1\" \/>\n<link rel=\"canonical\" href=\"https:\/\/www.csj-emballages.com\/pt-pt\/produit\/contas-de-prata-comestiveis-100-gr\/\" \/>\n<meta property=\"og:locale\" content=\"pt_PT\" \/>\n<meta property=\"og:type\" content=\"article\" \/>\n<meta property=\"og:title\" content=\"Contas de prata comest\u00edveis 100 gr\" \/>\n<meta property=\"og:description\" content=\"D\u00ea um toque elegante \u00e0s suas sobremesas com as p\u00e9rolas comest\u00edveis prateadas. Elas conferem brilho e requinte \u00e0s suas cria\u00e7\u00f5es.\" \/>\n<meta property=\"og:url\" content=\"https:\/\/www.csj-emballages.com\/pt-pt\/produit\/contas-de-prata-comestiveis-100-gr\/\" \/>\n<meta property=\"og:site_name\" content=\"CSJ Emballages\" \/>\n<meta property=\"article:publisher\" content=\"https:\/\/www.facebook.com\/csjemballages\" \/>\n<meta property=\"article:modified_time\" content=\"2026-03-12T15:05:41+00:00\" \/>\n<meta property=\"og:image\" content=\"https:\/\/www.csj-emballages.com\/wp-content\/uploads\/2024\/12\/Perles-argentees.webp\" \/>\n\t<meta property=\"og:image:width\" content=\"800\" \/>\n\t<meta property=\"og:image:height\" content=\"800\" \/>\n\t<meta property=\"og:image:type\" content=\"image\/webp\" \/>\n<meta name=\"twitter:card\" content=\"summary_large_image\" \/>\n<meta name=\"twitter:label1\" content=\"Tempo estimado de leitura\" \/>\n\t<meta name=\"twitter:data1\" content=\"3 minutos\" \/>\n<script type=\"application\/ld+json\" class=\"yoast-schema-graph\">{\"@context\":\"https:\/\/schema.org\",\"@graph\":[{\"@type\":\"WebPage\",\"@id\":\"https:\/\/www.csj-emballages.com\/pt-pt\/produit\/contas-de-prata-comestiveis-100-gr\/\",\"url\":\"https:\/\/www.csj-emballages.com\/pt-pt\/produit\/contas-de-prata-comestiveis-100-gr\/\",\"name\":\"Contas de prata comest\u00edveis 100 gr\",\"isPartOf\":{\"@id\":\"https:\/\/www.csj-emballages.com\/pt-pt\/#website\"},\"primaryImageOfPage\":{\"@id\":\"https:\/\/www.csj-emballages.com\/pt-pt\/produit\/contas-de-prata-comestiveis-100-gr\/#primaryimage\"},\"image\":{\"@id\":\"https:\/\/www.csj-emballages.com\/pt-pt\/produit\/contas-de-prata-comestiveis-100-gr\/#primaryimage\"},\"thumbnailUrl\":\"https:\/\/www.csj-emballages.com\/wp-content\/uploads\/2024\/12\/Perles-argentees.webp\",\"datePublished\":\"2024-12-19T01:19:07+00:00\",\"dateModified\":\"2026-03-12T15:05:41+00:00\",\"description\":\"D\u00ea um toque elegante \u00e0s suas sobremesas com as p\u00e9rolas comest\u00edveis prateadas. Elas conferem brilho e requinte \u00e0s suas cria\u00e7\u00f5es.\",\"breadcrumb\":{\"@id\":\"https:\/\/www.csj-emballages.com\/pt-pt\/produit\/contas-de-prata-comestiveis-100-gr\/#breadcrumb\"},\"inLanguage\":\"pt-PT\",\"potentialAction\":[{\"@type\":\"ReadAction\",\"target\":[\"https:\/\/www.csj-emballages.com\/pt-pt\/produit\/contas-de-prata-comestiveis-100-gr\/\"]}]},{\"@type\":\"ImageObject\",\"inLanguage\":\"pt-PT\",\"@id\":\"https:\/\/www.csj-emballages.com\/pt-pt\/produit\/contas-de-prata-comestiveis-100-gr\/#primaryimage\",\"url\":\"https:\/\/www.csj-emballages.com\/wp-content\/uploads\/2024\/12\/Perles-argentees.webp\",\"contentUrl\":\"https:\/\/www.csj-emballages.com\/wp-content\/uploads\/2024\/12\/Perles-argentees.webp\",\"width\":800,\"height\":800,\"caption\":\"Perles argent\u00e9\"},{\"@type\":\"BreadcrumbList\",\"@id\":\"https:\/\/www.csj-emballages.com\/pt-pt\/produit\/contas-de-prata-comestiveis-100-gr\/#breadcrumb\",\"itemListElement\":[{\"@type\":\"ListItem\",\"position\":1,\"name\":\"Acolhimento\",\"item\":\"https:\/\/www.csj-emballages.com\/pt-pt\/universo-das-embalagens-alimentares\/\"},{\"@type\":\"ListItem\",\"position\":2,\"name\":\"Shop\",\"item\":\"https:\/\/www.csj-emballages.com\/shop\/\"},{\"@type\":\"ListItem\",\"position\":3,\"name\":\"Contas de prata comest\u00edveis 100 gr\"}]},{\"@type\":\"WebSite\",\"@id\":\"https:\/\/www.csj-emballages.com\/pt-pt\/#website\",\"url\":\"https:\/\/www.csj-emballages.com\/pt-pt\/\",\"name\":\"CSJ Emballages\",\"description\":\"\",\"publisher\":{\"@id\":\"https:\/\/www.csj-emballages.com\/pt-pt\/#organization\"},\"potentialAction\":[{\"@type\":\"SearchAction\",\"target\":{\"@type\":\"EntryPoint\",\"urlTemplate\":\"https:\/\/www.csj-emballages.com\/pt-pt\/?s={search_term_string}\"},\"query-input\":{\"@type\":\"PropertyValueSpecification\",\"valueRequired\":true,\"valueName\":\"search_term_string\"}}],\"inLanguage\":\"pt-PT\"},{\"@type\":\"Organization\",\"@id\":\"https:\/\/www.csj-emballages.com\/pt-pt\/#Organization\/\",\"name\":\"CSJ Emballages\",\"url\":\"https:\/\/www.csj-emballages.com\/pt-pt\/\",\"logo\":{\"@type\":\"ImageObject\",\"inLanguage\":\"pt-PT\",\"@id\":\"https:\/\/www.csj-emballages.com\/pt-pt\/#\/schema\/logo\/image\/\",\"url\":\"https:\/\/www.csj-emballages.com\/wp-content\/uploads\/2023\/10\/logo_csj.webp\",\"contentUrl\":\"https:\/\/www.csj-emballages.com\/wp-content\/uploads\/2023\/10\/logo_csj.webp\",\"width\":250,\"height\":95,\"caption\":\"CSJ Emballages\"},\"image\":{\"@id\":\"https:\/\/www.csj-emballages.com\/pt-pt\/#\/schema\/logo\/image\/\"},\"sameAs\":[\"https:\/\/www.facebook.com\/csjemballages\"],\"address\":{\"@type\":\"PostalAddress\",\"streetAddress\":\"ZI La Lechere\",\"addressLocality\":\"Patornay\",\"postalCode\":\"39130\",\"addressCountry\":\"FR\"},\"contactPoint\":[{\"@type\":\"ContactPoint\",\"contactType\":\"Service client\",\"telephone\":\"0384254272\",\"email\":\"contact@csj-emballages.com\"}]}]}<\/script>\n<!-- \/ Yoast SEO Premium plugin. -->","yoast_head_json":{"title":"Contas de prata comest\u00edveis 100 gr","description":"D\u00ea um toque elegante \u00e0s suas sobremesas com as p\u00e9rolas comest\u00edveis prateadas. Elas conferem brilho e requinte \u00e0s suas cria\u00e7\u00f5es.","robots":{"index":"index","follow":"follow","max-snippet":"max-snippet:-1","max-image-preview":"max-image-preview:large","max-video-preview":"max-video-preview:-1"},"canonical":"https:\/\/www.csj-emballages.com\/pt-pt\/produit\/contas-de-prata-comestiveis-100-gr\/","og_locale":"pt_PT","og_type":"article","og_title":"Contas de prata comest\u00edveis 100 gr","og_description":"D\u00ea um toque elegante \u00e0s suas sobremesas com as p\u00e9rolas comest\u00edveis prateadas. Elas conferem brilho e requinte \u00e0s suas cria\u00e7\u00f5es.","og_url":"https:\/\/www.csj-emballages.com\/pt-pt\/produit\/contas-de-prata-comestiveis-100-gr\/","og_site_name":"CSJ Emballages","article_publisher":"https:\/\/www.facebook.com\/csjemballages","article_modified_time":"2026-03-12T15:05:41+00:00","og_image":[{"width":800,"height":800,"url":"https:\/\/www.csj-emballages.com\/wp-content\/uploads\/2024\/12\/Perles-argentees.webp","type":"image\/webp"}],"twitter_card":"summary_large_image","twitter_misc":{"Tempo estimado de leitura":"3 minutos"},"schema":{"@context":"https:\/\/schema.org","@graph":[{"@type":"WebPage","@id":"https:\/\/www.csj-emballages.com\/pt-pt\/produit\/contas-de-prata-comestiveis-100-gr\/","url":"https:\/\/www.csj-emballages.com\/pt-pt\/produit\/contas-de-prata-comestiveis-100-gr\/","name":"Contas de prata comest\u00edveis 100 gr","isPartOf":{"@id":"https:\/\/www.csj-emballages.com\/pt-pt\/#website"},"primaryImageOfPage":{"@id":"https:\/\/www.csj-emballages.com\/pt-pt\/produit\/contas-de-prata-comestiveis-100-gr\/#primaryimage"},"image":{"@id":"https:\/\/www.csj-emballages.com\/pt-pt\/produit\/contas-de-prata-comestiveis-100-gr\/#primaryimage"},"thumbnailUrl":"https:\/\/www.csj-emballages.com\/wp-content\/uploads\/2024\/12\/Perles-argentees.webp","datePublished":"2024-12-19T01:19:07+00:00","dateModified":"2026-03-12T15:05:41+00:00","description":"D\u00ea um toque elegante \u00e0s suas sobremesas com as p\u00e9rolas comest\u00edveis prateadas. Elas conferem brilho e requinte \u00e0s suas cria\u00e7\u00f5es.","breadcrumb":{"@id":"https:\/\/www.csj-emballages.com\/pt-pt\/produit\/contas-de-prata-comestiveis-100-gr\/#breadcrumb"},"inLanguage":"pt-PT","potentialAction":[{"@type":"ReadAction","target":["https:\/\/www.csj-emballages.com\/pt-pt\/produit\/contas-de-prata-comestiveis-100-gr\/"]}]},{"@type":"ImageObject","inLanguage":"pt-PT","@id":"https:\/\/www.csj-emballages.com\/pt-pt\/produit\/contas-de-prata-comestiveis-100-gr\/#primaryimage","url":"https:\/\/www.csj-emballages.com\/wp-content\/uploads\/2024\/12\/Perles-argentees.webp","contentUrl":"https:\/\/www.csj-emballages.com\/wp-content\/uploads\/2024\/12\/Perles-argentees.webp","width":800,"height":800,"caption":"Perles argent\u00e9"},{"@type":"BreadcrumbList","@id":"https:\/\/www.csj-emballages.com\/pt-pt\/produit\/contas-de-prata-comestiveis-100-gr\/#breadcrumb","itemListElement":[{"@type":"ListItem","position":1,"name":"Acolhimento","item":"https:\/\/www.csj-emballages.com\/pt-pt\/universo-das-embalagens-alimentares\/"},{"@type":"ListItem","position":2,"name":"Shop","item":"https:\/\/www.csj-emballages.com\/shop\/"},{"@type":"ListItem","position":3,"name":"Contas de prata comest\u00edveis 100 gr"}]},{"@type":"WebSite","@id":"https:\/\/www.csj-emballages.com\/pt-pt\/#website","url":"https:\/\/www.csj-emballages.com\/pt-pt\/","name":"CSJ Emballages","description":"","publisher":{"@id":"https:\/\/www.csj-emballages.com\/pt-pt\/#organization"},"potentialAction":[{"@type":"SearchAction","target":{"@type":"EntryPoint","urlTemplate":"https:\/\/www.csj-emballages.com\/pt-pt\/?s={search_term_string}"},"query-input":{"@type":"PropertyValueSpecification","valueRequired":true,"valueName":"search_term_string"}}],"inLanguage":"pt-PT"},{"@type":"Organization","@id":"https:\/\/www.csj-emballages.com\/pt-pt\/#Organization\/","name":"CSJ Emballages","url":"https:\/\/www.csj-emballages.com\/pt-pt\/","logo":{"@type":"ImageObject","inLanguage":"pt-PT","@id":"https:\/\/www.csj-emballages.com\/pt-pt\/#\/schema\/logo\/image\/","url":"https:\/\/www.csj-emballages.com\/wp-content\/uploads\/2023\/10\/logo_csj.webp","contentUrl":"https:\/\/www.csj-emballages.com\/wp-content\/uploads\/2023\/10\/logo_csj.webp","width":250,"height":95,"caption":"CSJ Emballages"},"image":{"@id":"https:\/\/www.csj-emballages.com\/pt-pt\/#\/schema\/logo\/image\/"},"sameAs":["https:\/\/www.facebook.com\/csjemballages"],"address":{"@type":"PostalAddress","streetAddress":"ZI La Lechere","addressLocality":"Patornay","postalCode":"39130","addressCountry":"FR"},"contactPoint":[{"@type":"ContactPoint","contactType":"Service client","telephone":"0384254272","email":"contact@csj-emballages.com"}]}]}},"df_price":3.98,"df_sale_price":"","df_regular_price":3.98,"df_image_link":"https:\/\/www.csj-emballages.com\/wp-content\/uploads\/2024\/12\/Perles-argentees-300x300.webp","tiered_pricing_type":"fixed","tiered_pricing_fixed_rules":[],"tiered_pricing_percentage_rules":[],"tiered_pricing_minimum":1,"tiered_pricing_roles_data":[],"_links":{"self":[{"href":"https:\/\/www.csj-emballages.com\/pt-pt\/wp-json\/wp\/v2\/product\/226093","targetHints":{"allow":["GET"]}}],"collection":[{"href":"https:\/\/www.csj-emballages.com\/pt-pt\/wp-json\/wp\/v2\/product"}],"about":[{"href":"https:\/\/www.csj-emballages.com\/pt-pt\/wp-json\/wp\/v2\/types\/product"}],"wp:featuredmedia":[{"embeddable":true,"href":"https:\/\/www.csj-emballages.com\/pt-pt\/wp-json\/wp\/v2\/media\/219455"}],"wp:attachment":[{"href":"https:\/\/www.csj-emballages.com\/pt-pt\/wp-json\/wp\/v2\/media?parent=226093"}],"wp:term":[{"taxonomy":"product_brand","embeddable":true,"href":"https:\/\/www.csj-emballages.com\/pt-pt\/wp-json\/wp\/v2\/product_brand?post=226093"},{"taxonomy":"product_cat","embeddable":true,"href":"https:\/\/www.csj-emballages.com\/pt-pt\/wp-json\/wp\/v2\/product_cat?post=226093"},{"taxonomy":"product_tag","embeddable":true,"href":"https:\/\/www.csj-emballages.com\/pt-pt\/wp-json\/wp\/v2\/product_tag?post=226093"}],"curies":[{"name":"wp","href":"https:\/\/api.w.org\/{rel}","templated":true}]}}