{"id":226082,"date":"2024-12-19T02:18:46","date_gmt":"2024-12-19T01:18:46","guid":{"rendered":"https:\/\/www.csj-emballages.com\/produit\/aroma-liquido-de-flor-de-laranjeira-1-litro\/"},"modified":"2026-04-17T02:10:44","modified_gmt":"2026-04-17T00:10:44","slug":"aroma-liquido-de-flor-de-laranjeira-1-litro","status":"publish","type":"product","link":"https:\/\/www.csj-emballages.com\/pt-pt\/produit\/aroma-liquido-de-flor-de-laranjeira-1-litro\/","title":{"rendered":"Aroma l\u00edquido de flor de laranjeira 1 litro"},"content":{"rendered":"<h2>Aroma l\u00edquido<\/h2>\n<hr>\n<h3>Descri\u00e7\u00e3o do nosso aroma l\u00edquido de flor de laranjeira 1000 ml<\/h3>\n<p><!--more--><\/p>\n<div class=\"flex-1 overflow-hidden @container\/thread\">\n<div class=\"h-full\">\n<div class=\"react-scroll-to-bottom--css-xispg-79elbk h-full\">\n<div class=\"react-scroll-to-bottom--css-xispg-1n7m0yu\">\n<div class=\"flex flex-col text-sm md:pb-9\">\n<article class=\"w-full scroll-mb-[var(--thread-trailing-height,150px)] text-token-text-primary focus-visible:outline-2 focus-visible:outline-offset-[-4px]\" dir=\"auto\" data-testid=\"conversation-turn-15\" data-scroll-anchor=\"true\">\n<div class=\"m-auto text-base py-[18px] px-3 md:px-4 w-full md:px-5 lg:px-4 xl:px-5\">\n<div class=\"mx-auto flex flex-1 gap-4 text-base md:gap-5 lg:gap-6 md:max-w-3xl lg:max-w-[40rem] xl:max-w-[48rem]\">\n<div class=\"group\/conversation-turn relative flex w-full min-w-0 flex-col agent-turn\">\n<div class=\"flex-col gap-1 md:gap-3\">\n<div class=\"flex max-w-full flex-col flex-grow\">\n<div class=\"min-h-8 text-message flex w-full flex-col items-end gap-2 whitespace-normal break-words text-start [.text-message+&amp;]:mt-5\" dir=\"auto\" data-message-author-role=\"assistant\" data-message-id=\"d5505132-ccae-4219-a1f8-f62fd3361021\" data-message-model-slug=\"gpt-4o-mini\">\n<div class=\"flex w-full flex-col gap-1 empty:hidden first:pt-[3px]\">\n<div class=\"markdown prose w-full break-words dark:prose-invert dark\">\n<p>Descubra o nosso <strong>aroma l\u00edquido<\/strong> com a doce e delicada fragr\u00e2ncia de <strong>flor de laranjeira<\/strong>. Este produto foi concebido para adicionar uma nota floral leve e subtil \u00e0s suas receitas, mantendo-se fiel \u00e0 ess\u00eancia natural da flor. Com o seu formato generoso de 1000 ml, \u00e9 perfeito para profissionais de cozinha, pasteleiros ou entusiastas da culin\u00e1ria caseira. Gra\u00e7as \u00e0 sua simplicidade de utiliza\u00e7\u00e3o, permite-lhe adicionar um toque refinado \u00e0s suas cria\u00e7\u00f5es sem esfor\u00e7o. Este <strong>aroma l\u00edquido<\/strong> de <strong>flor de laranjeira<\/strong> \u00e9 extremamente vers\u00e1til. Pode ser utilizado para aromatizar uma grande variedade de pratos, sobremesas e bebidas. Algumas gotas s\u00e3o suficientes para proporcionar uma nota floral agrad\u00e1vel e relaxante. Al\u00e9m disso, o seu aroma leve e subtil real\u00e7a cada receita sem dominar os outros sabores. Na pastelaria, \u00e9 ideal para aromatizar brioches, madeleines ou financiers.        <\/p>\n<\/div>\n<\/div>\n<\/div>\n<p>&nbsp;<\/p>\n<div class=\"min-h-8 text-message flex w-full flex-col items-end gap-2 whitespace-normal break-words text-start [.text-message+&amp;]:mt-5\" dir=\"auto\" data-message-author-role=\"assistant\" data-message-id=\"d5505132-ccae-4219-a1f8-f62fd3361021\" data-message-model-slug=\"gpt-4o-mini\">\n<div class=\"flex w-full flex-col gap-1 empty:hidden first:pt-[3px]\">\n<div class=\"markdown prose w-full break-words dark:prose-invert dark\">\n<p><!--more--><\/p>\n<h4>Utiliza\u00e7\u00e3o pr\u00e1tica e econ\u00f3mica<\/h4>\n<p>Uma das grandes vantagens deste <strong>aroma de flor de laranjeira<\/strong> \u00e9 a sua facilidade de utiliza\u00e7\u00e3o. O seu formato de <strong>1000 ml<\/strong> permite a sua utiliza\u00e7\u00e3o em grandes quantidades, ideal para os profissionais que preparam regularmente receitas que requerem este ingrediente. O frasco tem uma tampa pr\u00e1tica que permite medir com exatid\u00e3o, evitando desperd\u00edcios. Uma pequena quantidade \u00e9 geralmente suficiente para obter a fragr\u00e2ncia desejada, pelo que pode utilizar este produto durante todo o ano.   <\/p>\n<p>Este <strong>aroma l\u00edquido<\/strong> \u00e9 tamb\u00e9m muito apreciado pela sua versatilidade. Pode utiliz\u00e1-lo nas suas receitas de culin\u00e1ria doce ou salgada. Por exemplo, pode ser adicionado a molhos para acompanhar pratos mediterr\u00e2nicos ou orientais. O seu perfume delicado combina perfeitamente com ingredientes como citrinos, mel, am\u00eandoas ou frutos secos. Em pastelaria, confere uma dimens\u00e3o adicional a receitas simples como madeleines, bolos ou p\u00e3o de l\u00f3. Em resumo, este produto \u00e9 um verdadeiro trunfo para enriquecer as suas receitas habituais com novos sabores.     <\/p>\n<h3><\/h3>\n<\/div>\n<\/div>\n<\/div>\n<\/div>\n<\/div>\n<\/div>\n<\/div>\n<\/div>\n<\/article>\n<\/div>\n<\/div>\n<\/div>\n<\/div>\n<\/div>\n<p><!--more--><\/p>\n<p><span style=\"color: #ff0000;\"><strong>Data ultrapassada (DLUO) 06\/2025<\/strong><\/span><\/p>\n<p>&nbsp;<\/p>\n<p><!--more--><\/p>\n<h4>Vantagens :<\/h4>\n<ul>\n<li>O <strong>aroma l\u00edquido<\/strong> de flor de laranjeira oferece uma fragr\u00e2ncia subtil e agrad\u00e1vel, ideal para aromatizar as suas receitas.<\/li>\n<li>Perfeito para uma variedade de prepara\u00e7\u00f5es doces e salgadas, incluindo pastelaria, molhos e bebidas.<\/li>\n<li>O frasco de 1000 ml \u00e9 adequado para profissionais ou entusiastas de culin\u00e1ria.<\/li>\n<li>A tampa herm\u00e9tica garante uma conserva\u00e7\u00e3o ideal e uma frescura prolongada.<\/li>\n<\/ul>\n<p>&nbsp;<\/p>\n<p><!--more--><\/p>\n<h4>Outras informa\u00e7\u00f5es :<\/h4>\n<ul>\n<li><b>Altura: <\/b>300 mm<\/li>\n<li><strong>Embalagem<\/strong>: Por unidade<\/li>\n<li><strong>Volume<\/strong>: 1000 ml<\/li>\n<li>Aroma<b>: <\/b>Flor de laranjeira<\/li>\n<li><strong>Dosagem<\/strong>: 20g\/kg<\/li>\n<\/ul>\n<p>&nbsp;<\/p>\n<p><!--more--><\/p>\n<h4>Composi\u00e7\u00e3o:<\/h4>\n<ul>\n<li><strong>\u00c1gua<\/strong> \/ <strong>Aroma natural de flor de laranjeira \/ Aroma de flor de laranjeira<\/strong><\/li>\n<\/ul>\n<p>&nbsp;<\/p>\n<p><!--more--><\/p>\n<p>Dispon\u00edvel em v\u00e1rios sabores: <span style=\"color: #d12727;\"><a style=\"color: #d12727;\" href=\"https:\/\/www.csj-emballages.com\/pt-pt\/produit\/sabor-a-cafe-liquido-50-ml\/\">Caf\u00e9<\/a><\/span> \/ <span style=\"color: #d12727;\"><a style=\"color: #d12727;\" href=\"https:\/\/www.csj-emballages.com\/pt-pt\/produit\/aroma-liquido-de-baunilha-50-ml\/\">Baunilha<\/a><\/span> \/ <span style=\"color: #d12727;\"><a style=\"color: #d12727;\" href=\"https:\/\/www.csj-emballages.com\/pt-pt\/produit\/aroma-de-cacau-liquido-50-ml\/\">Cacau<\/a><\/span> \/ <span style=\"color: #d12727;\"><a style=\"color: #d12727;\" href=\"https:\/\/www.csj-emballages.com\/pt-pt\/produit\/aroma-de-limao-liquido-50-ml\/\">Lim\u00e3o<\/a><\/span> \/ <span style=\"color: #d12727;\"><a style=\"color: #d12727;\" href=\"https:\/\/www.csj-emballages.com\/pt-pt\/produit\/aroma-liquido-de-morango-50-ml\/\">Morango<\/a><\/span> \/ <span style=\"color: #d12727;\"><a style=\"color: #d12727;\" href=\"https:\/\/www.csj-emballages.com\/pt-pt\/produit\/aroma-liquido-de-amendoa-amarga-50-ml\/\">Am\u00eandoa amarga<\/a><\/span><\/p>\n<p>&nbsp;<\/p>\n<p><!--more--><\/p>\n<p><a href=\"https:\/\/www.csj-emballages.com\/pt-pt\/categorie-produit\/alimentacao-pt-pt\/pastelaria\/sabores-pt-pt\/\">Descubra o resto da nossa gama de sabores<\/a><\/p>\n","protected":false},"excerpt":{"rendered":"<p>Aroma l\u00edquido Descri\u00e7\u00e3o do nosso aroma l\u00edquido de flor de laranjeira 1000 ml<\/p>\n","protected":false},"featured_media":219255,"template":"","meta":{"_acf_changed":false},"product_brand":[],"product_cat":[1141,10242,1151,9214,9229,11580],"product_tag":[],"class_list":{"0":"post-226082","1":"product","2":"type-product","3":"status-publish","4":"has-post-thumbnail","6":"product_cat-embalagem-de-alimentos","7":"product_cat-anti-desperdicio","8":"product_cat-alimentacao-pt-pt","9":"product_cat-pastelaria","10":"product_cat-sabores-pt-pt","11":"product_cat-apuramento","13":"first","14":"instock","15":"sale","16":"taxable","17":"shipping-taxable","18":"purchasable","19":"product-type-simple"},"acf":[],"yoast_head":"<!-- This site is optimized with the Yoast SEO Premium plugin v26.6 (Yoast SEO v26.6) - https:\/\/yoast.com\/wordpress\/plugins\/seo\/ -->\n<title>Aroma l\u00edquido a flor de laranjeira - 50 ml<\/title>\n<meta name=\"description\" content=\"Aroma l\u00edquido de flor de laranjeira 50 ml: um aroma natural e vers\u00e1til para real\u00e7ar as suas receitas doces e salgadas. Formato pr\u00e1tico, f\u00e1cil de dosear\" \/>\n<meta name=\"robots\" content=\"index, follow, max-snippet:-1, max-image-preview:large, max-video-preview:-1\" \/>\n<link rel=\"canonical\" href=\"https:\/\/www.csj-emballages.com\/pt-pt\/produit\/aroma-liquido-de-flor-de-laranjeira-1-litro\/\" \/>\n<meta property=\"og:locale\" content=\"pt_PT\" \/>\n<meta property=\"og:type\" content=\"article\" \/>\n<meta property=\"og:title\" content=\"Aroma l\u00edquido de flor de laranjeira 1 litro\" \/>\n<meta property=\"og:description\" content=\"Aroma l\u00edquido de flor de laranjeira 50 ml: um aroma natural e vers\u00e1til para real\u00e7ar as suas receitas doces e salgadas. Formato pr\u00e1tico, f\u00e1cil de dosear\" \/>\n<meta property=\"og:url\" content=\"https:\/\/www.csj-emballages.com\/pt-pt\/produit\/aroma-liquido-de-flor-de-laranjeira-1-litro\/\" \/>\n<meta property=\"og:site_name\" content=\"CSJ Emballages\" \/>\n<meta property=\"article:publisher\" content=\"https:\/\/www.facebook.com\/csjemballages\" \/>\n<meta property=\"article:modified_time\" content=\"2026-04-17T00:10:44+00:00\" \/>\n<meta property=\"og:image\" content=\"https:\/\/www.csj-emballages.com\/wp-content\/uploads\/2024\/12\/Arome-fleur-doranger.webp\" \/>\n\t<meta property=\"og:image:width\" content=\"800\" \/>\n\t<meta property=\"og:image:height\" content=\"800\" \/>\n\t<meta property=\"og:image:type\" content=\"image\/webp\" \/>\n<meta name=\"twitter:card\" content=\"summary_large_image\" \/>\n<meta name=\"twitter:label1\" content=\"Tempo estimado de leitura\" \/>\n\t<meta name=\"twitter:data1\" content=\"2 minutos\" \/>\n<script type=\"application\/ld+json\" class=\"yoast-schema-graph\">{\"@context\":\"https:\/\/schema.org\",\"@graph\":[{\"@type\":\"WebPage\",\"@id\":\"https:\/\/www.csj-emballages.com\/pt-pt\/produit\/aroma-liquido-de-flor-de-laranjeira-1-litro\/\",\"url\":\"https:\/\/www.csj-emballages.com\/pt-pt\/produit\/aroma-liquido-de-flor-de-laranjeira-1-litro\/\",\"name\":\"Aroma l\u00edquido a flor de laranjeira - 50 ml\",\"isPartOf\":{\"@id\":\"https:\/\/www.csj-emballages.com\/pt-pt\/#website\"},\"primaryImageOfPage\":{\"@id\":\"https:\/\/www.csj-emballages.com\/pt-pt\/produit\/aroma-liquido-de-flor-de-laranjeira-1-litro\/#primaryimage\"},\"image\":{\"@id\":\"https:\/\/www.csj-emballages.com\/pt-pt\/produit\/aroma-liquido-de-flor-de-laranjeira-1-litro\/#primaryimage\"},\"thumbnailUrl\":\"https:\/\/www.csj-emballages.com\/wp-content\/uploads\/2024\/12\/Arome-fleur-doranger.webp\",\"datePublished\":\"2024-12-19T01:18:46+00:00\",\"dateModified\":\"2026-04-17T00:10:44+00:00\",\"description\":\"Aroma l\u00edquido de flor de laranjeira 50 ml: um aroma natural e vers\u00e1til para real\u00e7ar as suas receitas doces e salgadas. Formato pr\u00e1tico, f\u00e1cil de dosear\",\"breadcrumb\":{\"@id\":\"https:\/\/www.csj-emballages.com\/pt-pt\/produit\/aroma-liquido-de-flor-de-laranjeira-1-litro\/#breadcrumb\"},\"inLanguage\":\"pt-PT\",\"potentialAction\":[{\"@type\":\"ReadAction\",\"target\":[\"https:\/\/www.csj-emballages.com\/pt-pt\/produit\/aroma-liquido-de-flor-de-laranjeira-1-litro\/\"]}]},{\"@type\":\"ImageObject\",\"inLanguage\":\"pt-PT\",\"@id\":\"https:\/\/www.csj-emballages.com\/pt-pt\/produit\/aroma-liquido-de-flor-de-laranjeira-1-litro\/#primaryimage\",\"url\":\"https:\/\/www.csj-emballages.com\/wp-content\/uploads\/2024\/12\/Arome-fleur-doranger.webp\",\"contentUrl\":\"https:\/\/www.csj-emballages.com\/wp-content\/uploads\/2024\/12\/Arome-fleur-doranger.webp\",\"width\":800,\"height\":800,\"caption\":\"Ar\u00f4me liquide fleur d'oranger\"},{\"@type\":\"BreadcrumbList\",\"@id\":\"https:\/\/www.csj-emballages.com\/pt-pt\/produit\/aroma-liquido-de-flor-de-laranjeira-1-litro\/#breadcrumb\",\"itemListElement\":[{\"@type\":\"ListItem\",\"position\":1,\"name\":\"Acolhimento\",\"item\":\"https:\/\/www.csj-emballages.com\/pt-pt\/universo-das-embalagens-alimentares\/\"},{\"@type\":\"ListItem\",\"position\":2,\"name\":\"Shop\",\"item\":\"https:\/\/www.csj-emballages.com\/shop\/\"},{\"@type\":\"ListItem\",\"position\":3,\"name\":\"Aroma l\u00edquido de flor de laranjeira 1 litro\"}]},{\"@type\":\"WebSite\",\"@id\":\"https:\/\/www.csj-emballages.com\/pt-pt\/#website\",\"url\":\"https:\/\/www.csj-emballages.com\/pt-pt\/\",\"name\":\"CSJ Emballages\",\"description\":\"\",\"publisher\":{\"@id\":\"https:\/\/www.csj-emballages.com\/pt-pt\/#organization\"},\"potentialAction\":[{\"@type\":\"SearchAction\",\"target\":{\"@type\":\"EntryPoint\",\"urlTemplate\":\"https:\/\/www.csj-emballages.com\/pt-pt\/?s={search_term_string}\"},\"query-input\":{\"@type\":\"PropertyValueSpecification\",\"valueRequired\":true,\"valueName\":\"search_term_string\"}}],\"inLanguage\":\"pt-PT\"},{\"@type\":\"Organization\",\"@id\":\"https:\/\/www.csj-emballages.com\/pt-pt\/#Organization\/\",\"name\":\"CSJ Emballages\",\"url\":\"https:\/\/www.csj-emballages.com\/pt-pt\/\",\"logo\":{\"@type\":\"ImageObject\",\"inLanguage\":\"pt-PT\",\"@id\":\"https:\/\/www.csj-emballages.com\/pt-pt\/#\/schema\/logo\/image\/\",\"url\":\"https:\/\/www.csj-emballages.com\/wp-content\/uploads\/2023\/10\/logo_csj.webp\",\"contentUrl\":\"https:\/\/www.csj-emballages.com\/wp-content\/uploads\/2023\/10\/logo_csj.webp\",\"width\":250,\"height\":95,\"caption\":\"CSJ Emballages\"},\"image\":{\"@id\":\"https:\/\/www.csj-emballages.com\/pt-pt\/#\/schema\/logo\/image\/\"},\"sameAs\":[\"https:\/\/www.facebook.com\/csjemballages\"],\"address\":{\"@type\":\"PostalAddress\",\"streetAddress\":\"ZI La Lechere\",\"addressLocality\":\"Patornay\",\"postalCode\":\"39130\",\"addressCountry\":\"FR\"},\"contactPoint\":[{\"@type\":\"ContactPoint\",\"contactType\":\"Service client\",\"telephone\":\"0384254272\",\"email\":\"contact@csj-emballages.com\"}]}]}<\/script>\n<!-- \/ Yoast SEO Premium plugin. -->","yoast_head_json":{"title":"Aroma l\u00edquido a flor de laranjeira - 50 ml","description":"Aroma l\u00edquido de flor de laranjeira 50 ml: um aroma natural e vers\u00e1til para real\u00e7ar as suas receitas doces e salgadas. Formato pr\u00e1tico, f\u00e1cil de dosear","robots":{"index":"index","follow":"follow","max-snippet":"max-snippet:-1","max-image-preview":"max-image-preview:large","max-video-preview":"max-video-preview:-1"},"canonical":"https:\/\/www.csj-emballages.com\/pt-pt\/produit\/aroma-liquido-de-flor-de-laranjeira-1-litro\/","og_locale":"pt_PT","og_type":"article","og_title":"Aroma l\u00edquido de flor de laranjeira 1 litro","og_description":"Aroma l\u00edquido de flor de laranjeira 50 ml: um aroma natural e vers\u00e1til para real\u00e7ar as suas receitas doces e salgadas. Formato pr\u00e1tico, f\u00e1cil de dosear","og_url":"https:\/\/www.csj-emballages.com\/pt-pt\/produit\/aroma-liquido-de-flor-de-laranjeira-1-litro\/","og_site_name":"CSJ Emballages","article_publisher":"https:\/\/www.facebook.com\/csjemballages","article_modified_time":"2026-04-17T00:10:44+00:00","og_image":[{"width":800,"height":800,"url":"https:\/\/www.csj-emballages.com\/wp-content\/uploads\/2024\/12\/Arome-fleur-doranger.webp","type":"image\/webp"}],"twitter_card":"summary_large_image","twitter_misc":{"Tempo estimado de leitura":"2 minutos"},"schema":{"@context":"https:\/\/schema.org","@graph":[{"@type":"WebPage","@id":"https:\/\/www.csj-emballages.com\/pt-pt\/produit\/aroma-liquido-de-flor-de-laranjeira-1-litro\/","url":"https:\/\/www.csj-emballages.com\/pt-pt\/produit\/aroma-liquido-de-flor-de-laranjeira-1-litro\/","name":"Aroma l\u00edquido a flor de laranjeira - 50 ml","isPartOf":{"@id":"https:\/\/www.csj-emballages.com\/pt-pt\/#website"},"primaryImageOfPage":{"@id":"https:\/\/www.csj-emballages.com\/pt-pt\/produit\/aroma-liquido-de-flor-de-laranjeira-1-litro\/#primaryimage"},"image":{"@id":"https:\/\/www.csj-emballages.com\/pt-pt\/produit\/aroma-liquido-de-flor-de-laranjeira-1-litro\/#primaryimage"},"thumbnailUrl":"https:\/\/www.csj-emballages.com\/wp-content\/uploads\/2024\/12\/Arome-fleur-doranger.webp","datePublished":"2024-12-19T01:18:46+00:00","dateModified":"2026-04-17T00:10:44+00:00","description":"Aroma l\u00edquido de flor de laranjeira 50 ml: um aroma natural e vers\u00e1til para real\u00e7ar as suas receitas doces e salgadas. Formato pr\u00e1tico, f\u00e1cil de dosear","breadcrumb":{"@id":"https:\/\/www.csj-emballages.com\/pt-pt\/produit\/aroma-liquido-de-flor-de-laranjeira-1-litro\/#breadcrumb"},"inLanguage":"pt-PT","potentialAction":[{"@type":"ReadAction","target":["https:\/\/www.csj-emballages.com\/pt-pt\/produit\/aroma-liquido-de-flor-de-laranjeira-1-litro\/"]}]},{"@type":"ImageObject","inLanguage":"pt-PT","@id":"https:\/\/www.csj-emballages.com\/pt-pt\/produit\/aroma-liquido-de-flor-de-laranjeira-1-litro\/#primaryimage","url":"https:\/\/www.csj-emballages.com\/wp-content\/uploads\/2024\/12\/Arome-fleur-doranger.webp","contentUrl":"https:\/\/www.csj-emballages.com\/wp-content\/uploads\/2024\/12\/Arome-fleur-doranger.webp","width":800,"height":800,"caption":"Ar\u00f4me liquide fleur d'oranger"},{"@type":"BreadcrumbList","@id":"https:\/\/www.csj-emballages.com\/pt-pt\/produit\/aroma-liquido-de-flor-de-laranjeira-1-litro\/#breadcrumb","itemListElement":[{"@type":"ListItem","position":1,"name":"Acolhimento","item":"https:\/\/www.csj-emballages.com\/pt-pt\/universo-das-embalagens-alimentares\/"},{"@type":"ListItem","position":2,"name":"Shop","item":"https:\/\/www.csj-emballages.com\/shop\/"},{"@type":"ListItem","position":3,"name":"Aroma l\u00edquido de flor de laranjeira 1 litro"}]},{"@type":"WebSite","@id":"https:\/\/www.csj-emballages.com\/pt-pt\/#website","url":"https:\/\/www.csj-emballages.com\/pt-pt\/","name":"CSJ Emballages","description":"","publisher":{"@id":"https:\/\/www.csj-emballages.com\/pt-pt\/#organization"},"potentialAction":[{"@type":"SearchAction","target":{"@type":"EntryPoint","urlTemplate":"https:\/\/www.csj-emballages.com\/pt-pt\/?s={search_term_string}"},"query-input":{"@type":"PropertyValueSpecification","valueRequired":true,"valueName":"search_term_string"}}],"inLanguage":"pt-PT"},{"@type":"Organization","@id":"https:\/\/www.csj-emballages.com\/pt-pt\/#Organization\/","name":"CSJ Emballages","url":"https:\/\/www.csj-emballages.com\/pt-pt\/","logo":{"@type":"ImageObject","inLanguage":"pt-PT","@id":"https:\/\/www.csj-emballages.com\/pt-pt\/#\/schema\/logo\/image\/","url":"https:\/\/www.csj-emballages.com\/wp-content\/uploads\/2023\/10\/logo_csj.webp","contentUrl":"https:\/\/www.csj-emballages.com\/wp-content\/uploads\/2023\/10\/logo_csj.webp","width":250,"height":95,"caption":"CSJ Emballages"},"image":{"@id":"https:\/\/www.csj-emballages.com\/pt-pt\/#\/schema\/logo\/image\/"},"sameAs":["https:\/\/www.facebook.com\/csjemballages"],"address":{"@type":"PostalAddress","streetAddress":"ZI La Lechere","addressLocality":"Patornay","postalCode":"39130","addressCountry":"FR"},"contactPoint":[{"@type":"ContactPoint","contactType":"Service client","telephone":"0384254272","email":"contact@csj-emballages.com"}]}]}},"df_price":3.27,"df_sale_price":3.27,"df_regular_price":4.67,"df_image_link":"https:\/\/www.csj-emballages.com\/wp-content\/uploads\/2024\/12\/Arome-fleur-doranger-300x300.webp","tiered_pricing_type":"fixed","tiered_pricing_fixed_rules":[],"tiered_pricing_percentage_rules":[],"tiered_pricing_minimum":1,"tiered_pricing_roles_data":[],"_links":{"self":[{"href":"https:\/\/www.csj-emballages.com\/pt-pt\/wp-json\/wp\/v2\/product\/226082","targetHints":{"allow":["GET"]}}],"collection":[{"href":"https:\/\/www.csj-emballages.com\/pt-pt\/wp-json\/wp\/v2\/product"}],"about":[{"href":"https:\/\/www.csj-emballages.com\/pt-pt\/wp-json\/wp\/v2\/types\/product"}],"wp:featuredmedia":[{"embeddable":true,"href":"https:\/\/www.csj-emballages.com\/pt-pt\/wp-json\/wp\/v2\/media\/219255"}],"wp:attachment":[{"href":"https:\/\/www.csj-emballages.com\/pt-pt\/wp-json\/wp\/v2\/media?parent=226082"}],"wp:term":[{"taxonomy":"product_brand","embeddable":true,"href":"https:\/\/www.csj-emballages.com\/pt-pt\/wp-json\/wp\/v2\/product_brand?post=226082"},{"taxonomy":"product_cat","embeddable":true,"href":"https:\/\/www.csj-emballages.com\/pt-pt\/wp-json\/wp\/v2\/product_cat?post=226082"},{"taxonomy":"product_tag","embeddable":true,"href":"https:\/\/www.csj-emballages.com\/pt-pt\/wp-json\/wp\/v2\/product_tag?post=226082"}],"curies":[{"name":"wp","href":"https:\/\/api.w.org\/{rel}","templated":true}]}}