{"id":226074,"date":"2024-12-19T02:18:37","date_gmt":"2024-12-19T01:18:37","guid":{"rendered":"https:\/\/www.csj-emballages.com\/produit\/aroma-de-laranja-liquido-50-ml\/"},"modified":"2026-03-12T16:05:28","modified_gmt":"2026-03-12T15:05:28","slug":"aroma-de-laranja-liquido-50-ml","status":"publish","type":"product","link":"https:\/\/www.csj-emballages.com\/pt-pt\/produit\/aroma-de-laranja-liquido-50-ml\/","title":{"rendered":"Aroma de laranja l\u00edquido 50 ml"},"content":{"rendered":"<h2>Aroma l\u00edquido<\/h2>\n<hr>\n<h3>Descri\u00e7\u00e3o do nosso aroma l\u00edquido de laranja 50 ml<\/h3>\n<p><!--more--><\/p>\n<p>Descubra o nosso <strong>aromatizante l\u00edquido<\/strong> com o sabor fresco e revigorante da laranja. Este produto foi concebido para dar um toque de citrinos \u00e0s suas receitas. Com o seu sabor aut\u00eantico, este <strong>aroma de laranja<\/strong> combina perfeitamente com muitas cria\u00e7\u00f5es, quer sejam doces ou salgadas. Dispon\u00edvel num pr\u00e1tico frasco <strong>de 50 ml<\/strong>, \u00e9 ideal para os amantes da cozinha, os pasteleiros e os profissionais. Gra\u00e7as ao seu formato, \u00e9 f\u00e1cil de dosear e integra-se perfeitamente nas suas receitas. A utiliza\u00e7\u00e3o deste <strong>aromatizante l\u00edquido<\/strong> \u00e9 simples e vers\u00e1til. Pode adicion\u00e1-lo \u00e0s suas receitas para lhe dar um toque frutado e picante. \u00c9 perfeito para aromatizar bolos, cremes, saladas de frutas ou bebidas como sumos frescos ou cocktails. Basta juntar algumas gotas de<strong>aroma de laranja<\/strong> para obter um sabor agrad\u00e1vel e equilibrado.        <\/p>\n<p>&nbsp;<\/p>\n<p><!--more--><\/p>\n<h4>Um aroma vers\u00e1til<\/h4>\n<p>Para al\u00e9m de ser f\u00e1cil de utilizar, este <strong>aroma l\u00edquido<\/strong> \u00e9 tamb\u00e9m muito vers\u00e1til. Pode ser utilizado tanto em sobremesas como em pratos mais ousados. Por exemplo, em pastelaria, gelados ou sorvetes,<strong>o aroma de laranja<\/strong> dar\u00e1 um toque refrescante de acidez. Tamb\u00e9m funciona perfeitamente em molhos ou marinadas, criando um belo equil\u00edbrio com outros sabores, sejam eles picantes ou salgados. Este produto pode realmente dar uma nova dimens\u00e3o \u00e0s suas cria\u00e7\u00f5es culin\u00e1rias.    <\/p>\n<p>Outra vantagem deste <strong>aromatizante l\u00edquido<\/strong> \u00e9 a sua durabilidade. O seu frasco herm\u00e9tico protege o aroma do ar, garantindo uma frescura duradoura. Pode guardar este produto durante v\u00e1rios meses sem se preocupar com a perda de qualidade. Ap\u00f3s cada utiliza\u00e7\u00e3o, n\u00e3o se esque\u00e7a de fechar bem o frasco para preservar a sua efic\u00e1cia. Este <strong>aroma l\u00edquido de laranja<\/strong> \u00e9 tamb\u00e9m uma op\u00e7\u00e3o econ\u00f3mica. Uma pequena quantidade \u00e9 geralmente suficiente para aromatizar uma grande quantidade de alimentos. Isto significa que pode utiliz\u00e1-lo durante um longo per\u00edodo sem ter de comprar novos frascos com frequ\u00eancia. O seu pr\u00e1tico formato <strong>de 50 ml<\/strong> \u00e9 tamb\u00e9m uma vantagem, pois permite-lhe comprar apenas a quantidade necess\u00e1ria, sem excessos. Isto torna este <strong>aroma de laranja<\/strong> pr\u00e1tico e econ\u00f3mico.        <\/p>\n<p>&nbsp;<\/p>\n<p><!--more--><\/p>\n<h4>Um toque frutado para as suas receitas<\/h4>\n<p><strong>O aroma l\u00edquido<\/strong> <strong>de laranja<\/strong> oferece um sabor doce, frutado e ligeiramente \u00e1cido, ideal para enriquecer as suas receitas. A sua frescura natural \u00e9 perfeita para dar um pouco de leveza e vivacidade \u00e0s suas cria\u00e7\u00f5es.<strong>O aroma de laranja<\/strong> \u00e9 perfeito para os amantes dos sabores frutados, mas tamb\u00e9m para aqueles que gostam de experimentar novas combina\u00e7\u00f5es. Tamb\u00e9m \u00e9 perfeito para bebidas. Pode adicion\u00e1-lo aos seus sumos frescos, batidos ou cocktails para um sabor ainda mais vibrante e energ\u00e9tico.    <\/p>\n<p>Em suma, este <strong>aroma l\u00edquido de<\/strong> <strong>laranja<\/strong> \u00e9 um produto vers\u00e1til, f\u00e1cil de utilizar e econ\u00f3mico. Permite-lhe personalizar as suas receitas de forma r\u00e1pida e eficaz. Quer se trate de sobremesas, bebidas ou pratos salgados,<strong>o aroma de laranja<\/strong> confere-lhe um toque frutado e refrescante. Experimente-o hoje mesmo e deixe-se seduzir pelo seu sabor natural e pela sua capacidade de transformar as suas cria\u00e7\u00f5es.   <\/p>\n<p>&nbsp;<\/p>\n<p><!--more--><\/p>\n<h4>Vantagens:<\/h4>\n<ul>\n<li><strong>Sabor natural e refrescante<\/strong>:<strong>O aroma l\u00edquido<\/strong> de laranja oferece um sabor frutado, fresco e ligeiramente \u00e1cido, ideal para dar vivacidade \u00e0s suas receitas.<\/li>\n<li><strong>F\u00e1cil de dosear<\/strong>: bastam algumas gotas para obter o sabor desejado, permitindo-lhe dosear de forma precisa e simples.<\/li>\n<li><strong>Vers\u00e1til<\/strong>: Perfeito para uma grande variedade de receitas, quer sejam doces (bolos, gelados, cocktails) ou salgadas (molhos, marinadas).<\/li>\n<li><strong>Conserva\u00e7\u00e3o \u00f3ptima<\/strong>: O frasco herm\u00e9tico protege o aroma, garantindo uma frescura duradoura durante v\u00e1rios meses.<\/li>\n<\/ul>\n<p>&nbsp;<\/p>\n<p><!--more--><\/p>\n<h4>Outras informa\u00e7\u00f5es :<\/h4>\n<ul>\n<li><b>Altura: <\/b>115 mm<\/li>\n<li><strong>Embalagem<\/strong>: Por unidade<\/li>\n<li><strong>Volume<\/strong>: 50 ml<\/li>\n<li><b>Sabor: <\/b>Laranja<\/li>\n<li><strong>Dosagem<\/strong>: 5g\/kg<\/li>\n<\/ul>\n<p>&nbsp;<\/p>\n<p><!--more--><\/p>\n<h4>Composi\u00e7\u00e3o:<\/h4>\n<ul>\n<li><strong>Xarope de a\u00e7\u00facar<\/strong> \/ <strong>\u00c1gua<\/strong> \/ <strong>Aroma de laranja<\/strong><\/li>\n<\/ul>\n<p>&nbsp;<\/p>\n<p><!--more--><\/p>\n<p>Dispon\u00edvel em v\u00e1rios sabores: <span style=\"color: #d12727;\"><a style=\"color: #d12727;\" href=\"https:\/\/www.csj-emballages.com\/pt-pt\/produit\/sabor-a-cafe-liquido-50-ml\/\">Caf\u00e9<\/a><\/span> \/ <span style=\"color: #d12727;\"><a style=\"color: #d12727;\" href=\"https:\/\/www.csj-emballages.com\/pt-pt\/produit\/aroma-liquido-de-ananas-50-ml\/\">Anan\u00e1s<\/a><\/span> \/ <span style=\"color: #d12727;\"><a style=\"color: #d12727;\" href=\"https:\/\/www.csj-emballages.com\/pt-pt\/produit\/aroma-de-cacau-liquido-50-ml\/\">Cacau<\/a><\/span> \/ <span style=\"color: #d12727;\"><a style=\"color: #d12727;\" href=\"https:\/\/www.csj-emballages.com\/produit\/arome-liquide-fleur-doranger-50-ml\/\">Flor de laranjeira<\/a><\/span> \/ <span style=\"color: #d12727;\"><a style=\"color: #d12727;\" href=\"https:\/\/www.csj-emballages.com\/produit\/arome-liquide-fraise-50-ml\/\">Morango<\/a><\/span> \/ <span style=\"color: #d12727;\"><a style=\"color: #d12727;\" href=\"https:\/\/www.csj-emballages.com\/pt-pt\/produit\/aroma-liquido-de-amendoa-amarga-50-ml\/\">Am\u00eandoa amarga<\/a><\/span><\/p>\n<p>&nbsp;<\/p>\n<p><!--more--><\/p>\n<p><a href=\"https:\/\/www.csj-emballages.com\/pt-pt\/categorie-produit\/alimentacao-pt-pt\/pastelaria\/sabores-pt-pt\/\">Descubra o resto da nossa gama de sabores<\/a><\/p>\n","protected":false},"excerpt":{"rendered":"<p>Aroma l\u00edquido Descri\u00e7\u00e3o do nosso aroma l\u00edquido de laranja 50 ml<\/p>\n","protected":false},"featured_media":219235,"template":"","meta":{"_acf_changed":false},"product_brand":[],"product_cat":[1151,9214,9229],"product_tag":[],"class_list":{"0":"post-226074","1":"product","2":"type-product","3":"status-publish","4":"has-post-thumbnail","6":"product_cat-alimentacao-pt-pt","7":"product_cat-pastelaria","8":"product_cat-sabores-pt-pt","10":"first","11":"instock","12":"taxable","13":"shipping-taxable","14":"purchasable","15":"product-type-simple"},"acf":[],"yoast_head":"<!-- This site is optimized with the Yoast SEO Premium plugin v26.6 (Yoast SEO v26.6) - https:\/\/yoast.com\/wordpress\/plugins\/seo\/ -->\n<title>L\u00edquido com sabor a laranja - 50 ml<\/title>\n<meta name=\"description\" content=\"Descubra o aroma l\u00edquido de laranja 50 ml: um aroma natural e vers\u00e1til para real\u00e7ar as suas receitas doces e salgadas. Formato pr\u00e1tico, f\u00e1cil de medir\" \/>\n<meta name=\"robots\" content=\"index, follow, max-snippet:-1, max-image-preview:large, max-video-preview:-1\" \/>\n<link rel=\"canonical\" href=\"https:\/\/www.csj-emballages.com\/pt-pt\/produit\/aroma-de-laranja-liquido-50-ml\/\" \/>\n<meta property=\"og:locale\" content=\"pt_PT\" \/>\n<meta property=\"og:type\" content=\"article\" \/>\n<meta property=\"og:title\" content=\"Aroma de laranja l\u00edquido 50 ml\" \/>\n<meta property=\"og:description\" content=\"Descubra o aroma l\u00edquido de laranja 50 ml: um aroma natural e vers\u00e1til para real\u00e7ar as suas receitas doces e salgadas. Formato pr\u00e1tico, f\u00e1cil de medir\" \/>\n<meta property=\"og:url\" content=\"https:\/\/www.csj-emballages.com\/pt-pt\/produit\/aroma-de-laranja-liquido-50-ml\/\" \/>\n<meta property=\"og:site_name\" content=\"CSJ Emballages\" \/>\n<meta property=\"article:publisher\" content=\"https:\/\/www.facebook.com\/csjemballages\" \/>\n<meta property=\"article:modified_time\" content=\"2026-03-12T15:05:28+00:00\" \/>\n<meta property=\"og:image\" content=\"https:\/\/www.csj-emballages.com\/wp-content\/uploads\/2024\/12\/Arome-orange.webp\" \/>\n\t<meta property=\"og:image:width\" content=\"800\" \/>\n\t<meta property=\"og:image:height\" content=\"800\" \/>\n\t<meta property=\"og:image:type\" content=\"image\/webp\" \/>\n<meta name=\"twitter:card\" content=\"summary_large_image\" \/>\n<meta name=\"twitter:label1\" content=\"Tempo estimado de leitura\" \/>\n\t<meta name=\"twitter:data1\" content=\"3 minutos\" \/>\n<script type=\"application\/ld+json\" class=\"yoast-schema-graph\">{\"@context\":\"https:\/\/schema.org\",\"@graph\":[{\"@type\":\"WebPage\",\"@id\":\"https:\/\/www.csj-emballages.com\/pt-pt\/produit\/aroma-de-laranja-liquido-50-ml\/\",\"url\":\"https:\/\/www.csj-emballages.com\/pt-pt\/produit\/aroma-de-laranja-liquido-50-ml\/\",\"name\":\"L\u00edquido com sabor a laranja - 50 ml\",\"isPartOf\":{\"@id\":\"https:\/\/www.csj-emballages.com\/pt-pt\/#website\"},\"primaryImageOfPage\":{\"@id\":\"https:\/\/www.csj-emballages.com\/pt-pt\/produit\/aroma-de-laranja-liquido-50-ml\/#primaryimage\"},\"image\":{\"@id\":\"https:\/\/www.csj-emballages.com\/pt-pt\/produit\/aroma-de-laranja-liquido-50-ml\/#primaryimage\"},\"thumbnailUrl\":\"https:\/\/www.csj-emballages.com\/wp-content\/uploads\/2024\/12\/Arome-orange.webp\",\"datePublished\":\"2024-12-19T01:18:37+00:00\",\"dateModified\":\"2026-03-12T15:05:28+00:00\",\"description\":\"Descubra o aroma l\u00edquido de laranja 50 ml: um aroma natural e vers\u00e1til para real\u00e7ar as suas receitas doces e salgadas. Formato pr\u00e1tico, f\u00e1cil de medir\",\"breadcrumb\":{\"@id\":\"https:\/\/www.csj-emballages.com\/pt-pt\/produit\/aroma-de-laranja-liquido-50-ml\/#breadcrumb\"},\"inLanguage\":\"pt-PT\",\"potentialAction\":[{\"@type\":\"ReadAction\",\"target\":[\"https:\/\/www.csj-emballages.com\/pt-pt\/produit\/aroma-de-laranja-liquido-50-ml\/\"]}]},{\"@type\":\"ImageObject\",\"inLanguage\":\"pt-PT\",\"@id\":\"https:\/\/www.csj-emballages.com\/pt-pt\/produit\/aroma-de-laranja-liquido-50-ml\/#primaryimage\",\"url\":\"https:\/\/www.csj-emballages.com\/wp-content\/uploads\/2024\/12\/Arome-orange.webp\",\"contentUrl\":\"https:\/\/www.csj-emballages.com\/wp-content\/uploads\/2024\/12\/Arome-orange.webp\",\"width\":800,\"height\":800,\"caption\":\"Ar\u00f4me liquide orange\"},{\"@type\":\"BreadcrumbList\",\"@id\":\"https:\/\/www.csj-emballages.com\/pt-pt\/produit\/aroma-de-laranja-liquido-50-ml\/#breadcrumb\",\"itemListElement\":[{\"@type\":\"ListItem\",\"position\":1,\"name\":\"Acolhimento\",\"item\":\"https:\/\/www.csj-emballages.com\/pt-pt\/universo-das-embalagens-alimentares\/\"},{\"@type\":\"ListItem\",\"position\":2,\"name\":\"Shop\",\"item\":\"https:\/\/www.csj-emballages.com\/shop\/\"},{\"@type\":\"ListItem\",\"position\":3,\"name\":\"Aroma de laranja l\u00edquido 50 ml\"}]},{\"@type\":\"WebSite\",\"@id\":\"https:\/\/www.csj-emballages.com\/pt-pt\/#website\",\"url\":\"https:\/\/www.csj-emballages.com\/pt-pt\/\",\"name\":\"CSJ Emballages\",\"description\":\"\",\"publisher\":{\"@id\":\"https:\/\/www.csj-emballages.com\/pt-pt\/#organization\"},\"potentialAction\":[{\"@type\":\"SearchAction\",\"target\":{\"@type\":\"EntryPoint\",\"urlTemplate\":\"https:\/\/www.csj-emballages.com\/pt-pt\/?s={search_term_string}\"},\"query-input\":{\"@type\":\"PropertyValueSpecification\",\"valueRequired\":true,\"valueName\":\"search_term_string\"}}],\"inLanguage\":\"pt-PT\"},{\"@type\":\"Organization\",\"@id\":\"https:\/\/www.csj-emballages.com\/pt-pt\/#Organization\/\",\"name\":\"CSJ Emballages\",\"url\":\"https:\/\/www.csj-emballages.com\/pt-pt\/\",\"logo\":{\"@type\":\"ImageObject\",\"inLanguage\":\"pt-PT\",\"@id\":\"https:\/\/www.csj-emballages.com\/pt-pt\/#\/schema\/logo\/image\/\",\"url\":\"https:\/\/www.csj-emballages.com\/wp-content\/uploads\/2023\/10\/logo_csj.webp\",\"contentUrl\":\"https:\/\/www.csj-emballages.com\/wp-content\/uploads\/2023\/10\/logo_csj.webp\",\"width\":250,\"height\":95,\"caption\":\"CSJ Emballages\"},\"image\":{\"@id\":\"https:\/\/www.csj-emballages.com\/pt-pt\/#\/schema\/logo\/image\/\"},\"sameAs\":[\"https:\/\/www.facebook.com\/csjemballages\"],\"address\":{\"@type\":\"PostalAddress\",\"streetAddress\":\"ZI La Lechere\",\"addressLocality\":\"Patornay\",\"postalCode\":\"39130\",\"addressCountry\":\"FR\"},\"contactPoint\":[{\"@type\":\"ContactPoint\",\"contactType\":\"Service client\",\"telephone\":\"0384254272\",\"email\":\"contact@csj-emballages.com\"}]}]}<\/script>\n<!-- \/ Yoast SEO Premium plugin. -->","yoast_head_json":{"title":"L\u00edquido com sabor a laranja - 50 ml","description":"Descubra o aroma l\u00edquido de laranja 50 ml: um aroma natural e vers\u00e1til para real\u00e7ar as suas receitas doces e salgadas. Formato pr\u00e1tico, f\u00e1cil de medir","robots":{"index":"index","follow":"follow","max-snippet":"max-snippet:-1","max-image-preview":"max-image-preview:large","max-video-preview":"max-video-preview:-1"},"canonical":"https:\/\/www.csj-emballages.com\/pt-pt\/produit\/aroma-de-laranja-liquido-50-ml\/","og_locale":"pt_PT","og_type":"article","og_title":"Aroma de laranja l\u00edquido 50 ml","og_description":"Descubra o aroma l\u00edquido de laranja 50 ml: um aroma natural e vers\u00e1til para real\u00e7ar as suas receitas doces e salgadas. Formato pr\u00e1tico, f\u00e1cil de medir","og_url":"https:\/\/www.csj-emballages.com\/pt-pt\/produit\/aroma-de-laranja-liquido-50-ml\/","og_site_name":"CSJ Emballages","article_publisher":"https:\/\/www.facebook.com\/csjemballages","article_modified_time":"2026-03-12T15:05:28+00:00","og_image":[{"width":800,"height":800,"url":"https:\/\/www.csj-emballages.com\/wp-content\/uploads\/2024\/12\/Arome-orange.webp","type":"image\/webp"}],"twitter_card":"summary_large_image","twitter_misc":{"Tempo estimado de leitura":"3 minutos"},"schema":{"@context":"https:\/\/schema.org","@graph":[{"@type":"WebPage","@id":"https:\/\/www.csj-emballages.com\/pt-pt\/produit\/aroma-de-laranja-liquido-50-ml\/","url":"https:\/\/www.csj-emballages.com\/pt-pt\/produit\/aroma-de-laranja-liquido-50-ml\/","name":"L\u00edquido com sabor a laranja - 50 ml","isPartOf":{"@id":"https:\/\/www.csj-emballages.com\/pt-pt\/#website"},"primaryImageOfPage":{"@id":"https:\/\/www.csj-emballages.com\/pt-pt\/produit\/aroma-de-laranja-liquido-50-ml\/#primaryimage"},"image":{"@id":"https:\/\/www.csj-emballages.com\/pt-pt\/produit\/aroma-de-laranja-liquido-50-ml\/#primaryimage"},"thumbnailUrl":"https:\/\/www.csj-emballages.com\/wp-content\/uploads\/2024\/12\/Arome-orange.webp","datePublished":"2024-12-19T01:18:37+00:00","dateModified":"2026-03-12T15:05:28+00:00","description":"Descubra o aroma l\u00edquido de laranja 50 ml: um aroma natural e vers\u00e1til para real\u00e7ar as suas receitas doces e salgadas. Formato pr\u00e1tico, f\u00e1cil de medir","breadcrumb":{"@id":"https:\/\/www.csj-emballages.com\/pt-pt\/produit\/aroma-de-laranja-liquido-50-ml\/#breadcrumb"},"inLanguage":"pt-PT","potentialAction":[{"@type":"ReadAction","target":["https:\/\/www.csj-emballages.com\/pt-pt\/produit\/aroma-de-laranja-liquido-50-ml\/"]}]},{"@type":"ImageObject","inLanguage":"pt-PT","@id":"https:\/\/www.csj-emballages.com\/pt-pt\/produit\/aroma-de-laranja-liquido-50-ml\/#primaryimage","url":"https:\/\/www.csj-emballages.com\/wp-content\/uploads\/2024\/12\/Arome-orange.webp","contentUrl":"https:\/\/www.csj-emballages.com\/wp-content\/uploads\/2024\/12\/Arome-orange.webp","width":800,"height":800,"caption":"Ar\u00f4me liquide orange"},{"@type":"BreadcrumbList","@id":"https:\/\/www.csj-emballages.com\/pt-pt\/produit\/aroma-de-laranja-liquido-50-ml\/#breadcrumb","itemListElement":[{"@type":"ListItem","position":1,"name":"Acolhimento","item":"https:\/\/www.csj-emballages.com\/pt-pt\/universo-das-embalagens-alimentares\/"},{"@type":"ListItem","position":2,"name":"Shop","item":"https:\/\/www.csj-emballages.com\/shop\/"},{"@type":"ListItem","position":3,"name":"Aroma de laranja l\u00edquido 50 ml"}]},{"@type":"WebSite","@id":"https:\/\/www.csj-emballages.com\/pt-pt\/#website","url":"https:\/\/www.csj-emballages.com\/pt-pt\/","name":"CSJ Emballages","description":"","publisher":{"@id":"https:\/\/www.csj-emballages.com\/pt-pt\/#organization"},"potentialAction":[{"@type":"SearchAction","target":{"@type":"EntryPoint","urlTemplate":"https:\/\/www.csj-emballages.com\/pt-pt\/?s={search_term_string}"},"query-input":{"@type":"PropertyValueSpecification","valueRequired":true,"valueName":"search_term_string"}}],"inLanguage":"pt-PT"},{"@type":"Organization","@id":"https:\/\/www.csj-emballages.com\/pt-pt\/#Organization\/","name":"CSJ Emballages","url":"https:\/\/www.csj-emballages.com\/pt-pt\/","logo":{"@type":"ImageObject","inLanguage":"pt-PT","@id":"https:\/\/www.csj-emballages.com\/pt-pt\/#\/schema\/logo\/image\/","url":"https:\/\/www.csj-emballages.com\/wp-content\/uploads\/2023\/10\/logo_csj.webp","contentUrl":"https:\/\/www.csj-emballages.com\/wp-content\/uploads\/2023\/10\/logo_csj.webp","width":250,"height":95,"caption":"CSJ Emballages"},"image":{"@id":"https:\/\/www.csj-emballages.com\/pt-pt\/#\/schema\/logo\/image\/"},"sameAs":["https:\/\/www.facebook.com\/csjemballages"],"address":{"@type":"PostalAddress","streetAddress":"ZI La Lechere","addressLocality":"Patornay","postalCode":"39130","addressCountry":"FR"},"contactPoint":[{"@type":"ContactPoint","contactType":"Service client","telephone":"0384254272","email":"contact@csj-emballages.com"}]}]}},"df_price":2.48,"df_sale_price":"","df_regular_price":2.48,"df_image_link":"https:\/\/www.csj-emballages.com\/wp-content\/uploads\/2024\/12\/Arome-orange-300x300.webp","tiered_pricing_type":"fixed","tiered_pricing_fixed_rules":[],"tiered_pricing_percentage_rules":[],"tiered_pricing_minimum":1,"tiered_pricing_roles_data":[],"_links":{"self":[{"href":"https:\/\/www.csj-emballages.com\/pt-pt\/wp-json\/wp\/v2\/product\/226074","targetHints":{"allow":["GET"]}}],"collection":[{"href":"https:\/\/www.csj-emballages.com\/pt-pt\/wp-json\/wp\/v2\/product"}],"about":[{"href":"https:\/\/www.csj-emballages.com\/pt-pt\/wp-json\/wp\/v2\/types\/product"}],"wp:featuredmedia":[{"embeddable":true,"href":"https:\/\/www.csj-emballages.com\/pt-pt\/wp-json\/wp\/v2\/media\/219235"}],"wp:attachment":[{"href":"https:\/\/www.csj-emballages.com\/pt-pt\/wp-json\/wp\/v2\/media?parent=226074"}],"wp:term":[{"taxonomy":"product_brand","embeddable":true,"href":"https:\/\/www.csj-emballages.com\/pt-pt\/wp-json\/wp\/v2\/product_brand?post=226074"},{"taxonomy":"product_cat","embeddable":true,"href":"https:\/\/www.csj-emballages.com\/pt-pt\/wp-json\/wp\/v2\/product_cat?post=226074"},{"taxonomy":"product_tag","embeddable":true,"href":"https:\/\/www.csj-emballages.com\/pt-pt\/wp-json\/wp\/v2\/product_tag?post=226074"}],"curies":[{"name":"wp","href":"https:\/\/api.w.org\/{rel}","templated":true}]}}