{"id":226069,"date":"2024-12-19T02:18:31","date_gmt":"2024-12-19T01:18:31","guid":{"rendered":"https:\/\/www.csj-emballages.com\/produit\/aroma-de-limao-liquido-50-ml\/"},"modified":"2026-03-12T16:05:27","modified_gmt":"2026-03-12T15:05:27","slug":"aroma-de-limao-liquido-50-ml","status":"publish","type":"product","link":"https:\/\/www.csj-emballages.com\/pt-pt\/produit\/aroma-de-limao-liquido-50-ml\/","title":{"rendered":"Aroma de lim\u00e3o l\u00edquido 50 ml"},"content":{"rendered":"<h2>Aroma l\u00edquido<\/h2>\n<hr>\n<h3>Descri\u00e7\u00e3o do nosso aroma l\u00edquido de lim\u00e3o 50 ml<\/h3>\n<p><!--more--><\/p>\n<p>Descubra o nosso <strong>aroma l\u00edquido de<\/strong> <strong>lim\u00e3o<\/strong>, ideal para dar um toque de acidez e de frescura \u00e0s suas receitas. Este aroma, dispon\u00edvel num frasco <strong>de 50 ml<\/strong>, distingue-se pela sua autenticidade e praticidade. Ideal tanto para cozinheiros amadores como para profissionais, pode ser facilmente incorporado numa grande variedade de prepara\u00e7\u00f5es, desde sobremesas a pratos salgados. A utiliza\u00e7\u00e3o deste <strong>aroma l\u00edquido de<\/strong> <strong>lim\u00e3o<\/strong> \u00e9 r\u00e1pida e f\u00e1cil. Bastam algumas gotas para aromatizar as suas receitas com um sabor equilibrado e agrad\u00e1vel a lim\u00e3o. Este produto \u00e9 ideal para real\u00e7ar a sua pastelaria, cremes, bolos ou cocktails. Pode tamb\u00e9m ser utilizado para dar um toque picante a pratos salgados, tais como <span style=\"color: #d12727;\"><a style=\"color: #d12727;\" href=\"https:\/\/www.csj-emballages.com\/pt-pt\/categorie-produit\/alimentacao-pt-pt\/marinadas\/\">marinadas<\/a><\/span>molhos ou temperos. Gra\u00e7as ao seu formato <strong>de 50 ml<\/strong>, pode medir exatamente o que precisa sem desperdi\u00e7ar nada.       <\/p>\n<p>&nbsp;<\/p>\n<p><!--more--><\/p>\n<h4>Utiliza\u00e7\u00e3o f\u00e1cil e duradoura<\/h4>\n<p>Al\u00e9m disso, este <strong>aroma de lim\u00e3o<\/strong> \u00e9 f\u00e1cil de incorporar nas suas receitas. Quer se trate de um bolo de lim\u00e3o, de uma tarte de merengue ou de uma bebida refrescante, acrescenta uma dimens\u00e3o de sabor \u00fanica. O seu sabor fresco e natural adapta-se a todos os desejos culin\u00e1rios. Ao utilizar este <strong>aromatizante l\u00edquido<\/strong>, pode simplificar a prepara\u00e7\u00e3o dos seus pratos, garantindo resultados sempre saborosos. Em termos de conserva\u00e7\u00e3o, este produto foi concebido para durar. O seu frasco herm\u00e9tico protege o conte\u00fado do ar, mantendo a frescura e a intensidade do aroma durante um longo per\u00edodo. Ap\u00f3s cada utiliza\u00e7\u00e3o, n\u00e3o se esque\u00e7a de voltar a fechar o frasco para preservar toda a sua qualidade. Compacta e f\u00e1cil de arrumar, cabe perfeitamente na sua cozinha.       <\/p>\n<p><strong>O aroma l\u00edquido<\/strong> <strong>de lim\u00e3o<\/strong> \u00e9 particularmente adequado tanto para principiantes como para profissionais. A sua facilidade de utiliza\u00e7\u00e3o e o seu formato pr\u00e1tico tornam-no indispens\u00e1vel para a cria\u00e7\u00e3o de pratos originais ou cl\u00e1ssicos. Garante um sabor homog\u00e9neo, sem varia\u00e7\u00f5es devidas \u00e0 esta\u00e7\u00e3o do ano ou \u00e0 qualidade dos <strong>lim\u00f5es<\/strong> frescos.  <\/p>\n<p>&nbsp;<\/p>\n<p><!--more--><\/p>\n<h4>Um toque pr\u00e1tico e saboroso<\/h4>\n<p>Em suma, o nosso <strong>aroma l\u00edquido de<\/strong> <strong>lim\u00e3o<\/strong> \u00e9 a solu\u00e7\u00e3o ideal para dar um sabor picante e natural aos seus pratos e sobremesas. Gra\u00e7as \u00e0 sua versatilidade, adapta-se a todas as suas ideias culin\u00e1rias, sejam elas cl\u00e1ssicas ou inovadoras. Este frasco <strong>de 50 ml<\/strong> \u00e9 f\u00e1cil de guardar, simples de utilizar e foi concebido para responder \u00e0s necessidades de todos os cozinheiros.  <\/p>\n<p>Experimente hoje mesmo este <strong>aroma de lim\u00e3o<\/strong> para transformar as suas receitas quotidianas em cria\u00e7\u00f5es \u00fanicas, frescas e saborosas. \u00c9 uma forma pr\u00e1tica e eficaz de tornar as suas prepara\u00e7\u00f5es ainda melhores num piscar de olhos. <\/p>\n<p>&nbsp;<\/p>\n<p><!--more--><\/p>\n<p>Experimente hoje este <strong>sabor a lim\u00e3o<\/strong> e d\u00ea uma nova dimens\u00e3o \u00e0s suas receitas di\u00e1rias.<\/p>\n<p>&nbsp;<\/p>\n<p><!--more--><\/p>\n<h4>Vantagens:<\/h4>\n<ul>\n<li><strong>Sabor aut\u00eantico e fresco<\/strong>: Um sabor natural a lim\u00e3o para real\u00e7ar as suas receitas doces e salgadas.<\/li>\n<li><strong>Vers\u00e1til<\/strong>: Adequado para sobremesas, bebidas, pastelaria e at\u00e9 pratos salgados.<\/li>\n<li><strong>Conserva\u00e7\u00e3o optimizada<\/strong>: garrafa herm\u00e9tica para preservar a frescura e a intensidade do aroma.<\/li>\n<li><strong>Econ\u00f3mico<\/strong>: basta uma pequena quantidade para aromatizar as suas prepara\u00e7\u00f5es, tornando o produto duradouro.<\/li>\n<\/ul>\n<p>&nbsp;<\/p>\n<p><!--more--><\/p>\n<h4>Outras informa\u00e7\u00f5es :<\/h4>\n<ul>\n<li><b>Altura: <\/b>115 mm<\/li>\n<li><strong>Embalagem<\/strong>: Por unidade<\/li>\n<li><strong>Volume<\/strong>: 50 ml<\/li>\n<li><b>Sabor: <\/b>Lim\u00e3o<\/li>\n<li><strong>Dosagem<\/strong>: 5g\/kg<\/li>\n<\/ul>\n<p>&nbsp;<\/p>\n<p><!--more--><\/p>\n<h4>Composi\u00e7\u00e3o:<\/h4>\n<ul>\n<li><strong>Xarope de a\u00e7\u00facar<\/strong> \/ <strong>\u00c1gua<\/strong> \/ <strong>Aroma de lim\u00e3o<\/strong><\/li>\n<\/ul>\n<p>&nbsp;<\/p>\n<p><!--more--><\/p>\n<p>Dispon\u00edvel em v\u00e1rios sabores: <span style=\"color: #d12727;\"><a style=\"color: #d12727;\" href=\"https:\/\/www.csj-emballages.com\/es\/produit\/liquido-sabor-almendra-amarga-50-ml\/\">Am\u00eandoa amarga<\/a><\/span> \/ <span style=\"color: #d12727;\"><a style=\"color: #d12727;\" href=\"https:\/\/www.csj-emballages.com\/produit\/arome-liquide-pistache-50-ml\/\">Pist\u00e1chio<\/a><\/span> \/ <span style=\"color: #d12727;\"><a style=\"color: #d12727;\" href=\"https:\/\/www.csj-emballages.com\/en\/produit\/liquid-cocoa-flavor-50-ml\/\">Cacau<\/a><\/span> \/ <span style=\"color: #d12727;\"><a style=\"color: #d12727;\" href=\"https:\/\/www.csj-emballages.com\/es\/produit\/platano-sabor-liquido-50-ml\/\">Banana<\/a><\/span> \/ <span style=\"color: #d12727;\"><a style=\"color: #d12727;\" href=\"https:\/\/www.csj-emballages.com\/produit\/arome-liquide-rose-50-ml\/\">Rosa<\/a><\/span> \/ <span style=\"color: #d12727;\"><a style=\"color: #d12727;\" href=\"https:\/\/www.csj-emballages.com\/produit\/arome-liquide-orange-50-ml\/\">Laranja<\/a><\/span><\/p>\n<p>&nbsp;<\/p>\n<p><!--more--><\/p>\n<p><a href=\"https:\/\/www.csj-emballages.com\/pt-pt\/categorie-produit\/alimentacao-pt-pt\/pastelaria\/sabores-pt-pt\/\">Descubra o resto da nossa gama de sabores<\/a><\/p>\n","protected":false},"excerpt":{"rendered":"<p>Aroma l\u00edquido Descri\u00e7\u00e3o do nosso aroma l\u00edquido de lim\u00e3o 50 ml<\/p>\n","protected":false},"featured_media":219155,"template":"","meta":{"_acf_changed":false},"product_brand":[],"product_cat":[1151,9214,9229],"product_tag":[],"class_list":{"0":"post-226069","1":"product","2":"type-product","3":"status-publish","4":"has-post-thumbnail","6":"product_cat-alimentacao-pt-pt","7":"product_cat-pastelaria","8":"product_cat-sabores-pt-pt","10":"first","11":"instock","12":"taxable","13":"shipping-taxable","14":"purchasable","15":"product-type-simple"},"acf":[],"yoast_head":"<!-- This site is optimized with the Yoast SEO Premium plugin v26.6 (Yoast SEO v26.6) - https:\/\/yoast.com\/wordpress\/plugins\/seo\/ -->\n<title>L\u00edquido com sabor a lim\u00e3o - 50 ml<\/title>\n<meta name=\"description\" content=\"Descubra o Aroma L\u00edquido de Lim\u00e3o 50 ml: um aroma natural e vers\u00e1til para real\u00e7ar as suas receitas doces e salgadas. Formato pr\u00e1tico, f\u00e1cil de dosear\" \/>\n<meta name=\"robots\" content=\"index, follow, max-snippet:-1, max-image-preview:large, max-video-preview:-1\" \/>\n<link rel=\"canonical\" href=\"https:\/\/www.csj-emballages.com\/pt-pt\/produit\/aroma-de-limao-liquido-50-ml\/\" \/>\n<meta property=\"og:locale\" content=\"pt_PT\" \/>\n<meta property=\"og:type\" content=\"article\" \/>\n<meta property=\"og:title\" content=\"Aroma de lim\u00e3o l\u00edquido 50 ml\" \/>\n<meta property=\"og:description\" content=\"Descubra o Aroma L\u00edquido de Lim\u00e3o 50 ml: um aroma natural e vers\u00e1til para real\u00e7ar as suas receitas doces e salgadas. Formato pr\u00e1tico, f\u00e1cil de dosear\" \/>\n<meta property=\"og:url\" content=\"https:\/\/www.csj-emballages.com\/pt-pt\/produit\/aroma-de-limao-liquido-50-ml\/\" \/>\n<meta property=\"og:site_name\" content=\"CSJ Emballages\" \/>\n<meta property=\"article:publisher\" content=\"https:\/\/www.facebook.com\/csjemballages\" \/>\n<meta property=\"article:modified_time\" content=\"2026-03-12T15:05:27+00:00\" \/>\n<meta property=\"og:image\" content=\"https:\/\/www.csj-emballages.com\/wp-content\/uploads\/2024\/12\/Arome-citron.webp\" \/>\n\t<meta property=\"og:image:width\" content=\"800\" \/>\n\t<meta property=\"og:image:height\" content=\"800\" \/>\n\t<meta property=\"og:image:type\" content=\"image\/webp\" \/>\n<meta name=\"twitter:card\" content=\"summary_large_image\" \/>\n<meta name=\"twitter:label1\" content=\"Tempo estimado de leitura\" \/>\n\t<meta name=\"twitter:data1\" content=\"3 minutos\" \/>\n<script type=\"application\/ld+json\" class=\"yoast-schema-graph\">{\"@context\":\"https:\/\/schema.org\",\"@graph\":[{\"@type\":\"WebPage\",\"@id\":\"https:\/\/www.csj-emballages.com\/pt-pt\/produit\/aroma-de-limao-liquido-50-ml\/\",\"url\":\"https:\/\/www.csj-emballages.com\/pt-pt\/produit\/aroma-de-limao-liquido-50-ml\/\",\"name\":\"L\u00edquido com sabor a lim\u00e3o - 50 ml\",\"isPartOf\":{\"@id\":\"https:\/\/www.csj-emballages.com\/pt-pt\/#website\"},\"primaryImageOfPage\":{\"@id\":\"https:\/\/www.csj-emballages.com\/pt-pt\/produit\/aroma-de-limao-liquido-50-ml\/#primaryimage\"},\"image\":{\"@id\":\"https:\/\/www.csj-emballages.com\/pt-pt\/produit\/aroma-de-limao-liquido-50-ml\/#primaryimage\"},\"thumbnailUrl\":\"https:\/\/www.csj-emballages.com\/wp-content\/uploads\/2024\/12\/Arome-citron.webp\",\"datePublished\":\"2024-12-19T01:18:31+00:00\",\"dateModified\":\"2026-03-12T15:05:27+00:00\",\"description\":\"Descubra o Aroma L\u00edquido de Lim\u00e3o 50 ml: um aroma natural e vers\u00e1til para real\u00e7ar as suas receitas doces e salgadas. Formato pr\u00e1tico, f\u00e1cil de dosear\",\"breadcrumb\":{\"@id\":\"https:\/\/www.csj-emballages.com\/pt-pt\/produit\/aroma-de-limao-liquido-50-ml\/#breadcrumb\"},\"inLanguage\":\"pt-PT\",\"potentialAction\":[{\"@type\":\"ReadAction\",\"target\":[\"https:\/\/www.csj-emballages.com\/pt-pt\/produit\/aroma-de-limao-liquido-50-ml\/\"]}]},{\"@type\":\"ImageObject\",\"inLanguage\":\"pt-PT\",\"@id\":\"https:\/\/www.csj-emballages.com\/pt-pt\/produit\/aroma-de-limao-liquido-50-ml\/#primaryimage\",\"url\":\"https:\/\/www.csj-emballages.com\/wp-content\/uploads\/2024\/12\/Arome-citron.webp\",\"contentUrl\":\"https:\/\/www.csj-emballages.com\/wp-content\/uploads\/2024\/12\/Arome-citron.webp\",\"width\":800,\"height\":800,\"caption\":\"Ar\u00f4me liquide citron\"},{\"@type\":\"BreadcrumbList\",\"@id\":\"https:\/\/www.csj-emballages.com\/pt-pt\/produit\/aroma-de-limao-liquido-50-ml\/#breadcrumb\",\"itemListElement\":[{\"@type\":\"ListItem\",\"position\":1,\"name\":\"Acolhimento\",\"item\":\"https:\/\/www.csj-emballages.com\/pt-pt\/universo-das-embalagens-alimentares\/\"},{\"@type\":\"ListItem\",\"position\":2,\"name\":\"Shop\",\"item\":\"https:\/\/www.csj-emballages.com\/shop\/\"},{\"@type\":\"ListItem\",\"position\":3,\"name\":\"Aroma de lim\u00e3o l\u00edquido 50 ml\"}]},{\"@type\":\"WebSite\",\"@id\":\"https:\/\/www.csj-emballages.com\/pt-pt\/#website\",\"url\":\"https:\/\/www.csj-emballages.com\/pt-pt\/\",\"name\":\"CSJ Emballages\",\"description\":\"\",\"publisher\":{\"@id\":\"https:\/\/www.csj-emballages.com\/pt-pt\/#organization\"},\"potentialAction\":[{\"@type\":\"SearchAction\",\"target\":{\"@type\":\"EntryPoint\",\"urlTemplate\":\"https:\/\/www.csj-emballages.com\/pt-pt\/?s={search_term_string}\"},\"query-input\":{\"@type\":\"PropertyValueSpecification\",\"valueRequired\":true,\"valueName\":\"search_term_string\"}}],\"inLanguage\":\"pt-PT\"},{\"@type\":\"Organization\",\"@id\":\"https:\/\/www.csj-emballages.com\/pt-pt\/#Organization\/\",\"name\":\"CSJ Emballages\",\"url\":\"https:\/\/www.csj-emballages.com\/pt-pt\/\",\"logo\":{\"@type\":\"ImageObject\",\"inLanguage\":\"pt-PT\",\"@id\":\"https:\/\/www.csj-emballages.com\/pt-pt\/#\/schema\/logo\/image\/\",\"url\":\"https:\/\/www.csj-emballages.com\/wp-content\/uploads\/2023\/10\/logo_csj.webp\",\"contentUrl\":\"https:\/\/www.csj-emballages.com\/wp-content\/uploads\/2023\/10\/logo_csj.webp\",\"width\":250,\"height\":95,\"caption\":\"CSJ Emballages\"},\"image\":{\"@id\":\"https:\/\/www.csj-emballages.com\/pt-pt\/#\/schema\/logo\/image\/\"},\"sameAs\":[\"https:\/\/www.facebook.com\/csjemballages\"],\"address\":{\"@type\":\"PostalAddress\",\"streetAddress\":\"ZI La Lechere\",\"addressLocality\":\"Patornay\",\"postalCode\":\"39130\",\"addressCountry\":\"FR\"},\"contactPoint\":[{\"@type\":\"ContactPoint\",\"contactType\":\"Service client\",\"telephone\":\"0384254272\",\"email\":\"contact@csj-emballages.com\"}]}]}<\/script>\n<!-- \/ Yoast SEO Premium plugin. -->","yoast_head_json":{"title":"L\u00edquido com sabor a lim\u00e3o - 50 ml","description":"Descubra o Aroma L\u00edquido de Lim\u00e3o 50 ml: um aroma natural e vers\u00e1til para real\u00e7ar as suas receitas doces e salgadas. Formato pr\u00e1tico, f\u00e1cil de dosear","robots":{"index":"index","follow":"follow","max-snippet":"max-snippet:-1","max-image-preview":"max-image-preview:large","max-video-preview":"max-video-preview:-1"},"canonical":"https:\/\/www.csj-emballages.com\/pt-pt\/produit\/aroma-de-limao-liquido-50-ml\/","og_locale":"pt_PT","og_type":"article","og_title":"Aroma de lim\u00e3o l\u00edquido 50 ml","og_description":"Descubra o Aroma L\u00edquido de Lim\u00e3o 50 ml: um aroma natural e vers\u00e1til para real\u00e7ar as suas receitas doces e salgadas. Formato pr\u00e1tico, f\u00e1cil de dosear","og_url":"https:\/\/www.csj-emballages.com\/pt-pt\/produit\/aroma-de-limao-liquido-50-ml\/","og_site_name":"CSJ Emballages","article_publisher":"https:\/\/www.facebook.com\/csjemballages","article_modified_time":"2026-03-12T15:05:27+00:00","og_image":[{"width":800,"height":800,"url":"https:\/\/www.csj-emballages.com\/wp-content\/uploads\/2024\/12\/Arome-citron.webp","type":"image\/webp"}],"twitter_card":"summary_large_image","twitter_misc":{"Tempo estimado de leitura":"3 minutos"},"schema":{"@context":"https:\/\/schema.org","@graph":[{"@type":"WebPage","@id":"https:\/\/www.csj-emballages.com\/pt-pt\/produit\/aroma-de-limao-liquido-50-ml\/","url":"https:\/\/www.csj-emballages.com\/pt-pt\/produit\/aroma-de-limao-liquido-50-ml\/","name":"L\u00edquido com sabor a lim\u00e3o - 50 ml","isPartOf":{"@id":"https:\/\/www.csj-emballages.com\/pt-pt\/#website"},"primaryImageOfPage":{"@id":"https:\/\/www.csj-emballages.com\/pt-pt\/produit\/aroma-de-limao-liquido-50-ml\/#primaryimage"},"image":{"@id":"https:\/\/www.csj-emballages.com\/pt-pt\/produit\/aroma-de-limao-liquido-50-ml\/#primaryimage"},"thumbnailUrl":"https:\/\/www.csj-emballages.com\/wp-content\/uploads\/2024\/12\/Arome-citron.webp","datePublished":"2024-12-19T01:18:31+00:00","dateModified":"2026-03-12T15:05:27+00:00","description":"Descubra o Aroma L\u00edquido de Lim\u00e3o 50 ml: um aroma natural e vers\u00e1til para real\u00e7ar as suas receitas doces e salgadas. Formato pr\u00e1tico, f\u00e1cil de dosear","breadcrumb":{"@id":"https:\/\/www.csj-emballages.com\/pt-pt\/produit\/aroma-de-limao-liquido-50-ml\/#breadcrumb"},"inLanguage":"pt-PT","potentialAction":[{"@type":"ReadAction","target":["https:\/\/www.csj-emballages.com\/pt-pt\/produit\/aroma-de-limao-liquido-50-ml\/"]}]},{"@type":"ImageObject","inLanguage":"pt-PT","@id":"https:\/\/www.csj-emballages.com\/pt-pt\/produit\/aroma-de-limao-liquido-50-ml\/#primaryimage","url":"https:\/\/www.csj-emballages.com\/wp-content\/uploads\/2024\/12\/Arome-citron.webp","contentUrl":"https:\/\/www.csj-emballages.com\/wp-content\/uploads\/2024\/12\/Arome-citron.webp","width":800,"height":800,"caption":"Ar\u00f4me liquide citron"},{"@type":"BreadcrumbList","@id":"https:\/\/www.csj-emballages.com\/pt-pt\/produit\/aroma-de-limao-liquido-50-ml\/#breadcrumb","itemListElement":[{"@type":"ListItem","position":1,"name":"Acolhimento","item":"https:\/\/www.csj-emballages.com\/pt-pt\/universo-das-embalagens-alimentares\/"},{"@type":"ListItem","position":2,"name":"Shop","item":"https:\/\/www.csj-emballages.com\/shop\/"},{"@type":"ListItem","position":3,"name":"Aroma de lim\u00e3o l\u00edquido 50 ml"}]},{"@type":"WebSite","@id":"https:\/\/www.csj-emballages.com\/pt-pt\/#website","url":"https:\/\/www.csj-emballages.com\/pt-pt\/","name":"CSJ Emballages","description":"","publisher":{"@id":"https:\/\/www.csj-emballages.com\/pt-pt\/#organization"},"potentialAction":[{"@type":"SearchAction","target":{"@type":"EntryPoint","urlTemplate":"https:\/\/www.csj-emballages.com\/pt-pt\/?s={search_term_string}"},"query-input":{"@type":"PropertyValueSpecification","valueRequired":true,"valueName":"search_term_string"}}],"inLanguage":"pt-PT"},{"@type":"Organization","@id":"https:\/\/www.csj-emballages.com\/pt-pt\/#Organization\/","name":"CSJ Emballages","url":"https:\/\/www.csj-emballages.com\/pt-pt\/","logo":{"@type":"ImageObject","inLanguage":"pt-PT","@id":"https:\/\/www.csj-emballages.com\/pt-pt\/#\/schema\/logo\/image\/","url":"https:\/\/www.csj-emballages.com\/wp-content\/uploads\/2023\/10\/logo_csj.webp","contentUrl":"https:\/\/www.csj-emballages.com\/wp-content\/uploads\/2023\/10\/logo_csj.webp","width":250,"height":95,"caption":"CSJ Emballages"},"image":{"@id":"https:\/\/www.csj-emballages.com\/pt-pt\/#\/schema\/logo\/image\/"},"sameAs":["https:\/\/www.facebook.com\/csjemballages"],"address":{"@type":"PostalAddress","streetAddress":"ZI La Lechere","addressLocality":"Patornay","postalCode":"39130","addressCountry":"FR"},"contactPoint":[{"@type":"ContactPoint","contactType":"Service client","telephone":"0384254272","email":"contact@csj-emballages.com"}]}]}},"df_price":2.81,"df_sale_price":"","df_regular_price":2.81,"df_image_link":"https:\/\/www.csj-emballages.com\/wp-content\/uploads\/2024\/12\/Arome-citron-300x300.webp","tiered_pricing_type":"fixed","tiered_pricing_fixed_rules":[],"tiered_pricing_percentage_rules":[],"tiered_pricing_minimum":1,"tiered_pricing_roles_data":[],"_links":{"self":[{"href":"https:\/\/www.csj-emballages.com\/pt-pt\/wp-json\/wp\/v2\/product\/226069","targetHints":{"allow":["GET"]}}],"collection":[{"href":"https:\/\/www.csj-emballages.com\/pt-pt\/wp-json\/wp\/v2\/product"}],"about":[{"href":"https:\/\/www.csj-emballages.com\/pt-pt\/wp-json\/wp\/v2\/types\/product"}],"wp:featuredmedia":[{"embeddable":true,"href":"https:\/\/www.csj-emballages.com\/pt-pt\/wp-json\/wp\/v2\/media\/219155"}],"wp:attachment":[{"href":"https:\/\/www.csj-emballages.com\/pt-pt\/wp-json\/wp\/v2\/media?parent=226069"}],"wp:term":[{"taxonomy":"product_brand","embeddable":true,"href":"https:\/\/www.csj-emballages.com\/pt-pt\/wp-json\/wp\/v2\/product_brand?post=226069"},{"taxonomy":"product_cat","embeddable":true,"href":"https:\/\/www.csj-emballages.com\/pt-pt\/wp-json\/wp\/v2\/product_cat?post=226069"},{"taxonomy":"product_tag","embeddable":true,"href":"https:\/\/www.csj-emballages.com\/pt-pt\/wp-json\/wp\/v2\/product_tag?post=226069"}],"curies":[{"name":"wp","href":"https:\/\/api.w.org\/{rel}","templated":true}]}}