{"id":226048,"date":"2024-12-18T15:01:18","date_gmt":"2024-12-18T14:01:18","guid":{"rendered":"https:\/\/www.csj-emballages.com\/produit\/suporte-para-waffles-em-cartao-130-x-110-x-30-por-100\/"},"modified":"2026-05-08T02:11:07","modified_gmt":"2026-05-08T00:11:07","slug":"suporte-para-waffles-em-cartao-130-x-110-x-30-por-100","status":"publish","type":"product","link":"https:\/\/www.csj-emballages.com\/pt-pt\/produit\/suporte-para-waffles-em-cartao-130-x-110-x-30-por-100\/","title":{"rendered":"Suporte para waffles em cart\u00e3o 130 x 110 x 30 por 100"},"content":{"rendered":"<h2>Suporte para waffles<\/h2>\n<hr>\n<h3>Descri\u00e7\u00e3o do nosso suporte para waffles em cart\u00e3o (100 unidades)<\/h3>\n<p><!--more--><\/p>\n<div class=\"flex max-w-full flex-col flex-grow\">\n<div class=\"min-h-8 text-message flex w-full flex-col items-end gap-2 whitespace-normal break-words text-start [.text-message+&amp;]:mt-5\" dir=\"auto\" data-message-author-role=\"assistant\" data-message-id=\"dd802632-1ba8-42e4-a93a-3aedf8fd8d3b\" data-message-model-slug=\"gpt-4o-mini\">\n<div class=\"flex w-full flex-col gap-1 empty:hidden first:pt-[3px]\">\n<div class=\"markdown prose w-full break-words dark:prose-invert dark\">\n<div class=\"flex max-w-full flex-col flex-grow\">\n<div class=\"min-h-8 text-message flex w-full flex-col items-end gap-2 whitespace-normal break-words text-start [.text-message+&amp;]:mt-5\" dir=\"auto\" data-message-author-role=\"assistant\" data-message-id=\"dcee9ac0-31e1-4c83-b1b6-cbf4bcbe00c2\" data-message-model-slug=\"gpt-4o-mini\">\n<div class=\"flex w-full flex-col gap-1 empty:hidden first:pt-[3px]\">\n<div class=\"markdown prose w-full break-words dark:prose-invert dark\">\n<p data-start=\"269\" data-end=\"667\">Quando se serve um waffle, tudo se decide nos detalhes. Este <strong data-start=\"329\" data-end=\"375\">suporte de waffle em cart\u00e3o 130 x 110 x 30 mm<\/strong> foi precisamente concebido para tornar o servi\u00e7o mais simples, mais limpo e mais agrad\u00e1vel, tanto para si como para os seus clientes. Mant\u00e9m o <strong>waffle<\/strong> perfeitamente no lugar, sem o esmagar, deixando espa\u00e7o suficiente para adicionar <strong>a\u00e7\u00facar<\/strong>, <strong>chocolate<\/strong> ou <strong>outros toppings deliciosos<\/strong>.  <\/p>\n<p data-start=\"669\" data-end=\"1041\">Gra\u00e7as \u00e0 sua forma aberta na frente, o <strong>waffle<\/strong> permanece f\u00e1cil de pegar e saborear. O cliente pode comer tranquilamente, sem sujar os dedos, o que \u00e9 ideal para venda para levar, bancas, food trucks ou eventos. Da mesma forma, o <strong>cart\u00e3o<\/strong> <strong>r\u00edgido<\/strong> oferece uma boa sustenta\u00e7\u00e3o: o <strong>suporte<\/strong> n\u00e3o se deforma e mant\u00e9m uma apresenta\u00e7\u00e3o cuidada do in\u00edcio ao fim.  <\/p>\n<p data-start=\"1043\" data-end=\"1282\">Outro ponto importante, este <strong>suporte para waffle<\/strong> permite poupar tempo. N\u00e3o precisa de embalagens complicadas, basta deslizar o <strong>waffle<\/strong> para dentro e est\u00e1 pronto a servir. \u00c9 uma mais-valia durante os per\u00edodos de maior aflu\u00eancia, quando cada segundo conta.  <\/p>\n<p data-start=\"1284\" data-end=\"1556\">Vendido <strong data-start=\"1290\" data-end=\"1308\">em lote de 100<\/strong>, este formato \u00e9 perfeito para gerir o seu stock sem sobrecarregar o seu espa\u00e7o. \u00c9 adequado tanto para waffles cl\u00e1ssicos como para vers\u00f5es mais generosas. Simples, eficaz e discreto, valoriza sobretudo o que realmente importa: o seu produto.  <\/p>\n<p data-start=\"1558\" data-end=\"1722\">Em resumo, este <strong>suporte de waffle<\/strong> \u00e9 uma solu\u00e7\u00e3o pr\u00e1tica e fi\u00e1vel para propor uma degusta\u00e7\u00e3o limpa, r\u00e1pida e agrad\u00e1vel, mantendo uma apresenta\u00e7\u00e3o cuidada.<\/p>\n<\/div>\n<\/div>\n<\/div>\n<\/div>\n<\/div>\n<\/div>\n<\/div>\n<\/div>\n<p>&nbsp;<\/p>\n<p style=\"text-align: right;\"><!--more--><\/p>\n<h4>Vantagens :<\/h4>\n<ul>\n<li data-start=\"1750\" data-end=\"1780\">Sustenta\u00e7\u00e3o est\u00e1vel do <strong>waffle<\/strong>.<\/li>\n<li data-start=\"1783\" data-end=\"1814\">Servi\u00e7o r\u00e1pido e sem esfor\u00e7o.<\/li>\n<li data-start=\"1817\" data-end=\"1844\"><strong>Cart\u00e3o r\u00edgido<\/strong> e pr\u00e1tico.<\/li>\n<li data-start=\"1847\" data-end=\"1879\">Ideal para venda para levar.<\/li>\n<li data-start=\"1882\" data-end=\"1912\">Embalagem econ\u00f3mica de <strong>100<\/strong> unidades.<\/li>\n<\/ul>\n<p>&nbsp;<\/p>\n<p><!--more--><\/p>\n<h4>Outras informa\u00e7\u00f5es :<\/h4>\n<ul>\n<li><strong>Embalagem<\/strong>: Pacote de 100<\/li>\n<li><strong>Dimens\u00f5es<\/strong>: 130 x 110 x 30 (C x L x A em mm)<\/li>\n<li><strong>Material<\/strong>: Cart\u00e3o<\/li>\n<li><strong>Cor<\/strong>: Branco<\/li>\n<\/ul>\n<p>&nbsp;<\/p>\n<p><!--more--><\/p>\n<p><a href=\"https:\/\/www.csj-emballages.com\/es\/produit\/soporte-de-carton-para-gofres-130-x-110-x-30-por-100\/\">Ver o resto da nossa gama de suportes ranhurados<\/a><\/p>\n","protected":false},"excerpt":{"rendered":"<p>Suporte para waffles Descri\u00e7\u00e3o do nosso suporte para waffles em cart\u00e3o (100 unidades)<\/p>\n","protected":false},"featured_media":259904,"template":"","meta":{"_acf_changed":false},"product_brand":[],"product_cat":[1141,1177,1914,2255,1138,3929,2534],"product_tag":[],"class_list":{"0":"post-226048","1":"product","2":"type-product","3":"status-publish","4":"has-post-thumbnail","6":"product_cat-embalagem-de-alimentos","7":"product_cat-padaria-e-pastelaria","8":"product_cat-suportes-para-bases-de-bolos","9":"product_cat-quadrados-ranhurados","10":"product_cat-restauracao","11":"product_cat-apoia-te","12":"product_cat-parenteses-rectos","14":"first","15":"instock","16":"taxable","17":"shipping-taxable","18":"purchasable","19":"product-type-simple"},"acf":[],"yoast_head":"<!-- This site is optimized with the Yoast SEO Premium plugin v26.6 (Yoast SEO v26.6) - https:\/\/yoast.com\/wordpress\/plugins\/seo\/ -->\n<title>Suporte para waffles em cart\u00e3o - 130 x 110 x 30 mm<\/title>\n<meta name=\"description\" content=\"Suporte de waffle em cart\u00e3o 130x110x30 mm vendido em embalagens de 100 unidades. Pr\u00e1tico, est\u00e1vel e ideal para venda para levar e eventos gastron\u00f3micos.\" \/>\n<meta name=\"robots\" content=\"index, follow, max-snippet:-1, max-image-preview:large, max-video-preview:-1\" \/>\n<link rel=\"canonical\" href=\"https:\/\/www.csj-emballages.com\/pt-pt\/produit\/suporte-para-waffles-em-cartao-130-x-110-x-30-por-100\/\" \/>\n<meta property=\"og:locale\" content=\"pt_PT\" \/>\n<meta property=\"og:type\" content=\"article\" \/>\n<meta property=\"og:title\" content=\"Suporte para waffles em cart\u00e3o 130 x 110 x 30 por 100\" \/>\n<meta property=\"og:description\" content=\"Suporte de waffle em cart\u00e3o 130x110x30 mm vendido em embalagens de 100 unidades. Pr\u00e1tico, est\u00e1vel e ideal para venda para levar e eventos gastron\u00f3micos.\" \/>\n<meta property=\"og:url\" content=\"https:\/\/www.csj-emballages.com\/pt-pt\/produit\/suporte-para-waffles-em-cartao-130-x-110-x-30-por-100\/\" \/>\n<meta property=\"og:site_name\" content=\"CSJ Emballages\" \/>\n<meta property=\"article:publisher\" content=\"https:\/\/www.facebook.com\/csjemballages\" \/>\n<meta property=\"article:modified_time\" content=\"2026-05-08T00:11:07+00:00\" \/>\n<meta property=\"og:image\" content=\"https:\/\/www.csj-emballages.com\/wp-content\/uploads\/2024\/12\/BPGAUF.webp\" \/>\n\t<meta property=\"og:image:width\" content=\"800\" \/>\n\t<meta property=\"og:image:height\" content=\"800\" \/>\n\t<meta property=\"og:image:type\" content=\"image\/webp\" \/>\n<meta name=\"twitter:card\" content=\"summary_large_image\" \/>\n<meta name=\"twitter:label1\" content=\"Tempo estimado de leitura\" \/>\n\t<meta name=\"twitter:data1\" content=\"2 minutos\" \/>\n<script type=\"application\/ld+json\" class=\"yoast-schema-graph\">{\"@context\":\"https:\/\/schema.org\",\"@graph\":[{\"@type\":\"WebPage\",\"@id\":\"https:\/\/www.csj-emballages.com\/pt-pt\/produit\/suporte-para-waffles-em-cartao-130-x-110-x-30-por-100\/\",\"url\":\"https:\/\/www.csj-emballages.com\/pt-pt\/produit\/suporte-para-waffles-em-cartao-130-x-110-x-30-por-100\/\",\"name\":\"Suporte para waffles em cart\u00e3o - 130 x 110 x 30 mm\",\"isPartOf\":{\"@id\":\"https:\/\/www.csj-emballages.com\/pt-pt\/#website\"},\"primaryImageOfPage\":{\"@id\":\"https:\/\/www.csj-emballages.com\/pt-pt\/produit\/suporte-para-waffles-em-cartao-130-x-110-x-30-por-100\/#primaryimage\"},\"image\":{\"@id\":\"https:\/\/www.csj-emballages.com\/pt-pt\/produit\/suporte-para-waffles-em-cartao-130-x-110-x-30-por-100\/#primaryimage\"},\"thumbnailUrl\":\"https:\/\/www.csj-emballages.com\/wp-content\/uploads\/2024\/12\/BPGAUF.webp\",\"datePublished\":\"2024-12-18T14:01:18+00:00\",\"dateModified\":\"2026-05-08T00:11:07+00:00\",\"description\":\"Suporte de waffle em cart\u00e3o 130x110x30 mm vendido em embalagens de 100 unidades. Pr\u00e1tico, est\u00e1vel e ideal para venda para levar e eventos gastron\u00f3micos.\",\"breadcrumb\":{\"@id\":\"https:\/\/www.csj-emballages.com\/pt-pt\/produit\/suporte-para-waffles-em-cartao-130-x-110-x-30-por-100\/#breadcrumb\"},\"inLanguage\":\"pt-PT\",\"potentialAction\":[{\"@type\":\"ReadAction\",\"target\":[\"https:\/\/www.csj-emballages.com\/pt-pt\/produit\/suporte-para-waffles-em-cartao-130-x-110-x-30-por-100\/\"]}]},{\"@type\":\"ImageObject\",\"inLanguage\":\"pt-PT\",\"@id\":\"https:\/\/www.csj-emballages.com\/pt-pt\/produit\/suporte-para-waffles-em-cartao-130-x-110-x-30-por-100\/#primaryimage\",\"url\":\"https:\/\/www.csj-emballages.com\/wp-content\/uploads\/2024\/12\/BPGAUF.webp\",\"contentUrl\":\"https:\/\/www.csj-emballages.com\/wp-content\/uploads\/2024\/12\/BPGAUF.webp\",\"width\":800,\"height\":800,\"caption\":\"support gaufre\"},{\"@type\":\"BreadcrumbList\",\"@id\":\"https:\/\/www.csj-emballages.com\/pt-pt\/produit\/suporte-para-waffles-em-cartao-130-x-110-x-30-por-100\/#breadcrumb\",\"itemListElement\":[{\"@type\":\"ListItem\",\"position\":1,\"name\":\"Acolhimento\",\"item\":\"https:\/\/www.csj-emballages.com\/pt-pt\/universo-das-embalagens-alimentares\/\"},{\"@type\":\"ListItem\",\"position\":2,\"name\":\"Shop\",\"item\":\"https:\/\/www.csj-emballages.com\/shop\/\"},{\"@type\":\"ListItem\",\"position\":3,\"name\":\"Suporte para waffles em cart\u00e3o 130 x 110 x 30 por 100\"}]},{\"@type\":\"WebSite\",\"@id\":\"https:\/\/www.csj-emballages.com\/pt-pt\/#website\",\"url\":\"https:\/\/www.csj-emballages.com\/pt-pt\/\",\"name\":\"CSJ Emballages\",\"description\":\"\",\"publisher\":{\"@id\":\"https:\/\/www.csj-emballages.com\/pt-pt\/#organization\"},\"potentialAction\":[{\"@type\":\"SearchAction\",\"target\":{\"@type\":\"EntryPoint\",\"urlTemplate\":\"https:\/\/www.csj-emballages.com\/pt-pt\/?s={search_term_string}\"},\"query-input\":{\"@type\":\"PropertyValueSpecification\",\"valueRequired\":true,\"valueName\":\"search_term_string\"}}],\"inLanguage\":\"pt-PT\"},{\"@type\":\"Organization\",\"@id\":\"https:\/\/www.csj-emballages.com\/pt-pt\/#Organization\/\",\"name\":\"CSJ Emballages\",\"url\":\"https:\/\/www.csj-emballages.com\/pt-pt\/\",\"logo\":{\"@type\":\"ImageObject\",\"inLanguage\":\"pt-PT\",\"@id\":\"https:\/\/www.csj-emballages.com\/pt-pt\/#\/schema\/logo\/image\/\",\"url\":\"https:\/\/www.csj-emballages.com\/wp-content\/uploads\/2023\/10\/logo_csj.webp\",\"contentUrl\":\"https:\/\/www.csj-emballages.com\/wp-content\/uploads\/2023\/10\/logo_csj.webp\",\"width\":250,\"height\":95,\"caption\":\"CSJ Emballages\"},\"image\":{\"@id\":\"https:\/\/www.csj-emballages.com\/pt-pt\/#\/schema\/logo\/image\/\"},\"sameAs\":[\"https:\/\/www.facebook.com\/csjemballages\"],\"address\":{\"@type\":\"PostalAddress\",\"streetAddress\":\"ZI La Lechere\",\"addressLocality\":\"Patornay\",\"postalCode\":\"39130\",\"addressCountry\":\"FR\"},\"contactPoint\":[{\"@type\":\"ContactPoint\",\"contactType\":\"Service client\",\"telephone\":\"0384254272\",\"email\":\"contact@csj-emballages.com\"}]}]}<\/script>\n<!-- \/ Yoast SEO Premium plugin. -->","yoast_head_json":{"title":"Suporte para waffles em cart\u00e3o - 130 x 110 x 30 mm","description":"Suporte de waffle em cart\u00e3o 130x110x30 mm vendido em embalagens de 100 unidades. Pr\u00e1tico, est\u00e1vel e ideal para venda para levar e eventos gastron\u00f3micos.","robots":{"index":"index","follow":"follow","max-snippet":"max-snippet:-1","max-image-preview":"max-image-preview:large","max-video-preview":"max-video-preview:-1"},"canonical":"https:\/\/www.csj-emballages.com\/pt-pt\/produit\/suporte-para-waffles-em-cartao-130-x-110-x-30-por-100\/","og_locale":"pt_PT","og_type":"article","og_title":"Suporte para waffles em cart\u00e3o 130 x 110 x 30 por 100","og_description":"Suporte de waffle em cart\u00e3o 130x110x30 mm vendido em embalagens de 100 unidades. Pr\u00e1tico, est\u00e1vel e ideal para venda para levar e eventos gastron\u00f3micos.","og_url":"https:\/\/www.csj-emballages.com\/pt-pt\/produit\/suporte-para-waffles-em-cartao-130-x-110-x-30-por-100\/","og_site_name":"CSJ Emballages","article_publisher":"https:\/\/www.facebook.com\/csjemballages","article_modified_time":"2026-05-08T00:11:07+00:00","og_image":[{"width":800,"height":800,"url":"https:\/\/www.csj-emballages.com\/wp-content\/uploads\/2024\/12\/BPGAUF.webp","type":"image\/webp"}],"twitter_card":"summary_large_image","twitter_misc":{"Tempo estimado de leitura":"2 minutos"},"schema":{"@context":"https:\/\/schema.org","@graph":[{"@type":"WebPage","@id":"https:\/\/www.csj-emballages.com\/pt-pt\/produit\/suporte-para-waffles-em-cartao-130-x-110-x-30-por-100\/","url":"https:\/\/www.csj-emballages.com\/pt-pt\/produit\/suporte-para-waffles-em-cartao-130-x-110-x-30-por-100\/","name":"Suporte para waffles em cart\u00e3o - 130 x 110 x 30 mm","isPartOf":{"@id":"https:\/\/www.csj-emballages.com\/pt-pt\/#website"},"primaryImageOfPage":{"@id":"https:\/\/www.csj-emballages.com\/pt-pt\/produit\/suporte-para-waffles-em-cartao-130-x-110-x-30-por-100\/#primaryimage"},"image":{"@id":"https:\/\/www.csj-emballages.com\/pt-pt\/produit\/suporte-para-waffles-em-cartao-130-x-110-x-30-por-100\/#primaryimage"},"thumbnailUrl":"https:\/\/www.csj-emballages.com\/wp-content\/uploads\/2024\/12\/BPGAUF.webp","datePublished":"2024-12-18T14:01:18+00:00","dateModified":"2026-05-08T00:11:07+00:00","description":"Suporte de waffle em cart\u00e3o 130x110x30 mm vendido em embalagens de 100 unidades. Pr\u00e1tico, est\u00e1vel e ideal para venda para levar e eventos gastron\u00f3micos.","breadcrumb":{"@id":"https:\/\/www.csj-emballages.com\/pt-pt\/produit\/suporte-para-waffles-em-cartao-130-x-110-x-30-por-100\/#breadcrumb"},"inLanguage":"pt-PT","potentialAction":[{"@type":"ReadAction","target":["https:\/\/www.csj-emballages.com\/pt-pt\/produit\/suporte-para-waffles-em-cartao-130-x-110-x-30-por-100\/"]}]},{"@type":"ImageObject","inLanguage":"pt-PT","@id":"https:\/\/www.csj-emballages.com\/pt-pt\/produit\/suporte-para-waffles-em-cartao-130-x-110-x-30-por-100\/#primaryimage","url":"https:\/\/www.csj-emballages.com\/wp-content\/uploads\/2024\/12\/BPGAUF.webp","contentUrl":"https:\/\/www.csj-emballages.com\/wp-content\/uploads\/2024\/12\/BPGAUF.webp","width":800,"height":800,"caption":"support gaufre"},{"@type":"BreadcrumbList","@id":"https:\/\/www.csj-emballages.com\/pt-pt\/produit\/suporte-para-waffles-em-cartao-130-x-110-x-30-por-100\/#breadcrumb","itemListElement":[{"@type":"ListItem","position":1,"name":"Acolhimento","item":"https:\/\/www.csj-emballages.com\/pt-pt\/universo-das-embalagens-alimentares\/"},{"@type":"ListItem","position":2,"name":"Shop","item":"https:\/\/www.csj-emballages.com\/shop\/"},{"@type":"ListItem","position":3,"name":"Suporte para waffles em cart\u00e3o 130 x 110 x 30 por 100"}]},{"@type":"WebSite","@id":"https:\/\/www.csj-emballages.com\/pt-pt\/#website","url":"https:\/\/www.csj-emballages.com\/pt-pt\/","name":"CSJ Emballages","description":"","publisher":{"@id":"https:\/\/www.csj-emballages.com\/pt-pt\/#organization"},"potentialAction":[{"@type":"SearchAction","target":{"@type":"EntryPoint","urlTemplate":"https:\/\/www.csj-emballages.com\/pt-pt\/?s={search_term_string}"},"query-input":{"@type":"PropertyValueSpecification","valueRequired":true,"valueName":"search_term_string"}}],"inLanguage":"pt-PT"},{"@type":"Organization","@id":"https:\/\/www.csj-emballages.com\/pt-pt\/#Organization\/","name":"CSJ Emballages","url":"https:\/\/www.csj-emballages.com\/pt-pt\/","logo":{"@type":"ImageObject","inLanguage":"pt-PT","@id":"https:\/\/www.csj-emballages.com\/pt-pt\/#\/schema\/logo\/image\/","url":"https:\/\/www.csj-emballages.com\/wp-content\/uploads\/2023\/10\/logo_csj.webp","contentUrl":"https:\/\/www.csj-emballages.com\/wp-content\/uploads\/2023\/10\/logo_csj.webp","width":250,"height":95,"caption":"CSJ Emballages"},"image":{"@id":"https:\/\/www.csj-emballages.com\/pt-pt\/#\/schema\/logo\/image\/"},"sameAs":["https:\/\/www.facebook.com\/csjemballages"],"address":{"@type":"PostalAddress","streetAddress":"ZI La Lechere","addressLocality":"Patornay","postalCode":"39130","addressCountry":"FR"},"contactPoint":[{"@type":"ContactPoint","contactType":"Service client","telephone":"0384254272","email":"contact@csj-emballages.com"}]}]}},"df_price":7.18,"df_sale_price":"","df_regular_price":7.18,"df_image_link":"https:\/\/www.csj-emballages.com\/wp-content\/uploads\/2024\/12\/BPGAUF-300x300.webp","tiered_pricing_type":"fixed","tiered_pricing_fixed_rules":[],"tiered_pricing_percentage_rules":[],"tiered_pricing_minimum":1,"tiered_pricing_roles_data":[],"_links":{"self":[{"href":"https:\/\/www.csj-emballages.com\/pt-pt\/wp-json\/wp\/v2\/product\/226048","targetHints":{"allow":["GET"]}}],"collection":[{"href":"https:\/\/www.csj-emballages.com\/pt-pt\/wp-json\/wp\/v2\/product"}],"about":[{"href":"https:\/\/www.csj-emballages.com\/pt-pt\/wp-json\/wp\/v2\/types\/product"}],"wp:featuredmedia":[{"embeddable":true,"href":"https:\/\/www.csj-emballages.com\/pt-pt\/wp-json\/wp\/v2\/media\/259904"}],"wp:attachment":[{"href":"https:\/\/www.csj-emballages.com\/pt-pt\/wp-json\/wp\/v2\/media?parent=226048"}],"wp:term":[{"taxonomy":"product_brand","embeddable":true,"href":"https:\/\/www.csj-emballages.com\/pt-pt\/wp-json\/wp\/v2\/product_brand?post=226048"},{"taxonomy":"product_cat","embeddable":true,"href":"https:\/\/www.csj-emballages.com\/pt-pt\/wp-json\/wp\/v2\/product_cat?post=226048"},{"taxonomy":"product_tag","embeddable":true,"href":"https:\/\/www.csj-emballages.com\/pt-pt\/wp-json\/wp\/v2\/product_tag?post=226048"}],"curies":[{"name":"wp","href":"https:\/\/api.w.org\/{rel}","templated":true}]}}