{"id":22589,"date":"2024-03-01T16:50:31","date_gmt":"2024-03-01T15:50:31","guid":{"rendered":"https:\/\/u15jnbdpoq.preview.infomaniak.website\/produit\/25-tabuleiros-de-cartao-autocolante-29-x-38-cm\/"},"modified":"2026-04-03T02:18:47","modified_gmt":"2026-04-03T00:18:47","slug":"25-tabuleiros-de-cartao-autocolante-29-x-38-cm","status":"publish","type":"product","link":"https:\/\/www.csj-emballages.com\/pt-pt\/produit\/25-tabuleiros-de-cartao-autocolante-29-x-38-cm\/","title":{"rendered":"Tabuleiro de cart\u00e3o 29 x 38 cm, embalagem de 25"},"content":{"rendered":"<h2>Tabuleiro self-service<\/h2>\n<hr>\n<h3>Descri\u00e7\u00e3o do nosso tabuleiro autocolante de cart\u00e3o 29 x 38 cm, embalagem de 25<\/h3>\n<p><!--more--><\/p>\n<p data-start=\"152\" data-end=\"619\">O <strong data-start=\"155\" data-end=\"192\">tabuleiro self-service em cart\u00e3o de 29 x 38 cm<\/strong> \u00e9 indispens\u00e1vel para os profissionais do sector da restaura\u00e7\u00e3o, do takeaway e do buffet. Pr\u00e1tico e resistente, foi especialmente concebido para facilitar o <strong data-start=\"391\" data-end=\"418\">self-service<\/strong> ou a apresenta\u00e7\u00e3o dos seus pratos e sobremesas. Gra\u00e7as ao seu tamanho generoso, pode conter v\u00e1rios recipientes, <span style=\"color: #d12727;\"><a style=\"color: #d12727;\" href=\"https:\/\/www.csj-emballages.com\/pt-pt\/categorie-produit\/embalagem-de-alimentos\/restauracao\/pratos-talheres-descartaveis-palhinhas\/\">pratos<\/a><\/span> ou <span style=\"color: #d12727;\"><a style=\"color: #d12727;\" href=\"https:\/\/www.csj-emballages.com\/pt-pt\/categorie-produit\/embalagem-de-alimentos\/restauracao\/chavenas-copos-baldes-garrafas\/\">copos<\/a><\/span> mantendo-se est\u00e1vel durante o transporte.  <\/p>\n<p data-start=\"621\" data-end=\"1022\">Fabricado em <strong data-start=\"633\" data-end=\"661\">cart\u00e3o r\u00edgido de alta qualidade<\/strong>, este <strong>tabuleiro para self<\/strong> ies \u00e9 extremamente resistente, mesmo quando carregado. O seu design eco-respons\u00e1vel torna-o uma alternativa sustent\u00e1vel aos tabuleiros de pl\u00e1stico, satisfazendo as expectativas dos consumidores sens\u00edveis ao impacto ambiental. Leve mas resistente, \u00e9 f\u00e1cil e confort\u00e1vel de manusear tanto para os seus clientes como para o seu pessoal.  <\/p>\n<p data-start=\"1024\" data-end=\"1381\">Ideal para cantinas, cafetarias e snack-bares, mas tamb\u00e9m para eventos pontuais como recep\u00e7\u00f5es, cocktails ou refei\u00e7\u00f5es de empresa, o <strong>tabuleiro<\/strong> <strong>self-service<\/strong> \u00e9 uma solu\u00e7\u00e3o <strong data-start=\"1238\" data-end=\"1278\">higi\u00e9nica, econ\u00f3mica e atraente<\/strong>. O seu formato standard (29 x 38 cm) adapta-se perfeitamente \u00e0s necessidades quotidianas da restaura\u00e7\u00e3o. <\/p>\n<p data-start=\"1383\" data-end=\"1679\">Quer seja um <strong data-start=\"1401\" data-end=\"1431\">profissional da restaura\u00e7\u00e3o<\/strong> ou um <strong data-start=\"1438\" data-end=\"1466\">organizador de eventos<\/strong>, estes <strong>tabuleiros<\/strong> s\u00e3o vendidos em embalagens de <strong>25<\/strong> unidades. F\u00e1ceis de guardar e de utilizar, poupam-lhe tempo e melhoram a qualidade do servi\u00e7o prestado aos seus clientes. <\/p>\n<p data-start=\"1681\" data-end=\"1840\">Em suma, com este <strong>tabuleiro<\/strong> \u00e9 poss\u00edvel combinar <strong data-start=\"1717\" data-end=\"1770\">praticidade, robustez e respeito pelo ambiente<\/strong>.<\/p>\n<p data-start=\"1681\" data-end=\"1840\">\n<p><!--more--><\/p>\n<h4>Vantagens :<\/h4>\n<ul>\n<li>Forte e r\u00edgido, adequado para o transporte de refei\u00e7\u00f5es completas.<\/li>\n<li>Formato pr\u00e1tico para self-service, cafetaria ou catering.<\/li>\n<li>Uma alternativa ecol\u00f3gica aos tabuleiros de pl\u00e1stico.<\/li>\n<li>Leve e f\u00e1cil de manusear.<\/li>\n<li>Embalados em pacotes de 25 para uma utiliza\u00e7\u00e3o econ\u00f3mica.<\/li>\n<\/ul>\n<p>&nbsp;<\/p>\n<p><!--more--><\/p>\n<h4>Outras informa\u00e7\u00f5es :<\/h4>\n<ul>\n<li><strong>Embalagem<\/strong>: Pacote de 25<\/li>\n<li><strong>Dimens\u00f5es exteriores<\/strong> 290 x 380 (C x L em mm)<\/li>\n<li><strong>Dimens\u00f5es interiores<\/strong>: 250 x 340 mm (C x L em mm)<\/li>\n<li><strong>Cor<\/strong>: Branco<\/li>\n<li><strong>Material<\/strong>: Microcanal<\/li>\n<\/ul>\n<p>&nbsp;<\/p>\n<p><!--more--><\/p>\n<p>Saiba mais sobre o nosso tabuleiro de cart\u00e3o self-service em 65 : <span style=\"color: #d12727;\"><a style=\"color: #d12727;\" href=\"https:\/\/www.csj-emballages.com\/pt-pt\/produit\/65-tabuleiros-kraft-para-takeaway\/\">PLK<\/a><\/span><\/p>\n<p>&nbsp;<\/p>\n<p><!--more--><\/p>\n<p><a href=\"https:\/\/www.csj-emballages.com\/pt-pt\/categorie-produit\/embalagem-de-alimentos\/talho-e-charcutaria\/tabuleiros\/tabuleiros-self-service\/\">Ver o resto da nossa gama de tabuleiros self-service<\/a><\/p>\n","protected":false},"excerpt":{"rendered":"<p>Tabuleiro self-service Descri\u00e7\u00e3o do nosso tabuleiro autocolante de cart\u00e3o 29 x 38 cm, embalagem de 25<\/p>\n","protected":false},"featured_media":177189,"template":"","meta":{"_acf_changed":false},"product_brand":[],"product_cat":[1141,1176,1287,3128,1138,1301,3127],"product_tag":[],"class_list":{"0":"post-22589","1":"product","2":"type-product","3":"status-publish","4":"has-post-thumbnail","6":"product_cat-embalagem-de-alimentos","7":"product_cat-talho-e-charcutaria","8":"product_cat-tabuleiros","9":"product_cat-tabuleiros-self-service","10":"product_cat-restauracao","11":"product_cat-tabuleiros-pt-pt","12":"product_cat-tabuleiros-descartaveis-para-self-service","14":"first","15":"instock","16":"taxable","17":"shipping-taxable","18":"purchasable","19":"product-type-simple"},"acf":[],"yoast_head":"<!-- This site is optimized with the Yoast SEO Premium plugin v26.6 (Yoast SEO v26.6) - https:\/\/yoast.com\/wordpress\/plugins\/seo\/ -->\n<title>Tabuleiro auto-cartonado 29 x 38 cm por 25<\/title>\n<meta name=\"description\" content=\"Tabuleiro self-service em cart\u00e3o de 29 x 38 cm. Robusto, pr\u00e1tico e eco-respons\u00e1vel, ideal para self-service, catering e restaura\u00e7\u00e3o colectiva.\" \/>\n<meta name=\"robots\" content=\"index, follow, max-snippet:-1, max-image-preview:large, max-video-preview:-1\" \/>\n<link rel=\"canonical\" href=\"https:\/\/www.csj-emballages.com\/pt-pt\/produit\/25-tabuleiros-de-cartao-autocolante-29-x-38-cm\/\" \/>\n<meta property=\"og:locale\" content=\"pt_PT\" \/>\n<meta property=\"og:type\" content=\"article\" \/>\n<meta property=\"og:title\" content=\"Tabuleiro de cart\u00e3o 29 x 38 cm, embalagem de 25\" \/>\n<meta property=\"og:description\" content=\"Tabuleiro self-service em cart\u00e3o de 29 x 38 cm. Robusto, pr\u00e1tico e eco-respons\u00e1vel, ideal para self-service, catering e restaura\u00e7\u00e3o colectiva.\" \/>\n<meta property=\"og:url\" content=\"https:\/\/www.csj-emballages.com\/pt-pt\/produit\/25-tabuleiros-de-cartao-autocolante-29-x-38-cm\/\" \/>\n<meta property=\"og:site_name\" content=\"CSJ Emballages\" \/>\n<meta property=\"article:publisher\" content=\"https:\/\/www.facebook.com\/csjemballages\" \/>\n<meta property=\"article:modified_time\" content=\"2026-04-03T00:18:47+00:00\" \/>\n<meta property=\"og:image\" content=\"https:\/\/www.csj-emballages.com\/wp-content\/uploads\/2024\/03\/Plateauself.webp\" \/>\n\t<meta property=\"og:image:width\" content=\"800\" \/>\n\t<meta property=\"og:image:height\" content=\"800\" \/>\n\t<meta property=\"og:image:type\" content=\"image\/webp\" \/>\n<meta name=\"twitter:card\" content=\"summary_large_image\" \/>\n<meta name=\"twitter:label1\" content=\"Tempo estimado de leitura\" \/>\n\t<meta name=\"twitter:data1\" content=\"2 minutos\" \/>\n<script type=\"application\/ld+json\" class=\"yoast-schema-graph\">{\"@context\":\"https:\/\/schema.org\",\"@graph\":[{\"@type\":\"WebPage\",\"@id\":\"https:\/\/www.csj-emballages.com\/pt-pt\/produit\/25-tabuleiros-de-cartao-autocolante-29-x-38-cm\/\",\"url\":\"https:\/\/www.csj-emballages.com\/pt-pt\/produit\/25-tabuleiros-de-cartao-autocolante-29-x-38-cm\/\",\"name\":\"Tabuleiro auto-cartonado 29 x 38 cm por 25\",\"isPartOf\":{\"@id\":\"https:\/\/www.csj-emballages.com\/pt-pt\/#website\"},\"primaryImageOfPage\":{\"@id\":\"https:\/\/www.csj-emballages.com\/pt-pt\/produit\/25-tabuleiros-de-cartao-autocolante-29-x-38-cm\/#primaryimage\"},\"image\":{\"@id\":\"https:\/\/www.csj-emballages.com\/pt-pt\/produit\/25-tabuleiros-de-cartao-autocolante-29-x-38-cm\/#primaryimage\"},\"thumbnailUrl\":\"https:\/\/www.csj-emballages.com\/wp-content\/uploads\/2024\/03\/Plateauself.webp\",\"datePublished\":\"2024-03-01T15:50:31+00:00\",\"dateModified\":\"2026-04-03T00:18:47+00:00\",\"description\":\"Tabuleiro self-service em cart\u00e3o de 29 x 38 cm. Robusto, pr\u00e1tico e eco-respons\u00e1vel, ideal para self-service, catering e restaura\u00e7\u00e3o colectiva.\",\"breadcrumb\":{\"@id\":\"https:\/\/www.csj-emballages.com\/pt-pt\/produit\/25-tabuleiros-de-cartao-autocolante-29-x-38-cm\/#breadcrumb\"},\"inLanguage\":\"pt-PT\",\"potentialAction\":[{\"@type\":\"ReadAction\",\"target\":[\"https:\/\/www.csj-emballages.com\/pt-pt\/produit\/25-tabuleiros-de-cartao-autocolante-29-x-38-cm\/\"]}]},{\"@type\":\"ImageObject\",\"inLanguage\":\"pt-PT\",\"@id\":\"https:\/\/www.csj-emballages.com\/pt-pt\/produit\/25-tabuleiros-de-cartao-autocolante-29-x-38-cm\/#primaryimage\",\"url\":\"https:\/\/www.csj-emballages.com\/wp-content\/uploads\/2024\/03\/Plateauself.webp\",\"contentUrl\":\"https:\/\/www.csj-emballages.com\/wp-content\/uploads\/2024\/03\/Plateauself.webp\",\"width\":800,\"height\":800,\"caption\":\"Plateau self\"},{\"@type\":\"BreadcrumbList\",\"@id\":\"https:\/\/www.csj-emballages.com\/pt-pt\/produit\/25-tabuleiros-de-cartao-autocolante-29-x-38-cm\/#breadcrumb\",\"itemListElement\":[{\"@type\":\"ListItem\",\"position\":1,\"name\":\"Acolhimento\",\"item\":\"https:\/\/www.csj-emballages.com\/pt-pt\/universo-das-embalagens-alimentares\/\"},{\"@type\":\"ListItem\",\"position\":2,\"name\":\"Shop\",\"item\":\"https:\/\/www.csj-emballages.com\/shop\/\"},{\"@type\":\"ListItem\",\"position\":3,\"name\":\"Tabuleiro de cart\u00e3o 29 x 38 cm, embalagem de 25\"}]},{\"@type\":\"WebSite\",\"@id\":\"https:\/\/www.csj-emballages.com\/pt-pt\/#website\",\"url\":\"https:\/\/www.csj-emballages.com\/pt-pt\/\",\"name\":\"CSJ Emballages\",\"description\":\"\",\"publisher\":{\"@id\":\"https:\/\/www.csj-emballages.com\/pt-pt\/#organization\"},\"potentialAction\":[{\"@type\":\"SearchAction\",\"target\":{\"@type\":\"EntryPoint\",\"urlTemplate\":\"https:\/\/www.csj-emballages.com\/pt-pt\/?s={search_term_string}\"},\"query-input\":{\"@type\":\"PropertyValueSpecification\",\"valueRequired\":true,\"valueName\":\"search_term_string\"}}],\"inLanguage\":\"pt-PT\"},{\"@type\":\"Organization\",\"@id\":\"https:\/\/www.csj-emballages.com\/pt-pt\/#Organization\/\",\"name\":\"CSJ Emballages\",\"url\":\"https:\/\/www.csj-emballages.com\/pt-pt\/\",\"logo\":{\"@type\":\"ImageObject\",\"inLanguage\":\"pt-PT\",\"@id\":\"https:\/\/www.csj-emballages.com\/pt-pt\/#\/schema\/logo\/image\/\",\"url\":\"https:\/\/www.csj-emballages.com\/wp-content\/uploads\/2023\/10\/logo_csj.webp\",\"contentUrl\":\"https:\/\/www.csj-emballages.com\/wp-content\/uploads\/2023\/10\/logo_csj.webp\",\"width\":250,\"height\":95,\"caption\":\"CSJ Emballages\"},\"image\":{\"@id\":\"https:\/\/www.csj-emballages.com\/pt-pt\/#\/schema\/logo\/image\/\"},\"sameAs\":[\"https:\/\/www.facebook.com\/csjemballages\"],\"address\":{\"@type\":\"PostalAddress\",\"streetAddress\":\"ZI La Lechere\",\"addressLocality\":\"Patornay\",\"postalCode\":\"39130\",\"addressCountry\":\"FR\"},\"contactPoint\":[{\"@type\":\"ContactPoint\",\"contactType\":\"Service client\",\"telephone\":\"0384254272\",\"email\":\"contact@csj-emballages.com\"}]}]}<\/script>\n<!-- \/ Yoast SEO Premium plugin. -->","yoast_head_json":{"title":"Tabuleiro auto-cartonado 29 x 38 cm por 25","description":"Tabuleiro self-service em cart\u00e3o de 29 x 38 cm. Robusto, pr\u00e1tico e eco-respons\u00e1vel, ideal para self-service, catering e restaura\u00e7\u00e3o colectiva.","robots":{"index":"index","follow":"follow","max-snippet":"max-snippet:-1","max-image-preview":"max-image-preview:large","max-video-preview":"max-video-preview:-1"},"canonical":"https:\/\/www.csj-emballages.com\/pt-pt\/produit\/25-tabuleiros-de-cartao-autocolante-29-x-38-cm\/","og_locale":"pt_PT","og_type":"article","og_title":"Tabuleiro de cart\u00e3o 29 x 38 cm, embalagem de 25","og_description":"Tabuleiro self-service em cart\u00e3o de 29 x 38 cm. Robusto, pr\u00e1tico e eco-respons\u00e1vel, ideal para self-service, catering e restaura\u00e7\u00e3o colectiva.","og_url":"https:\/\/www.csj-emballages.com\/pt-pt\/produit\/25-tabuleiros-de-cartao-autocolante-29-x-38-cm\/","og_site_name":"CSJ Emballages","article_publisher":"https:\/\/www.facebook.com\/csjemballages","article_modified_time":"2026-04-03T00:18:47+00:00","og_image":[{"width":800,"height":800,"url":"https:\/\/www.csj-emballages.com\/wp-content\/uploads\/2024\/03\/Plateauself.webp","type":"image\/webp"}],"twitter_card":"summary_large_image","twitter_misc":{"Tempo estimado de leitura":"2 minutos"},"schema":{"@context":"https:\/\/schema.org","@graph":[{"@type":"WebPage","@id":"https:\/\/www.csj-emballages.com\/pt-pt\/produit\/25-tabuleiros-de-cartao-autocolante-29-x-38-cm\/","url":"https:\/\/www.csj-emballages.com\/pt-pt\/produit\/25-tabuleiros-de-cartao-autocolante-29-x-38-cm\/","name":"Tabuleiro auto-cartonado 29 x 38 cm por 25","isPartOf":{"@id":"https:\/\/www.csj-emballages.com\/pt-pt\/#website"},"primaryImageOfPage":{"@id":"https:\/\/www.csj-emballages.com\/pt-pt\/produit\/25-tabuleiros-de-cartao-autocolante-29-x-38-cm\/#primaryimage"},"image":{"@id":"https:\/\/www.csj-emballages.com\/pt-pt\/produit\/25-tabuleiros-de-cartao-autocolante-29-x-38-cm\/#primaryimage"},"thumbnailUrl":"https:\/\/www.csj-emballages.com\/wp-content\/uploads\/2024\/03\/Plateauself.webp","datePublished":"2024-03-01T15:50:31+00:00","dateModified":"2026-04-03T00:18:47+00:00","description":"Tabuleiro self-service em cart\u00e3o de 29 x 38 cm. Robusto, pr\u00e1tico e eco-respons\u00e1vel, ideal para self-service, catering e restaura\u00e7\u00e3o colectiva.","breadcrumb":{"@id":"https:\/\/www.csj-emballages.com\/pt-pt\/produit\/25-tabuleiros-de-cartao-autocolante-29-x-38-cm\/#breadcrumb"},"inLanguage":"pt-PT","potentialAction":[{"@type":"ReadAction","target":["https:\/\/www.csj-emballages.com\/pt-pt\/produit\/25-tabuleiros-de-cartao-autocolante-29-x-38-cm\/"]}]},{"@type":"ImageObject","inLanguage":"pt-PT","@id":"https:\/\/www.csj-emballages.com\/pt-pt\/produit\/25-tabuleiros-de-cartao-autocolante-29-x-38-cm\/#primaryimage","url":"https:\/\/www.csj-emballages.com\/wp-content\/uploads\/2024\/03\/Plateauself.webp","contentUrl":"https:\/\/www.csj-emballages.com\/wp-content\/uploads\/2024\/03\/Plateauself.webp","width":800,"height":800,"caption":"Plateau self"},{"@type":"BreadcrumbList","@id":"https:\/\/www.csj-emballages.com\/pt-pt\/produit\/25-tabuleiros-de-cartao-autocolante-29-x-38-cm\/#breadcrumb","itemListElement":[{"@type":"ListItem","position":1,"name":"Acolhimento","item":"https:\/\/www.csj-emballages.com\/pt-pt\/universo-das-embalagens-alimentares\/"},{"@type":"ListItem","position":2,"name":"Shop","item":"https:\/\/www.csj-emballages.com\/shop\/"},{"@type":"ListItem","position":3,"name":"Tabuleiro de cart\u00e3o 29 x 38 cm, embalagem de 25"}]},{"@type":"WebSite","@id":"https:\/\/www.csj-emballages.com\/pt-pt\/#website","url":"https:\/\/www.csj-emballages.com\/pt-pt\/","name":"CSJ Emballages","description":"","publisher":{"@id":"https:\/\/www.csj-emballages.com\/pt-pt\/#organization"},"potentialAction":[{"@type":"SearchAction","target":{"@type":"EntryPoint","urlTemplate":"https:\/\/www.csj-emballages.com\/pt-pt\/?s={search_term_string}"},"query-input":{"@type":"PropertyValueSpecification","valueRequired":true,"valueName":"search_term_string"}}],"inLanguage":"pt-PT"},{"@type":"Organization","@id":"https:\/\/www.csj-emballages.com\/pt-pt\/#Organization\/","name":"CSJ Emballages","url":"https:\/\/www.csj-emballages.com\/pt-pt\/","logo":{"@type":"ImageObject","inLanguage":"pt-PT","@id":"https:\/\/www.csj-emballages.com\/pt-pt\/#\/schema\/logo\/image\/","url":"https:\/\/www.csj-emballages.com\/wp-content\/uploads\/2023\/10\/logo_csj.webp","contentUrl":"https:\/\/www.csj-emballages.com\/wp-content\/uploads\/2023\/10\/logo_csj.webp","width":250,"height":95,"caption":"CSJ Emballages"},"image":{"@id":"https:\/\/www.csj-emballages.com\/pt-pt\/#\/schema\/logo\/image\/"},"sameAs":["https:\/\/www.facebook.com\/csjemballages"],"address":{"@type":"PostalAddress","streetAddress":"ZI La Lechere","addressLocality":"Patornay","postalCode":"39130","addressCountry":"FR"},"contactPoint":[{"@type":"ContactPoint","contactType":"Service client","telephone":"0384254272","email":"contact@csj-emballages.com"}]}]}},"df_price":10.06,"df_sale_price":"","df_regular_price":10.06,"df_image_link":"https:\/\/www.csj-emballages.com\/wp-content\/uploads\/2024\/03\/Plateauself-300x300.webp","tiered_pricing_type":"fixed","tiered_pricing_fixed_rules":[],"tiered_pricing_percentage_rules":[],"tiered_pricing_minimum":1,"tiered_pricing_roles_data":[],"_links":{"self":[{"href":"https:\/\/www.csj-emballages.com\/pt-pt\/wp-json\/wp\/v2\/product\/22589","targetHints":{"allow":["GET"]}}],"collection":[{"href":"https:\/\/www.csj-emballages.com\/pt-pt\/wp-json\/wp\/v2\/product"}],"about":[{"href":"https:\/\/www.csj-emballages.com\/pt-pt\/wp-json\/wp\/v2\/types\/product"}],"wp:featuredmedia":[{"embeddable":true,"href":"https:\/\/www.csj-emballages.com\/pt-pt\/wp-json\/wp\/v2\/media\/177189"}],"wp:attachment":[{"href":"https:\/\/www.csj-emballages.com\/pt-pt\/wp-json\/wp\/v2\/media?parent=22589"}],"wp:term":[{"taxonomy":"product_brand","embeddable":true,"href":"https:\/\/www.csj-emballages.com\/pt-pt\/wp-json\/wp\/v2\/product_brand?post=22589"},{"taxonomy":"product_cat","embeddable":true,"href":"https:\/\/www.csj-emballages.com\/pt-pt\/wp-json\/wp\/v2\/product_cat?post=22589"},{"taxonomy":"product_tag","embeddable":true,"href":"https:\/\/www.csj-emballages.com\/pt-pt\/wp-json\/wp\/v2\/product_tag?post=22589"}],"curies":[{"name":"wp","href":"https:\/\/api.w.org\/{rel}","templated":true}]}}