{"id":22563,"date":"2024-03-01T16:50:32","date_gmt":"2024-03-01T15:50:32","guid":{"rendered":"https:\/\/u15jnbdpoq.preview.infomaniak.website\/produit\/5-tabuleiros-de-buffet-pretos-reutilizaveis-460-x-300-x-20-mm\/"},"modified":"2026-04-03T02:18:42","modified_gmt":"2026-04-03T00:18:42","slug":"5-tabuleiros-de-buffet-pretos-reutilizaveis-460-x-300-x-20-mm","status":"publish","type":"product","link":"https:\/\/www.csj-emballages.com\/pt-pt\/produit\/5-tabuleiros-de-buffet-pretos-reutilizaveis-460-x-300-x-20-mm\/","title":{"rendered":"Tabuleiro de catering reutiliz\u00e1vel preto 460 x 300 x 20 mm, embalagem de 5"},"content":{"rendered":"<div style=\"font-family: Roboto, sans-serif;\">\n<div style=\"font-family: Roboto, sans-serif;\">\n<div style=\"font-family: Roboto, sans-serif;\">\n<div style=\"font-family: Roboto, sans-serif;\">\n<div style=\"font-family: Roboto, sans-serif;\">\n<div style=\"font-family: Roboto, sans-serif;\">\n<div style=\"font-family: Roboto, sans-serif;\">\n<div style=\"font-family: Roboto, sans-serif;\">\n<div style=\"font-family: Roboto, sans-serif;\">\n<div style=\"font-family: Roboto, sans-serif;\">\n<div style=\"font-family: Roboto, sans-serif;\">\n<div style=\"font-family: Roboto, sans-serif;\">\n<div style=\"font-family: Roboto, sans-serif;\">\n<div class=\"flex flex-grow flex-col max-w-full\">\n<div class=\"min-h-[20px] text-message flex flex-col items-start whitespace-pre-wrap break-words [.text-message+&amp;]:mt-5 juice:w-full juice:items-end overflow-x-auto gap-2\" dir=\"auto\" data-message-author-role=\"assistant\" data-message-id=\"2034782e-88f9-44ef-b4dc-07dd7bf0115f\">\n<div class=\"flex w-full flex-col gap-1 juice:empty:hidden juice:first:pt-[3px]\">\n<div class=\"markdown prose w-full break-words dark:prose-invert light\">\n<div style=\"font-family: Roboto, sans-serif;\">\n<div style=\"font-family: Roboto, sans-serif;\">\n<div style=\"font-family: Roboto, sans-serif;\">\n<div style=\"font-family: Roboto, sans-serif;\">\n<div style=\"font-family: Roboto, sans-serif;\">\n<div style=\"font-family: Roboto, sans-serif;\">\n<h2>Tabuleiro de catering<\/h2>\n<hr>\n<h3>Descri\u00e7\u00e3o do nosso tabuleiro de catering reutiliz\u00e1vel preto 460 x 300 x 20 mm, embalagem de 5<\/h3>\n<p><!--more--><\/p>\n<p data-start=\"80\" data-end=\"526\">D\u00ea aos seus pratos uma apresenta\u00e7\u00e3o pr\u00e1tica e limpa com o <strong data-start=\"152\" data-end=\"213\">tabuleiro de catering reutiliz\u00e1vel preto de 460 x 300 x 20 mm, conjunto de 5<\/strong>. Concebido para profissionais da restaura\u00e7\u00e3o e clientes privados exigentes, este <strong>tabuleiro<\/strong> combina eleg\u00e2ncia e car\u00e1cter pr\u00e1tico. O seu formato compacto <strong>de 460 x 300 x 20 mm<\/strong> \u00e9 ideal para servir aperitivos, petits fours, mignardises ou por\u00e7\u00f5es individuais de refei\u00e7\u00f5es prontas. A sua <strong data-start=\"531\" data-end=\"548\">cor preta<\/strong> confere um toque de requinte que real\u00e7a as suas cria\u00e7\u00f5es culin\u00e1rias, mantendo-se neutra e adequada a todas as ocasi\u00f5es: buffets, cocktails, eventos familiares ou empresariais. Ao contr\u00e1rio dos tabuleiros tradicionais descart\u00e1veis, este modelo \u00e9 <strong data-start=\"802\" data-end=\"818\">reutiliz\u00e1vel<\/strong>, o que o torna uma solu\u00e7\u00e3o mais <strong data-start=\"853\" data-end=\"867\">ecol\u00f3gica<\/strong> e <strong data-start=\"871\" data-end=\"885\">econ\u00f3mica<\/strong> a longo prazo. F\u00e1cil de limpar, pode ser utilizado v\u00e1rias vezes sem perder qualidade ou rigidez.     <\/p>\n<p data-start=\"996\" data-end=\"1409\">Fabricado em pl\u00e1stico resistente, o <strong data-start=\"1035\" data-end=\"1068\">tabuleiro de catering reutiliz\u00e1vel<\/strong> mant\u00e9m os seus produtos em seguran\u00e7a, mesmo durante o transporte. A sua altura reduzida de <strong>20 mm<\/strong> facilita o empilhamento, optimizando a arruma\u00e7\u00e3o na cozinha ou no armaz\u00e9m. Fornecidos em embalagens de <strong data-start=\"1267\" data-end=\"1281\">5 tabuleiros<\/strong>, podem ser adaptados para satisfazer as diferentes necessidades dos profissionais e dos particulares que procuram uma boa rela\u00e7\u00e3o qualidade\/pre\u00e7o.  <\/p>\n<p data-start=\"1411\" data-end=\"1681\">Quer esteja a planear uma rece\u00e7\u00e3o elegante, um servi\u00e7o de catering organizado ou uma refei\u00e7\u00e3o simples e de conv\u00edvio, este <strong data-start=\"1514\" data-end=\"1539\">tabuleiro de catering preto<\/strong> tornar-se-\u00e1 rapidamente uma parte essencial do seu equipamento de apresenta\u00e7\u00e3o. Com ele, pode combinar <strong data-start=\"1639\" data-end=\"1678\">est\u00e9tica, praticidade e durabilidade<\/strong>. <\/p>\n<p data-start=\"1411\" data-end=\"1681\">\n<p data-start=\"1411\" data-end=\"1681\"><!--more--><\/p>\n<h4 data-start=\"1411\" data-end=\"1681\">Vantagens :<\/h4>\n<ul>\n<li><strong data-start=\"1903\" data-end=\"1919\">Reutiliz\u00e1vel<\/strong>: uma solu\u00e7\u00e3o ecol\u00f3gica e econ\u00f3mica.<\/li>\n<li><strong data-start=\"1960\" data-end=\"1971\">Elegante<\/strong>: preto para real\u00e7ar os seus preparativos.<\/li>\n<li><strong data-start=\"2019\" data-end=\"2031\">Pr\u00e1tico<\/strong>: tamanho compacto, f\u00e1cil de empilhar e guardar.<\/li>\n<li><strong data-start=\"2084\" data-end=\"2095\">Robusto<\/strong>: pl\u00e1stico resistente para um transporte seguro.<\/li>\n<li><strong data-start=\"2149\" data-end=\"2163\">Vers\u00e1til<\/strong>: adequado para empresas de catering, restaurantes e clientes privados.<\/li>\n<\/ul>\n<p>&nbsp;<\/p>\n<p><!--more--><\/p>\n<h4>Outras informa\u00e7\u00f5es :<\/h4>\n<ul>\n<li><strong>Embalagem<\/strong>: Pacote de 5<\/li>\n<li><strong>Dimens\u00f5es<\/strong>: 460 x 300 x 20 mm<\/li>\n<li><strong>Cor<\/strong>: preto<\/li>\n<li><strong>Material<\/strong>: PS (poliestireno)<\/li>\n<li><strong>Temperatura de funcionamento<\/strong>: -5\u00b0C \/ +80\u00b0C<\/li>\n<\/ul>\n<p>&nbsp;<\/p>\n<p><!--more--><\/p>\n<p>Este produto est\u00e1 dispon\u00edvel em diferentes tamanhos: <span style=\"color: #d12727;\"><a style=\"color: #d12727;\" href=\"https:\/\/www.csj-emballages.com\/pt-pt\/produit\/5-tabuleiros-de-buffet-reutilizaveis-pretos-275-x-190-x-8-mm\/\">275 x 190 x 8 mm<\/a><\/span> \/ <span style=\"color: #d12727;\"><a style=\"color: #d12727;\" href=\"https:\/\/www.csj-emballages.com\/pt-pt\/produit\/5-tabuleiros-de-buffet-reutilizaveis-pretos-350-x-240-x-20-mm\/\">350 x 250 x 10 mm<\/a><\/span><\/p>\n<p>&nbsp;<\/p>\n<p><!--more--><\/p>\n<p><a href=\"\/?product_cat=plateaux-traiteurs\">V\u00ea o resto da nossa gama de tabuleiros de catering<\/a><\/p>\n<\/div>\n<\/div>\n<\/div>\n<\/div>\n<\/div>\n<\/div>\n<\/div>\n<\/div>\n<\/div>\n<\/div>\n<\/div>\n<\/div>\n<\/div>\n<\/div>\n<\/div>\n<\/div>\n<\/div>\n<\/div>\n<\/div>\n<\/div>\n<\/div>\n<\/div>\n<\/div>\n","protected":false},"excerpt":{"rendered":"<p>Tabuleiro de catering Descri\u00e7\u00e3o do nosso tabuleiro de catering reutiliz\u00e1vel preto 460 x 300 x 20 mm, embalagem de 5<\/p>\n","protected":false},"featured_media":179901,"template":"","meta":{"_acf_changed":false},"product_brand":[],"product_cat":[1141,1176,1287,2828,2883,1306,1138,1301,2829,3108],"product_tag":[],"class_list":{"0":"post-22563","1":"product","2":"type-product","3":"status-publish","4":"has-post-thumbnail","6":"product_cat-embalagem-de-alimentos","7":"product_cat-talho-e-charcutaria","8":"product_cat-tabuleiros","9":"product_cat-tabuleiros-de-catering","10":"product_cat-tabuleiros-verrines-mignardise","11":"product_cat-copos-jarras-copos","12":"product_cat-restauracao","13":"product_cat-tabuleiros-pt-pt","14":"product_cat-tabuleiros-de-catering-pt-pt","15":"product_cat-tabuleiros-de-rececao","17":"first","18":"instock","19":"taxable","20":"shipping-taxable","21":"purchasable","22":"product-type-simple"},"acf":[],"yoast_head":"<!-- This site is optimized with the Yoast SEO Premium plugin v26.6 (Yoast SEO v26.6) - https:\/\/yoast.com\/wordpress\/plugins\/seo\/ -->\n<title>Tabuleiro de restaura\u00e7\u00e3o preto - 460 x 300 x 20 mm<\/title>\n<meta name=\"description\" content=\"Descubra o nosso tabuleiro de catering preto, ideal para os seus buffets de mignardises ou para as suas recep\u00e7\u00f5es de verrines doces e salgadas. Dispon\u00edvel em embalagens de 5 unidades.\" \/>\n<meta name=\"robots\" content=\"index, follow, max-snippet:-1, max-image-preview:large, max-video-preview:-1\" \/>\n<link rel=\"canonical\" href=\"https:\/\/www.csj-emballages.com\/pt-pt\/produit\/5-tabuleiros-de-buffet-pretos-reutilizaveis-460-x-300-x-20-mm\/\" \/>\n<meta property=\"og:locale\" content=\"pt_PT\" \/>\n<meta property=\"og:type\" content=\"article\" \/>\n<meta property=\"og:title\" content=\"Tabuleiro de catering reutiliz\u00e1vel preto 460 x 300 x 20 mm, embalagem de 5\" \/>\n<meta property=\"og:description\" content=\"Descubra o nosso tabuleiro de catering preto, ideal para os seus buffets de mignardises ou para as suas recep\u00e7\u00f5es de verrines doces e salgadas. Dispon\u00edvel em embalagens de 5 unidades.\" \/>\n<meta property=\"og:url\" content=\"https:\/\/www.csj-emballages.com\/pt-pt\/produit\/5-tabuleiros-de-buffet-pretos-reutilizaveis-460-x-300-x-20-mm\/\" \/>\n<meta property=\"og:site_name\" content=\"CSJ Emballages\" \/>\n<meta property=\"article:publisher\" content=\"https:\/\/www.facebook.com\/csjemballages\" \/>\n<meta property=\"article:modified_time\" content=\"2026-04-03T00:18:42+00:00\" \/>\n<meta property=\"og:image\" content=\"https:\/\/www.csj-emballages.com\/wp-content\/uploads\/2024\/03\/PLN46.webp\" \/>\n\t<meta property=\"og:image:width\" content=\"802\" \/>\n\t<meta property=\"og:image:height\" content=\"803\" \/>\n\t<meta property=\"og:image:type\" content=\"image\/webp\" \/>\n<meta name=\"twitter:card\" content=\"summary_large_image\" \/>\n<meta name=\"twitter:label1\" content=\"Tempo estimado de leitura\" \/>\n\t<meta name=\"twitter:data1\" content=\"2 minutos\" \/>\n<script type=\"application\/ld+json\" class=\"yoast-schema-graph\">{\"@context\":\"https:\/\/schema.org\",\"@graph\":[{\"@type\":\"WebPage\",\"@id\":\"https:\/\/www.csj-emballages.com\/pt-pt\/produit\/5-tabuleiros-de-buffet-pretos-reutilizaveis-460-x-300-x-20-mm\/\",\"url\":\"https:\/\/www.csj-emballages.com\/pt-pt\/produit\/5-tabuleiros-de-buffet-pretos-reutilizaveis-460-x-300-x-20-mm\/\",\"name\":\"Tabuleiro de restaura\u00e7\u00e3o preto - 460 x 300 x 20 mm\",\"isPartOf\":{\"@id\":\"https:\/\/www.csj-emballages.com\/pt-pt\/#website\"},\"primaryImageOfPage\":{\"@id\":\"https:\/\/www.csj-emballages.com\/pt-pt\/produit\/5-tabuleiros-de-buffet-pretos-reutilizaveis-460-x-300-x-20-mm\/#primaryimage\"},\"image\":{\"@id\":\"https:\/\/www.csj-emballages.com\/pt-pt\/produit\/5-tabuleiros-de-buffet-pretos-reutilizaveis-460-x-300-x-20-mm\/#primaryimage\"},\"thumbnailUrl\":\"https:\/\/www.csj-emballages.com\/wp-content\/uploads\/2024\/03\/PLN46.webp\",\"datePublished\":\"2024-03-01T15:50:32+00:00\",\"dateModified\":\"2026-04-03T00:18:42+00:00\",\"description\":\"Descubra o nosso tabuleiro de catering preto, ideal para os seus buffets de mignardises ou para as suas recep\u00e7\u00f5es de verrines doces e salgadas. Dispon\u00edvel em embalagens de 5 unidades.\",\"breadcrumb\":{\"@id\":\"https:\/\/www.csj-emballages.com\/pt-pt\/produit\/5-tabuleiros-de-buffet-pretos-reutilizaveis-460-x-300-x-20-mm\/#breadcrumb\"},\"inLanguage\":\"pt-PT\",\"potentialAction\":[{\"@type\":\"ReadAction\",\"target\":[\"https:\/\/www.csj-emballages.com\/pt-pt\/produit\/5-tabuleiros-de-buffet-pretos-reutilizaveis-460-x-300-x-20-mm\/\"]}]},{\"@type\":\"ImageObject\",\"inLanguage\":\"pt-PT\",\"@id\":\"https:\/\/www.csj-emballages.com\/pt-pt\/produit\/5-tabuleiros-de-buffet-pretos-reutilizaveis-460-x-300-x-20-mm\/#primaryimage\",\"url\":\"https:\/\/www.csj-emballages.com\/wp-content\/uploads\/2024\/03\/PLN46.webp\",\"contentUrl\":\"https:\/\/www.csj-emballages.com\/wp-content\/uploads\/2024\/03\/PLN46.webp\",\"width\":802,\"height\":803,\"caption\":\"plateau traiteur\"},{\"@type\":\"BreadcrumbList\",\"@id\":\"https:\/\/www.csj-emballages.com\/pt-pt\/produit\/5-tabuleiros-de-buffet-pretos-reutilizaveis-460-x-300-x-20-mm\/#breadcrumb\",\"itemListElement\":[{\"@type\":\"ListItem\",\"position\":1,\"name\":\"Acolhimento\",\"item\":\"https:\/\/www.csj-emballages.com\/pt-pt\/universo-das-embalagens-alimentares\/\"},{\"@type\":\"ListItem\",\"position\":2,\"name\":\"Shop\",\"item\":\"https:\/\/www.csj-emballages.com\/shop\/\"},{\"@type\":\"ListItem\",\"position\":3,\"name\":\"Tabuleiro de catering reutiliz\u00e1vel preto 460 x 300 x 20 mm, embalagem de 5\"}]},{\"@type\":\"WebSite\",\"@id\":\"https:\/\/www.csj-emballages.com\/pt-pt\/#website\",\"url\":\"https:\/\/www.csj-emballages.com\/pt-pt\/\",\"name\":\"CSJ Emballages\",\"description\":\"\",\"publisher\":{\"@id\":\"https:\/\/www.csj-emballages.com\/pt-pt\/#organization\"},\"potentialAction\":[{\"@type\":\"SearchAction\",\"target\":{\"@type\":\"EntryPoint\",\"urlTemplate\":\"https:\/\/www.csj-emballages.com\/pt-pt\/?s={search_term_string}\"},\"query-input\":{\"@type\":\"PropertyValueSpecification\",\"valueRequired\":true,\"valueName\":\"search_term_string\"}}],\"inLanguage\":\"pt-PT\"},{\"@type\":\"Organization\",\"@id\":\"https:\/\/www.csj-emballages.com\/pt-pt\/#Organization\/\",\"name\":\"CSJ Emballages\",\"url\":\"https:\/\/www.csj-emballages.com\/pt-pt\/\",\"logo\":{\"@type\":\"ImageObject\",\"inLanguage\":\"pt-PT\",\"@id\":\"https:\/\/www.csj-emballages.com\/pt-pt\/#\/schema\/logo\/image\/\",\"url\":\"https:\/\/www.csj-emballages.com\/wp-content\/uploads\/2023\/10\/logo_csj.webp\",\"contentUrl\":\"https:\/\/www.csj-emballages.com\/wp-content\/uploads\/2023\/10\/logo_csj.webp\",\"width\":250,\"height\":95,\"caption\":\"CSJ Emballages\"},\"image\":{\"@id\":\"https:\/\/www.csj-emballages.com\/pt-pt\/#\/schema\/logo\/image\/\"},\"sameAs\":[\"https:\/\/www.facebook.com\/csjemballages\"],\"address\":{\"@type\":\"PostalAddress\",\"streetAddress\":\"ZI La Lechere\",\"addressLocality\":\"Patornay\",\"postalCode\":\"39130\",\"addressCountry\":\"FR\"},\"contactPoint\":[{\"@type\":\"ContactPoint\",\"contactType\":\"Service client\",\"telephone\":\"0384254272\",\"email\":\"contact@csj-emballages.com\"}]}]}<\/script>\n<!-- \/ Yoast SEO Premium plugin. -->","yoast_head_json":{"title":"Tabuleiro de restaura\u00e7\u00e3o preto - 460 x 300 x 20 mm","description":"Descubra o nosso tabuleiro de catering preto, ideal para os seus buffets de mignardises ou para as suas recep\u00e7\u00f5es de verrines doces e salgadas. Dispon\u00edvel em embalagens de 5 unidades.","robots":{"index":"index","follow":"follow","max-snippet":"max-snippet:-1","max-image-preview":"max-image-preview:large","max-video-preview":"max-video-preview:-1"},"canonical":"https:\/\/www.csj-emballages.com\/pt-pt\/produit\/5-tabuleiros-de-buffet-pretos-reutilizaveis-460-x-300-x-20-mm\/","og_locale":"pt_PT","og_type":"article","og_title":"Tabuleiro de catering reutiliz\u00e1vel preto 460 x 300 x 20 mm, embalagem de 5","og_description":"Descubra o nosso tabuleiro de catering preto, ideal para os seus buffets de mignardises ou para as suas recep\u00e7\u00f5es de verrines doces e salgadas. Dispon\u00edvel em embalagens de 5 unidades.","og_url":"https:\/\/www.csj-emballages.com\/pt-pt\/produit\/5-tabuleiros-de-buffet-pretos-reutilizaveis-460-x-300-x-20-mm\/","og_site_name":"CSJ Emballages","article_publisher":"https:\/\/www.facebook.com\/csjemballages","article_modified_time":"2026-04-03T00:18:42+00:00","og_image":[{"width":802,"height":803,"url":"https:\/\/www.csj-emballages.com\/wp-content\/uploads\/2024\/03\/PLN46.webp","type":"image\/webp"}],"twitter_card":"summary_large_image","twitter_misc":{"Tempo estimado de leitura":"2 minutos"},"schema":{"@context":"https:\/\/schema.org","@graph":[{"@type":"WebPage","@id":"https:\/\/www.csj-emballages.com\/pt-pt\/produit\/5-tabuleiros-de-buffet-pretos-reutilizaveis-460-x-300-x-20-mm\/","url":"https:\/\/www.csj-emballages.com\/pt-pt\/produit\/5-tabuleiros-de-buffet-pretos-reutilizaveis-460-x-300-x-20-mm\/","name":"Tabuleiro de restaura\u00e7\u00e3o preto - 460 x 300 x 20 mm","isPartOf":{"@id":"https:\/\/www.csj-emballages.com\/pt-pt\/#website"},"primaryImageOfPage":{"@id":"https:\/\/www.csj-emballages.com\/pt-pt\/produit\/5-tabuleiros-de-buffet-pretos-reutilizaveis-460-x-300-x-20-mm\/#primaryimage"},"image":{"@id":"https:\/\/www.csj-emballages.com\/pt-pt\/produit\/5-tabuleiros-de-buffet-pretos-reutilizaveis-460-x-300-x-20-mm\/#primaryimage"},"thumbnailUrl":"https:\/\/www.csj-emballages.com\/wp-content\/uploads\/2024\/03\/PLN46.webp","datePublished":"2024-03-01T15:50:32+00:00","dateModified":"2026-04-03T00:18:42+00:00","description":"Descubra o nosso tabuleiro de catering preto, ideal para os seus buffets de mignardises ou para as suas recep\u00e7\u00f5es de verrines doces e salgadas. Dispon\u00edvel em embalagens de 5 unidades.","breadcrumb":{"@id":"https:\/\/www.csj-emballages.com\/pt-pt\/produit\/5-tabuleiros-de-buffet-pretos-reutilizaveis-460-x-300-x-20-mm\/#breadcrumb"},"inLanguage":"pt-PT","potentialAction":[{"@type":"ReadAction","target":["https:\/\/www.csj-emballages.com\/pt-pt\/produit\/5-tabuleiros-de-buffet-pretos-reutilizaveis-460-x-300-x-20-mm\/"]}]},{"@type":"ImageObject","inLanguage":"pt-PT","@id":"https:\/\/www.csj-emballages.com\/pt-pt\/produit\/5-tabuleiros-de-buffet-pretos-reutilizaveis-460-x-300-x-20-mm\/#primaryimage","url":"https:\/\/www.csj-emballages.com\/wp-content\/uploads\/2024\/03\/PLN46.webp","contentUrl":"https:\/\/www.csj-emballages.com\/wp-content\/uploads\/2024\/03\/PLN46.webp","width":802,"height":803,"caption":"plateau traiteur"},{"@type":"BreadcrumbList","@id":"https:\/\/www.csj-emballages.com\/pt-pt\/produit\/5-tabuleiros-de-buffet-pretos-reutilizaveis-460-x-300-x-20-mm\/#breadcrumb","itemListElement":[{"@type":"ListItem","position":1,"name":"Acolhimento","item":"https:\/\/www.csj-emballages.com\/pt-pt\/universo-das-embalagens-alimentares\/"},{"@type":"ListItem","position":2,"name":"Shop","item":"https:\/\/www.csj-emballages.com\/shop\/"},{"@type":"ListItem","position":3,"name":"Tabuleiro de catering reutiliz\u00e1vel preto 460 x 300 x 20 mm, embalagem de 5"}]},{"@type":"WebSite","@id":"https:\/\/www.csj-emballages.com\/pt-pt\/#website","url":"https:\/\/www.csj-emballages.com\/pt-pt\/","name":"CSJ Emballages","description":"","publisher":{"@id":"https:\/\/www.csj-emballages.com\/pt-pt\/#organization"},"potentialAction":[{"@type":"SearchAction","target":{"@type":"EntryPoint","urlTemplate":"https:\/\/www.csj-emballages.com\/pt-pt\/?s={search_term_string}"},"query-input":{"@type":"PropertyValueSpecification","valueRequired":true,"valueName":"search_term_string"}}],"inLanguage":"pt-PT"},{"@type":"Organization","@id":"https:\/\/www.csj-emballages.com\/pt-pt\/#Organization\/","name":"CSJ Emballages","url":"https:\/\/www.csj-emballages.com\/pt-pt\/","logo":{"@type":"ImageObject","inLanguage":"pt-PT","@id":"https:\/\/www.csj-emballages.com\/pt-pt\/#\/schema\/logo\/image\/","url":"https:\/\/www.csj-emballages.com\/wp-content\/uploads\/2023\/10\/logo_csj.webp","contentUrl":"https:\/\/www.csj-emballages.com\/wp-content\/uploads\/2023\/10\/logo_csj.webp","width":250,"height":95,"caption":"CSJ Emballages"},"image":{"@id":"https:\/\/www.csj-emballages.com\/pt-pt\/#\/schema\/logo\/image\/"},"sameAs":["https:\/\/www.facebook.com\/csjemballages"],"address":{"@type":"PostalAddress","streetAddress":"ZI La Lechere","addressLocality":"Patornay","postalCode":"39130","addressCountry":"FR"},"contactPoint":[{"@type":"ContactPoint","contactType":"Service client","telephone":"0384254272","email":"contact@csj-emballages.com"}]}]}},"df_price":9.38,"df_sale_price":"","df_regular_price":9.38,"df_image_link":"https:\/\/www.csj-emballages.com\/wp-content\/uploads\/2024\/03\/PLN46-300x300.webp","tiered_pricing_type":"fixed","tiered_pricing_fixed_rules":[],"tiered_pricing_percentage_rules":[],"tiered_pricing_minimum":1,"tiered_pricing_roles_data":[],"_links":{"self":[{"href":"https:\/\/www.csj-emballages.com\/pt-pt\/wp-json\/wp\/v2\/product\/22563","targetHints":{"allow":["GET"]}}],"collection":[{"href":"https:\/\/www.csj-emballages.com\/pt-pt\/wp-json\/wp\/v2\/product"}],"about":[{"href":"https:\/\/www.csj-emballages.com\/pt-pt\/wp-json\/wp\/v2\/types\/product"}],"wp:featuredmedia":[{"embeddable":true,"href":"https:\/\/www.csj-emballages.com\/pt-pt\/wp-json\/wp\/v2\/media\/179901"}],"wp:attachment":[{"href":"https:\/\/www.csj-emballages.com\/pt-pt\/wp-json\/wp\/v2\/media?parent=22563"}],"wp:term":[{"taxonomy":"product_brand","embeddable":true,"href":"https:\/\/www.csj-emballages.com\/pt-pt\/wp-json\/wp\/v2\/product_brand?post=22563"},{"taxonomy":"product_cat","embeddable":true,"href":"https:\/\/www.csj-emballages.com\/pt-pt\/wp-json\/wp\/v2\/product_cat?post=22563"},{"taxonomy":"product_tag","embeddable":true,"href":"https:\/\/www.csj-emballages.com\/pt-pt\/wp-json\/wp\/v2\/product_tag?post=22563"}],"curies":[{"name":"wp","href":"https:\/\/api.w.org\/{rel}","templated":true}]}}