{"id":22561,"date":"2024-03-01T16:50:29","date_gmt":"2024-03-01T15:50:29","guid":{"rendered":"https:\/\/u15jnbdpoq.preview.infomaniak.website\/produit\/25-tabuleiros-de-catering-dourados-28-x-42-cm\/"},"modified":"2026-05-01T16:00:30","modified_gmt":"2026-05-01T14:00:30","slug":"25-tabuleiros-de-catering-dourados-28-x-42-cm","status":"publish","type":"product","link":"https:\/\/www.csj-emballages.com\/pt-pt\/produit\/25-tabuleiros-de-catering-dourados-28-x-42-cm\/","title":{"rendered":"Tabuleiro de catering dourado 28 x 42 cm, embalagem de 25"},"content":{"rendered":"<h2>Tabuleiro de catering<\/h2>\n<hr>\n<h3><span style=\"font-weight: bold;\">Descubra o nosso tabuleiro de catering dourado 28 x 42 cm por 25<\/span><\/h3>\n<p><!--more--><\/p>\n<p data-start=\"152\" data-end=\"512\">Pr\u00e1tico, elegante e funcional, o <strong data-start=\"189\" data-end=\"234\">tabuleiro de restaura\u00e7\u00e3o de 28 x 42 cm por 25 dourado<\/strong> \u00e9 um aliado indispens\u00e1vel para os profissionais da restaura\u00e7\u00e3o e organizadores de eventos. Concebido para combinar <strong data-start=\"367\" data-end=\"381\">resist\u00eancia<\/strong> e <strong data-start=\"385\" data-end=\"399\">est\u00e9tica<\/strong>, este <strong>tabuleiro<\/strong> permite-lhe apresentar as suas prepara\u00e7\u00f5es de forma requintada, garantindo simultaneamente uma excelente estabilidade. <\/p>\n<p data-start=\"514\" data-end=\"881\">A sua <strong data-start=\"517\" data-end=\"537\">superf\u00edcie dourada<\/strong> confere-lhe um aspeto elegante e chique, ideal para expor os seus amuse-bouches, petits fours, pastelaria ou petiscos salgados. Com <strong>28 x 42 cm<\/strong>, \u00e9 um formato vers\u00e1til: suficientemente grande para expor v\u00e1rias pe\u00e7as, mas suficientemente compacto para ser pr\u00e1tico para buffets, cocktails ou servi\u00e7o de mesa. <\/p>\n<p data-start=\"883\" data-end=\"1197\">Fabricado em cart\u00e3o, o <strong data-start=\"929\" data-end=\"949\">tabuleiro de catering<\/strong> \u00e9 f\u00e1cil de manusear e garante o transporte seguro dos seus preparados. Tamb\u00e9m est\u00e1 dispon\u00edvel em <strong data-start=\"1074\" data-end=\"1087\">embalagens de 25 unidades<\/strong>, perfeitas para antecipar as suas necessidades em recep\u00e7\u00f5es, casamentos, anivers\u00e1rios ou eventos empresariais. <\/p>\n<p data-start=\"1199\" data-end=\"1489\">Quer seja um profissional \u00e0 procura de uma base fi\u00e1vel ou um cliente particular \u00e0 procura de melhorar a apresenta\u00e7\u00e3o das suas refei\u00e7\u00f5es caseiras, este tabuleiro tem algo para todos. O seu acabamento <strong>dourado<\/strong> acrescenta um <strong data-start=\"1409\" data-end=\"1433\">toque topo de gama<\/strong> que real\u00e7a instantaneamente as suas cria\u00e7\u00f5es culin\u00e1rias. <\/p>\n<p data-start=\"1491\" data-end=\"1603\">Em suma, ao escolher este modelo, est\u00e1 a combinar <strong data-start=\"1531\" data-end=\"1548\">economia de tempo<\/strong>, <strong data-start=\"1550\" data-end=\"1570\">qualidade visual<\/strong> e <strong data-start=\"1574\" data-end=\"1587\">praticidade<\/strong> no dia a dia.<\/p>\n<p data-start=\"1491\" data-end=\"1603\"><!--more--><\/p>\n<h4>Vantagens :<\/h4>\n<ul>\n<li><strong data-start=\"1853\" data-end=\"1870\">Cart\u00e3o r\u00edgido<\/strong>: forte e resistente.<\/li>\n<li>Acabamento dourado elegante para um aspeto requintado.<\/li>\n<li>O seu formato de 28 x 42 cm torna-o vers\u00e1til e pr\u00e1tico.<\/li>\n<li>Embalagem de 25 tabuleiros ideal para recep\u00e7\u00f5es e buffets.<\/li>\n<li><strong data-start=\"2063\" data-end=\"2074\">Descart\u00e1vel<\/strong>: n\u00e3o h\u00e1 loi\u00e7a para gerir ap\u00f3s a utiliza\u00e7\u00e3o.<\/li>\n<\/ul>\n<p>&nbsp;<\/p>\n<p><!--more--><\/p>\n<h4>Outras informa\u00e7\u00f5es :<\/h4>\n<ul>\n<li><strong>Embalagem<\/strong>: Pacote de 25<\/li>\n<li><strong>Dimens\u00f5es<\/strong>: 280 x 420 x 12 (C x L x A em mm).<\/li>\n<li><strong>Cor<\/strong>: dourado<\/li>\n<li><strong>Material<\/strong>: Cart\u00e3o<\/li>\n<\/ul>\n<p>&nbsp;<\/p>\n<p><!--more--><\/p>\n<p>Este produto est\u00e1 dispon\u00edvel em diferentes tamanhos: <span style=\"color: #d12727;\"><a style=\"color: #d12727;\" href=\"https:\/\/www.csj-emballages.com\/pt-pt\/produit\/25-tabuleiros-de-catering-dourados-19-x-28-cm\/\">19 x 28 cm<\/a><\/span> \/ <span style=\"color: #d12727;\"><a style=\"color: #d12727;\" href=\"https:\/\/www.csj-emballages.com\/pt-pt\/produit\/25-tabuleiros-de-catering-dourados-25-x-34-cm\/\">25 x 34 cm<\/a> <\/span>\/ <span style=\"color: #d12727;\"><a style=\"color: #d12727;\" href=\"https:\/\/www.csj-emballages.com\/pt-pt\/produit\/25-tabuleiros-de-catering-dourados-32-x-42-cm\/\">32 x 42 cm<\/a><\/span><\/p>\n<p>&nbsp;<\/p>\n<p><!--more--><\/p>\n<p>Este tabuleiro tamb\u00e9m est\u00e1 dispon\u00edvel em duas outras cores: <span style=\"color: #d12727;\"><a style=\"color: #d12727;\" href=\"https:\/\/www.csj-emballages.com\/pt-pt\/produit\/25-tabuleiros-de-prata-para-catering-28-x-42-cm\/\">prateado<\/a><\/span> \/ <span style=\"color: #d12727;\"><a style=\"color: #d12727;\" href=\"https:\/\/www.csj-emballages.com\/pt-pt\/produit\/25-tabuleiros-de-catering-pretos-28-x-42-cm\/\">preto<\/a><\/span><\/p>\n<p>&nbsp;<\/p>\n<p><!--more--><\/p>\n<p><a href=\"\/?product_cat=plateaux-traiteurs\">V\u00ea o resto da nossa gama de tabuleiros de catering<\/a><\/p>\n","protected":false},"excerpt":{"rendered":"<p>Tabuleiro de catering Descubra o nosso tabuleiro de catering dourado 28 x 42 cm por 25<\/p>\n","protected":false},"featured_media":187707,"template":"","meta":{"_acf_changed":false},"product_brand":[],"product_cat":[1141,1176,1174,1287,2828,1138,1301,2829],"product_tag":[],"class_list":{"0":"post-22561","1":"product","2":"type-product","3":"status-publish","4":"has-post-thumbnail","6":"product_cat-embalagem-de-alimentos","7":"product_cat-talho-e-charcutaria","8":"product_cat-caixas-de-catering-almocos","9":"product_cat-tabuleiros","10":"product_cat-tabuleiros-de-catering","11":"product_cat-restauracao","12":"product_cat-tabuleiros-pt-pt","13":"product_cat-tabuleiros-de-catering-pt-pt","15":"first","16":"instock","17":"taxable","18":"shipping-taxable","19":"purchasable","20":"product-type-simple"},"acf":[],"yoast_head":"<!-- This site is optimized with the Yoast SEO Premium plugin v26.6 (Yoast SEO v26.6) - https:\/\/yoast.com\/wordpress\/plugins\/seo\/ -->\n<title>Tabuleiro de catering em cart\u00e3o dourado - 320 x 420 mm<\/title>\n<meta name=\"description\" content=\"Descubra o nosso tabuleiro de catering dourado, ideal para os seus buffets de mignardise ou para as suas recep\u00e7\u00f5es de verrines doces e salgadas. Dispon\u00edvel em embalagens de 25 unidades.\" \/>\n<meta name=\"robots\" content=\"index, follow, max-snippet:-1, max-image-preview:large, max-video-preview:-1\" \/>\n<link rel=\"canonical\" href=\"https:\/\/www.csj-emballages.com\/pt-pt\/produit\/25-tabuleiros-de-catering-dourados-28-x-42-cm\/\" \/>\n<meta property=\"og:locale\" content=\"pt_PT\" \/>\n<meta property=\"og:type\" content=\"article\" \/>\n<meta property=\"og:title\" content=\"Tabuleiro de catering dourado 28 x 42 cm, embalagem de 25\" \/>\n<meta property=\"og:description\" content=\"Descubra o nosso tabuleiro de catering dourado, ideal para os seus buffets de mignardise ou para as suas recep\u00e7\u00f5es de verrines doces e salgadas. Dispon\u00edvel em embalagens de 25 unidades.\" \/>\n<meta property=\"og:url\" content=\"https:\/\/www.csj-emballages.com\/pt-pt\/produit\/25-tabuleiros-de-catering-dourados-28-x-42-cm\/\" \/>\n<meta property=\"og:site_name\" content=\"CSJ Emballages\" \/>\n<meta property=\"article:publisher\" content=\"https:\/\/www.facebook.com\/csjemballages\" \/>\n<meta property=\"article:modified_time\" content=\"2026-05-01T14:00:30+00:00\" \/>\n<meta property=\"og:image\" content=\"https:\/\/www.csj-emballages.com\/wp-content\/uploads\/2024\/03\/PLO2842.webp\" \/>\n\t<meta property=\"og:image:width\" content=\"801\" \/>\n\t<meta property=\"og:image:height\" content=\"801\" \/>\n\t<meta property=\"og:image:type\" content=\"image\/webp\" \/>\n<meta name=\"twitter:card\" content=\"summary_large_image\" \/>\n<meta name=\"twitter:label1\" content=\"Tempo estimado de leitura\" \/>\n\t<meta name=\"twitter:data1\" content=\"2 minutos\" \/>\n<script type=\"application\/ld+json\" class=\"yoast-schema-graph\">{\"@context\":\"https:\/\/schema.org\",\"@graph\":[{\"@type\":\"WebPage\",\"@id\":\"https:\/\/www.csj-emballages.com\/pt-pt\/produit\/25-tabuleiros-de-catering-dourados-28-x-42-cm\/\",\"url\":\"https:\/\/www.csj-emballages.com\/pt-pt\/produit\/25-tabuleiros-de-catering-dourados-28-x-42-cm\/\",\"name\":\"Tabuleiro de catering em cart\u00e3o dourado - 320 x 420 mm\",\"isPartOf\":{\"@id\":\"https:\/\/www.csj-emballages.com\/pt-pt\/#website\"},\"primaryImageOfPage\":{\"@id\":\"https:\/\/www.csj-emballages.com\/pt-pt\/produit\/25-tabuleiros-de-catering-dourados-28-x-42-cm\/#primaryimage\"},\"image\":{\"@id\":\"https:\/\/www.csj-emballages.com\/pt-pt\/produit\/25-tabuleiros-de-catering-dourados-28-x-42-cm\/#primaryimage\"},\"thumbnailUrl\":\"https:\/\/www.csj-emballages.com\/wp-content\/uploads\/2024\/03\/PLO2842.webp\",\"datePublished\":\"2024-03-01T15:50:29+00:00\",\"dateModified\":\"2026-05-01T14:00:30+00:00\",\"description\":\"Descubra o nosso tabuleiro de catering dourado, ideal para os seus buffets de mignardise ou para as suas recep\u00e7\u00f5es de verrines doces e salgadas. Dispon\u00edvel em embalagens de 25 unidades.\",\"breadcrumb\":{\"@id\":\"https:\/\/www.csj-emballages.com\/pt-pt\/produit\/25-tabuleiros-de-catering-dourados-28-x-42-cm\/#breadcrumb\"},\"inLanguage\":\"pt-PT\",\"potentialAction\":[{\"@type\":\"ReadAction\",\"target\":[\"https:\/\/www.csj-emballages.com\/pt-pt\/produit\/25-tabuleiros-de-catering-dourados-28-x-42-cm\/\"]}]},{\"@type\":\"ImageObject\",\"inLanguage\":\"pt-PT\",\"@id\":\"https:\/\/www.csj-emballages.com\/pt-pt\/produit\/25-tabuleiros-de-catering-dourados-28-x-42-cm\/#primaryimage\",\"url\":\"https:\/\/www.csj-emballages.com\/wp-content\/uploads\/2024\/03\/PLO2842.webp\",\"contentUrl\":\"https:\/\/www.csj-emballages.com\/wp-content\/uploads\/2024\/03\/PLO2842.webp\",\"width\":801,\"height\":801,\"caption\":\"Plateau Traiteur\"},{\"@type\":\"BreadcrumbList\",\"@id\":\"https:\/\/www.csj-emballages.com\/pt-pt\/produit\/25-tabuleiros-de-catering-dourados-28-x-42-cm\/#breadcrumb\",\"itemListElement\":[{\"@type\":\"ListItem\",\"position\":1,\"name\":\"Acolhimento\",\"item\":\"https:\/\/www.csj-emballages.com\/pt-pt\/universo-das-embalagens-alimentares\/\"},{\"@type\":\"ListItem\",\"position\":2,\"name\":\"Shop\",\"item\":\"https:\/\/www.csj-emballages.com\/shop\/\"},{\"@type\":\"ListItem\",\"position\":3,\"name\":\"Tabuleiro de catering dourado 28 x 42 cm, embalagem de 25\"}]},{\"@type\":\"WebSite\",\"@id\":\"https:\/\/www.csj-emballages.com\/pt-pt\/#website\",\"url\":\"https:\/\/www.csj-emballages.com\/pt-pt\/\",\"name\":\"CSJ Emballages\",\"description\":\"\",\"publisher\":{\"@id\":\"https:\/\/www.csj-emballages.com\/pt-pt\/#organization\"},\"potentialAction\":[{\"@type\":\"SearchAction\",\"target\":{\"@type\":\"EntryPoint\",\"urlTemplate\":\"https:\/\/www.csj-emballages.com\/pt-pt\/?s={search_term_string}\"},\"query-input\":{\"@type\":\"PropertyValueSpecification\",\"valueRequired\":true,\"valueName\":\"search_term_string\"}}],\"inLanguage\":\"pt-PT\"},{\"@type\":\"Organization\",\"@id\":\"https:\/\/www.csj-emballages.com\/pt-pt\/#Organization\/\",\"name\":\"CSJ Emballages\",\"url\":\"https:\/\/www.csj-emballages.com\/pt-pt\/\",\"logo\":{\"@type\":\"ImageObject\",\"inLanguage\":\"pt-PT\",\"@id\":\"https:\/\/www.csj-emballages.com\/pt-pt\/#\/schema\/logo\/image\/\",\"url\":\"https:\/\/www.csj-emballages.com\/wp-content\/uploads\/2023\/10\/logo_csj.webp\",\"contentUrl\":\"https:\/\/www.csj-emballages.com\/wp-content\/uploads\/2023\/10\/logo_csj.webp\",\"width\":250,\"height\":95,\"caption\":\"CSJ Emballages\"},\"image\":{\"@id\":\"https:\/\/www.csj-emballages.com\/pt-pt\/#\/schema\/logo\/image\/\"},\"sameAs\":[\"https:\/\/www.facebook.com\/csjemballages\"],\"address\":{\"@type\":\"PostalAddress\",\"streetAddress\":\"ZI La Lechere\",\"addressLocality\":\"Patornay\",\"postalCode\":\"39130\",\"addressCountry\":\"FR\"},\"contactPoint\":[{\"@type\":\"ContactPoint\",\"contactType\":\"Service client\",\"telephone\":\"0384254272\",\"email\":\"contact@csj-emballages.com\"}]}]}<\/script>\n<!-- \/ Yoast SEO Premium plugin. -->","yoast_head_json":{"title":"Tabuleiro de catering em cart\u00e3o dourado - 320 x 420 mm","description":"Descubra o nosso tabuleiro de catering dourado, ideal para os seus buffets de mignardise ou para as suas recep\u00e7\u00f5es de verrines doces e salgadas. Dispon\u00edvel em embalagens de 25 unidades.","robots":{"index":"index","follow":"follow","max-snippet":"max-snippet:-1","max-image-preview":"max-image-preview:large","max-video-preview":"max-video-preview:-1"},"canonical":"https:\/\/www.csj-emballages.com\/pt-pt\/produit\/25-tabuleiros-de-catering-dourados-28-x-42-cm\/","og_locale":"pt_PT","og_type":"article","og_title":"Tabuleiro de catering dourado 28 x 42 cm, embalagem de 25","og_description":"Descubra o nosso tabuleiro de catering dourado, ideal para os seus buffets de mignardise ou para as suas recep\u00e7\u00f5es de verrines doces e salgadas. Dispon\u00edvel em embalagens de 25 unidades.","og_url":"https:\/\/www.csj-emballages.com\/pt-pt\/produit\/25-tabuleiros-de-catering-dourados-28-x-42-cm\/","og_site_name":"CSJ Emballages","article_publisher":"https:\/\/www.facebook.com\/csjemballages","article_modified_time":"2026-05-01T14:00:30+00:00","og_image":[{"width":801,"height":801,"url":"https:\/\/www.csj-emballages.com\/wp-content\/uploads\/2024\/03\/PLO2842.webp","type":"image\/webp"}],"twitter_card":"summary_large_image","twitter_misc":{"Tempo estimado de leitura":"2 minutos"},"schema":{"@context":"https:\/\/schema.org","@graph":[{"@type":"WebPage","@id":"https:\/\/www.csj-emballages.com\/pt-pt\/produit\/25-tabuleiros-de-catering-dourados-28-x-42-cm\/","url":"https:\/\/www.csj-emballages.com\/pt-pt\/produit\/25-tabuleiros-de-catering-dourados-28-x-42-cm\/","name":"Tabuleiro de catering em cart\u00e3o dourado - 320 x 420 mm","isPartOf":{"@id":"https:\/\/www.csj-emballages.com\/pt-pt\/#website"},"primaryImageOfPage":{"@id":"https:\/\/www.csj-emballages.com\/pt-pt\/produit\/25-tabuleiros-de-catering-dourados-28-x-42-cm\/#primaryimage"},"image":{"@id":"https:\/\/www.csj-emballages.com\/pt-pt\/produit\/25-tabuleiros-de-catering-dourados-28-x-42-cm\/#primaryimage"},"thumbnailUrl":"https:\/\/www.csj-emballages.com\/wp-content\/uploads\/2024\/03\/PLO2842.webp","datePublished":"2024-03-01T15:50:29+00:00","dateModified":"2026-05-01T14:00:30+00:00","description":"Descubra o nosso tabuleiro de catering dourado, ideal para os seus buffets de mignardise ou para as suas recep\u00e7\u00f5es de verrines doces e salgadas. Dispon\u00edvel em embalagens de 25 unidades.","breadcrumb":{"@id":"https:\/\/www.csj-emballages.com\/pt-pt\/produit\/25-tabuleiros-de-catering-dourados-28-x-42-cm\/#breadcrumb"},"inLanguage":"pt-PT","potentialAction":[{"@type":"ReadAction","target":["https:\/\/www.csj-emballages.com\/pt-pt\/produit\/25-tabuleiros-de-catering-dourados-28-x-42-cm\/"]}]},{"@type":"ImageObject","inLanguage":"pt-PT","@id":"https:\/\/www.csj-emballages.com\/pt-pt\/produit\/25-tabuleiros-de-catering-dourados-28-x-42-cm\/#primaryimage","url":"https:\/\/www.csj-emballages.com\/wp-content\/uploads\/2024\/03\/PLO2842.webp","contentUrl":"https:\/\/www.csj-emballages.com\/wp-content\/uploads\/2024\/03\/PLO2842.webp","width":801,"height":801,"caption":"Plateau Traiteur"},{"@type":"BreadcrumbList","@id":"https:\/\/www.csj-emballages.com\/pt-pt\/produit\/25-tabuleiros-de-catering-dourados-28-x-42-cm\/#breadcrumb","itemListElement":[{"@type":"ListItem","position":1,"name":"Acolhimento","item":"https:\/\/www.csj-emballages.com\/pt-pt\/universo-das-embalagens-alimentares\/"},{"@type":"ListItem","position":2,"name":"Shop","item":"https:\/\/www.csj-emballages.com\/shop\/"},{"@type":"ListItem","position":3,"name":"Tabuleiro de catering dourado 28 x 42 cm, embalagem de 25"}]},{"@type":"WebSite","@id":"https:\/\/www.csj-emballages.com\/pt-pt\/#website","url":"https:\/\/www.csj-emballages.com\/pt-pt\/","name":"CSJ Emballages","description":"","publisher":{"@id":"https:\/\/www.csj-emballages.com\/pt-pt\/#organization"},"potentialAction":[{"@type":"SearchAction","target":{"@type":"EntryPoint","urlTemplate":"https:\/\/www.csj-emballages.com\/pt-pt\/?s={search_term_string}"},"query-input":{"@type":"PropertyValueSpecification","valueRequired":true,"valueName":"search_term_string"}}],"inLanguage":"pt-PT"},{"@type":"Organization","@id":"https:\/\/www.csj-emballages.com\/pt-pt\/#Organization\/","name":"CSJ Emballages","url":"https:\/\/www.csj-emballages.com\/pt-pt\/","logo":{"@type":"ImageObject","inLanguage":"pt-PT","@id":"https:\/\/www.csj-emballages.com\/pt-pt\/#\/schema\/logo\/image\/","url":"https:\/\/www.csj-emballages.com\/wp-content\/uploads\/2023\/10\/logo_csj.webp","contentUrl":"https:\/\/www.csj-emballages.com\/wp-content\/uploads\/2023\/10\/logo_csj.webp","width":250,"height":95,"caption":"CSJ Emballages"},"image":{"@id":"https:\/\/www.csj-emballages.com\/pt-pt\/#\/schema\/logo\/image\/"},"sameAs":["https:\/\/www.facebook.com\/csjemballages"],"address":{"@type":"PostalAddress","streetAddress":"ZI La Lechere","addressLocality":"Patornay","postalCode":"39130","addressCountry":"FR"},"contactPoint":[{"@type":"ContactPoint","contactType":"Service client","telephone":"0384254272","email":"contact@csj-emballages.com"}]}]}},"df_price":11.26,"df_sale_price":"","df_regular_price":11.26,"df_image_link":"https:\/\/www.csj-emballages.com\/wp-content\/uploads\/2024\/03\/PLO2842-300x300.webp","tiered_pricing_type":"fixed","tiered_pricing_fixed_rules":[],"tiered_pricing_percentage_rules":[],"tiered_pricing_minimum":1,"tiered_pricing_roles_data":[],"_links":{"self":[{"href":"https:\/\/www.csj-emballages.com\/pt-pt\/wp-json\/wp\/v2\/product\/22561","targetHints":{"allow":["GET"]}}],"collection":[{"href":"https:\/\/www.csj-emballages.com\/pt-pt\/wp-json\/wp\/v2\/product"}],"about":[{"href":"https:\/\/www.csj-emballages.com\/pt-pt\/wp-json\/wp\/v2\/types\/product"}],"wp:featuredmedia":[{"embeddable":true,"href":"https:\/\/www.csj-emballages.com\/pt-pt\/wp-json\/wp\/v2\/media\/187707"}],"wp:attachment":[{"href":"https:\/\/www.csj-emballages.com\/pt-pt\/wp-json\/wp\/v2\/media?parent=22561"}],"wp:term":[{"taxonomy":"product_brand","embeddable":true,"href":"https:\/\/www.csj-emballages.com\/pt-pt\/wp-json\/wp\/v2\/product_brand?post=22561"},{"taxonomy":"product_cat","embeddable":true,"href":"https:\/\/www.csj-emballages.com\/pt-pt\/wp-json\/wp\/v2\/product_cat?post=22561"},{"taxonomy":"product_tag","embeddable":true,"href":"https:\/\/www.csj-emballages.com\/pt-pt\/wp-json\/wp\/v2\/product_tag?post=22561"}],"curies":[{"name":"wp","href":"https:\/\/api.w.org\/{rel}","templated":true}]}}