{"id":22554,"date":"2024-03-01T16:50:35","date_gmt":"2024-03-01T15:50:35","guid":{"rendered":"https:\/\/u15jnbdpoq.preview.infomaniak.website\/produit\/25-tabuleiros-de-luxo-para-takeaway-com-5-compartimentos\/"},"modified":"2026-04-10T02:14:42","modified_gmt":"2026-04-10T00:14:42","slug":"25-tabuleiros-de-luxo-para-takeaway-com-5-compartimentos","status":"publish","type":"product","link":"https:\/\/www.csj-emballages.com\/pt-pt\/produit\/25-tabuleiros-de-luxo-para-takeaway-com-5-compartimentos\/","title":{"rendered":"Tabuleiro para takeaway de luxo com 5 compartimentos, 25 unidades."},"content":{"rendered":"<h2>Tabuleiro de refei\u00e7\u00f5es<\/h2>\n<hr>\n<h3>Descri\u00e7\u00e3o do nosso tabuleiro para refei\u00e7\u00f5es takeaway de luxo com 5 compartimentos (25 unidades)<\/h3>\n<p><!--more--><\/p>\n<p data-start=\"182\" data-end=\"558\">Descubra o <strong data-start=\"195\" data-end=\"251\">tabuleiro para takeaway luxe par 25 com 5 compartimentos<\/strong>, uma solu\u00e7\u00e3o pr\u00e1tica e elegante concebida para os profissionais dos sectores da restaura\u00e7\u00e3o, takeaway e eventos. Concebido para responder \u00e0s necessidades dos <b>profissionais<\/b>, este <strong>tabuleiro preto<\/strong> \u00e9 f\u00e1cil de utilizar e tem uma apresenta\u00e7\u00e3o elegante. <\/p>\n<p data-start=\"560\" data-end=\"948\">Gra\u00e7as aos seus <strong data-start=\"569\" data-end=\"598\">5 compartimentos separados<\/strong>, pode separar entradas, pratos principais, acompanhamentos, queijos e sobremesas sem misturar sabores. A disposi\u00e7\u00e3o inteligente permite tirar o m\u00e1ximo partido de cada prepara\u00e7\u00e3o. Ideal para menus completos, este <strong>tabuleiro de 5 compartimentos<\/strong> d\u00e1 um toque de <strong data-start=\"912\" data-end=\"927\">requinte<\/strong> aos seus eventos.  <\/p>\n<p data-start=\"950\" data-end=\"1326\">Fabricado num material robusto e de alta qualidade, o <strong data-start=\"1002\" data-end=\"1024\">tabuleiro de refei\u00e7\u00e3o de luxo<\/strong> combina for\u00e7a e eleg\u00e2ncia. A sua robustez torna-o adequado tanto para pratos quentes como frios, mantendo-se impec\u00e1vel durante o transporte. O seu design requintado ajuda a criar uma experi\u00eancia de topo de gama para os seus clientes, mantendo-se pr\u00e1tico para a utiliza\u00e7\u00e3o quotidiana.  <\/p>\n<p data-start=\"1328\" data-end=\"1702\">Embalado em <strong data-start=\"1344\" data-end=\"1357\">lotes de 25 unidades<\/strong>, \u00e9 perfeito para os departamentos de restaura\u00e7\u00e3o mais ocupados, poupando tempo e optimizando a organiza\u00e7\u00e3o. Quer se trate de uma refei\u00e7\u00e3o de empresa, de um cocktail, de uma rece\u00e7\u00e3o privada ou de um servi\u00e7o de catering coletivo, este <strong>tabuleiro de refei\u00e7\u00e3o preto<\/strong> \u00e9 o aliado ideal para combinar praticidade, higiene e eleg\u00e2ncia. <\/p>\n<p data-start=\"1704\" data-end=\"1889\">Em suma, ao escolher este <strong data-start=\"1722\" data-end=\"1771\">tabuleiro de refei\u00e7\u00e3o<\/strong>, pode garantir que os seus convidados desfrutam de uma refei\u00e7\u00e3o confort\u00e1vel.<\/p>\n<p data-start=\"1704\" data-end=\"1889\"><!--more--><\/p>\n<p data-start=\"1704\" data-end=\"1889\"><strong><span style=\"color: #ff0000;\">*Este tabuleiro \u00e9 vendido separadamente da sua tampa (ver liga\u00e7\u00e3o abaixo).<\/span><\/strong><\/p>\n<p data-start=\"1704\" data-end=\"1889\"><!--more--><\/p>\n<h4>Vantagens :<\/h4>\n<ul>\n<li>5 compartimentos para separar e destacar cada prepara\u00e7\u00e3o.<\/li>\n<li>Design requintado para uma apresenta\u00e7\u00e3o elegante.<\/li>\n<li>O seu material resistente torna-o adequado para pratos quentes e frios.<\/li>\n<li>Embaladas em pacotes de 25 unidades para uma utiliza\u00e7\u00e3o pr\u00e1tica e econ\u00f3mica.<\/li>\n<li>Ideal para empresas de catering, restaurantes e eventos.<\/li>\n<\/ul>\n<p>&nbsp;<\/p>\n<p><!--more--><\/p>\n<h4>Outras informa\u00e7\u00f5es :<\/h4>\n<ul>\n<li><strong>Embalagem<\/strong>: Pacote de 25<\/li>\n<li><strong>Dimens\u00f5es<\/strong>: 310 x 250 x 30 mm<\/li>\n<li><strong>N\u00famero de compartimentos <\/strong>: 5<\/li>\n<li><strong>Cor<\/strong>: preto<\/li>\n<li><strong>Material<\/strong>: PS (poliestireno)<\/li>\n<li><strong>Temperatura de funcionamento<\/strong>: -5\u00b0C \/ +80\u00b0C<\/li>\n<\/ul>\n<p>&nbsp;<\/p>\n<p><!--more--><\/p>\n<p>Encontre aqui a tampa compat\u00edvel com este tabuleiro: <span style=\"color: #d12727;\"><a style=\"color: #d12727;\" href=\"https:\/\/www.csj-emballages.com\/produit\/25-couvercles-pour-plateaux-repas-a-emporter-5-compartiments-luxe-pl5cluxen\/\">COPL5CLUXEN<\/a><\/span><\/p>\n<p>&nbsp;<\/p>\n<p><!--more--><\/p>\n<p><a href=\"https:\/\/www.csj-emballages.com\/pt-pt\/categorie-produit\/embalagem-de-alimentos\/talho-e-charcutaria\/tabuleiros\/tabuleiros-de-refeicoes\/tabuleiros-de-plastico-para-refeicoes\/tabuleiros-de-luxo\/\">Ver o resto da nossa gama de tabuleiros &#8220;Luxury<\/a><\/p>\n","protected":false},"excerpt":{"rendered":"<p>Tabuleiro de refei\u00e7\u00f5es Descri\u00e7\u00e3o do nosso tabuleiro para refei\u00e7\u00f5es takeaway de luxo com 5 compartimentos (25 unidades)<\/p>\n","protected":false},"featured_media":241274,"template":"","meta":{"_acf_changed":false},"product_brand":[],"product_cat":[1141,1176,1287,1292,1297,7228,1138,1301,1304,1308],"product_tag":[],"class_list":{"0":"post-22554","1":"product","2":"type-product","3":"status-publish","4":"has-post-thumbnail","6":"product_cat-embalagem-de-alimentos","7":"product_cat-talho-e-charcutaria","8":"product_cat-tabuleiros","9":"product_cat-tabuleiros-de-refeicoes","10":"product_cat-tabuleiros-de-plastico-para-refeicoes","11":"product_cat-tabuleiros-de-luxo","12":"product_cat-restauracao","13":"product_cat-tabuleiros-pt-pt","14":"product_cat-tabuleiros-de-refeicao-descartaveis","15":"product_cat-tabuleiros-de-plastico-para-refeicoes-pt-pt","17":"first","18":"instock","19":"taxable","20":"shipping-taxable","21":"purchasable","22":"product-type-simple"},"acf":[],"yoast_head":"<!-- This site is optimized with the Yoast SEO Premium plugin v26.6 (Yoast SEO v26.6) - https:\/\/yoast.com\/wordpress\/plugins\/seo\/ -->\n<title>Tabuleiro de refei\u00e7\u00f5es para levar de luxo com 5 compartimentos por 25<\/title>\n<meta name=\"description\" content=\"Tabuleiro para refei\u00e7\u00f5es takeaway de luxo com 5 compartimentos por 25: elegante, pr\u00e1tico e robusto para empresas de catering e restaura\u00e7\u00e3o. Tampa vendida separadamente.\" \/>\n<meta name=\"robots\" content=\"index, follow, max-snippet:-1, max-image-preview:large, max-video-preview:-1\" \/>\n<link rel=\"canonical\" href=\"https:\/\/www.csj-emballages.com\/pt-pt\/produit\/25-tabuleiros-de-luxo-para-takeaway-com-5-compartimentos\/\" \/>\n<meta property=\"og:locale\" content=\"pt_PT\" \/>\n<meta property=\"og:type\" content=\"article\" \/>\n<meta property=\"og:title\" content=\"Tabuleiro para takeaway de luxo com 5 compartimentos, 25 unidades.\" \/>\n<meta property=\"og:description\" content=\"Tabuleiro para refei\u00e7\u00f5es takeaway de luxo com 5 compartimentos por 25: elegante, pr\u00e1tico e robusto para empresas de catering e restaura\u00e7\u00e3o. Tampa vendida separadamente.\" \/>\n<meta property=\"og:url\" content=\"https:\/\/www.csj-emballages.com\/pt-pt\/produit\/25-tabuleiros-de-luxo-para-takeaway-com-5-compartimentos\/\" \/>\n<meta property=\"og:site_name\" content=\"CSJ Emballages\" \/>\n<meta property=\"article:publisher\" content=\"https:\/\/www.facebook.com\/csjemballages\" \/>\n<meta property=\"article:modified_time\" content=\"2026-04-10T00:14:42+00:00\" \/>\n<meta property=\"og:image\" content=\"https:\/\/www.csj-emballages.com\/wp-content\/uploads\/2024\/03\/PL5CLUXEN.webp\" \/>\n\t<meta property=\"og:image:width\" content=\"800\" \/>\n\t<meta property=\"og:image:height\" content=\"800\" \/>\n\t<meta property=\"og:image:type\" content=\"image\/webp\" \/>\n<meta name=\"twitter:card\" content=\"summary_large_image\" \/>\n<meta name=\"twitter:label1\" content=\"Tempo estimado de leitura\" \/>\n\t<meta name=\"twitter:data1\" content=\"2 minutos\" \/>\n<script type=\"application\/ld+json\" class=\"yoast-schema-graph\">{\"@context\":\"https:\/\/schema.org\",\"@graph\":[{\"@type\":\"WebPage\",\"@id\":\"https:\/\/www.csj-emballages.com\/pt-pt\/produit\/25-tabuleiros-de-luxo-para-takeaway-com-5-compartimentos\/\",\"url\":\"https:\/\/www.csj-emballages.com\/pt-pt\/produit\/25-tabuleiros-de-luxo-para-takeaway-com-5-compartimentos\/\",\"name\":\"Tabuleiro de refei\u00e7\u00f5es para levar de luxo com 5 compartimentos por 25\",\"isPartOf\":{\"@id\":\"https:\/\/www.csj-emballages.com\/pt-pt\/#website\"},\"primaryImageOfPage\":{\"@id\":\"https:\/\/www.csj-emballages.com\/pt-pt\/produit\/25-tabuleiros-de-luxo-para-takeaway-com-5-compartimentos\/#primaryimage\"},\"image\":{\"@id\":\"https:\/\/www.csj-emballages.com\/pt-pt\/produit\/25-tabuleiros-de-luxo-para-takeaway-com-5-compartimentos\/#primaryimage\"},\"thumbnailUrl\":\"https:\/\/www.csj-emballages.com\/wp-content\/uploads\/2024\/03\/PL5CLUXEN.webp\",\"datePublished\":\"2024-03-01T15:50:35+00:00\",\"dateModified\":\"2026-04-10T00:14:42+00:00\",\"description\":\"Tabuleiro para refei\u00e7\u00f5es takeaway de luxo com 5 compartimentos por 25: elegante, pr\u00e1tico e robusto para empresas de catering e restaura\u00e7\u00e3o. Tampa vendida separadamente.\",\"breadcrumb\":{\"@id\":\"https:\/\/www.csj-emballages.com\/pt-pt\/produit\/25-tabuleiros-de-luxo-para-takeaway-com-5-compartimentos\/#breadcrumb\"},\"inLanguage\":\"pt-PT\",\"potentialAction\":[{\"@type\":\"ReadAction\",\"target\":[\"https:\/\/www.csj-emballages.com\/pt-pt\/produit\/25-tabuleiros-de-luxo-para-takeaway-com-5-compartimentos\/\"]}]},{\"@type\":\"ImageObject\",\"inLanguage\":\"pt-PT\",\"@id\":\"https:\/\/www.csj-emballages.com\/pt-pt\/produit\/25-tabuleiros-de-luxo-para-takeaway-com-5-compartimentos\/#primaryimage\",\"url\":\"https:\/\/www.csj-emballages.com\/wp-content\/uploads\/2024\/03\/PL5CLUXEN.webp\",\"contentUrl\":\"https:\/\/www.csj-emballages.com\/wp-content\/uploads\/2024\/03\/PL5CLUXEN.webp\",\"width\":800,\"height\":800,\"caption\":\"Plateau repas\"},{\"@type\":\"BreadcrumbList\",\"@id\":\"https:\/\/www.csj-emballages.com\/pt-pt\/produit\/25-tabuleiros-de-luxo-para-takeaway-com-5-compartimentos\/#breadcrumb\",\"itemListElement\":[{\"@type\":\"ListItem\",\"position\":1,\"name\":\"Acolhimento\",\"item\":\"https:\/\/www.csj-emballages.com\/pt-pt\/universo-das-embalagens-alimentares\/\"},{\"@type\":\"ListItem\",\"position\":2,\"name\":\"Shop\",\"item\":\"https:\/\/www.csj-emballages.com\/shop\/\"},{\"@type\":\"ListItem\",\"position\":3,\"name\":\"Tabuleiro para takeaway de luxo com 5 compartimentos, 25 unidades.\"}]},{\"@type\":\"WebSite\",\"@id\":\"https:\/\/www.csj-emballages.com\/pt-pt\/#website\",\"url\":\"https:\/\/www.csj-emballages.com\/pt-pt\/\",\"name\":\"CSJ Emballages\",\"description\":\"\",\"publisher\":{\"@id\":\"https:\/\/www.csj-emballages.com\/pt-pt\/#organization\"},\"potentialAction\":[{\"@type\":\"SearchAction\",\"target\":{\"@type\":\"EntryPoint\",\"urlTemplate\":\"https:\/\/www.csj-emballages.com\/pt-pt\/?s={search_term_string}\"},\"query-input\":{\"@type\":\"PropertyValueSpecification\",\"valueRequired\":true,\"valueName\":\"search_term_string\"}}],\"inLanguage\":\"pt-PT\"},{\"@type\":\"Organization\",\"@id\":\"https:\/\/www.csj-emballages.com\/pt-pt\/#Organization\/\",\"name\":\"CSJ Emballages\",\"url\":\"https:\/\/www.csj-emballages.com\/pt-pt\/\",\"logo\":{\"@type\":\"ImageObject\",\"inLanguage\":\"pt-PT\",\"@id\":\"https:\/\/www.csj-emballages.com\/pt-pt\/#\/schema\/logo\/image\/\",\"url\":\"https:\/\/www.csj-emballages.com\/wp-content\/uploads\/2023\/10\/logo_csj.webp\",\"contentUrl\":\"https:\/\/www.csj-emballages.com\/wp-content\/uploads\/2023\/10\/logo_csj.webp\",\"width\":250,\"height\":95,\"caption\":\"CSJ Emballages\"},\"image\":{\"@id\":\"https:\/\/www.csj-emballages.com\/pt-pt\/#\/schema\/logo\/image\/\"},\"sameAs\":[\"https:\/\/www.facebook.com\/csjemballages\"],\"address\":{\"@type\":\"PostalAddress\",\"streetAddress\":\"ZI La Lechere\",\"addressLocality\":\"Patornay\",\"postalCode\":\"39130\",\"addressCountry\":\"FR\"},\"contactPoint\":[{\"@type\":\"ContactPoint\",\"contactType\":\"Service client\",\"telephone\":\"0384254272\",\"email\":\"contact@csj-emballages.com\"}]}]}<\/script>\n<!-- \/ Yoast SEO Premium plugin. -->","yoast_head_json":{"title":"Tabuleiro de refei\u00e7\u00f5es para levar de luxo com 5 compartimentos por 25","description":"Tabuleiro para refei\u00e7\u00f5es takeaway de luxo com 5 compartimentos por 25: elegante, pr\u00e1tico e robusto para empresas de catering e restaura\u00e7\u00e3o. Tampa vendida separadamente.","robots":{"index":"index","follow":"follow","max-snippet":"max-snippet:-1","max-image-preview":"max-image-preview:large","max-video-preview":"max-video-preview:-1"},"canonical":"https:\/\/www.csj-emballages.com\/pt-pt\/produit\/25-tabuleiros-de-luxo-para-takeaway-com-5-compartimentos\/","og_locale":"pt_PT","og_type":"article","og_title":"Tabuleiro para takeaway de luxo com 5 compartimentos, 25 unidades.","og_description":"Tabuleiro para refei\u00e7\u00f5es takeaway de luxo com 5 compartimentos por 25: elegante, pr\u00e1tico e robusto para empresas de catering e restaura\u00e7\u00e3o. Tampa vendida separadamente.","og_url":"https:\/\/www.csj-emballages.com\/pt-pt\/produit\/25-tabuleiros-de-luxo-para-takeaway-com-5-compartimentos\/","og_site_name":"CSJ Emballages","article_publisher":"https:\/\/www.facebook.com\/csjemballages","article_modified_time":"2026-04-10T00:14:42+00:00","og_image":[{"width":800,"height":800,"url":"https:\/\/www.csj-emballages.com\/wp-content\/uploads\/2024\/03\/PL5CLUXEN.webp","type":"image\/webp"}],"twitter_card":"summary_large_image","twitter_misc":{"Tempo estimado de leitura":"2 minutos"},"schema":{"@context":"https:\/\/schema.org","@graph":[{"@type":"WebPage","@id":"https:\/\/www.csj-emballages.com\/pt-pt\/produit\/25-tabuleiros-de-luxo-para-takeaway-com-5-compartimentos\/","url":"https:\/\/www.csj-emballages.com\/pt-pt\/produit\/25-tabuleiros-de-luxo-para-takeaway-com-5-compartimentos\/","name":"Tabuleiro de refei\u00e7\u00f5es para levar de luxo com 5 compartimentos por 25","isPartOf":{"@id":"https:\/\/www.csj-emballages.com\/pt-pt\/#website"},"primaryImageOfPage":{"@id":"https:\/\/www.csj-emballages.com\/pt-pt\/produit\/25-tabuleiros-de-luxo-para-takeaway-com-5-compartimentos\/#primaryimage"},"image":{"@id":"https:\/\/www.csj-emballages.com\/pt-pt\/produit\/25-tabuleiros-de-luxo-para-takeaway-com-5-compartimentos\/#primaryimage"},"thumbnailUrl":"https:\/\/www.csj-emballages.com\/wp-content\/uploads\/2024\/03\/PL5CLUXEN.webp","datePublished":"2024-03-01T15:50:35+00:00","dateModified":"2026-04-10T00:14:42+00:00","description":"Tabuleiro para refei\u00e7\u00f5es takeaway de luxo com 5 compartimentos por 25: elegante, pr\u00e1tico e robusto para empresas de catering e restaura\u00e7\u00e3o. Tampa vendida separadamente.","breadcrumb":{"@id":"https:\/\/www.csj-emballages.com\/pt-pt\/produit\/25-tabuleiros-de-luxo-para-takeaway-com-5-compartimentos\/#breadcrumb"},"inLanguage":"pt-PT","potentialAction":[{"@type":"ReadAction","target":["https:\/\/www.csj-emballages.com\/pt-pt\/produit\/25-tabuleiros-de-luxo-para-takeaway-com-5-compartimentos\/"]}]},{"@type":"ImageObject","inLanguage":"pt-PT","@id":"https:\/\/www.csj-emballages.com\/pt-pt\/produit\/25-tabuleiros-de-luxo-para-takeaway-com-5-compartimentos\/#primaryimage","url":"https:\/\/www.csj-emballages.com\/wp-content\/uploads\/2024\/03\/PL5CLUXEN.webp","contentUrl":"https:\/\/www.csj-emballages.com\/wp-content\/uploads\/2024\/03\/PL5CLUXEN.webp","width":800,"height":800,"caption":"Plateau repas"},{"@type":"BreadcrumbList","@id":"https:\/\/www.csj-emballages.com\/pt-pt\/produit\/25-tabuleiros-de-luxo-para-takeaway-com-5-compartimentos\/#breadcrumb","itemListElement":[{"@type":"ListItem","position":1,"name":"Acolhimento","item":"https:\/\/www.csj-emballages.com\/pt-pt\/universo-das-embalagens-alimentares\/"},{"@type":"ListItem","position":2,"name":"Shop","item":"https:\/\/www.csj-emballages.com\/shop\/"},{"@type":"ListItem","position":3,"name":"Tabuleiro para takeaway de luxo com 5 compartimentos, 25 unidades."}]},{"@type":"WebSite","@id":"https:\/\/www.csj-emballages.com\/pt-pt\/#website","url":"https:\/\/www.csj-emballages.com\/pt-pt\/","name":"CSJ Emballages","description":"","publisher":{"@id":"https:\/\/www.csj-emballages.com\/pt-pt\/#organization"},"potentialAction":[{"@type":"SearchAction","target":{"@type":"EntryPoint","urlTemplate":"https:\/\/www.csj-emballages.com\/pt-pt\/?s={search_term_string}"},"query-input":{"@type":"PropertyValueSpecification","valueRequired":true,"valueName":"search_term_string"}}],"inLanguage":"pt-PT"},{"@type":"Organization","@id":"https:\/\/www.csj-emballages.com\/pt-pt\/#Organization\/","name":"CSJ Emballages","url":"https:\/\/www.csj-emballages.com\/pt-pt\/","logo":{"@type":"ImageObject","inLanguage":"pt-PT","@id":"https:\/\/www.csj-emballages.com\/pt-pt\/#\/schema\/logo\/image\/","url":"https:\/\/www.csj-emballages.com\/wp-content\/uploads\/2023\/10\/logo_csj.webp","contentUrl":"https:\/\/www.csj-emballages.com\/wp-content\/uploads\/2023\/10\/logo_csj.webp","width":250,"height":95,"caption":"CSJ Emballages"},"image":{"@id":"https:\/\/www.csj-emballages.com\/pt-pt\/#\/schema\/logo\/image\/"},"sameAs":["https:\/\/www.facebook.com\/csjemballages"],"address":{"@type":"PostalAddress","streetAddress":"ZI La Lechere","addressLocality":"Patornay","postalCode":"39130","addressCountry":"FR"},"contactPoint":[{"@type":"ContactPoint","contactType":"Service client","telephone":"0384254272","email":"contact@csj-emballages.com"}]}]}},"df_price":18.71,"df_sale_price":"","df_regular_price":18.71,"df_image_link":"https:\/\/www.csj-emballages.com\/wp-content\/uploads\/2024\/03\/PL5CLUXEN-300x300.webp","tiered_pricing_type":"fixed","tiered_pricing_fixed_rules":[],"tiered_pricing_percentage_rules":[],"tiered_pricing_minimum":1,"tiered_pricing_roles_data":[],"_links":{"self":[{"href":"https:\/\/www.csj-emballages.com\/pt-pt\/wp-json\/wp\/v2\/product\/22554","targetHints":{"allow":["GET"]}}],"collection":[{"href":"https:\/\/www.csj-emballages.com\/pt-pt\/wp-json\/wp\/v2\/product"}],"about":[{"href":"https:\/\/www.csj-emballages.com\/pt-pt\/wp-json\/wp\/v2\/types\/product"}],"wp:featuredmedia":[{"embeddable":true,"href":"https:\/\/www.csj-emballages.com\/pt-pt\/wp-json\/wp\/v2\/media\/241274"}],"wp:attachment":[{"href":"https:\/\/www.csj-emballages.com\/pt-pt\/wp-json\/wp\/v2\/media?parent=22554"}],"wp:term":[{"taxonomy":"product_brand","embeddable":true,"href":"https:\/\/www.csj-emballages.com\/pt-pt\/wp-json\/wp\/v2\/product_brand?post=22554"},{"taxonomy":"product_cat","embeddable":true,"href":"https:\/\/www.csj-emballages.com\/pt-pt\/wp-json\/wp\/v2\/product_cat?post=22554"},{"taxonomy":"product_tag","embeddable":true,"href":"https:\/\/www.csj-emballages.com\/pt-pt\/wp-json\/wp\/v2\/product_tag?post=22554"}],"curies":[{"name":"wp","href":"https:\/\/api.w.org\/{rel}","templated":true}]}}