{"id":22550,"date":"2024-03-01T16:50:33","date_gmt":"2024-03-01T15:50:33","guid":{"rendered":"https:\/\/u15jnbdpoq.preview.infomaniak.website\/produit\/65-tabuleiros-kraft-para-takeaway\/"},"modified":"2026-04-03T02:18:38","modified_gmt":"2026-04-03T00:18:38","slug":"65-tabuleiros-kraft-para-takeaway","status":"publish","type":"product","link":"https:\/\/www.csj-emballages.com\/pt-pt\/produit\/65-tabuleiros-kraft-para-takeaway\/","title":{"rendered":"Tabuleiro auto Kraft, 65"},"content":{"rendered":"<h2>Tabuleiro self-service<\/h2>\n<hr>\n<h3>Descri\u00e7\u00e3o do nosso tabuleiro kraft self por 65<\/h3>\n<p><!--more--><\/p>\n<p data-start=\"139\" data-end=\"572\">O <strong data-start=\"142\" data-end=\"172\">tabuleiro self-service kraft by 65<\/strong> \u00e9 uma solu\u00e7\u00e3o pr\u00e1tica concebida para os profissionais da restaura\u00e7\u00e3o. Fabricado em <strong>cart\u00e3o kraft resistente<\/strong>, este <strong>tabuleiro<\/strong> <strong>de self-service<\/strong> combina <strong data-start=\"443\" data-end=\"479\">robustez com uma est\u00e9tica natural<\/strong>, tornando-o ideal para expor os seus pratos, menus completos ou sortidos. <\/p>\n<p data-start=\"574\" data-end=\"958\">O seu tamanho generoso facilita a disposi\u00e7\u00e3o de v\u00e1rios pratos: entrada, prato principal, sobremesa, talheres ou acompanhamentos. A sua rigidez garante um transporte seguro, sem risco de dobrar ou desmoronar. A sua cor <strong>kraft<\/strong> confere-lhe um <strong data-start=\"830\" data-end=\"866\">toque aut\u00eantico e ecol\u00f3gico<\/strong>, em linha com a tend\u00eancia atual para embalagens sustent\u00e1veis e respeitadoras do ambiente.  <\/p>\n<p data-start=\"960\" data-end=\"1426\">Dispon\u00edvel em embalagens de <strong data-start=\"976\" data-end=\"989\">65<\/strong> unidades, este <strong>tabuleiro de self-service<\/strong> \u00e9 ideal para <strong data-start=\"1027\" data-end=\"1099\">empresas de catering, restaurantes, organizadores de eventos e empresas<\/strong> que procuram otimizar os custos, assegurando simultaneamente uma apresenta\u00e7\u00e3o profissional. A sua leveza facilita o manuseamento e a sua compatibilidade com v\u00e1rios acess\u00f3rios (tampas transparentes, tabuleiros compartimentados, copos, etc.) permite-lhe criar solu\u00e7\u00f5es de refei\u00e7\u00f5es completas, prontas a levar ou a servir. <\/p>\n<p data-start=\"1428\" data-end=\"1812\">Em suma, quer se trate de uma <strong data-start=\"1448\" data-end=\"1470\">refei\u00e7\u00e3o de empresa<\/strong>, de um <strong data-start=\"1475\" data-end=\"1494\">evento privado<\/strong> ou de um <strong data-start=\"1502\" data-end=\"1522\">takeaway<\/strong>, este <strong>tabuleiro<\/strong> \u00e9 a resposta perfeita \u00e0s expectativas dos clientes: pr\u00e1tico, robusto, ecol\u00f3gico e visualmente atrativo. Ao escolher este <strong>tabuleiro de cart\u00e3o<\/strong>, combina funcionalidade com uma imagem profissional, reduzindo simultaneamente o seu impacto ambiental gra\u00e7as \u00e0 embalagem recicl\u00e1vel. <\/p>\n<h4><\/h4>\n<p><!--more--><\/p>\n<h4>Vantagens :<\/h4>\n<ul>\n<li><strong>Resistente e r\u00edgido<\/strong>: ideal para o transporte de v\u00e1rias prepara\u00e7\u00f5es.<\/li>\n<li><strong>Est\u00e9tica kraft<\/strong>: um aspeto natural e aut\u00eantico.<\/li>\n<li><strong>Ecol\u00f3gico<\/strong>: recicl\u00e1vel e amigo do ambiente.<\/li>\n<li><strong>Pr\u00e1tico<\/strong>: formato adequado para refei\u00e7\u00f5es completas.<\/li>\n<li>Embalagem econ\u00f3mica de 65 unidades.<\/li>\n<\/ul>\n<p>&nbsp;<\/p>\n<p><!--more--><\/p>\n<p><strong>Outras informa\u00e7\u00f5es<\/strong>:<\/p>\n<ul>\n<li><strong>Embalagem<\/strong>: Embalagem de 65<\/li>\n<li><strong>Dimens\u00f5es<\/strong>: 225 x 180 x 37 mm<\/li>\n<li><strong>Gramagem<\/strong>: 230 g\/m\u00b2.<\/li>\n<li><strong>Cor<\/strong>: Kraft \/ Branco<\/li>\n<li><strong>Material<\/strong>: Cart\u00e3o canelado nano-micro<\/li>\n<\/ul>\n<h4><\/h4>\n<p><!--more--><\/p>\n<p>Descubra o nosso tabuleiro de cart\u00e3o autom\u00e1tico por 25 : <span style=\"color: #d12727;\"><a style=\"color: #d12727;\" href=\"https:\/\/www.csj-emballages.com\/pt-pt\/produit\/25-tabuleiros-de-cartao-autocolante-29-x-38-cm\/\">PLSELF2938<\/a><\/span><\/p>\n<p>&nbsp;<\/p>\n<p><!--more--><\/p>\n<p><a href=\"https:\/\/www.csj-emballages.com\/pt-pt\/categorie-produit\/embalagem-de-alimentos\/talho-e-charcutaria\/tabuleiros\/tabuleiros-self-service\/\">Ver o resto da nossa gama de tabuleiros self-service<\/a><\/p>\n","protected":false},"excerpt":{"rendered":"<p>Tabuleiro self-service Descri\u00e7\u00e3o do nosso tabuleiro kraft self por 65<\/p>\n","protected":false},"featured_media":177172,"template":"","meta":{"_acf_changed":false},"product_brand":[],"product_cat":[1141,1176,1287,3128,1138,1301,3127],"product_tag":[],"class_list":{"0":"post-22550","1":"product","2":"type-product","3":"status-publish","4":"has-post-thumbnail","6":"product_cat-embalagem-de-alimentos","7":"product_cat-talho-e-charcutaria","8":"product_cat-tabuleiros","9":"product_cat-tabuleiros-self-service","10":"product_cat-restauracao","11":"product_cat-tabuleiros-pt-pt","12":"product_cat-tabuleiros-descartaveis-para-self-service","14":"first","15":"instock","16":"taxable","17":"shipping-taxable","18":"purchasable","19":"product-type-simple"},"acf":[],"yoast_head":"<!-- This site is optimized with the Yoast SEO Premium plugin v26.6 (Yoast SEO v26.6) - https:\/\/yoast.com\/wordpress\/plugins\/seo\/ -->\n<title>Tabuleiro kraft, 65<\/title>\n<meta name=\"description\" content=\"Tabuleiro self-service Kraft, embalagem de 65 unidades: resistente, pr\u00e1tico e amigo do ambiente. Ideal para empresas de catering, restaurantes e eventos. Apresenta\u00e7\u00e3o cuidada garantida.\" \/>\n<meta name=\"robots\" content=\"index, follow, max-snippet:-1, max-image-preview:large, max-video-preview:-1\" \/>\n<link rel=\"canonical\" href=\"https:\/\/www.csj-emballages.com\/pt-pt\/produit\/65-tabuleiros-kraft-para-takeaway\/\" \/>\n<meta property=\"og:locale\" content=\"pt_PT\" \/>\n<meta property=\"og:type\" content=\"article\" \/>\n<meta property=\"og:title\" content=\"Tabuleiro auto Kraft, 65\" \/>\n<meta property=\"og:description\" content=\"Tabuleiro self-service Kraft, embalagem de 65 unidades: resistente, pr\u00e1tico e amigo do ambiente. Ideal para empresas de catering, restaurantes e eventos. Apresenta\u00e7\u00e3o cuidada garantida.\" \/>\n<meta property=\"og:url\" content=\"https:\/\/www.csj-emballages.com\/pt-pt\/produit\/65-tabuleiros-kraft-para-takeaway\/\" \/>\n<meta property=\"og:site_name\" content=\"CSJ Emballages\" \/>\n<meta property=\"article:publisher\" content=\"https:\/\/www.facebook.com\/csjemballages\" \/>\n<meta property=\"article:modified_time\" content=\"2026-04-03T00:18:38+00:00\" \/>\n<meta property=\"og:image\" content=\"https:\/\/www.csj-emballages.com\/wp-content\/uploads\/2024\/03\/plateauself1-png.webp\" \/>\n\t<meta property=\"og:image:width\" content=\"800\" \/>\n\t<meta property=\"og:image:height\" content=\"800\" \/>\n\t<meta property=\"og:image:type\" content=\"image\/png\" \/>\n<meta name=\"twitter:card\" content=\"summary_large_image\" \/>\n<meta name=\"twitter:label1\" content=\"Tempo estimado de leitura\" \/>\n\t<meta name=\"twitter:data1\" content=\"2 minutos\" \/>\n<script type=\"application\/ld+json\" class=\"yoast-schema-graph\">{\"@context\":\"https:\/\/schema.org\",\"@graph\":[{\"@type\":\"WebPage\",\"@id\":\"https:\/\/www.csj-emballages.com\/pt-pt\/produit\/65-tabuleiros-kraft-para-takeaway\/\",\"url\":\"https:\/\/www.csj-emballages.com\/pt-pt\/produit\/65-tabuleiros-kraft-para-takeaway\/\",\"name\":\"Tabuleiro kraft, 65\",\"isPartOf\":{\"@id\":\"https:\/\/www.csj-emballages.com\/pt-pt\/#website\"},\"primaryImageOfPage\":{\"@id\":\"https:\/\/www.csj-emballages.com\/pt-pt\/produit\/65-tabuleiros-kraft-para-takeaway\/#primaryimage\"},\"image\":{\"@id\":\"https:\/\/www.csj-emballages.com\/pt-pt\/produit\/65-tabuleiros-kraft-para-takeaway\/#primaryimage\"},\"thumbnailUrl\":\"https:\/\/www.csj-emballages.com\/wp-content\/uploads\/2024\/03\/plateauself1-png.webp\",\"datePublished\":\"2024-03-01T15:50:33+00:00\",\"dateModified\":\"2026-04-03T00:18:38+00:00\",\"description\":\"Tabuleiro self-service Kraft, embalagem de 65 unidades: resistente, pr\u00e1tico e amigo do ambiente. Ideal para empresas de catering, restaurantes e eventos. Apresenta\u00e7\u00e3o cuidada garantida.\",\"breadcrumb\":{\"@id\":\"https:\/\/www.csj-emballages.com\/pt-pt\/produit\/65-tabuleiros-kraft-para-takeaway\/#breadcrumb\"},\"inLanguage\":\"pt-PT\",\"potentialAction\":[{\"@type\":\"ReadAction\",\"target\":[\"https:\/\/www.csj-emballages.com\/pt-pt\/produit\/65-tabuleiros-kraft-para-takeaway\/\"]}]},{\"@type\":\"ImageObject\",\"inLanguage\":\"pt-PT\",\"@id\":\"https:\/\/www.csj-emballages.com\/pt-pt\/produit\/65-tabuleiros-kraft-para-takeaway\/#primaryimage\",\"url\":\"https:\/\/www.csj-emballages.com\/wp-content\/uploads\/2024\/03\/plateauself1-png.webp\",\"contentUrl\":\"https:\/\/www.csj-emballages.com\/wp-content\/uploads\/2024\/03\/plateauself1-png.webp\",\"width\":800,\"height\":800,\"caption\":\"Plateau repas\"},{\"@type\":\"BreadcrumbList\",\"@id\":\"https:\/\/www.csj-emballages.com\/pt-pt\/produit\/65-tabuleiros-kraft-para-takeaway\/#breadcrumb\",\"itemListElement\":[{\"@type\":\"ListItem\",\"position\":1,\"name\":\"Acolhimento\",\"item\":\"https:\/\/www.csj-emballages.com\/pt-pt\/universo-das-embalagens-alimentares\/\"},{\"@type\":\"ListItem\",\"position\":2,\"name\":\"Shop\",\"item\":\"https:\/\/www.csj-emballages.com\/shop\/\"},{\"@type\":\"ListItem\",\"position\":3,\"name\":\"Tabuleiro auto Kraft, 65\"}]},{\"@type\":\"WebSite\",\"@id\":\"https:\/\/www.csj-emballages.com\/pt-pt\/#website\",\"url\":\"https:\/\/www.csj-emballages.com\/pt-pt\/\",\"name\":\"CSJ Emballages\",\"description\":\"\",\"publisher\":{\"@id\":\"https:\/\/www.csj-emballages.com\/pt-pt\/#organization\"},\"potentialAction\":[{\"@type\":\"SearchAction\",\"target\":{\"@type\":\"EntryPoint\",\"urlTemplate\":\"https:\/\/www.csj-emballages.com\/pt-pt\/?s={search_term_string}\"},\"query-input\":{\"@type\":\"PropertyValueSpecification\",\"valueRequired\":true,\"valueName\":\"search_term_string\"}}],\"inLanguage\":\"pt-PT\"},{\"@type\":\"Organization\",\"@id\":\"https:\/\/www.csj-emballages.com\/pt-pt\/#Organization\/\",\"name\":\"CSJ Emballages\",\"url\":\"https:\/\/www.csj-emballages.com\/pt-pt\/\",\"logo\":{\"@type\":\"ImageObject\",\"inLanguage\":\"pt-PT\",\"@id\":\"https:\/\/www.csj-emballages.com\/pt-pt\/#\/schema\/logo\/image\/\",\"url\":\"https:\/\/www.csj-emballages.com\/wp-content\/uploads\/2023\/10\/logo_csj.webp\",\"contentUrl\":\"https:\/\/www.csj-emballages.com\/wp-content\/uploads\/2023\/10\/logo_csj.webp\",\"width\":250,\"height\":95,\"caption\":\"CSJ Emballages\"},\"image\":{\"@id\":\"https:\/\/www.csj-emballages.com\/pt-pt\/#\/schema\/logo\/image\/\"},\"sameAs\":[\"https:\/\/www.facebook.com\/csjemballages\"],\"address\":{\"@type\":\"PostalAddress\",\"streetAddress\":\"ZI La Lechere\",\"addressLocality\":\"Patornay\",\"postalCode\":\"39130\",\"addressCountry\":\"FR\"},\"contactPoint\":[{\"@type\":\"ContactPoint\",\"contactType\":\"Service client\",\"telephone\":\"0384254272\",\"email\":\"contact@csj-emballages.com\"}]}]}<\/script>\n<!-- \/ Yoast SEO Premium plugin. -->","yoast_head_json":{"title":"Tabuleiro kraft, 65","description":"Tabuleiro self-service Kraft, embalagem de 65 unidades: resistente, pr\u00e1tico e amigo do ambiente. Ideal para empresas de catering, restaurantes e eventos. Apresenta\u00e7\u00e3o cuidada garantida.","robots":{"index":"index","follow":"follow","max-snippet":"max-snippet:-1","max-image-preview":"max-image-preview:large","max-video-preview":"max-video-preview:-1"},"canonical":"https:\/\/www.csj-emballages.com\/pt-pt\/produit\/65-tabuleiros-kraft-para-takeaway\/","og_locale":"pt_PT","og_type":"article","og_title":"Tabuleiro auto Kraft, 65","og_description":"Tabuleiro self-service Kraft, embalagem de 65 unidades: resistente, pr\u00e1tico e amigo do ambiente. Ideal para empresas de catering, restaurantes e eventos. Apresenta\u00e7\u00e3o cuidada garantida.","og_url":"https:\/\/www.csj-emballages.com\/pt-pt\/produit\/65-tabuleiros-kraft-para-takeaway\/","og_site_name":"CSJ Emballages","article_publisher":"https:\/\/www.facebook.com\/csjemballages","article_modified_time":"2026-04-03T00:18:38+00:00","og_image":[{"width":800,"height":800,"url":"https:\/\/www.csj-emballages.com\/wp-content\/uploads\/2024\/03\/plateauself1-png.webp","type":"image\/png"}],"twitter_card":"summary_large_image","twitter_misc":{"Tempo estimado de leitura":"2 minutos"},"schema":{"@context":"https:\/\/schema.org","@graph":[{"@type":"WebPage","@id":"https:\/\/www.csj-emballages.com\/pt-pt\/produit\/65-tabuleiros-kraft-para-takeaway\/","url":"https:\/\/www.csj-emballages.com\/pt-pt\/produit\/65-tabuleiros-kraft-para-takeaway\/","name":"Tabuleiro kraft, 65","isPartOf":{"@id":"https:\/\/www.csj-emballages.com\/pt-pt\/#website"},"primaryImageOfPage":{"@id":"https:\/\/www.csj-emballages.com\/pt-pt\/produit\/65-tabuleiros-kraft-para-takeaway\/#primaryimage"},"image":{"@id":"https:\/\/www.csj-emballages.com\/pt-pt\/produit\/65-tabuleiros-kraft-para-takeaway\/#primaryimage"},"thumbnailUrl":"https:\/\/www.csj-emballages.com\/wp-content\/uploads\/2024\/03\/plateauself1-png.webp","datePublished":"2024-03-01T15:50:33+00:00","dateModified":"2026-04-03T00:18:38+00:00","description":"Tabuleiro self-service Kraft, embalagem de 65 unidades: resistente, pr\u00e1tico e amigo do ambiente. Ideal para empresas de catering, restaurantes e eventos. Apresenta\u00e7\u00e3o cuidada garantida.","breadcrumb":{"@id":"https:\/\/www.csj-emballages.com\/pt-pt\/produit\/65-tabuleiros-kraft-para-takeaway\/#breadcrumb"},"inLanguage":"pt-PT","potentialAction":[{"@type":"ReadAction","target":["https:\/\/www.csj-emballages.com\/pt-pt\/produit\/65-tabuleiros-kraft-para-takeaway\/"]}]},{"@type":"ImageObject","inLanguage":"pt-PT","@id":"https:\/\/www.csj-emballages.com\/pt-pt\/produit\/65-tabuleiros-kraft-para-takeaway\/#primaryimage","url":"https:\/\/www.csj-emballages.com\/wp-content\/uploads\/2024\/03\/plateauself1-png.webp","contentUrl":"https:\/\/www.csj-emballages.com\/wp-content\/uploads\/2024\/03\/plateauself1-png.webp","width":800,"height":800,"caption":"Plateau repas"},{"@type":"BreadcrumbList","@id":"https:\/\/www.csj-emballages.com\/pt-pt\/produit\/65-tabuleiros-kraft-para-takeaway\/#breadcrumb","itemListElement":[{"@type":"ListItem","position":1,"name":"Acolhimento","item":"https:\/\/www.csj-emballages.com\/pt-pt\/universo-das-embalagens-alimentares\/"},{"@type":"ListItem","position":2,"name":"Shop","item":"https:\/\/www.csj-emballages.com\/shop\/"},{"@type":"ListItem","position":3,"name":"Tabuleiro auto Kraft, 65"}]},{"@type":"WebSite","@id":"https:\/\/www.csj-emballages.com\/pt-pt\/#website","url":"https:\/\/www.csj-emballages.com\/pt-pt\/","name":"CSJ Emballages","description":"","publisher":{"@id":"https:\/\/www.csj-emballages.com\/pt-pt\/#organization"},"potentialAction":[{"@type":"SearchAction","target":{"@type":"EntryPoint","urlTemplate":"https:\/\/www.csj-emballages.com\/pt-pt\/?s={search_term_string}"},"query-input":{"@type":"PropertyValueSpecification","valueRequired":true,"valueName":"search_term_string"}}],"inLanguage":"pt-PT"},{"@type":"Organization","@id":"https:\/\/www.csj-emballages.com\/pt-pt\/#Organization\/","name":"CSJ Emballages","url":"https:\/\/www.csj-emballages.com\/pt-pt\/","logo":{"@type":"ImageObject","inLanguage":"pt-PT","@id":"https:\/\/www.csj-emballages.com\/pt-pt\/#\/schema\/logo\/image\/","url":"https:\/\/www.csj-emballages.com\/wp-content\/uploads\/2023\/10\/logo_csj.webp","contentUrl":"https:\/\/www.csj-emballages.com\/wp-content\/uploads\/2023\/10\/logo_csj.webp","width":250,"height":95,"caption":"CSJ Emballages"},"image":{"@id":"https:\/\/www.csj-emballages.com\/pt-pt\/#\/schema\/logo\/image\/"},"sameAs":["https:\/\/www.facebook.com\/csjemballages"],"address":{"@type":"PostalAddress","streetAddress":"ZI La Lechere","addressLocality":"Patornay","postalCode":"39130","addressCountry":"FR"},"contactPoint":[{"@type":"ContactPoint","contactType":"Service client","telephone":"0384254272","email":"contact@csj-emballages.com"}]}]}},"df_price":14.2,"df_sale_price":"","df_regular_price":14.2,"df_image_link":"https:\/\/www.csj-emballages.com\/wp-content\/uploads\/2024\/03\/plateauself1-300x300.webp","tiered_pricing_type":"fixed","tiered_pricing_fixed_rules":[],"tiered_pricing_percentage_rules":[],"tiered_pricing_minimum":1,"tiered_pricing_roles_data":[],"_links":{"self":[{"href":"https:\/\/www.csj-emballages.com\/pt-pt\/wp-json\/wp\/v2\/product\/22550","targetHints":{"allow":["GET"]}}],"collection":[{"href":"https:\/\/www.csj-emballages.com\/pt-pt\/wp-json\/wp\/v2\/product"}],"about":[{"href":"https:\/\/www.csj-emballages.com\/pt-pt\/wp-json\/wp\/v2\/types\/product"}],"wp:featuredmedia":[{"embeddable":true,"href":"https:\/\/www.csj-emballages.com\/pt-pt\/wp-json\/wp\/v2\/media\/177172"}],"wp:attachment":[{"href":"https:\/\/www.csj-emballages.com\/pt-pt\/wp-json\/wp\/v2\/media?parent=22550"}],"wp:term":[{"taxonomy":"product_brand","embeddable":true,"href":"https:\/\/www.csj-emballages.com\/pt-pt\/wp-json\/wp\/v2\/product_brand?post=22550"},{"taxonomy":"product_cat","embeddable":true,"href":"https:\/\/www.csj-emballages.com\/pt-pt\/wp-json\/wp\/v2\/product_cat?post=22550"},{"taxonomy":"product_tag","embeddable":true,"href":"https:\/\/www.csj-emballages.com\/pt-pt\/wp-json\/wp\/v2\/product_tag?post=22550"}],"curies":[{"name":"wp","href":"https:\/\/api.w.org\/{rel}","templated":true}]}}