{"id":22520,"date":"2024-03-01T16:50:36","date_gmt":"2024-03-01T15:50:36","guid":{"rendered":"https:\/\/u15jnbdpoq.preview.infomaniak.website\/produit\/25-placas-douradas-30-x-40-cm\/"},"modified":"2026-04-30T17:00:35","modified_gmt":"2026-04-30T15:00:35","slug":"25-placas-douradas-30-x-40-cm","status":"publish","type":"product","link":"https:\/\/www.csj-emballages.com\/pt-pt\/produit\/25-placas-douradas-30-x-40-cm\/","title":{"rendered":"Placa dourada de cart\u00e3o 30 x 40 cm por 25"},"content":{"rendered":"<h2><strong>Placa de cart\u00e3o dourada<\/strong><\/h2>\n<hr>\n<h3>Descri\u00e7\u00e3o da nossa placa de cart\u00e3o dourada 30 x 40 cm, embalagem de 25<\/h3>\n<p><!--more--><\/p>\n<p data-start=\"496\" data-end=\"979\">O <strong>prato dourado de cart\u00e3o<\/strong> <strong>r\u00edgido de 30 x 40 cm<\/strong> \u00e9 <strong data-start=\"544\" data-end=\"604\">indispens\u00e1vel para os profissionais da restaura\u00e7\u00e3o<\/strong>, pasteleiros, fornecedores de refei\u00e7\u00f5es e mesmo particulares que queiram mostrar as suas cria\u00e7\u00f5es culin\u00e1rias, assegurando um transporte limpo e fi\u00e1vel. O seu acabamento <strong>dourado<\/strong> confere <strong data-start=\"787\" data-end=\"825\">um toque chique e profissional<\/strong> a todas as suas apresenta\u00e7\u00f5es. Quer se trate de bolos, pastelaria, entradas ou pratos salgados, ou de travessas de carnes frias e queijos.  <\/p>\n<p data-start=\"981\" data-end=\"1256\">Fabricado em <strong>cart\u00e3o<\/strong> de alta qualidade, este <strong>prato<\/strong> \u00e9 suficientemente r\u00edgido para suportar cria\u00e7\u00f5es pesadas, mas \u00e9 leve e f\u00e1cil de manusear. \u00c9 resistente \u00e0 humidade, pelo que n\u00e3o amolece em contacto com alimentos frios ou ligeiramente h\u00famidos. <\/p>\n<p data-start=\"1258\" data-end=\"1548\">O seu tamanho generoso permite-lhe apresentar v\u00e1rias por\u00e7\u00f5es ou uma pe\u00e7a grande, assegurando simultaneamente um acabamento limpo e profissional. Amplamente utilizado para eventos, recep\u00e7\u00f5es, buffets ou encomendas para levar, este <strong>prato dourado numa caixa de catering<\/strong> \u00e9 <strong data-start=\"1506\" data-end=\"1547\">simultaneamente atraente e funcional<\/strong>. <\/p>\n<p data-start=\"1550\" data-end=\"1767\">\u00c9 tamb\u00e9m uma excelente solu\u00e7\u00e3o para quem quer oferecer um bolo caseiro com uma apresenta\u00e7\u00e3o digna de um profissional.<\/p>\n<p data-start=\"1550\" data-end=\"1767\"><!--more--><\/p>\n<h4>As suas vantagens:<\/h4>\n<ul>\n<li><strong>Est\u00e9tica<\/strong>: A sua superf\u00edcie dourada brilhante d\u00e1 um toque de sofistica\u00e7\u00e3o e requinte, real\u00e7ando a beleza das sobremesas.<\/li>\n<li><strong>Variedade<\/strong>: Dispon\u00edvel em diferentes tamanhos, consoante as necessidades.<\/li>\n<li><strong>Solidez<\/strong>: Fabricados com materiais resistentes, proporcionam uma base s\u00f3lida para as sobremesas, garantindo que estas permanecem intactas e bem apresentadas.<\/li>\n<li><strong>Transporte seguro<\/strong>: Perfeitamente dimensionados para caberem em caixas de catering, garantem um transporte seguro das sobremesas.<\/li>\n<li><strong>Versatilidade<\/strong>: Ideal para uma variedade de sobremesas, desde entremets a ta\u00e7as de sobremesa, podem ser adaptadas a diferentes estilos e tipos de cria\u00e7\u00f5es de pastelaria.<\/li>\n<\/ul>\n<p>&nbsp;<\/p>\n<p><!--more--><\/p>\n<h4>Outras informa\u00e7\u00f5es :<\/h4>\n<ul>\n<li><strong>Embalagem<\/strong>: Pacote de 25<\/li>\n<li><strong>Dimens\u00f5es<\/strong>: 30 x 40 cm<\/li>\n<li><strong>Material<\/strong>: Cart\u00e3o<\/li>\n<li><strong>Cor<\/strong>: dourado \/ preto<\/li>\n<\/ul>\n<p>&nbsp;<\/p>\n<p><!--more--><\/p>\n<p>Tamb\u00e9m dispon\u00edvel em <span style=\"color: #d62727;\"><a style=\"color: #d62727;\" href=\"https:\/\/www.csj-emballages.com\/pt-pt\/produit\/25-placas-douradas-28-x-42-cm\/\">25 placas douradas 28 x 42 cm<\/a> \/ <a style=\"color: #d62727;\" href=\"https:\/\/u15jnbdpoq.preview.infomaniak.website\/produit\/25-plaques-or-40-x-60-cm\/\">25 placas 40 x 60 cm<\/a><\/span><\/p>\n<p>&nbsp;<\/p>\n<p><!--more--><\/p>\n<p><a href=\"https:\/\/u15jnbdpoq.preview.infomaniak.website\/categorie-produit\/emballages\/boucherie-traiteur-primeur\/barquettes-boites-et-pots\/boites-traiteurs-lunchs\/\">V\u00ea o resto da nossa gama de caixas \/ almo\u00e7os de catering<\/a><\/p>\n","protected":false},"excerpt":{"rendered":"<p>Placa de cart\u00e3o dourada Descri\u00e7\u00e3o da nossa placa de cart\u00e3o dourada 30 x 40 cm, embalagem de 25<\/p>\n","protected":false},"featured_media":234214,"template":"","meta":{"_acf_changed":false},"product_brand":[],"product_cat":[1141,1176,2289,1174,1177,3916,1258,3107,1914,3114,3117],"product_tag":[],"class_list":{"0":"post-22520","1":"product","2":"type-product","3":"status-publish","4":"has-post-thumbnail","6":"product_cat-embalagem-de-alimentos","7":"product_cat-talho-e-charcutaria","8":"product_cat-tabuleiros-latas-e-frascos","9":"product_cat-caixas-de-catering-almocos","10":"product_cat-padaria-e-pastelaria","11":"product_cat-caixas-e-estojos","12":"product_cat-caixas-de-pastelaria","13":"product_cat-latas-de-sobremesa","14":"product_cat-suportes-para-bases-de-bolos","15":"product_cat-suportes-para-bolos-dourados","16":"product_cat-suporte-para-bolos-retangular-dourado","18":"first","19":"instock","20":"taxable","21":"shipping-taxable","22":"purchasable","23":"product-type-simple"},"acf":[],"yoast_head":"<!-- This site is optimized with the Yoast SEO Premium plugin v26.6 (Yoast SEO v26.6) - https:\/\/yoast.com\/wordpress\/plugins\/seo\/ -->\n<title>Placa de cart\u00e3o dourada 30 x 40 cm, embalagem de 25<\/title>\n<meta name=\"description\" content=\"Prato de cart\u00e3o dourado r\u00edgido e elegante de 30 x 40 cm. Perfeito para real\u00e7ar as suas apresenta\u00e7\u00f5es de bolos, pe\u00e7as de cen\u00e1rio ou pratos de catering.\" \/>\n<meta name=\"robots\" content=\"index, follow, max-snippet:-1, max-image-preview:large, max-video-preview:-1\" \/>\n<link rel=\"canonical\" href=\"https:\/\/www.csj-emballages.com\/pt-pt\/produit\/25-placas-douradas-30-x-40-cm\/\" \/>\n<meta property=\"og:locale\" content=\"pt_PT\" \/>\n<meta property=\"og:type\" content=\"article\" \/>\n<meta property=\"og:title\" content=\"Placa dourada de cart\u00e3o 30 x 40 cm por 25\" \/>\n<meta property=\"og:description\" content=\"Prato de cart\u00e3o dourado r\u00edgido e elegante de 30 x 40 cm. Perfeito para real\u00e7ar as suas apresenta\u00e7\u00f5es de bolos, pe\u00e7as de cen\u00e1rio ou pratos de catering.\" \/>\n<meta property=\"og:url\" content=\"https:\/\/www.csj-emballages.com\/pt-pt\/produit\/25-placas-douradas-30-x-40-cm\/\" \/>\n<meta property=\"og:site_name\" content=\"CSJ Emballages\" \/>\n<meta property=\"article:publisher\" content=\"https:\/\/www.facebook.com\/csjemballages\" \/>\n<meta property=\"article:modified_time\" content=\"2026-04-30T15:00:35+00:00\" \/>\n<meta property=\"og:image\" content=\"https:\/\/www.csj-emballages.com\/wp-content\/uploads\/2025\/04\/PLAQOR2842.webp\" \/>\n\t<meta property=\"og:image:width\" content=\"800\" \/>\n\t<meta property=\"og:image:height\" content=\"800\" \/>\n\t<meta property=\"og:image:type\" content=\"image\/webp\" \/>\n<meta name=\"twitter:card\" content=\"summary_large_image\" \/>\n<meta name=\"twitter:label1\" content=\"Tempo estimado de leitura\" \/>\n\t<meta name=\"twitter:data1\" content=\"2 minutos\" \/>\n<script type=\"application\/ld+json\" class=\"yoast-schema-graph\">{\"@context\":\"https:\/\/schema.org\",\"@graph\":[{\"@type\":\"WebPage\",\"@id\":\"https:\/\/www.csj-emballages.com\/pt-pt\/produit\/25-placas-douradas-30-x-40-cm\/\",\"url\":\"https:\/\/www.csj-emballages.com\/pt-pt\/produit\/25-placas-douradas-30-x-40-cm\/\",\"name\":\"Placa de cart\u00e3o dourada 30 x 40 cm, embalagem de 25\",\"isPartOf\":{\"@id\":\"https:\/\/www.csj-emballages.com\/pt-pt\/#website\"},\"primaryImageOfPage\":{\"@id\":\"https:\/\/www.csj-emballages.com\/pt-pt\/produit\/25-placas-douradas-30-x-40-cm\/#primaryimage\"},\"image\":{\"@id\":\"https:\/\/www.csj-emballages.com\/pt-pt\/produit\/25-placas-douradas-30-x-40-cm\/#primaryimage\"},\"thumbnailUrl\":\"https:\/\/www.csj-emballages.com\/wp-content\/uploads\/2025\/04\/PLAQOR2842.webp\",\"datePublished\":\"2024-03-01T15:50:36+00:00\",\"dateModified\":\"2026-04-30T15:00:35+00:00\",\"description\":\"Prato de cart\u00e3o dourado r\u00edgido e elegante de 30 x 40 cm. Perfeito para real\u00e7ar as suas apresenta\u00e7\u00f5es de bolos, pe\u00e7as de cen\u00e1rio ou pratos de catering.\",\"breadcrumb\":{\"@id\":\"https:\/\/www.csj-emballages.com\/pt-pt\/produit\/25-placas-douradas-30-x-40-cm\/#breadcrumb\"},\"inLanguage\":\"pt-PT\",\"potentialAction\":[{\"@type\":\"ReadAction\",\"target\":[\"https:\/\/www.csj-emballages.com\/pt-pt\/produit\/25-placas-douradas-30-x-40-cm\/\"]}]},{\"@type\":\"ImageObject\",\"inLanguage\":\"pt-PT\",\"@id\":\"https:\/\/www.csj-emballages.com\/pt-pt\/produit\/25-placas-douradas-30-x-40-cm\/#primaryimage\",\"url\":\"https:\/\/www.csj-emballages.com\/wp-content\/uploads\/2025\/04\/PLAQOR2842.webp\",\"contentUrl\":\"https:\/\/www.csj-emballages.com\/wp-content\/uploads\/2025\/04\/PLAQOR2842.webp\",\"width\":800,\"height\":800,\"caption\":\"Plaque or carton\"},{\"@type\":\"BreadcrumbList\",\"@id\":\"https:\/\/www.csj-emballages.com\/pt-pt\/produit\/25-placas-douradas-30-x-40-cm\/#breadcrumb\",\"itemListElement\":[{\"@type\":\"ListItem\",\"position\":1,\"name\":\"Acolhimento\",\"item\":\"https:\/\/www.csj-emballages.com\/pt-pt\/universo-das-embalagens-alimentares\/\"},{\"@type\":\"ListItem\",\"position\":2,\"name\":\"Shop\",\"item\":\"https:\/\/www.csj-emballages.com\/shop\/\"},{\"@type\":\"ListItem\",\"position\":3,\"name\":\"Placa dourada de cart\u00e3o 30 x 40 cm por 25\"}]},{\"@type\":\"WebSite\",\"@id\":\"https:\/\/www.csj-emballages.com\/pt-pt\/#website\",\"url\":\"https:\/\/www.csj-emballages.com\/pt-pt\/\",\"name\":\"CSJ Emballages\",\"description\":\"\",\"publisher\":{\"@id\":\"https:\/\/www.csj-emballages.com\/pt-pt\/#organization\"},\"potentialAction\":[{\"@type\":\"SearchAction\",\"target\":{\"@type\":\"EntryPoint\",\"urlTemplate\":\"https:\/\/www.csj-emballages.com\/pt-pt\/?s={search_term_string}\"},\"query-input\":{\"@type\":\"PropertyValueSpecification\",\"valueRequired\":true,\"valueName\":\"search_term_string\"}}],\"inLanguage\":\"pt-PT\"},{\"@type\":\"Organization\",\"@id\":\"https:\/\/www.csj-emballages.com\/pt-pt\/#Organization\/\",\"name\":\"CSJ Emballages\",\"url\":\"https:\/\/www.csj-emballages.com\/pt-pt\/\",\"logo\":{\"@type\":\"ImageObject\",\"inLanguage\":\"pt-PT\",\"@id\":\"https:\/\/www.csj-emballages.com\/pt-pt\/#\/schema\/logo\/image\/\",\"url\":\"https:\/\/www.csj-emballages.com\/wp-content\/uploads\/2023\/10\/logo_csj.webp\",\"contentUrl\":\"https:\/\/www.csj-emballages.com\/wp-content\/uploads\/2023\/10\/logo_csj.webp\",\"width\":250,\"height\":95,\"caption\":\"CSJ Emballages\"},\"image\":{\"@id\":\"https:\/\/www.csj-emballages.com\/pt-pt\/#\/schema\/logo\/image\/\"},\"sameAs\":[\"https:\/\/www.facebook.com\/csjemballages\"],\"address\":{\"@type\":\"PostalAddress\",\"streetAddress\":\"ZI La Lechere\",\"addressLocality\":\"Patornay\",\"postalCode\":\"39130\",\"addressCountry\":\"FR\"},\"contactPoint\":[{\"@type\":\"ContactPoint\",\"contactType\":\"Service client\",\"telephone\":\"0384254272\",\"email\":\"contact@csj-emballages.com\"}]}]}<\/script>\n<!-- \/ Yoast SEO Premium plugin. -->","yoast_head_json":{"title":"Placa de cart\u00e3o dourada 30 x 40 cm, embalagem de 25","description":"Prato de cart\u00e3o dourado r\u00edgido e elegante de 30 x 40 cm. Perfeito para real\u00e7ar as suas apresenta\u00e7\u00f5es de bolos, pe\u00e7as de cen\u00e1rio ou pratos de catering.","robots":{"index":"index","follow":"follow","max-snippet":"max-snippet:-1","max-image-preview":"max-image-preview:large","max-video-preview":"max-video-preview:-1"},"canonical":"https:\/\/www.csj-emballages.com\/pt-pt\/produit\/25-placas-douradas-30-x-40-cm\/","og_locale":"pt_PT","og_type":"article","og_title":"Placa dourada de cart\u00e3o 30 x 40 cm por 25","og_description":"Prato de cart\u00e3o dourado r\u00edgido e elegante de 30 x 40 cm. Perfeito para real\u00e7ar as suas apresenta\u00e7\u00f5es de bolos, pe\u00e7as de cen\u00e1rio ou pratos de catering.","og_url":"https:\/\/www.csj-emballages.com\/pt-pt\/produit\/25-placas-douradas-30-x-40-cm\/","og_site_name":"CSJ Emballages","article_publisher":"https:\/\/www.facebook.com\/csjemballages","article_modified_time":"2026-04-30T15:00:35+00:00","og_image":[{"width":800,"height":800,"url":"https:\/\/www.csj-emballages.com\/wp-content\/uploads\/2025\/04\/PLAQOR2842.webp","type":"image\/webp"}],"twitter_card":"summary_large_image","twitter_misc":{"Tempo estimado de leitura":"2 minutos"},"schema":{"@context":"https:\/\/schema.org","@graph":[{"@type":"WebPage","@id":"https:\/\/www.csj-emballages.com\/pt-pt\/produit\/25-placas-douradas-30-x-40-cm\/","url":"https:\/\/www.csj-emballages.com\/pt-pt\/produit\/25-placas-douradas-30-x-40-cm\/","name":"Placa de cart\u00e3o dourada 30 x 40 cm, embalagem de 25","isPartOf":{"@id":"https:\/\/www.csj-emballages.com\/pt-pt\/#website"},"primaryImageOfPage":{"@id":"https:\/\/www.csj-emballages.com\/pt-pt\/produit\/25-placas-douradas-30-x-40-cm\/#primaryimage"},"image":{"@id":"https:\/\/www.csj-emballages.com\/pt-pt\/produit\/25-placas-douradas-30-x-40-cm\/#primaryimage"},"thumbnailUrl":"https:\/\/www.csj-emballages.com\/wp-content\/uploads\/2025\/04\/PLAQOR2842.webp","datePublished":"2024-03-01T15:50:36+00:00","dateModified":"2026-04-30T15:00:35+00:00","description":"Prato de cart\u00e3o dourado r\u00edgido e elegante de 30 x 40 cm. Perfeito para real\u00e7ar as suas apresenta\u00e7\u00f5es de bolos, pe\u00e7as de cen\u00e1rio ou pratos de catering.","breadcrumb":{"@id":"https:\/\/www.csj-emballages.com\/pt-pt\/produit\/25-placas-douradas-30-x-40-cm\/#breadcrumb"},"inLanguage":"pt-PT","potentialAction":[{"@type":"ReadAction","target":["https:\/\/www.csj-emballages.com\/pt-pt\/produit\/25-placas-douradas-30-x-40-cm\/"]}]},{"@type":"ImageObject","inLanguage":"pt-PT","@id":"https:\/\/www.csj-emballages.com\/pt-pt\/produit\/25-placas-douradas-30-x-40-cm\/#primaryimage","url":"https:\/\/www.csj-emballages.com\/wp-content\/uploads\/2025\/04\/PLAQOR2842.webp","contentUrl":"https:\/\/www.csj-emballages.com\/wp-content\/uploads\/2025\/04\/PLAQOR2842.webp","width":800,"height":800,"caption":"Plaque or carton"},{"@type":"BreadcrumbList","@id":"https:\/\/www.csj-emballages.com\/pt-pt\/produit\/25-placas-douradas-30-x-40-cm\/#breadcrumb","itemListElement":[{"@type":"ListItem","position":1,"name":"Acolhimento","item":"https:\/\/www.csj-emballages.com\/pt-pt\/universo-das-embalagens-alimentares\/"},{"@type":"ListItem","position":2,"name":"Shop","item":"https:\/\/www.csj-emballages.com\/shop\/"},{"@type":"ListItem","position":3,"name":"Placa dourada de cart\u00e3o 30 x 40 cm por 25"}]},{"@type":"WebSite","@id":"https:\/\/www.csj-emballages.com\/pt-pt\/#website","url":"https:\/\/www.csj-emballages.com\/pt-pt\/","name":"CSJ Emballages","description":"","publisher":{"@id":"https:\/\/www.csj-emballages.com\/pt-pt\/#organization"},"potentialAction":[{"@type":"SearchAction","target":{"@type":"EntryPoint","urlTemplate":"https:\/\/www.csj-emballages.com\/pt-pt\/?s={search_term_string}"},"query-input":{"@type":"PropertyValueSpecification","valueRequired":true,"valueName":"search_term_string"}}],"inLanguage":"pt-PT"},{"@type":"Organization","@id":"https:\/\/www.csj-emballages.com\/pt-pt\/#Organization\/","name":"CSJ Emballages","url":"https:\/\/www.csj-emballages.com\/pt-pt\/","logo":{"@type":"ImageObject","inLanguage":"pt-PT","@id":"https:\/\/www.csj-emballages.com\/pt-pt\/#\/schema\/logo\/image\/","url":"https:\/\/www.csj-emballages.com\/wp-content\/uploads\/2023\/10\/logo_csj.webp","contentUrl":"https:\/\/www.csj-emballages.com\/wp-content\/uploads\/2023\/10\/logo_csj.webp","width":250,"height":95,"caption":"CSJ Emballages"},"image":{"@id":"https:\/\/www.csj-emballages.com\/pt-pt\/#\/schema\/logo\/image\/"},"sameAs":["https:\/\/www.facebook.com\/csjemballages"],"address":{"@type":"PostalAddress","streetAddress":"ZI La Lechere","addressLocality":"Patornay","postalCode":"39130","addressCountry":"FR"},"contactPoint":[{"@type":"ContactPoint","contactType":"Service client","telephone":"0384254272","email":"contact@csj-emballages.com"}]}]}},"df_price":12.22,"df_sale_price":"","df_regular_price":12.22,"df_image_link":"https:\/\/www.csj-emballages.com\/wp-content\/uploads\/2025\/04\/PLAQOR2842-300x300.webp","tiered_pricing_type":"fixed","tiered_pricing_fixed_rules":[],"tiered_pricing_percentage_rules":[],"tiered_pricing_minimum":1,"tiered_pricing_roles_data":[],"_links":{"self":[{"href":"https:\/\/www.csj-emballages.com\/pt-pt\/wp-json\/wp\/v2\/product\/22520","targetHints":{"allow":["GET"]}}],"collection":[{"href":"https:\/\/www.csj-emballages.com\/pt-pt\/wp-json\/wp\/v2\/product"}],"about":[{"href":"https:\/\/www.csj-emballages.com\/pt-pt\/wp-json\/wp\/v2\/types\/product"}],"wp:featuredmedia":[{"embeddable":true,"href":"https:\/\/www.csj-emballages.com\/pt-pt\/wp-json\/wp\/v2\/media\/234214"}],"wp:attachment":[{"href":"https:\/\/www.csj-emballages.com\/pt-pt\/wp-json\/wp\/v2\/media?parent=22520"}],"wp:term":[{"taxonomy":"product_brand","embeddable":true,"href":"https:\/\/www.csj-emballages.com\/pt-pt\/wp-json\/wp\/v2\/product_brand?post=22520"},{"taxonomy":"product_cat","embeddable":true,"href":"https:\/\/www.csj-emballages.com\/pt-pt\/wp-json\/wp\/v2\/product_cat?post=22520"},{"taxonomy":"product_tag","embeddable":true,"href":"https:\/\/www.csj-emballages.com\/pt-pt\/wp-json\/wp\/v2\/product_tag?post=22520"}],"curies":[{"name":"wp","href":"https:\/\/api.w.org\/{rel}","templated":true}]}}