{"id":22516,"date":"2024-03-01T16:50:34","date_gmt":"2024-03-01T15:50:34","guid":{"rendered":"https:\/\/u15jnbdpoq.preview.infomaniak.website\/produit\/tabuleiro-de-cristal-reutilizavel-350-x-280-x-20-mm\/"},"modified":"2026-03-12T16:33:33","modified_gmt":"2026-03-12T15:33:33","slug":"tabuleiro-de-cristal-reutilizavel-350-x-280-x-20-mm","status":"publish","type":"product","link":"https:\/\/www.csj-emballages.com\/pt-pt\/produit\/tabuleiro-de-cristal-reutilizavel-350-x-280-x-20-mm\/","title":{"rendered":"Tabuleiro de cristal reutiliz\u00e1vel 350 x 280 x 20 mm"},"content":{"rendered":"<h2>Travessa Mignardise<\/h2>\n<hr>\n<h3>Descubra o nosso tabuleiro de pl\u00e1stico cristal<\/h3>\n<p>&nbsp;<\/p>\n<p>Os tabuleiros de pl\u00e1stico reutiliz\u00e1veis em vidro cristal s\u00e3o utilizados principalmente por empresas de catering, organizadores de eventos, propriet\u00e1rios de restaurantes ou mesmo particulares.<\/p>\n<p>Este tabuleiro \u00e9 perfeito para recep\u00e7\u00f5es, casamentos e festas.<\/p>\n<p>Ser\u00e1 ideal para real\u00e7ar as tuas cria\u00e7\u00f5es, como as verrines e as mignardises.<\/p>\n<p>&nbsp;<\/p>\n<p><span style=\"font-style: italic; text-decoration: underline;\">V\u00ea o resto da nossa gama de tabuleiros<\/span><\/p>\n<p>&nbsp;<\/p>\n<h3><span style=\"font-weight: bold; text-decoration: underline;\">Caracter\u00edsticas dos tabuleiros de pl\u00e1stico para verrinas<\/span><\/h3>\n<p>&nbsp;<\/p>\n<ul>\n<li>Vendido a particulares \/ profissionais<\/li>\n<li>Dimens\u00f5es: 350 x 280 x 20 (C x L x A em mm).<\/li>\n<li>Embalagem: vendida individualmente<\/li>\n<li>Embalado em pel\u00edcula protetora para melhor armazenamento e prote\u00e7\u00e3o.<\/li>\n<li>Cor: cristal<\/li>\n<li>Material: pl\u00e1stico<\/li>\n<\/ul>\n<p>&nbsp;<\/p>\n<h2>Opta por tabuleiros verticais<\/h2>\n","protected":false},"excerpt":{"rendered":"<p>Travessa Mignardise Descubra o nosso tabuleiro de pl\u00e1stico cristal &nbsp; Os tabuleiros de pl\u00e1stico reutiliz\u00e1veis em vidro cristal s\u00e3o utilizados principalmente por empresas de catering, organizadores de eventos, propriet\u00e1rios de restaurantes ou mesmo particulares. Este tabuleiro \u00e9 perfeito para recep\u00e7\u00f5es, casamentos e festas. Ser\u00e1 ideal para real\u00e7ar as tuas cria\u00e7\u00f5es, como as verrines e as [&hellip;]<\/p>\n","protected":false},"featured_media":187967,"template":"","meta":{"_acf_changed":false},"product_brand":[],"product_cat":[1176,2883,1306,3108],"product_tag":[],"class_list":{"0":"post-22516","1":"product","2":"type-product","3":"status-publish","4":"has-post-thumbnail","6":"product_cat-talho-e-charcutaria","7":"product_cat-tabuleiros-verrines-mignardise","8":"product_cat-copos-jarras-copos","9":"product_cat-tabuleiros-de-rececao","11":"first","12":"instock","13":"taxable","14":"shipping-taxable","15":"purchasable","16":"product-type-simple"},"acf":[],"yoast_head":"<!-- This site is optimized with the Yoast SEO Premium plugin v26.6 (Yoast SEO v26.6) - https:\/\/yoast.com\/wordpress\/plugins\/seo\/ -->\n<title>Tabuleiro de Mignardise em pl\u00e1stico reutiliz\u00e1vel - 350 x 280 x 20 mm<\/title>\n<meta name=\"description\" content=\"Descubra o nosso tabuleiro de mignardise em pl\u00e1stico reutiliz\u00e1vel de 35 x 28 x 2 cm! Ideal para apresentar as suas sobremesas ou mignardises.\" \/>\n<meta name=\"robots\" content=\"index, follow, max-snippet:-1, max-image-preview:large, max-video-preview:-1\" \/>\n<link rel=\"canonical\" href=\"https:\/\/www.csj-emballages.com\/pt-pt\/produit\/tabuleiro-de-cristal-reutilizavel-350-x-280-x-20-mm\/\" \/>\n<meta property=\"og:locale\" content=\"pt_PT\" \/>\n<meta property=\"og:type\" content=\"article\" \/>\n<meta property=\"og:title\" content=\"Tabuleiro de cristal reutiliz\u00e1vel 350 x 280 x 20 mm\" \/>\n<meta property=\"og:description\" content=\"Descubra o nosso tabuleiro de mignardise em pl\u00e1stico reutiliz\u00e1vel de 35 x 28 x 2 cm! Ideal para apresentar as suas sobremesas ou mignardises.\" \/>\n<meta property=\"og:url\" content=\"https:\/\/www.csj-emballages.com\/pt-pt\/produit\/tabuleiro-de-cristal-reutilizavel-350-x-280-x-20-mm\/\" \/>\n<meta property=\"og:site_name\" content=\"CSJ Emballages\" \/>\n<meta property=\"article:publisher\" content=\"https:\/\/www.facebook.com\/csjemballages\" \/>\n<meta property=\"article:modified_time\" content=\"2026-03-12T15:33:33+00:00\" \/>\n<meta property=\"og:image\" content=\"https:\/\/www.csj-emballages.com\/wp-content\/uploads\/2024\/03\/plateauminardise3528.webp\" \/>\n\t<meta property=\"og:image:width\" content=\"803\" \/>\n\t<meta property=\"og:image:height\" content=\"803\" \/>\n\t<meta property=\"og:image:type\" content=\"image\/webp\" \/>\n<meta name=\"twitter:card\" content=\"summary_large_image\" \/>\n<meta name=\"twitter:label1\" content=\"Tempo estimado de leitura\" \/>\n\t<meta name=\"twitter:data1\" content=\"1 minuto\" \/>\n<script type=\"application\/ld+json\" class=\"yoast-schema-graph\">{\"@context\":\"https:\/\/schema.org\",\"@graph\":[{\"@type\":\"WebPage\",\"@id\":\"https:\/\/www.csj-emballages.com\/pt-pt\/produit\/tabuleiro-de-cristal-reutilizavel-350-x-280-x-20-mm\/\",\"url\":\"https:\/\/www.csj-emballages.com\/pt-pt\/produit\/tabuleiro-de-cristal-reutilizavel-350-x-280-x-20-mm\/\",\"name\":\"Tabuleiro de Mignardise em pl\u00e1stico reutiliz\u00e1vel - 350 x 280 x 20 mm\",\"isPartOf\":{\"@id\":\"https:\/\/www.csj-emballages.com\/pt-pt\/#website\"},\"primaryImageOfPage\":{\"@id\":\"https:\/\/www.csj-emballages.com\/pt-pt\/produit\/tabuleiro-de-cristal-reutilizavel-350-x-280-x-20-mm\/#primaryimage\"},\"image\":{\"@id\":\"https:\/\/www.csj-emballages.com\/pt-pt\/produit\/tabuleiro-de-cristal-reutilizavel-350-x-280-x-20-mm\/#primaryimage\"},\"thumbnailUrl\":\"https:\/\/www.csj-emballages.com\/wp-content\/uploads\/2024\/03\/plateauminardise3528.webp\",\"datePublished\":\"2024-03-01T15:50:34+00:00\",\"dateModified\":\"2026-03-12T15:33:33+00:00\",\"description\":\"Descubra o nosso tabuleiro de mignardise em pl\u00e1stico reutiliz\u00e1vel de 35 x 28 x 2 cm! Ideal para apresentar as suas sobremesas ou mignardises.\",\"breadcrumb\":{\"@id\":\"https:\/\/www.csj-emballages.com\/pt-pt\/produit\/tabuleiro-de-cristal-reutilizavel-350-x-280-x-20-mm\/#breadcrumb\"},\"inLanguage\":\"pt-PT\",\"potentialAction\":[{\"@type\":\"ReadAction\",\"target\":[\"https:\/\/www.csj-emballages.com\/pt-pt\/produit\/tabuleiro-de-cristal-reutilizavel-350-x-280-x-20-mm\/\"]}]},{\"@type\":\"ImageObject\",\"inLanguage\":\"pt-PT\",\"@id\":\"https:\/\/www.csj-emballages.com\/pt-pt\/produit\/tabuleiro-de-cristal-reutilizavel-350-x-280-x-20-mm\/#primaryimage\",\"url\":\"https:\/\/www.csj-emballages.com\/wp-content\/uploads\/2024\/03\/plateauminardise3528.webp\",\"contentUrl\":\"https:\/\/www.csj-emballages.com\/wp-content\/uploads\/2024\/03\/plateauminardise3528.webp\",\"width\":803,\"height\":803,\"caption\":\"Plateau mignardise\"},{\"@type\":\"BreadcrumbList\",\"@id\":\"https:\/\/www.csj-emballages.com\/pt-pt\/produit\/tabuleiro-de-cristal-reutilizavel-350-x-280-x-20-mm\/#breadcrumb\",\"itemListElement\":[{\"@type\":\"ListItem\",\"position\":1,\"name\":\"Acolhimento\",\"item\":\"https:\/\/www.csj-emballages.com\/pt-pt\/universo-das-embalagens-alimentares\/\"},{\"@type\":\"ListItem\",\"position\":2,\"name\":\"Shop\",\"item\":\"https:\/\/www.csj-emballages.com\/shop\/\"},{\"@type\":\"ListItem\",\"position\":3,\"name\":\"Tabuleiro de cristal reutiliz\u00e1vel 350 x 280 x 20 mm\"}]},{\"@type\":\"WebSite\",\"@id\":\"https:\/\/www.csj-emballages.com\/pt-pt\/#website\",\"url\":\"https:\/\/www.csj-emballages.com\/pt-pt\/\",\"name\":\"CSJ Emballages\",\"description\":\"\",\"publisher\":{\"@id\":\"https:\/\/www.csj-emballages.com\/pt-pt\/#organization\"},\"potentialAction\":[{\"@type\":\"SearchAction\",\"target\":{\"@type\":\"EntryPoint\",\"urlTemplate\":\"https:\/\/www.csj-emballages.com\/pt-pt\/?s={search_term_string}\"},\"query-input\":{\"@type\":\"PropertyValueSpecification\",\"valueRequired\":true,\"valueName\":\"search_term_string\"}}],\"inLanguage\":\"pt-PT\"},{\"@type\":\"Organization\",\"@id\":\"https:\/\/www.csj-emballages.com\/pt-pt\/#Organization\/\",\"name\":\"CSJ Emballages\",\"url\":\"https:\/\/www.csj-emballages.com\/pt-pt\/\",\"logo\":{\"@type\":\"ImageObject\",\"inLanguage\":\"pt-PT\",\"@id\":\"https:\/\/www.csj-emballages.com\/pt-pt\/#\/schema\/logo\/image\/\",\"url\":\"https:\/\/www.csj-emballages.com\/wp-content\/uploads\/2023\/10\/logo_csj.webp\",\"contentUrl\":\"https:\/\/www.csj-emballages.com\/wp-content\/uploads\/2023\/10\/logo_csj.webp\",\"width\":250,\"height\":95,\"caption\":\"CSJ Emballages\"},\"image\":{\"@id\":\"https:\/\/www.csj-emballages.com\/pt-pt\/#\/schema\/logo\/image\/\"},\"sameAs\":[\"https:\/\/www.facebook.com\/csjemballages\"],\"address\":{\"@type\":\"PostalAddress\",\"streetAddress\":\"ZI La Lechere\",\"addressLocality\":\"Patornay\",\"postalCode\":\"39130\",\"addressCountry\":\"FR\"},\"contactPoint\":[{\"@type\":\"ContactPoint\",\"contactType\":\"Service client\",\"telephone\":\"0384254272\",\"email\":\"contact@csj-emballages.com\"}]}]}<\/script>\n<!-- \/ Yoast SEO Premium plugin. -->","yoast_head_json":{"title":"Tabuleiro de Mignardise em pl\u00e1stico reutiliz\u00e1vel - 350 x 280 x 20 mm","description":"Descubra o nosso tabuleiro de mignardise em pl\u00e1stico reutiliz\u00e1vel de 35 x 28 x 2 cm! Ideal para apresentar as suas sobremesas ou mignardises.","robots":{"index":"index","follow":"follow","max-snippet":"max-snippet:-1","max-image-preview":"max-image-preview:large","max-video-preview":"max-video-preview:-1"},"canonical":"https:\/\/www.csj-emballages.com\/pt-pt\/produit\/tabuleiro-de-cristal-reutilizavel-350-x-280-x-20-mm\/","og_locale":"pt_PT","og_type":"article","og_title":"Tabuleiro de cristal reutiliz\u00e1vel 350 x 280 x 20 mm","og_description":"Descubra o nosso tabuleiro de mignardise em pl\u00e1stico reutiliz\u00e1vel de 35 x 28 x 2 cm! Ideal para apresentar as suas sobremesas ou mignardises.","og_url":"https:\/\/www.csj-emballages.com\/pt-pt\/produit\/tabuleiro-de-cristal-reutilizavel-350-x-280-x-20-mm\/","og_site_name":"CSJ Emballages","article_publisher":"https:\/\/www.facebook.com\/csjemballages","article_modified_time":"2026-03-12T15:33:33+00:00","og_image":[{"width":803,"height":803,"url":"https:\/\/www.csj-emballages.com\/wp-content\/uploads\/2024\/03\/plateauminardise3528.webp","type":"image\/webp"}],"twitter_card":"summary_large_image","twitter_misc":{"Tempo estimado de leitura":"1 minuto"},"schema":{"@context":"https:\/\/schema.org","@graph":[{"@type":"WebPage","@id":"https:\/\/www.csj-emballages.com\/pt-pt\/produit\/tabuleiro-de-cristal-reutilizavel-350-x-280-x-20-mm\/","url":"https:\/\/www.csj-emballages.com\/pt-pt\/produit\/tabuleiro-de-cristal-reutilizavel-350-x-280-x-20-mm\/","name":"Tabuleiro de Mignardise em pl\u00e1stico reutiliz\u00e1vel - 350 x 280 x 20 mm","isPartOf":{"@id":"https:\/\/www.csj-emballages.com\/pt-pt\/#website"},"primaryImageOfPage":{"@id":"https:\/\/www.csj-emballages.com\/pt-pt\/produit\/tabuleiro-de-cristal-reutilizavel-350-x-280-x-20-mm\/#primaryimage"},"image":{"@id":"https:\/\/www.csj-emballages.com\/pt-pt\/produit\/tabuleiro-de-cristal-reutilizavel-350-x-280-x-20-mm\/#primaryimage"},"thumbnailUrl":"https:\/\/www.csj-emballages.com\/wp-content\/uploads\/2024\/03\/plateauminardise3528.webp","datePublished":"2024-03-01T15:50:34+00:00","dateModified":"2026-03-12T15:33:33+00:00","description":"Descubra o nosso tabuleiro de mignardise em pl\u00e1stico reutiliz\u00e1vel de 35 x 28 x 2 cm! Ideal para apresentar as suas sobremesas ou mignardises.","breadcrumb":{"@id":"https:\/\/www.csj-emballages.com\/pt-pt\/produit\/tabuleiro-de-cristal-reutilizavel-350-x-280-x-20-mm\/#breadcrumb"},"inLanguage":"pt-PT","potentialAction":[{"@type":"ReadAction","target":["https:\/\/www.csj-emballages.com\/pt-pt\/produit\/tabuleiro-de-cristal-reutilizavel-350-x-280-x-20-mm\/"]}]},{"@type":"ImageObject","inLanguage":"pt-PT","@id":"https:\/\/www.csj-emballages.com\/pt-pt\/produit\/tabuleiro-de-cristal-reutilizavel-350-x-280-x-20-mm\/#primaryimage","url":"https:\/\/www.csj-emballages.com\/wp-content\/uploads\/2024\/03\/plateauminardise3528.webp","contentUrl":"https:\/\/www.csj-emballages.com\/wp-content\/uploads\/2024\/03\/plateauminardise3528.webp","width":803,"height":803,"caption":"Plateau mignardise"},{"@type":"BreadcrumbList","@id":"https:\/\/www.csj-emballages.com\/pt-pt\/produit\/tabuleiro-de-cristal-reutilizavel-350-x-280-x-20-mm\/#breadcrumb","itemListElement":[{"@type":"ListItem","position":1,"name":"Acolhimento","item":"https:\/\/www.csj-emballages.com\/pt-pt\/universo-das-embalagens-alimentares\/"},{"@type":"ListItem","position":2,"name":"Shop","item":"https:\/\/www.csj-emballages.com\/shop\/"},{"@type":"ListItem","position":3,"name":"Tabuleiro de cristal reutiliz\u00e1vel 350 x 280 x 20 mm"}]},{"@type":"WebSite","@id":"https:\/\/www.csj-emballages.com\/pt-pt\/#website","url":"https:\/\/www.csj-emballages.com\/pt-pt\/","name":"CSJ Emballages","description":"","publisher":{"@id":"https:\/\/www.csj-emballages.com\/pt-pt\/#organization"},"potentialAction":[{"@type":"SearchAction","target":{"@type":"EntryPoint","urlTemplate":"https:\/\/www.csj-emballages.com\/pt-pt\/?s={search_term_string}"},"query-input":{"@type":"PropertyValueSpecification","valueRequired":true,"valueName":"search_term_string"}}],"inLanguage":"pt-PT"},{"@type":"Organization","@id":"https:\/\/www.csj-emballages.com\/pt-pt\/#Organization\/","name":"CSJ Emballages","url":"https:\/\/www.csj-emballages.com\/pt-pt\/","logo":{"@type":"ImageObject","inLanguage":"pt-PT","@id":"https:\/\/www.csj-emballages.com\/pt-pt\/#\/schema\/logo\/image\/","url":"https:\/\/www.csj-emballages.com\/wp-content\/uploads\/2023\/10\/logo_csj.webp","contentUrl":"https:\/\/www.csj-emballages.com\/wp-content\/uploads\/2023\/10\/logo_csj.webp","width":250,"height":95,"caption":"CSJ Emballages"},"image":{"@id":"https:\/\/www.csj-emballages.com\/pt-pt\/#\/schema\/logo\/image\/"},"sameAs":["https:\/\/www.facebook.com\/csjemballages"],"address":{"@type":"PostalAddress","streetAddress":"ZI La Lechere","addressLocality":"Patornay","postalCode":"39130","addressCountry":"FR"},"contactPoint":[{"@type":"ContactPoint","contactType":"Service client","telephone":"0384254272","email":"contact@csj-emballages.com"}]}]}},"df_price":3.77,"df_sale_price":"","df_regular_price":3.77,"df_image_link":"https:\/\/www.csj-emballages.com\/wp-content\/uploads\/2024\/03\/plateauminardise3528-300x300.webp","tiered_pricing_type":"fixed","tiered_pricing_fixed_rules":[],"tiered_pricing_percentage_rules":[],"tiered_pricing_minimum":1,"tiered_pricing_roles_data":[],"_links":{"self":[{"href":"https:\/\/www.csj-emballages.com\/pt-pt\/wp-json\/wp\/v2\/product\/22516","targetHints":{"allow":["GET"]}}],"collection":[{"href":"https:\/\/www.csj-emballages.com\/pt-pt\/wp-json\/wp\/v2\/product"}],"about":[{"href":"https:\/\/www.csj-emballages.com\/pt-pt\/wp-json\/wp\/v2\/types\/product"}],"wp:featuredmedia":[{"embeddable":true,"href":"https:\/\/www.csj-emballages.com\/pt-pt\/wp-json\/wp\/v2\/media\/187967"}],"wp:attachment":[{"href":"https:\/\/www.csj-emballages.com\/pt-pt\/wp-json\/wp\/v2\/media?parent=22516"}],"wp:term":[{"taxonomy":"product_brand","embeddable":true,"href":"https:\/\/www.csj-emballages.com\/pt-pt\/wp-json\/wp\/v2\/product_brand?post=22516"},{"taxonomy":"product_cat","embeddable":true,"href":"https:\/\/www.csj-emballages.com\/pt-pt\/wp-json\/wp\/v2\/product_cat?post=22516"},{"taxonomy":"product_tag","embeddable":true,"href":"https:\/\/www.csj-emballages.com\/pt-pt\/wp-json\/wp\/v2\/product_tag?post=22516"}],"curies":[{"name":"wp","href":"https:\/\/api.w.org\/{rel}","templated":true}]}}