{"id":22498,"date":"2024-03-01T16:50:38","date_gmt":"2024-03-01T15:50:38","guid":{"rendered":"https:\/\/u15jnbdpoq.preview.infomaniak.website\/produit\/100-tampas-para-tachos-de-molho-t200\/"},"modified":"2026-04-17T02:15:00","modified_gmt":"2026-04-17T00:15:00","slug":"100-tampas-para-tachos-de-molho-t200","status":"publish","type":"product","link":"https:\/\/www.csj-emballages.com\/pt-pt\/produit\/100-tampas-para-tachos-de-molho-t200\/","title":{"rendered":"Tampa de pl\u00e1stico para molheira T200, embalagem de 100 unidades"},"content":{"rendered":"<h2>Tampa de pl\u00e1stico<\/h2>\n<hr>\n<h3>Descri\u00e7\u00e3o da nossa tampa de pl\u00e1stico para molheira T200 por 100<\/h3>\n<p><!--more--><\/p>\n<p data-start=\"199\" data-end=\"534\">Quando se prop\u00f5em <strong>molhos para levar<\/strong>, a <strong>tampa<\/strong> faz toda a diferen\u00e7a. A <strong data-start=\"281\" data-end=\"326\">tampa de pl\u00e1stico para molheira <span style=\"color: #d12727;\"><a style=\"color: #d12727;\" href=\"https:\/\/www.csj-emballages.com\/pt-pt\/produit\/100-frascos-de-molho-transparentes-de-60-ml\/\">T200<\/a><\/span><\/strong> foi concebida para proteger as prepara\u00e7\u00f5es e evitar surpresas desagrad\u00e1veis durante o transporte. Encaixa-se facilmente no <strong>pote<\/strong> e mant\u00e9m-se bem no lugar, mesmo quando os sacos s\u00e3o manuseados ou empilhados.  <\/p>\n<p data-start=\"536\" data-end=\"834\">Gra\u00e7as ao seu design preciso, garante um fecho fi\u00e1vel que reduz significativamente o risco de fugas. Os seus <strong>molhos<\/strong> permanecem no lugar, as embalagens permanecem limpas e os clientes j\u00e1 n\u00e3o precisam de se preocupar ao abrir a encomenda. \u00c9 um verdadeiro ganho de conforto, tanto para si como para eles.  <\/p>\n<p data-start=\"836\" data-end=\"1137\">Com efeito, o seu <strong>pl\u00e1stico transparente<\/strong> permite ver imediatamente o conte\u00fado da molheira sem ter de a abrir. Isto simplifica a prepara\u00e7\u00e3o das encomendas, especialmente quando s\u00e3o oferecidos v\u00e1rios molhos diferentes. Na cozinha, \u00e9 mais r\u00e1pido. No sal\u00e3o ou na entrega, evita-se erros. Todos ganham.    <\/p>\n<p data-start=\"1139\" data-end=\"1468\">Esta <strong>tampa<\/strong> pode ser utilizada tanto para molhos frios como para prepara\u00e7\u00f5es um pouco mais espessas. \u00c9 suficientemente r\u00edgida para manter a sua forma, mantendo-se f\u00e1cil de manusear. E como \u00e9 vendida <strong data-start=\"1352\" data-end=\"1370\">em lotes de 100<\/strong>, integra-se perfeitamente numa organiza\u00e7\u00e3o profissional, sem excesso de stock ou rutura imprevista.  <\/p>\n<p data-start=\"1470\" data-end=\"1649\">Em suma, esta <strong>tampa para molheira<\/strong> n\u00e3o se limita a fechar uma molheira: protege o seu servi\u00e7o, melhora a apresenta\u00e7\u00e3o e contribui para uma experi\u00eancia do cliente mais limpa e agrad\u00e1vel.<\/p>\n<p data-start=\"1470\" data-end=\"1649\">\n<p data-start=\"1470\" data-end=\"1649\"><!--more--><\/p>\n<h4 data-start=\"1470\" data-end=\"1649\">Vantagens :<\/h4>\n<ul>\n<li data-start=\"1677\" data-end=\"1711\">Fecho fi\u00e1vel e bem ajustado.<\/li>\n<li data-start=\"1714\" data-end=\"1754\">Reduz as fugas durante o transporte.<\/li>\n<li data-start=\"1757\" data-end=\"1811\"><strong>Pl\u00e1stico transparente<\/strong> para uma identifica\u00e7\u00e3o r\u00e1pida.<\/li>\n<li data-start=\"1814\" data-end=\"1845\">F\u00e1cil de encaixar e retirar.<\/li>\n<li data-start=\"1848\" data-end=\"1894\">Embalagem de <strong>100<\/strong>, ideal para uso profissional.<\/li>\n<\/ul>\n<p data-start=\"1470\" data-end=\"1649\">\n<p><!--more--><\/p>\n<h4>Outras informa\u00e7\u00f5es :<\/h4>\n<ul>\n<li><strong>Di\u00e2metro<\/strong>: \u00d864 mm<\/li>\n<li><strong>Altura<\/strong>: 6 mm<\/li>\n<li><strong>Embalagem<\/strong>: Pacote de 100<\/li>\n<li><strong>Material<\/strong>: PET<\/li>\n<\/ul>\n<p>&nbsp;<\/p>\n<p><!--more--><\/p>\n<p><a href=\"https:\/\/www.csj-emballages.com\/pt-pt\/categorie-produit\/embalagem-de-alimentos\/restauracao\/tachos-tigelas-suportes-para-copos\/potes-de-molho\/\">Consulte o resto da nossa gama de molheiras<\/a><\/p>\n","protected":false},"excerpt":{"rendered":"<p>Tampa de pl\u00e1stico Descri\u00e7\u00e3o da nossa tampa de pl\u00e1stico para molheira T200 por 100<\/p>\n","protected":false},"featured_media":204157,"template":"","meta":{"_acf_changed":false},"product_brand":[],"product_cat":[1138,3098],"product_tag":[],"class_list":{"0":"post-22498","1":"product","2":"type-product","3":"status-publish","4":"has-post-thumbnail","6":"product_cat-restauracao","7":"product_cat-potes-de-molho","9":"first","10":"instock","11":"taxable","12":"shipping-taxable","13":"purchasable","14":"product-type-simple"},"acf":[],"yoast_head":"<!-- This site is optimized with the Yoast SEO Premium plugin v26.6 (Yoast SEO v26.6) - https:\/\/yoast.com\/wordpress\/plugins\/seo\/ -->\n<title>Tampa de pl\u00e1stico para a ca\u00e7arola T200<\/title>\n<meta name=\"description\" content=\"Tampa de pl\u00e1stico transparente para molheira T200, vendida em embalagens de 100 unidades. Fecho eficaz, pr\u00e1tico para take-away e entrega.\" \/>\n<meta name=\"robots\" content=\"index, follow, max-snippet:-1, max-image-preview:large, max-video-preview:-1\" \/>\n<link rel=\"canonical\" href=\"https:\/\/www.csj-emballages.com\/pt-pt\/produit\/100-tampas-para-tachos-de-molho-t200\/\" \/>\n<meta property=\"og:locale\" content=\"pt_PT\" \/>\n<meta property=\"og:type\" content=\"article\" \/>\n<meta property=\"og:title\" content=\"Tampa de pl\u00e1stico para molheira T200, embalagem de 100 unidades\" \/>\n<meta property=\"og:description\" content=\"Tampa de pl\u00e1stico transparente para molheira T200, vendida em embalagens de 100 unidades. Fecho eficaz, pr\u00e1tico para take-away e entrega.\" \/>\n<meta property=\"og:url\" content=\"https:\/\/www.csj-emballages.com\/pt-pt\/produit\/100-tampas-para-tachos-de-molho-t200\/\" \/>\n<meta property=\"og:site_name\" content=\"CSJ Emballages\" \/>\n<meta property=\"article:publisher\" content=\"https:\/\/www.facebook.com\/csjemballages\" \/>\n<meta property=\"article:modified_time\" content=\"2026-04-17T00:15:00+00:00\" \/>\n<meta property=\"og:image\" content=\"https:\/\/www.csj-emballages.com\/wp-content\/uploads\/2024\/03\/PL2.webp\" \/>\n\t<meta property=\"og:image:width\" content=\"800\" \/>\n\t<meta property=\"og:image:height\" content=\"800\" \/>\n\t<meta property=\"og:image:type\" content=\"image\/webp\" \/>\n<meta name=\"twitter:card\" content=\"summary_large_image\" \/>\n<meta name=\"twitter:label1\" content=\"Tempo estimado de leitura\" \/>\n\t<meta name=\"twitter:data1\" content=\"2 minutos\" \/>\n<script type=\"application\/ld+json\" class=\"yoast-schema-graph\">{\"@context\":\"https:\/\/schema.org\",\"@graph\":[{\"@type\":\"WebPage\",\"@id\":\"https:\/\/www.csj-emballages.com\/pt-pt\/produit\/100-tampas-para-tachos-de-molho-t200\/\",\"url\":\"https:\/\/www.csj-emballages.com\/pt-pt\/produit\/100-tampas-para-tachos-de-molho-t200\/\",\"name\":\"Tampa de pl\u00e1stico para a ca\u00e7arola T200\",\"isPartOf\":{\"@id\":\"https:\/\/www.csj-emballages.com\/pt-pt\/#website\"},\"primaryImageOfPage\":{\"@id\":\"https:\/\/www.csj-emballages.com\/pt-pt\/produit\/100-tampas-para-tachos-de-molho-t200\/#primaryimage\"},\"image\":{\"@id\":\"https:\/\/www.csj-emballages.com\/pt-pt\/produit\/100-tampas-para-tachos-de-molho-t200\/#primaryimage\"},\"thumbnailUrl\":\"https:\/\/www.csj-emballages.com\/wp-content\/uploads\/2024\/03\/PL2.webp\",\"datePublished\":\"2024-03-01T15:50:38+00:00\",\"dateModified\":\"2026-04-17T00:15:00+00:00\",\"description\":\"Tampa de pl\u00e1stico transparente para molheira T200, vendida em embalagens de 100 unidades. Fecho eficaz, pr\u00e1tico para take-away e entrega.\",\"breadcrumb\":{\"@id\":\"https:\/\/www.csj-emballages.com\/pt-pt\/produit\/100-tampas-para-tachos-de-molho-t200\/#breadcrumb\"},\"inLanguage\":\"pt-PT\",\"potentialAction\":[{\"@type\":\"ReadAction\",\"target\":[\"https:\/\/www.csj-emballages.com\/pt-pt\/produit\/100-tampas-para-tachos-de-molho-t200\/\"]}]},{\"@type\":\"ImageObject\",\"inLanguage\":\"pt-PT\",\"@id\":\"https:\/\/www.csj-emballages.com\/pt-pt\/produit\/100-tampas-para-tachos-de-molho-t200\/#primaryimage\",\"url\":\"https:\/\/www.csj-emballages.com\/wp-content\/uploads\/2024\/03\/PL2.webp\",\"contentUrl\":\"https:\/\/www.csj-emballages.com\/wp-content\/uploads\/2024\/03\/PL2.webp\",\"width\":800,\"height\":800,\"caption\":\"Couvercle plastique\"},{\"@type\":\"BreadcrumbList\",\"@id\":\"https:\/\/www.csj-emballages.com\/pt-pt\/produit\/100-tampas-para-tachos-de-molho-t200\/#breadcrumb\",\"itemListElement\":[{\"@type\":\"ListItem\",\"position\":1,\"name\":\"Acolhimento\",\"item\":\"https:\/\/www.csj-emballages.com\/pt-pt\/universo-das-embalagens-alimentares\/\"},{\"@type\":\"ListItem\",\"position\":2,\"name\":\"Shop\",\"item\":\"https:\/\/www.csj-emballages.com\/shop\/\"},{\"@type\":\"ListItem\",\"position\":3,\"name\":\"Tampa de pl\u00e1stico para molheira T200, embalagem de 100 unidades\"}]},{\"@type\":\"WebSite\",\"@id\":\"https:\/\/www.csj-emballages.com\/pt-pt\/#website\",\"url\":\"https:\/\/www.csj-emballages.com\/pt-pt\/\",\"name\":\"CSJ Emballages\",\"description\":\"\",\"publisher\":{\"@id\":\"https:\/\/www.csj-emballages.com\/pt-pt\/#organization\"},\"potentialAction\":[{\"@type\":\"SearchAction\",\"target\":{\"@type\":\"EntryPoint\",\"urlTemplate\":\"https:\/\/www.csj-emballages.com\/pt-pt\/?s={search_term_string}\"},\"query-input\":{\"@type\":\"PropertyValueSpecification\",\"valueRequired\":true,\"valueName\":\"search_term_string\"}}],\"inLanguage\":\"pt-PT\"},{\"@type\":\"Organization\",\"@id\":\"https:\/\/www.csj-emballages.com\/pt-pt\/#Organization\/\",\"name\":\"CSJ Emballages\",\"url\":\"https:\/\/www.csj-emballages.com\/pt-pt\/\",\"logo\":{\"@type\":\"ImageObject\",\"inLanguage\":\"pt-PT\",\"@id\":\"https:\/\/www.csj-emballages.com\/pt-pt\/#\/schema\/logo\/image\/\",\"url\":\"https:\/\/www.csj-emballages.com\/wp-content\/uploads\/2023\/10\/logo_csj.webp\",\"contentUrl\":\"https:\/\/www.csj-emballages.com\/wp-content\/uploads\/2023\/10\/logo_csj.webp\",\"width\":250,\"height\":95,\"caption\":\"CSJ Emballages\"},\"image\":{\"@id\":\"https:\/\/www.csj-emballages.com\/pt-pt\/#\/schema\/logo\/image\/\"},\"sameAs\":[\"https:\/\/www.facebook.com\/csjemballages\"],\"address\":{\"@type\":\"PostalAddress\",\"streetAddress\":\"ZI La Lechere\",\"addressLocality\":\"Patornay\",\"postalCode\":\"39130\",\"addressCountry\":\"FR\"},\"contactPoint\":[{\"@type\":\"ContactPoint\",\"contactType\":\"Service client\",\"telephone\":\"0384254272\",\"email\":\"contact@csj-emballages.com\"}]}]}<\/script>\n<!-- \/ Yoast SEO Premium plugin. -->","yoast_head_json":{"title":"Tampa de pl\u00e1stico para a ca\u00e7arola T200","description":"Tampa de pl\u00e1stico transparente para molheira T200, vendida em embalagens de 100 unidades. Fecho eficaz, pr\u00e1tico para take-away e entrega.","robots":{"index":"index","follow":"follow","max-snippet":"max-snippet:-1","max-image-preview":"max-image-preview:large","max-video-preview":"max-video-preview:-1"},"canonical":"https:\/\/www.csj-emballages.com\/pt-pt\/produit\/100-tampas-para-tachos-de-molho-t200\/","og_locale":"pt_PT","og_type":"article","og_title":"Tampa de pl\u00e1stico para molheira T200, embalagem de 100 unidades","og_description":"Tampa de pl\u00e1stico transparente para molheira T200, vendida em embalagens de 100 unidades. Fecho eficaz, pr\u00e1tico para take-away e entrega.","og_url":"https:\/\/www.csj-emballages.com\/pt-pt\/produit\/100-tampas-para-tachos-de-molho-t200\/","og_site_name":"CSJ Emballages","article_publisher":"https:\/\/www.facebook.com\/csjemballages","article_modified_time":"2026-04-17T00:15:00+00:00","og_image":[{"width":800,"height":800,"url":"https:\/\/www.csj-emballages.com\/wp-content\/uploads\/2024\/03\/PL2.webp","type":"image\/webp"}],"twitter_card":"summary_large_image","twitter_misc":{"Tempo estimado de leitura":"2 minutos"},"schema":{"@context":"https:\/\/schema.org","@graph":[{"@type":"WebPage","@id":"https:\/\/www.csj-emballages.com\/pt-pt\/produit\/100-tampas-para-tachos-de-molho-t200\/","url":"https:\/\/www.csj-emballages.com\/pt-pt\/produit\/100-tampas-para-tachos-de-molho-t200\/","name":"Tampa de pl\u00e1stico para a ca\u00e7arola T200","isPartOf":{"@id":"https:\/\/www.csj-emballages.com\/pt-pt\/#website"},"primaryImageOfPage":{"@id":"https:\/\/www.csj-emballages.com\/pt-pt\/produit\/100-tampas-para-tachos-de-molho-t200\/#primaryimage"},"image":{"@id":"https:\/\/www.csj-emballages.com\/pt-pt\/produit\/100-tampas-para-tachos-de-molho-t200\/#primaryimage"},"thumbnailUrl":"https:\/\/www.csj-emballages.com\/wp-content\/uploads\/2024\/03\/PL2.webp","datePublished":"2024-03-01T15:50:38+00:00","dateModified":"2026-04-17T00:15:00+00:00","description":"Tampa de pl\u00e1stico transparente para molheira T200, vendida em embalagens de 100 unidades. Fecho eficaz, pr\u00e1tico para take-away e entrega.","breadcrumb":{"@id":"https:\/\/www.csj-emballages.com\/pt-pt\/produit\/100-tampas-para-tachos-de-molho-t200\/#breadcrumb"},"inLanguage":"pt-PT","potentialAction":[{"@type":"ReadAction","target":["https:\/\/www.csj-emballages.com\/pt-pt\/produit\/100-tampas-para-tachos-de-molho-t200\/"]}]},{"@type":"ImageObject","inLanguage":"pt-PT","@id":"https:\/\/www.csj-emballages.com\/pt-pt\/produit\/100-tampas-para-tachos-de-molho-t200\/#primaryimage","url":"https:\/\/www.csj-emballages.com\/wp-content\/uploads\/2024\/03\/PL2.webp","contentUrl":"https:\/\/www.csj-emballages.com\/wp-content\/uploads\/2024\/03\/PL2.webp","width":800,"height":800,"caption":"Couvercle plastique"},{"@type":"BreadcrumbList","@id":"https:\/\/www.csj-emballages.com\/pt-pt\/produit\/100-tampas-para-tachos-de-molho-t200\/#breadcrumb","itemListElement":[{"@type":"ListItem","position":1,"name":"Acolhimento","item":"https:\/\/www.csj-emballages.com\/pt-pt\/universo-das-embalagens-alimentares\/"},{"@type":"ListItem","position":2,"name":"Shop","item":"https:\/\/www.csj-emballages.com\/shop\/"},{"@type":"ListItem","position":3,"name":"Tampa de pl\u00e1stico para molheira T200, embalagem de 100 unidades"}]},{"@type":"WebSite","@id":"https:\/\/www.csj-emballages.com\/pt-pt\/#website","url":"https:\/\/www.csj-emballages.com\/pt-pt\/","name":"CSJ Emballages","description":"","publisher":{"@id":"https:\/\/www.csj-emballages.com\/pt-pt\/#organization"},"potentialAction":[{"@type":"SearchAction","target":{"@type":"EntryPoint","urlTemplate":"https:\/\/www.csj-emballages.com\/pt-pt\/?s={search_term_string}"},"query-input":{"@type":"PropertyValueSpecification","valueRequired":true,"valueName":"search_term_string"}}],"inLanguage":"pt-PT"},{"@type":"Organization","@id":"https:\/\/www.csj-emballages.com\/pt-pt\/#Organization\/","name":"CSJ Emballages","url":"https:\/\/www.csj-emballages.com\/pt-pt\/","logo":{"@type":"ImageObject","inLanguage":"pt-PT","@id":"https:\/\/www.csj-emballages.com\/pt-pt\/#\/schema\/logo\/image\/","url":"https:\/\/www.csj-emballages.com\/wp-content\/uploads\/2023\/10\/logo_csj.webp","contentUrl":"https:\/\/www.csj-emballages.com\/wp-content\/uploads\/2023\/10\/logo_csj.webp","width":250,"height":95,"caption":"CSJ Emballages"},"image":{"@id":"https:\/\/www.csj-emballages.com\/pt-pt\/#\/schema\/logo\/image\/"},"sameAs":["https:\/\/www.facebook.com\/csjemballages"],"address":{"@type":"PostalAddress","streetAddress":"ZI La Lechere","addressLocality":"Patornay","postalCode":"39130","addressCountry":"FR"},"contactPoint":[{"@type":"ContactPoint","contactType":"Service client","telephone":"0384254272","email":"contact@csj-emballages.com"}]}]}},"df_price":1.96,"df_sale_price":"","df_regular_price":1.96,"df_image_link":"https:\/\/www.csj-emballages.com\/wp-content\/uploads\/2024\/03\/PL2-300x300.webp","tiered_pricing_type":"fixed","tiered_pricing_fixed_rules":[],"tiered_pricing_percentage_rules":[],"tiered_pricing_minimum":1,"tiered_pricing_roles_data":[],"_links":{"self":[{"href":"https:\/\/www.csj-emballages.com\/pt-pt\/wp-json\/wp\/v2\/product\/22498","targetHints":{"allow":["GET"]}}],"collection":[{"href":"https:\/\/www.csj-emballages.com\/pt-pt\/wp-json\/wp\/v2\/product"}],"about":[{"href":"https:\/\/www.csj-emballages.com\/pt-pt\/wp-json\/wp\/v2\/types\/product"}],"wp:featuredmedia":[{"embeddable":true,"href":"https:\/\/www.csj-emballages.com\/pt-pt\/wp-json\/wp\/v2\/media\/204157"}],"wp:attachment":[{"href":"https:\/\/www.csj-emballages.com\/pt-pt\/wp-json\/wp\/v2\/media?parent=22498"}],"wp:term":[{"taxonomy":"product_brand","embeddable":true,"href":"https:\/\/www.csj-emballages.com\/pt-pt\/wp-json\/wp\/v2\/product_brand?post=22498"},{"taxonomy":"product_cat","embeddable":true,"href":"https:\/\/www.csj-emballages.com\/pt-pt\/wp-json\/wp\/v2\/product_cat?post=22498"},{"taxonomy":"product_tag","embeddable":true,"href":"https:\/\/www.csj-emballages.com\/pt-pt\/wp-json\/wp\/v2\/product_tag?post=22498"}],"curies":[{"name":"wp","href":"https:\/\/api.w.org\/{rel}","templated":true}]}}