{"id":22495,"date":"2024-03-01T16:50:38","date_gmt":"2024-03-01T15:50:38","guid":{"rendered":"https:\/\/u15jnbdpoq.preview.infomaniak.website\/produit\/50-tabuleiros-para-refeicoes-takeaway-com-4-compartimentos-festivos\/"},"modified":"2026-03-12T16:32:52","modified_gmt":"2026-03-12T15:32:52","slug":"50-tabuleiros-para-refeicoes-takeaway-com-4-compartimentos-festivos","status":"publish","type":"product","link":"https:\/\/www.csj-emballages.com\/pt-pt\/produit\/50-tabuleiros-para-refeicoes-takeaway-com-4-compartimentos-festivos\/","title":{"rendered":"Tabuleiro para takeaway festivo com 4 compartimentos por 50"},"content":{"rendered":"<h2>Tabuleiro de refei\u00e7\u00f5es<\/h2>\n<div style=\"box-sizing: inherit; font-family: Roboto, sans-serif;\">\n<div style=\"box-sizing: inherit; font-family: Roboto, sans-serif;\">\n<div style=\"box-sizing: inherit; font-family: Roboto, sans-serif;\">\n<div style=\"box-sizing: inherit; font-family: Roboto, sans-serif;\">\n<div style=\"box-sizing: inherit; font-family: Roboto, sans-serif;\">\n<div style=\"box-sizing: inherit; font-family: Roboto, sans-serif;\">\n<hr>\n<h3>Descri\u00e7\u00e3o do nosso tabuleiro festivo de 4 compartimentos para comida takeaway por 50<\/h3>\n<p><!--more--><\/p>\n<p data-start=\"236\" data-end=\"588\">Escolha o <strong data-start=\"250\" data-end=\"308\">tabuleiro festivo de 4 compartimentos para take-away da 50<\/strong>: uma solu\u00e7\u00e3o pr\u00e1tica e elegante que se adapta perfeitamente \u00e0s necessidades de <strong data-start=\"393\" data-end=\"421\">empresas de catering, restaurantes<\/strong> e <strong data-start=\"436\" data-end=\"453\">entidades p\u00fablicas<\/strong>. Concebido para responder \u00e0s exig\u00eancias das refei\u00e7\u00f5es take-away, este tabuleiro combina <strong data-start=\"530\" data-end=\"542\">robustez<\/strong>, <strong data-start=\"544\" data-end=\"557\">ergonomia<\/strong> e <strong data-start=\"561\" data-end=\"585\">apresenta\u00e7\u00e3o cuidada<\/strong>. Gra\u00e7as aos seus <strong data-start=\"602\" data-end=\"631\">4 compartimentos separados<\/strong>, \u00e9 f\u00e1cil separar as diferentes prepara\u00e7\u00f5es: uma entrada, um prato principal, um acompanhamento e uma sobremesa, sem risco de mistura de sabores ou de pingos. Ideal para refei\u00e7\u00f5es equilibradas e variadas, garante uma apresenta\u00e7\u00e3o limpa e profissional, mesmo ap\u00f3s o transporte.   <\/p>\n<p data-start=\"935\" data-end=\"1261\">E porque \u00e9 feito de um material resistente e de alta qualidade, este <strong>tabuleiro<\/strong> <strong data-start=\"1007\" data-end=\"1027\">resiste<\/strong> a pratos quentes e frios.<\/p>\n<p data-start=\"1263\" data-end=\"1571\">Embalado <strong data-start=\"1275\" data-end=\"1292\">em lotes de 50 unidades<\/strong>, \u00e9 uma solu\u00e7\u00e3o econ\u00f3mica para grandes volumes. Al\u00e9m disso, este formato \u00e9 particularmente apreciado pelos profissionais que pretendem <strong data-start=\"1456\" data-end=\"1473\">ganhar tempo<\/strong> e <strong data-start=\"1477\" data-end=\"1502\">efic\u00e1cia log\u00edstica<\/strong>, mantendo uma imagem de qualidade junto dos seus clientes. <\/p>\n<p data-start=\"1573\" data-end=\"1888\">Pr\u00e1tico, robusto e atrativo, o <strong>tabuleiro de refei\u00e7\u00e3o com 4 compartimentos<\/strong> \u00e9 um aliado indispens\u00e1vel para todas as suas prepara\u00e7\u00f5es de take-away. Quer se trate de uma utiliza\u00e7\u00e3o quotidiana ou de um evento excecional, responder\u00e1 a todas as suas expectativas em termos de praticidade e de apresenta\u00e7\u00e3o dos seus pratos. <\/p>\n<p data-start=\"1573\" data-end=\"1888\">\n<\/div>\n<\/div>\n<\/div>\n<\/div>\n<\/div>\n<\/div>\n<p><!--more--><\/p>\n<h4>Vantagens :<\/h4>\n<ul>\n<li><strong data-start=\"1915\" data-end=\"1934\">4 compartimentos<\/strong>: separa\u00e7\u00e3o perfeita da loi\u00e7a.<\/li>\n<li><strong data-start=\"1972\" data-end=\"1994\">Transporte seguro<\/strong>: evita fugas e misturas.<\/li>\n<li><strong data-start=\"2027\" data-end=\"2044\">Design festivo<\/strong>: apresenta\u00e7\u00e3o elegante e moderna.<\/li>\n<li><strong data-start=\"2085\" data-end=\"2099\">Vers\u00e1til<\/strong>: adequado para pratos quentes e frios.<\/li>\n<li><strong data-start=\"2141\" data-end=\"2162\">Formato econ\u00f3mico<\/strong>: embalado em 50 unidades.<\/li>\n<\/ul>\n<p>&nbsp;<\/p>\n<p><!--more--><\/p>\n<h4>Outras informa\u00e7\u00f5es :<\/h4>\n<ul>\n<li><strong>Embalagem<\/strong>: Pacote de 50<\/li>\n<li><strong>Dimens\u00f5es<\/strong>: 320 x 235 x 25 mm<\/li>\n<li><strong>Material<\/strong>: Poliestireno<\/li>\n<li><strong>Cor<\/strong>: Branco<\/li>\n<li><strong>Temperatura de funcionamento <\/strong>: m\u00ednima \/ m\u00e1xima -5\u00b0C a + 80\u00b0C<\/li>\n<\/ul>\n<p>&nbsp;<\/p>\n<p><!--more--><\/p>\n<p>Aqui encontra os nossos diferentes tabuleiros festivos com diferentes compartimentos: <span style=\"color: #d12727;\"><a style=\"color: #d12727;\" href=\"https:\/\/www.csj-emballages.com\/pt-pt\/produit\/50-tabuleiros-para-refeicoes-takeaway-5-compartimentos-festivos\/\">5 compartimentos<\/a> <span style=\"color: #000000;\">\/<\/span> <a style=\"color: #d12727;\" href=\"https:\/\/www.csj-emballages.com\/pt-pt\/produit\/25-tabuleiros-para-refeicoes-takeaway-6-compartimentos-festivos\/\">6 compartimentos<\/a><\/span><\/p>\n<p>&nbsp;<\/p>\n<p><!--more--><\/p>\n<p><a href=\"https:\/\/www.csj-emballages.com\/pt-pt\/categorie-produit\/embalagem-de-alimentos\/talho-e-charcutaria\/tabuleiros\/tabuleiros-de-refeicoes\/tabuleiros-de-plastico-para-refeicoes\/\">Veja o resto da nossa gama de tabuleiros de refei\u00e7\u00e3o aqui<\/a><\/p>\n","protected":false},"excerpt":{"rendered":"<p>Tabuleiro de refei\u00e7\u00f5es Descri\u00e7\u00e3o do nosso tabuleiro festivo de 4 compartimentos para comida takeaway por 50<\/p>\n","protected":false},"featured_media":240974,"template":"","meta":{"_acf_changed":false},"product_brand":[],"product_cat":[1141,1176,1287,1292,1297,6707,1138,1301,1304,1308],"product_tag":[],"class_list":{"0":"post-22495","1":"product","2":"type-product","3":"status-publish","4":"has-post-thumbnail","6":"product_cat-embalagem-de-alimentos","7":"product_cat-talho-e-charcutaria","8":"product_cat-tabuleiros","9":"product_cat-tabuleiros-de-refeicoes","10":"product_cat-tabuleiros-de-plastico-para-refeicoes","11":"product_cat-tabuleiros-festivos","12":"product_cat-restauracao","13":"product_cat-tabuleiros-pt-pt","14":"product_cat-tabuleiros-de-refeicao-descartaveis","15":"product_cat-tabuleiros-de-plastico-para-refeicoes-pt-pt","17":"first","18":"instock","19":"taxable","20":"shipping-taxable","21":"purchasable","22":"product-type-simple"},"acf":[],"yoast_head":"<!-- This site is optimized with the Yoast SEO Premium plugin v26.6 (Yoast SEO v26.6) - https:\/\/yoast.com\/wordpress\/plugins\/seo\/ -->\n<title>Tabuleiro de refei\u00e7\u00f5es para levar para casa com 4 compartimentos para 50 pessoas<\/title>\n<meta name=\"description\" content=\"Tabuleiro de refei\u00e7\u00e3o festivo com 4 compartimentos da 50: pr\u00e1tico, robusto e elegante. Ideal para catering e restaurantes, perfeito para takeaway.\" \/>\n<meta name=\"robots\" content=\"index, follow, max-snippet:-1, max-image-preview:large, max-video-preview:-1\" \/>\n<link rel=\"canonical\" href=\"https:\/\/www.csj-emballages.com\/pt-pt\/produit\/50-tabuleiros-para-refeicoes-takeaway-com-4-compartimentos-festivos\/\" \/>\n<meta property=\"og:locale\" content=\"pt_PT\" \/>\n<meta property=\"og:type\" content=\"article\" \/>\n<meta property=\"og:title\" content=\"Tabuleiro para takeaway festivo com 4 compartimentos por 50\" \/>\n<meta property=\"og:description\" content=\"Tabuleiro de refei\u00e7\u00e3o festivo com 4 compartimentos da 50: pr\u00e1tico, robusto e elegante. Ideal para catering e restaurantes, perfeito para takeaway.\" \/>\n<meta property=\"og:url\" content=\"https:\/\/www.csj-emballages.com\/pt-pt\/produit\/50-tabuleiros-para-refeicoes-takeaway-com-4-compartimentos-festivos\/\" \/>\n<meta property=\"og:site_name\" content=\"CSJ Emballages\" \/>\n<meta property=\"article:publisher\" content=\"https:\/\/www.facebook.com\/csjemballages\" \/>\n<meta property=\"article:modified_time\" content=\"2026-03-12T15:32:52+00:00\" \/>\n<meta property=\"og:image\" content=\"https:\/\/www.csj-emballages.com\/wp-content\/uploads\/2024\/03\/PL4CFESTIF.webp\" \/>\n\t<meta property=\"og:image:width\" content=\"800\" \/>\n\t<meta property=\"og:image:height\" content=\"800\" \/>\n\t<meta property=\"og:image:type\" content=\"image\/webp\" \/>\n<meta name=\"twitter:card\" content=\"summary_large_image\" \/>\n<meta name=\"twitter:label1\" content=\"Tempo estimado de leitura\" \/>\n\t<meta name=\"twitter:data1\" content=\"2 minutos\" \/>\n<script type=\"application\/ld+json\" class=\"yoast-schema-graph\">{\"@context\":\"https:\/\/schema.org\",\"@graph\":[{\"@type\":\"WebPage\",\"@id\":\"https:\/\/www.csj-emballages.com\/pt-pt\/produit\/50-tabuleiros-para-refeicoes-takeaway-com-4-compartimentos-festivos\/\",\"url\":\"https:\/\/www.csj-emballages.com\/pt-pt\/produit\/50-tabuleiros-para-refeicoes-takeaway-com-4-compartimentos-festivos\/\",\"name\":\"Tabuleiro de refei\u00e7\u00f5es para levar para casa com 4 compartimentos para 50 pessoas\",\"isPartOf\":{\"@id\":\"https:\/\/www.csj-emballages.com\/pt-pt\/#website\"},\"primaryImageOfPage\":{\"@id\":\"https:\/\/www.csj-emballages.com\/pt-pt\/produit\/50-tabuleiros-para-refeicoes-takeaway-com-4-compartimentos-festivos\/#primaryimage\"},\"image\":{\"@id\":\"https:\/\/www.csj-emballages.com\/pt-pt\/produit\/50-tabuleiros-para-refeicoes-takeaway-com-4-compartimentos-festivos\/#primaryimage\"},\"thumbnailUrl\":\"https:\/\/www.csj-emballages.com\/wp-content\/uploads\/2024\/03\/PL4CFESTIF.webp\",\"datePublished\":\"2024-03-01T15:50:38+00:00\",\"dateModified\":\"2026-03-12T15:32:52+00:00\",\"description\":\"Tabuleiro de refei\u00e7\u00e3o festivo com 4 compartimentos da 50: pr\u00e1tico, robusto e elegante. Ideal para catering e restaurantes, perfeito para takeaway.\",\"breadcrumb\":{\"@id\":\"https:\/\/www.csj-emballages.com\/pt-pt\/produit\/50-tabuleiros-para-refeicoes-takeaway-com-4-compartimentos-festivos\/#breadcrumb\"},\"inLanguage\":\"pt-PT\",\"potentialAction\":[{\"@type\":\"ReadAction\",\"target\":[\"https:\/\/www.csj-emballages.com\/pt-pt\/produit\/50-tabuleiros-para-refeicoes-takeaway-com-4-compartimentos-festivos\/\"]}]},{\"@type\":\"ImageObject\",\"inLanguage\":\"pt-PT\",\"@id\":\"https:\/\/www.csj-emballages.com\/pt-pt\/produit\/50-tabuleiros-para-refeicoes-takeaway-com-4-compartimentos-festivos\/#primaryimage\",\"url\":\"https:\/\/www.csj-emballages.com\/wp-content\/uploads\/2024\/03\/PL4CFESTIF.webp\",\"contentUrl\":\"https:\/\/www.csj-emballages.com\/wp-content\/uploads\/2024\/03\/PL4CFESTIF.webp\",\"width\":800,\"height\":800,\"caption\":\"Plateau repas\"},{\"@type\":\"BreadcrumbList\",\"@id\":\"https:\/\/www.csj-emballages.com\/pt-pt\/produit\/50-tabuleiros-para-refeicoes-takeaway-com-4-compartimentos-festivos\/#breadcrumb\",\"itemListElement\":[{\"@type\":\"ListItem\",\"position\":1,\"name\":\"Acolhimento\",\"item\":\"https:\/\/www.csj-emballages.com\/pt-pt\/universo-das-embalagens-alimentares\/\"},{\"@type\":\"ListItem\",\"position\":2,\"name\":\"Shop\",\"item\":\"https:\/\/www.csj-emballages.com\/shop\/\"},{\"@type\":\"ListItem\",\"position\":3,\"name\":\"Tabuleiro para takeaway festivo com 4 compartimentos por 50\"}]},{\"@type\":\"WebSite\",\"@id\":\"https:\/\/www.csj-emballages.com\/pt-pt\/#website\",\"url\":\"https:\/\/www.csj-emballages.com\/pt-pt\/\",\"name\":\"CSJ Emballages\",\"description\":\"\",\"publisher\":{\"@id\":\"https:\/\/www.csj-emballages.com\/pt-pt\/#organization\"},\"potentialAction\":[{\"@type\":\"SearchAction\",\"target\":{\"@type\":\"EntryPoint\",\"urlTemplate\":\"https:\/\/www.csj-emballages.com\/pt-pt\/?s={search_term_string}\"},\"query-input\":{\"@type\":\"PropertyValueSpecification\",\"valueRequired\":true,\"valueName\":\"search_term_string\"}}],\"inLanguage\":\"pt-PT\"},{\"@type\":\"Organization\",\"@id\":\"https:\/\/www.csj-emballages.com\/pt-pt\/#Organization\/\",\"name\":\"CSJ Emballages\",\"url\":\"https:\/\/www.csj-emballages.com\/pt-pt\/\",\"logo\":{\"@type\":\"ImageObject\",\"inLanguage\":\"pt-PT\",\"@id\":\"https:\/\/www.csj-emballages.com\/pt-pt\/#\/schema\/logo\/image\/\",\"url\":\"https:\/\/www.csj-emballages.com\/wp-content\/uploads\/2023\/10\/logo_csj.webp\",\"contentUrl\":\"https:\/\/www.csj-emballages.com\/wp-content\/uploads\/2023\/10\/logo_csj.webp\",\"width\":250,\"height\":95,\"caption\":\"CSJ Emballages\"},\"image\":{\"@id\":\"https:\/\/www.csj-emballages.com\/pt-pt\/#\/schema\/logo\/image\/\"},\"sameAs\":[\"https:\/\/www.facebook.com\/csjemballages\"],\"address\":{\"@type\":\"PostalAddress\",\"streetAddress\":\"ZI La Lechere\",\"addressLocality\":\"Patornay\",\"postalCode\":\"39130\",\"addressCountry\":\"FR\"},\"contactPoint\":[{\"@type\":\"ContactPoint\",\"contactType\":\"Service client\",\"telephone\":\"0384254272\",\"email\":\"contact@csj-emballages.com\"}]}]}<\/script>\n<!-- \/ Yoast SEO Premium plugin. -->","yoast_head_json":{"title":"Tabuleiro de refei\u00e7\u00f5es para levar para casa com 4 compartimentos para 50 pessoas","description":"Tabuleiro de refei\u00e7\u00e3o festivo com 4 compartimentos da 50: pr\u00e1tico, robusto e elegante. Ideal para catering e restaurantes, perfeito para takeaway.","robots":{"index":"index","follow":"follow","max-snippet":"max-snippet:-1","max-image-preview":"max-image-preview:large","max-video-preview":"max-video-preview:-1"},"canonical":"https:\/\/www.csj-emballages.com\/pt-pt\/produit\/50-tabuleiros-para-refeicoes-takeaway-com-4-compartimentos-festivos\/","og_locale":"pt_PT","og_type":"article","og_title":"Tabuleiro para takeaway festivo com 4 compartimentos por 50","og_description":"Tabuleiro de refei\u00e7\u00e3o festivo com 4 compartimentos da 50: pr\u00e1tico, robusto e elegante. Ideal para catering e restaurantes, perfeito para takeaway.","og_url":"https:\/\/www.csj-emballages.com\/pt-pt\/produit\/50-tabuleiros-para-refeicoes-takeaway-com-4-compartimentos-festivos\/","og_site_name":"CSJ Emballages","article_publisher":"https:\/\/www.facebook.com\/csjemballages","article_modified_time":"2026-03-12T15:32:52+00:00","og_image":[{"width":800,"height":800,"url":"https:\/\/www.csj-emballages.com\/wp-content\/uploads\/2024\/03\/PL4CFESTIF.webp","type":"image\/webp"}],"twitter_card":"summary_large_image","twitter_misc":{"Tempo estimado de leitura":"2 minutos"},"schema":{"@context":"https:\/\/schema.org","@graph":[{"@type":"WebPage","@id":"https:\/\/www.csj-emballages.com\/pt-pt\/produit\/50-tabuleiros-para-refeicoes-takeaway-com-4-compartimentos-festivos\/","url":"https:\/\/www.csj-emballages.com\/pt-pt\/produit\/50-tabuleiros-para-refeicoes-takeaway-com-4-compartimentos-festivos\/","name":"Tabuleiro de refei\u00e7\u00f5es para levar para casa com 4 compartimentos para 50 pessoas","isPartOf":{"@id":"https:\/\/www.csj-emballages.com\/pt-pt\/#website"},"primaryImageOfPage":{"@id":"https:\/\/www.csj-emballages.com\/pt-pt\/produit\/50-tabuleiros-para-refeicoes-takeaway-com-4-compartimentos-festivos\/#primaryimage"},"image":{"@id":"https:\/\/www.csj-emballages.com\/pt-pt\/produit\/50-tabuleiros-para-refeicoes-takeaway-com-4-compartimentos-festivos\/#primaryimage"},"thumbnailUrl":"https:\/\/www.csj-emballages.com\/wp-content\/uploads\/2024\/03\/PL4CFESTIF.webp","datePublished":"2024-03-01T15:50:38+00:00","dateModified":"2026-03-12T15:32:52+00:00","description":"Tabuleiro de refei\u00e7\u00e3o festivo com 4 compartimentos da 50: pr\u00e1tico, robusto e elegante. Ideal para catering e restaurantes, perfeito para takeaway.","breadcrumb":{"@id":"https:\/\/www.csj-emballages.com\/pt-pt\/produit\/50-tabuleiros-para-refeicoes-takeaway-com-4-compartimentos-festivos\/#breadcrumb"},"inLanguage":"pt-PT","potentialAction":[{"@type":"ReadAction","target":["https:\/\/www.csj-emballages.com\/pt-pt\/produit\/50-tabuleiros-para-refeicoes-takeaway-com-4-compartimentos-festivos\/"]}]},{"@type":"ImageObject","inLanguage":"pt-PT","@id":"https:\/\/www.csj-emballages.com\/pt-pt\/produit\/50-tabuleiros-para-refeicoes-takeaway-com-4-compartimentos-festivos\/#primaryimage","url":"https:\/\/www.csj-emballages.com\/wp-content\/uploads\/2024\/03\/PL4CFESTIF.webp","contentUrl":"https:\/\/www.csj-emballages.com\/wp-content\/uploads\/2024\/03\/PL4CFESTIF.webp","width":800,"height":800,"caption":"Plateau repas"},{"@type":"BreadcrumbList","@id":"https:\/\/www.csj-emballages.com\/pt-pt\/produit\/50-tabuleiros-para-refeicoes-takeaway-com-4-compartimentos-festivos\/#breadcrumb","itemListElement":[{"@type":"ListItem","position":1,"name":"Acolhimento","item":"https:\/\/www.csj-emballages.com\/pt-pt\/universo-das-embalagens-alimentares\/"},{"@type":"ListItem","position":2,"name":"Shop","item":"https:\/\/www.csj-emballages.com\/shop\/"},{"@type":"ListItem","position":3,"name":"Tabuleiro para takeaway festivo com 4 compartimentos por 50"}]},{"@type":"WebSite","@id":"https:\/\/www.csj-emballages.com\/pt-pt\/#website","url":"https:\/\/www.csj-emballages.com\/pt-pt\/","name":"CSJ Emballages","description":"","publisher":{"@id":"https:\/\/www.csj-emballages.com\/pt-pt\/#organization"},"potentialAction":[{"@type":"SearchAction","target":{"@type":"EntryPoint","urlTemplate":"https:\/\/www.csj-emballages.com\/pt-pt\/?s={search_term_string}"},"query-input":{"@type":"PropertyValueSpecification","valueRequired":true,"valueName":"search_term_string"}}],"inLanguage":"pt-PT"},{"@type":"Organization","@id":"https:\/\/www.csj-emballages.com\/pt-pt\/#Organization\/","name":"CSJ Emballages","url":"https:\/\/www.csj-emballages.com\/pt-pt\/","logo":{"@type":"ImageObject","inLanguage":"pt-PT","@id":"https:\/\/www.csj-emballages.com\/pt-pt\/#\/schema\/logo\/image\/","url":"https:\/\/www.csj-emballages.com\/wp-content\/uploads\/2023\/10\/logo_csj.webp","contentUrl":"https:\/\/www.csj-emballages.com\/wp-content\/uploads\/2023\/10\/logo_csj.webp","width":250,"height":95,"caption":"CSJ Emballages"},"image":{"@id":"https:\/\/www.csj-emballages.com\/pt-pt\/#\/schema\/logo\/image\/"},"sameAs":["https:\/\/www.facebook.com\/csjemballages"],"address":{"@type":"PostalAddress","streetAddress":"ZI La Lechere","addressLocality":"Patornay","postalCode":"39130","addressCountry":"FR"},"contactPoint":[{"@type":"ContactPoint","contactType":"Service client","telephone":"0384254272","email":"contact@csj-emballages.com"}]}]}},"df_price":22.62,"df_sale_price":"","df_regular_price":22.62,"df_image_link":"https:\/\/www.csj-emballages.com\/wp-content\/uploads\/2024\/03\/PL4CFESTIF-300x300.webp","tiered_pricing_type":"fixed","tiered_pricing_fixed_rules":[],"tiered_pricing_percentage_rules":[],"tiered_pricing_minimum":1,"tiered_pricing_roles_data":[],"_links":{"self":[{"href":"https:\/\/www.csj-emballages.com\/pt-pt\/wp-json\/wp\/v2\/product\/22495","targetHints":{"allow":["GET"]}}],"collection":[{"href":"https:\/\/www.csj-emballages.com\/pt-pt\/wp-json\/wp\/v2\/product"}],"about":[{"href":"https:\/\/www.csj-emballages.com\/pt-pt\/wp-json\/wp\/v2\/types\/product"}],"wp:featuredmedia":[{"embeddable":true,"href":"https:\/\/www.csj-emballages.com\/pt-pt\/wp-json\/wp\/v2\/media\/240974"}],"wp:attachment":[{"href":"https:\/\/www.csj-emballages.com\/pt-pt\/wp-json\/wp\/v2\/media?parent=22495"}],"wp:term":[{"taxonomy":"product_brand","embeddable":true,"href":"https:\/\/www.csj-emballages.com\/pt-pt\/wp-json\/wp\/v2\/product_brand?post=22495"},{"taxonomy":"product_cat","embeddable":true,"href":"https:\/\/www.csj-emballages.com\/pt-pt\/wp-json\/wp\/v2\/product_cat?post=22495"},{"taxonomy":"product_tag","embeddable":true,"href":"https:\/\/www.csj-emballages.com\/pt-pt\/wp-json\/wp\/v2\/product_tag?post=22495"}],"curies":[{"name":"wp","href":"https:\/\/api.w.org\/{rel}","templated":true}]}}