{"id":224881,"date":"2024-12-19T02:19:01","date_gmt":"2024-12-19T01:19:01","guid":{"rendered":"https:\/\/www.csj-emballages.com\/produit\/corante-alimentar-liquido-verde-50-ml\/"},"modified":"2026-04-11T02:10:46","modified_gmt":"2026-04-11T00:10:46","slug":"corante-alimentar-liquido-verde-50-ml","status":"publish","type":"product","link":"https:\/\/www.csj-emballages.com\/pt-pt\/produit\/corante-alimentar-liquido-verde-50-ml\/","title":{"rendered":"Corante alimentar l\u00edquido verde 50 ml"},"content":{"rendered":"<h2>Corante alimentar<\/h2>\n<hr>\n<h3>Descri\u00e7\u00e3o do nosso corante alimentar l\u00edquido verde 50 ml<\/h3>\n<p><!--more--><\/p>\n<p><strong>O corante alimentar l\u00edquido verde<\/strong> \u00e9 um ingrediente essencial para dar um toque de cor \u00e0s suas receitas. Quer seja um cozinheiro amador ou um profissional, este produto \u00e9 perfeito para as suas necessidades. Gra\u00e7as \u00e0 sua tonalidade viva e natural, transforma as suas cria\u00e7\u00f5es culin\u00e1rias em verdadeiras obras de arte. Apresentado num frasco <strong>de 50 ml<\/strong>, este corante \u00e9 f\u00e1cil de utilizar e garante resultados homog\u00e9neos.   <\/p>\n<p>A f\u00f3rmula l\u00edquida deste <strong>corante alimentar<\/strong> permite uma dosagem precisa e uma aplica\u00e7\u00e3o homog\u00e9nea. Bastam algumas gotas para colorir as suas coberturas, cremes, pastas ou bebidas.  A sua textura fluida facilita a incorpora\u00e7\u00e3o, sem deixar grumos nem alterar a consist\u00eancia das suas prepara\u00e7\u00f5es.<\/p>\n<p>Para al\u00e9m disso, este <strong>corante alimentar verde<\/strong> funciona igualmente bem em pratos doces e salgados. Pode utiliz\u00e1-lo para criar sobremesas originais ou para real\u00e7ar molhos e velout\u00e9s. O seu formato pr\u00e1tico \u00e9 ideal para uma utiliza\u00e7\u00e3o quotidiana ou ocasional, consoante as suas necessidades.  <\/p>\n<p>&nbsp;<\/p>\n<p><!--more--><\/p>\n<h4>Modo de utiliza\u00e7\u00e3o<\/h4>\n<p>Para obter os melhores resultados, utilize este <strong>corante alimentar l\u00edquido<\/strong> em prepara\u00e7\u00f5es de cor clara. Por exemplo, \u00e9 perfeito para colorir pasta de a\u00e7\u00facar branca ou glac\u00ea \u00e0 base de creme. Adicione-o gota a gota at\u00e9 atingir a intensidade de <strong>verde<\/strong> desejada. Misture bem para uma distribui\u00e7\u00e3o homog\u00e9nea.   <\/p>\n<p>\u00c9 tamb\u00e9m aconselh\u00e1vel testar primeiro uma pequena quantidade para ajustar a dosagem. Este produto \u00e9 concentrado, o que significa que um pequeno frasco pode durar muito tempo. Finalmente, certifica-te de que fechas bem o frasco ap\u00f3s cada utiliza\u00e7\u00e3o para preservar a qualidade do produto.  <\/p>\n<p>&nbsp;<\/p>\n<p><!--more--><\/p>\n<h4>Vantagens :<\/h4>\n<ul>\n<li><strong>Resultados homog\u00e9neos<\/strong>: a sua textura l\u00edquida garante uma distribui\u00e7\u00e3o uniforme e sem esfor\u00e7o.<\/li>\n<li><strong>Estabilidade not\u00e1vel<\/strong>: a sua cor mant\u00e9m-se brilhante, mesmo ap\u00f3s cozedura ou congela\u00e7\u00e3o.<\/li>\n<li><strong>Seguro e fi\u00e1vel<\/strong>: concebido de acordo com normas rigorosas, \u00e9 adequado para utiliza\u00e7\u00e3o alimentar.<\/li>\n<li><strong>Utiliza\u00e7\u00e3o vers\u00e1til<\/strong>: ideal para receitas doces e salgadas, bebidas e sobremesas.<\/li>\n<\/ul>\n<p>&nbsp;<\/p>\n<p><!--more--><\/p>\n<h4>Outras informa\u00e7\u00f5es :<\/h4>\n<ul>\n<li><b>Altura: <\/b>115 mm<\/li>\n<li><strong>Embalagem<\/strong>: Por unidade<\/li>\n<li><strong>Volume<\/strong>: 50 ml<\/li>\n<li><b>Cor: <\/b>verde<\/li>\n<li><strong>Dosagem<\/strong>: 5g\/kg<\/li>\n<\/ul>\n<p>&nbsp;<\/p>\n<p><!--more--><\/p>\n<p>Produto dispon\u00edvel em v\u00e1rias cores: <span style=\"color: #d12727;\"><a style=\"color: #d12727;\" href=\"https:\/\/www.csj-emballages.com\/pt-pt\/produit\/corante-alimentar-liquido-amarelo-50-ml\/\">Amarelo<\/a><\/span> \/ <span style=\"color: #d12727;\"><a style=\"color: #d12727;\" href=\"https:\/\/www.csj-emballages.com\/pt-pt\/produit\/corante-alimentar-liquido-azul-50-ml\/\">azul<\/a><\/span> \/ <span style=\"color: #d12727;\"><a style=\"color: #d12727;\" href=\"https:\/\/www.csj-emballages.com\/pt-pt\/produit\/corante-alimentar-liquido-vermelho-50-ml\/\">Vermelho<\/a><\/span><\/p>\n<p>&nbsp;<\/p>\n<p><!--more--><\/p>\n<p><a href=\"https:\/\/www.csj-emballages.com\/pt-pt\/categorie-produit\/alimentacao-pt-pt\/pastelaria\/sabores-pt-pt\/\">Descubra o resto da nossa gama de sabores<\/a><\/p>\n","protected":false},"excerpt":{"rendered":"<p>Corante alimentar Descri\u00e7\u00e3o do nosso corante alimentar l\u00edquido verde 50 ml<\/p>\n","protected":false},"featured_media":219393,"template":"","meta":{"_acf_changed":false},"product_brand":[],"product_cat":[1151,9214,9217],"product_tag":[],"class_list":{"0":"post-224881","1":"product","2":"type-product","3":"status-publish","4":"has-post-thumbnail","6":"product_cat-alimentacao-pt-pt","7":"product_cat-pastelaria","8":"product_cat-corantes-alimentares","10":"first","11":"instock","12":"taxable","13":"shipping-taxable","14":"purchasable","15":"product-type-simple"},"acf":[],"yoast_head":"<!-- This site is optimized with the Yoast SEO Premium plugin v26.6 (Yoast SEO v26.6) - https:\/\/yoast.com\/wordpress\/plugins\/seo\/ -->\n<title>Corante alimentar l\u00edquido verde - 50 ml<\/title>\n<meta name=\"description\" content=\"Adicione um toque de cor \u00e0s suas receitas com o nosso corante alimentar verde l\u00edquido de 50 ml. Pr\u00e1tico, vers\u00e1til e f\u00e1cil de usar.\" \/>\n<meta name=\"robots\" content=\"index, follow, max-snippet:-1, max-image-preview:large, max-video-preview:-1\" \/>\n<link rel=\"canonical\" href=\"https:\/\/www.csj-emballages.com\/pt-pt\/produit\/corante-alimentar-liquido-verde-50-ml\/\" \/>\n<meta property=\"og:locale\" content=\"pt_PT\" \/>\n<meta property=\"og:type\" content=\"article\" \/>\n<meta property=\"og:title\" content=\"Corante alimentar l\u00edquido verde 50 ml\" \/>\n<meta property=\"og:description\" content=\"Adicione um toque de cor \u00e0s suas receitas com o nosso corante alimentar verde l\u00edquido de 50 ml. Pr\u00e1tico, vers\u00e1til e f\u00e1cil de usar.\" \/>\n<meta property=\"og:url\" content=\"https:\/\/www.csj-emballages.com\/pt-pt\/produit\/corante-alimentar-liquido-verde-50-ml\/\" \/>\n<meta property=\"og:site_name\" content=\"CSJ Emballages\" \/>\n<meta property=\"article:publisher\" content=\"https:\/\/www.facebook.com\/csjemballages\" \/>\n<meta property=\"article:modified_time\" content=\"2026-04-11T00:10:46+00:00\" \/>\n<meta property=\"og:image\" content=\"https:\/\/www.csj-emballages.com\/wp-content\/uploads\/2024\/12\/Colorant-vert.webp\" \/>\n\t<meta property=\"og:image:width\" content=\"800\" \/>\n\t<meta property=\"og:image:height\" content=\"801\" \/>\n\t<meta property=\"og:image:type\" content=\"image\/webp\" \/>\n<meta name=\"twitter:card\" content=\"summary_large_image\" \/>\n<meta name=\"twitter:label1\" content=\"Tempo estimado de leitura\" \/>\n\t<meta name=\"twitter:data1\" content=\"2 minutos\" \/>\n<script type=\"application\/ld+json\" class=\"yoast-schema-graph\">{\"@context\":\"https:\/\/schema.org\",\"@graph\":[{\"@type\":\"WebPage\",\"@id\":\"https:\/\/www.csj-emballages.com\/pt-pt\/produit\/corante-alimentar-liquido-verde-50-ml\/\",\"url\":\"https:\/\/www.csj-emballages.com\/pt-pt\/produit\/corante-alimentar-liquido-verde-50-ml\/\",\"name\":\"Corante alimentar l\u00edquido verde - 50 ml\",\"isPartOf\":{\"@id\":\"https:\/\/www.csj-emballages.com\/pt-pt\/#website\"},\"primaryImageOfPage\":{\"@id\":\"https:\/\/www.csj-emballages.com\/pt-pt\/produit\/corante-alimentar-liquido-verde-50-ml\/#primaryimage\"},\"image\":{\"@id\":\"https:\/\/www.csj-emballages.com\/pt-pt\/produit\/corante-alimentar-liquido-verde-50-ml\/#primaryimage\"},\"thumbnailUrl\":\"https:\/\/www.csj-emballages.com\/wp-content\/uploads\/2024\/12\/Colorant-vert.webp\",\"datePublished\":\"2024-12-19T01:19:01+00:00\",\"dateModified\":\"2026-04-11T00:10:46+00:00\",\"description\":\"Adicione um toque de cor \u00e0s suas receitas com o nosso corante alimentar verde l\u00edquido de 50 ml. Pr\u00e1tico, vers\u00e1til e f\u00e1cil de usar.\",\"breadcrumb\":{\"@id\":\"https:\/\/www.csj-emballages.com\/pt-pt\/produit\/corante-alimentar-liquido-verde-50-ml\/#breadcrumb\"},\"inLanguage\":\"pt-PT\",\"potentialAction\":[{\"@type\":\"ReadAction\",\"target\":[\"https:\/\/www.csj-emballages.com\/pt-pt\/produit\/corante-alimentar-liquido-verde-50-ml\/\"]}]},{\"@type\":\"ImageObject\",\"inLanguage\":\"pt-PT\",\"@id\":\"https:\/\/www.csj-emballages.com\/pt-pt\/produit\/corante-alimentar-liquido-verde-50-ml\/#primaryimage\",\"url\":\"https:\/\/www.csj-emballages.com\/wp-content\/uploads\/2024\/12\/Colorant-vert.webp\",\"contentUrl\":\"https:\/\/www.csj-emballages.com\/wp-content\/uploads\/2024\/12\/Colorant-vert.webp\",\"width\":800,\"height\":801,\"caption\":\"Colorant vert\"},{\"@type\":\"BreadcrumbList\",\"@id\":\"https:\/\/www.csj-emballages.com\/pt-pt\/produit\/corante-alimentar-liquido-verde-50-ml\/#breadcrumb\",\"itemListElement\":[{\"@type\":\"ListItem\",\"position\":1,\"name\":\"Acolhimento\",\"item\":\"https:\/\/www.csj-emballages.com\/pt-pt\/universo-das-embalagens-alimentares\/\"},{\"@type\":\"ListItem\",\"position\":2,\"name\":\"Shop\",\"item\":\"https:\/\/www.csj-emballages.com\/shop\/\"},{\"@type\":\"ListItem\",\"position\":3,\"name\":\"Corante alimentar l\u00edquido verde 50 ml\"}]},{\"@type\":\"WebSite\",\"@id\":\"https:\/\/www.csj-emballages.com\/pt-pt\/#website\",\"url\":\"https:\/\/www.csj-emballages.com\/pt-pt\/\",\"name\":\"CSJ Emballages\",\"description\":\"\",\"publisher\":{\"@id\":\"https:\/\/www.csj-emballages.com\/pt-pt\/#organization\"},\"potentialAction\":[{\"@type\":\"SearchAction\",\"target\":{\"@type\":\"EntryPoint\",\"urlTemplate\":\"https:\/\/www.csj-emballages.com\/pt-pt\/?s={search_term_string}\"},\"query-input\":{\"@type\":\"PropertyValueSpecification\",\"valueRequired\":true,\"valueName\":\"search_term_string\"}}],\"inLanguage\":\"pt-PT\"},{\"@type\":\"Organization\",\"@id\":\"https:\/\/www.csj-emballages.com\/pt-pt\/#Organization\/\",\"name\":\"CSJ Emballages\",\"url\":\"https:\/\/www.csj-emballages.com\/pt-pt\/\",\"logo\":{\"@type\":\"ImageObject\",\"inLanguage\":\"pt-PT\",\"@id\":\"https:\/\/www.csj-emballages.com\/pt-pt\/#\/schema\/logo\/image\/\",\"url\":\"https:\/\/www.csj-emballages.com\/wp-content\/uploads\/2023\/10\/logo_csj.webp\",\"contentUrl\":\"https:\/\/www.csj-emballages.com\/wp-content\/uploads\/2023\/10\/logo_csj.webp\",\"width\":250,\"height\":95,\"caption\":\"CSJ Emballages\"},\"image\":{\"@id\":\"https:\/\/www.csj-emballages.com\/pt-pt\/#\/schema\/logo\/image\/\"},\"sameAs\":[\"https:\/\/www.facebook.com\/csjemballages\"],\"address\":{\"@type\":\"PostalAddress\",\"streetAddress\":\"ZI La Lechere\",\"addressLocality\":\"Patornay\",\"postalCode\":\"39130\",\"addressCountry\":\"FR\"},\"contactPoint\":[{\"@type\":\"ContactPoint\",\"contactType\":\"Service client\",\"telephone\":\"0384254272\",\"email\":\"contact@csj-emballages.com\"}]}]}<\/script>\n<!-- \/ Yoast SEO Premium plugin. -->","yoast_head_json":{"title":"Corante alimentar l\u00edquido verde - 50 ml","description":"Adicione um toque de cor \u00e0s suas receitas com o nosso corante alimentar verde l\u00edquido de 50 ml. Pr\u00e1tico, vers\u00e1til e f\u00e1cil de usar.","robots":{"index":"index","follow":"follow","max-snippet":"max-snippet:-1","max-image-preview":"max-image-preview:large","max-video-preview":"max-video-preview:-1"},"canonical":"https:\/\/www.csj-emballages.com\/pt-pt\/produit\/corante-alimentar-liquido-verde-50-ml\/","og_locale":"pt_PT","og_type":"article","og_title":"Corante alimentar l\u00edquido verde 50 ml","og_description":"Adicione um toque de cor \u00e0s suas receitas com o nosso corante alimentar verde l\u00edquido de 50 ml. Pr\u00e1tico, vers\u00e1til e f\u00e1cil de usar.","og_url":"https:\/\/www.csj-emballages.com\/pt-pt\/produit\/corante-alimentar-liquido-verde-50-ml\/","og_site_name":"CSJ Emballages","article_publisher":"https:\/\/www.facebook.com\/csjemballages","article_modified_time":"2026-04-11T00:10:46+00:00","og_image":[{"width":800,"height":801,"url":"https:\/\/www.csj-emballages.com\/wp-content\/uploads\/2024\/12\/Colorant-vert.webp","type":"image\/webp"}],"twitter_card":"summary_large_image","twitter_misc":{"Tempo estimado de leitura":"2 minutos"},"schema":{"@context":"https:\/\/schema.org","@graph":[{"@type":"WebPage","@id":"https:\/\/www.csj-emballages.com\/pt-pt\/produit\/corante-alimentar-liquido-verde-50-ml\/","url":"https:\/\/www.csj-emballages.com\/pt-pt\/produit\/corante-alimentar-liquido-verde-50-ml\/","name":"Corante alimentar l\u00edquido verde - 50 ml","isPartOf":{"@id":"https:\/\/www.csj-emballages.com\/pt-pt\/#website"},"primaryImageOfPage":{"@id":"https:\/\/www.csj-emballages.com\/pt-pt\/produit\/corante-alimentar-liquido-verde-50-ml\/#primaryimage"},"image":{"@id":"https:\/\/www.csj-emballages.com\/pt-pt\/produit\/corante-alimentar-liquido-verde-50-ml\/#primaryimage"},"thumbnailUrl":"https:\/\/www.csj-emballages.com\/wp-content\/uploads\/2024\/12\/Colorant-vert.webp","datePublished":"2024-12-19T01:19:01+00:00","dateModified":"2026-04-11T00:10:46+00:00","description":"Adicione um toque de cor \u00e0s suas receitas com o nosso corante alimentar verde l\u00edquido de 50 ml. Pr\u00e1tico, vers\u00e1til e f\u00e1cil de usar.","breadcrumb":{"@id":"https:\/\/www.csj-emballages.com\/pt-pt\/produit\/corante-alimentar-liquido-verde-50-ml\/#breadcrumb"},"inLanguage":"pt-PT","potentialAction":[{"@type":"ReadAction","target":["https:\/\/www.csj-emballages.com\/pt-pt\/produit\/corante-alimentar-liquido-verde-50-ml\/"]}]},{"@type":"ImageObject","inLanguage":"pt-PT","@id":"https:\/\/www.csj-emballages.com\/pt-pt\/produit\/corante-alimentar-liquido-verde-50-ml\/#primaryimage","url":"https:\/\/www.csj-emballages.com\/wp-content\/uploads\/2024\/12\/Colorant-vert.webp","contentUrl":"https:\/\/www.csj-emballages.com\/wp-content\/uploads\/2024\/12\/Colorant-vert.webp","width":800,"height":801,"caption":"Colorant vert"},{"@type":"BreadcrumbList","@id":"https:\/\/www.csj-emballages.com\/pt-pt\/produit\/corante-alimentar-liquido-verde-50-ml\/#breadcrumb","itemListElement":[{"@type":"ListItem","position":1,"name":"Acolhimento","item":"https:\/\/www.csj-emballages.com\/pt-pt\/universo-das-embalagens-alimentares\/"},{"@type":"ListItem","position":2,"name":"Shop","item":"https:\/\/www.csj-emballages.com\/shop\/"},{"@type":"ListItem","position":3,"name":"Corante alimentar l\u00edquido verde 50 ml"}]},{"@type":"WebSite","@id":"https:\/\/www.csj-emballages.com\/pt-pt\/#website","url":"https:\/\/www.csj-emballages.com\/pt-pt\/","name":"CSJ Emballages","description":"","publisher":{"@id":"https:\/\/www.csj-emballages.com\/pt-pt\/#organization"},"potentialAction":[{"@type":"SearchAction","target":{"@type":"EntryPoint","urlTemplate":"https:\/\/www.csj-emballages.com\/pt-pt\/?s={search_term_string}"},"query-input":{"@type":"PropertyValueSpecification","valueRequired":true,"valueName":"search_term_string"}}],"inLanguage":"pt-PT"},{"@type":"Organization","@id":"https:\/\/www.csj-emballages.com\/pt-pt\/#Organization\/","name":"CSJ Emballages","url":"https:\/\/www.csj-emballages.com\/pt-pt\/","logo":{"@type":"ImageObject","inLanguage":"pt-PT","@id":"https:\/\/www.csj-emballages.com\/pt-pt\/#\/schema\/logo\/image\/","url":"https:\/\/www.csj-emballages.com\/wp-content\/uploads\/2023\/10\/logo_csj.webp","contentUrl":"https:\/\/www.csj-emballages.com\/wp-content\/uploads\/2023\/10\/logo_csj.webp","width":250,"height":95,"caption":"CSJ Emballages"},"image":{"@id":"https:\/\/www.csj-emballages.com\/pt-pt\/#\/schema\/logo\/image\/"},"sameAs":["https:\/\/www.facebook.com\/csjemballages"],"address":{"@type":"PostalAddress","streetAddress":"ZI La Lechere","addressLocality":"Patornay","postalCode":"39130","addressCountry":"FR"},"contactPoint":[{"@type":"ContactPoint","contactType":"Service client","telephone":"0384254272","email":"contact@csj-emballages.com"}]}]}},"df_price":2.16,"df_sale_price":"","df_regular_price":2.16,"df_image_link":"https:\/\/www.csj-emballages.com\/wp-content\/uploads\/2024\/12\/Colorant-vert-300x300.webp","tiered_pricing_type":"fixed","tiered_pricing_fixed_rules":[],"tiered_pricing_percentage_rules":[],"tiered_pricing_minimum":1,"tiered_pricing_roles_data":[],"_links":{"self":[{"href":"https:\/\/www.csj-emballages.com\/pt-pt\/wp-json\/wp\/v2\/product\/224881","targetHints":{"allow":["GET"]}}],"collection":[{"href":"https:\/\/www.csj-emballages.com\/pt-pt\/wp-json\/wp\/v2\/product"}],"about":[{"href":"https:\/\/www.csj-emballages.com\/pt-pt\/wp-json\/wp\/v2\/types\/product"}],"wp:featuredmedia":[{"embeddable":true,"href":"https:\/\/www.csj-emballages.com\/pt-pt\/wp-json\/wp\/v2\/media\/219393"}],"wp:attachment":[{"href":"https:\/\/www.csj-emballages.com\/pt-pt\/wp-json\/wp\/v2\/media?parent=224881"}],"wp:term":[{"taxonomy":"product_brand","embeddable":true,"href":"https:\/\/www.csj-emballages.com\/pt-pt\/wp-json\/wp\/v2\/product_brand?post=224881"},{"taxonomy":"product_cat","embeddable":true,"href":"https:\/\/www.csj-emballages.com\/pt-pt\/wp-json\/wp\/v2\/product_cat?post=224881"},{"taxonomy":"product_tag","embeddable":true,"href":"https:\/\/www.csj-emballages.com\/pt-pt\/wp-json\/wp\/v2\/product_tag?post=224881"}],"curies":[{"name":"wp","href":"https:\/\/api.w.org\/{rel}","templated":true}]}}