{"id":22488,"date":"2024-03-01T16:50:39","date_gmt":"2024-03-01T15:50:39","guid":{"rendered":"https:\/\/u15jnbdpoq.preview.infomaniak.website\/produit\/90-latas-triangulares-individuais-com-fundo-preto\/"},"modified":"2026-05-06T02:16:01","modified_gmt":"2026-05-06T00:16:01","slug":"90-latas-triangulares-individuais-com-fundo-preto","status":"publish","type":"product","link":"https:\/\/www.csj-emballages.com\/pt-pt\/produit\/90-latas-triangulares-individuais-com-fundo-preto\/","title":{"rendered":"Forma de tarte triangular individual com base preta, 90 unidades."},"content":{"rendered":"<h2>Forma de tarte<\/h2>\n<hr>\n<h3>Descri\u00e7\u00e3o da nossa caixa individual triangular para fatias de tarte com base preta por 90<\/h3>\n<p><!--more--><\/p>\n<div class=\"flex max-w-full flex-col flex-grow\">\n<div class=\"min-h-8 text-message flex w-full flex-col items-end gap-2 whitespace-normal break-words text-start [.text-message+&amp;]:mt-5\" dir=\"auto\" data-message-author-role=\"assistant\" data-message-id=\"266ca6f3-5e07-4948-bd20-80ac5e6da4a5\" data-message-model-slug=\"gpt-4o\">\n<div class=\"flex w-full flex-col gap-1 empty:hidden first:pt-[3px]\">\n<div class=\"markdown prose w-full break-words dark:prose-invert dark\">\n<p>Esta <strong>caixa triangular de fundo preto<\/strong> para fatias de tarte, vendida em embalagens de <strong>90<\/strong> unidades, \u00e9 ideal para embalar e apresentar as suas fatias de tarte de forma <strong>elegante e higi\u00e9nica<\/strong>. Concebida para satisfazer as necessidades de <strong>empresas de catering<\/strong>, <strong>padarias<\/strong>, <strong>restaurantes<\/strong> e mesmo <strong>particulares<\/strong>, oferece uma solu\u00e7\u00e3o est\u00e9tica e pr\u00e1tica para transportar e armazenar por\u00e7\u00f5es individuais. <\/p>\n<div class=\"flex max-w-full flex-col flex-grow\">\n<div class=\"min-h-8 text-message flex w-full flex-col items-end gap-2 whitespace-normal break-words text-start [.text-message+&amp;]:mt-5\" dir=\"auto\" data-message-author-role=\"assistant\" data-message-id=\"448dcfb5-eac0-4e44-9a2a-b9e4747084bf\" data-message-model-slug=\"gpt-4o\">\n<div class=\"flex w-full flex-col gap-1 empty:hidden first:pt-[3px]\">\n<div class=\"markdown prose w-full break-words dark:prose-invert dark\">\n<p>Seja para um takeaway ou para um evento, esta <strong>caixa triangular<\/strong> para fatias de tarte \u00e9 a solu\u00e7\u00e3o ideal para sublimar as tuas fatias de tarte e transport\u00e1-las em seguran\u00e7a.<\/p>\n<p>&nbsp;<\/p>\n<\/div>\n<\/div>\n<\/div>\n<\/div>\n<\/div>\n<\/div>\n<\/div>\n<\/div>\n<p><!--more--><\/p>\n<h4>Vantagens:<\/h4>\n<ul>\n<li><strong>Pr\u00e1tico de transportar<\/strong>: Ideal para por\u00e7\u00f5es de takeaway, garante uma apresenta\u00e7\u00e3o limpa e sem riscos.<\/li>\n<li><strong>Pronto a utilizar<\/strong>: Fornecido em embalagens de 90 unidades, para uma utiliza\u00e7\u00e3o r\u00e1pida e f\u00e1cil em qualquer ocasi\u00e3o.<\/li>\n<li><strong>Est\u00e9tica de excel\u00eancia<\/strong>: a sua cor preta real\u00e7a o aspeto das tuas cria\u00e7\u00f5es<\/li>\n<\/ul>\n<p>&nbsp;<\/p>\n<p><!--more--><\/p>\n<h4>Outras informa\u00e7\u00f5es :<\/h4>\n<ul>\n<li><strong>Embalagem<\/strong>: Pacote de 90<\/li>\n<li><strong>Dimens\u00f5es<\/strong>: 165 x 115 x 50 (C x L x A em mm)<\/li>\n<li><strong>Material<\/strong>: Tereftalato de polietileno (PET)<\/li>\n<li><strong>Utiliza\u00e7\u00e3o<\/strong>: Frio<\/li>\n<li><strong>Temperatura de funcionamento<\/strong>: -40\u00b0C\/+70\u00b0C<\/li>\n<\/ul>\n<p>&nbsp;<\/p>\n<p>&nbsp;<\/p>\n<p><!--more--><\/p>\n<p><a href=\"https:\/\/www.csj-emballages.com\/categorie-produit\/emballages\/boucherie-traiteur-primeur\/barquettes-boites-et-pots\/barquettes-boites-pots-alimentaires\/boites-parts-de-tartes-individuelles\/\">V\u00ea o resto da nossa gama de formas individuais para fatias de tarte<\/a><\/p>\n","protected":false},"excerpt":{"rendered":"<p>Forma de tarte Descri\u00e7\u00e3o da nossa caixa individual triangular para fatias de tarte com base preta por 90<\/p>\n","protected":false},"featured_media":220956,"template":"","meta":{"_acf_changed":false},"product_brand":[],"product_cat":[1176,1525,3102],"product_tag":[],"class_list":{"0":"post-22488","1":"product","2":"type-product","3":"status-publish","4":"has-post-thumbnail","6":"product_cat-talho-e-charcutaria","7":"product_cat-tabuleiros-latas-frascos-para-alimentos","8":"product_cat-caixas-de-tartes-triangulares","10":"first","11":"outofstock","12":"taxable","13":"shipping-taxable","14":"purchasable","15":"product-type-simple"},"acf":[],"yoast_head":"<!-- This site is optimized with the Yoast SEO Premium plugin v26.6 (Yoast SEO v26.6) - https:\/\/yoast.com\/wordpress\/plugins\/seo\/ -->\n<title>Tarte individual triangular base preta 90 pe\u00e7as<\/title>\n<meta name=\"description\" content=\"Forma de tarte triangular individual, ideal para fatias individuais. Elegante e pr\u00e1tica, perfeita para catering, pastelarias e particulares.\" \/>\n<meta name=\"robots\" content=\"index, follow, max-snippet:-1, max-image-preview:large, max-video-preview:-1\" \/>\n<link rel=\"canonical\" href=\"https:\/\/www.csj-emballages.com\/pt-pt\/produit\/90-latas-triangulares-individuais-com-fundo-preto\/\" \/>\n<meta property=\"og:locale\" content=\"pt_PT\" \/>\n<meta property=\"og:type\" content=\"article\" \/>\n<meta property=\"og:title\" content=\"Forma de tarte triangular individual com base preta, 90 unidades.\" \/>\n<meta property=\"og:description\" content=\"Forma de tarte triangular individual, ideal para fatias individuais. Elegante e pr\u00e1tica, perfeita para catering, pastelarias e particulares.\" \/>\n<meta property=\"og:url\" content=\"https:\/\/www.csj-emballages.com\/pt-pt\/produit\/90-latas-triangulares-individuais-com-fundo-preto\/\" \/>\n<meta property=\"og:site_name\" content=\"CSJ Emballages\" \/>\n<meta property=\"article:publisher\" content=\"https:\/\/www.facebook.com\/csjemballages\" \/>\n<meta property=\"article:modified_time\" content=\"2026-05-06T00:16:01+00:00\" \/>\n<meta property=\"og:image\" content=\"https:\/\/www.csj-emballages.com\/wp-content\/uploads\/2024\/03\/Part-de-tarte.webp\" \/>\n\t<meta property=\"og:image:width\" content=\"800\" \/>\n\t<meta property=\"og:image:height\" content=\"800\" \/>\n\t<meta property=\"og:image:type\" content=\"image\/webp\" \/>\n<meta name=\"twitter:card\" content=\"summary_large_image\" \/>\n<meta name=\"twitter:label1\" content=\"Tempo estimado de leitura\" \/>\n\t<meta name=\"twitter:data1\" content=\"1 minuto\" \/>\n<script type=\"application\/ld+json\" class=\"yoast-schema-graph\">{\"@context\":\"https:\/\/schema.org\",\"@graph\":[{\"@type\":\"WebPage\",\"@id\":\"https:\/\/www.csj-emballages.com\/pt-pt\/produit\/90-latas-triangulares-individuais-com-fundo-preto\/\",\"url\":\"https:\/\/www.csj-emballages.com\/pt-pt\/produit\/90-latas-triangulares-individuais-com-fundo-preto\/\",\"name\":\"Tarte individual triangular base preta 90 pe\u00e7as\",\"isPartOf\":{\"@id\":\"https:\/\/www.csj-emballages.com\/pt-pt\/#website\"},\"primaryImageOfPage\":{\"@id\":\"https:\/\/www.csj-emballages.com\/pt-pt\/produit\/90-latas-triangulares-individuais-com-fundo-preto\/#primaryimage\"},\"image\":{\"@id\":\"https:\/\/www.csj-emballages.com\/pt-pt\/produit\/90-latas-triangulares-individuais-com-fundo-preto\/#primaryimage\"},\"thumbnailUrl\":\"https:\/\/www.csj-emballages.com\/wp-content\/uploads\/2024\/03\/Part-de-tarte.webp\",\"datePublished\":\"2024-03-01T15:50:39+00:00\",\"dateModified\":\"2026-05-06T00:16:01+00:00\",\"description\":\"Forma de tarte triangular individual, ideal para fatias individuais. Elegante e pr\u00e1tica, perfeita para catering, pastelarias e particulares.\",\"breadcrumb\":{\"@id\":\"https:\/\/www.csj-emballages.com\/pt-pt\/produit\/90-latas-triangulares-individuais-com-fundo-preto\/#breadcrumb\"},\"inLanguage\":\"pt-PT\",\"potentialAction\":[{\"@type\":\"ReadAction\",\"target\":[\"https:\/\/www.csj-emballages.com\/pt-pt\/produit\/90-latas-triangulares-individuais-com-fundo-preto\/\"]}]},{\"@type\":\"ImageObject\",\"inLanguage\":\"pt-PT\",\"@id\":\"https:\/\/www.csj-emballages.com\/pt-pt\/produit\/90-latas-triangulares-individuais-com-fundo-preto\/#primaryimage\",\"url\":\"https:\/\/www.csj-emballages.com\/wp-content\/uploads\/2024\/03\/Part-de-tarte.webp\",\"contentUrl\":\"https:\/\/www.csj-emballages.com\/wp-content\/uploads\/2024\/03\/Part-de-tarte.webp\",\"width\":800,\"height\":800,\"caption\":\"Boite part de tarte\"},{\"@type\":\"BreadcrumbList\",\"@id\":\"https:\/\/www.csj-emballages.com\/pt-pt\/produit\/90-latas-triangulares-individuais-com-fundo-preto\/#breadcrumb\",\"itemListElement\":[{\"@type\":\"ListItem\",\"position\":1,\"name\":\"Acolhimento\",\"item\":\"https:\/\/www.csj-emballages.com\/pt-pt\/universo-das-embalagens-alimentares\/\"},{\"@type\":\"ListItem\",\"position\":2,\"name\":\"Shop\",\"item\":\"https:\/\/www.csj-emballages.com\/shop\/\"},{\"@type\":\"ListItem\",\"position\":3,\"name\":\"Forma de tarte triangular individual com base preta, 90 unidades.\"}]},{\"@type\":\"WebSite\",\"@id\":\"https:\/\/www.csj-emballages.com\/pt-pt\/#website\",\"url\":\"https:\/\/www.csj-emballages.com\/pt-pt\/\",\"name\":\"CSJ Emballages\",\"description\":\"\",\"publisher\":{\"@id\":\"https:\/\/www.csj-emballages.com\/pt-pt\/#organization\"},\"potentialAction\":[{\"@type\":\"SearchAction\",\"target\":{\"@type\":\"EntryPoint\",\"urlTemplate\":\"https:\/\/www.csj-emballages.com\/pt-pt\/?s={search_term_string}\"},\"query-input\":{\"@type\":\"PropertyValueSpecification\",\"valueRequired\":true,\"valueName\":\"search_term_string\"}}],\"inLanguage\":\"pt-PT\"},{\"@type\":\"Organization\",\"@id\":\"https:\/\/www.csj-emballages.com\/pt-pt\/#Organization\/\",\"name\":\"CSJ Emballages\",\"url\":\"https:\/\/www.csj-emballages.com\/pt-pt\/\",\"logo\":{\"@type\":\"ImageObject\",\"inLanguage\":\"pt-PT\",\"@id\":\"https:\/\/www.csj-emballages.com\/pt-pt\/#\/schema\/logo\/image\/\",\"url\":\"https:\/\/www.csj-emballages.com\/wp-content\/uploads\/2023\/10\/logo_csj.webp\",\"contentUrl\":\"https:\/\/www.csj-emballages.com\/wp-content\/uploads\/2023\/10\/logo_csj.webp\",\"width\":250,\"height\":95,\"caption\":\"CSJ Emballages\"},\"image\":{\"@id\":\"https:\/\/www.csj-emballages.com\/pt-pt\/#\/schema\/logo\/image\/\"},\"sameAs\":[\"https:\/\/www.facebook.com\/csjemballages\"],\"address\":{\"@type\":\"PostalAddress\",\"streetAddress\":\"ZI La Lechere\",\"addressLocality\":\"Patornay\",\"postalCode\":\"39130\",\"addressCountry\":\"FR\"},\"contactPoint\":[{\"@type\":\"ContactPoint\",\"contactType\":\"Service client\",\"telephone\":\"0384254272\",\"email\":\"contact@csj-emballages.com\"}]}]}<\/script>\n<!-- \/ Yoast SEO Premium plugin. -->","yoast_head_json":{"title":"Tarte individual triangular base preta 90 pe\u00e7as","description":"Forma de tarte triangular individual, ideal para fatias individuais. Elegante e pr\u00e1tica, perfeita para catering, pastelarias e particulares.","robots":{"index":"index","follow":"follow","max-snippet":"max-snippet:-1","max-image-preview":"max-image-preview:large","max-video-preview":"max-video-preview:-1"},"canonical":"https:\/\/www.csj-emballages.com\/pt-pt\/produit\/90-latas-triangulares-individuais-com-fundo-preto\/","og_locale":"pt_PT","og_type":"article","og_title":"Forma de tarte triangular individual com base preta, 90 unidades.","og_description":"Forma de tarte triangular individual, ideal para fatias individuais. Elegante e pr\u00e1tica, perfeita para catering, pastelarias e particulares.","og_url":"https:\/\/www.csj-emballages.com\/pt-pt\/produit\/90-latas-triangulares-individuais-com-fundo-preto\/","og_site_name":"CSJ Emballages","article_publisher":"https:\/\/www.facebook.com\/csjemballages","article_modified_time":"2026-05-06T00:16:01+00:00","og_image":[{"width":800,"height":800,"url":"https:\/\/www.csj-emballages.com\/wp-content\/uploads\/2024\/03\/Part-de-tarte.webp","type":"image\/webp"}],"twitter_card":"summary_large_image","twitter_misc":{"Tempo estimado de leitura":"1 minuto"},"schema":{"@context":"https:\/\/schema.org","@graph":[{"@type":"WebPage","@id":"https:\/\/www.csj-emballages.com\/pt-pt\/produit\/90-latas-triangulares-individuais-com-fundo-preto\/","url":"https:\/\/www.csj-emballages.com\/pt-pt\/produit\/90-latas-triangulares-individuais-com-fundo-preto\/","name":"Tarte individual triangular base preta 90 pe\u00e7as","isPartOf":{"@id":"https:\/\/www.csj-emballages.com\/pt-pt\/#website"},"primaryImageOfPage":{"@id":"https:\/\/www.csj-emballages.com\/pt-pt\/produit\/90-latas-triangulares-individuais-com-fundo-preto\/#primaryimage"},"image":{"@id":"https:\/\/www.csj-emballages.com\/pt-pt\/produit\/90-latas-triangulares-individuais-com-fundo-preto\/#primaryimage"},"thumbnailUrl":"https:\/\/www.csj-emballages.com\/wp-content\/uploads\/2024\/03\/Part-de-tarte.webp","datePublished":"2024-03-01T15:50:39+00:00","dateModified":"2026-05-06T00:16:01+00:00","description":"Forma de tarte triangular individual, ideal para fatias individuais. Elegante e pr\u00e1tica, perfeita para catering, pastelarias e particulares.","breadcrumb":{"@id":"https:\/\/www.csj-emballages.com\/pt-pt\/produit\/90-latas-triangulares-individuais-com-fundo-preto\/#breadcrumb"},"inLanguage":"pt-PT","potentialAction":[{"@type":"ReadAction","target":["https:\/\/www.csj-emballages.com\/pt-pt\/produit\/90-latas-triangulares-individuais-com-fundo-preto\/"]}]},{"@type":"ImageObject","inLanguage":"pt-PT","@id":"https:\/\/www.csj-emballages.com\/pt-pt\/produit\/90-latas-triangulares-individuais-com-fundo-preto\/#primaryimage","url":"https:\/\/www.csj-emballages.com\/wp-content\/uploads\/2024\/03\/Part-de-tarte.webp","contentUrl":"https:\/\/www.csj-emballages.com\/wp-content\/uploads\/2024\/03\/Part-de-tarte.webp","width":800,"height":800,"caption":"Boite part de tarte"},{"@type":"BreadcrumbList","@id":"https:\/\/www.csj-emballages.com\/pt-pt\/produit\/90-latas-triangulares-individuais-com-fundo-preto\/#breadcrumb","itemListElement":[{"@type":"ListItem","position":1,"name":"Acolhimento","item":"https:\/\/www.csj-emballages.com\/pt-pt\/universo-das-embalagens-alimentares\/"},{"@type":"ListItem","position":2,"name":"Shop","item":"https:\/\/www.csj-emballages.com\/shop\/"},{"@type":"ListItem","position":3,"name":"Forma de tarte triangular individual com base preta, 90 unidades."}]},{"@type":"WebSite","@id":"https:\/\/www.csj-emballages.com\/pt-pt\/#website","url":"https:\/\/www.csj-emballages.com\/pt-pt\/","name":"CSJ Emballages","description":"","publisher":{"@id":"https:\/\/www.csj-emballages.com\/pt-pt\/#organization"},"potentialAction":[{"@type":"SearchAction","target":{"@type":"EntryPoint","urlTemplate":"https:\/\/www.csj-emballages.com\/pt-pt\/?s={search_term_string}"},"query-input":{"@type":"PropertyValueSpecification","valueRequired":true,"valueName":"search_term_string"}}],"inLanguage":"pt-PT"},{"@type":"Organization","@id":"https:\/\/www.csj-emballages.com\/pt-pt\/#Organization\/","name":"CSJ Emballages","url":"https:\/\/www.csj-emballages.com\/pt-pt\/","logo":{"@type":"ImageObject","inLanguage":"pt-PT","@id":"https:\/\/www.csj-emballages.com\/pt-pt\/#\/schema\/logo\/image\/","url":"https:\/\/www.csj-emballages.com\/wp-content\/uploads\/2023\/10\/logo_csj.webp","contentUrl":"https:\/\/www.csj-emballages.com\/wp-content\/uploads\/2023\/10\/logo_csj.webp","width":250,"height":95,"caption":"CSJ Emballages"},"image":{"@id":"https:\/\/www.csj-emballages.com\/pt-pt\/#\/schema\/logo\/image\/"},"sameAs":["https:\/\/www.facebook.com\/csjemballages"],"address":{"@type":"PostalAddress","streetAddress":"ZI La Lechere","addressLocality":"Patornay","postalCode":"39130","addressCountry":"FR"},"contactPoint":[{"@type":"ContactPoint","contactType":"Service client","telephone":"0384254272","email":"contact@csj-emballages.com"}]}]}},"df_price":15.01,"df_sale_price":"","df_regular_price":15.01,"df_image_link":"https:\/\/www.csj-emballages.com\/wp-content\/uploads\/2024\/03\/Part-de-tarte-300x300.webp","tiered_pricing_type":"fixed","tiered_pricing_fixed_rules":[],"tiered_pricing_percentage_rules":[],"tiered_pricing_minimum":1,"tiered_pricing_roles_data":[],"_links":{"self":[{"href":"https:\/\/www.csj-emballages.com\/pt-pt\/wp-json\/wp\/v2\/product\/22488","targetHints":{"allow":["GET"]}}],"collection":[{"href":"https:\/\/www.csj-emballages.com\/pt-pt\/wp-json\/wp\/v2\/product"}],"about":[{"href":"https:\/\/www.csj-emballages.com\/pt-pt\/wp-json\/wp\/v2\/types\/product"}],"wp:featuredmedia":[{"embeddable":true,"href":"https:\/\/www.csj-emballages.com\/pt-pt\/wp-json\/wp\/v2\/media\/220956"}],"wp:attachment":[{"href":"https:\/\/www.csj-emballages.com\/pt-pt\/wp-json\/wp\/v2\/media?parent=22488"}],"wp:term":[{"taxonomy":"product_brand","embeddable":true,"href":"https:\/\/www.csj-emballages.com\/pt-pt\/wp-json\/wp\/v2\/product_brand?post=22488"},{"taxonomy":"product_cat","embeddable":true,"href":"https:\/\/www.csj-emballages.com\/pt-pt\/wp-json\/wp\/v2\/product_cat?post=22488"},{"taxonomy":"product_tag","embeddable":true,"href":"https:\/\/www.csj-emballages.com\/pt-pt\/wp-json\/wp\/v2\/product_tag?post=22488"}],"curies":[{"name":"wp","href":"https:\/\/api.w.org\/{rel}","templated":true}]}}