{"id":224851,"date":"2025-02-12T11:15:15","date_gmt":"2025-02-12T10:15:15","guid":{"rendered":"https:\/\/www.csj-emballages.com\/?post_type=product&#038;p=224851"},"modified":"2026-04-19T10:00:21","modified_gmt":"2026-04-19T08:00:21","slug":"100-sacos-de-vacuo-para-cozedura-a-120c-25-x-35-cm-90-%c2%b5","status":"publish","type":"product","link":"https:\/\/www.csj-emballages.com\/pt-pt\/produit\/100-sacos-de-vacuo-para-cozedura-a-120c-25-x-35-cm-90-%c2%b5\/","title":{"rendered":"Saco de v\u00e1cuo para cozedura a 120\u00b0C 25 x 35 cm 90 \u00b5 por 100"},"content":{"rendered":"<div style=\"font-family: Roboto, sans-serif;\">\n<div style=\"font-family: Roboto, sans-serif;\">\n<div style=\"font-family: Roboto, sans-serif;\">\n<div style=\"font-family: Roboto, sans-serif;\">\n<div style=\"font-family: Roboto, sans-serif;\">\n<div style=\"font-family: Roboto, sans-serif;\">\n<div style=\"box-sizing: inherit; font-family: Roboto, sans-serif;\">\n<div style=\"box-sizing: inherit; font-family: Roboto, sans-serif;\">\n<div style=\"box-sizing: inherit; font-family: Roboto, sans-serif;\">\n<div style=\"box-sizing: inherit; font-family: Roboto, sans-serif;\">\n<div style=\"box-sizing: inherit; font-family: Roboto, sans-serif;\">\n<div style=\"box-sizing: inherit; font-family: Roboto, sans-serif;\">\n<div style=\"box-sizing: inherit; font-family: Roboto, sans-serif;\">\n<div style=\"box-sizing: inherit; font-family: Roboto, sans-serif;\">\n<h2><strong style=\"font-family: Roboto, sans-serif;\">Saco de v\u00e1cuo para cozinhar<br \/>\n<\/strong><\/h2>\n<div style=\"box-sizing: inherit; font-family: Roboto, sans-serif;\">\n<div style=\"box-sizing: inherit; font-family: Roboto, sans-serif;\">\n<div style=\"box-sizing: inherit; font-family: Roboto, sans-serif;\">\n<div style=\"text-align: center;\">\n<div style=\"box-sizing: inherit; font-family: Roboto, sans-serif;\">\n<div style=\"box-sizing: inherit; font-family: Roboto, sans-serif;\">\n<div style=\"box-sizing: inherit; font-family: Roboto, sans-serif;\">\n<div style=\"box-sizing: inherit; font-family: Roboto, sans-serif;\">\n<div style=\"box-sizing: inherit; font-family: Roboto, sans-serif;\">\n<div style=\"box-sizing: inherit; font-family: Roboto, sans-serif; text-align: left;\">\n<hr>\n<h3 style=\"text-align: left;\">Descri\u00e7\u00e3o do nosso saco de v\u00e1cuo para cozedura 120\u00b0C 25 x 35 cm 90 \u00b5 por 100<\/h3>\n<p><!--more--><\/p>\n<p data-start=\"240\" data-end=\"724\"><strong data-start=\"244\" data-end=\"303\">Os sacos de cozedura em v\u00e1cuo 120\u00b0C 25 x 35 cm 90 \u00b5 por 100<\/strong> foram concebidos para profissionais de restaura\u00e7\u00e3o e particulares apaixonados pela cozinha que pretendem combinar <strong data-start=\"451\" data-end=\"501\">seguran\u00e7a alimentar, praticidade e desempenho<\/strong>. Gra\u00e7as \u00e0 sua composi\u00e7\u00e3o robusta de poliamida\/polietileno, estes <strong>sacos<\/strong> suportam uma <strong>cozedura em v\u00e1cuo<\/strong> at\u00e9 <strong data-start=\"613\" data-end=\"622\">120\u00b0C<\/strong>, o que os torna adequados tanto para a pasteuriza\u00e7\u00e3o como para a cozedura suave em banho-maria. <\/p>\n<p data-start=\"726\" data-end=\"1258\">E com dimens\u00f5es de <strong>25 x 35 cm<\/strong>, s\u00e3o ideais para embalar por\u00e7\u00f5es m\u00e9dias ou refei\u00e7\u00f5es familiares. A sua espessura <strong data-start=\"903\" data-end=\"917\">de 90 microns <\/strong>garante uma excelente resist\u00eancia ao rasgo e \u00e0 perfura\u00e7\u00e3o, mesmo com alimentos com arestas vivas, como a carne desossada ou certos legumes duros. O fecho herm\u00e9tico protege os alimentos da oxida\u00e7\u00e3o, das bact\u00e9rias e das queimaduras do congelador, preservando o seu sabor e as suas qualidades nutricionais.  <\/p>\n<p data-start=\"1612\" data-end=\"1919\">Vendidos em <strong data-start=\"1622\" data-end=\"1654\">embalagens econ\u00f3micas de 100 unidades<\/strong>, s\u00e3o ideais para uma utiliza\u00e7\u00e3o regular e profissional. F\u00e1ceis de manusear e compat\u00edveis com a maior parte das m\u00e1quinas de embalar a v\u00e1cuo, estes sacos s\u00e3o indispens\u00e1veis para quem quer <strong data-start=\"1850\" data-end=\"1903\">proteger, conservar e melhorar as suas prepara\u00e7\u00f5es<\/strong> no dia a dia. <\/p>\n<p data-start=\"1612\" data-end=\"1919\">\n<\/div>\n<\/div>\n<\/div>\n<\/div>\n<\/div>\n<\/div>\n<\/div>\n<\/div>\n<\/div>\n<\/div>\n<p><!--more--><\/p>\n<p style=\"text-align: left;\"><strong>Vantagens :<\/strong><\/p>\n<ul style=\"text-align: left;\">\n<li>Resistente \u00e0 cozedura at\u00e9 120\u00b0C.<\/li>\n<li>90 \u00b5 de espessura para maior resist\u00eancia<\/li>\n<li>Conserva o sabor e os nutrientes dos alimentos<\/li>\n<li>Vendido em pr\u00e1ticas embalagens de 100 sacos<\/li>\n<li>Tamanho vers\u00e1til de 25 x 35 cm para por\u00e7\u00f5es individuais.<\/li>\n<\/ul>\n<\/div>\n<div style=\"box-sizing: inherit; font-family: Roboto, sans-serif;\"><\/div>\n<\/div>\n<\/div>\n<\/div>\n<\/div>\n<\/div>\n<p><!--more--><\/p>\n<h4>Outras informa\u00e7\u00f5es :<\/h4>\n<ul>\n<li><strong>Embalagem<\/strong>: Pacote de 100<\/li>\n<li><strong>Dimens\u00f5es<\/strong>: 25 x 35 cm<\/li>\n<li><strong>Sel\u00e1vel a quente<\/strong>: Sim<\/li>\n<li><strong>Retr\u00e1ctil<\/strong>: N\u00e3o<\/li>\n<li><strong>Soldadura<\/strong>: 3 lados \/ abertura a toda a largura<\/li>\n<li><strong>Temperatura m\u00e1xima<\/strong>: +120\u00b0C<\/li>\n<\/ul>\n<p>&nbsp;<\/p>\n<\/div>\n<\/div>\n<p><!--more--><\/p>\n<div style=\"box-sizing: inherit; font-family: Roboto, sans-serif;\">\n<div style=\"box-sizing: inherit; font-family: Roboto, sans-serif;\">\n<p>Encontre aqui os tamanhos dispon\u00edveis para sacos de v\u00e1cuo para cozinhar: <span style=\"color: #d12727;\"><a style=\"color: #d12727;\" href=\"https:\/\/www.csj-emballages.com\/pt-pt\/produit\/100-sacos-de-vacuo-para-cozedura-a-120c-15-x-20-cm-90-%c2%b5\/\">15 x 20 cm<\/a><\/span> \/ <span style=\"color: #d12727;\"><a style=\"color: #d12727;\" href=\"https:\/\/www.csj-emballages.com\/pt-pt\/produit\/100-sacos-de-vacuo-para-cozedura-a-120c-20-x-20-cm-90-%c2%b5\/\">20 x 20 cm<\/a><\/span> \/ <span style=\"color: #d12727;\"><a style=\"color: #d12727;\" href=\"https:\/\/www.csj-emballages.com\/pt-pt\/produit\/100-sacos-de-vacuo-para-cozedura-a-120c-20-x-30-cm-90-%c2%b5\/\">20 x 30 cm<\/a><\/span> \/ <span style=\"color: #d12727;\"><a style=\"color: #d12727;\" href=\"https:\/\/www.csj-emballages.com\/produit\/100-sacs-sous-vides-de-cuisson-120c-30-x-40-cm-90-%c2%b5\/\">30 x 40 cm<\/a><\/span><\/p>\n<p>&nbsp;<\/p>\n<p style=\"text-align: left;\"><!--more--><\/p>\n<p><a href=\"https:\/\/www.csj-emballages.com\/pt-pt\/categorie-produit\/embalagem-de-alimentos\/talho-e-charcutaria\/sacos-e-bolsas\/sacos-de-vacuo\/sacos-de-vacuo-para-cozinhar\/\">Ver o resto da nossa gama de sacos de cozinha em v\u00e1cuo<\/a><\/p>\n<\/div>\n<\/div>\n<\/div>\n<\/div>\n<\/div>\n<\/div>\n<\/div>\n<\/div>\n","protected":false},"excerpt":{"rendered":"<p>Saco de v\u00e1cuo para cozinhar Descri\u00e7\u00e3o do nosso saco de v\u00e1cuo para cozedura 120\u00b0C 25 x 35 cm 90 \u00b5 por 100<\/p>\n","protected":false},"featured_media":240746,"template":"","meta":{"_acf_changed":false},"product_brand":[],"product_cat":[1141,1176,3914,1240,1721],"product_tag":[],"class_list":{"0":"post-224851","1":"product","2":"type-product","3":"status-publish","4":"has-post-thumbnail","6":"product_cat-embalagem-de-alimentos","7":"product_cat-talho-e-charcutaria","8":"product_cat-sacos-e-bolsas","9":"product_cat-sacos-de-vacuo","10":"product_cat-sacos-de-vacuo-para-cozinhar","12":"first","13":"instock","14":"taxable","15":"shipping-taxable","16":"purchasable","17":"product-type-simple"},"acf":[],"yoast_head":"<!-- This site is optimized with the Yoast SEO Premium plugin v26.6 (Yoast SEO v26.6) - https:\/\/yoast.com\/wordpress\/plugins\/seo\/ -->\n<title>Saco de v\u00e1cuo 120\u00b0C 25 x 35 cm 90 \u00b5 por 100<\/title>\n<meta name=\"description\" content=\"Saco de v\u00e1cuo 25 x 35 cm, cozedura a 120\u00b0C, 90 \u00b5. Ideal para conservar, congelar e cozinhar em v\u00e1cuo. Embalagem econ\u00f3mica de 100 unidades.\" \/>\n<meta name=\"robots\" content=\"index, follow, max-snippet:-1, max-image-preview:large, max-video-preview:-1\" \/>\n<link rel=\"canonical\" href=\"https:\/\/www.csj-emballages.com\/pt-pt\/produit\/100-sacos-de-vacuo-para-cozedura-a-120c-25-x-35-cm-90-%c2%b5\/\" \/>\n<meta property=\"og:locale\" content=\"pt_PT\" \/>\n<meta property=\"og:type\" content=\"article\" \/>\n<meta property=\"og:title\" content=\"Saco de v\u00e1cuo para cozedura a 120\u00b0C 25 x 35 cm 90 \u00b5 por 100\" \/>\n<meta property=\"og:description\" content=\"Saco de v\u00e1cuo 25 x 35 cm, cozedura a 120\u00b0C, 90 \u00b5. Ideal para conservar, congelar e cozinhar em v\u00e1cuo. Embalagem econ\u00f3mica de 100 unidades.\" \/>\n<meta property=\"og:url\" content=\"https:\/\/www.csj-emballages.com\/pt-pt\/produit\/100-sacos-de-vacuo-para-cozedura-a-120c-25-x-35-cm-90-%c2%b5\/\" \/>\n<meta property=\"og:site_name\" content=\"CSJ Emballages\" \/>\n<meta property=\"article:publisher\" content=\"https:\/\/www.facebook.com\/csjemballages\" \/>\n<meta property=\"article:modified_time\" content=\"2026-04-19T08:00:21+00:00\" \/>\n<meta property=\"og:image\" content=\"https:\/\/www.csj-emballages.com\/wp-content\/uploads\/2024\/03\/Sacs-sous-vide-de-cuisson.jpeg\" \/>\n\t<meta property=\"og:image:width\" content=\"800\" \/>\n\t<meta property=\"og:image:height\" content=\"800\" \/>\n\t<meta property=\"og:image:type\" content=\"image\/jpeg\" \/>\n<meta name=\"twitter:card\" content=\"summary_large_image\" \/>\n<meta name=\"twitter:label1\" content=\"Tempo estimado de leitura\" \/>\n\t<meta name=\"twitter:data1\" content=\"2 minutos\" \/>\n<script type=\"application\/ld+json\" class=\"yoast-schema-graph\">{\"@context\":\"https:\/\/schema.org\",\"@graph\":[{\"@type\":\"WebPage\",\"@id\":\"https:\/\/www.csj-emballages.com\/pt-pt\/produit\/100-sacos-de-vacuo-para-cozedura-a-120c-25-x-35-cm-90-%c2%b5\/\",\"url\":\"https:\/\/www.csj-emballages.com\/pt-pt\/produit\/100-sacos-de-vacuo-para-cozedura-a-120c-25-x-35-cm-90-%c2%b5\/\",\"name\":\"Saco de v\u00e1cuo 120\u00b0C 25 x 35 cm 90 \u00b5 por 100\",\"isPartOf\":{\"@id\":\"https:\/\/www.csj-emballages.com\/pt-pt\/#website\"},\"primaryImageOfPage\":{\"@id\":\"https:\/\/www.csj-emballages.com\/pt-pt\/produit\/100-sacos-de-vacuo-para-cozedura-a-120c-25-x-35-cm-90-%c2%b5\/#primaryimage\"},\"image\":{\"@id\":\"https:\/\/www.csj-emballages.com\/pt-pt\/produit\/100-sacos-de-vacuo-para-cozedura-a-120c-25-x-35-cm-90-%c2%b5\/#primaryimage\"},\"thumbnailUrl\":\"https:\/\/www.csj-emballages.com\/wp-content\/uploads\/2024\/03\/Sacs-sous-vide-de-cuisson.jpeg\",\"datePublished\":\"2025-02-12T10:15:15+00:00\",\"dateModified\":\"2026-04-19T08:00:21+00:00\",\"description\":\"Saco de v\u00e1cuo 25 x 35 cm, cozedura a 120\u00b0C, 90 \u00b5. Ideal para conservar, congelar e cozinhar em v\u00e1cuo. Embalagem econ\u00f3mica de 100 unidades.\",\"breadcrumb\":{\"@id\":\"https:\/\/www.csj-emballages.com\/pt-pt\/produit\/100-sacos-de-vacuo-para-cozedura-a-120c-25-x-35-cm-90-%c2%b5\/#breadcrumb\"},\"inLanguage\":\"pt-PT\",\"potentialAction\":[{\"@type\":\"ReadAction\",\"target\":[\"https:\/\/www.csj-emballages.com\/pt-pt\/produit\/100-sacos-de-vacuo-para-cozedura-a-120c-25-x-35-cm-90-%c2%b5\/\"]}]},{\"@type\":\"ImageObject\",\"inLanguage\":\"pt-PT\",\"@id\":\"https:\/\/www.csj-emballages.com\/pt-pt\/produit\/100-sacos-de-vacuo-para-cozedura-a-120c-25-x-35-cm-90-%c2%b5\/#primaryimage\",\"url\":\"https:\/\/www.csj-emballages.com\/wp-content\/uploads\/2024\/03\/Sacs-sous-vide-de-cuisson.jpeg\",\"contentUrl\":\"https:\/\/www.csj-emballages.com\/wp-content\/uploads\/2024\/03\/Sacs-sous-vide-de-cuisson.jpeg\",\"width\":800,\"height\":800,\"caption\":\"Sac sous vide de cuisson\"},{\"@type\":\"BreadcrumbList\",\"@id\":\"https:\/\/www.csj-emballages.com\/pt-pt\/produit\/100-sacos-de-vacuo-para-cozedura-a-120c-25-x-35-cm-90-%c2%b5\/#breadcrumb\",\"itemListElement\":[{\"@type\":\"ListItem\",\"position\":1,\"name\":\"Acolhimento\",\"item\":\"https:\/\/www.csj-emballages.com\/pt-pt\/universo-das-embalagens-alimentares\/\"},{\"@type\":\"ListItem\",\"position\":2,\"name\":\"Shop\",\"item\":\"https:\/\/www.csj-emballages.com\/shop\/\"},{\"@type\":\"ListItem\",\"position\":3,\"name\":\"Saco de v\u00e1cuo para cozedura a 120\u00b0C 25 x 35 cm 90 \u00b5 por 100\"}]},{\"@type\":\"WebSite\",\"@id\":\"https:\/\/www.csj-emballages.com\/pt-pt\/#website\",\"url\":\"https:\/\/www.csj-emballages.com\/pt-pt\/\",\"name\":\"CSJ Emballages\",\"description\":\"\",\"publisher\":{\"@id\":\"https:\/\/www.csj-emballages.com\/pt-pt\/#organization\"},\"potentialAction\":[{\"@type\":\"SearchAction\",\"target\":{\"@type\":\"EntryPoint\",\"urlTemplate\":\"https:\/\/www.csj-emballages.com\/pt-pt\/?s={search_term_string}\"},\"query-input\":{\"@type\":\"PropertyValueSpecification\",\"valueRequired\":true,\"valueName\":\"search_term_string\"}}],\"inLanguage\":\"pt-PT\"},{\"@type\":\"Organization\",\"@id\":\"https:\/\/www.csj-emballages.com\/pt-pt\/#Organization\/\",\"name\":\"CSJ Emballages\",\"url\":\"https:\/\/www.csj-emballages.com\/pt-pt\/\",\"logo\":{\"@type\":\"ImageObject\",\"inLanguage\":\"pt-PT\",\"@id\":\"https:\/\/www.csj-emballages.com\/pt-pt\/#\/schema\/logo\/image\/\",\"url\":\"https:\/\/www.csj-emballages.com\/wp-content\/uploads\/2023\/10\/logo_csj.webp\",\"contentUrl\":\"https:\/\/www.csj-emballages.com\/wp-content\/uploads\/2023\/10\/logo_csj.webp\",\"width\":250,\"height\":95,\"caption\":\"CSJ Emballages\"},\"image\":{\"@id\":\"https:\/\/www.csj-emballages.com\/pt-pt\/#\/schema\/logo\/image\/\"},\"sameAs\":[\"https:\/\/www.facebook.com\/csjemballages\"],\"address\":{\"@type\":\"PostalAddress\",\"streetAddress\":\"ZI La Lechere\",\"addressLocality\":\"Patornay\",\"postalCode\":\"39130\",\"addressCountry\":\"FR\"},\"contactPoint\":[{\"@type\":\"ContactPoint\",\"contactType\":\"Service client\",\"telephone\":\"0384254272\",\"email\":\"contact@csj-emballages.com\"}]}]}<\/script>\n<!-- \/ Yoast SEO Premium plugin. -->","yoast_head_json":{"title":"Saco de v\u00e1cuo 120\u00b0C 25 x 35 cm 90 \u00b5 por 100","description":"Saco de v\u00e1cuo 25 x 35 cm, cozedura a 120\u00b0C, 90 \u00b5. Ideal para conservar, congelar e cozinhar em v\u00e1cuo. Embalagem econ\u00f3mica de 100 unidades.","robots":{"index":"index","follow":"follow","max-snippet":"max-snippet:-1","max-image-preview":"max-image-preview:large","max-video-preview":"max-video-preview:-1"},"canonical":"https:\/\/www.csj-emballages.com\/pt-pt\/produit\/100-sacos-de-vacuo-para-cozedura-a-120c-25-x-35-cm-90-%c2%b5\/","og_locale":"pt_PT","og_type":"article","og_title":"Saco de v\u00e1cuo para cozedura a 120\u00b0C 25 x 35 cm 90 \u00b5 por 100","og_description":"Saco de v\u00e1cuo 25 x 35 cm, cozedura a 120\u00b0C, 90 \u00b5. Ideal para conservar, congelar e cozinhar em v\u00e1cuo. Embalagem econ\u00f3mica de 100 unidades.","og_url":"https:\/\/www.csj-emballages.com\/pt-pt\/produit\/100-sacos-de-vacuo-para-cozedura-a-120c-25-x-35-cm-90-%c2%b5\/","og_site_name":"CSJ Emballages","article_publisher":"https:\/\/www.facebook.com\/csjemballages","article_modified_time":"2026-04-19T08:00:21+00:00","og_image":[{"width":800,"height":800,"url":"https:\/\/www.csj-emballages.com\/wp-content\/uploads\/2024\/03\/Sacs-sous-vide-de-cuisson.jpeg","type":"image\/jpeg"}],"twitter_card":"summary_large_image","twitter_misc":{"Tempo estimado de leitura":"2 minutos"},"schema":{"@context":"https:\/\/schema.org","@graph":[{"@type":"WebPage","@id":"https:\/\/www.csj-emballages.com\/pt-pt\/produit\/100-sacos-de-vacuo-para-cozedura-a-120c-25-x-35-cm-90-%c2%b5\/","url":"https:\/\/www.csj-emballages.com\/pt-pt\/produit\/100-sacos-de-vacuo-para-cozedura-a-120c-25-x-35-cm-90-%c2%b5\/","name":"Saco de v\u00e1cuo 120\u00b0C 25 x 35 cm 90 \u00b5 por 100","isPartOf":{"@id":"https:\/\/www.csj-emballages.com\/pt-pt\/#website"},"primaryImageOfPage":{"@id":"https:\/\/www.csj-emballages.com\/pt-pt\/produit\/100-sacos-de-vacuo-para-cozedura-a-120c-25-x-35-cm-90-%c2%b5\/#primaryimage"},"image":{"@id":"https:\/\/www.csj-emballages.com\/pt-pt\/produit\/100-sacos-de-vacuo-para-cozedura-a-120c-25-x-35-cm-90-%c2%b5\/#primaryimage"},"thumbnailUrl":"https:\/\/www.csj-emballages.com\/wp-content\/uploads\/2024\/03\/Sacs-sous-vide-de-cuisson.jpeg","datePublished":"2025-02-12T10:15:15+00:00","dateModified":"2026-04-19T08:00:21+00:00","description":"Saco de v\u00e1cuo 25 x 35 cm, cozedura a 120\u00b0C, 90 \u00b5. Ideal para conservar, congelar e cozinhar em v\u00e1cuo. Embalagem econ\u00f3mica de 100 unidades.","breadcrumb":{"@id":"https:\/\/www.csj-emballages.com\/pt-pt\/produit\/100-sacos-de-vacuo-para-cozedura-a-120c-25-x-35-cm-90-%c2%b5\/#breadcrumb"},"inLanguage":"pt-PT","potentialAction":[{"@type":"ReadAction","target":["https:\/\/www.csj-emballages.com\/pt-pt\/produit\/100-sacos-de-vacuo-para-cozedura-a-120c-25-x-35-cm-90-%c2%b5\/"]}]},{"@type":"ImageObject","inLanguage":"pt-PT","@id":"https:\/\/www.csj-emballages.com\/pt-pt\/produit\/100-sacos-de-vacuo-para-cozedura-a-120c-25-x-35-cm-90-%c2%b5\/#primaryimage","url":"https:\/\/www.csj-emballages.com\/wp-content\/uploads\/2024\/03\/Sacs-sous-vide-de-cuisson.jpeg","contentUrl":"https:\/\/www.csj-emballages.com\/wp-content\/uploads\/2024\/03\/Sacs-sous-vide-de-cuisson.jpeg","width":800,"height":800,"caption":"Sac sous vide de cuisson"},{"@type":"BreadcrumbList","@id":"https:\/\/www.csj-emballages.com\/pt-pt\/produit\/100-sacos-de-vacuo-para-cozedura-a-120c-25-x-35-cm-90-%c2%b5\/#breadcrumb","itemListElement":[{"@type":"ListItem","position":1,"name":"Acolhimento","item":"https:\/\/www.csj-emballages.com\/pt-pt\/universo-das-embalagens-alimentares\/"},{"@type":"ListItem","position":2,"name":"Shop","item":"https:\/\/www.csj-emballages.com\/shop\/"},{"@type":"ListItem","position":3,"name":"Saco de v\u00e1cuo para cozedura a 120\u00b0C 25 x 35 cm 90 \u00b5 por 100"}]},{"@type":"WebSite","@id":"https:\/\/www.csj-emballages.com\/pt-pt\/#website","url":"https:\/\/www.csj-emballages.com\/pt-pt\/","name":"CSJ Emballages","description":"","publisher":{"@id":"https:\/\/www.csj-emballages.com\/pt-pt\/#organization"},"potentialAction":[{"@type":"SearchAction","target":{"@type":"EntryPoint","urlTemplate":"https:\/\/www.csj-emballages.com\/pt-pt\/?s={search_term_string}"},"query-input":{"@type":"PropertyValueSpecification","valueRequired":true,"valueName":"search_term_string"}}],"inLanguage":"pt-PT"},{"@type":"Organization","@id":"https:\/\/www.csj-emballages.com\/pt-pt\/#Organization\/","name":"CSJ Emballages","url":"https:\/\/www.csj-emballages.com\/pt-pt\/","logo":{"@type":"ImageObject","inLanguage":"pt-PT","@id":"https:\/\/www.csj-emballages.com\/pt-pt\/#\/schema\/logo\/image\/","url":"https:\/\/www.csj-emballages.com\/wp-content\/uploads\/2023\/10\/logo_csj.webp","contentUrl":"https:\/\/www.csj-emballages.com\/wp-content\/uploads\/2023\/10\/logo_csj.webp","width":250,"height":95,"caption":"CSJ Emballages"},"image":{"@id":"https:\/\/www.csj-emballages.com\/pt-pt\/#\/schema\/logo\/image\/"},"sameAs":["https:\/\/www.facebook.com\/csjemballages"],"address":{"@type":"PostalAddress","streetAddress":"ZI La Lechere","addressLocality":"Patornay","postalCode":"39130","addressCountry":"FR"},"contactPoint":[{"@type":"ContactPoint","contactType":"Service client","telephone":"0384254272","email":"contact@csj-emballages.com"}]}]}},"df_price":16.74,"df_sale_price":"","df_regular_price":16.74,"df_image_link":"https:\/\/www.csj-emballages.com\/wp-content\/uploads\/2024\/03\/Sacs-sous-vide-de-cuisson-300x300.jpeg","tiered_pricing_type":"fixed","tiered_pricing_fixed_rules":[],"tiered_pricing_percentage_rules":[],"tiered_pricing_minimum":1,"tiered_pricing_roles_data":[],"_links":{"self":[{"href":"https:\/\/www.csj-emballages.com\/pt-pt\/wp-json\/wp\/v2\/product\/224851","targetHints":{"allow":["GET"]}}],"collection":[{"href":"https:\/\/www.csj-emballages.com\/pt-pt\/wp-json\/wp\/v2\/product"}],"about":[{"href":"https:\/\/www.csj-emballages.com\/pt-pt\/wp-json\/wp\/v2\/types\/product"}],"wp:featuredmedia":[{"embeddable":true,"href":"https:\/\/www.csj-emballages.com\/pt-pt\/wp-json\/wp\/v2\/media\/240746"}],"wp:attachment":[{"href":"https:\/\/www.csj-emballages.com\/pt-pt\/wp-json\/wp\/v2\/media?parent=224851"}],"wp:term":[{"taxonomy":"product_brand","embeddable":true,"href":"https:\/\/www.csj-emballages.com\/pt-pt\/wp-json\/wp\/v2\/product_brand?post=224851"},{"taxonomy":"product_cat","embeddable":true,"href":"https:\/\/www.csj-emballages.com\/pt-pt\/wp-json\/wp\/v2\/product_cat?post=224851"},{"taxonomy":"product_tag","embeddable":true,"href":"https:\/\/www.csj-emballages.com\/pt-pt\/wp-json\/wp\/v2\/product_tag?post=224851"}],"curies":[{"name":"wp","href":"https:\/\/api.w.org\/{rel}","templated":true}]}}