{"id":224843,"date":"2025-02-12T10:42:58","date_gmt":"2025-02-12T09:42:58","guid":{"rendered":"https:\/\/www.csj-emballages.com\/?post_type=product&#038;p=224843"},"modified":"2026-01-30T02:12:07","modified_gmt":"2026-01-30T01:12:07","slug":"taca-de-plastico-para-sobremesas-ps-155-ml-a-25","status":"publish","type":"product","link":"https:\/\/www.csj-emballages.com\/pt-pt\/produit\/taca-de-plastico-para-sobremesas-ps-155-ml-a-25\/","title":{"rendered":"Ta\u00e7a de pl\u00e1stico para sobremesas PS 155 ml \u00e0 25"},"content":{"rendered":"<h2>Copo de sobremesa<\/h2>\n<hr>\n<h3>Descri\u00e7\u00e3o do nosso copo de pl\u00e1stico para sobremesas PS 155 ml, embalagem de 25<\/h3>\n<p><!--more--><\/p>\n<p data-start=\"214\" data-end=\"599\">Quer mostrar as suas sobremesas com eleg\u00e2ncia e simplicidade? <strong data-start=\"286\" data-end=\"325\">Ent\u00e3o,<\/strong> o <strong data-start=\"286\" data-end=\"325\">copo de pl\u00e1stico para sobremesas PS 155 ml<\/strong> \u00e9 para si! Pr\u00e1tico e transparente, exibe as suas cria\u00e7\u00f5es gourmet sem exagerar. Quer se trate de uma <strong data-start=\"453\" data-end=\"475\">mousse de chocolate<\/strong>, de <strong data-start=\"481\" data-end=\"497\">um creme leve<\/strong>, de <strong data-start=\"502\" data-end=\"521\">um tiramisu caseiro<\/strong> ou de uma <strong data-start=\"529\" data-end=\"557\">salada de fruta colorida<\/strong>, tudo parece ainda mais apetitoso.   <\/p>\n<p data-start=\"601\" data-end=\"1014\">Fabricada em <strong data-start=\"611\" data-end=\"641\">pl\u00e1stico poliestireno (PS)<\/strong>, esta ta\u00e7a combina <strong data-start=\"661\" data-end=\"673\">resist\u00eancia<\/strong> e <strong data-start=\"677\" data-end=\"689\">leveza<\/strong>. A sua <strong data-start=\"694\" data-end=\"718\">transpar\u00eancia cristalina<\/strong> deixa transparecer perfeitamente as camadas e as cores dos seus pratos, o que causa sempre uma \u00f3ptima impress\u00e3o ao servir ou num buffet. Al\u00e9m disso, o seu <strong data-start=\"883\" data-end=\"910\">design s\u00f3brio e moderno<\/strong> \u00e9 perfeito para qualquer ocasi\u00e3o: anivers\u00e1rios, recep\u00e7\u00f5es, casamentos ou mesmo para levar para casa.  <\/p>\n<p data-start=\"1016\" data-end=\"1364\">Vendido <strong data-start=\"1022\" data-end=\"1039\">em embalagens de 25 unidades<\/strong>, este formato \u00e9 perfeito para <strong data-start=\"1072\" data-end=\"1109\">profissionais da restaura\u00e7\u00e3o<\/strong>, <strong data-start=\"1115\" data-end=\"1128\">catering<\/strong> e <strong data-start=\"1143\" data-end=\"1157\">chefes de pastelaria<\/strong> que procuram uma embalagem simultaneamente <strong data-start=\"1197\" data-end=\"1211\">econ\u00f3mica<\/strong> e <strong data-start=\"1215\" data-end=\"1226\">elegante<\/strong>. Gra\u00e7as \u00e0 sua capacidade <strong data-start=\"1253\" data-end=\"1263\">de 155 ml<\/strong>, pode gerir facilmente as por\u00e7\u00f5es, evitar desperd\u00edcios e manter uma bela apresenta\u00e7\u00e3o. <\/p>\n<p data-start=\"1366\" data-end=\"1544\">O que tamb\u00e9m nos agrada \u00e9 a facilidade de <strong data-start=\"1396\" data-end=\"1422\">utiliza\u00e7\u00e3o<\/strong> e o <strong data-start=\"1435\" data-end=\"1452\">tempo que poupa<\/strong>: n\u00e3o \u00e9 necess\u00e1rio lavar a loi\u00e7a, basta servir, desfrutar e depois deitar fora ou reciclar.<\/p>\n<p data-start=\"1546\" data-end=\"1762\">Em suma, o <strong data-start=\"1560\" data-end=\"1599\">copo de pl\u00e1stico para sobremesas PS 155 ml<\/strong> preenche todos os requisitos: <strong data-start=\"1625\" data-end=\"1673\">bonito, pr\u00e1tico, leve, resistente e econ\u00f3mico<\/strong>. Vai fazer com que as suas sobremesas se destaquem e dar um toque profissional a todas as suas apresenta\u00e7\u00f5es doces. <\/p>\n<p data-start=\"1546\" data-end=\"1762\">\n<p data-start=\"1546\" data-end=\"1762\"><!--more--><\/p>\n<h4 data-start=\"1546\" data-end=\"1762\">Vantagens :<\/h4>\n<ul>\n<li data-start=\"1975\" data-end=\"2034\"><strong data-start=\"1975\" data-end=\"2003\">Transparente e elegante<\/strong>: para mostrar as suas sobremesas.<\/li>\n<li data-start=\"2037\" data-end=\"2087\"><strong data-start=\"2037\" data-end=\"2063\">Leve mas resistente<\/strong>: f\u00e1cil de manusear.<\/li>\n<li data-start=\"2090\" data-end=\"2162\"><strong data-start=\"2090\" data-end=\"2119\">Formato pr\u00e1tico de 155 ml<\/strong>: ideal para doses individuais.<\/li>\n<li data-start=\"2165\" data-end=\"2215\"><strong data-start=\"2165\" data-end=\"2185\">Embalagem de 25 ch\u00e1venas<\/strong>: econ\u00f3mico para profissionais.<\/li>\n<li data-start=\"2218\" data-end=\"2301\"><strong data-start=\"2218\" data-end=\"2252\">Adequado para todos os eventos<\/strong>: buffets, recep\u00e7\u00f5es, catering, pastelarias.<\/li>\n<\/ul>\n<p>&nbsp;<\/p>\n<p><!--more--><\/p>\n<h4>Outras informa\u00e7\u00f5es :<\/h4>\n<ul>\n<li><strong>Dimens\u00f5es<\/strong>: 90 x 45 (\u00d8 x H em mm).<\/li>\n<li><strong>Embalagem<\/strong>: Embalagens de 25 unidades<\/li>\n<li><strong>Volume<\/strong>: 155 ml<\/li>\n<li><strong>Material<\/strong>: PS<\/li>\n<\/ul>\n<p>&nbsp;<\/p>\n<p><!--more--><\/p>\n<p>Encontre aqui as tampas vendidas separadamente, compat\u00edveis com esta ta\u00e7a de sobremesa: <span style=\"color: #d12727;\"><a style=\"color: #d12727;\" href=\"https:\/\/www.csj-emballages.com\/produit\/50-couvercles-domes-jetables-pour-coupe-dessert-cp125\/\">DOMECP<\/a> <span style=\"color: #000000;\">\/<\/span> <a style=\"color: #d12727;\" href=\"https:\/\/www.csj-emballages.com\/es\/produit\/tapa-de-plastico-cuenco-de-postre-cp125-50-uds\/\">COUVCP<\/a><\/span><\/p>\n<p>&nbsp;<\/p>\n<p><!--more--><\/p>\n<p><a href=\"https:\/\/www.csj-emballages.com\/pt-pt\/categorie-produit\/embalagem-de-alimentos\/talho-e-charcutaria\/copos-jarras-copos\/copos-de-sobremesa\/\">Descobre o resto da nossa gama de ta\u00e7as de sobremesa<\/a><\/p>\n","protected":false},"excerpt":{"rendered":"<p>Copo de sobremesa Descri\u00e7\u00e3o do nosso copo de pl\u00e1stico para sobremesas PS 155 ml, embalagem de 25<\/p>\n","protected":false},"featured_media":251434,"template":"","meta":{"_acf_changed":false},"product_brand":[],"product_cat":[1141,1176,1306,1459],"product_tag":[],"class_list":{"0":"post-224843","1":"product","2":"type-product","3":"status-publish","4":"has-post-thumbnail","6":"product_cat-embalagem-de-alimentos","7":"product_cat-talho-e-charcutaria","8":"product_cat-copos-jarras-copos","9":"product_cat-copos-de-sobremesa","11":"first","12":"outofstock","13":"taxable","14":"shipping-taxable","15":"purchasable","16":"product-type-simple"},"acf":[],"yoast_head":"<!-- This site is optimized with the Yoast SEO Premium plugin v26.6 (Yoast SEO v26.6) - https:\/\/yoast.com\/wordpress\/plugins\/seo\/ -->\n<title>Copo de pl\u00e1stico para sobremesas PS 155 ml \u00e0 25<\/title>\n<meta name=\"description\" content=\"Copo de sobremesa de 155 ml com tampa de pl\u00e1stico, ideal para apresentares e transportares as tuas sobremesas com toda a seguran\u00e7a. Pr\u00e1tico, elegante e herm\u00e9tico.\" \/>\n<meta name=\"robots\" content=\"index, follow, max-snippet:-1, max-image-preview:large, max-video-preview:-1\" \/>\n<link rel=\"canonical\" href=\"https:\/\/www.csj-emballages.com\/pt-pt\/produit\/taca-de-plastico-para-sobremesas-ps-155-ml-a-25\/\" \/>\n<meta property=\"og:locale\" content=\"pt_PT\" \/>\n<meta property=\"og:type\" content=\"article\" \/>\n<meta property=\"og:title\" content=\"Ta\u00e7a de pl\u00e1stico para sobremesas PS 155 ml \u00e0 25\" \/>\n<meta property=\"og:description\" content=\"Copo de sobremesa de 155 ml com tampa de pl\u00e1stico, ideal para apresentares e transportares as tuas sobremesas com toda a seguran\u00e7a. Pr\u00e1tico, elegante e herm\u00e9tico.\" \/>\n<meta property=\"og:url\" content=\"https:\/\/www.csj-emballages.com\/pt-pt\/produit\/taca-de-plastico-para-sobremesas-ps-155-ml-a-25\/\" \/>\n<meta property=\"og:site_name\" content=\"CSJ Emballages\" \/>\n<meta property=\"article:publisher\" content=\"https:\/\/www.facebook.com\/csjemballages\" \/>\n<meta property=\"article:modified_time\" content=\"2026-01-30T01:12:07+00:00\" \/>\n<meta property=\"og:image\" content=\"https:\/\/www.csj-emballages.com\/wp-content\/uploads\/2025\/02\/CP125PS.webp\" \/>\n\t<meta property=\"og:image:width\" content=\"800\" \/>\n\t<meta property=\"og:image:height\" content=\"800\" \/>\n\t<meta property=\"og:image:type\" content=\"image\/webp\" \/>\n<meta name=\"twitter:card\" content=\"summary_large_image\" \/>\n<meta name=\"twitter:label1\" content=\"Tempo estimado de leitura\" \/>\n\t<meta name=\"twitter:data1\" content=\"2 minutos\" \/>\n<script type=\"application\/ld+json\" class=\"yoast-schema-graph\">{\"@context\":\"https:\/\/schema.org\",\"@graph\":[{\"@type\":\"WebPage\",\"@id\":\"https:\/\/www.csj-emballages.com\/pt-pt\/produit\/taca-de-plastico-para-sobremesas-ps-155-ml-a-25\/\",\"url\":\"https:\/\/www.csj-emballages.com\/pt-pt\/produit\/taca-de-plastico-para-sobremesas-ps-155-ml-a-25\/\",\"name\":\"Copo de pl\u00e1stico para sobremesas PS 155 ml \u00e0 25\",\"isPartOf\":{\"@id\":\"https:\/\/www.csj-emballages.com\/pt-pt\/#website\"},\"primaryImageOfPage\":{\"@id\":\"https:\/\/www.csj-emballages.com\/pt-pt\/produit\/taca-de-plastico-para-sobremesas-ps-155-ml-a-25\/#primaryimage\"},\"image\":{\"@id\":\"https:\/\/www.csj-emballages.com\/pt-pt\/produit\/taca-de-plastico-para-sobremesas-ps-155-ml-a-25\/#primaryimage\"},\"thumbnailUrl\":\"https:\/\/www.csj-emballages.com\/wp-content\/uploads\/2025\/02\/CP125PS.webp\",\"datePublished\":\"2025-02-12T09:42:58+00:00\",\"dateModified\":\"2026-01-30T01:12:07+00:00\",\"description\":\"Copo de sobremesa de 155 ml com tampa de pl\u00e1stico, ideal para apresentares e transportares as tuas sobremesas com toda a seguran\u00e7a. Pr\u00e1tico, elegante e herm\u00e9tico.\",\"breadcrumb\":{\"@id\":\"https:\/\/www.csj-emballages.com\/pt-pt\/produit\/taca-de-plastico-para-sobremesas-ps-155-ml-a-25\/#breadcrumb\"},\"inLanguage\":\"pt-PT\",\"potentialAction\":[{\"@type\":\"ReadAction\",\"target\":[\"https:\/\/www.csj-emballages.com\/pt-pt\/produit\/taca-de-plastico-para-sobremesas-ps-155-ml-a-25\/\"]}]},{\"@type\":\"ImageObject\",\"inLanguage\":\"pt-PT\",\"@id\":\"https:\/\/www.csj-emballages.com\/pt-pt\/produit\/taca-de-plastico-para-sobremesas-ps-155-ml-a-25\/#primaryimage\",\"url\":\"https:\/\/www.csj-emballages.com\/wp-content\/uploads\/2025\/02\/CP125PS.webp\",\"contentUrl\":\"https:\/\/www.csj-emballages.com\/wp-content\/uploads\/2025\/02\/CP125PS.webp\",\"width\":800,\"height\":800,\"caption\":\"Coupe \u00e0 dessert\"},{\"@type\":\"BreadcrumbList\",\"@id\":\"https:\/\/www.csj-emballages.com\/pt-pt\/produit\/taca-de-plastico-para-sobremesas-ps-155-ml-a-25\/#breadcrumb\",\"itemListElement\":[{\"@type\":\"ListItem\",\"position\":1,\"name\":\"Acolhimento\",\"item\":\"https:\/\/www.csj-emballages.com\/pt-pt\/universo-das-embalagens-alimentares\/\"},{\"@type\":\"ListItem\",\"position\":2,\"name\":\"Shop\",\"item\":\"https:\/\/www.csj-emballages.com\/shop\/\"},{\"@type\":\"ListItem\",\"position\":3,\"name\":\"Ta\u00e7a de pl\u00e1stico para sobremesas PS 155 ml \u00e0 25\"}]},{\"@type\":\"WebSite\",\"@id\":\"https:\/\/www.csj-emballages.com\/pt-pt\/#website\",\"url\":\"https:\/\/www.csj-emballages.com\/pt-pt\/\",\"name\":\"CSJ Emballages\",\"description\":\"\",\"publisher\":{\"@id\":\"https:\/\/www.csj-emballages.com\/pt-pt\/#organization\"},\"potentialAction\":[{\"@type\":\"SearchAction\",\"target\":{\"@type\":\"EntryPoint\",\"urlTemplate\":\"https:\/\/www.csj-emballages.com\/pt-pt\/?s={search_term_string}\"},\"query-input\":{\"@type\":\"PropertyValueSpecification\",\"valueRequired\":true,\"valueName\":\"search_term_string\"}}],\"inLanguage\":\"pt-PT\"},{\"@type\":\"Organization\",\"@id\":\"https:\/\/www.csj-emballages.com\/pt-pt\/#Organization\/\",\"name\":\"CSJ Emballages\",\"url\":\"https:\/\/www.csj-emballages.com\/pt-pt\/\",\"logo\":{\"@type\":\"ImageObject\",\"inLanguage\":\"pt-PT\",\"@id\":\"https:\/\/www.csj-emballages.com\/pt-pt\/#\/schema\/logo\/image\/\",\"url\":\"https:\/\/www.csj-emballages.com\/wp-content\/uploads\/2023\/10\/logo_csj.webp\",\"contentUrl\":\"https:\/\/www.csj-emballages.com\/wp-content\/uploads\/2023\/10\/logo_csj.webp\",\"width\":250,\"height\":95,\"caption\":\"CSJ Emballages\"},\"image\":{\"@id\":\"https:\/\/www.csj-emballages.com\/pt-pt\/#\/schema\/logo\/image\/\"},\"sameAs\":[\"https:\/\/www.facebook.com\/csjemballages\"],\"address\":{\"@type\":\"PostalAddress\",\"streetAddress\":\"ZI La Lechere\",\"addressLocality\":\"Patornay\",\"postalCode\":\"39130\",\"addressCountry\":\"FR\"},\"contactPoint\":[{\"@type\":\"ContactPoint\",\"contactType\":\"Service client\",\"telephone\":\"0384254272\",\"email\":\"contact@csj-emballages.com\"}]}]}<\/script>\n<!-- \/ Yoast SEO Premium plugin. -->","yoast_head_json":{"title":"Copo de pl\u00e1stico para sobremesas PS 155 ml \u00e0 25","description":"Copo de sobremesa de 155 ml com tampa de pl\u00e1stico, ideal para apresentares e transportares as tuas sobremesas com toda a seguran\u00e7a. Pr\u00e1tico, elegante e herm\u00e9tico.","robots":{"index":"index","follow":"follow","max-snippet":"max-snippet:-1","max-image-preview":"max-image-preview:large","max-video-preview":"max-video-preview:-1"},"canonical":"https:\/\/www.csj-emballages.com\/pt-pt\/produit\/taca-de-plastico-para-sobremesas-ps-155-ml-a-25\/","og_locale":"pt_PT","og_type":"article","og_title":"Ta\u00e7a de pl\u00e1stico para sobremesas PS 155 ml \u00e0 25","og_description":"Copo de sobremesa de 155 ml com tampa de pl\u00e1stico, ideal para apresentares e transportares as tuas sobremesas com toda a seguran\u00e7a. Pr\u00e1tico, elegante e herm\u00e9tico.","og_url":"https:\/\/www.csj-emballages.com\/pt-pt\/produit\/taca-de-plastico-para-sobremesas-ps-155-ml-a-25\/","og_site_name":"CSJ Emballages","article_publisher":"https:\/\/www.facebook.com\/csjemballages","article_modified_time":"2026-01-30T01:12:07+00:00","og_image":[{"width":800,"height":800,"url":"https:\/\/www.csj-emballages.com\/wp-content\/uploads\/2025\/02\/CP125PS.webp","type":"image\/webp"}],"twitter_card":"summary_large_image","twitter_misc":{"Tempo estimado de leitura":"2 minutos"},"schema":{"@context":"https:\/\/schema.org","@graph":[{"@type":"WebPage","@id":"https:\/\/www.csj-emballages.com\/pt-pt\/produit\/taca-de-plastico-para-sobremesas-ps-155-ml-a-25\/","url":"https:\/\/www.csj-emballages.com\/pt-pt\/produit\/taca-de-plastico-para-sobremesas-ps-155-ml-a-25\/","name":"Copo de pl\u00e1stico para sobremesas PS 155 ml \u00e0 25","isPartOf":{"@id":"https:\/\/www.csj-emballages.com\/pt-pt\/#website"},"primaryImageOfPage":{"@id":"https:\/\/www.csj-emballages.com\/pt-pt\/produit\/taca-de-plastico-para-sobremesas-ps-155-ml-a-25\/#primaryimage"},"image":{"@id":"https:\/\/www.csj-emballages.com\/pt-pt\/produit\/taca-de-plastico-para-sobremesas-ps-155-ml-a-25\/#primaryimage"},"thumbnailUrl":"https:\/\/www.csj-emballages.com\/wp-content\/uploads\/2025\/02\/CP125PS.webp","datePublished":"2025-02-12T09:42:58+00:00","dateModified":"2026-01-30T01:12:07+00:00","description":"Copo de sobremesa de 155 ml com tampa de pl\u00e1stico, ideal para apresentares e transportares as tuas sobremesas com toda a seguran\u00e7a. Pr\u00e1tico, elegante e herm\u00e9tico.","breadcrumb":{"@id":"https:\/\/www.csj-emballages.com\/pt-pt\/produit\/taca-de-plastico-para-sobremesas-ps-155-ml-a-25\/#breadcrumb"},"inLanguage":"pt-PT","potentialAction":[{"@type":"ReadAction","target":["https:\/\/www.csj-emballages.com\/pt-pt\/produit\/taca-de-plastico-para-sobremesas-ps-155-ml-a-25\/"]}]},{"@type":"ImageObject","inLanguage":"pt-PT","@id":"https:\/\/www.csj-emballages.com\/pt-pt\/produit\/taca-de-plastico-para-sobremesas-ps-155-ml-a-25\/#primaryimage","url":"https:\/\/www.csj-emballages.com\/wp-content\/uploads\/2025\/02\/CP125PS.webp","contentUrl":"https:\/\/www.csj-emballages.com\/wp-content\/uploads\/2025\/02\/CP125PS.webp","width":800,"height":800,"caption":"Coupe \u00e0 dessert"},{"@type":"BreadcrumbList","@id":"https:\/\/www.csj-emballages.com\/pt-pt\/produit\/taca-de-plastico-para-sobremesas-ps-155-ml-a-25\/#breadcrumb","itemListElement":[{"@type":"ListItem","position":1,"name":"Acolhimento","item":"https:\/\/www.csj-emballages.com\/pt-pt\/universo-das-embalagens-alimentares\/"},{"@type":"ListItem","position":2,"name":"Shop","item":"https:\/\/www.csj-emballages.com\/shop\/"},{"@type":"ListItem","position":3,"name":"Ta\u00e7a de pl\u00e1stico para sobremesas PS 155 ml \u00e0 25"}]},{"@type":"WebSite","@id":"https:\/\/www.csj-emballages.com\/pt-pt\/#website","url":"https:\/\/www.csj-emballages.com\/pt-pt\/","name":"CSJ Emballages","description":"","publisher":{"@id":"https:\/\/www.csj-emballages.com\/pt-pt\/#organization"},"potentialAction":[{"@type":"SearchAction","target":{"@type":"EntryPoint","urlTemplate":"https:\/\/www.csj-emballages.com\/pt-pt\/?s={search_term_string}"},"query-input":{"@type":"PropertyValueSpecification","valueRequired":true,"valueName":"search_term_string"}}],"inLanguage":"pt-PT"},{"@type":"Organization","@id":"https:\/\/www.csj-emballages.com\/pt-pt\/#Organization\/","name":"CSJ Emballages","url":"https:\/\/www.csj-emballages.com\/pt-pt\/","logo":{"@type":"ImageObject","inLanguage":"pt-PT","@id":"https:\/\/www.csj-emballages.com\/pt-pt\/#\/schema\/logo\/image\/","url":"https:\/\/www.csj-emballages.com\/wp-content\/uploads\/2023\/10\/logo_csj.webp","contentUrl":"https:\/\/www.csj-emballages.com\/wp-content\/uploads\/2023\/10\/logo_csj.webp","width":250,"height":95,"caption":"CSJ Emballages"},"image":{"@id":"https:\/\/www.csj-emballages.com\/pt-pt\/#\/schema\/logo\/image\/"},"sameAs":["https:\/\/www.facebook.com\/csjemballages"],"address":{"@type":"PostalAddress","streetAddress":"ZI La Lechere","addressLocality":"Patornay","postalCode":"39130","addressCountry":"FR"},"contactPoint":[{"@type":"ContactPoint","contactType":"Service client","telephone":"0384254272","email":"contact@csj-emballages.com"}]}]}},"df_price":2.88,"df_sale_price":"","df_regular_price":2.88,"df_image_link":"https:\/\/www.csj-emballages.com\/wp-content\/uploads\/2025\/02\/CP125PS-300x300.webp","tiered_pricing_type":"fixed","tiered_pricing_fixed_rules":[],"tiered_pricing_percentage_rules":[],"tiered_pricing_minimum":1,"tiered_pricing_roles_data":[],"_links":{"self":[{"href":"https:\/\/www.csj-emballages.com\/pt-pt\/wp-json\/wp\/v2\/product\/224843","targetHints":{"allow":["GET"]}}],"collection":[{"href":"https:\/\/www.csj-emballages.com\/pt-pt\/wp-json\/wp\/v2\/product"}],"about":[{"href":"https:\/\/www.csj-emballages.com\/pt-pt\/wp-json\/wp\/v2\/types\/product"}],"wp:featuredmedia":[{"embeddable":true,"href":"https:\/\/www.csj-emballages.com\/pt-pt\/wp-json\/wp\/v2\/media\/251434"}],"wp:attachment":[{"href":"https:\/\/www.csj-emballages.com\/pt-pt\/wp-json\/wp\/v2\/media?parent=224843"}],"wp:term":[{"taxonomy":"product_brand","embeddable":true,"href":"https:\/\/www.csj-emballages.com\/pt-pt\/wp-json\/wp\/v2\/product_brand?post=224843"},{"taxonomy":"product_cat","embeddable":true,"href":"https:\/\/www.csj-emballages.com\/pt-pt\/wp-json\/wp\/v2\/product_cat?post=224843"},{"taxonomy":"product_tag","embeddable":true,"href":"https:\/\/www.csj-emballages.com\/pt-pt\/wp-json\/wp\/v2\/product_tag?post=224843"}],"curies":[{"name":"wp","href":"https:\/\/api.w.org\/{rel}","templated":true}]}}