{"id":224817,"date":"2025-01-21T18:21:17","date_gmt":"2025-01-21T17:21:17","guid":{"rendered":"https:\/\/www.csj-emballages.com\/produit\/saco-de-vacuo-preto-liso-30-x-40-cm-90-%c2%b5-por-100\/"},"modified":"2026-04-16T02:17:06","modified_gmt":"2026-04-16T00:17:06","slug":"saco-de-vacuo-preto-liso-30-x-40-cm-90-%c2%b5-por-100","status":"publish","type":"product","link":"https:\/\/www.csj-emballages.com\/pt-pt\/produit\/saco-de-vacuo-preto-liso-30-x-40-cm-90-%c2%b5-por-100\/","title":{"rendered":"Saco de v\u00e1cuo preto liso 30 x 40 cm 90 \u00b5 por 100"},"content":{"rendered":"<h2>Saco de v\u00e1cuo<\/h2>\n<hr>\n<h3>Descri\u00e7\u00e3o do nosso saco de v\u00e1cuo preto liso 30 x 40 cm 90 \u00b5 por 100<\/h3>\n<p><!--more--><\/p>\n<p><strong>Os sacos embalados em v\u00e1cuo<\/strong> s\u00e3o a solu\u00e7\u00e3o ideal para conservar os seus alimentos e o seu prazo de validade. O seu design em pl\u00e1stico <strong>preto<\/strong> <strong>liso<\/strong>, com uma espessura de <strong>90 microns<\/strong>, oferece uma prote\u00e7\u00e3o \u00f3ptima contra o ar, a humidade e os contaminantes externos, garantindo que os seus produtos conservam as suas qualidades nutricionais e de sabor durante mais tempo. <\/p>\n<p>A utiliza\u00e7\u00e3o de <strong>sacos para alimentos embalados em v\u00e1cuo<\/strong> \u00e9 particularmente vantajosa em cozinhas profissionais. Gra\u00e7as \u00e0 sua robustez e textura <strong>suave<\/strong>, estes<b> sacos de v\u00e1cuo<\/b> s\u00e3o compat\u00edveis com <strong><span style=\"color: #ff0000;\">m\u00e1quinas de embalagem a v\u00e1cuo<\/span><\/strong>. Al\u00e9m disso, o seu design preto confere-lhes um toque elegante.  <\/p>\n<p>&nbsp;<\/p>\n<p><!--more--><\/p>\n<h4>Porqu\u00ea utilizar os nossos sacos de v\u00e1cuo?<\/h4>\n<p>Uma das principais vantagens do <strong>saco de v\u00e1cuo<\/strong> \u00e9 o facto de prolongar o prazo de validade dos alimentos. Ao eliminar o ar, um dos principais factores de deteriora\u00e7\u00e3o dos produtos, estes <strong>sacos de v\u00e1cuo<\/strong> abrandam o processo de oxida\u00e7\u00e3o. Quer se trate de armazenar carne, legumes, fruta, refei\u00e7\u00f5es prontas ou mesmo produtos secos, estes <strong>sacos de conserva\u00e7\u00e3o suaves<\/strong> garantem uma conserva\u00e7\u00e3o \u00f3ptima.  <\/p>\n<p>Para al\u00e9m disso, estes <strong>sacos<\/strong> s\u00e3o muito f\u00e1ceis de utilizar. Tudo o que tem de fazer \u00e9 colocar os alimentos dentro do saco, utilizar a sua m\u00e1quina para retirar o ar e, em apenas alguns segundos, tem uma embalagem segura e herm\u00e9tica. Este processo n\u00e3o s\u00f3 conserva os alimentos durante mais tempo, como tamb\u00e9m poupa espa\u00e7o no seu frigor\u00edfico ou congelador. <strong>Os alimentos embalados a v\u00e1cuo<\/strong> comprimem-se, tornando-os mais f\u00e1ceis de armazenar e organizar.   <\/p>\n<p>&nbsp;<\/p>\n<p><!--more--><\/p>\n<div style=\"box-sizing: inherit; font-family: Roboto, sans-serif;\">\n<div style=\"box-sizing: inherit; font-family: Roboto, sans-serif;\">\n<div style=\"box-sizing: inherit; font-family: Roboto, sans-serif;\">\n<div style=\"box-sizing: inherit; font-family: Roboto, sans-serif;\">\n<div style=\"box-sizing: inherit; font-family: Roboto, sans-serif;\">\n<div style=\"box-sizing: inherit; font-family: Roboto, sans-serif;\">\n<div style=\"box-sizing: inherit; font-family: Roboto, sans-serif;\">\n<div style=\"box-sizing: inherit; font-family: Roboto, sans-serif;\">\n<div style=\"box-sizing: inherit; font-family: Roboto, sans-serif;\">\n<div style=\"box-sizing: inherit; font-family: Roboto, sans-serif;\">\n<div style=\"box-sizing: inherit; font-family: Roboto, sans-serif;\">\n<div style=\"box-sizing: inherit; font-family: Roboto, sans-serif;\">\n<div style=\"box-sizing: inherit; font-family: Roboto, sans-serif;\">\n<div class=\"flex flex-grow flex-col max-w-full\">\n<div class=\"min-h-[20px] text-message flex flex-col items-start whitespace-pre-wrap break-words [.text-message+&amp;]:mt-5 juice:w-full juice:items-end overflow-x-auto gap-2\" dir=\"auto\" data-message-author-role=\"assistant\" data-message-id=\"2034782e-88f9-44ef-b4dc-07dd7bf0115f\">\n<div class=\"flex w-full flex-col gap-1 juice:empty:hidden juice:first:pt-[3px]\">\n<div class=\"markdown prose w-full break-words dark:prose-invert light\">\n<div style=\"box-sizing: inherit; font-family: Roboto, sans-serif;\">\n<div style=\"box-sizing: inherit; font-family: Roboto, sans-serif;\">\n<div style=\"box-sizing: inherit; font-family: Roboto, sans-serif;\">\n<div style=\"box-sizing: inherit; font-family: Roboto, sans-serif;\">\n<div style=\"box-sizing: inherit; font-family: Roboto, sans-serif;\">\n<div style=\"box-sizing: inherit; font-family: Roboto, sans-serif;\">\n<p><strong>Os sacos de v\u00e1cuo<\/strong> pretos oferecem tamb\u00e9m uma vantagem est\u00e9tica significativa. A sua cor escura faz com que se destaquem dos outros tipos de sacos de v\u00e1cuo existentes no mercado. Quer se trate de um profissional da restaura\u00e7\u00e3o ou de um particular, estes sacos s\u00e3o uma escolha vers\u00e1til e duradoura para a conserva\u00e7\u00e3o de alimentos.  <\/p>\n<p>Por \u00faltimo, mas n\u00e3o menos importante, estes <strong>sacos de v\u00e1cuo<\/strong> em embalagens de <strong>100<\/strong> s\u00e3o tamb\u00e9m amigos do ambiente, uma vez que ajudam a reduzir o desperd\u00edcio alimentar. Ao otimizar o prazo de validade dos seus produtos, est\u00e1 a reduzir o desperd\u00edcio. <\/p>\n<p>Em conclus\u00e3o, <strong>os sacos de v\u00e1cuo pretos lisos<\/strong> s\u00e3o uma escolha pr\u00e1tica, eficaz e est\u00e9tica.<\/p>\n<\/div>\n<\/div>\n<\/div>\n<\/div>\n<\/div>\n<\/div>\n<\/div>\n<\/div>\n<\/div>\n<\/div>\n<\/div>\n<\/div>\n<\/div>\n<\/div>\n<\/div>\n<\/div>\n<\/div>\n<\/div>\n<\/div>\n<\/div>\n<\/div>\n<\/div>\n<\/div>\n<p>&nbsp;<\/p>\n<p><!--more--><\/p>\n<p><strong><span style=\"color: #ff0000;\">*Abertura da largura<\/span><\/strong><\/p>\n<p><strong><span style=\"color: #ff0000;\">*Sacos de v\u00e1cuo sem BPA (Bisfenol A)<\/span><\/strong><\/p>\n<p>&nbsp;<\/p>\n<p><!--more--><\/p>\n<h4>As suas vantagens:<\/h4>\n<ul>\n<li><strong>Conserva\u00e7\u00e3o prolongada<\/strong>: Protege contra a oxida\u00e7\u00e3o e a contamina\u00e7\u00e3o externa.<\/li>\n<li><strong>Material ultra-resistente<\/strong>: 90 \u00b5 de espessura para maior resist\u00eancia.<\/li>\n<li><strong>Compat\u00edvel com v\u00e1rias m\u00e1quinas<\/strong>: Pode ser utilizado com m\u00e1quinas de aspira\u00e7\u00e3o externa e de campainha.<\/li>\n<li><strong>Transpar\u00eancia pr\u00e1tica<\/strong>: Permite identificar facilmente os g\u00e9neros aliment\u00edcios armazenados<\/li>\n<\/ul>\n<p>&nbsp;<\/p>\n<p><!--more--><\/p>\n<h4>Outras informa\u00e7\u00f5es :<\/h4>\n<ul>\n<li><strong>Embalagem<\/strong>: Pacote de 100<\/li>\n<li><strong>Dimens\u00f5es<\/strong>: 30 x 40 cm<\/li>\n<li><strong>Material<\/strong>: PA\/PE 20\/70<\/li>\n<li><strong>Tipo<\/strong>: Liso<\/li>\n<li><strong>Resist\u00eancia<\/strong>: 90 microns<\/li>\n<li><strong>Soldadura<\/strong>: 3 lados<\/li>\n<li><strong>Cor<\/strong>: preto<\/li>\n<\/ul>\n<p>&nbsp;<\/p>\n<p><!--more--><\/p>\n<p>Este produto est\u00e1 dispon\u00edvel em v\u00e1rios tamanhos: <span style=\"color: #d12727;\"><a style=\"color: #d12727;\" href=\"https:\/\/www.csj-emballages.com\/es\/produit\/100-bolsas-de-vacio-lisas-negras-15-x-20-cm-90-%c2%b5\/\">15 x 20 cm<\/a><\/span> \/ <span style=\"color: #d12727;\"><a style=\"color: #d12727;\" href=\"https:\/\/www.csj-emballages.com\/es\/produit\/100-bolsas-de-vacio-negras-lisas-15-x-30-cm-90-%c2%b5\/\">15 x 30 cm<\/a><\/span> \/ <span style=\"color: #d12727;\"><a style=\"color: #d12727;\" href=\"https:\/\/www.csj-emballages.com\/es\/produit\/100-bolsas-de-vacio-negras-lisas-20-x-20-cm-90-%c2%b5\/\">20 x 20 cm<\/a><\/span> \/ <span style=\"color: #d12727;\"><a style=\"color: #d12727;\" href=\"https:\/\/www.csj-emballages.com\/produit\/100-sacs-sous-vide-de-conservation-lisses-noirs-20-x-30-cm-90-%c2%b5-sachets-sous-vide\/https:\/\/www.csj-emballages.com\/produit\/100-sacs-sous-vides-de-conservation-noirs-20-x-25-cm-90-%c2%b5-sachets-sous-vide\/\">20 x 25 cm<\/a><\/span> \/ <span style=\"color: #d12727;\"><a style=\"color: #d12727;\" href=\"https:\/\/www.csj-emballages.com\/es\/produit\/100-bolsas-de-vacio-negras-lisas-20-x-30-cm-90-%c2%b5\/\">20 x 30 cm<\/a><\/span> \/ <span style=\"color: #d12727;\"><a style=\"color: #d12727;\" href=\"https:\/\/www.csj-emballages.com\/es\/produit\/100-bolsas-de-vacio-negras-lisas-25-x-35-cm-90-%c2%b5\/\">25 x 35 cm<\/a><\/span> \/ <span style=\"color: #d12727;\"><a style=\"color: #d12727;\" href=\"https:\/\/www.csj-emballages.com\/es\/produit\/bolsa-de-vacio-lisa-negra-35-x-45-cm-90-%c2%b5-por-100\/\">35 x 45 cm<\/a><\/span><\/p>\n<p>&nbsp;<\/p>\n<p><!--more--><\/p>\n<p><a href=\"https:\/\/www.csj-emballages.com\/pt-pt\/categorie-produit\/embalagem-de-alimentos\/talho-e-charcutaria\/sacos-e-bolsas\/sacos-de-vacuo\/sacos-de-vacuo-pretos-lisos\/\">Ver o resto da nossa gama de sacos de v\u00e1cuo pretos lisos<\/a><\/p>\n","protected":false},"excerpt":{"rendered":"<p>Saco de v\u00e1cuo Descri\u00e7\u00e3o do nosso saco de v\u00e1cuo preto liso 30 x 40 cm 90 \u00b5 por 100<\/p>\n","protected":false},"featured_media":222149,"template":"","meta":{"_acf_changed":false},"product_brand":[],"product_cat":[1141,1176,3914,1240,1619],"product_tag":[],"class_list":{"0":"post-224817","1":"product","2":"type-product","3":"status-publish","4":"has-post-thumbnail","6":"product_cat-embalagem-de-alimentos","7":"product_cat-talho-e-charcutaria","8":"product_cat-sacos-e-bolsas","9":"product_cat-sacos-de-vacuo","10":"product_cat-sacos-de-vacuo-pretos-lisos","12":"first","13":"instock","14":"taxable","15":"shipping-taxable","16":"purchasable","17":"product-type-simple"},"acf":[],"yoast_head":"<!-- This site is optimized with the Yoast SEO Premium plugin v26.6 (Yoast SEO v26.6) - https:\/\/yoast.com\/wordpress\/plugins\/seo\/ -->\n<title>Saco de v\u00e1cuo preto liso 30 x 40 cm - 90\u00b5 \/ CSJ Emballages<\/title>\n<meta name=\"description\" content=\"Os sacos de v\u00e1cuo pretos lisos de 30 x 40 cm (90 \u00b5) mant\u00eam os alimentos frescos durante mais tempo gra\u00e7as a uma prote\u00e7\u00e3o herm\u00e9tica fi\u00e1vel e resistente.\" \/>\n<meta name=\"robots\" content=\"index, follow, max-snippet:-1, max-image-preview:large, max-video-preview:-1\" \/>\n<link rel=\"canonical\" href=\"https:\/\/www.csj-emballages.com\/pt-pt\/produit\/saco-de-vacuo-preto-liso-30-x-40-cm-90-%c2%b5-por-100\/\" \/>\n<meta property=\"og:locale\" content=\"pt_PT\" \/>\n<meta property=\"og:type\" content=\"article\" \/>\n<meta property=\"og:title\" content=\"Saco de v\u00e1cuo preto liso 30 x 40 cm 90 \u00b5 por 100\" \/>\n<meta property=\"og:description\" content=\"Os sacos de v\u00e1cuo pretos lisos de 30 x 40 cm (90 \u00b5) mant\u00eam os alimentos frescos durante mais tempo gra\u00e7as a uma prote\u00e7\u00e3o herm\u00e9tica fi\u00e1vel e resistente.\" \/>\n<meta property=\"og:url\" content=\"https:\/\/www.csj-emballages.com\/pt-pt\/produit\/saco-de-vacuo-preto-liso-30-x-40-cm-90-%c2%b5-por-100\/\" \/>\n<meta property=\"og:site_name\" content=\"CSJ Emballages\" \/>\n<meta property=\"article:publisher\" content=\"https:\/\/www.facebook.com\/csjemballages\" \/>\n<meta property=\"article:modified_time\" content=\"2026-04-16T00:17:06+00:00\" \/>\n<meta property=\"og:image\" content=\"https:\/\/www.csj-emballages.com\/wp-content\/uploads\/2025\/01\/Sac-sous-vide-lisse-noir.webp\" \/>\n\t<meta property=\"og:image:width\" content=\"800\" \/>\n\t<meta property=\"og:image:height\" content=\"800\" \/>\n\t<meta property=\"og:image:type\" content=\"image\/webp\" \/>\n<meta name=\"twitter:card\" content=\"summary_large_image\" \/>\n<meta name=\"twitter:label1\" content=\"Tempo estimado de leitura\" \/>\n\t<meta name=\"twitter:data1\" content=\"3 minutos\" \/>\n<script type=\"application\/ld+json\" class=\"yoast-schema-graph\">{\"@context\":\"https:\/\/schema.org\",\"@graph\":[{\"@type\":\"WebPage\",\"@id\":\"https:\/\/www.csj-emballages.com\/pt-pt\/produit\/saco-de-vacuo-preto-liso-30-x-40-cm-90-%c2%b5-por-100\/\",\"url\":\"https:\/\/www.csj-emballages.com\/pt-pt\/produit\/saco-de-vacuo-preto-liso-30-x-40-cm-90-%c2%b5-por-100\/\",\"name\":\"Saco de v\u00e1cuo preto liso 30 x 40 cm - 90\u00b5 \/ CSJ Emballages\",\"isPartOf\":{\"@id\":\"https:\/\/www.csj-emballages.com\/pt-pt\/#website\"},\"primaryImageOfPage\":{\"@id\":\"https:\/\/www.csj-emballages.com\/pt-pt\/produit\/saco-de-vacuo-preto-liso-30-x-40-cm-90-%c2%b5-por-100\/#primaryimage\"},\"image\":{\"@id\":\"https:\/\/www.csj-emballages.com\/pt-pt\/produit\/saco-de-vacuo-preto-liso-30-x-40-cm-90-%c2%b5-por-100\/#primaryimage\"},\"thumbnailUrl\":\"https:\/\/www.csj-emballages.com\/wp-content\/uploads\/2025\/01\/Sac-sous-vide-lisse-noir.webp\",\"datePublished\":\"2025-01-21T17:21:17+00:00\",\"dateModified\":\"2026-04-16T00:17:06+00:00\",\"description\":\"Os sacos de v\u00e1cuo pretos lisos de 30 x 40 cm (90 \u00b5) mant\u00eam os alimentos frescos durante mais tempo gra\u00e7as a uma prote\u00e7\u00e3o herm\u00e9tica fi\u00e1vel e resistente.\",\"breadcrumb\":{\"@id\":\"https:\/\/www.csj-emballages.com\/pt-pt\/produit\/saco-de-vacuo-preto-liso-30-x-40-cm-90-%c2%b5-por-100\/#breadcrumb\"},\"inLanguage\":\"pt-PT\",\"potentialAction\":[{\"@type\":\"ReadAction\",\"target\":[\"https:\/\/www.csj-emballages.com\/pt-pt\/produit\/saco-de-vacuo-preto-liso-30-x-40-cm-90-%c2%b5-por-100\/\"]}]},{\"@type\":\"ImageObject\",\"inLanguage\":\"pt-PT\",\"@id\":\"https:\/\/www.csj-emballages.com\/pt-pt\/produit\/saco-de-vacuo-preto-liso-30-x-40-cm-90-%c2%b5-por-100\/#primaryimage\",\"url\":\"https:\/\/www.csj-emballages.com\/wp-content\/uploads\/2025\/01\/Sac-sous-vide-lisse-noir.webp\",\"contentUrl\":\"https:\/\/www.csj-emballages.com\/wp-content\/uploads\/2025\/01\/Sac-sous-vide-lisse-noir.webp\",\"width\":800,\"height\":800,\"caption\":\"Sac sous vide\"},{\"@type\":\"BreadcrumbList\",\"@id\":\"https:\/\/www.csj-emballages.com\/pt-pt\/produit\/saco-de-vacuo-preto-liso-30-x-40-cm-90-%c2%b5-por-100\/#breadcrumb\",\"itemListElement\":[{\"@type\":\"ListItem\",\"position\":1,\"name\":\"Acolhimento\",\"item\":\"https:\/\/www.csj-emballages.com\/pt-pt\/universo-das-embalagens-alimentares\/\"},{\"@type\":\"ListItem\",\"position\":2,\"name\":\"Shop\",\"item\":\"https:\/\/www.csj-emballages.com\/shop\/\"},{\"@type\":\"ListItem\",\"position\":3,\"name\":\"Saco de v\u00e1cuo preto liso 30 x 40 cm 90 \u00b5 por 100\"}]},{\"@type\":\"WebSite\",\"@id\":\"https:\/\/www.csj-emballages.com\/pt-pt\/#website\",\"url\":\"https:\/\/www.csj-emballages.com\/pt-pt\/\",\"name\":\"CSJ Emballages\",\"description\":\"\",\"publisher\":{\"@id\":\"https:\/\/www.csj-emballages.com\/pt-pt\/#organization\"},\"potentialAction\":[{\"@type\":\"SearchAction\",\"target\":{\"@type\":\"EntryPoint\",\"urlTemplate\":\"https:\/\/www.csj-emballages.com\/pt-pt\/?s={search_term_string}\"},\"query-input\":{\"@type\":\"PropertyValueSpecification\",\"valueRequired\":true,\"valueName\":\"search_term_string\"}}],\"inLanguage\":\"pt-PT\"},{\"@type\":\"Organization\",\"@id\":\"https:\/\/www.csj-emballages.com\/pt-pt\/#Organization\/\",\"name\":\"CSJ Emballages\",\"url\":\"https:\/\/www.csj-emballages.com\/pt-pt\/\",\"logo\":{\"@type\":\"ImageObject\",\"inLanguage\":\"pt-PT\",\"@id\":\"https:\/\/www.csj-emballages.com\/pt-pt\/#\/schema\/logo\/image\/\",\"url\":\"https:\/\/www.csj-emballages.com\/wp-content\/uploads\/2023\/10\/logo_csj.webp\",\"contentUrl\":\"https:\/\/www.csj-emballages.com\/wp-content\/uploads\/2023\/10\/logo_csj.webp\",\"width\":250,\"height\":95,\"caption\":\"CSJ Emballages\"},\"image\":{\"@id\":\"https:\/\/www.csj-emballages.com\/pt-pt\/#\/schema\/logo\/image\/\"},\"sameAs\":[\"https:\/\/www.facebook.com\/csjemballages\"],\"address\":{\"@type\":\"PostalAddress\",\"streetAddress\":\"ZI La Lechere\",\"addressLocality\":\"Patornay\",\"postalCode\":\"39130\",\"addressCountry\":\"FR\"},\"contactPoint\":[{\"@type\":\"ContactPoint\",\"contactType\":\"Service client\",\"telephone\":\"0384254272\",\"email\":\"contact@csj-emballages.com\"}]}]}<\/script>\n<!-- \/ Yoast SEO Premium plugin. -->","yoast_head_json":{"title":"Saco de v\u00e1cuo preto liso 30 x 40 cm - 90\u00b5 \/ CSJ Emballages","description":"Os sacos de v\u00e1cuo pretos lisos de 30 x 40 cm (90 \u00b5) mant\u00eam os alimentos frescos durante mais tempo gra\u00e7as a uma prote\u00e7\u00e3o herm\u00e9tica fi\u00e1vel e resistente.","robots":{"index":"index","follow":"follow","max-snippet":"max-snippet:-1","max-image-preview":"max-image-preview:large","max-video-preview":"max-video-preview:-1"},"canonical":"https:\/\/www.csj-emballages.com\/pt-pt\/produit\/saco-de-vacuo-preto-liso-30-x-40-cm-90-%c2%b5-por-100\/","og_locale":"pt_PT","og_type":"article","og_title":"Saco de v\u00e1cuo preto liso 30 x 40 cm 90 \u00b5 por 100","og_description":"Os sacos de v\u00e1cuo pretos lisos de 30 x 40 cm (90 \u00b5) mant\u00eam os alimentos frescos durante mais tempo gra\u00e7as a uma prote\u00e7\u00e3o herm\u00e9tica fi\u00e1vel e resistente.","og_url":"https:\/\/www.csj-emballages.com\/pt-pt\/produit\/saco-de-vacuo-preto-liso-30-x-40-cm-90-%c2%b5-por-100\/","og_site_name":"CSJ Emballages","article_publisher":"https:\/\/www.facebook.com\/csjemballages","article_modified_time":"2026-04-16T00:17:06+00:00","og_image":[{"width":800,"height":800,"url":"https:\/\/www.csj-emballages.com\/wp-content\/uploads\/2025\/01\/Sac-sous-vide-lisse-noir.webp","type":"image\/webp"}],"twitter_card":"summary_large_image","twitter_misc":{"Tempo estimado de leitura":"3 minutos"},"schema":{"@context":"https:\/\/schema.org","@graph":[{"@type":"WebPage","@id":"https:\/\/www.csj-emballages.com\/pt-pt\/produit\/saco-de-vacuo-preto-liso-30-x-40-cm-90-%c2%b5-por-100\/","url":"https:\/\/www.csj-emballages.com\/pt-pt\/produit\/saco-de-vacuo-preto-liso-30-x-40-cm-90-%c2%b5-por-100\/","name":"Saco de v\u00e1cuo preto liso 30 x 40 cm - 90\u00b5 \/ CSJ Emballages","isPartOf":{"@id":"https:\/\/www.csj-emballages.com\/pt-pt\/#website"},"primaryImageOfPage":{"@id":"https:\/\/www.csj-emballages.com\/pt-pt\/produit\/saco-de-vacuo-preto-liso-30-x-40-cm-90-%c2%b5-por-100\/#primaryimage"},"image":{"@id":"https:\/\/www.csj-emballages.com\/pt-pt\/produit\/saco-de-vacuo-preto-liso-30-x-40-cm-90-%c2%b5-por-100\/#primaryimage"},"thumbnailUrl":"https:\/\/www.csj-emballages.com\/wp-content\/uploads\/2025\/01\/Sac-sous-vide-lisse-noir.webp","datePublished":"2025-01-21T17:21:17+00:00","dateModified":"2026-04-16T00:17:06+00:00","description":"Os sacos de v\u00e1cuo pretos lisos de 30 x 40 cm (90 \u00b5) mant\u00eam os alimentos frescos durante mais tempo gra\u00e7as a uma prote\u00e7\u00e3o herm\u00e9tica fi\u00e1vel e resistente.","breadcrumb":{"@id":"https:\/\/www.csj-emballages.com\/pt-pt\/produit\/saco-de-vacuo-preto-liso-30-x-40-cm-90-%c2%b5-por-100\/#breadcrumb"},"inLanguage":"pt-PT","potentialAction":[{"@type":"ReadAction","target":["https:\/\/www.csj-emballages.com\/pt-pt\/produit\/saco-de-vacuo-preto-liso-30-x-40-cm-90-%c2%b5-por-100\/"]}]},{"@type":"ImageObject","inLanguage":"pt-PT","@id":"https:\/\/www.csj-emballages.com\/pt-pt\/produit\/saco-de-vacuo-preto-liso-30-x-40-cm-90-%c2%b5-por-100\/#primaryimage","url":"https:\/\/www.csj-emballages.com\/wp-content\/uploads\/2025\/01\/Sac-sous-vide-lisse-noir.webp","contentUrl":"https:\/\/www.csj-emballages.com\/wp-content\/uploads\/2025\/01\/Sac-sous-vide-lisse-noir.webp","width":800,"height":800,"caption":"Sac sous vide"},{"@type":"BreadcrumbList","@id":"https:\/\/www.csj-emballages.com\/pt-pt\/produit\/saco-de-vacuo-preto-liso-30-x-40-cm-90-%c2%b5-por-100\/#breadcrumb","itemListElement":[{"@type":"ListItem","position":1,"name":"Acolhimento","item":"https:\/\/www.csj-emballages.com\/pt-pt\/universo-das-embalagens-alimentares\/"},{"@type":"ListItem","position":2,"name":"Shop","item":"https:\/\/www.csj-emballages.com\/shop\/"},{"@type":"ListItem","position":3,"name":"Saco de v\u00e1cuo preto liso 30 x 40 cm 90 \u00b5 por 100"}]},{"@type":"WebSite","@id":"https:\/\/www.csj-emballages.com\/pt-pt\/#website","url":"https:\/\/www.csj-emballages.com\/pt-pt\/","name":"CSJ Emballages","description":"","publisher":{"@id":"https:\/\/www.csj-emballages.com\/pt-pt\/#organization"},"potentialAction":[{"@type":"SearchAction","target":{"@type":"EntryPoint","urlTemplate":"https:\/\/www.csj-emballages.com\/pt-pt\/?s={search_term_string}"},"query-input":{"@type":"PropertyValueSpecification","valueRequired":true,"valueName":"search_term_string"}}],"inLanguage":"pt-PT"},{"@type":"Organization","@id":"https:\/\/www.csj-emballages.com\/pt-pt\/#Organization\/","name":"CSJ Emballages","url":"https:\/\/www.csj-emballages.com\/pt-pt\/","logo":{"@type":"ImageObject","inLanguage":"pt-PT","@id":"https:\/\/www.csj-emballages.com\/pt-pt\/#\/schema\/logo\/image\/","url":"https:\/\/www.csj-emballages.com\/wp-content\/uploads\/2023\/10\/logo_csj.webp","contentUrl":"https:\/\/www.csj-emballages.com\/wp-content\/uploads\/2023\/10\/logo_csj.webp","width":250,"height":95,"caption":"CSJ Emballages"},"image":{"@id":"https:\/\/www.csj-emballages.com\/pt-pt\/#\/schema\/logo\/image\/"},"sameAs":["https:\/\/www.facebook.com\/csjemballages"],"address":{"@type":"PostalAddress","streetAddress":"ZI La Lechere","addressLocality":"Patornay","postalCode":"39130","addressCountry":"FR"},"contactPoint":[{"@type":"ContactPoint","contactType":"Service client","telephone":"0384254272","email":"contact@csj-emballages.com"}]}]}},"df_price":21.07,"df_sale_price":"","df_regular_price":21.07,"df_image_link":"https:\/\/www.csj-emballages.com\/wp-content\/uploads\/2025\/01\/Sac-sous-vide-lisse-noir-300x300.webp","tiered_pricing_type":"fixed","tiered_pricing_fixed_rules":[],"tiered_pricing_percentage_rules":[],"tiered_pricing_minimum":1,"tiered_pricing_roles_data":[],"_links":{"self":[{"href":"https:\/\/www.csj-emballages.com\/pt-pt\/wp-json\/wp\/v2\/product\/224817","targetHints":{"allow":["GET"]}}],"collection":[{"href":"https:\/\/www.csj-emballages.com\/pt-pt\/wp-json\/wp\/v2\/product"}],"about":[{"href":"https:\/\/www.csj-emballages.com\/pt-pt\/wp-json\/wp\/v2\/types\/product"}],"wp:featuredmedia":[{"embeddable":true,"href":"https:\/\/www.csj-emballages.com\/pt-pt\/wp-json\/wp\/v2\/media\/222149"}],"wp:attachment":[{"href":"https:\/\/www.csj-emballages.com\/pt-pt\/wp-json\/wp\/v2\/media?parent=224817"}],"wp:term":[{"taxonomy":"product_brand","embeddable":true,"href":"https:\/\/www.csj-emballages.com\/pt-pt\/wp-json\/wp\/v2\/product_brand?post=224817"},{"taxonomy":"product_cat","embeddable":true,"href":"https:\/\/www.csj-emballages.com\/pt-pt\/wp-json\/wp\/v2\/product_cat?post=224817"},{"taxonomy":"product_tag","embeddable":true,"href":"https:\/\/www.csj-emballages.com\/pt-pt\/wp-json\/wp\/v2\/product_tag?post=224817"}],"curies":[{"name":"wp","href":"https:\/\/api.w.org\/{rel}","templated":true}]}}