{"id":22478,"date":"2024-03-01T16:50:37","date_gmt":"2024-03-01T15:50:37","guid":{"rendered":"https:\/\/u15jnbdpoq.preview.infomaniak.website\/produit\/50-pratos-de-aluminio-descartaveis-2250-ml\/"},"modified":"2026-04-28T02:17:11","modified_gmt":"2026-04-28T00:17:11","slug":"50-pratos-de-aluminio-descartaveis-2250-ml","status":"publish","type":"product","link":"https:\/\/www.csj-emballages.com\/pt-pt\/produit\/50-pratos-de-aluminio-descartaveis-2250-ml\/","title":{"rendered":"Prato de alum\u00ednio 2250 ml por 50"},"content":{"rendered":"<h2>Prato de alum\u00ednio<\/h2>\n<hr>\n<h3>Descri\u00e7\u00e3o do nosso prato de alum\u00ednio de 2250 ml, 50 unidades<\/h3>\n<p><!--more--><\/p>\n<p data-start=\"0\" data-end=\"806\">Esta <strong data-start=\"30\" data-end=\"61\">travessa de alum\u00ednio de 2250 ml<\/strong>, vendida em embalagens de <strong>50<\/strong>, \u00e9 ideal para empresas de catering, restaurantes e particulares que pretendam preparar, cozinhar e transportar os seus pratos com toda a seguran\u00e7a. Fabricada em <strong>alum\u00ednio<\/strong>, tem uma excelente resist\u00eancia ao calor e cozinha uniformemente num forno tradicional. Leve e robusto, \u00e9 tamb\u00e9m perfeito para armazenar e conservar os alimentos, quer sejam quentes ou frios. O seu tamanho pr\u00e1tico <strong>de 2250<\/strong> ml \u00e9 ideal para grandes por\u00e7\u00f5es, seja para gratinados, pratos com molho, legumes, carne ou sobremesas.   <\/p>\n<p><!--more--><\/p>\n<h4>As suas vantagens:<\/h4>\n<ul>\n<li data-start=\"1003\" data-end=\"1082\"><strong data-start=\"1005\" data-end=\"1019\">Vers\u00e1til<\/strong>: Adequado para cozinhar, refrigerar, conservar e transportar.<\/li>\n<li data-start=\"1083\" data-end=\"1153\"><strong data-start=\"1085\" data-end=\"1111\">Resistente ao calor<\/strong>: este prato de alum\u00ednio \u00e9 compat\u00edvel com o forno tradicional.<\/li>\n<li data-start=\"1226\" data-end=\"1295\"><strong data-start=\"1228\" data-end=\"1248\">Leve e robusto<\/strong>: F\u00e1cil de manusear, mantendo-se s\u00f3lido.<\/li>\n<li data-start=\"1296\" data-end=\"1381\" data-is-last-node=\"\"><strong data-start=\"1298\" data-end=\"1317\">Formato pr\u00e1tico<\/strong>: capacidade de 2250 ml, ideal para grandes por\u00e7\u00f5es.<\/li>\n<\/ul>\n<p>&nbsp;<\/p>\n<p><!--more--><\/p>\n<h4>Outras informa\u00e7\u00f5es :<\/h4>\n<ul>\n<li><strong>Embalagem<\/strong>: Pacote de 50<\/li>\n<li><strong>Dimens\u00f5es<\/strong>: 312 x 211 x 43 ( C x L x A em mm )<\/li>\n<li><strong>Volume<\/strong>: 2250 ml<\/li>\n<li><strong>Material<\/strong>: Alum\u00ednio<\/li>\n<\/ul>\n<p>&nbsp;<\/p>\n<p><!--more--><\/p>\n<p>Este produto est\u00e1 dispon\u00edvel em diferentes tamanhos:<span style=\"color: #d12727;\"> <a style=\"color: #d12727;\" href=\"https:\/\/www.csj-emballages.com\/es\/produit\/100-platos-desechables-de-aluminio-380-ml\/\">380 ml<\/a> <span style=\"color: #000000;\">\/<\/span> <a style=\"color: #d12727;\" href=\"https:\/\/www.csj-emballages.com\/es\/produit\/100-platos-de-aluminio-desechables-950-ml\/\">950 ml<\/a> <span style=\"color: #000000;\">\/<\/span> <a style=\"color: #d12727;\" href=\"https:\/\/www.csj-emballages.com\/produit\/100-plats-aluminium-rigide-3100-ml\/\">3100 ml<\/a><\/span><\/p>\n<p>&nbsp;<\/p>\n<p><!--more--><\/p>\n<p><a href=\"https:\/\/www.csj-emballages.com\/pt-pt\/categorie-produit\/embalagem-de-alimentos\/talho-e-charcutaria\/tabuleiros-latas-e-frascos\/tabuleiros-de-aluminio-pratos-formas-tabuleiros-de-refeicao-copos-ramequins-empadas-de-carne\/pratos\/\">Consulte o resto da nossa gama de pratos de alum\u00ednio<\/a><\/p>\n","protected":false},"excerpt":{"rendered":"<p>Prato de alum\u00ednio Descri\u00e7\u00e3o do nosso prato de alum\u00ednio de 2250 ml, 50 unidades<\/p>\n","protected":false},"featured_media":228238,"template":"","meta":{"_acf_changed":false},"product_brand":[],"product_cat":[1176,2001,3074],"product_tag":[],"class_list":{"0":"post-22478","1":"product","2":"type-product","3":"status-publish","4":"has-post-thumbnail","6":"product_cat-talho-e-charcutaria","7":"product_cat-tabuleiros-de-aluminio-pratos-formas-tabuleiros-de-refeicao-copos-ramequins-empadas-de-carne","8":"product_cat-pratos","10":"first","11":"instock","12":"taxable","13":"shipping-taxable","14":"purchasable","15":"product-type-simple"},"acf":[],"yoast_head":"<!-- This site is optimized with the Yoast SEO Premium plugin v26.6 (Yoast SEO v26.6) - https:\/\/yoast.com\/wordpress\/plugins\/seo\/ -->\n<title>Prato de alum\u00ednio 2250 ml por 50<\/title>\n<meta name=\"description\" content=\"Prato de alum\u00ednio 2250 ml, embalagem de 50 unidades, ideal para cozinhar, conservar e transportar alimentos. Resistente ao calor e compat\u00edvel com tampas.\" \/>\n<meta name=\"robots\" content=\"index, follow, max-snippet:-1, max-image-preview:large, max-video-preview:-1\" \/>\n<link rel=\"canonical\" href=\"https:\/\/www.csj-emballages.com\/pt-pt\/produit\/50-pratos-de-aluminio-descartaveis-2250-ml\/\" \/>\n<meta property=\"og:locale\" content=\"pt_PT\" \/>\n<meta property=\"og:type\" content=\"article\" \/>\n<meta property=\"og:title\" content=\"Prato de alum\u00ednio 2250 ml por 50\" \/>\n<meta property=\"og:description\" content=\"Prato de alum\u00ednio 2250 ml, embalagem de 50 unidades, ideal para cozinhar, conservar e transportar alimentos. Resistente ao calor e compat\u00edvel com tampas.\" \/>\n<meta property=\"og:url\" content=\"https:\/\/www.csj-emballages.com\/pt-pt\/produit\/50-pratos-de-aluminio-descartaveis-2250-ml\/\" \/>\n<meta property=\"og:site_name\" content=\"CSJ Emballages\" \/>\n<meta property=\"article:publisher\" content=\"https:\/\/www.facebook.com\/csjemballages\" \/>\n<meta property=\"article:modified_time\" content=\"2026-04-28T00:17:11+00:00\" \/>\n<meta property=\"og:image\" content=\"https:\/\/www.csj-emballages.com\/wp-content\/uploads\/2024\/03\/PL-2200.webp\" \/>\n\t<meta property=\"og:image:width\" content=\"800\" \/>\n\t<meta property=\"og:image:height\" content=\"800\" \/>\n\t<meta property=\"og:image:type\" content=\"image\/webp\" \/>\n<meta name=\"twitter:card\" content=\"summary_large_image\" \/>\n<meta name=\"twitter:label1\" content=\"Tempo estimado de leitura\" \/>\n\t<meta name=\"twitter:data1\" content=\"1 minuto\" \/>\n<script type=\"application\/ld+json\" class=\"yoast-schema-graph\">{\"@context\":\"https:\/\/schema.org\",\"@graph\":[{\"@type\":\"WebPage\",\"@id\":\"https:\/\/www.csj-emballages.com\/pt-pt\/produit\/50-pratos-de-aluminio-descartaveis-2250-ml\/\",\"url\":\"https:\/\/www.csj-emballages.com\/pt-pt\/produit\/50-pratos-de-aluminio-descartaveis-2250-ml\/\",\"name\":\"Prato de alum\u00ednio 2250 ml por 50\",\"isPartOf\":{\"@id\":\"https:\/\/www.csj-emballages.com\/pt-pt\/#website\"},\"primaryImageOfPage\":{\"@id\":\"https:\/\/www.csj-emballages.com\/pt-pt\/produit\/50-pratos-de-aluminio-descartaveis-2250-ml\/#primaryimage\"},\"image\":{\"@id\":\"https:\/\/www.csj-emballages.com\/pt-pt\/produit\/50-pratos-de-aluminio-descartaveis-2250-ml\/#primaryimage\"},\"thumbnailUrl\":\"https:\/\/www.csj-emballages.com\/wp-content\/uploads\/2024\/03\/PL-2200.webp\",\"datePublished\":\"2024-03-01T15:50:37+00:00\",\"dateModified\":\"2026-04-28T00:17:11+00:00\",\"description\":\"Prato de alum\u00ednio 2250 ml, embalagem de 50 unidades, ideal para cozinhar, conservar e transportar alimentos. Resistente ao calor e compat\u00edvel com tampas.\",\"breadcrumb\":{\"@id\":\"https:\/\/www.csj-emballages.com\/pt-pt\/produit\/50-pratos-de-aluminio-descartaveis-2250-ml\/#breadcrumb\"},\"inLanguage\":\"pt-PT\",\"potentialAction\":[{\"@type\":\"ReadAction\",\"target\":[\"https:\/\/www.csj-emballages.com\/pt-pt\/produit\/50-pratos-de-aluminio-descartaveis-2250-ml\/\"]}]},{\"@type\":\"ImageObject\",\"inLanguage\":\"pt-PT\",\"@id\":\"https:\/\/www.csj-emballages.com\/pt-pt\/produit\/50-pratos-de-aluminio-descartaveis-2250-ml\/#primaryimage\",\"url\":\"https:\/\/www.csj-emballages.com\/wp-content\/uploads\/2024\/03\/PL-2200.webp\",\"contentUrl\":\"https:\/\/www.csj-emballages.com\/wp-content\/uploads\/2024\/03\/PL-2200.webp\",\"width\":800,\"height\":800,\"caption\":\"Plat aluminium\"},{\"@type\":\"BreadcrumbList\",\"@id\":\"https:\/\/www.csj-emballages.com\/pt-pt\/produit\/50-pratos-de-aluminio-descartaveis-2250-ml\/#breadcrumb\",\"itemListElement\":[{\"@type\":\"ListItem\",\"position\":1,\"name\":\"Acolhimento\",\"item\":\"https:\/\/www.csj-emballages.com\/pt-pt\/universo-das-embalagens-alimentares\/\"},{\"@type\":\"ListItem\",\"position\":2,\"name\":\"Shop\",\"item\":\"https:\/\/www.csj-emballages.com\/shop\/\"},{\"@type\":\"ListItem\",\"position\":3,\"name\":\"Prato de alum\u00ednio 2250 ml por 50\"}]},{\"@type\":\"WebSite\",\"@id\":\"https:\/\/www.csj-emballages.com\/pt-pt\/#website\",\"url\":\"https:\/\/www.csj-emballages.com\/pt-pt\/\",\"name\":\"CSJ Emballages\",\"description\":\"\",\"publisher\":{\"@id\":\"https:\/\/www.csj-emballages.com\/pt-pt\/#organization\"},\"potentialAction\":[{\"@type\":\"SearchAction\",\"target\":{\"@type\":\"EntryPoint\",\"urlTemplate\":\"https:\/\/www.csj-emballages.com\/pt-pt\/?s={search_term_string}\"},\"query-input\":{\"@type\":\"PropertyValueSpecification\",\"valueRequired\":true,\"valueName\":\"search_term_string\"}}],\"inLanguage\":\"pt-PT\"},{\"@type\":\"Organization\",\"@id\":\"https:\/\/www.csj-emballages.com\/pt-pt\/#Organization\/\",\"name\":\"CSJ Emballages\",\"url\":\"https:\/\/www.csj-emballages.com\/pt-pt\/\",\"logo\":{\"@type\":\"ImageObject\",\"inLanguage\":\"pt-PT\",\"@id\":\"https:\/\/www.csj-emballages.com\/pt-pt\/#\/schema\/logo\/image\/\",\"url\":\"https:\/\/www.csj-emballages.com\/wp-content\/uploads\/2023\/10\/logo_csj.webp\",\"contentUrl\":\"https:\/\/www.csj-emballages.com\/wp-content\/uploads\/2023\/10\/logo_csj.webp\",\"width\":250,\"height\":95,\"caption\":\"CSJ Emballages\"},\"image\":{\"@id\":\"https:\/\/www.csj-emballages.com\/pt-pt\/#\/schema\/logo\/image\/\"},\"sameAs\":[\"https:\/\/www.facebook.com\/csjemballages\"],\"address\":{\"@type\":\"PostalAddress\",\"streetAddress\":\"ZI La Lechere\",\"addressLocality\":\"Patornay\",\"postalCode\":\"39130\",\"addressCountry\":\"FR\"},\"contactPoint\":[{\"@type\":\"ContactPoint\",\"contactType\":\"Service client\",\"telephone\":\"0384254272\",\"email\":\"contact@csj-emballages.com\"}]}]}<\/script>\n<!-- \/ Yoast SEO Premium plugin. -->","yoast_head_json":{"title":"Prato de alum\u00ednio 2250 ml por 50","description":"Prato de alum\u00ednio 2250 ml, embalagem de 50 unidades, ideal para cozinhar, conservar e transportar alimentos. Resistente ao calor e compat\u00edvel com tampas.","robots":{"index":"index","follow":"follow","max-snippet":"max-snippet:-1","max-image-preview":"max-image-preview:large","max-video-preview":"max-video-preview:-1"},"canonical":"https:\/\/www.csj-emballages.com\/pt-pt\/produit\/50-pratos-de-aluminio-descartaveis-2250-ml\/","og_locale":"pt_PT","og_type":"article","og_title":"Prato de alum\u00ednio 2250 ml por 50","og_description":"Prato de alum\u00ednio 2250 ml, embalagem de 50 unidades, ideal para cozinhar, conservar e transportar alimentos. Resistente ao calor e compat\u00edvel com tampas.","og_url":"https:\/\/www.csj-emballages.com\/pt-pt\/produit\/50-pratos-de-aluminio-descartaveis-2250-ml\/","og_site_name":"CSJ Emballages","article_publisher":"https:\/\/www.facebook.com\/csjemballages","article_modified_time":"2026-04-28T00:17:11+00:00","og_image":[{"width":800,"height":800,"url":"https:\/\/www.csj-emballages.com\/wp-content\/uploads\/2024\/03\/PL-2200.webp","type":"image\/webp"}],"twitter_card":"summary_large_image","twitter_misc":{"Tempo estimado de leitura":"1 minuto"},"schema":{"@context":"https:\/\/schema.org","@graph":[{"@type":"WebPage","@id":"https:\/\/www.csj-emballages.com\/pt-pt\/produit\/50-pratos-de-aluminio-descartaveis-2250-ml\/","url":"https:\/\/www.csj-emballages.com\/pt-pt\/produit\/50-pratos-de-aluminio-descartaveis-2250-ml\/","name":"Prato de alum\u00ednio 2250 ml por 50","isPartOf":{"@id":"https:\/\/www.csj-emballages.com\/pt-pt\/#website"},"primaryImageOfPage":{"@id":"https:\/\/www.csj-emballages.com\/pt-pt\/produit\/50-pratos-de-aluminio-descartaveis-2250-ml\/#primaryimage"},"image":{"@id":"https:\/\/www.csj-emballages.com\/pt-pt\/produit\/50-pratos-de-aluminio-descartaveis-2250-ml\/#primaryimage"},"thumbnailUrl":"https:\/\/www.csj-emballages.com\/wp-content\/uploads\/2024\/03\/PL-2200.webp","datePublished":"2024-03-01T15:50:37+00:00","dateModified":"2026-04-28T00:17:11+00:00","description":"Prato de alum\u00ednio 2250 ml, embalagem de 50 unidades, ideal para cozinhar, conservar e transportar alimentos. Resistente ao calor e compat\u00edvel com tampas.","breadcrumb":{"@id":"https:\/\/www.csj-emballages.com\/pt-pt\/produit\/50-pratos-de-aluminio-descartaveis-2250-ml\/#breadcrumb"},"inLanguage":"pt-PT","potentialAction":[{"@type":"ReadAction","target":["https:\/\/www.csj-emballages.com\/pt-pt\/produit\/50-pratos-de-aluminio-descartaveis-2250-ml\/"]}]},{"@type":"ImageObject","inLanguage":"pt-PT","@id":"https:\/\/www.csj-emballages.com\/pt-pt\/produit\/50-pratos-de-aluminio-descartaveis-2250-ml\/#primaryimage","url":"https:\/\/www.csj-emballages.com\/wp-content\/uploads\/2024\/03\/PL-2200.webp","contentUrl":"https:\/\/www.csj-emballages.com\/wp-content\/uploads\/2024\/03\/PL-2200.webp","width":800,"height":800,"caption":"Plat aluminium"},{"@type":"BreadcrumbList","@id":"https:\/\/www.csj-emballages.com\/pt-pt\/produit\/50-pratos-de-aluminio-descartaveis-2250-ml\/#breadcrumb","itemListElement":[{"@type":"ListItem","position":1,"name":"Acolhimento","item":"https:\/\/www.csj-emballages.com\/pt-pt\/universo-das-embalagens-alimentares\/"},{"@type":"ListItem","position":2,"name":"Shop","item":"https:\/\/www.csj-emballages.com\/shop\/"},{"@type":"ListItem","position":3,"name":"Prato de alum\u00ednio 2250 ml por 50"}]},{"@type":"WebSite","@id":"https:\/\/www.csj-emballages.com\/pt-pt\/#website","url":"https:\/\/www.csj-emballages.com\/pt-pt\/","name":"CSJ Emballages","description":"","publisher":{"@id":"https:\/\/www.csj-emballages.com\/pt-pt\/#organization"},"potentialAction":[{"@type":"SearchAction","target":{"@type":"EntryPoint","urlTemplate":"https:\/\/www.csj-emballages.com\/pt-pt\/?s={search_term_string}"},"query-input":{"@type":"PropertyValueSpecification","valueRequired":true,"valueName":"search_term_string"}}],"inLanguage":"pt-PT"},{"@type":"Organization","@id":"https:\/\/www.csj-emballages.com\/pt-pt\/#Organization\/","name":"CSJ Emballages","url":"https:\/\/www.csj-emballages.com\/pt-pt\/","logo":{"@type":"ImageObject","inLanguage":"pt-PT","@id":"https:\/\/www.csj-emballages.com\/pt-pt\/#\/schema\/logo\/image\/","url":"https:\/\/www.csj-emballages.com\/wp-content\/uploads\/2023\/10\/logo_csj.webp","contentUrl":"https:\/\/www.csj-emballages.com\/wp-content\/uploads\/2023\/10\/logo_csj.webp","width":250,"height":95,"caption":"CSJ Emballages"},"image":{"@id":"https:\/\/www.csj-emballages.com\/pt-pt\/#\/schema\/logo\/image\/"},"sameAs":["https:\/\/www.facebook.com\/csjemballages"],"address":{"@type":"PostalAddress","streetAddress":"ZI La Lechere","addressLocality":"Patornay","postalCode":"39130","addressCountry":"FR"},"contactPoint":[{"@type":"ContactPoint","contactType":"Service client","telephone":"0384254272","email":"contact@csj-emballages.com"}]}]}},"df_price":22.57,"df_sale_price":"","df_regular_price":22.57,"df_image_link":"https:\/\/www.csj-emballages.com\/wp-content\/uploads\/2024\/03\/PL-2200-300x300.webp","tiered_pricing_type":"fixed","tiered_pricing_fixed_rules":[],"tiered_pricing_percentage_rules":[],"tiered_pricing_minimum":1,"tiered_pricing_roles_data":[],"_links":{"self":[{"href":"https:\/\/www.csj-emballages.com\/pt-pt\/wp-json\/wp\/v2\/product\/22478","targetHints":{"allow":["GET"]}}],"collection":[{"href":"https:\/\/www.csj-emballages.com\/pt-pt\/wp-json\/wp\/v2\/product"}],"about":[{"href":"https:\/\/www.csj-emballages.com\/pt-pt\/wp-json\/wp\/v2\/types\/product"}],"wp:featuredmedia":[{"embeddable":true,"href":"https:\/\/www.csj-emballages.com\/pt-pt\/wp-json\/wp\/v2\/media\/228238"}],"wp:attachment":[{"href":"https:\/\/www.csj-emballages.com\/pt-pt\/wp-json\/wp\/v2\/media?parent=22478"}],"wp:term":[{"taxonomy":"product_brand","embeddable":true,"href":"https:\/\/www.csj-emballages.com\/pt-pt\/wp-json\/wp\/v2\/product_brand?post=22478"},{"taxonomy":"product_cat","embeddable":true,"href":"https:\/\/www.csj-emballages.com\/pt-pt\/wp-json\/wp\/v2\/product_cat?post=22478"},{"taxonomy":"product_tag","embeddable":true,"href":"https:\/\/www.csj-emballages.com\/pt-pt\/wp-json\/wp\/v2\/product_tag?post=22478"}],"curies":[{"name":"wp","href":"https:\/\/api.w.org\/{rel}","templated":true}]}}