{"id":224710,"date":"2024-12-18T16:15:21","date_gmt":"2024-12-18T15:15:21","guid":{"rendered":"https:\/\/www.csj-emballages.com\/produit\/caixa-de-cartao-para-levar-nuggets-175-x-105-x-75-mm-embalagem-de-50\/"},"modified":"2026-05-07T02:20:59","modified_gmt":"2026-05-07T00:20:59","slug":"caixa-de-cartao-para-levar-nuggets-175-x-105-x-75-mm-embalagem-de-50","status":"publish","type":"product","link":"https:\/\/www.csj-emballages.com\/pt-pt\/produit\/caixa-de-cartao-para-levar-nuggets-175-x-105-x-75-mm-embalagem-de-50\/","title":{"rendered":"Caixa de cart\u00e3o para levar nuggets 175 x 105 x 75 mm (embalagem de 50)"},"content":{"rendered":"<h2>Caixa de pepitas<\/h2>\n<hr>\n<h3>Descri\u00e7\u00e3o da nossa caixa de cart\u00e3o para takeaway nuggets 175 x 105 x 75 mm, 50 unidades<\/h3>\n<p><!--more--><\/p>\n<p data-start=\"244\" data-end=\"727\">Se procura uma embalagem pr\u00e1tica, resistente e agrad\u00e1vel de apresentar aos seus clientes, esta <strong data-start=\"346\" data-end=\"392\">caixa de cart\u00e3o para nuggets com 175 x 105 x 75 mm<\/strong> \u00e9 exatamente o que precisa. Assim que a segurar na m\u00e3o, sentir\u00e1 a sua qualidade: <g id=\"gid_1\">cart\u00e3o r\u00edgido<\/g> e limpo, perfeitamente concebido para conter <g id=\"gid_2\">alimentos quentes<\/g> sem deformar. Gra\u00e7as ao seu tamanho ideal, pode colocar <strong>nuggets<\/strong>, <strong>tenders<\/strong>, <strong>tapas<\/strong>, <strong>donuts<\/strong>&#8230; ou mesmo uma pequena por\u00e7\u00e3o de batatas fritas.  <\/p>\n<p data-start=\"729\" data-end=\"1078\">Al\u00e9m disso, fecha-se facilmente gra\u00e7as ao seu <strong>sistema de aba inteligente<\/strong>. Assim, os seus produtos mant\u00eam-se quentes durante o transporte, sem risco de fugas ou de abertura acidental. Os seus clientes beneficiam de uma embalagem limpa e pr\u00e1tica que \u00e9, acima de tudo, agrad\u00e1vel de abrir. Isto melhora diretamente a experi\u00eancia deles e, por conseguinte, a sua imagem.   <\/p>\n<p data-start=\"1080\" data-end=\"1362\">Mas isso n\u00e3o \u00e9 tudo. Por ser feita de cart\u00e3o, esta <strong>caixa de nuggets<\/strong> \u00e9 uma op\u00e7\u00e3o mais ecol\u00f3gica do que as tradicionais embalagens de pl\u00e1stico. Mostra que cuida da sua cozinha&#8230; mas tamb\u00e9m da sua responsabilidade ambiental. E os seus clientes v\u00e3o reparar.   <\/p>\n<p data-start=\"1364\" data-end=\"1568\">O seu design neutro tamb\u00e9m lhe d\u00e1 a liberdade de personalizar a <strong>caixa<\/strong>: um <strong>autocolante<\/strong>, um <strong>selo<\/strong>, um <strong>log\u00f3tipo<\/strong>&#8230; e a sua embalagem torna-se um meio de comunica\u00e7\u00e3o simples mas eficaz.<\/p>\n<p data-start=\"1570\" data-end=\"1754\">Quer tenha um snack-bar, um food truck, uma loja de sandes ou um servi\u00e7o de entregas, esta caixa permitir-lhe-\u00e1 trabalhar mais rapidamente, de forma mais limpa e com mais estilo.<\/p>\n<p><!--more--><\/p>\n<p><strong><span style=\"color: #ff0000;\">*Op\u00e7\u00f5es de personaliza\u00e7\u00e3o<\/span><\/strong><\/p>\n<p>&nbsp;<\/p>\n<p><!--more--><\/p>\n<h4>Vantagens :<\/h4>\n<ul>\n<li data-start=\"1446\" data-end=\"1510\">Caixa s\u00f3lida que resiste muito bem a alimentos quentes e gordurosos.<\/li>\n<li data-start=\"1513\" data-end=\"1569\">Ideal para <strong>nuggets<\/strong>, <strong>tenders<\/strong> e <strong>pequenas por\u00e7\u00f5es<\/strong>.<\/li>\n<li data-start=\"1572\" data-end=\"1624\">O fecho r\u00e1pido e intuitivo poupa tempo.<\/li>\n<li data-start=\"1627\" data-end=\"1683\"><strong>Cart\u00e3o<\/strong>: uma solu\u00e7\u00e3o mais respons\u00e1vel do que o pl\u00e1stico.<\/li>\n<li data-start=\"1686\" data-end=\"1739\"><strong>Vendido em embalagens de 50 unidades<\/strong> para uma excelente rela\u00e7\u00e3o qualidade\/pre\u00e7o.<\/li>\n<li data-start=\"1742\" data-end=\"1799\">Apresenta\u00e7\u00e3o limpa e profissional para os seus clientes<\/li>\n<\/ul>\n<p>&nbsp;<\/p>\n<p><!--more--><\/p>\n<h4>Outras informa\u00e7\u00f5es :<\/h4>\n<ul>\n<li><strong>Embalagem<\/strong>: Pacote de 50<\/li>\n<li><strong>Dimens\u00f5es<\/strong>: 175 x 105 x 75 mm<\/li>\n<li><strong>Material<\/strong>: Cart\u00e3o<\/li>\n<li><strong>Cor<\/strong>: castanho<\/li>\n<\/ul>\n<p>&nbsp;<\/p>\n<p><!--more--><\/p>\n<p>Clica aqui para veres os diferentes tamanhos dispon\u00edveis para este produto: <span style=\"color: #d12727;\"><a style=\"color: #d12727;\" href=\"https:\/\/www.csj-emballages.com\/pt-pt\/produit\/50-caixas-kraft-para-takeaway-144-x-85-x-60-mm\/\">144 x 85 x 60 mm<\/a><\/span> \/ <span style=\"color: #d12727;\"><a style=\"color: #d12727;\" href=\"https:\/\/www.csj-emballages.com\/pt-pt\/produit\/caixa-de-cartao-para-take-away-para-nuggets-228-x-124-x-78-mm-50-unidades\/\">228 x 124 x 78 mm<\/a><\/span><\/p>\n<p>&nbsp;<\/p>\n<p><!--more--><\/p>\n<p><a href=\"https:\/\/www.csj-emballages.com\/pt-pt\/categorie-produit\/embalagem-de-alimentos\/restauracao\/caixas-tabuleiros-bolsas-cones\/tabuleiros-caixas-de-cartao\/lancheiras\/\">V\u00ea o resto da nossa gama de lancheiras<\/a><\/p>\n","protected":false},"excerpt":{"rendered":"<p>Caixa de pepitas Descri\u00e7\u00e3o da nossa caixa de cart\u00e3o para takeaway nuggets 175 x 105 x 75 mm, 50 unidades<\/p>\n","protected":false},"featured_media":224642,"template":"","meta":{"_acf_changed":false},"product_brand":[],"product_cat":[1141,1138,3926,1476,2793],"product_tag":[],"class_list":{"0":"post-224710","1":"product","2":"type-product","3":"status-publish","4":"has-post-thumbnail","6":"product_cat-embalagem-de-alimentos","7":"product_cat-restauracao","8":"product_cat-caixas-tabuleiros-bolsas-cones","9":"product_cat-tabuleiros-caixas-de-cartao","10":"product_cat-lancheiras","12":"first","13":"instock","14":"taxable","15":"shipping-taxable","16":"purchasable","17":"product-type-simple"},"acf":[],"yoast_head":"<!-- This site is optimized with the Yoast SEO Premium plugin v26.6 (Yoast SEO v26.6) - https:\/\/yoast.com\/wordpress\/plugins\/seo\/ -->\n<title>Caixa de cart\u00e3o para levar Nuggets 175 x 105 x 75 mm, embalagem de 50<\/title>\n<meta name=\"description\" content=\"Caixa de nuggets em kraft 175 x 105 x 75 mm, ideal para vendas de takeaway. Resistente \u00e0 gordura, garante um transporte \u00f3timo das suas pepitas\" \/>\n<meta name=\"robots\" content=\"index, follow, max-snippet:-1, max-image-preview:large, max-video-preview:-1\" \/>\n<link rel=\"canonical\" href=\"https:\/\/www.csj-emballages.com\/pt-pt\/produit\/caixa-de-cartao-para-levar-nuggets-175-x-105-x-75-mm-embalagem-de-50\/\" \/>\n<meta property=\"og:locale\" content=\"pt_PT\" \/>\n<meta property=\"og:type\" content=\"article\" \/>\n<meta property=\"og:title\" content=\"Caixa de cart\u00e3o para levar nuggets 175 x 105 x 75 mm (embalagem de 50)\" \/>\n<meta property=\"og:description\" content=\"Caixa de nuggets em kraft 175 x 105 x 75 mm, ideal para vendas de takeaway. Resistente \u00e0 gordura, garante um transporte \u00f3timo das suas pepitas\" \/>\n<meta property=\"og:url\" content=\"https:\/\/www.csj-emballages.com\/pt-pt\/produit\/caixa-de-cartao-para-levar-nuggets-175-x-105-x-75-mm-embalagem-de-50\/\" \/>\n<meta property=\"og:site_name\" content=\"CSJ Emballages\" \/>\n<meta property=\"article:publisher\" content=\"https:\/\/www.facebook.com\/csjemballages\" \/>\n<meta property=\"article:modified_time\" content=\"2026-05-07T00:20:59+00:00\" \/>\n<meta property=\"og:image\" content=\"https:\/\/www.csj-emballages.com\/wp-content\/uploads\/2024\/12\/TK12.webp\" \/>\n\t<meta property=\"og:image:width\" content=\"800\" \/>\n\t<meta property=\"og:image:height\" content=\"799\" \/>\n\t<meta property=\"og:image:type\" content=\"image\/webp\" \/>\n<meta name=\"twitter:card\" content=\"summary_large_image\" \/>\n<meta name=\"twitter:label1\" content=\"Tempo estimado de leitura\" \/>\n\t<meta name=\"twitter:data1\" content=\"2 minutos\" \/>\n<script type=\"application\/ld+json\" class=\"yoast-schema-graph\">{\"@context\":\"https:\/\/schema.org\",\"@graph\":[{\"@type\":\"WebPage\",\"@id\":\"https:\/\/www.csj-emballages.com\/pt-pt\/produit\/caixa-de-cartao-para-levar-nuggets-175-x-105-x-75-mm-embalagem-de-50\/\",\"url\":\"https:\/\/www.csj-emballages.com\/pt-pt\/produit\/caixa-de-cartao-para-levar-nuggets-175-x-105-x-75-mm-embalagem-de-50\/\",\"name\":\"Caixa de cart\u00e3o para levar Nuggets 175 x 105 x 75 mm, embalagem de 50\",\"isPartOf\":{\"@id\":\"https:\/\/www.csj-emballages.com\/pt-pt\/#website\"},\"primaryImageOfPage\":{\"@id\":\"https:\/\/www.csj-emballages.com\/pt-pt\/produit\/caixa-de-cartao-para-levar-nuggets-175-x-105-x-75-mm-embalagem-de-50\/#primaryimage\"},\"image\":{\"@id\":\"https:\/\/www.csj-emballages.com\/pt-pt\/produit\/caixa-de-cartao-para-levar-nuggets-175-x-105-x-75-mm-embalagem-de-50\/#primaryimage\"},\"thumbnailUrl\":\"https:\/\/www.csj-emballages.com\/wp-content\/uploads\/2024\/12\/TK12.webp\",\"datePublished\":\"2024-12-18T15:15:21+00:00\",\"dateModified\":\"2026-05-07T00:20:59+00:00\",\"description\":\"Caixa de nuggets em kraft 175 x 105 x 75 mm, ideal para vendas de takeaway. Resistente \u00e0 gordura, garante um transporte \u00f3timo das suas pepitas\",\"breadcrumb\":{\"@id\":\"https:\/\/www.csj-emballages.com\/pt-pt\/produit\/caixa-de-cartao-para-levar-nuggets-175-x-105-x-75-mm-embalagem-de-50\/#breadcrumb\"},\"inLanguage\":\"pt-PT\",\"potentialAction\":[{\"@type\":\"ReadAction\",\"target\":[\"https:\/\/www.csj-emballages.com\/pt-pt\/produit\/caixa-de-cartao-para-levar-nuggets-175-x-105-x-75-mm-embalagem-de-50\/\"]}]},{\"@type\":\"ImageObject\",\"inLanguage\":\"pt-PT\",\"@id\":\"https:\/\/www.csj-emballages.com\/pt-pt\/produit\/caixa-de-cartao-para-levar-nuggets-175-x-105-x-75-mm-embalagem-de-50\/#primaryimage\",\"url\":\"https:\/\/www.csj-emballages.com\/wp-content\/uploads\/2024\/12\/TK12.webp\",\"contentUrl\":\"https:\/\/www.csj-emballages.com\/wp-content\/uploads\/2024\/12\/TK12.webp\",\"width\":800,\"height\":799,\"caption\":\"Boite nuggets\"},{\"@type\":\"BreadcrumbList\",\"@id\":\"https:\/\/www.csj-emballages.com\/pt-pt\/produit\/caixa-de-cartao-para-levar-nuggets-175-x-105-x-75-mm-embalagem-de-50\/#breadcrumb\",\"itemListElement\":[{\"@type\":\"ListItem\",\"position\":1,\"name\":\"Acolhimento\",\"item\":\"https:\/\/www.csj-emballages.com\/pt-pt\/universo-das-embalagens-alimentares\/\"},{\"@type\":\"ListItem\",\"position\":2,\"name\":\"Shop\",\"item\":\"https:\/\/www.csj-emballages.com\/shop\/\"},{\"@type\":\"ListItem\",\"position\":3,\"name\":\"Caixa de cart\u00e3o para levar nuggets 175 x 105 x 75 mm (embalagem de 50)\"}]},{\"@type\":\"WebSite\",\"@id\":\"https:\/\/www.csj-emballages.com\/pt-pt\/#website\",\"url\":\"https:\/\/www.csj-emballages.com\/pt-pt\/\",\"name\":\"CSJ Emballages\",\"description\":\"\",\"publisher\":{\"@id\":\"https:\/\/www.csj-emballages.com\/pt-pt\/#organization\"},\"potentialAction\":[{\"@type\":\"SearchAction\",\"target\":{\"@type\":\"EntryPoint\",\"urlTemplate\":\"https:\/\/www.csj-emballages.com\/pt-pt\/?s={search_term_string}\"},\"query-input\":{\"@type\":\"PropertyValueSpecification\",\"valueRequired\":true,\"valueName\":\"search_term_string\"}}],\"inLanguage\":\"pt-PT\"},{\"@type\":\"Organization\",\"@id\":\"https:\/\/www.csj-emballages.com\/pt-pt\/#Organization\/\",\"name\":\"CSJ Emballages\",\"url\":\"https:\/\/www.csj-emballages.com\/pt-pt\/\",\"logo\":{\"@type\":\"ImageObject\",\"inLanguage\":\"pt-PT\",\"@id\":\"https:\/\/www.csj-emballages.com\/pt-pt\/#\/schema\/logo\/image\/\",\"url\":\"https:\/\/www.csj-emballages.com\/wp-content\/uploads\/2023\/10\/logo_csj.webp\",\"contentUrl\":\"https:\/\/www.csj-emballages.com\/wp-content\/uploads\/2023\/10\/logo_csj.webp\",\"width\":250,\"height\":95,\"caption\":\"CSJ Emballages\"},\"image\":{\"@id\":\"https:\/\/www.csj-emballages.com\/pt-pt\/#\/schema\/logo\/image\/\"},\"sameAs\":[\"https:\/\/www.facebook.com\/csjemballages\"],\"address\":{\"@type\":\"PostalAddress\",\"streetAddress\":\"ZI La Lechere\",\"addressLocality\":\"Patornay\",\"postalCode\":\"39130\",\"addressCountry\":\"FR\"},\"contactPoint\":[{\"@type\":\"ContactPoint\",\"contactType\":\"Service client\",\"telephone\":\"0384254272\",\"email\":\"contact@csj-emballages.com\"}]}]}<\/script>\n<!-- \/ Yoast SEO Premium plugin. -->","yoast_head_json":{"title":"Caixa de cart\u00e3o para levar Nuggets 175 x 105 x 75 mm, embalagem de 50","description":"Caixa de nuggets em kraft 175 x 105 x 75 mm, ideal para vendas de takeaway. Resistente \u00e0 gordura, garante um transporte \u00f3timo das suas pepitas","robots":{"index":"index","follow":"follow","max-snippet":"max-snippet:-1","max-image-preview":"max-image-preview:large","max-video-preview":"max-video-preview:-1"},"canonical":"https:\/\/www.csj-emballages.com\/pt-pt\/produit\/caixa-de-cartao-para-levar-nuggets-175-x-105-x-75-mm-embalagem-de-50\/","og_locale":"pt_PT","og_type":"article","og_title":"Caixa de cart\u00e3o para levar nuggets 175 x 105 x 75 mm (embalagem de 50)","og_description":"Caixa de nuggets em kraft 175 x 105 x 75 mm, ideal para vendas de takeaway. Resistente \u00e0 gordura, garante um transporte \u00f3timo das suas pepitas","og_url":"https:\/\/www.csj-emballages.com\/pt-pt\/produit\/caixa-de-cartao-para-levar-nuggets-175-x-105-x-75-mm-embalagem-de-50\/","og_site_name":"CSJ Emballages","article_publisher":"https:\/\/www.facebook.com\/csjemballages","article_modified_time":"2026-05-07T00:20:59+00:00","og_image":[{"width":800,"height":799,"url":"https:\/\/www.csj-emballages.com\/wp-content\/uploads\/2024\/12\/TK12.webp","type":"image\/webp"}],"twitter_card":"summary_large_image","twitter_misc":{"Tempo estimado de leitura":"2 minutos"},"schema":{"@context":"https:\/\/schema.org","@graph":[{"@type":"WebPage","@id":"https:\/\/www.csj-emballages.com\/pt-pt\/produit\/caixa-de-cartao-para-levar-nuggets-175-x-105-x-75-mm-embalagem-de-50\/","url":"https:\/\/www.csj-emballages.com\/pt-pt\/produit\/caixa-de-cartao-para-levar-nuggets-175-x-105-x-75-mm-embalagem-de-50\/","name":"Caixa de cart\u00e3o para levar Nuggets 175 x 105 x 75 mm, embalagem de 50","isPartOf":{"@id":"https:\/\/www.csj-emballages.com\/pt-pt\/#website"},"primaryImageOfPage":{"@id":"https:\/\/www.csj-emballages.com\/pt-pt\/produit\/caixa-de-cartao-para-levar-nuggets-175-x-105-x-75-mm-embalagem-de-50\/#primaryimage"},"image":{"@id":"https:\/\/www.csj-emballages.com\/pt-pt\/produit\/caixa-de-cartao-para-levar-nuggets-175-x-105-x-75-mm-embalagem-de-50\/#primaryimage"},"thumbnailUrl":"https:\/\/www.csj-emballages.com\/wp-content\/uploads\/2024\/12\/TK12.webp","datePublished":"2024-12-18T15:15:21+00:00","dateModified":"2026-05-07T00:20:59+00:00","description":"Caixa de nuggets em kraft 175 x 105 x 75 mm, ideal para vendas de takeaway. Resistente \u00e0 gordura, garante um transporte \u00f3timo das suas pepitas","breadcrumb":{"@id":"https:\/\/www.csj-emballages.com\/pt-pt\/produit\/caixa-de-cartao-para-levar-nuggets-175-x-105-x-75-mm-embalagem-de-50\/#breadcrumb"},"inLanguage":"pt-PT","potentialAction":[{"@type":"ReadAction","target":["https:\/\/www.csj-emballages.com\/pt-pt\/produit\/caixa-de-cartao-para-levar-nuggets-175-x-105-x-75-mm-embalagem-de-50\/"]}]},{"@type":"ImageObject","inLanguage":"pt-PT","@id":"https:\/\/www.csj-emballages.com\/pt-pt\/produit\/caixa-de-cartao-para-levar-nuggets-175-x-105-x-75-mm-embalagem-de-50\/#primaryimage","url":"https:\/\/www.csj-emballages.com\/wp-content\/uploads\/2024\/12\/TK12.webp","contentUrl":"https:\/\/www.csj-emballages.com\/wp-content\/uploads\/2024\/12\/TK12.webp","width":800,"height":799,"caption":"Boite nuggets"},{"@type":"BreadcrumbList","@id":"https:\/\/www.csj-emballages.com\/pt-pt\/produit\/caixa-de-cartao-para-levar-nuggets-175-x-105-x-75-mm-embalagem-de-50\/#breadcrumb","itemListElement":[{"@type":"ListItem","position":1,"name":"Acolhimento","item":"https:\/\/www.csj-emballages.com\/pt-pt\/universo-das-embalagens-alimentares\/"},{"@type":"ListItem","position":2,"name":"Shop","item":"https:\/\/www.csj-emballages.com\/shop\/"},{"@type":"ListItem","position":3,"name":"Caixa de cart\u00e3o para levar nuggets 175 x 105 x 75 mm (embalagem de 50)"}]},{"@type":"WebSite","@id":"https:\/\/www.csj-emballages.com\/pt-pt\/#website","url":"https:\/\/www.csj-emballages.com\/pt-pt\/","name":"CSJ Emballages","description":"","publisher":{"@id":"https:\/\/www.csj-emballages.com\/pt-pt\/#organization"},"potentialAction":[{"@type":"SearchAction","target":{"@type":"EntryPoint","urlTemplate":"https:\/\/www.csj-emballages.com\/pt-pt\/?s={search_term_string}"},"query-input":{"@type":"PropertyValueSpecification","valueRequired":true,"valueName":"search_term_string"}}],"inLanguage":"pt-PT"},{"@type":"Organization","@id":"https:\/\/www.csj-emballages.com\/pt-pt\/#Organization\/","name":"CSJ Emballages","url":"https:\/\/www.csj-emballages.com\/pt-pt\/","logo":{"@type":"ImageObject","inLanguage":"pt-PT","@id":"https:\/\/www.csj-emballages.com\/pt-pt\/#\/schema\/logo\/image\/","url":"https:\/\/www.csj-emballages.com\/wp-content\/uploads\/2023\/10\/logo_csj.webp","contentUrl":"https:\/\/www.csj-emballages.com\/wp-content\/uploads\/2023\/10\/logo_csj.webp","width":250,"height":95,"caption":"CSJ Emballages"},"image":{"@id":"https:\/\/www.csj-emballages.com\/pt-pt\/#\/schema\/logo\/image\/"},"sameAs":["https:\/\/www.facebook.com\/csjemballages"],"address":{"@type":"PostalAddress","streetAddress":"ZI La Lechere","addressLocality":"Patornay","postalCode":"39130","addressCountry":"FR"},"contactPoint":[{"@type":"ContactPoint","contactType":"Service client","telephone":"0384254272","email":"contact@csj-emballages.com"}]}]}},"df_price":10.66,"df_sale_price":"","df_regular_price":10.66,"df_image_link":"https:\/\/www.csj-emballages.com\/wp-content\/uploads\/2024\/12\/TK12-300x300.webp","tiered_pricing_type":"fixed","tiered_pricing_fixed_rules":[],"tiered_pricing_percentage_rules":[],"tiered_pricing_minimum":1,"tiered_pricing_roles_data":[],"_links":{"self":[{"href":"https:\/\/www.csj-emballages.com\/pt-pt\/wp-json\/wp\/v2\/product\/224710","targetHints":{"allow":["GET"]}}],"collection":[{"href":"https:\/\/www.csj-emballages.com\/pt-pt\/wp-json\/wp\/v2\/product"}],"about":[{"href":"https:\/\/www.csj-emballages.com\/pt-pt\/wp-json\/wp\/v2\/types\/product"}],"wp:featuredmedia":[{"embeddable":true,"href":"https:\/\/www.csj-emballages.com\/pt-pt\/wp-json\/wp\/v2\/media\/224642"}],"wp:attachment":[{"href":"https:\/\/www.csj-emballages.com\/pt-pt\/wp-json\/wp\/v2\/media?parent=224710"}],"wp:term":[{"taxonomy":"product_brand","embeddable":true,"href":"https:\/\/www.csj-emballages.com\/pt-pt\/wp-json\/wp\/v2\/product_brand?post=224710"},{"taxonomy":"product_cat","embeddable":true,"href":"https:\/\/www.csj-emballages.com\/pt-pt\/wp-json\/wp\/v2\/product_cat?post=224710"},{"taxonomy":"product_tag","embeddable":true,"href":"https:\/\/www.csj-emballages.com\/pt-pt\/wp-json\/wp\/v2\/product_tag?post=224710"}],"curies":[{"name":"wp","href":"https:\/\/api.w.org\/{rel}","templated":true}]}}