{"id":22455,"date":"2024-03-01T16:50:39","date_gmt":"2024-03-01T15:50:39","guid":{"rendered":"https:\/\/u15jnbdpoq.preview.infomaniak.website\/produit\/250-palitos-de-bambu-para-cocktail-com-105-mm-de-arco\/"},"modified":"2026-04-21T02:15:12","modified_gmt":"2026-04-21T00:15:12","slug":"250-palitos-de-bambu-para-cocktail-com-105-mm-de-arco","status":"publish","type":"product","link":"https:\/\/www.csj-emballages.com\/pt-pt\/produit\/250-palitos-de-bambu-para-cocktail-com-105-mm-de-arco\/","title":{"rendered":"Palitos de cocktail em bambu 105 mm por 250"},"content":{"rendered":"<h2 class=\"p1\">Escolhe o aperitivo<\/h2>\n<hr>\n<h3>Descri\u00e7\u00e3o dos nossos palitos de cocktail em bambu, arco de 105 mm, 250 pe\u00e7as<\/h3>\n<p><!--more--><\/p>\n<p>D\u00ea um toque de eleg\u00e2ncia \u00e0s suas apresenta\u00e7\u00f5es com estes <strong data-start=\"88\" data-end=\"128\">palitos de bambu<\/strong> <strong data-start=\"132\" data-end=\"142\" data-is-only-node=\"\">de 105 mm<\/strong> <strong data-start=\"88\" data-end=\"128\">com la\u00e7o<\/strong>. Perfeitos para empresas de catering, restauradores e particulares, estes palitos s\u00e3o ideais para servir amuse-bouches, kebabs, tapas ou cocktails com estilo. Fabricados em <strong data-start=\"314\" data-end=\"332\">bambu natural<\/strong>, s\u00e3o <strong data-start=\"343\" data-end=\"386\">resistentes, ecol\u00f3gicos e biodegrad\u00e1veis.<\/strong>  <\/p>\n<p>&nbsp;<\/p>\n<p><!--more--><\/p>\n<p><strong>Vantagens :<\/strong><\/p>\n<ul>\n<li data-start=\"409\" data-end=\"502\">Em bambu natural, biodegrad\u00e1veis e amigos do ambiente.<\/li>\n<li data-start=\"409\" data-end=\"502\">Comprimento ideal para espetadas, aperitivos e cocktails.<\/li>\n<li data-start=\"587\" data-end=\"668\">O n\u00f3 confere um toque requintado \u00e0s suas apresenta\u00e7\u00f5es.<\/li>\n<li data-start=\"669\" data-end=\"742\">Resistentes e adequados para alimentos frios ou quentes.<\/li>\n<li data-start=\"743\" data-end=\"836\">Utiliz\u00e1veis em restaura\u00e7\u00e3o, catering, eventos ou em casa.<\/li>\n<\/ul>\n<p>&nbsp;<\/p>\n<p><!--more--><\/p>\n<h4>Outras informa\u00e7\u00f5es :<\/h4>\n<ul>\n<li><strong>Embalagem<\/strong>: 250 unidades<\/li>\n<li><strong>Comprimento<\/strong>: 105 mm<\/li>\n<li><strong>Material<\/strong>: Madeira<\/li>\n<\/ul>\n<p>&nbsp;<\/p>\n<p><!--more--><\/p>\n<p>Este produto tamb\u00e9m est\u00e1 dispon\u00edvel em <span style=\"color: #d12727;\"><a style=\"color: #d12727;\" href=\"https:\/\/www.csj-emballages.com\/es\/produit\/250-picos-de-coctel-de-bambu-con-nudo-de-150-mm\/\">150 mm<\/a><\/span><\/p>\n<p>&nbsp;<\/p>\n<p><!--more--><\/p>\n<p><a href=\"https:\/\/www.csj-emballages.com\/pt-pt\/categorie-produit\/embalagem-de-alimentos\/talho-e-charcutaria\/escolhas-de-alimentos\/escolhe-o-aperitivo\/palhetas-de-madeira-para-cocktails\/\">Ver o resto da nossa gama de escolhas de aperitivos<\/a><\/p>\n","protected":false},"excerpt":{"rendered":"<p>Escolhe o aperitivo Descri\u00e7\u00e3o dos nossos palitos de cocktail em bambu, arco de 105 mm, 250 pe\u00e7as<\/p>\n","protected":false},"featured_media":225327,"template":"","meta":{"_acf_changed":false},"product_brand":[],"product_cat":[1176,1306,1834,1836],"product_tag":[],"class_list":{"0":"post-22455","1":"product","2":"type-product","3":"status-publish","4":"has-post-thumbnail","6":"product_cat-talho-e-charcutaria","7":"product_cat-copos-jarras-copos","8":"product_cat-escolhe-o-aperitivo","9":"product_cat-palhetas-de-madeira-para-cocktails","11":"first","12":"instock","13":"taxable","14":"shipping-taxable","15":"purchasable","16":"product-type-simple"},"acf":[],"yoast_head":"<!-- This site is optimized with the Yoast SEO Premium plugin v26.6 (Yoast SEO v26.6) - https:\/\/yoast.com\/wordpress\/plugins\/seo\/ -->\n<title>Palitos de cocktail em bambu com n\u00f3 de 105 mm, 250 unidades.<\/title>\n<meta name=\"description\" content=\"Descubra os palitos de aperitivo de bambu com n\u00f3 de 105 mm. Perfeitos para cocktails, espetadas e aperitivos. Ecol\u00f3gicos, s\u00f3lidos e elegantes\" \/>\n<meta name=\"robots\" content=\"index, follow, max-snippet:-1, max-image-preview:large, max-video-preview:-1\" \/>\n<link rel=\"canonical\" href=\"https:\/\/www.csj-emballages.com\/pt-pt\/produit\/250-palitos-de-bambu-para-cocktail-com-105-mm-de-arco\/\" \/>\n<meta property=\"og:locale\" content=\"pt_PT\" \/>\n<meta property=\"og:type\" content=\"article\" \/>\n<meta property=\"og:title\" content=\"Palitos de cocktail em bambu 105 mm por 250\" \/>\n<meta property=\"og:description\" content=\"Descubra os palitos de aperitivo de bambu com n\u00f3 de 105 mm. Perfeitos para cocktails, espetadas e aperitivos. Ecol\u00f3gicos, s\u00f3lidos e elegantes\" \/>\n<meta property=\"og:url\" content=\"https:\/\/www.csj-emballages.com\/pt-pt\/produit\/250-palitos-de-bambu-para-cocktail-com-105-mm-de-arco\/\" \/>\n<meta property=\"og:site_name\" content=\"CSJ Emballages\" \/>\n<meta property=\"article:publisher\" content=\"https:\/\/www.facebook.com\/csjemballages\" \/>\n<meta property=\"article:modified_time\" content=\"2026-04-21T00:15:12+00:00\" \/>\n<meta property=\"og:image\" content=\"https:\/\/www.csj-emballages.com\/wp-content\/uploads\/2024\/03\/piques-bambou-105.webp\" \/>\n\t<meta property=\"og:image:width\" content=\"800\" \/>\n\t<meta property=\"og:image:height\" content=\"800\" \/>\n\t<meta property=\"og:image:type\" content=\"image\/webp\" \/>\n<meta name=\"twitter:card\" content=\"summary_large_image\" \/>\n<meta name=\"twitter:label1\" content=\"Tempo estimado de leitura\" \/>\n\t<meta name=\"twitter:data1\" content=\"1 minuto\" \/>\n<script type=\"application\/ld+json\" class=\"yoast-schema-graph\">{\"@context\":\"https:\/\/schema.org\",\"@graph\":[{\"@type\":\"WebPage\",\"@id\":\"https:\/\/www.csj-emballages.com\/pt-pt\/produit\/250-palitos-de-bambu-para-cocktail-com-105-mm-de-arco\/\",\"url\":\"https:\/\/www.csj-emballages.com\/pt-pt\/produit\/250-palitos-de-bambu-para-cocktail-com-105-mm-de-arco\/\",\"name\":\"Palitos de cocktail em bambu com n\u00f3 de 105 mm, 250 unidades.\",\"isPartOf\":{\"@id\":\"https:\/\/www.csj-emballages.com\/pt-pt\/#website\"},\"primaryImageOfPage\":{\"@id\":\"https:\/\/www.csj-emballages.com\/pt-pt\/produit\/250-palitos-de-bambu-para-cocktail-com-105-mm-de-arco\/#primaryimage\"},\"image\":{\"@id\":\"https:\/\/www.csj-emballages.com\/pt-pt\/produit\/250-palitos-de-bambu-para-cocktail-com-105-mm-de-arco\/#primaryimage\"},\"thumbnailUrl\":\"https:\/\/www.csj-emballages.com\/wp-content\/uploads\/2024\/03\/piques-bambou-105.webp\",\"datePublished\":\"2024-03-01T15:50:39+00:00\",\"dateModified\":\"2026-04-21T00:15:12+00:00\",\"description\":\"Descubra os palitos de aperitivo de bambu com n\u00f3 de 105 mm. Perfeitos para cocktails, espetadas e aperitivos. Ecol\u00f3gicos, s\u00f3lidos e elegantes\",\"breadcrumb\":{\"@id\":\"https:\/\/www.csj-emballages.com\/pt-pt\/produit\/250-palitos-de-bambu-para-cocktail-com-105-mm-de-arco\/#breadcrumb\"},\"inLanguage\":\"pt-PT\",\"potentialAction\":[{\"@type\":\"ReadAction\",\"target\":[\"https:\/\/www.csj-emballages.com\/pt-pt\/produit\/250-palitos-de-bambu-para-cocktail-com-105-mm-de-arco\/\"]}]},{\"@type\":\"ImageObject\",\"inLanguage\":\"pt-PT\",\"@id\":\"https:\/\/www.csj-emballages.com\/pt-pt\/produit\/250-palitos-de-bambu-para-cocktail-com-105-mm-de-arco\/#primaryimage\",\"url\":\"https:\/\/www.csj-emballages.com\/wp-content\/uploads\/2024\/03\/piques-bambou-105.webp\",\"contentUrl\":\"https:\/\/www.csj-emballages.com\/wp-content\/uploads\/2024\/03\/piques-bambou-105.webp\",\"width\":800,\"height\":800,\"caption\":\"piques ap\u00e9ritifs\"},{\"@type\":\"BreadcrumbList\",\"@id\":\"https:\/\/www.csj-emballages.com\/pt-pt\/produit\/250-palitos-de-bambu-para-cocktail-com-105-mm-de-arco\/#breadcrumb\",\"itemListElement\":[{\"@type\":\"ListItem\",\"position\":1,\"name\":\"Acolhimento\",\"item\":\"https:\/\/www.csj-emballages.com\/pt-pt\/universo-das-embalagens-alimentares\/\"},{\"@type\":\"ListItem\",\"position\":2,\"name\":\"Shop\",\"item\":\"https:\/\/www.csj-emballages.com\/shop\/\"},{\"@type\":\"ListItem\",\"position\":3,\"name\":\"Palitos de cocktail em bambu 105 mm por 250\"}]},{\"@type\":\"WebSite\",\"@id\":\"https:\/\/www.csj-emballages.com\/pt-pt\/#website\",\"url\":\"https:\/\/www.csj-emballages.com\/pt-pt\/\",\"name\":\"CSJ Emballages\",\"description\":\"\",\"publisher\":{\"@id\":\"https:\/\/www.csj-emballages.com\/pt-pt\/#organization\"},\"potentialAction\":[{\"@type\":\"SearchAction\",\"target\":{\"@type\":\"EntryPoint\",\"urlTemplate\":\"https:\/\/www.csj-emballages.com\/pt-pt\/?s={search_term_string}\"},\"query-input\":{\"@type\":\"PropertyValueSpecification\",\"valueRequired\":true,\"valueName\":\"search_term_string\"}}],\"inLanguage\":\"pt-PT\"},{\"@type\":\"Organization\",\"@id\":\"https:\/\/www.csj-emballages.com\/pt-pt\/#Organization\/\",\"name\":\"CSJ Emballages\",\"url\":\"https:\/\/www.csj-emballages.com\/pt-pt\/\",\"logo\":{\"@type\":\"ImageObject\",\"inLanguage\":\"pt-PT\",\"@id\":\"https:\/\/www.csj-emballages.com\/pt-pt\/#\/schema\/logo\/image\/\",\"url\":\"https:\/\/www.csj-emballages.com\/wp-content\/uploads\/2023\/10\/logo_csj.webp\",\"contentUrl\":\"https:\/\/www.csj-emballages.com\/wp-content\/uploads\/2023\/10\/logo_csj.webp\",\"width\":250,\"height\":95,\"caption\":\"CSJ Emballages\"},\"image\":{\"@id\":\"https:\/\/www.csj-emballages.com\/pt-pt\/#\/schema\/logo\/image\/\"},\"sameAs\":[\"https:\/\/www.facebook.com\/csjemballages\"],\"address\":{\"@type\":\"PostalAddress\",\"streetAddress\":\"ZI La Lechere\",\"addressLocality\":\"Patornay\",\"postalCode\":\"39130\",\"addressCountry\":\"FR\"},\"contactPoint\":[{\"@type\":\"ContactPoint\",\"contactType\":\"Service client\",\"telephone\":\"0384254272\",\"email\":\"contact@csj-emballages.com\"}]}]}<\/script>\n<!-- \/ Yoast SEO Premium plugin. -->","yoast_head_json":{"title":"Palitos de cocktail em bambu com n\u00f3 de 105 mm, 250 unidades.","description":"Descubra os palitos de aperitivo de bambu com n\u00f3 de 105 mm. Perfeitos para cocktails, espetadas e aperitivos. Ecol\u00f3gicos, s\u00f3lidos e elegantes","robots":{"index":"index","follow":"follow","max-snippet":"max-snippet:-1","max-image-preview":"max-image-preview:large","max-video-preview":"max-video-preview:-1"},"canonical":"https:\/\/www.csj-emballages.com\/pt-pt\/produit\/250-palitos-de-bambu-para-cocktail-com-105-mm-de-arco\/","og_locale":"pt_PT","og_type":"article","og_title":"Palitos de cocktail em bambu 105 mm por 250","og_description":"Descubra os palitos de aperitivo de bambu com n\u00f3 de 105 mm. Perfeitos para cocktails, espetadas e aperitivos. Ecol\u00f3gicos, s\u00f3lidos e elegantes","og_url":"https:\/\/www.csj-emballages.com\/pt-pt\/produit\/250-palitos-de-bambu-para-cocktail-com-105-mm-de-arco\/","og_site_name":"CSJ Emballages","article_publisher":"https:\/\/www.facebook.com\/csjemballages","article_modified_time":"2026-04-21T00:15:12+00:00","og_image":[{"width":800,"height":800,"url":"https:\/\/www.csj-emballages.com\/wp-content\/uploads\/2024\/03\/piques-bambou-105.webp","type":"image\/webp"}],"twitter_card":"summary_large_image","twitter_misc":{"Tempo estimado de leitura":"1 minuto"},"schema":{"@context":"https:\/\/schema.org","@graph":[{"@type":"WebPage","@id":"https:\/\/www.csj-emballages.com\/pt-pt\/produit\/250-palitos-de-bambu-para-cocktail-com-105-mm-de-arco\/","url":"https:\/\/www.csj-emballages.com\/pt-pt\/produit\/250-palitos-de-bambu-para-cocktail-com-105-mm-de-arco\/","name":"Palitos de cocktail em bambu com n\u00f3 de 105 mm, 250 unidades.","isPartOf":{"@id":"https:\/\/www.csj-emballages.com\/pt-pt\/#website"},"primaryImageOfPage":{"@id":"https:\/\/www.csj-emballages.com\/pt-pt\/produit\/250-palitos-de-bambu-para-cocktail-com-105-mm-de-arco\/#primaryimage"},"image":{"@id":"https:\/\/www.csj-emballages.com\/pt-pt\/produit\/250-palitos-de-bambu-para-cocktail-com-105-mm-de-arco\/#primaryimage"},"thumbnailUrl":"https:\/\/www.csj-emballages.com\/wp-content\/uploads\/2024\/03\/piques-bambou-105.webp","datePublished":"2024-03-01T15:50:39+00:00","dateModified":"2026-04-21T00:15:12+00:00","description":"Descubra os palitos de aperitivo de bambu com n\u00f3 de 105 mm. Perfeitos para cocktails, espetadas e aperitivos. Ecol\u00f3gicos, s\u00f3lidos e elegantes","breadcrumb":{"@id":"https:\/\/www.csj-emballages.com\/pt-pt\/produit\/250-palitos-de-bambu-para-cocktail-com-105-mm-de-arco\/#breadcrumb"},"inLanguage":"pt-PT","potentialAction":[{"@type":"ReadAction","target":["https:\/\/www.csj-emballages.com\/pt-pt\/produit\/250-palitos-de-bambu-para-cocktail-com-105-mm-de-arco\/"]}]},{"@type":"ImageObject","inLanguage":"pt-PT","@id":"https:\/\/www.csj-emballages.com\/pt-pt\/produit\/250-palitos-de-bambu-para-cocktail-com-105-mm-de-arco\/#primaryimage","url":"https:\/\/www.csj-emballages.com\/wp-content\/uploads\/2024\/03\/piques-bambou-105.webp","contentUrl":"https:\/\/www.csj-emballages.com\/wp-content\/uploads\/2024\/03\/piques-bambou-105.webp","width":800,"height":800,"caption":"piques ap\u00e9ritifs"},{"@type":"BreadcrumbList","@id":"https:\/\/www.csj-emballages.com\/pt-pt\/produit\/250-palitos-de-bambu-para-cocktail-com-105-mm-de-arco\/#breadcrumb","itemListElement":[{"@type":"ListItem","position":1,"name":"Acolhimento","item":"https:\/\/www.csj-emballages.com\/pt-pt\/universo-das-embalagens-alimentares\/"},{"@type":"ListItem","position":2,"name":"Shop","item":"https:\/\/www.csj-emballages.com\/shop\/"},{"@type":"ListItem","position":3,"name":"Palitos de cocktail em bambu 105 mm por 250"}]},{"@type":"WebSite","@id":"https:\/\/www.csj-emballages.com\/pt-pt\/#website","url":"https:\/\/www.csj-emballages.com\/pt-pt\/","name":"CSJ Emballages","description":"","publisher":{"@id":"https:\/\/www.csj-emballages.com\/pt-pt\/#organization"},"potentialAction":[{"@type":"SearchAction","target":{"@type":"EntryPoint","urlTemplate":"https:\/\/www.csj-emballages.com\/pt-pt\/?s={search_term_string}"},"query-input":{"@type":"PropertyValueSpecification","valueRequired":true,"valueName":"search_term_string"}}],"inLanguage":"pt-PT"},{"@type":"Organization","@id":"https:\/\/www.csj-emballages.com\/pt-pt\/#Organization\/","name":"CSJ Emballages","url":"https:\/\/www.csj-emballages.com\/pt-pt\/","logo":{"@type":"ImageObject","inLanguage":"pt-PT","@id":"https:\/\/www.csj-emballages.com\/pt-pt\/#\/schema\/logo\/image\/","url":"https:\/\/www.csj-emballages.com\/wp-content\/uploads\/2023\/10\/logo_csj.webp","contentUrl":"https:\/\/www.csj-emballages.com\/wp-content\/uploads\/2023\/10\/logo_csj.webp","width":250,"height":95,"caption":"CSJ Emballages"},"image":{"@id":"https:\/\/www.csj-emballages.com\/pt-pt\/#\/schema\/logo\/image\/"},"sameAs":["https:\/\/www.facebook.com\/csjemballages"],"address":{"@type":"PostalAddress","streetAddress":"ZI La Lechere","addressLocality":"Patornay","postalCode":"39130","addressCountry":"FR"},"contactPoint":[{"@type":"ContactPoint","contactType":"Service client","telephone":"0384254272","email":"contact@csj-emballages.com"}]}]}},"df_price":4.8,"df_sale_price":"","df_regular_price":4.8,"df_image_link":"https:\/\/www.csj-emballages.com\/wp-content\/uploads\/2024\/03\/piques-bambou-105-300x300.webp","tiered_pricing_type":"fixed","tiered_pricing_fixed_rules":[],"tiered_pricing_percentage_rules":[],"tiered_pricing_minimum":1,"tiered_pricing_roles_data":[],"_links":{"self":[{"href":"https:\/\/www.csj-emballages.com\/pt-pt\/wp-json\/wp\/v2\/product\/22455","targetHints":{"allow":["GET"]}}],"collection":[{"href":"https:\/\/www.csj-emballages.com\/pt-pt\/wp-json\/wp\/v2\/product"}],"about":[{"href":"https:\/\/www.csj-emballages.com\/pt-pt\/wp-json\/wp\/v2\/types\/product"}],"wp:featuredmedia":[{"embeddable":true,"href":"https:\/\/www.csj-emballages.com\/pt-pt\/wp-json\/wp\/v2\/media\/225327"}],"wp:attachment":[{"href":"https:\/\/www.csj-emballages.com\/pt-pt\/wp-json\/wp\/v2\/media?parent=22455"}],"wp:term":[{"taxonomy":"product_brand","embeddable":true,"href":"https:\/\/www.csj-emballages.com\/pt-pt\/wp-json\/wp\/v2\/product_brand?post=22455"},{"taxonomy":"product_cat","embeddable":true,"href":"https:\/\/www.csj-emballages.com\/pt-pt\/wp-json\/wp\/v2\/product_cat?post=22455"},{"taxonomy":"product_tag","embeddable":true,"href":"https:\/\/www.csj-emballages.com\/pt-pt\/wp-json\/wp\/v2\/product_tag?post=22455"}],"curies":[{"name":"wp","href":"https:\/\/api.w.org\/{rel}","templated":true}]}}