{"id":224369,"date":"2024-03-01T16:55:45","date_gmt":"2024-03-01T15:55:45","guid":{"rendered":"https:\/\/www.csj-emballages.com\/produit\/25-tabuleiros-para-2-cupcakes-de-cartao-branco\/"},"modified":"2026-03-12T16:18:56","modified_gmt":"2026-03-12T15:18:56","slug":"25-tabuleiros-para-2-cupcakes-de-cartao-branco","status":"publish","type":"product","link":"https:\/\/www.csj-emballages.com\/pt-pt\/produit\/25-tabuleiros-para-2-cupcakes-de-cartao-branco\/","title":{"rendered":"Tabuleiro para cupcakes, 2 espa\u00e7os, cart\u00e3o branco, 25 unid."},"content":{"rendered":"<h2 style=\"text-align: left;\">Cunha para cupcakes<\/h2>\n<hr>\n<h3 style=\"text-align: left;\"><span style=\"font-weight: bold;\">Descubra o nosso tabuleiro de cart\u00e3o branco para cupcakes com 2 espa\u00e7os, embalagem de 25<\/span><\/h3>\n<p style=\"text-align: left;\"><!--more--><\/p>\n<p data-start=\"173\" data-end=\"770\">O <strong>tabuleiro de cart\u00e3o branco para cupcakes com 2 espa\u00e7os (25 unidades) <\/strong>\u00e9 um acess\u00f3rio indispens\u00e1vel para os padeiros, pasteleiros e fornecedores que desejam apresentar e transportar as suas cria\u00e7\u00f5es com eleg\u00e2ncia e seguran\u00e7a. Especificamente concebido para conter duas pe\u00e7as, este <strong>tabuleiro<\/strong> <strong data-start=\"441\" data-end=\"463\">de cart\u00e3o<\/strong> <strong>branco<\/strong> garante um suporte \u00f3timo para os seus cupcakes, muffins ou outras guloseimas individuais. Acabaram-se os bolos que escorregam ou se danificam durante o transporte: gra\u00e7as ao seu recorte preciso e aos entalhes especialmente adaptados, cada bolo mant\u00e9m-se perfeitamente no lugar, para uma apresenta\u00e7\u00e3o perfeita \u00e0 chegada.  <\/p>\n<p data-start=\"772\" data-end=\"1210\">Fabricado em <strong data-start=\"784\" data-end=\"807\">cart\u00e3o branco r\u00edgido<\/strong>, este tabuleiro oferece uma robustez apreci\u00e1vel, mantendo um aspeto simples e elegante. A sua cor neutra real\u00e7a as suas cria\u00e7\u00f5es gourmet sem as ofuscar, quer seja para um casamento, um anivers\u00e1rio, um batizado ou simplesmente para um take-away. O formato pr\u00e1tico de <strong>25 pe\u00e7as<\/strong> por lote permite responder facilmente \u00e0s necessidades dos profissionais, reduzindo ao m\u00ednimo a arruma\u00e7\u00e3o.  <\/p>\n<p data-start=\"1212\" data-end=\"1527\">A utiliza\u00e7\u00e3o deste tipo de <strong data-start=\"1232\" data-end=\"1256\">tabuleiro para cupcakes<\/strong> \u00e9 tamb\u00e9m uma garantia de higiene: cada sobremesa fica bem separada, evitando a fric\u00e7\u00e3o e o contacto entre as coberturas. F\u00e1cil de inserir nas suas <strong data-start=\"1415\" data-end=\"1437\">caixas de cupcakes<\/strong>, adapta-se a tamanhos padr\u00e3o e poupa tempo ao embalar. <\/p>\n<p data-start=\"1529\" data-end=\"1746\">Opte por este <strong data-start=\"176\" data-end=\"217\">tabuleiro para 2 cupcakes<\/strong> e ter\u00e1 a combina\u00e7\u00e3o perfeita de praticidade, apresenta\u00e7\u00e3o e prote\u00e7\u00e3o. Os seus clientes v\u00e3o gostar de encontrar os seus cupcakes intactos, t\u00e3o bonitos e deliciosos como est\u00e3o na sua vitrina. <\/p>\n<p data-start=\"1529\" data-end=\"1746\">\n<p style=\"text-align: left;\"><!--more--><\/p>\n<h4 style=\"text-align: left;\">As vantagens:<\/h4>\n<ul style=\"text-align: left;\">\n<li>Segura firmemente <strong data-start=\"1794\" data-end=\"1808\">2 cupcakes.<\/strong><\/li>\n<li><strong data-start=\"1813\" data-end=\"1836\">Cart\u00e3o branco r\u00edgido.<\/strong><\/li>\n<li>Compat\u00edvel com <strong data-start=\"1910\" data-end=\"1942\">formas de cupcake normais<\/strong><\/li>\n<li>Embalado em pacotes de <strong data-start=\"1963\" data-end=\"1976\">25<\/strong> unidades, ideal para profissionais.<\/li>\n<\/ul>\n<p>&nbsp;<\/p>\n<p style=\"text-align: left;\"><!--more--><\/p>\n<h4 style=\"text-align: left;\">Outras informa\u00e7\u00f5es :<\/h4>\n<ul style=\"text-align: left;\">\n<li><strong>Embalagem<\/strong>: Pacote de 25<\/li>\n<li><b>Comprimento do bordo desdobrado <\/b>: 237 mm<\/li>\n<li><strong>Comprimento<\/strong> <b>do bordo dobrado <\/b>: 195 mm<\/li>\n<li><strong>Largura<\/strong> <b>do bordo desdobrado <\/b>: 148 mm<\/li>\n<li><strong>Largura<\/strong> <b>do bordo dobrado <\/b>: 106 mm<\/li>\n<li><strong>Altura do rebordo<\/strong>: 20 mm<\/li>\n<li><strong>Di\u00e2metro da ranhura<\/strong>: 64 mm<\/li>\n<li><b>Cor <\/b>: Branco<\/li>\n<li><strong>Material<\/strong>: Cart\u00e3o<\/li>\n<\/ul>\n<p>&nbsp;<\/p>\n<p style=\"text-align: left;\"><!--more--><\/p>\n<p style=\"text-align: left;\">Este tabuleiro para cupcakes tamb\u00e9m est\u00e1 dispon\u00edvel com 4 ranhuras: <span style=\"color: #d12727;\"><a style=\"color: #d12727;\" href=\"https:\/\/www.csj-emballages.com\/pt-pt\/produit\/25-tabuleiros-para-4-cupcakes-de-cartao-branco\/\">CALBCC4<\/a><\/span><\/p>\n<p>&nbsp;<\/p>\n<p><!--more--><\/p>\n<p>Aqui encontra todas as caixas adequadas para o nosso tabuleiro para 2 cupcakes: <span style=\"color: #d12727;\"><a style=\"color: #d12727;\" href=\"https:\/\/www.csj-emballages.com\/pt-pt\/produit\/25-caixas-de-cartao-para-bolos-de-cacau-20-x-11-x-9-cm-2\/\">BCC2CACAO<\/a><\/span> \/ <span style=\"color: #d12727;\"><a style=\"color: #d12727;\" href=\"https:\/\/www.csj-emballages.com\/pt-pt\/produit\/25-formas-de-cartao-branco-para-bolos-20-x-11-x-9-cm\/\">BCC2BL<\/a><\/span> \/ <span style=\"color: #d12727;\"><a style=\"color: #d12727;\" href=\"https:\/\/www.csj-emballages.com\/pt-pt\/produit\/25-caixas-de-cartao-kraft-para-bolos-20-x-11-x-9-cm\/\">BCC2KRA<\/a><\/span> \/ <span style=\"color: #d12727;\"><a style=\"color: #d12727;\" href=\"https:\/\/www.csj-emballages.com\/pt-pt\/produit\/25-caixas-de-cartao-laranja-para-bolos-20-x-11-x-9-cm\/\">BCC2ORANG<\/a><\/span><\/p>\n<p>&nbsp;<\/p>\n<p style=\"text-align: left;\"><!--more--><\/p>\n<p style=\"text-align: left;\"><a href=\"https:\/\/www.csj-emballages.com\/pt-pt\/categorie-produit\/embalagem-de-alimentos\/padaria-e-pastelaria\/caixas-e-estojos\/caixas-para-cupcakes-pt-pt\/\">Veja o resto da nossa gama de caixas para cupcakes aqui<\/a><\/p>\n","protected":false},"excerpt":{"rendered":"<p>Cunha para cupcakes Descubra o nosso tabuleiro de cart\u00e3o branco para cupcakes com 2 espa\u00e7os, embalagem de 25<\/p>\n","protected":false},"featured_media":241668,"template":"","meta":{"_acf_changed":false},"product_brand":[],"product_cat":[1141,1177,2155,1267],"product_tag":[],"class_list":{"0":"post-224369","1":"product","2":"type-product","3":"status-publish","4":"has-post-thumbnail","6":"product_cat-embalagem-de-alimentos","7":"product_cat-padaria-e-pastelaria","8":"product_cat-caixas-para-cupcakes-pt-pt","9":"product_cat-descontos-promocoes","11":"first","12":"instock","13":"sale","14":"taxable","15":"shipping-taxable","16":"purchasable","17":"product-type-simple"},"acf":[],"yoast_head":"<!-- This site is optimized with the Yoast SEO Premium plugin v26.6 (Yoast SEO v26.6) - https:\/\/yoast.com\/wordpress\/plugins\/seo\/ -->\n<title>Camada de cupcake 2 espa\u00e7os Cartolina branca 25 unid.<\/title>\n<meta name=\"description\" content=\"Tabuleiro para cupcakes com 2 espa\u00e7os em cart\u00e3o branco, 25 unidades: uma solu\u00e7\u00e3o pr\u00e1tica e elegante para transportar os seus bolos com toda a seguran\u00e7a.\" \/>\n<meta name=\"robots\" content=\"index, follow, max-snippet:-1, max-image-preview:large, max-video-preview:-1\" \/>\n<link rel=\"canonical\" href=\"https:\/\/www.csj-emballages.com\/pt-pt\/produit\/25-tabuleiros-para-2-cupcakes-de-cartao-branco\/\" \/>\n<meta property=\"og:locale\" content=\"pt_PT\" \/>\n<meta property=\"og:type\" content=\"article\" \/>\n<meta property=\"og:title\" content=\"Tabuleiro para cupcakes, 2 espa\u00e7os, cart\u00e3o branco, 25 unid.\" \/>\n<meta property=\"og:description\" content=\"Tabuleiro para cupcakes com 2 espa\u00e7os em cart\u00e3o branco, 25 unidades: uma solu\u00e7\u00e3o pr\u00e1tica e elegante para transportar os seus bolos com toda a seguran\u00e7a.\" \/>\n<meta property=\"og:url\" content=\"https:\/\/www.csj-emballages.com\/pt-pt\/produit\/25-tabuleiros-para-2-cupcakes-de-cartao-branco\/\" \/>\n<meta property=\"og:site_name\" content=\"CSJ Emballages\" \/>\n<meta property=\"article:publisher\" content=\"https:\/\/www.facebook.com\/csjemballages\" \/>\n<meta property=\"article:modified_time\" content=\"2026-03-12T15:18:56+00:00\" \/>\n<meta property=\"og:image\" content=\"https:\/\/www.csj-emballages.com\/wp-content\/uploads\/2024\/03\/CALBCC2.webp\" \/>\n\t<meta property=\"og:image:width\" content=\"800\" \/>\n\t<meta property=\"og:image:height\" content=\"800\" \/>\n\t<meta property=\"og:image:type\" content=\"image\/webp\" \/>\n<meta name=\"twitter:card\" content=\"summary_large_image\" \/>\n<meta name=\"twitter:label1\" content=\"Tempo estimado de leitura\" \/>\n\t<meta name=\"twitter:data1\" content=\"2 minutos\" \/>\n<script type=\"application\/ld+json\" class=\"yoast-schema-graph\">{\"@context\":\"https:\/\/schema.org\",\"@graph\":[{\"@type\":\"WebPage\",\"@id\":\"https:\/\/www.csj-emballages.com\/pt-pt\/produit\/25-tabuleiros-para-2-cupcakes-de-cartao-branco\/\",\"url\":\"https:\/\/www.csj-emballages.com\/pt-pt\/produit\/25-tabuleiros-para-2-cupcakes-de-cartao-branco\/\",\"name\":\"Camada de cupcake 2 espa\u00e7os Cartolina branca 25 unid.\",\"isPartOf\":{\"@id\":\"https:\/\/www.csj-emballages.com\/pt-pt\/#website\"},\"primaryImageOfPage\":{\"@id\":\"https:\/\/www.csj-emballages.com\/pt-pt\/produit\/25-tabuleiros-para-2-cupcakes-de-cartao-branco\/#primaryimage\"},\"image\":{\"@id\":\"https:\/\/www.csj-emballages.com\/pt-pt\/produit\/25-tabuleiros-para-2-cupcakes-de-cartao-branco\/#primaryimage\"},\"thumbnailUrl\":\"https:\/\/www.csj-emballages.com\/wp-content\/uploads\/2024\/03\/CALBCC2.webp\",\"datePublished\":\"2024-03-01T15:55:45+00:00\",\"dateModified\":\"2026-03-12T15:18:56+00:00\",\"description\":\"Tabuleiro para cupcakes com 2 espa\u00e7os em cart\u00e3o branco, 25 unidades: uma solu\u00e7\u00e3o pr\u00e1tica e elegante para transportar os seus bolos com toda a seguran\u00e7a.\",\"breadcrumb\":{\"@id\":\"https:\/\/www.csj-emballages.com\/pt-pt\/produit\/25-tabuleiros-para-2-cupcakes-de-cartao-branco\/#breadcrumb\"},\"inLanguage\":\"pt-PT\",\"potentialAction\":[{\"@type\":\"ReadAction\",\"target\":[\"https:\/\/www.csj-emballages.com\/pt-pt\/produit\/25-tabuleiros-para-2-cupcakes-de-cartao-branco\/\"]}]},{\"@type\":\"ImageObject\",\"inLanguage\":\"pt-PT\",\"@id\":\"https:\/\/www.csj-emballages.com\/pt-pt\/produit\/25-tabuleiros-para-2-cupcakes-de-cartao-branco\/#primaryimage\",\"url\":\"https:\/\/www.csj-emballages.com\/wp-content\/uploads\/2024\/03\/CALBCC2.webp\",\"contentUrl\":\"https:\/\/www.csj-emballages.com\/wp-content\/uploads\/2024\/03\/CALBCC2.webp\",\"width\":800,\"height\":800,\"caption\":\"Calage cupcake\"},{\"@type\":\"BreadcrumbList\",\"@id\":\"https:\/\/www.csj-emballages.com\/pt-pt\/produit\/25-tabuleiros-para-2-cupcakes-de-cartao-branco\/#breadcrumb\",\"itemListElement\":[{\"@type\":\"ListItem\",\"position\":1,\"name\":\"Acolhimento\",\"item\":\"https:\/\/www.csj-emballages.com\/pt-pt\/universo-das-embalagens-alimentares\/\"},{\"@type\":\"ListItem\",\"position\":2,\"name\":\"Shop\",\"item\":\"https:\/\/www.csj-emballages.com\/shop\/\"},{\"@type\":\"ListItem\",\"position\":3,\"name\":\"Tabuleiro para cupcakes, 2 espa\u00e7os, cart\u00e3o branco, 25 unid.\"}]},{\"@type\":\"WebSite\",\"@id\":\"https:\/\/www.csj-emballages.com\/pt-pt\/#website\",\"url\":\"https:\/\/www.csj-emballages.com\/pt-pt\/\",\"name\":\"CSJ Emballages\",\"description\":\"\",\"publisher\":{\"@id\":\"https:\/\/www.csj-emballages.com\/pt-pt\/#organization\"},\"potentialAction\":[{\"@type\":\"SearchAction\",\"target\":{\"@type\":\"EntryPoint\",\"urlTemplate\":\"https:\/\/www.csj-emballages.com\/pt-pt\/?s={search_term_string}\"},\"query-input\":{\"@type\":\"PropertyValueSpecification\",\"valueRequired\":true,\"valueName\":\"search_term_string\"}}],\"inLanguage\":\"pt-PT\"},{\"@type\":\"Organization\",\"@id\":\"https:\/\/www.csj-emballages.com\/pt-pt\/#Organization\/\",\"name\":\"CSJ Emballages\",\"url\":\"https:\/\/www.csj-emballages.com\/pt-pt\/\",\"logo\":{\"@type\":\"ImageObject\",\"inLanguage\":\"pt-PT\",\"@id\":\"https:\/\/www.csj-emballages.com\/pt-pt\/#\/schema\/logo\/image\/\",\"url\":\"https:\/\/www.csj-emballages.com\/wp-content\/uploads\/2023\/10\/logo_csj.webp\",\"contentUrl\":\"https:\/\/www.csj-emballages.com\/wp-content\/uploads\/2023\/10\/logo_csj.webp\",\"width\":250,\"height\":95,\"caption\":\"CSJ Emballages\"},\"image\":{\"@id\":\"https:\/\/www.csj-emballages.com\/pt-pt\/#\/schema\/logo\/image\/\"},\"sameAs\":[\"https:\/\/www.facebook.com\/csjemballages\"],\"address\":{\"@type\":\"PostalAddress\",\"streetAddress\":\"ZI La Lechere\",\"addressLocality\":\"Patornay\",\"postalCode\":\"39130\",\"addressCountry\":\"FR\"},\"contactPoint\":[{\"@type\":\"ContactPoint\",\"contactType\":\"Service client\",\"telephone\":\"0384254272\",\"email\":\"contact@csj-emballages.com\"}]}]}<\/script>\n<!-- \/ Yoast SEO Premium plugin. -->","yoast_head_json":{"title":"Camada de cupcake 2 espa\u00e7os Cartolina branca 25 unid.","description":"Tabuleiro para cupcakes com 2 espa\u00e7os em cart\u00e3o branco, 25 unidades: uma solu\u00e7\u00e3o pr\u00e1tica e elegante para transportar os seus bolos com toda a seguran\u00e7a.","robots":{"index":"index","follow":"follow","max-snippet":"max-snippet:-1","max-image-preview":"max-image-preview:large","max-video-preview":"max-video-preview:-1"},"canonical":"https:\/\/www.csj-emballages.com\/pt-pt\/produit\/25-tabuleiros-para-2-cupcakes-de-cartao-branco\/","og_locale":"pt_PT","og_type":"article","og_title":"Tabuleiro para cupcakes, 2 espa\u00e7os, cart\u00e3o branco, 25 unid.","og_description":"Tabuleiro para cupcakes com 2 espa\u00e7os em cart\u00e3o branco, 25 unidades: uma solu\u00e7\u00e3o pr\u00e1tica e elegante para transportar os seus bolos com toda a seguran\u00e7a.","og_url":"https:\/\/www.csj-emballages.com\/pt-pt\/produit\/25-tabuleiros-para-2-cupcakes-de-cartao-branco\/","og_site_name":"CSJ Emballages","article_publisher":"https:\/\/www.facebook.com\/csjemballages","article_modified_time":"2026-03-12T15:18:56+00:00","og_image":[{"width":800,"height":800,"url":"https:\/\/www.csj-emballages.com\/wp-content\/uploads\/2024\/03\/CALBCC2.webp","type":"image\/webp"}],"twitter_card":"summary_large_image","twitter_misc":{"Tempo estimado de leitura":"2 minutos"},"schema":{"@context":"https:\/\/schema.org","@graph":[{"@type":"WebPage","@id":"https:\/\/www.csj-emballages.com\/pt-pt\/produit\/25-tabuleiros-para-2-cupcakes-de-cartao-branco\/","url":"https:\/\/www.csj-emballages.com\/pt-pt\/produit\/25-tabuleiros-para-2-cupcakes-de-cartao-branco\/","name":"Camada de cupcake 2 espa\u00e7os Cartolina branca 25 unid.","isPartOf":{"@id":"https:\/\/www.csj-emballages.com\/pt-pt\/#website"},"primaryImageOfPage":{"@id":"https:\/\/www.csj-emballages.com\/pt-pt\/produit\/25-tabuleiros-para-2-cupcakes-de-cartao-branco\/#primaryimage"},"image":{"@id":"https:\/\/www.csj-emballages.com\/pt-pt\/produit\/25-tabuleiros-para-2-cupcakes-de-cartao-branco\/#primaryimage"},"thumbnailUrl":"https:\/\/www.csj-emballages.com\/wp-content\/uploads\/2024\/03\/CALBCC2.webp","datePublished":"2024-03-01T15:55:45+00:00","dateModified":"2026-03-12T15:18:56+00:00","description":"Tabuleiro para cupcakes com 2 espa\u00e7os em cart\u00e3o branco, 25 unidades: uma solu\u00e7\u00e3o pr\u00e1tica e elegante para transportar os seus bolos com toda a seguran\u00e7a.","breadcrumb":{"@id":"https:\/\/www.csj-emballages.com\/pt-pt\/produit\/25-tabuleiros-para-2-cupcakes-de-cartao-branco\/#breadcrumb"},"inLanguage":"pt-PT","potentialAction":[{"@type":"ReadAction","target":["https:\/\/www.csj-emballages.com\/pt-pt\/produit\/25-tabuleiros-para-2-cupcakes-de-cartao-branco\/"]}]},{"@type":"ImageObject","inLanguage":"pt-PT","@id":"https:\/\/www.csj-emballages.com\/pt-pt\/produit\/25-tabuleiros-para-2-cupcakes-de-cartao-branco\/#primaryimage","url":"https:\/\/www.csj-emballages.com\/wp-content\/uploads\/2024\/03\/CALBCC2.webp","contentUrl":"https:\/\/www.csj-emballages.com\/wp-content\/uploads\/2024\/03\/CALBCC2.webp","width":800,"height":800,"caption":"Calage cupcake"},{"@type":"BreadcrumbList","@id":"https:\/\/www.csj-emballages.com\/pt-pt\/produit\/25-tabuleiros-para-2-cupcakes-de-cartao-branco\/#breadcrumb","itemListElement":[{"@type":"ListItem","position":1,"name":"Acolhimento","item":"https:\/\/www.csj-emballages.com\/pt-pt\/universo-das-embalagens-alimentares\/"},{"@type":"ListItem","position":2,"name":"Shop","item":"https:\/\/www.csj-emballages.com\/shop\/"},{"@type":"ListItem","position":3,"name":"Tabuleiro para cupcakes, 2 espa\u00e7os, cart\u00e3o branco, 25 unid."}]},{"@type":"WebSite","@id":"https:\/\/www.csj-emballages.com\/pt-pt\/#website","url":"https:\/\/www.csj-emballages.com\/pt-pt\/","name":"CSJ Emballages","description":"","publisher":{"@id":"https:\/\/www.csj-emballages.com\/pt-pt\/#organization"},"potentialAction":[{"@type":"SearchAction","target":{"@type":"EntryPoint","urlTemplate":"https:\/\/www.csj-emballages.com\/pt-pt\/?s={search_term_string}"},"query-input":{"@type":"PropertyValueSpecification","valueRequired":true,"valueName":"search_term_string"}}],"inLanguage":"pt-PT"},{"@type":"Organization","@id":"https:\/\/www.csj-emballages.com\/pt-pt\/#Organization\/","name":"CSJ Emballages","url":"https:\/\/www.csj-emballages.com\/pt-pt\/","logo":{"@type":"ImageObject","inLanguage":"pt-PT","@id":"https:\/\/www.csj-emballages.com\/pt-pt\/#\/schema\/logo\/image\/","url":"https:\/\/www.csj-emballages.com\/wp-content\/uploads\/2023\/10\/logo_csj.webp","contentUrl":"https:\/\/www.csj-emballages.com\/wp-content\/uploads\/2023\/10\/logo_csj.webp","width":250,"height":95,"caption":"CSJ Emballages"},"image":{"@id":"https:\/\/www.csj-emballages.com\/pt-pt\/#\/schema\/logo\/image\/"},"sameAs":["https:\/\/www.facebook.com\/csjemballages"],"address":{"@type":"PostalAddress","streetAddress":"ZI La Lechere","addressLocality":"Patornay","postalCode":"39130","addressCountry":"FR"},"contactPoint":[{"@type":"ContactPoint","contactType":"Service client","telephone":"0384254272","email":"contact@csj-emballages.com"}]}]}},"df_price":15.16,"df_sale_price":15.16,"df_regular_price":25.27,"df_image_link":"https:\/\/www.csj-emballages.com\/wp-content\/uploads\/2024\/03\/CALBCC2-300x300.webp","tiered_pricing_type":"fixed","tiered_pricing_fixed_rules":[],"tiered_pricing_percentage_rules":[],"tiered_pricing_minimum":1,"tiered_pricing_roles_data":[],"_links":{"self":[{"href":"https:\/\/www.csj-emballages.com\/pt-pt\/wp-json\/wp\/v2\/product\/224369","targetHints":{"allow":["GET"]}}],"collection":[{"href":"https:\/\/www.csj-emballages.com\/pt-pt\/wp-json\/wp\/v2\/product"}],"about":[{"href":"https:\/\/www.csj-emballages.com\/pt-pt\/wp-json\/wp\/v2\/types\/product"}],"wp:featuredmedia":[{"embeddable":true,"href":"https:\/\/www.csj-emballages.com\/pt-pt\/wp-json\/wp\/v2\/media\/241668"}],"wp:attachment":[{"href":"https:\/\/www.csj-emballages.com\/pt-pt\/wp-json\/wp\/v2\/media?parent=224369"}],"wp:term":[{"taxonomy":"product_brand","embeddable":true,"href":"https:\/\/www.csj-emballages.com\/pt-pt\/wp-json\/wp\/v2\/product_brand?post=224369"},{"taxonomy":"product_cat","embeddable":true,"href":"https:\/\/www.csj-emballages.com\/pt-pt\/wp-json\/wp\/v2\/product_cat?post=224369"},{"taxonomy":"product_tag","embeddable":true,"href":"https:\/\/www.csj-emballages.com\/pt-pt\/wp-json\/wp\/v2\/product_tag?post=224369"}],"curies":[{"name":"wp","href":"https:\/\/api.w.org\/{rel}","templated":true}]}}