{"id":224298,"date":"2025-02-19T09:24:24","date_gmt":"2025-02-19T08:24:24","guid":{"rendered":"https:\/\/www.csj-emballages.com\/produit\/caixa-para-pastelaria-passion-cartao-colorido-26-x-5-cm-50-unidades\/"},"modified":"2026-03-28T02:11:46","modified_gmt":"2026-03-28T01:11:46","slug":"caixa-para-pastelaria-passion-cartao-colorido-26-x-5-cm-50-unidades","status":"publish","type":"product","link":"https:\/\/www.csj-emballages.com\/pt-pt\/produit\/caixa-para-pastelaria-passion-cartao-colorido-26-x-5-cm-50-unidades\/","title":{"rendered":"Caixa para pastelaria &#8220;Passion&#8221;, cart\u00e3o colorido, 26 x 5 cm, 50 unidades"},"content":{"rendered":"<h2><span style=\"vertical-align: inherit;\"><span style=\"vertical-align: inherit;\"><span style=\"vertical-align: inherit;\"><span style=\"vertical-align: inherit;\"><span style=\"vertical-align: inherit;\"><span style=\"vertical-align: inherit;\"><span style=\"vertical-align: inherit;\"><span style=\"vertical-align: inherit;\"><span style=\"vertical-align: inherit;\"><span style=\"vertical-align: inherit;\"><span style=\"vertical-align: inherit;\"><span style=\"vertical-align: inherit;\">Caixa de pastelaria<\/span><\/span><\/span><\/span><\/span><\/span><\/span><\/span><\/span><\/span><\/span><\/span><\/h2>\n<hr>\n<h3>Descri\u00e7\u00e3o da nossa caixa de pastelaria &#8220;Passion&#8221; de cart\u00e3o colorido 26 x 5 cm por 50<\/h3>\n<p><!--more--><\/p>\n<p data-start=\"282\" data-end=\"657\">A <strong>caixa de pastelaria &#8220;Passion&#8221;<\/strong> em <strong>cart\u00e3o colorido 26 x 5 cm<\/strong> \u00e9 ideal para o acondicionamento e a apresenta\u00e7\u00e3o elegante de <strong>pastelaria fina, sobremesas individuais, tartes finas ou cria\u00e7\u00f5es gourmet alongadas<\/strong>. De facto, o seu design requintado, com visuais gourmet e acabamentos cuidados, valoriza imediatamente as sobremesas. <\/p>\n<p data-start=\"659\" data-end=\"1044\">Da mesma forma, concebida em <strong>cart\u00e3o<\/strong> r\u00edgido de qualidade alimentar, esta <strong>caixa para bolos<\/strong> garante uma excelente prote\u00e7\u00e3o dos produtos durante o transporte e a venda para levar. O seu formato <strong>26 x 5 cm<\/strong> \u00e9 perfeitamente adequado para pastelaria <strong>alongada ou de baixa altura<\/strong>, garantindo uma \u00f3tima sustenta\u00e7\u00e3o sem esmagamento. Permite preservar o frescor e a est\u00e9tica das cria\u00e7\u00f5es at\u00e9 \u00e0 degusta\u00e7\u00e3o.  <\/p>\n<p data-start=\"1046\" data-end=\"1436\">A gama &#8220;<strong>Passion<\/strong>&#8221; distingue-se pelo seu universo visual elegante e gourmet, que combina cores profundas e encena\u00e7\u00f5es de pastelaria apetitosas. Esta caixa \u00e9 ideal para <strong>pasteleiros, padeiros, fornecedores ou chocolatiers<\/strong> que desejam propor uma embalagem funcional e valorizadora, especialmente para vendas em loja, encomendas especiais ou ocasi\u00f5es festivas. <\/p>\n<p data-start=\"1438\" data-end=\"1655\">Em resumo, f\u00e1cil de montar e utilizar, a <strong>caixa de pastelaria &#8220;Passion&#8221;<\/strong> \u00e9 acondicionada em lotes de <strong>50 unidades<\/strong>. Um formato pr\u00e1tico para uma utiliza\u00e7\u00e3o profissional regular, garantindo simultaneamente uma gest\u00e3o eficaz dos stocks. <\/p>\n<p data-start=\"1438\" data-end=\"1655\">\n<p data-start=\"32\" data-end=\"428\"><!--more--><\/p>\n<h4 data-start=\"32\" data-end=\"428\">Vantagens :<\/h4>\n<ul>\n<li data-start=\"452\" data-end=\"538\">Cores vivas para uma apresenta\u00e7\u00e3o elegante e gourmet.<\/li>\n<li data-start=\"539\" data-end=\"642\">F\u00e1cil de montar e fechar, perfeita para uso profissional ou particular.<\/li>\n<li data-start=\"643\" data-end=\"736\">Em cart\u00e3o r\u00edgido para preservar a integridade dos seus bolos.<\/li>\n<li data-start=\"737\" data-end=\"816\">Ideal para tartes e bolos at\u00e9 26 cm de di\u00e2metro.<\/li>\n<li data-start=\"817\" data-end=\"893\">Material recicl\u00e1vel amigo do ambiente<\/li>\n<\/ul>\n<p>&nbsp;<\/p>\n<p><!--more--><\/p>\n<h4 data-start=\"430\" data-end=\"451\">Outras informa\u00e7\u00f5es :<\/h4>\n<ul>\n<li><strong>Embalagem<\/strong>: Pacote de 50<\/li>\n<li><strong><span style=\"vertical-align: inherit;\"><span style=\"vertical-align: inherit;\"><span style=\"vertical-align: inherit;\"><span style=\"vertical-align: inherit;\"><span style=\"vertical-align: inherit;\"><span style=\"vertical-align: inherit;\"><span style=\"vertical-align: inherit;\"><span style=\"vertical-align: inherit;\"><span style=\"vertical-align: inherit;\"><span style=\"vertical-align: inherit;\"><span style=\"vertical-align: inherit;\"><span style=\"vertical-align: inherit;\"><span style=\"vertical-align: inherit;\"><span style=\"vertical-align: inherit;\"><span style=\"vertical-align: inherit;\"><span style=\"vertical-align: inherit;\">Dimens\u00f5es<\/span><\/span><\/span><\/span><\/span><\/span><\/span><\/span><\/span><\/span><\/span><\/span><\/span><\/span><\/span><\/span><\/strong><span style=\"vertical-align: inherit;\"><span style=\"vertical-align: inherit;\"><span style=\"vertical-align: inherit;\"><span style=\"vertical-align: inherit;\"><span style=\"vertical-align: inherit;\"><span style=\"vertical-align: inherit;\"><span style=\"vertical-align: inherit;\"><span style=\"vertical-align: inherit;\"><span style=\"vertical-align: inherit;\"><span style=\"vertical-align: inherit;\"><span style=\"vertical-align: inherit;\"><span style=\"vertical-align: inherit;\"><span style=\"vertical-align: inherit;\"><span style=\"vertical-align: inherit;\"><span style=\"vertical-align: inherit;\"><span style=\"vertical-align: inherit;\">  Dimens\u00f5es: 26 x 5 cm (C x L x A)<\/span><\/span><\/span><\/span><\/span><\/span><\/span><\/span><\/span><\/span><\/span><\/span><\/span><\/span><\/span><\/span><\/li>\n<li><strong>Cor<\/strong>: Preto \/ Vermelho<\/li>\n<li><strong>Material<\/strong>: Cart\u00e3o<\/li>\n<li><strong>Tampa<\/strong>: dobradi\u00e7a<\/li>\n<\/ul>\n<p>&nbsp;<\/p>\n<p><!--more--><\/p>\n<p><a href=\"\/?product_cat=destockages\">Consulte o resto da nossa gama de stock off<\/a><\/p>\n","protected":false},"excerpt":{"rendered":"<p>Caixa de pastelaria Descri\u00e7\u00e3o da nossa caixa de pastelaria &#8220;Passion&#8221; de cart\u00e3o colorido 26 x 5 cm por 50<\/p>\n","protected":false},"featured_media":223846,"template":"","meta":{"_acf_changed":false},"product_brand":[],"product_cat":[1141,1267],"product_tag":[],"class_list":{"0":"post-224298","1":"product","2":"type-product","3":"status-publish","4":"has-post-thumbnail","6":"product_cat-embalagem-de-alimentos","7":"product_cat-descontos-promocoes","9":"first","10":"instock","11":"sale","12":"taxable","13":"shipping-taxable","14":"purchasable","15":"product-type-simple"},"acf":[],"yoast_head":"<!-- This site is optimized with the Yoast SEO Premium plugin v26.6 (Yoast SEO v26.6) - https:\/\/yoast.com\/wordpress\/plugins\/seo\/ -->\n<title>Caixa de pastelaria - &#039;Passion&#039; Caixa de cart\u00e3o colorida 26 x 5 cm por 50<\/title>\n<meta name=\"description\" content=\"Descobre a caixa de pastelaria &quot;Passion&quot; de 26 x 5 cm em cart\u00e3o colorido, perfeita para expor e transportar os teus bolos e tartes com toda a seguran\u00e7a.\" \/>\n<meta name=\"robots\" content=\"index, follow, max-snippet:-1, max-image-preview:large, max-video-preview:-1\" \/>\n<link rel=\"canonical\" href=\"https:\/\/www.csj-emballages.com\/pt-pt\/produit\/caixa-para-pastelaria-passion-cartao-colorido-26-x-5-cm-50-unidades\/\" \/>\n<meta property=\"og:locale\" content=\"pt_PT\" \/>\n<meta property=\"og:type\" content=\"article\" \/>\n<meta property=\"og:title\" content=\"Caixa para pastelaria &quot;Passion&quot;, cart\u00e3o colorido, 26 x 5 cm, 50 unidades\" \/>\n<meta property=\"og:description\" content=\"Descobre a caixa de pastelaria &quot;Passion&quot; de 26 x 5 cm em cart\u00e3o colorido, perfeita para expor e transportar os teus bolos e tartes com toda a seguran\u00e7a.\" \/>\n<meta property=\"og:url\" content=\"https:\/\/www.csj-emballages.com\/pt-pt\/produit\/caixa-para-pastelaria-passion-cartao-colorido-26-x-5-cm-50-unidades\/\" \/>\n<meta property=\"og:site_name\" content=\"CSJ Emballages\" \/>\n<meta property=\"article:publisher\" content=\"https:\/\/www.facebook.com\/csjemballages\" \/>\n<meta property=\"article:modified_time\" content=\"2026-03-28T01:11:46+00:00\" \/>\n<meta property=\"og:image\" content=\"https:\/\/www.csj-emballages.com\/wp-content\/uploads\/2025\/02\/Boite-pat-passion.webp\" \/>\n\t<meta property=\"og:image:width\" content=\"800\" \/>\n\t<meta property=\"og:image:height\" content=\"799\" \/>\n\t<meta property=\"og:image:type\" content=\"image\/webp\" \/>\n<meta name=\"twitter:card\" content=\"summary_large_image\" \/>\n<meta name=\"twitter:label1\" content=\"Tempo estimado de leitura\" \/>\n\t<meta name=\"twitter:data1\" content=\"2 minutos\" \/>\n<script type=\"application\/ld+json\" class=\"yoast-schema-graph\">{\"@context\":\"https:\/\/schema.org\",\"@graph\":[{\"@type\":\"WebPage\",\"@id\":\"https:\/\/www.csj-emballages.com\/pt-pt\/produit\/caixa-para-pastelaria-passion-cartao-colorido-26-x-5-cm-50-unidades\/\",\"url\":\"https:\/\/www.csj-emballages.com\/pt-pt\/produit\/caixa-para-pastelaria-passion-cartao-colorido-26-x-5-cm-50-unidades\/\",\"name\":\"Caixa de pastelaria - 'Passion' Caixa de cart\u00e3o colorida 26 x 5 cm por 50\",\"isPartOf\":{\"@id\":\"https:\/\/www.csj-emballages.com\/pt-pt\/#website\"},\"primaryImageOfPage\":{\"@id\":\"https:\/\/www.csj-emballages.com\/pt-pt\/produit\/caixa-para-pastelaria-passion-cartao-colorido-26-x-5-cm-50-unidades\/#primaryimage\"},\"image\":{\"@id\":\"https:\/\/www.csj-emballages.com\/pt-pt\/produit\/caixa-para-pastelaria-passion-cartao-colorido-26-x-5-cm-50-unidades\/#primaryimage\"},\"thumbnailUrl\":\"https:\/\/www.csj-emballages.com\/wp-content\/uploads\/2025\/02\/Boite-pat-passion.webp\",\"datePublished\":\"2025-02-19T08:24:24+00:00\",\"dateModified\":\"2026-03-28T01:11:46+00:00\",\"description\":\"Descobre a caixa de pastelaria \\\"Passion\\\" de 26 x 5 cm em cart\u00e3o colorido, perfeita para expor e transportar os teus bolos e tartes com toda a seguran\u00e7a.\",\"breadcrumb\":{\"@id\":\"https:\/\/www.csj-emballages.com\/pt-pt\/produit\/caixa-para-pastelaria-passion-cartao-colorido-26-x-5-cm-50-unidades\/#breadcrumb\"},\"inLanguage\":\"pt-PT\",\"potentialAction\":[{\"@type\":\"ReadAction\",\"target\":[\"https:\/\/www.csj-emballages.com\/pt-pt\/produit\/caixa-para-pastelaria-passion-cartao-colorido-26-x-5-cm-50-unidades\/\"]}]},{\"@type\":\"ImageObject\",\"inLanguage\":\"pt-PT\",\"@id\":\"https:\/\/www.csj-emballages.com\/pt-pt\/produit\/caixa-para-pastelaria-passion-cartao-colorido-26-x-5-cm-50-unidades\/#primaryimage\",\"url\":\"https:\/\/www.csj-emballages.com\/wp-content\/uploads\/2025\/02\/Boite-pat-passion.webp\",\"contentUrl\":\"https:\/\/www.csj-emballages.com\/wp-content\/uploads\/2025\/02\/Boite-pat-passion.webp\",\"width\":800,\"height\":799,\"caption\":\"Boite p\u00e2tissi\u00e8re\"},{\"@type\":\"BreadcrumbList\",\"@id\":\"https:\/\/www.csj-emballages.com\/pt-pt\/produit\/caixa-para-pastelaria-passion-cartao-colorido-26-x-5-cm-50-unidades\/#breadcrumb\",\"itemListElement\":[{\"@type\":\"ListItem\",\"position\":1,\"name\":\"Acolhimento\",\"item\":\"https:\/\/www.csj-emballages.com\/pt-pt\/universo-das-embalagens-alimentares\/\"},{\"@type\":\"ListItem\",\"position\":2,\"name\":\"Shop\",\"item\":\"https:\/\/www.csj-emballages.com\/shop\/\"},{\"@type\":\"ListItem\",\"position\":3,\"name\":\"Caixa para pastelaria \u00ab\u00a0Passion\u00a0\u00bb, cart\u00e3o colorido, 26 x 5 cm, 50 unidades\"}]},{\"@type\":\"WebSite\",\"@id\":\"https:\/\/www.csj-emballages.com\/pt-pt\/#website\",\"url\":\"https:\/\/www.csj-emballages.com\/pt-pt\/\",\"name\":\"CSJ Emballages\",\"description\":\"\",\"publisher\":{\"@id\":\"https:\/\/www.csj-emballages.com\/pt-pt\/#organization\"},\"potentialAction\":[{\"@type\":\"SearchAction\",\"target\":{\"@type\":\"EntryPoint\",\"urlTemplate\":\"https:\/\/www.csj-emballages.com\/pt-pt\/?s={search_term_string}\"},\"query-input\":{\"@type\":\"PropertyValueSpecification\",\"valueRequired\":true,\"valueName\":\"search_term_string\"}}],\"inLanguage\":\"pt-PT\"},{\"@type\":\"Organization\",\"@id\":\"https:\/\/www.csj-emballages.com\/pt-pt\/#Organization\/\",\"name\":\"CSJ Emballages\",\"url\":\"https:\/\/www.csj-emballages.com\/pt-pt\/\",\"logo\":{\"@type\":\"ImageObject\",\"inLanguage\":\"pt-PT\",\"@id\":\"https:\/\/www.csj-emballages.com\/pt-pt\/#\/schema\/logo\/image\/\",\"url\":\"https:\/\/www.csj-emballages.com\/wp-content\/uploads\/2023\/10\/logo_csj.webp\",\"contentUrl\":\"https:\/\/www.csj-emballages.com\/wp-content\/uploads\/2023\/10\/logo_csj.webp\",\"width\":250,\"height\":95,\"caption\":\"CSJ Emballages\"},\"image\":{\"@id\":\"https:\/\/www.csj-emballages.com\/pt-pt\/#\/schema\/logo\/image\/\"},\"sameAs\":[\"https:\/\/www.facebook.com\/csjemballages\"],\"address\":{\"@type\":\"PostalAddress\",\"streetAddress\":\"ZI La Lechere\",\"addressLocality\":\"Patornay\",\"postalCode\":\"39130\",\"addressCountry\":\"FR\"},\"contactPoint\":[{\"@type\":\"ContactPoint\",\"contactType\":\"Service client\",\"telephone\":\"0384254272\",\"email\":\"contact@csj-emballages.com\"}]}]}<\/script>\n<!-- \/ Yoast SEO Premium plugin. -->","yoast_head_json":{"title":"Caixa de pastelaria - 'Passion' Caixa de cart\u00e3o colorida 26 x 5 cm por 50","description":"Descobre a caixa de pastelaria \"Passion\" de 26 x 5 cm em cart\u00e3o colorido, perfeita para expor e transportar os teus bolos e tartes com toda a seguran\u00e7a.","robots":{"index":"index","follow":"follow","max-snippet":"max-snippet:-1","max-image-preview":"max-image-preview:large","max-video-preview":"max-video-preview:-1"},"canonical":"https:\/\/www.csj-emballages.com\/pt-pt\/produit\/caixa-para-pastelaria-passion-cartao-colorido-26-x-5-cm-50-unidades\/","og_locale":"pt_PT","og_type":"article","og_title":"Caixa para pastelaria \"Passion\", cart\u00e3o colorido, 26 x 5 cm, 50 unidades","og_description":"Descobre a caixa de pastelaria \"Passion\" de 26 x 5 cm em cart\u00e3o colorido, perfeita para expor e transportar os teus bolos e tartes com toda a seguran\u00e7a.","og_url":"https:\/\/www.csj-emballages.com\/pt-pt\/produit\/caixa-para-pastelaria-passion-cartao-colorido-26-x-5-cm-50-unidades\/","og_site_name":"CSJ Emballages","article_publisher":"https:\/\/www.facebook.com\/csjemballages","article_modified_time":"2026-03-28T01:11:46+00:00","og_image":[{"width":800,"height":799,"url":"https:\/\/www.csj-emballages.com\/wp-content\/uploads\/2025\/02\/Boite-pat-passion.webp","type":"image\/webp"}],"twitter_card":"summary_large_image","twitter_misc":{"Tempo estimado de leitura":"2 minutos"},"schema":{"@context":"https:\/\/schema.org","@graph":[{"@type":"WebPage","@id":"https:\/\/www.csj-emballages.com\/pt-pt\/produit\/caixa-para-pastelaria-passion-cartao-colorido-26-x-5-cm-50-unidades\/","url":"https:\/\/www.csj-emballages.com\/pt-pt\/produit\/caixa-para-pastelaria-passion-cartao-colorido-26-x-5-cm-50-unidades\/","name":"Caixa de pastelaria - 'Passion' Caixa de cart\u00e3o colorida 26 x 5 cm por 50","isPartOf":{"@id":"https:\/\/www.csj-emballages.com\/pt-pt\/#website"},"primaryImageOfPage":{"@id":"https:\/\/www.csj-emballages.com\/pt-pt\/produit\/caixa-para-pastelaria-passion-cartao-colorido-26-x-5-cm-50-unidades\/#primaryimage"},"image":{"@id":"https:\/\/www.csj-emballages.com\/pt-pt\/produit\/caixa-para-pastelaria-passion-cartao-colorido-26-x-5-cm-50-unidades\/#primaryimage"},"thumbnailUrl":"https:\/\/www.csj-emballages.com\/wp-content\/uploads\/2025\/02\/Boite-pat-passion.webp","datePublished":"2025-02-19T08:24:24+00:00","dateModified":"2026-03-28T01:11:46+00:00","description":"Descobre a caixa de pastelaria \"Passion\" de 26 x 5 cm em cart\u00e3o colorido, perfeita para expor e transportar os teus bolos e tartes com toda a seguran\u00e7a.","breadcrumb":{"@id":"https:\/\/www.csj-emballages.com\/pt-pt\/produit\/caixa-para-pastelaria-passion-cartao-colorido-26-x-5-cm-50-unidades\/#breadcrumb"},"inLanguage":"pt-PT","potentialAction":[{"@type":"ReadAction","target":["https:\/\/www.csj-emballages.com\/pt-pt\/produit\/caixa-para-pastelaria-passion-cartao-colorido-26-x-5-cm-50-unidades\/"]}]},{"@type":"ImageObject","inLanguage":"pt-PT","@id":"https:\/\/www.csj-emballages.com\/pt-pt\/produit\/caixa-para-pastelaria-passion-cartao-colorido-26-x-5-cm-50-unidades\/#primaryimage","url":"https:\/\/www.csj-emballages.com\/wp-content\/uploads\/2025\/02\/Boite-pat-passion.webp","contentUrl":"https:\/\/www.csj-emballages.com\/wp-content\/uploads\/2025\/02\/Boite-pat-passion.webp","width":800,"height":799,"caption":"Boite p\u00e2tissi\u00e8re"},{"@type":"BreadcrumbList","@id":"https:\/\/www.csj-emballages.com\/pt-pt\/produit\/caixa-para-pastelaria-passion-cartao-colorido-26-x-5-cm-50-unidades\/#breadcrumb","itemListElement":[{"@type":"ListItem","position":1,"name":"Acolhimento","item":"https:\/\/www.csj-emballages.com\/pt-pt\/universo-das-embalagens-alimentares\/"},{"@type":"ListItem","position":2,"name":"Shop","item":"https:\/\/www.csj-emballages.com\/shop\/"},{"@type":"ListItem","position":3,"name":"Caixa para pastelaria \u00ab\u00a0Passion\u00a0\u00bb, cart\u00e3o colorido, 26 x 5 cm, 50 unidades"}]},{"@type":"WebSite","@id":"https:\/\/www.csj-emballages.com\/pt-pt\/#website","url":"https:\/\/www.csj-emballages.com\/pt-pt\/","name":"CSJ Emballages","description":"","publisher":{"@id":"https:\/\/www.csj-emballages.com\/pt-pt\/#organization"},"potentialAction":[{"@type":"SearchAction","target":{"@type":"EntryPoint","urlTemplate":"https:\/\/www.csj-emballages.com\/pt-pt\/?s={search_term_string}"},"query-input":{"@type":"PropertyValueSpecification","valueRequired":true,"valueName":"search_term_string"}}],"inLanguage":"pt-PT"},{"@type":"Organization","@id":"https:\/\/www.csj-emballages.com\/pt-pt\/#Organization\/","name":"CSJ Emballages","url":"https:\/\/www.csj-emballages.com\/pt-pt\/","logo":{"@type":"ImageObject","inLanguage":"pt-PT","@id":"https:\/\/www.csj-emballages.com\/pt-pt\/#\/schema\/logo\/image\/","url":"https:\/\/www.csj-emballages.com\/wp-content\/uploads\/2023\/10\/logo_csj.webp","contentUrl":"https:\/\/www.csj-emballages.com\/wp-content\/uploads\/2023\/10\/logo_csj.webp","width":250,"height":95,"caption":"CSJ Emballages"},"image":{"@id":"https:\/\/www.csj-emballages.com\/pt-pt\/#\/schema\/logo\/image\/"},"sameAs":["https:\/\/www.facebook.com\/csjemballages"],"address":{"@type":"PostalAddress","streetAddress":"ZI La Lechere","addressLocality":"Patornay","postalCode":"39130","addressCountry":"FR"},"contactPoint":[{"@type":"ContactPoint","contactType":"Service client","telephone":"0384254272","email":"contact@csj-emballages.com"}]}]}},"df_price":12.04,"df_sale_price":12.04,"df_regular_price":13.94,"df_image_link":"https:\/\/www.csj-emballages.com\/wp-content\/uploads\/2025\/02\/Boite-pat-passion-300x300.webp","tiered_pricing_type":"fixed","tiered_pricing_fixed_rules":[],"tiered_pricing_percentage_rules":[],"tiered_pricing_minimum":1,"tiered_pricing_roles_data":[],"_links":{"self":[{"href":"https:\/\/www.csj-emballages.com\/pt-pt\/wp-json\/wp\/v2\/product\/224298","targetHints":{"allow":["GET"]}}],"collection":[{"href":"https:\/\/www.csj-emballages.com\/pt-pt\/wp-json\/wp\/v2\/product"}],"about":[{"href":"https:\/\/www.csj-emballages.com\/pt-pt\/wp-json\/wp\/v2\/types\/product"}],"wp:featuredmedia":[{"embeddable":true,"href":"https:\/\/www.csj-emballages.com\/pt-pt\/wp-json\/wp\/v2\/media\/223846"}],"wp:attachment":[{"href":"https:\/\/www.csj-emballages.com\/pt-pt\/wp-json\/wp\/v2\/media?parent=224298"}],"wp:term":[{"taxonomy":"product_brand","embeddable":true,"href":"https:\/\/www.csj-emballages.com\/pt-pt\/wp-json\/wp\/v2\/product_brand?post=224298"},{"taxonomy":"product_cat","embeddable":true,"href":"https:\/\/www.csj-emballages.com\/pt-pt\/wp-json\/wp\/v2\/product_cat?post=224298"},{"taxonomy":"product_tag","embeddable":true,"href":"https:\/\/www.csj-emballages.com\/pt-pt\/wp-json\/wp\/v2\/product_tag?post=224298"}],"curies":[{"name":"wp","href":"https:\/\/api.w.org\/{rel}","templated":true}]}}