{"id":22429,"date":"2024-03-01T16:51:23","date_gmt":"2024-03-01T15:51:23","guid":{"rendered":"https:\/\/u15jnbdpoq.preview.infomaniak.website\/produit\/100-pratos-gastronomicos-descartaveis-de-aluminio-5200ml\/"},"modified":"2026-03-12T16:32:16","modified_gmt":"2026-03-12T15:32:16","slug":"100-pratos-gastronomicos-descartaveis-de-aluminio-5200ml","status":"publish","type":"product","link":"https:\/\/www.csj-emballages.com\/pt-pt\/produit\/100-pratos-gastronomicos-descartaveis-de-aluminio-5200ml\/","title":{"rendered":"Prato gastron\u00f3mico de alum\u00ednio de 5200 ml, 100 unidades"},"content":{"rendered":"<h2>Prato gastron\u00f3mico<\/h2>\n<hr>\n<h3>Descri\u00e7\u00e3o da nossa placa gastron\u00f3mica de alum\u00ednio 5200 ml por 100<\/h3>\n<p><!--more--><\/p>\n<p data-start=\"31\" data-end=\"394\">O <strong data-start=\"34\" data-end=\"74\">gastr\u00f3nomo de alum\u00ednio de 5200 ml<\/strong> \u00e9 imprescind\u00edvel para os <strong data-start=\"105\" data-end=\"149\">profissionais da restaura\u00e7\u00e3o<\/strong> que procuram uma solu\u00e7\u00e3o pr\u00e1tica e fi\u00e1vel para cozinhar, armazenar e transportar pratos. Com a sua generosa capacidade de <strong>5200<\/strong> ml, \u00e9 ideal para refei\u00e7\u00f5es prontas, gratinados, assados e pratos com molho. <\/p>\n<p data-start=\"396\" data-end=\"769\">O seu design <strong data-start=\"413\" data-end=\"438\">em alum\u00ednio seguro para alimentos<\/strong> assegura uma excelente distribui\u00e7\u00e3o do calor, permitindo uma cozedura uniforme, preservando o sabor e a textura dos alimentos. Dur\u00e1vel e leve, este <strong>prato<\/strong> \u00e9 adequado tanto para congelar como para cozer, o que o torna uma solu\u00e7\u00e3o vers\u00e1til tanto para uso profissional como dom\u00e9stico. <\/p>\n<p data-start=\"771\" data-end=\"1039\">Em suma, perfeito para take-away, eventos ou prepara\u00e7\u00e3o de refei\u00e7\u00f5es em grandes quantidades, este <strong>prato gourmet<\/strong> ser\u00e1 perfeito para si!<\/p>\n<p><!--more--><\/p>\n<h4>As suas vantagens:<\/h4>\n<ul>\n<li data-start=\"1063\" data-end=\"1163\"><strong data-start=\"1065\" data-end=\"1091\">Pr\u00e1tico e vers\u00e1til<\/strong>: este gastr\u00f3nomo \u00e9 ideal para cozinhar, congelar e transportar pratos.<\/li>\n<li data-start=\"1164\" data-end=\"1241\"><strong data-start=\"1166\" data-end=\"1193\">Qualidade profissional<\/strong>: Gra\u00e7as \u00e0 sua conce\u00e7\u00e3o em alum\u00ednio de qualidade alimentar, este prato \u00e9 robusto e resistente.<\/li>\n<li data-start=\"1242\" data-end=\"1327\"><strong data-start=\"1244\" data-end=\"1264\">Cozedura uniforme<\/strong>: Boa distribui\u00e7\u00e3o do calor para uma cozedura perfeita.<\/li>\n<li data-start=\"1328\" data-end=\"1424\"><strong data-start=\"1330\" data-end=\"1349\">Grande capacidade<\/strong>: Ideal para pratos familiares ou grandes quantidades.<\/li>\n<li data-start=\"1425\" data-end=\"1500\"><strong data-start=\"1427\" data-end=\"1452\">Higi\u00e9nico e descart\u00e1vel<\/strong>: F\u00e1cil de utilizar e sem necessidade de limpeza.<\/li>\n<\/ul>\n<p>&nbsp;<\/p>\n<p><!--more--><\/p>\n<h4>Outras informa\u00e7\u00f5es :<\/h4>\n<ul>\n<li><strong>Embalagem<\/strong>: Pacote de 100<\/li>\n<li><strong>Dimens\u00f5es<\/strong>: 324 x 264 x 102 ( C x L x A em mm )<\/li>\n<li><strong>Volume<\/strong>: 5200 ml<\/li>\n<li><strong>Material<\/strong>: Alum\u00ednio<\/li>\n<li><strong>Temperatura de funcionamento<\/strong>: -40\u00b0C \/ +350\u00b0C<\/li>\n<\/ul>\n<p>&nbsp;<\/p>\n<p><!--more--><\/p>\n<p>Encontre aqui a tampa compat\u00edvel com este prato : <span style=\"color: #d12727\"><a style=\"color: #d12727\" href=\"https:\/\/www.csj-emballages.com\/produit\/100-couvercles-plats-gastronomes-aluminium-pg2400-pg3000-pg3500-pg5200\/\">OP12PG<\/a><\/span><\/p>\n<p>&nbsp;<\/p>\n<p><!--more--><\/p>\n<p>Este produto est\u00e1 dispon\u00edvel em diferentes tamanhos:<span style=\"color: #d12727\"> <a style=\"color: #d12727\" href=\"https:\/\/www.csj-emballages.com\/es\/produit\/100-platos-desechables-de-aluminio-1170ml\/\">1170 ml<\/a> <span style=\"color: #000000\">\/<\/span> <a style=\"color: #d12727\" href=\"https:\/\/www.csj-emballages.com\/produit\/100-plats-gastronomes-jetables-aluminium-1570ml\/\">1570 ml<\/a> <span style=\"color: #000000\">\/<\/span> <a style=\"color: #d12727\" href=\"https:\/\/www.csj-emballages.com\/es\/produit\/100-platos-desechables-de-aluminio-1700ml\/\">1700 ml<\/a> <span style=\"color: #000000\">\/<\/span> <a style=\"color: #d12727\" href=\"https:\/\/www.csj-emballages.com\/produit\/100-plats-gastronomes-jetables-aluminium-2625ml\/\">2625 ml<\/a> <span style=\"color: #000000\">\/ <a style=\"color: #d12727\" href=\"https:\/\/www.csj-emballages.com\/es\/produit\/50-platos-desechables-de-aluminio-3260ml\/\">3260 ml<\/a> \/<\/span> <a style=\"color: #d12727\" href=\"https:\/\/www.csj-emballages.com\/es\/produit\/100-platos-desechables-de-aluminio-3600ml\/\">3600 ml<\/a> <\/span> <\/p>\n<p>&nbsp;<\/p>\n<p><!--more--><\/p>\n<p><a href=\"https:\/\/www.csj-emballages.com\/pt-pt\/categorie-produit\/embalagem-de-alimentos\/talho-e-charcutaria\/tabuleiros-latas-e-frascos\/tabuleiros-de-aluminio-pratos-formas-tabuleiros-de-refeicao-copos-ramequins-empadas-de-carne\/pratos-gourmet\/\">Ver o resto da nossa gama de pratos gourmet em alum\u00ednio<\/a><\/p>\n","protected":false},"excerpt":{"rendered":"<p>Prato gastron\u00f3mico Descri\u00e7\u00e3o da nossa placa gastron\u00f3mica de alum\u00ednio 5200 ml por 100<\/p>\n","protected":false},"featured_media":228932,"template":"","meta":{"_acf_changed":false},"product_brand":[],"product_cat":[1176,2001,2925],"product_tag":[],"class_list":{"0":"post-22429","1":"product","2":"type-product","3":"status-publish","4":"has-post-thumbnail","6":"product_cat-talho-e-charcutaria","7":"product_cat-tabuleiros-de-aluminio-pratos-formas-tabuleiros-de-refeicao-copos-ramequins-empadas-de-carne","8":"product_cat-pratos-gourmet","10":"first","11":"instock","12":"taxable","13":"shipping-taxable","14":"purchasable","15":"product-type-simple"},"acf":[],"yoast_head":"<!-- This site is optimized with the Yoast SEO Premium plugin v26.6 (Yoast SEO v26.6) - https:\/\/yoast.com\/wordpress\/plugins\/seo\/ -->\n<title>Prato Gastron\u00f3mico de alum\u00ednio 5200 ml por 100<\/title>\n<meta name=\"description\" content=\"Prato gastron\u00f3mico em alum\u00ednio de 5200 ml, ideal para cozinhar, armazenar e transportar alimentos. Resistente, pr\u00e1tico e adequado para profissionais\" \/>\n<meta name=\"robots\" content=\"index, follow, max-snippet:-1, max-image-preview:large, max-video-preview:-1\" \/>\n<link rel=\"canonical\" href=\"https:\/\/www.csj-emballages.com\/pt-pt\/produit\/100-pratos-gastronomicos-descartaveis-de-aluminio-5200ml\/\" \/>\n<meta property=\"og:locale\" content=\"pt_PT\" \/>\n<meta property=\"og:type\" content=\"article\" \/>\n<meta property=\"og:title\" content=\"Prato gastron\u00f3mico de alum\u00ednio de 5200 ml, 100 unidades\" \/>\n<meta property=\"og:description\" content=\"Prato gastron\u00f3mico em alum\u00ednio de 5200 ml, ideal para cozinhar, armazenar e transportar alimentos. Resistente, pr\u00e1tico e adequado para profissionais\" \/>\n<meta property=\"og:url\" content=\"https:\/\/www.csj-emballages.com\/pt-pt\/produit\/100-pratos-gastronomicos-descartaveis-de-aluminio-5200ml\/\" \/>\n<meta property=\"og:site_name\" content=\"CSJ Emballages\" \/>\n<meta property=\"article:publisher\" content=\"https:\/\/www.facebook.com\/csjemballages\" \/>\n<meta property=\"article:modified_time\" content=\"2026-03-12T15:32:16+00:00\" \/>\n<meta property=\"og:image\" content=\"https:\/\/www.csj-emballages.com\/wp-content\/uploads\/2024\/03\/PG-5200.webp\" \/>\n\t<meta property=\"og:image:width\" content=\"800\" \/>\n\t<meta property=\"og:image:height\" content=\"800\" \/>\n\t<meta property=\"og:image:type\" content=\"image\/webp\" \/>\n<meta name=\"twitter:card\" content=\"summary_large_image\" \/>\n<meta name=\"twitter:label1\" content=\"Tempo estimado de leitura\" \/>\n\t<meta name=\"twitter:data1\" content=\"1 minuto\" \/>\n<script type=\"application\/ld+json\" class=\"yoast-schema-graph\">{\"@context\":\"https:\/\/schema.org\",\"@graph\":[{\"@type\":\"WebPage\",\"@id\":\"https:\/\/www.csj-emballages.com\/pt-pt\/produit\/100-pratos-gastronomicos-descartaveis-de-aluminio-5200ml\/\",\"url\":\"https:\/\/www.csj-emballages.com\/pt-pt\/produit\/100-pratos-gastronomicos-descartaveis-de-aluminio-5200ml\/\",\"name\":\"Prato Gastron\u00f3mico de alum\u00ednio 5200 ml por 100\",\"isPartOf\":{\"@id\":\"https:\/\/www.csj-emballages.com\/pt-pt\/#website\"},\"primaryImageOfPage\":{\"@id\":\"https:\/\/www.csj-emballages.com\/pt-pt\/produit\/100-pratos-gastronomicos-descartaveis-de-aluminio-5200ml\/#primaryimage\"},\"image\":{\"@id\":\"https:\/\/www.csj-emballages.com\/pt-pt\/produit\/100-pratos-gastronomicos-descartaveis-de-aluminio-5200ml\/#primaryimage\"},\"thumbnailUrl\":\"https:\/\/www.csj-emballages.com\/wp-content\/uploads\/2024\/03\/PG-5200.webp\",\"datePublished\":\"2024-03-01T15:51:23+00:00\",\"dateModified\":\"2026-03-12T15:32:16+00:00\",\"description\":\"Prato gastron\u00f3mico em alum\u00ednio de 5200 ml, ideal para cozinhar, armazenar e transportar alimentos. Resistente, pr\u00e1tico e adequado para profissionais\",\"breadcrumb\":{\"@id\":\"https:\/\/www.csj-emballages.com\/pt-pt\/produit\/100-pratos-gastronomicos-descartaveis-de-aluminio-5200ml\/#breadcrumb\"},\"inLanguage\":\"pt-PT\",\"potentialAction\":[{\"@type\":\"ReadAction\",\"target\":[\"https:\/\/www.csj-emballages.com\/pt-pt\/produit\/100-pratos-gastronomicos-descartaveis-de-aluminio-5200ml\/\"]}]},{\"@type\":\"ImageObject\",\"inLanguage\":\"pt-PT\",\"@id\":\"https:\/\/www.csj-emballages.com\/pt-pt\/produit\/100-pratos-gastronomicos-descartaveis-de-aluminio-5200ml\/#primaryimage\",\"url\":\"https:\/\/www.csj-emballages.com\/wp-content\/uploads\/2024\/03\/PG-5200.webp\",\"contentUrl\":\"https:\/\/www.csj-emballages.com\/wp-content\/uploads\/2024\/03\/PG-5200.webp\",\"width\":800,\"height\":800,\"caption\":\"Plat gastronome\"},{\"@type\":\"BreadcrumbList\",\"@id\":\"https:\/\/www.csj-emballages.com\/pt-pt\/produit\/100-pratos-gastronomicos-descartaveis-de-aluminio-5200ml\/#breadcrumb\",\"itemListElement\":[{\"@type\":\"ListItem\",\"position\":1,\"name\":\"Acolhimento\",\"item\":\"https:\/\/www.csj-emballages.com\/pt-pt\/universo-das-embalagens-alimentares\/\"},{\"@type\":\"ListItem\",\"position\":2,\"name\":\"Shop\",\"item\":\"https:\/\/www.csj-emballages.com\/shop\/\"},{\"@type\":\"ListItem\",\"position\":3,\"name\":\"Prato gastron\u00f3mico de alum\u00ednio de 5200 ml, 100 unidades\"}]},{\"@type\":\"WebSite\",\"@id\":\"https:\/\/www.csj-emballages.com\/pt-pt\/#website\",\"url\":\"https:\/\/www.csj-emballages.com\/pt-pt\/\",\"name\":\"CSJ Emballages\",\"description\":\"\",\"publisher\":{\"@id\":\"https:\/\/www.csj-emballages.com\/pt-pt\/#organization\"},\"potentialAction\":[{\"@type\":\"SearchAction\",\"target\":{\"@type\":\"EntryPoint\",\"urlTemplate\":\"https:\/\/www.csj-emballages.com\/pt-pt\/?s={search_term_string}\"},\"query-input\":{\"@type\":\"PropertyValueSpecification\",\"valueRequired\":true,\"valueName\":\"search_term_string\"}}],\"inLanguage\":\"pt-PT\"},{\"@type\":\"Organization\",\"@id\":\"https:\/\/www.csj-emballages.com\/pt-pt\/#Organization\/\",\"name\":\"CSJ Emballages\",\"url\":\"https:\/\/www.csj-emballages.com\/pt-pt\/\",\"logo\":{\"@type\":\"ImageObject\",\"inLanguage\":\"pt-PT\",\"@id\":\"https:\/\/www.csj-emballages.com\/pt-pt\/#\/schema\/logo\/image\/\",\"url\":\"https:\/\/www.csj-emballages.com\/wp-content\/uploads\/2023\/10\/logo_csj.webp\",\"contentUrl\":\"https:\/\/www.csj-emballages.com\/wp-content\/uploads\/2023\/10\/logo_csj.webp\",\"width\":250,\"height\":95,\"caption\":\"CSJ Emballages\"},\"image\":{\"@id\":\"https:\/\/www.csj-emballages.com\/pt-pt\/#\/schema\/logo\/image\/\"},\"sameAs\":[\"https:\/\/www.facebook.com\/csjemballages\"],\"address\":{\"@type\":\"PostalAddress\",\"streetAddress\":\"ZI La Lechere\",\"addressLocality\":\"Patornay\",\"postalCode\":\"39130\",\"addressCountry\":\"FR\"},\"contactPoint\":[{\"@type\":\"ContactPoint\",\"contactType\":\"Service client\",\"telephone\":\"0384254272\",\"email\":\"contact@csj-emballages.com\"}]}]}<\/script>\n<!-- \/ Yoast SEO Premium plugin. -->","yoast_head_json":{"title":"Prato Gastron\u00f3mico de alum\u00ednio 5200 ml por 100","description":"Prato gastron\u00f3mico em alum\u00ednio de 5200 ml, ideal para cozinhar, armazenar e transportar alimentos. Resistente, pr\u00e1tico e adequado para profissionais","robots":{"index":"index","follow":"follow","max-snippet":"max-snippet:-1","max-image-preview":"max-image-preview:large","max-video-preview":"max-video-preview:-1"},"canonical":"https:\/\/www.csj-emballages.com\/pt-pt\/produit\/100-pratos-gastronomicos-descartaveis-de-aluminio-5200ml\/","og_locale":"pt_PT","og_type":"article","og_title":"Prato gastron\u00f3mico de alum\u00ednio de 5200 ml, 100 unidades","og_description":"Prato gastron\u00f3mico em alum\u00ednio de 5200 ml, ideal para cozinhar, armazenar e transportar alimentos. Resistente, pr\u00e1tico e adequado para profissionais","og_url":"https:\/\/www.csj-emballages.com\/pt-pt\/produit\/100-pratos-gastronomicos-descartaveis-de-aluminio-5200ml\/","og_site_name":"CSJ Emballages","article_publisher":"https:\/\/www.facebook.com\/csjemballages","article_modified_time":"2026-03-12T15:32:16+00:00","og_image":[{"width":800,"height":800,"url":"https:\/\/www.csj-emballages.com\/wp-content\/uploads\/2024\/03\/PG-5200.webp","type":"image\/webp"}],"twitter_card":"summary_large_image","twitter_misc":{"Tempo estimado de leitura":"1 minuto"},"schema":{"@context":"https:\/\/schema.org","@graph":[{"@type":"WebPage","@id":"https:\/\/www.csj-emballages.com\/pt-pt\/produit\/100-pratos-gastronomicos-descartaveis-de-aluminio-5200ml\/","url":"https:\/\/www.csj-emballages.com\/pt-pt\/produit\/100-pratos-gastronomicos-descartaveis-de-aluminio-5200ml\/","name":"Prato Gastron\u00f3mico de alum\u00ednio 5200 ml por 100","isPartOf":{"@id":"https:\/\/www.csj-emballages.com\/pt-pt\/#website"},"primaryImageOfPage":{"@id":"https:\/\/www.csj-emballages.com\/pt-pt\/produit\/100-pratos-gastronomicos-descartaveis-de-aluminio-5200ml\/#primaryimage"},"image":{"@id":"https:\/\/www.csj-emballages.com\/pt-pt\/produit\/100-pratos-gastronomicos-descartaveis-de-aluminio-5200ml\/#primaryimage"},"thumbnailUrl":"https:\/\/www.csj-emballages.com\/wp-content\/uploads\/2024\/03\/PG-5200.webp","datePublished":"2024-03-01T15:51:23+00:00","dateModified":"2026-03-12T15:32:16+00:00","description":"Prato gastron\u00f3mico em alum\u00ednio de 5200 ml, ideal para cozinhar, armazenar e transportar alimentos. Resistente, pr\u00e1tico e adequado para profissionais","breadcrumb":{"@id":"https:\/\/www.csj-emballages.com\/pt-pt\/produit\/100-pratos-gastronomicos-descartaveis-de-aluminio-5200ml\/#breadcrumb"},"inLanguage":"pt-PT","potentialAction":[{"@type":"ReadAction","target":["https:\/\/www.csj-emballages.com\/pt-pt\/produit\/100-pratos-gastronomicos-descartaveis-de-aluminio-5200ml\/"]}]},{"@type":"ImageObject","inLanguage":"pt-PT","@id":"https:\/\/www.csj-emballages.com\/pt-pt\/produit\/100-pratos-gastronomicos-descartaveis-de-aluminio-5200ml\/#primaryimage","url":"https:\/\/www.csj-emballages.com\/wp-content\/uploads\/2024\/03\/PG-5200.webp","contentUrl":"https:\/\/www.csj-emballages.com\/wp-content\/uploads\/2024\/03\/PG-5200.webp","width":800,"height":800,"caption":"Plat gastronome"},{"@type":"BreadcrumbList","@id":"https:\/\/www.csj-emballages.com\/pt-pt\/produit\/100-pratos-gastronomicos-descartaveis-de-aluminio-5200ml\/#breadcrumb","itemListElement":[{"@type":"ListItem","position":1,"name":"Acolhimento","item":"https:\/\/www.csj-emballages.com\/pt-pt\/universo-das-embalagens-alimentares\/"},{"@type":"ListItem","position":2,"name":"Shop","item":"https:\/\/www.csj-emballages.com\/shop\/"},{"@type":"ListItem","position":3,"name":"Prato gastron\u00f3mico de alum\u00ednio de 5200 ml, 100 unidades"}]},{"@type":"WebSite","@id":"https:\/\/www.csj-emballages.com\/pt-pt\/#website","url":"https:\/\/www.csj-emballages.com\/pt-pt\/","name":"CSJ Emballages","description":"","publisher":{"@id":"https:\/\/www.csj-emballages.com\/pt-pt\/#organization"},"potentialAction":[{"@type":"SearchAction","target":{"@type":"EntryPoint","urlTemplate":"https:\/\/www.csj-emballages.com\/pt-pt\/?s={search_term_string}"},"query-input":{"@type":"PropertyValueSpecification","valueRequired":true,"valueName":"search_term_string"}}],"inLanguage":"pt-PT"},{"@type":"Organization","@id":"https:\/\/www.csj-emballages.com\/pt-pt\/#Organization\/","name":"CSJ Emballages","url":"https:\/\/www.csj-emballages.com\/pt-pt\/","logo":{"@type":"ImageObject","inLanguage":"pt-PT","@id":"https:\/\/www.csj-emballages.com\/pt-pt\/#\/schema\/logo\/image\/","url":"https:\/\/www.csj-emballages.com\/wp-content\/uploads\/2023\/10\/logo_csj.webp","contentUrl":"https:\/\/www.csj-emballages.com\/wp-content\/uploads\/2023\/10\/logo_csj.webp","width":250,"height":95,"caption":"CSJ Emballages"},"image":{"@id":"https:\/\/www.csj-emballages.com\/pt-pt\/#\/schema\/logo\/image\/"},"sameAs":["https:\/\/www.facebook.com\/csjemballages"],"address":{"@type":"PostalAddress","streetAddress":"ZI La Lechere","addressLocality":"Patornay","postalCode":"39130","addressCountry":"FR"},"contactPoint":[{"@type":"ContactPoint","contactType":"Service client","telephone":"0384254272","email":"contact@csj-emballages.com"}]}]}},"df_price":189.9,"df_sale_price":"","df_regular_price":189.9,"df_image_link":"https:\/\/www.csj-emballages.com\/wp-content\/uploads\/2024\/03\/PG-5200-300x300.webp","tiered_pricing_type":"fixed","tiered_pricing_fixed_rules":[],"tiered_pricing_percentage_rules":[],"tiered_pricing_minimum":1,"tiered_pricing_roles_data":[],"_links":{"self":[{"href":"https:\/\/www.csj-emballages.com\/pt-pt\/wp-json\/wp\/v2\/product\/22429","targetHints":{"allow":["GET"]}}],"collection":[{"href":"https:\/\/www.csj-emballages.com\/pt-pt\/wp-json\/wp\/v2\/product"}],"about":[{"href":"https:\/\/www.csj-emballages.com\/pt-pt\/wp-json\/wp\/v2\/types\/product"}],"wp:featuredmedia":[{"embeddable":true,"href":"https:\/\/www.csj-emballages.com\/pt-pt\/wp-json\/wp\/v2\/media\/228932"}],"wp:attachment":[{"href":"https:\/\/www.csj-emballages.com\/pt-pt\/wp-json\/wp\/v2\/media?parent=22429"}],"wp:term":[{"taxonomy":"product_brand","embeddable":true,"href":"https:\/\/www.csj-emballages.com\/pt-pt\/wp-json\/wp\/v2\/product_brand?post=22429"},{"taxonomy":"product_cat","embeddable":true,"href":"https:\/\/www.csj-emballages.com\/pt-pt\/wp-json\/wp\/v2\/product_cat?post=22429"},{"taxonomy":"product_tag","embeddable":true,"href":"https:\/\/www.csj-emballages.com\/pt-pt\/wp-json\/wp\/v2\/product_tag?post=22429"}],"curies":[{"name":"wp","href":"https:\/\/api.w.org\/{rel}","templated":true}]}}