{"id":224260,"date":"2024-12-18T02:18:17","date_gmt":"2024-12-18T01:18:17","guid":{"rendered":"https:\/\/www.csj-emballages.com\/produit\/saladeira-redonda-kraft-1100-ml\/"},"modified":"2026-03-12T16:34:06","modified_gmt":"2026-03-12T15:34:06","slug":"saladeira-redonda-kraft-1100-ml","status":"publish","type":"product","link":"https:\/\/www.csj-emballages.com\/pt-pt\/produit\/saladeira-redonda-kraft-1100-ml\/","title":{"rendered":"Saladeira kraft redonda de 1100 ml, 50"},"content":{"rendered":"<h2>Saladeira<\/h2>\n<hr>\n<h3>Descri\u00e7\u00e3o da nossa saladeira redonda kraft 1100 ml por 50<\/h3>\n<p><!--more--><\/p>\n<p data-start=\"249\" data-end=\"663\">Quando <strong>as por\u00e7\u00f5es<\/strong> se tornam mais <strong>generosas<\/strong>, \u00e9 necess\u00e1rio um recipiente que as acompanhe. Esta <strong>saladeira kraft<\/strong> <strong>de 1100 ml<\/strong> foi concebida com precis\u00e3o para acomodar pratos cheios sem comprometer a facilidade de utiliza\u00e7\u00e3o. O seu formato largo facilita a mistura de ingredientes, tornando-a perfeita para <strong>saladas grandes<\/strong>, <strong>ta\u00e7as de poke<\/strong>, pratos <strong>crocantes<\/strong>, <strong>refei\u00e7\u00f5es completas<\/strong> ou receitas quentes de takeaway.  <\/p>\n<p data-start=\"665\" data-end=\"998\">A partir do momento em que se pega nela, percebe-se que foi concebida para utiliza\u00e7\u00e3o profissional. O <strong>cart\u00e3o kraft<\/strong> espesso proporciona uma excelente fixa\u00e7\u00e3o e evita que fique quebradi\u00e7a, mesmo com prepara\u00e7\u00f5es ricas ou molhos. Pode ench\u00ea-la, fech\u00e1-la e transport\u00e1-la com toda a tranquilidade: a <strong>ta\u00e7a<\/strong> mant\u00e9m a sua forma e protege o conte\u00fado at\u00e9 estar pronta a comer.  <\/p>\n<p data-start=\"1000\" data-end=\"1363\">O seu aspeto natural e simples enquadra-se facilmente em qualquer ambiente de restaura\u00e7\u00e3o. Quer se trate de um restaurante saud\u00e1vel, de um food-truck, de um servi\u00e7o de takeaway ou de um catering, esta <strong>ta\u00e7a<\/strong> apresenta os seus pratos sem roubar o protagonismo \u00e0s suas receitas. \u00c9 tamb\u00e9m uma base ideal para adicionar uma <strong>tampa<\/strong>, <strong>etiqueta<\/strong> ou <strong>personaliza\u00e7\u00e3o visual<\/strong>.  <\/p>\n<p data-start=\"1365\" data-end=\"1580\">Com uma capacidade de <strong data-start=\"1388\" data-end=\"1398\">960 ml<\/strong>, pode oferecer aos seus clientes uma refei\u00e7\u00e3o verdadeiramente completa, saud\u00e1vel e bem apresentada. E gra\u00e7as \u00e0 <strong data-start=\"1487\" data-end=\"1500\">embalagem de 50<\/strong>, pode gerir o seu stock de forma eficiente, sem excedentes desnecess\u00e1rios ou faltas imprevistas. <\/p>\n<p data-start=\"1582\" data-end=\"1803\">Em suma, esta <strong>saladeira kraft<\/strong> de grande formato \u00e9 um aliado fi\u00e1vel para os profissionais que pretendem oferecer por\u00e7\u00f5es generosas e bem apresentadas, f\u00e1ceis de transportar, mantendo uma imagem moderna e polida.<\/p>\n<p data-start=\"763\" data-end=\"1088\"><!--more--><\/p>\n<p data-start=\"763\" data-end=\"1088\">Esta ta\u00e7a pode ser utilizada com uma <strong data-start=\"589\" data-end=\"640\">tampa PET transparente (combina\u00e7\u00e3o vendida separadamente)<\/strong> para uma maior comodidade, permitindo que os clientes vejam o conte\u00fado enquanto mant\u00eam os alimentos frescos.<\/p>\n<p data-start=\"763\" data-end=\"1088\"><!--more--><\/p>\n<p><span style=\"color: #ff0000;\"><strong>*Op\u00e7\u00f5es de personaliza\u00e7\u00e3o<\/strong><\/span><\/p>\n<p>&nbsp;<\/p>\n<p><!--more--><\/p>\n<h4>Vantagens :<\/h4>\n<ul>\n<li data-start=\"1831\" data-end=\"1876\">Grande capacidade de <strong>1100 ml<\/strong> para refei\u00e7\u00f5es completas.<\/li>\n<li data-start=\"1879\" data-end=\"1918\">Formato grande para facilitar a mistura.<\/li>\n<li data-start=\"1921\" data-end=\"1965\">Acompanha bem pratos quentes ou molhos.<\/li>\n<li data-start=\"1968\" data-end=\"1998\">Estilo kraft s\u00f3brio e contempor\u00e2neo.<\/li>\n<li data-start=\"2001\" data-end=\"2043\">Embalagem de <strong>50<\/strong>, adequada para utiliza\u00e7\u00e3o profissional.<\/li>\n<\/ul>\n<p>&nbsp;<\/p>\n<p><!--more--><\/p>\n<h4>Outras informa\u00e7\u00f5es :<\/h4>\n<ul>\n<li><strong>Embalagem<\/strong>: Pacote de 50<\/li>\n<li><strong>Volume<\/strong>: 1100 ml<\/li>\n<li><strong>Di\u00e2metro inferior<\/strong>: 147 mm<\/li>\n<li><strong>Di\u00e2metro superior<\/strong>: 170 mm<\/li>\n<li><strong>Altura<\/strong>: 67 mm<\/li>\n<li><strong>Material<\/strong>: Cart\u00e3o \/ PP<\/li>\n<li><strong>Cor<\/strong>: castanho<\/li>\n<li><strong>Utiliza\u00e7\u00e3o<\/strong>: Frio \/ Quente<\/li>\n<\/ul>\n<p>&nbsp;<\/p>\n<p><!--more--><\/p>\n<p>Encontra aqui a combina\u00e7\u00e3o saladeira + tampa : <span style=\"color: #d12727;\"><a style=\"color: #d12727;\" href=\"https:\/\/www.csj-emballages.com\/pt-pt\/produit\/25-tacas-de-salada-krafts-tampas-pet-1100-ml\/\">PO1100KGE<\/a><\/span><\/p>\n<p>&nbsp;<\/p>\n<p><!--more--><\/p>\n<p>Este produto est\u00e1 dispon\u00edvel em v\u00e1rios tamanhos: <span style=\"color: #d12727;\"><a style=\"color: #d12727;\" href=\"https:\/\/www.csj-emballages.com\/pt-pt\/produit\/50-frascos-redondos-kraft-de-500-ml\/\">500 ml<\/a><\/span> \/ <span style=\"color: #d12727;\"><a style=\"color: #d12727;\" href=\"https:\/\/www.csj-emballages.com\/pt-pt\/produit\/saladeira-kraft-780-ml-por-50\/\">780 ml<\/a><\/span> \/ <span style=\"color: #d12727;\"><a style=\"color: #d12727;\" href=\"https:\/\/www.csj-emballages.com\/pt-pt\/produit\/saladeira-redonda-kraft-960-ml-a-50\/\">960 ml<\/a><\/span> \/ <span style=\"color: #d12727;\"><a style=\"color: #d12727;\" href=\"https:\/\/www.csj-emballages.com\/produit\/50-bol-salade-kraft-1250-ml\/\">1250 ml<\/a><\/span><\/p>\n<p>&nbsp;<\/p>\n<p><!--more--><\/p>\n<p><a href=\"https:\/\/www.csj-emballages.com\/pt-pt\/categorie-produit\/embalagem-de-alimentos\/restauracao\/tachos-tigelas-suportes-para-copos\/frascos-de-salada-kraft\/\">V\u00ea o resto da nossa gama de saladeiras kraft<\/a><\/p>\n","protected":false},"excerpt":{"rendered":"<p>Saladeira Descri\u00e7\u00e3o da nossa saladeira redonda kraft 1100 ml por 50<\/p>\n","protected":false},"featured_media":224536,"template":"","meta":{"_acf_changed":false},"product_brand":[],"product_cat":[1141,1138,3927,3150],"product_tag":[],"class_list":{"0":"post-224260","1":"product","2":"type-product","3":"status-publish","4":"has-post-thumbnail","6":"product_cat-embalagem-de-alimentos","7":"product_cat-restauracao","8":"product_cat-tachos-tigelas-suportes-para-copos","9":"product_cat-frascos-de-salada-kraft","11":"first","12":"instock","13":"taxable","14":"shipping-taxable","15":"purchasable","16":"product-type-simple"},"acf":[],"yoast_head":"<!-- This site is optimized with the Yoast SEO Premium plugin v26.6 (Yoast SEO v26.6) - https:\/\/yoast.com\/wordpress\/plugins\/seo\/ -->\n<title>Saladeira redonda Kraft 1100 ml<\/title>\n<meta name=\"description\" content=\"Descubra a nossa saladeira kraft de 1100 ml, perfeita para pratos quentes ou frios. Resistente, ecol\u00f3gico e atrativo, \u00e9 ideal para a venda no local.\" \/>\n<meta name=\"robots\" content=\"index, follow, max-snippet:-1, max-image-preview:large, max-video-preview:-1\" \/>\n<link rel=\"canonical\" href=\"https:\/\/www.csj-emballages.com\/pt-pt\/produit\/saladeira-redonda-kraft-1100-ml\/\" \/>\n<meta property=\"og:locale\" content=\"pt_PT\" \/>\n<meta property=\"og:type\" content=\"article\" \/>\n<meta property=\"og:title\" content=\"Saladeira kraft redonda de 1100 ml, 50\" \/>\n<meta property=\"og:description\" content=\"Descubra a nossa saladeira kraft de 1100 ml, perfeita para pratos quentes ou frios. Resistente, ecol\u00f3gico e atrativo, \u00e9 ideal para a venda no local.\" \/>\n<meta property=\"og:url\" content=\"https:\/\/www.csj-emballages.com\/pt-pt\/produit\/saladeira-redonda-kraft-1100-ml\/\" \/>\n<meta property=\"og:site_name\" content=\"CSJ Emballages\" \/>\n<meta property=\"article:publisher\" content=\"https:\/\/www.facebook.com\/csjemballages\" \/>\n<meta property=\"article:modified_time\" content=\"2026-03-12T15:34:06+00:00\" \/>\n<meta property=\"og:image\" content=\"https:\/\/www.csj-emballages.com\/wp-content\/uploads\/2024\/12\/PO1100K.webp\" \/>\n\t<meta property=\"og:image:width\" content=\"800\" \/>\n\t<meta property=\"og:image:height\" content=\"800\" \/>\n\t<meta property=\"og:image:type\" content=\"image\/webp\" \/>\n<meta name=\"twitter:card\" content=\"summary_large_image\" \/>\n<meta name=\"twitter:label1\" content=\"Tempo estimado de leitura\" \/>\n\t<meta name=\"twitter:data1\" content=\"2 minutos\" \/>\n<script type=\"application\/ld+json\" class=\"yoast-schema-graph\">{\"@context\":\"https:\/\/schema.org\",\"@graph\":[{\"@type\":\"WebPage\",\"@id\":\"https:\/\/www.csj-emballages.com\/pt-pt\/produit\/saladeira-redonda-kraft-1100-ml\/\",\"url\":\"https:\/\/www.csj-emballages.com\/pt-pt\/produit\/saladeira-redonda-kraft-1100-ml\/\",\"name\":\"Saladeira redonda Kraft 1100 ml\",\"isPartOf\":{\"@id\":\"https:\/\/www.csj-emballages.com\/pt-pt\/#website\"},\"primaryImageOfPage\":{\"@id\":\"https:\/\/www.csj-emballages.com\/pt-pt\/produit\/saladeira-redonda-kraft-1100-ml\/#primaryimage\"},\"image\":{\"@id\":\"https:\/\/www.csj-emballages.com\/pt-pt\/produit\/saladeira-redonda-kraft-1100-ml\/#primaryimage\"},\"thumbnailUrl\":\"https:\/\/www.csj-emballages.com\/wp-content\/uploads\/2024\/12\/PO1100K.webp\",\"datePublished\":\"2024-12-18T01:18:17+00:00\",\"dateModified\":\"2026-03-12T15:34:06+00:00\",\"description\":\"Descubra a nossa saladeira kraft de 1100 ml, perfeita para pratos quentes ou frios. Resistente, ecol\u00f3gico e atrativo, \u00e9 ideal para a venda no local.\",\"breadcrumb\":{\"@id\":\"https:\/\/www.csj-emballages.com\/pt-pt\/produit\/saladeira-redonda-kraft-1100-ml\/#breadcrumb\"},\"inLanguage\":\"pt-PT\",\"potentialAction\":[{\"@type\":\"ReadAction\",\"target\":[\"https:\/\/www.csj-emballages.com\/pt-pt\/produit\/saladeira-redonda-kraft-1100-ml\/\"]}]},{\"@type\":\"ImageObject\",\"inLanguage\":\"pt-PT\",\"@id\":\"https:\/\/www.csj-emballages.com\/pt-pt\/produit\/saladeira-redonda-kraft-1100-ml\/#primaryimage\",\"url\":\"https:\/\/www.csj-emballages.com\/wp-content\/uploads\/2024\/12\/PO1100K.webp\",\"contentUrl\":\"https:\/\/www.csj-emballages.com\/wp-content\/uploads\/2024\/12\/PO1100K.webp\",\"width\":800,\"height\":800,\"caption\":\"Bol salade\"},{\"@type\":\"BreadcrumbList\",\"@id\":\"https:\/\/www.csj-emballages.com\/pt-pt\/produit\/saladeira-redonda-kraft-1100-ml\/#breadcrumb\",\"itemListElement\":[{\"@type\":\"ListItem\",\"position\":1,\"name\":\"Acolhimento\",\"item\":\"https:\/\/www.csj-emballages.com\/pt-pt\/universo-das-embalagens-alimentares\/\"},{\"@type\":\"ListItem\",\"position\":2,\"name\":\"Shop\",\"item\":\"https:\/\/www.csj-emballages.com\/shop\/\"},{\"@type\":\"ListItem\",\"position\":3,\"name\":\"Saladeira kraft redonda de 1100 ml, 50\"}]},{\"@type\":\"WebSite\",\"@id\":\"https:\/\/www.csj-emballages.com\/pt-pt\/#website\",\"url\":\"https:\/\/www.csj-emballages.com\/pt-pt\/\",\"name\":\"CSJ Emballages\",\"description\":\"\",\"publisher\":{\"@id\":\"https:\/\/www.csj-emballages.com\/pt-pt\/#organization\"},\"potentialAction\":[{\"@type\":\"SearchAction\",\"target\":{\"@type\":\"EntryPoint\",\"urlTemplate\":\"https:\/\/www.csj-emballages.com\/pt-pt\/?s={search_term_string}\"},\"query-input\":{\"@type\":\"PropertyValueSpecification\",\"valueRequired\":true,\"valueName\":\"search_term_string\"}}],\"inLanguage\":\"pt-PT\"},{\"@type\":\"Organization\",\"@id\":\"https:\/\/www.csj-emballages.com\/pt-pt\/#Organization\/\",\"name\":\"CSJ Emballages\",\"url\":\"https:\/\/www.csj-emballages.com\/pt-pt\/\",\"logo\":{\"@type\":\"ImageObject\",\"inLanguage\":\"pt-PT\",\"@id\":\"https:\/\/www.csj-emballages.com\/pt-pt\/#\/schema\/logo\/image\/\",\"url\":\"https:\/\/www.csj-emballages.com\/wp-content\/uploads\/2023\/10\/logo_csj.webp\",\"contentUrl\":\"https:\/\/www.csj-emballages.com\/wp-content\/uploads\/2023\/10\/logo_csj.webp\",\"width\":250,\"height\":95,\"caption\":\"CSJ Emballages\"},\"image\":{\"@id\":\"https:\/\/www.csj-emballages.com\/pt-pt\/#\/schema\/logo\/image\/\"},\"sameAs\":[\"https:\/\/www.facebook.com\/csjemballages\"],\"address\":{\"@type\":\"PostalAddress\",\"streetAddress\":\"ZI La Lechere\",\"addressLocality\":\"Patornay\",\"postalCode\":\"39130\",\"addressCountry\":\"FR\"},\"contactPoint\":[{\"@type\":\"ContactPoint\",\"contactType\":\"Service client\",\"telephone\":\"0384254272\",\"email\":\"contact@csj-emballages.com\"}]}]}<\/script>\n<!-- \/ Yoast SEO Premium plugin. -->","yoast_head_json":{"title":"Saladeira redonda Kraft 1100 ml","description":"Descubra a nossa saladeira kraft de 1100 ml, perfeita para pratos quentes ou frios. Resistente, ecol\u00f3gico e atrativo, \u00e9 ideal para a venda no local.","robots":{"index":"index","follow":"follow","max-snippet":"max-snippet:-1","max-image-preview":"max-image-preview:large","max-video-preview":"max-video-preview:-1"},"canonical":"https:\/\/www.csj-emballages.com\/pt-pt\/produit\/saladeira-redonda-kraft-1100-ml\/","og_locale":"pt_PT","og_type":"article","og_title":"Saladeira kraft redonda de 1100 ml, 50","og_description":"Descubra a nossa saladeira kraft de 1100 ml, perfeita para pratos quentes ou frios. Resistente, ecol\u00f3gico e atrativo, \u00e9 ideal para a venda no local.","og_url":"https:\/\/www.csj-emballages.com\/pt-pt\/produit\/saladeira-redonda-kraft-1100-ml\/","og_site_name":"CSJ Emballages","article_publisher":"https:\/\/www.facebook.com\/csjemballages","article_modified_time":"2026-03-12T15:34:06+00:00","og_image":[{"width":800,"height":800,"url":"https:\/\/www.csj-emballages.com\/wp-content\/uploads\/2024\/12\/PO1100K.webp","type":"image\/webp"}],"twitter_card":"summary_large_image","twitter_misc":{"Tempo estimado de leitura":"2 minutos"},"schema":{"@context":"https:\/\/schema.org","@graph":[{"@type":"WebPage","@id":"https:\/\/www.csj-emballages.com\/pt-pt\/produit\/saladeira-redonda-kraft-1100-ml\/","url":"https:\/\/www.csj-emballages.com\/pt-pt\/produit\/saladeira-redonda-kraft-1100-ml\/","name":"Saladeira redonda Kraft 1100 ml","isPartOf":{"@id":"https:\/\/www.csj-emballages.com\/pt-pt\/#website"},"primaryImageOfPage":{"@id":"https:\/\/www.csj-emballages.com\/pt-pt\/produit\/saladeira-redonda-kraft-1100-ml\/#primaryimage"},"image":{"@id":"https:\/\/www.csj-emballages.com\/pt-pt\/produit\/saladeira-redonda-kraft-1100-ml\/#primaryimage"},"thumbnailUrl":"https:\/\/www.csj-emballages.com\/wp-content\/uploads\/2024\/12\/PO1100K.webp","datePublished":"2024-12-18T01:18:17+00:00","dateModified":"2026-03-12T15:34:06+00:00","description":"Descubra a nossa saladeira kraft de 1100 ml, perfeita para pratos quentes ou frios. Resistente, ecol\u00f3gico e atrativo, \u00e9 ideal para a venda no local.","breadcrumb":{"@id":"https:\/\/www.csj-emballages.com\/pt-pt\/produit\/saladeira-redonda-kraft-1100-ml\/#breadcrumb"},"inLanguage":"pt-PT","potentialAction":[{"@type":"ReadAction","target":["https:\/\/www.csj-emballages.com\/pt-pt\/produit\/saladeira-redonda-kraft-1100-ml\/"]}]},{"@type":"ImageObject","inLanguage":"pt-PT","@id":"https:\/\/www.csj-emballages.com\/pt-pt\/produit\/saladeira-redonda-kraft-1100-ml\/#primaryimage","url":"https:\/\/www.csj-emballages.com\/wp-content\/uploads\/2024\/12\/PO1100K.webp","contentUrl":"https:\/\/www.csj-emballages.com\/wp-content\/uploads\/2024\/12\/PO1100K.webp","width":800,"height":800,"caption":"Bol salade"},{"@type":"BreadcrumbList","@id":"https:\/\/www.csj-emballages.com\/pt-pt\/produit\/saladeira-redonda-kraft-1100-ml\/#breadcrumb","itemListElement":[{"@type":"ListItem","position":1,"name":"Acolhimento","item":"https:\/\/www.csj-emballages.com\/pt-pt\/universo-das-embalagens-alimentares\/"},{"@type":"ListItem","position":2,"name":"Shop","item":"https:\/\/www.csj-emballages.com\/shop\/"},{"@type":"ListItem","position":3,"name":"Saladeira kraft redonda de 1100 ml, 50"}]},{"@type":"WebSite","@id":"https:\/\/www.csj-emballages.com\/pt-pt\/#website","url":"https:\/\/www.csj-emballages.com\/pt-pt\/","name":"CSJ Emballages","description":"","publisher":{"@id":"https:\/\/www.csj-emballages.com\/pt-pt\/#organization"},"potentialAction":[{"@type":"SearchAction","target":{"@type":"EntryPoint","urlTemplate":"https:\/\/www.csj-emballages.com\/pt-pt\/?s={search_term_string}"},"query-input":{"@type":"PropertyValueSpecification","valueRequired":true,"valueName":"search_term_string"}}],"inLanguage":"pt-PT"},{"@type":"Organization","@id":"https:\/\/www.csj-emballages.com\/pt-pt\/#Organization\/","name":"CSJ Emballages","url":"https:\/\/www.csj-emballages.com\/pt-pt\/","logo":{"@type":"ImageObject","inLanguage":"pt-PT","@id":"https:\/\/www.csj-emballages.com\/pt-pt\/#\/schema\/logo\/image\/","url":"https:\/\/www.csj-emballages.com\/wp-content\/uploads\/2023\/10\/logo_csj.webp","contentUrl":"https:\/\/www.csj-emballages.com\/wp-content\/uploads\/2023\/10\/logo_csj.webp","width":250,"height":95,"caption":"CSJ Emballages"},"image":{"@id":"https:\/\/www.csj-emballages.com\/pt-pt\/#\/schema\/logo\/image\/"},"sameAs":["https:\/\/www.facebook.com\/csjemballages"],"address":{"@type":"PostalAddress","streetAddress":"ZI La Lechere","addressLocality":"Patornay","postalCode":"39130","addressCountry":"FR"},"contactPoint":[{"@type":"ContactPoint","contactType":"Service client","telephone":"0384254272","email":"contact@csj-emballages.com"}]}]}},"df_price":9.14,"df_sale_price":"","df_regular_price":9.14,"df_image_link":"https:\/\/www.csj-emballages.com\/wp-content\/uploads\/2024\/12\/PO1100K-300x300.webp","tiered_pricing_type":"fixed","tiered_pricing_fixed_rules":[],"tiered_pricing_percentage_rules":[],"tiered_pricing_minimum":1,"tiered_pricing_roles_data":[],"_links":{"self":[{"href":"https:\/\/www.csj-emballages.com\/pt-pt\/wp-json\/wp\/v2\/product\/224260","targetHints":{"allow":["GET"]}}],"collection":[{"href":"https:\/\/www.csj-emballages.com\/pt-pt\/wp-json\/wp\/v2\/product"}],"about":[{"href":"https:\/\/www.csj-emballages.com\/pt-pt\/wp-json\/wp\/v2\/types\/product"}],"wp:featuredmedia":[{"embeddable":true,"href":"https:\/\/www.csj-emballages.com\/pt-pt\/wp-json\/wp\/v2\/media\/224536"}],"wp:attachment":[{"href":"https:\/\/www.csj-emballages.com\/pt-pt\/wp-json\/wp\/v2\/media?parent=224260"}],"wp:term":[{"taxonomy":"product_brand","embeddable":true,"href":"https:\/\/www.csj-emballages.com\/pt-pt\/wp-json\/wp\/v2\/product_brand?post=224260"},{"taxonomy":"product_cat","embeddable":true,"href":"https:\/\/www.csj-emballages.com\/pt-pt\/wp-json\/wp\/v2\/product_cat?post=224260"},{"taxonomy":"product_tag","embeddable":true,"href":"https:\/\/www.csj-emballages.com\/pt-pt\/wp-json\/wp\/v2\/product_tag?post=224260"}],"curies":[{"name":"wp","href":"https:\/\/api.w.org\/{rel}","templated":true}]}}