{"id":22404,"date":"2024-03-01T16:51:25","date_gmt":"2024-03-01T15:51:25","guid":{"rendered":"https:\/\/u15jnbdpoq.preview.infomaniak.website\/produit\/rafia-de-milho-bola-de-papoila-200m-x-10mm\/"},"modified":"2026-03-17T02:15:23","modified_gmt":"2026-03-17T01:15:23","slug":"rafia-de-milho-bola-de-papoila-200m-x-10mm","status":"publish","type":"product","link":"https:\/\/www.csj-emballages.com\/pt-pt\/produit\/rafia-de-milho-bola-de-papoila-200m-x-10mm\/","title":{"rendered":"R\u00e1fia de milho \/ bola de papoila 200m x 10mm"},"content":{"rendered":"<h2 style=\"text-indent: 0px; box-sizing: inherit; font-family: Roboto, sans-serif;\">Novelo de r\u00e1fia<\/h2>\n<hr>\n<h3>Descubra o nosso novelo de r\u00e1fia milho \/ papoila 200 m x 10 mm<\/h3>\n<p><!--more--><\/p>\n<p data-start=\"247\" data-end=\"615\">Este <strong>novelo de r\u00e1fia<\/strong> <strong data-start=\"270\" data-end=\"291\">milho \/ papoila<\/strong> confere imediatamente um toque de <strong>cor<\/strong> e de car\u00e1cter \u00e0s suas embalagens. A sua mistura de <strong>amarelo<\/strong> <strong>quente<\/strong> e de <strong>vermelho intenso<\/strong> cria um resultado visual din\u00e2mico, ideal para atrair a aten\u00e7\u00e3o e dar relevo \u00e0s suas apresenta\u00e7\u00f5es. Assim que o utiliza, sente que n\u00e3o se trata de um simples fio, mas de um verdadeiro elemento decorativo.  <\/p>\n<p data-start=\"617\" data-end=\"1027\">Com os seus <strong data-start=\"626\" data-end=\"652\">200 metros de comprimento<\/strong> e a sua largura de <strong data-start=\"670\" data-end=\"679\">10 mm<\/strong>, este novelo oferece uma excelente autonomia. Pode utiliz\u00e1-lo durante muito tempo, sem ter de mudar constantemente de bobina. Corta-se facilmente, ata-se sem esfor\u00e7o e mant\u00e9m-se bem no lugar, seja \u00e0 volta de um pacote, de um saco, de uma caixa de presente ou de um produto alimentar. Assim, poupa tempo e, ao mesmo tempo, cuida do resultado final.   <\/p>\n<p data-start=\"1029\" data-end=\"1425\">Esta <strong>r\u00e1fia bicolor<\/strong> adapta-se a diversas utiliza\u00e7\u00f5es. \u00c9 adequada tanto para o com\u00e9rcio alimentar como para lojas, floristas, criadores ou profissionais de eventos. Permite dar um toque acolhedor e original, sem exagerar. Al\u00e9m disso, as suas cores vivas funcionam muito bem durante os per\u00edodos festivos, mercados, vendas sazonais ou opera\u00e7\u00f5es especiais.   <\/p>\n<p data-start=\"1427\" data-end=\"1665\">Em resumo, este <strong>novelo de r\u00e1fia milho \/ papoila<\/strong> combina praticidade e est\u00e9tica. Transforma uma embalagem simples numa apresenta\u00e7\u00e3o mais atrativa, mantendo-se f\u00e1cil de utilizar no dia a dia. Um pequeno detalhe que faz claramente a diferen\u00e7a.  <\/p>\n<p data-start=\"1643\" data-end=\"1786\"><!--more--><\/p>\n<h4 data-start=\"1643\" data-end=\"1786\">Vantagens :<\/h4>\n<ul>\n<li data-start=\"1694\" data-end=\"1738\">Associa\u00e7\u00e3o de <strong>cores vivas<\/strong> e original.<\/li>\n<li data-start=\"1741\" data-end=\"1790\">Grande comprimento de <strong>200 m<\/strong> para uma utiliza\u00e7\u00e3o duradoura.<\/li>\n<li data-start=\"1793\" data-end=\"1833\"><strong>Largura de 10 mm<\/strong> para uma boa fixa\u00e7\u00e3o.<\/li>\n<li data-start=\"1836\" data-end=\"1865\">F\u00e1cil de cortar e atar.<\/li>\n<li data-start=\"1868\" data-end=\"1908\">Ideal para embalagem e decora\u00e7\u00e3o.<\/li>\n<\/ul>\n<p>&nbsp;<\/p>\n<p><!--more--><\/p>\n<h4 style=\"text-indent: 0px; box-sizing: inherit; font-family: Roboto, sans-serif;\">Outras informa\u00e7\u00f5es :<\/h4>\n<ul>\n<li><strong>Embalagem<\/strong>: Por unidade<\/li>\n<li><strong>Largura<\/strong>: 10 mm<\/li>\n<li><strong>Comprimento<\/strong>: 200 m<\/li>\n<li><strong>Cor<\/strong>: Milho \/ papoila<\/li>\n<li><strong>Modelo<\/strong>: R\u00e1fia &#8220;Papermat&#8221;<\/li>\n<li><strong>Material<\/strong>: PP<\/li>\n<\/ul>\n<h2 style=\"font-family: Roboto, sans-serif; box-sizing: inherit;\"><\/h2>\n<p><!--more--><\/p>\n<p>Este novelo de r\u00e1fia est\u00e1 dispon\u00edvel em diferentes cores: <span style=\"color: #d12727;\"><a style=\"color: #d12727;\" href=\"https:\/\/www.csj-emballages.com\/es\/produit\/bola-de-rafia-blanca-plateada-100m-x-10mm\/\">Branco &#8211; Prata<\/a><\/span> \/ <span style=\"color: #d12727;\"><a style=\"color: #d12727;\" href=\"https:\/\/www.csj-emballages.com\/es\/produit\/bola-de-rafia-kraft-100m-x-10mm\/\">Kraft<\/a><\/span> \/ <span style=\"color: #d12727;\"><a style=\"color: #d12727;\" href=\"https:\/\/www.csj-emballages.com\/es\/produit\/bola-de-rafia-naranja-chocolate-200m-x-125-mm\/\">Laranja &#8211; Chocolate<\/a><\/span> \/ <span style=\"color: #d12727;\"><a style=\"color: #d12727;\" href=\"https:\/\/www.csj-emballages.com\/es\/produit\/bola-de-rafia-roja-burdeos-200-m-x-125-mm\/\">Vermelho &#8211; Bord\u00f4<\/a><\/span><\/p>\n<p>&nbsp;<\/p>\n<p><!--more--><\/p>\n<p><a href=\"https:\/\/www.csj-emballages.com\/pt-pt\/categorie-produit\/embalagem-de-alimentos\/padaria-e-pastelaria\/acessorios-e-equipamentos\/acessorios-decorativos\/bolas-de-rafia-pt-pt\/\">Consulte o resto da nossa gama de novelos de r\u00e1fia<\/a><\/p>\n","protected":false},"excerpt":{"rendered":"<p>Novelo de r\u00e1fia Descubra o nosso novelo de r\u00e1fia milho \/ papoila 200 m x 10 mm<\/p>\n","protected":false},"featured_media":259494,"template":"","meta":{"_acf_changed":false},"product_brand":[],"product_cat":[1141,1177,1796,3082,1482,1805,3084],"product_tag":[],"class_list":{"0":"post-22404","1":"product","2":"type-product","3":"status-publish","4":"has-post-thumbnail","6":"product_cat-embalagem-de-alimentos","7":"product_cat-padaria-e-pastelaria","8":"product_cat-acessorios-decorativos","9":"product_cat-bolas-de-rafia-pt-pt","10":"product_cat-loja-e-armazem","11":"product_cat-acessorios-decorativos-pt-pt","12":"product_cat-bolas-de-rafia-pt-pt-2","14":"first","15":"instock","16":"taxable","17":"shipping-taxable","18":"purchasable","19":"product-type-simple"},"acf":[],"yoast_head":"<!-- This site is optimized with the Yoast SEO Premium plugin v26.6 (Yoast SEO v26.6) - https:\/\/yoast.com\/wordpress\/plugins\/seo\/ -->\n<title>Novelo de R\u00e1fia Milho \/ Papoila 200 m x 10 mm<\/title>\n<meta name=\"description\" content=\"Novelo de r\u00e1fia milho\/papoila 200 m x 10 mm, bicolor e resistente. Ideal para real\u00e7ar as suas embalagens e decora\u00e7\u00f5es profissionais.\" \/>\n<meta name=\"robots\" content=\"index, follow, max-snippet:-1, max-image-preview:large, max-video-preview:-1\" \/>\n<link rel=\"canonical\" href=\"https:\/\/www.csj-emballages.com\/pt-pt\/produit\/rafia-de-milho-bola-de-papoila-200m-x-10mm\/\" \/>\n<meta property=\"og:locale\" content=\"pt_PT\" \/>\n<meta property=\"og:type\" content=\"article\" \/>\n<meta property=\"og:title\" content=\"R\u00e1fia de milho \/ bola de papoila 200m x 10mm\" \/>\n<meta property=\"og:description\" content=\"Novelo de r\u00e1fia milho\/papoila 200 m x 10 mm, bicolor e resistente. Ideal para real\u00e7ar as suas embalagens e decora\u00e7\u00f5es profissionais.\" \/>\n<meta property=\"og:url\" content=\"https:\/\/www.csj-emballages.com\/pt-pt\/produit\/rafia-de-milho-bola-de-papoila-200m-x-10mm\/\" \/>\n<meta property=\"og:site_name\" content=\"CSJ Emballages\" \/>\n<meta property=\"article:publisher\" content=\"https:\/\/www.facebook.com\/csjemballages\" \/>\n<meta property=\"article:modified_time\" content=\"2026-03-17T01:15:23+00:00\" \/>\n<meta property=\"og:image\" content=\"https:\/\/www.csj-emballages.com\/wp-content\/uploads\/2024\/03\/PELORAF83.webp\" \/>\n\t<meta property=\"og:image:width\" content=\"800\" \/>\n\t<meta property=\"og:image:height\" content=\"800\" \/>\n\t<meta property=\"og:image:type\" content=\"image\/webp\" \/>\n<meta name=\"twitter:card\" content=\"summary_large_image\" \/>\n<meta name=\"twitter:label1\" content=\"Tempo estimado de leitura\" \/>\n\t<meta name=\"twitter:data1\" content=\"2 minutos\" \/>\n<script type=\"application\/ld+json\" class=\"yoast-schema-graph\">{\"@context\":\"https:\/\/schema.org\",\"@graph\":[{\"@type\":\"WebPage\",\"@id\":\"https:\/\/www.csj-emballages.com\/pt-pt\/produit\/rafia-de-milho-bola-de-papoila-200m-x-10mm\/\",\"url\":\"https:\/\/www.csj-emballages.com\/pt-pt\/produit\/rafia-de-milho-bola-de-papoila-200m-x-10mm\/\",\"name\":\"Novelo de R\u00e1fia Milho \/ Papoila 200 m x 10 mm\",\"isPartOf\":{\"@id\":\"https:\/\/www.csj-emballages.com\/pt-pt\/#website\"},\"primaryImageOfPage\":{\"@id\":\"https:\/\/www.csj-emballages.com\/pt-pt\/produit\/rafia-de-milho-bola-de-papoila-200m-x-10mm\/#primaryimage\"},\"image\":{\"@id\":\"https:\/\/www.csj-emballages.com\/pt-pt\/produit\/rafia-de-milho-bola-de-papoila-200m-x-10mm\/#primaryimage\"},\"thumbnailUrl\":\"https:\/\/www.csj-emballages.com\/wp-content\/uploads\/2024\/03\/PELORAF83.webp\",\"datePublished\":\"2024-03-01T15:51:25+00:00\",\"dateModified\":\"2026-03-17T01:15:23+00:00\",\"description\":\"Novelo de r\u00e1fia milho\/papoila 200 m x 10 mm, bicolor e resistente. Ideal para real\u00e7ar as suas embalagens e decora\u00e7\u00f5es profissionais.\",\"breadcrumb\":{\"@id\":\"https:\/\/www.csj-emballages.com\/pt-pt\/produit\/rafia-de-milho-bola-de-papoila-200m-x-10mm\/#breadcrumb\"},\"inLanguage\":\"pt-PT\",\"potentialAction\":[{\"@type\":\"ReadAction\",\"target\":[\"https:\/\/www.csj-emballages.com\/pt-pt\/produit\/rafia-de-milho-bola-de-papoila-200m-x-10mm\/\"]}]},{\"@type\":\"ImageObject\",\"inLanguage\":\"pt-PT\",\"@id\":\"https:\/\/www.csj-emballages.com\/pt-pt\/produit\/rafia-de-milho-bola-de-papoila-200m-x-10mm\/#primaryimage\",\"url\":\"https:\/\/www.csj-emballages.com\/wp-content\/uploads\/2024\/03\/PELORAF83.webp\",\"contentUrl\":\"https:\/\/www.csj-emballages.com\/wp-content\/uploads\/2024\/03\/PELORAF83.webp\",\"width\":800,\"height\":800,\"caption\":\"Pelote raffia\"},{\"@type\":\"BreadcrumbList\",\"@id\":\"https:\/\/www.csj-emballages.com\/pt-pt\/produit\/rafia-de-milho-bola-de-papoila-200m-x-10mm\/#breadcrumb\",\"itemListElement\":[{\"@type\":\"ListItem\",\"position\":1,\"name\":\"Acolhimento\",\"item\":\"https:\/\/www.csj-emballages.com\/pt-pt\/universo-das-embalagens-alimentares\/\"},{\"@type\":\"ListItem\",\"position\":2,\"name\":\"Shop\",\"item\":\"https:\/\/www.csj-emballages.com\/shop\/\"},{\"@type\":\"ListItem\",\"position\":3,\"name\":\"R\u00e1fia de milho \/ bola de papoila 200m x 10mm\"}]},{\"@type\":\"WebSite\",\"@id\":\"https:\/\/www.csj-emballages.com\/pt-pt\/#website\",\"url\":\"https:\/\/www.csj-emballages.com\/pt-pt\/\",\"name\":\"CSJ Emballages\",\"description\":\"\",\"publisher\":{\"@id\":\"https:\/\/www.csj-emballages.com\/pt-pt\/#organization\"},\"potentialAction\":[{\"@type\":\"SearchAction\",\"target\":{\"@type\":\"EntryPoint\",\"urlTemplate\":\"https:\/\/www.csj-emballages.com\/pt-pt\/?s={search_term_string}\"},\"query-input\":{\"@type\":\"PropertyValueSpecification\",\"valueRequired\":true,\"valueName\":\"search_term_string\"}}],\"inLanguage\":\"pt-PT\"},{\"@type\":\"Organization\",\"@id\":\"https:\/\/www.csj-emballages.com\/pt-pt\/#Organization\/\",\"name\":\"CSJ Emballages\",\"url\":\"https:\/\/www.csj-emballages.com\/pt-pt\/\",\"logo\":{\"@type\":\"ImageObject\",\"inLanguage\":\"pt-PT\",\"@id\":\"https:\/\/www.csj-emballages.com\/pt-pt\/#\/schema\/logo\/image\/\",\"url\":\"https:\/\/www.csj-emballages.com\/wp-content\/uploads\/2023\/10\/logo_csj.webp\",\"contentUrl\":\"https:\/\/www.csj-emballages.com\/wp-content\/uploads\/2023\/10\/logo_csj.webp\",\"width\":250,\"height\":95,\"caption\":\"CSJ Emballages\"},\"image\":{\"@id\":\"https:\/\/www.csj-emballages.com\/pt-pt\/#\/schema\/logo\/image\/\"},\"sameAs\":[\"https:\/\/www.facebook.com\/csjemballages\"],\"address\":{\"@type\":\"PostalAddress\",\"streetAddress\":\"ZI La Lechere\",\"addressLocality\":\"Patornay\",\"postalCode\":\"39130\",\"addressCountry\":\"FR\"},\"contactPoint\":[{\"@type\":\"ContactPoint\",\"contactType\":\"Service client\",\"telephone\":\"0384254272\",\"email\":\"contact@csj-emballages.com\"}]}]}<\/script>\n<!-- \/ Yoast SEO Premium plugin. -->","yoast_head_json":{"title":"Novelo de R\u00e1fia Milho \/ Papoila 200 m x 10 mm","description":"Novelo de r\u00e1fia milho\/papoila 200 m x 10 mm, bicolor e resistente. Ideal para real\u00e7ar as suas embalagens e decora\u00e7\u00f5es profissionais.","robots":{"index":"index","follow":"follow","max-snippet":"max-snippet:-1","max-image-preview":"max-image-preview:large","max-video-preview":"max-video-preview:-1"},"canonical":"https:\/\/www.csj-emballages.com\/pt-pt\/produit\/rafia-de-milho-bola-de-papoila-200m-x-10mm\/","og_locale":"pt_PT","og_type":"article","og_title":"R\u00e1fia de milho \/ bola de papoila 200m x 10mm","og_description":"Novelo de r\u00e1fia milho\/papoila 200 m x 10 mm, bicolor e resistente. Ideal para real\u00e7ar as suas embalagens e decora\u00e7\u00f5es profissionais.","og_url":"https:\/\/www.csj-emballages.com\/pt-pt\/produit\/rafia-de-milho-bola-de-papoila-200m-x-10mm\/","og_site_name":"CSJ Emballages","article_publisher":"https:\/\/www.facebook.com\/csjemballages","article_modified_time":"2026-03-17T01:15:23+00:00","og_image":[{"width":800,"height":800,"url":"https:\/\/www.csj-emballages.com\/wp-content\/uploads\/2024\/03\/PELORAF83.webp","type":"image\/webp"}],"twitter_card":"summary_large_image","twitter_misc":{"Tempo estimado de leitura":"2 minutos"},"schema":{"@context":"https:\/\/schema.org","@graph":[{"@type":"WebPage","@id":"https:\/\/www.csj-emballages.com\/pt-pt\/produit\/rafia-de-milho-bola-de-papoila-200m-x-10mm\/","url":"https:\/\/www.csj-emballages.com\/pt-pt\/produit\/rafia-de-milho-bola-de-papoila-200m-x-10mm\/","name":"Novelo de R\u00e1fia Milho \/ Papoila 200 m x 10 mm","isPartOf":{"@id":"https:\/\/www.csj-emballages.com\/pt-pt\/#website"},"primaryImageOfPage":{"@id":"https:\/\/www.csj-emballages.com\/pt-pt\/produit\/rafia-de-milho-bola-de-papoila-200m-x-10mm\/#primaryimage"},"image":{"@id":"https:\/\/www.csj-emballages.com\/pt-pt\/produit\/rafia-de-milho-bola-de-papoila-200m-x-10mm\/#primaryimage"},"thumbnailUrl":"https:\/\/www.csj-emballages.com\/wp-content\/uploads\/2024\/03\/PELORAF83.webp","datePublished":"2024-03-01T15:51:25+00:00","dateModified":"2026-03-17T01:15:23+00:00","description":"Novelo de r\u00e1fia milho\/papoila 200 m x 10 mm, bicolor e resistente. Ideal para real\u00e7ar as suas embalagens e decora\u00e7\u00f5es profissionais.","breadcrumb":{"@id":"https:\/\/www.csj-emballages.com\/pt-pt\/produit\/rafia-de-milho-bola-de-papoila-200m-x-10mm\/#breadcrumb"},"inLanguage":"pt-PT","potentialAction":[{"@type":"ReadAction","target":["https:\/\/www.csj-emballages.com\/pt-pt\/produit\/rafia-de-milho-bola-de-papoila-200m-x-10mm\/"]}]},{"@type":"ImageObject","inLanguage":"pt-PT","@id":"https:\/\/www.csj-emballages.com\/pt-pt\/produit\/rafia-de-milho-bola-de-papoila-200m-x-10mm\/#primaryimage","url":"https:\/\/www.csj-emballages.com\/wp-content\/uploads\/2024\/03\/PELORAF83.webp","contentUrl":"https:\/\/www.csj-emballages.com\/wp-content\/uploads\/2024\/03\/PELORAF83.webp","width":800,"height":800,"caption":"Pelote raffia"},{"@type":"BreadcrumbList","@id":"https:\/\/www.csj-emballages.com\/pt-pt\/produit\/rafia-de-milho-bola-de-papoila-200m-x-10mm\/#breadcrumb","itemListElement":[{"@type":"ListItem","position":1,"name":"Acolhimento","item":"https:\/\/www.csj-emballages.com\/pt-pt\/universo-das-embalagens-alimentares\/"},{"@type":"ListItem","position":2,"name":"Shop","item":"https:\/\/www.csj-emballages.com\/shop\/"},{"@type":"ListItem","position":3,"name":"R\u00e1fia de milho \/ bola de papoila 200m x 10mm"}]},{"@type":"WebSite","@id":"https:\/\/www.csj-emballages.com\/pt-pt\/#website","url":"https:\/\/www.csj-emballages.com\/pt-pt\/","name":"CSJ Emballages","description":"","publisher":{"@id":"https:\/\/www.csj-emballages.com\/pt-pt\/#organization"},"potentialAction":[{"@type":"SearchAction","target":{"@type":"EntryPoint","urlTemplate":"https:\/\/www.csj-emballages.com\/pt-pt\/?s={search_term_string}"},"query-input":{"@type":"PropertyValueSpecification","valueRequired":true,"valueName":"search_term_string"}}],"inLanguage":"pt-PT"},{"@type":"Organization","@id":"https:\/\/www.csj-emballages.com\/pt-pt\/#Organization\/","name":"CSJ Emballages","url":"https:\/\/www.csj-emballages.com\/pt-pt\/","logo":{"@type":"ImageObject","inLanguage":"pt-PT","@id":"https:\/\/www.csj-emballages.com\/pt-pt\/#\/schema\/logo\/image\/","url":"https:\/\/www.csj-emballages.com\/wp-content\/uploads\/2023\/10\/logo_csj.webp","contentUrl":"https:\/\/www.csj-emballages.com\/wp-content\/uploads\/2023\/10\/logo_csj.webp","width":250,"height":95,"caption":"CSJ Emballages"},"image":{"@id":"https:\/\/www.csj-emballages.com\/pt-pt\/#\/schema\/logo\/image\/"},"sameAs":["https:\/\/www.facebook.com\/csjemballages"],"address":{"@type":"PostalAddress","streetAddress":"ZI La Lechere","addressLocality":"Patornay","postalCode":"39130","addressCountry":"FR"},"contactPoint":[{"@type":"ContactPoint","contactType":"Service client","telephone":"0384254272","email":"contact@csj-emballages.com"}]}]}},"df_price":7.98,"df_sale_price":"","df_regular_price":7.98,"df_image_link":"https:\/\/www.csj-emballages.com\/wp-content\/uploads\/2024\/03\/PELORAF83-300x300.webp","tiered_pricing_type":"fixed","tiered_pricing_fixed_rules":[],"tiered_pricing_percentage_rules":[],"tiered_pricing_minimum":1,"tiered_pricing_roles_data":[],"_links":{"self":[{"href":"https:\/\/www.csj-emballages.com\/pt-pt\/wp-json\/wp\/v2\/product\/22404","targetHints":{"allow":["GET"]}}],"collection":[{"href":"https:\/\/www.csj-emballages.com\/pt-pt\/wp-json\/wp\/v2\/product"}],"about":[{"href":"https:\/\/www.csj-emballages.com\/pt-pt\/wp-json\/wp\/v2\/types\/product"}],"wp:featuredmedia":[{"embeddable":true,"href":"https:\/\/www.csj-emballages.com\/pt-pt\/wp-json\/wp\/v2\/media\/259494"}],"wp:attachment":[{"href":"https:\/\/www.csj-emballages.com\/pt-pt\/wp-json\/wp\/v2\/media?parent=22404"}],"wp:term":[{"taxonomy":"product_brand","embeddable":true,"href":"https:\/\/www.csj-emballages.com\/pt-pt\/wp-json\/wp\/v2\/product_brand?post=22404"},{"taxonomy":"product_cat","embeddable":true,"href":"https:\/\/www.csj-emballages.com\/pt-pt\/wp-json\/wp\/v2\/product_cat?post=22404"},{"taxonomy":"product_tag","embeddable":true,"href":"https:\/\/www.csj-emballages.com\/pt-pt\/wp-json\/wp\/v2\/product_tag?post=22404"}],"curies":[{"name":"wp","href":"https:\/\/api.w.org\/{rel}","templated":true}]}}