{"id":22394,"date":"2024-03-01T16:51:26","date_gmt":"2024-03-01T15:51:26","guid":{"rendered":"https:\/\/u15jnbdpoq.preview.infomaniak.website\/produit\/500-folhas-de-papel-vegetal-40-x-60-cm\/"},"modified":"2026-04-04T02:13:44","modified_gmt":"2026-04-04T00:13:44","slug":"500-folhas-de-papel-vegetal-40-x-60-cm","status":"publish","type":"product","link":"https:\/\/www.csj-emballages.com\/pt-pt\/produit\/500-folhas-de-papel-vegetal-40-x-60-cm\/","title":{"rendered":"Papel vegetal de v\u00e1rias passagens 40 x 60 cm por 500"},"content":{"rendered":"<h2>Papel vegetal<\/h2>\n<hr>\n<h3>Descubra o nosso papel vegetal multi-passagem 40 x 60 cm por 500<\/h3>\n<p><!--more--><\/p>\n<p data-start=\"266\" data-end=\"580\">O <strong data-start=\"269\" data-end=\"321\">papel vegetal multiusos 40 x 60 cm em embalagens de 500<\/strong> \u00e9 um elemento indispens\u00e1vel para todas as cozinhas profissionais, padeiros, pasteleiros e empresas de catering. Concebido para resistir a <strong data-start=\"459\" data-end=\"489\">v\u00e1rias utiliza\u00e7\u00f5es no forno<\/strong>, este <strong>papel<\/strong> \u00e9 <strong data-start=\"507\" data-end=\"522\">eficiente<\/strong>, <strong data-start=\"524\" data-end=\"536\">econ\u00f3mico<\/strong> e <strong data-start=\"540\" data-end=\"577\">respeita os produtos alimentares<\/strong>. Gra\u00e7as ao seu formato bastante generoso de <strong>40 x 60 cm<\/strong>, adapta-se perfeitamente \u00e0s placas standard dos fornos profissionais. A sua <strong data-start=\"705\" data-end=\"729\">superf\u00edcie antiaderente<\/strong> evita que os alimentos se agarrem, o que garante um <strong data-start=\"790\" data-end=\"819\">cozimento homog\u00e9neo e limpo<\/strong>. Da mesma forma, reduz consideravelmente a necessidade de gordura, para um cozimento mais saud\u00e1vel e um resultado sempre impec\u00e1vel.<\/p>\n<p data-start=\"953\" data-end=\"1343\">Estas <strong>folhas de papel vegetal de v\u00e1rias passagens<\/strong> distinguem-se pela sua resist\u00eancia ao calor e durabilidade. Ao contr\u00e1rio dos pap\u00e9is convencionais, podem ser utilizadas <strong data-start=\"1119\" data-end=\"1137\">v\u00e1rias vezes<\/strong>, poupando tempo e reduzindo o desperd\u00edcio. Por outras palavras, s\u00e3o <strong data-start=\"1241\" data-end=\"1254\">pr\u00e1ticas<\/strong> e <strong data-start=\"1258\" data-end=\"1280\">eco-respons\u00e1veis,<\/strong> duas grandes vantagens para os profissionais de hoje.  <\/p>\n<p data-start=\"1345\" data-end=\"1561\">Ideal para cozer viennoiseries, pastelaria, carnes ou legumes assados, este papel adapta-se a todas as prepara\u00e7\u00f5es. Ap\u00f3s cada utiliza\u00e7\u00e3o, o <strong>papel<\/strong> conserva a sua qualidade e mant\u00e9m-se liso, sem rasgar ou queimar. <\/p>\n<p data-start=\"1563\" data-end=\"1750\">Em suma, <strong data-start=\"1576\" data-end=\"1628\">o papel vegetal multi-passos de 40 x 60 cm por 500<\/strong> \u00e9 a solu\u00e7\u00e3o perfeita para quem procura <strong data-start=\"1680\" data-end=\"1716\">efici\u00eancia, limpeza e poupan\u00e7a<\/strong> na sua rotina di\u00e1ria na cozinha.<\/p>\n<p data-start=\"1563\" data-end=\"1750\"><!--more--><\/p>\n<h4 data-start=\"1563\" data-end=\"1750\">Vantagens :<\/h4>\n<ul>\n<li data-start=\"1791\" data-end=\"1855\">Pode ser utilizado <strong data-start=\"1802\" data-end=\"1820\">v\u00e1rias vezes<\/strong>: mais econ\u00f3mico e amigo do ambiente.<\/li>\n<li data-start=\"1858\" data-end=\"1902\"><strong data-start=\"1858\" data-end=\"1884\">Resistente ao calor<\/strong> e anti-aderente.<\/li>\n<li data-start=\"1905\" data-end=\"1979\">Adequado para todos os tipos de cozinha: <strong data-start=\"1938\" data-end=\"1976\">pastelaria, catering, restaurantes<\/strong>.<\/li>\n<li data-start=\"1982\" data-end=\"2053\">Formato pr\u00e1tico de <strong>40 x 60 cm<\/strong>, compat\u00edvel com a maioria dos fornos.<\/li>\n<li data-start=\"2056\" data-end=\"2114\">Reduzir os res\u00edduos e a utiliza\u00e7\u00e3o de gorduras.<\/li>\n<\/ul>\n<p>&nbsp;<\/p>\n<p><!--more--><\/p>\n<h4>Outras informa\u00e7\u00f5es :<\/h4>\n<ul>\n<li><strong>Embalagem<\/strong>: Caixa de 500 folhas<\/li>\n<li><strong>Dimens\u00f5es<\/strong>: 600 x 400 (C x L em mm)<\/li>\n<li><strong>Material<\/strong>: Papel vegetal<\/li>\n<\/ul>\n<p>&nbsp;<\/p>\n<p><!--more--><\/p>\n<p>Este papel vegetal tamb\u00e9m est\u00e1 dispon\u00edvel em 40 x 60 cm: <span style=\"color: #d12727;\"><a style=\"color: #d12727;\" href=\"https:\/\/www.csj-emballages.com\/es\/produit\/500-hojas-de-papel-de-horno-53-x-32-cm\/\">PC5332<\/a><\/span><\/p>\n<p>&nbsp;<\/p>\n<p><!--more--><\/p>\n<p><a href=\"https:\/\/www.csj-emballages.com\/pt-pt\/categorie-produit\/embalagem-de-alimentos\/padaria-e-pastelaria\/cozinhar\/papeis-de-cozinha\/\">Consulte o resto da nossa gama de pap\u00e9is vegetais<\/a><\/p>\n","protected":false},"excerpt":{"rendered":"<p>Papel vegetal Descubra o nosso papel vegetal multi-passagem 40 x 60 cm por 500<\/p>\n","protected":false},"featured_media":262727,"template":"","meta":{"_acf_changed":false},"product_brand":[],"product_cat":[1176,1177,3055,3073],"product_tag":[],"class_list":{"0":"post-22394","1":"product","2":"type-product","3":"status-publish","4":"has-post-thumbnail","6":"product_cat-talho-e-charcutaria","7":"product_cat-padaria-e-pastelaria","8":"product_cat-papeis-de-cozinha","9":"product_cat-folhas-de-papel-vegetal-guitarra","11":"first","12":"instock","13":"taxable","14":"shipping-taxable","15":"purchasable","16":"product-type-simple"},"acf":[],"yoast_head":"<!-- This site is optimized with the Yoast SEO Premium plugin v26.6 (Yoast SEO v26.6) - https:\/\/yoast.com\/wordpress\/plugins\/seo\/ -->\n<title>Papel vegetal de v\u00e1rias passagens 40 x 60 cm por 500<\/title>\n<meta name=\"description\" content=\"Papel vegetal multi-passos 60 x 40 cm - resistente, reutiliz\u00e1vel e anti-aderente. Ideal para profissionais de restaura\u00e7\u00e3o e pastelaria.\" \/>\n<meta name=\"robots\" content=\"index, follow, max-snippet:-1, max-image-preview:large, max-video-preview:-1\" \/>\n<link rel=\"canonical\" href=\"https:\/\/www.csj-emballages.com\/pt-pt\/produit\/500-folhas-de-papel-vegetal-40-x-60-cm\/\" \/>\n<meta property=\"og:locale\" content=\"pt_PT\" \/>\n<meta property=\"og:type\" content=\"article\" \/>\n<meta property=\"og:title\" content=\"Papel vegetal de v\u00e1rias passagens 40 x 60 cm por 500\" \/>\n<meta property=\"og:description\" content=\"Papel vegetal multi-passos 60 x 40 cm - resistente, reutiliz\u00e1vel e anti-aderente. Ideal para profissionais de restaura\u00e7\u00e3o e pastelaria.\" \/>\n<meta property=\"og:url\" content=\"https:\/\/www.csj-emballages.com\/pt-pt\/produit\/500-folhas-de-papel-vegetal-40-x-60-cm\/\" \/>\n<meta property=\"og:site_name\" content=\"CSJ Emballages\" \/>\n<meta property=\"article:publisher\" content=\"https:\/\/www.facebook.com\/csjemballages\" \/>\n<meta property=\"article:modified_time\" content=\"2026-04-04T00:13:44+00:00\" \/>\n<meta property=\"og:image\" content=\"https:\/\/www.csj-emballages.com\/wp-content\/uploads\/2024\/03\/Papier-cuisson.webp\" \/>\n\t<meta property=\"og:image:width\" content=\"800\" \/>\n\t<meta property=\"og:image:height\" content=\"800\" \/>\n\t<meta property=\"og:image:type\" content=\"image\/webp\" \/>\n<meta name=\"twitter:card\" content=\"summary_large_image\" \/>\n<meta name=\"twitter:label1\" content=\"Tempo estimado de leitura\" \/>\n\t<meta name=\"twitter:data1\" content=\"2 minutos\" \/>\n<script type=\"application\/ld+json\" class=\"yoast-schema-graph\">{\"@context\":\"https:\/\/schema.org\",\"@graph\":[{\"@type\":\"WebPage\",\"@id\":\"https:\/\/www.csj-emballages.com\/pt-pt\/produit\/500-folhas-de-papel-vegetal-40-x-60-cm\/\",\"url\":\"https:\/\/www.csj-emballages.com\/pt-pt\/produit\/500-folhas-de-papel-vegetal-40-x-60-cm\/\",\"name\":\"Papel vegetal de v\u00e1rias passagens 40 x 60 cm por 500\",\"isPartOf\":{\"@id\":\"https:\/\/www.csj-emballages.com\/pt-pt\/#website\"},\"primaryImageOfPage\":{\"@id\":\"https:\/\/www.csj-emballages.com\/pt-pt\/produit\/500-folhas-de-papel-vegetal-40-x-60-cm\/#primaryimage\"},\"image\":{\"@id\":\"https:\/\/www.csj-emballages.com\/pt-pt\/produit\/500-folhas-de-papel-vegetal-40-x-60-cm\/#primaryimage\"},\"thumbnailUrl\":\"https:\/\/www.csj-emballages.com\/wp-content\/uploads\/2024\/03\/Papier-cuisson.webp\",\"datePublished\":\"2024-03-01T15:51:26+00:00\",\"dateModified\":\"2026-04-04T00:13:44+00:00\",\"description\":\"Papel vegetal multi-passos 60 x 40 cm - resistente, reutiliz\u00e1vel e anti-aderente. Ideal para profissionais de restaura\u00e7\u00e3o e pastelaria.\",\"breadcrumb\":{\"@id\":\"https:\/\/www.csj-emballages.com\/pt-pt\/produit\/500-folhas-de-papel-vegetal-40-x-60-cm\/#breadcrumb\"},\"inLanguage\":\"pt-PT\",\"potentialAction\":[{\"@type\":\"ReadAction\",\"target\":[\"https:\/\/www.csj-emballages.com\/pt-pt\/produit\/500-folhas-de-papel-vegetal-40-x-60-cm\/\"]}]},{\"@type\":\"ImageObject\",\"inLanguage\":\"pt-PT\",\"@id\":\"https:\/\/www.csj-emballages.com\/pt-pt\/produit\/500-folhas-de-papel-vegetal-40-x-60-cm\/#primaryimage\",\"url\":\"https:\/\/www.csj-emballages.com\/wp-content\/uploads\/2024\/03\/Papier-cuisson.webp\",\"contentUrl\":\"https:\/\/www.csj-emballages.com\/wp-content\/uploads\/2024\/03\/Papier-cuisson.webp\",\"width\":800,\"height\":800,\"caption\":\"Papier cuisson\"},{\"@type\":\"BreadcrumbList\",\"@id\":\"https:\/\/www.csj-emballages.com\/pt-pt\/produit\/500-folhas-de-papel-vegetal-40-x-60-cm\/#breadcrumb\",\"itemListElement\":[{\"@type\":\"ListItem\",\"position\":1,\"name\":\"Acolhimento\",\"item\":\"https:\/\/www.csj-emballages.com\/pt-pt\/universo-das-embalagens-alimentares\/\"},{\"@type\":\"ListItem\",\"position\":2,\"name\":\"Shop\",\"item\":\"https:\/\/www.csj-emballages.com\/shop\/\"},{\"@type\":\"ListItem\",\"position\":3,\"name\":\"Papel vegetal de v\u00e1rias passagens 40 x 60 cm por 500\"}]},{\"@type\":\"WebSite\",\"@id\":\"https:\/\/www.csj-emballages.com\/pt-pt\/#website\",\"url\":\"https:\/\/www.csj-emballages.com\/pt-pt\/\",\"name\":\"CSJ Emballages\",\"description\":\"\",\"publisher\":{\"@id\":\"https:\/\/www.csj-emballages.com\/pt-pt\/#organization\"},\"potentialAction\":[{\"@type\":\"SearchAction\",\"target\":{\"@type\":\"EntryPoint\",\"urlTemplate\":\"https:\/\/www.csj-emballages.com\/pt-pt\/?s={search_term_string}\"},\"query-input\":{\"@type\":\"PropertyValueSpecification\",\"valueRequired\":true,\"valueName\":\"search_term_string\"}}],\"inLanguage\":\"pt-PT\"},{\"@type\":\"Organization\",\"@id\":\"https:\/\/www.csj-emballages.com\/pt-pt\/#Organization\/\",\"name\":\"CSJ Emballages\",\"url\":\"https:\/\/www.csj-emballages.com\/pt-pt\/\",\"logo\":{\"@type\":\"ImageObject\",\"inLanguage\":\"pt-PT\",\"@id\":\"https:\/\/www.csj-emballages.com\/pt-pt\/#\/schema\/logo\/image\/\",\"url\":\"https:\/\/www.csj-emballages.com\/wp-content\/uploads\/2023\/10\/logo_csj.webp\",\"contentUrl\":\"https:\/\/www.csj-emballages.com\/wp-content\/uploads\/2023\/10\/logo_csj.webp\",\"width\":250,\"height\":95,\"caption\":\"CSJ Emballages\"},\"image\":{\"@id\":\"https:\/\/www.csj-emballages.com\/pt-pt\/#\/schema\/logo\/image\/\"},\"sameAs\":[\"https:\/\/www.facebook.com\/csjemballages\"],\"address\":{\"@type\":\"PostalAddress\",\"streetAddress\":\"ZI La Lechere\",\"addressLocality\":\"Patornay\",\"postalCode\":\"39130\",\"addressCountry\":\"FR\"},\"contactPoint\":[{\"@type\":\"ContactPoint\",\"contactType\":\"Service client\",\"telephone\":\"0384254272\",\"email\":\"contact@csj-emballages.com\"}]}]}<\/script>\n<!-- \/ Yoast SEO Premium plugin. -->","yoast_head_json":{"title":"Papel vegetal de v\u00e1rias passagens 40 x 60 cm por 500","description":"Papel vegetal multi-passos 60 x 40 cm - resistente, reutiliz\u00e1vel e anti-aderente. Ideal para profissionais de restaura\u00e7\u00e3o e pastelaria.","robots":{"index":"index","follow":"follow","max-snippet":"max-snippet:-1","max-image-preview":"max-image-preview:large","max-video-preview":"max-video-preview:-1"},"canonical":"https:\/\/www.csj-emballages.com\/pt-pt\/produit\/500-folhas-de-papel-vegetal-40-x-60-cm\/","og_locale":"pt_PT","og_type":"article","og_title":"Papel vegetal de v\u00e1rias passagens 40 x 60 cm por 500","og_description":"Papel vegetal multi-passos 60 x 40 cm - resistente, reutiliz\u00e1vel e anti-aderente. Ideal para profissionais de restaura\u00e7\u00e3o e pastelaria.","og_url":"https:\/\/www.csj-emballages.com\/pt-pt\/produit\/500-folhas-de-papel-vegetal-40-x-60-cm\/","og_site_name":"CSJ Emballages","article_publisher":"https:\/\/www.facebook.com\/csjemballages","article_modified_time":"2026-04-04T00:13:44+00:00","og_image":[{"width":800,"height":800,"url":"https:\/\/www.csj-emballages.com\/wp-content\/uploads\/2024\/03\/Papier-cuisson.webp","type":"image\/webp"}],"twitter_card":"summary_large_image","twitter_misc":{"Tempo estimado de leitura":"2 minutos"},"schema":{"@context":"https:\/\/schema.org","@graph":[{"@type":"WebPage","@id":"https:\/\/www.csj-emballages.com\/pt-pt\/produit\/500-folhas-de-papel-vegetal-40-x-60-cm\/","url":"https:\/\/www.csj-emballages.com\/pt-pt\/produit\/500-folhas-de-papel-vegetal-40-x-60-cm\/","name":"Papel vegetal de v\u00e1rias passagens 40 x 60 cm por 500","isPartOf":{"@id":"https:\/\/www.csj-emballages.com\/pt-pt\/#website"},"primaryImageOfPage":{"@id":"https:\/\/www.csj-emballages.com\/pt-pt\/produit\/500-folhas-de-papel-vegetal-40-x-60-cm\/#primaryimage"},"image":{"@id":"https:\/\/www.csj-emballages.com\/pt-pt\/produit\/500-folhas-de-papel-vegetal-40-x-60-cm\/#primaryimage"},"thumbnailUrl":"https:\/\/www.csj-emballages.com\/wp-content\/uploads\/2024\/03\/Papier-cuisson.webp","datePublished":"2024-03-01T15:51:26+00:00","dateModified":"2026-04-04T00:13:44+00:00","description":"Papel vegetal multi-passos 60 x 40 cm - resistente, reutiliz\u00e1vel e anti-aderente. Ideal para profissionais de restaura\u00e7\u00e3o e pastelaria.","breadcrumb":{"@id":"https:\/\/www.csj-emballages.com\/pt-pt\/produit\/500-folhas-de-papel-vegetal-40-x-60-cm\/#breadcrumb"},"inLanguage":"pt-PT","potentialAction":[{"@type":"ReadAction","target":["https:\/\/www.csj-emballages.com\/pt-pt\/produit\/500-folhas-de-papel-vegetal-40-x-60-cm\/"]}]},{"@type":"ImageObject","inLanguage":"pt-PT","@id":"https:\/\/www.csj-emballages.com\/pt-pt\/produit\/500-folhas-de-papel-vegetal-40-x-60-cm\/#primaryimage","url":"https:\/\/www.csj-emballages.com\/wp-content\/uploads\/2024\/03\/Papier-cuisson.webp","contentUrl":"https:\/\/www.csj-emballages.com\/wp-content\/uploads\/2024\/03\/Papier-cuisson.webp","width":800,"height":800,"caption":"Papier cuisson"},{"@type":"BreadcrumbList","@id":"https:\/\/www.csj-emballages.com\/pt-pt\/produit\/500-folhas-de-papel-vegetal-40-x-60-cm\/#breadcrumb","itemListElement":[{"@type":"ListItem","position":1,"name":"Acolhimento","item":"https:\/\/www.csj-emballages.com\/pt-pt\/universo-das-embalagens-alimentares\/"},{"@type":"ListItem","position":2,"name":"Shop","item":"https:\/\/www.csj-emballages.com\/shop\/"},{"@type":"ListItem","position":3,"name":"Papel vegetal de v\u00e1rias passagens 40 x 60 cm por 500"}]},{"@type":"WebSite","@id":"https:\/\/www.csj-emballages.com\/pt-pt\/#website","url":"https:\/\/www.csj-emballages.com\/pt-pt\/","name":"CSJ Emballages","description":"","publisher":{"@id":"https:\/\/www.csj-emballages.com\/pt-pt\/#organization"},"potentialAction":[{"@type":"SearchAction","target":{"@type":"EntryPoint","urlTemplate":"https:\/\/www.csj-emballages.com\/pt-pt\/?s={search_term_string}"},"query-input":{"@type":"PropertyValueSpecification","valueRequired":true,"valueName":"search_term_string"}}],"inLanguage":"pt-PT"},{"@type":"Organization","@id":"https:\/\/www.csj-emballages.com\/pt-pt\/#Organization\/","name":"CSJ Emballages","url":"https:\/\/www.csj-emballages.com\/pt-pt\/","logo":{"@type":"ImageObject","inLanguage":"pt-PT","@id":"https:\/\/www.csj-emballages.com\/pt-pt\/#\/schema\/logo\/image\/","url":"https:\/\/www.csj-emballages.com\/wp-content\/uploads\/2023\/10\/logo_csj.webp","contentUrl":"https:\/\/www.csj-emballages.com\/wp-content\/uploads\/2023\/10\/logo_csj.webp","width":250,"height":95,"caption":"CSJ Emballages"},"image":{"@id":"https:\/\/www.csj-emballages.com\/pt-pt\/#\/schema\/logo\/image\/"},"sameAs":["https:\/\/www.facebook.com\/csjemballages"],"address":{"@type":"PostalAddress","streetAddress":"ZI La Lechere","addressLocality":"Patornay","postalCode":"39130","addressCountry":"FR"},"contactPoint":[{"@type":"ContactPoint","contactType":"Service client","telephone":"0384254272","email":"contact@csj-emballages.com"}]}]}},"df_price":30.91,"df_sale_price":"","df_regular_price":30.91,"df_image_link":"https:\/\/www.csj-emballages.com\/wp-content\/uploads\/2024\/03\/Papier-cuisson-300x300.webp","tiered_pricing_type":"fixed","tiered_pricing_fixed_rules":[],"tiered_pricing_percentage_rules":[],"tiered_pricing_minimum":1,"tiered_pricing_roles_data":[],"_links":{"self":[{"href":"https:\/\/www.csj-emballages.com\/pt-pt\/wp-json\/wp\/v2\/product\/22394","targetHints":{"allow":["GET"]}}],"collection":[{"href":"https:\/\/www.csj-emballages.com\/pt-pt\/wp-json\/wp\/v2\/product"}],"about":[{"href":"https:\/\/www.csj-emballages.com\/pt-pt\/wp-json\/wp\/v2\/types\/product"}],"wp:featuredmedia":[{"embeddable":true,"href":"https:\/\/www.csj-emballages.com\/pt-pt\/wp-json\/wp\/v2\/media\/262727"}],"wp:attachment":[{"href":"https:\/\/www.csj-emballages.com\/pt-pt\/wp-json\/wp\/v2\/media?parent=22394"}],"wp:term":[{"taxonomy":"product_brand","embeddable":true,"href":"https:\/\/www.csj-emballages.com\/pt-pt\/wp-json\/wp\/v2\/product_brand?post=22394"},{"taxonomy":"product_cat","embeddable":true,"href":"https:\/\/www.csj-emballages.com\/pt-pt\/wp-json\/wp\/v2\/product_cat?post=22394"},{"taxonomy":"product_tag","embeddable":true,"href":"https:\/\/www.csj-emballages.com\/pt-pt\/wp-json\/wp\/v2\/product_tag?post=22394"}],"curies":[{"name":"wp","href":"https:\/\/api.w.org\/{rel}","templated":true}]}}