{"id":22390,"date":"2024-03-01T16:51:26","date_gmt":"2024-03-01T15:51:26","guid":{"rendered":"https:\/\/u15jnbdpoq.preview.infomaniak.website\/produit\/bola-de-rafia-vermelha-borgonha-200m-x-125-mm\/"},"modified":"2026-03-12T16:31:53","modified_gmt":"2026-03-12T15:31:53","slug":"bola-de-rafia-vermelha-borgonha-200m-x-125-mm","status":"publish","type":"product","link":"https:\/\/www.csj-emballages.com\/pt-pt\/produit\/bola-de-rafia-vermelha-borgonha-200m-x-125-mm\/","title":{"rendered":"Bola de r\u00e1fia vermelha \/ borgonha 200m x 12,5 mm"},"content":{"rendered":"<h2 style=\"text-indent: 0px; box-sizing: inherit; font-family: Roboto, sans-serif;\">Novelo de r\u00e1fia<\/h2>\n<hr>\n<h3>Descubra o nosso novelo de r\u00e1fia vermelho \/ bordeaux 200 m x 12,5 mm<\/h3>\n<p><!--more--><\/p>\n<p data-start=\"231\" data-end=\"580\">Este <strong>novelo de r\u00e1fia<\/strong> <strong data-start=\"254\" data-end=\"274\">vermelho \/ bordeaux<\/strong> confere uma verdadeira profundidade visual \u00e0s suas embalagens. O <strong>vermelho<\/strong> <strong>vivo<\/strong> atrai imediatamente o olhar, enquanto o bordeaux acrescenta uma nota mais elegante e sofisticada. Juntas, estas duas tonalidades criam um resultado <strong>intenso<\/strong> e <strong>acolhedor<\/strong>, perfeito para valorizar os seus produtos sem cair no excesso.  <\/p>\n<p data-start=\"582\" data-end=\"965\">Com os seus <strong data-start=\"591\" data-end=\"617\">200 metros de comprimento<\/strong>, este <strong>novelo<\/strong> oferece-lhe uma grande liberdade de utiliza\u00e7\u00e3o. Pode realizar in\u00fameros n\u00f3s sem se preocupar em reabastecer. A sua largura de <strong>12,5 mm<\/strong> permite obter um la\u00e7o bem vis\u00edvel, que estrutura a embalagem e confere um acabamento perfeito. A <strong>r\u00e1fia<\/strong> corta-se facilmente, manuseia-se sem dificuldade e permanece bem no lugar depois de atada.   <\/p>\n<p data-start=\"967\" data-end=\"1357\">Este modelo integra-se naturalmente em diferentes universos. \u00c9 adequado tanto para o com\u00e9rcio alimentar como para boutiques, caixas de presente, cestos gourmet ou decora\u00e7\u00f5es de eventos. Os tons <strong>vermelho<\/strong> e <strong>bordeaux<\/strong> funcionam particularmente bem para as \u00e9pocas festivas, as opera\u00e7\u00f5es especiais ou os produtos de alta qualidade que merecem uma apresenta\u00e7\u00e3o cuidada.  <\/p>\n<p data-start=\"1359\" data-end=\"1577\">No dia a dia, esta <strong>r\u00e1fia<\/strong> permite transformar uma embalagem simples numa apresenta\u00e7\u00e3o mais marcante, sem acrescentar constrangimentos. Confere car\u00e1cter, refor\u00e7a a imagem dos seus produtos e valoriza o seu saber-fazer. <\/p>\n<p data-start=\"1579\" data-end=\"1714\">Em resumo, este <strong>novelo de r\u00e1fia vermelho \/ bordeaux<\/strong> \u00e9 uma escolha segura para quem quer aliar efic\u00e1cia, eleg\u00e2ncia e impacto visual.<\/p>\n<p data-start=\"1579\" data-end=\"1714\">\n<p data-start=\"1643\" data-end=\"1786\"><!--more--><\/p>\n<h4 data-start=\"1643\" data-end=\"1786\">Vantagens :<\/h4>\n<ul>\n<li data-start=\"1743\" data-end=\"1780\">Duo de cores intenso e elegante.<\/li>\n<li data-start=\"1783\" data-end=\"1810\">Grande comprimento de <strong>200 m<\/strong>.<\/li>\n<li data-start=\"1813\" data-end=\"1856\"><strong>Largura de 12,5 mm<\/strong> para um belo acabamento.<\/li>\n<li data-start=\"1859\" data-end=\"1890\">F\u00e1cil de usar e de atar.<\/li>\n<li data-start=\"1893\" data-end=\"1939\">Ideal para embalagens, caixas e decora\u00e7\u00f5es.<\/li>\n<\/ul>\n<p>&nbsp;<\/p>\n<p><!--more--><\/p>\n<h4 style=\"text-indent: 0px; box-sizing: inherit; font-family: Roboto, sans-serif;\">Outras informa\u00e7\u00f5es :<\/h4>\n<ul>\n<li><strong>Embalagem<\/strong>: Por unidade<\/li>\n<li><strong>Largura<\/strong>: 12,5 mm<\/li>\n<li><strong>Comprimento<\/strong>: 200 m<\/li>\n<li><strong>Cor<\/strong>: Vermelho \/ bordeaux<\/li>\n<li><strong>Modelo<\/strong>: R\u00e1fia &#8220;Papermat&#8221;<\/li>\n<li><strong>Material<\/strong>: PP<\/li>\n<\/ul>\n<h2 style=\"font-family: Roboto, sans-serif; box-sizing: inherit;\"><\/h2>\n<p><!--more--><\/p>\n<p>Este novelo de r\u00e1fia est\u00e1 dispon\u00edvel em diferentes cores: <span style=\"color: #d12727;\"><a style=\"color: #d12727;\" href=\"https:\/\/www.csj-emballages.com\/es\/produit\/bola-de-rafia-blanca-plateada-100m-x-10mm\/\">Branco &#8211; Prata<\/a><\/span> \/ <span style=\"color: #d12727;\"><a style=\"color: #d12727;\" href=\"https:\/\/www.csj-emballages.com\/es\/produit\/bola-de-rafia-kraft-100m-x-10mm\/\">Kraft<\/a><\/span> \/ <span style=\"color: #d12727;\"><a style=\"color: #d12727;\" href=\"https:\/\/www.csj-emballages.com\/es\/produit\/rafia-maiz-amapola-bola-200m-x-10mm\/\">Milho &#8211; Papoila<\/a><\/span> \/ <span style=\"color: #d12727;\"><a style=\"color: #d12727;\" href=\"https:\/\/www.csj-emballages.com\/es\/produit\/bola-de-rafia-naranja-chocolate-200m-x-125-mm\/\">Laranja &#8211; Chocolate<\/a><\/span><\/p>\n<p>&nbsp;<\/p>\n<p><!--more--><\/p>\n<p><a href=\"https:\/\/www.csj-emballages.com\/pt-pt\/categorie-produit\/embalagem-de-alimentos\/padaria-e-pastelaria\/acessorios-e-equipamentos\/acessorios-decorativos\/bolas-de-rafia-pt-pt\/\">Consulte o resto da nossa gama de novelos de r\u00e1fia<\/a><\/p>\n","protected":false},"excerpt":{"rendered":"<p>Novelo de r\u00e1fia Descubra o nosso novelo de r\u00e1fia vermelho \/ bordeaux 200 m x 12,5 mm<\/p>\n","protected":false},"featured_media":259506,"template":"","meta":{"_acf_changed":false},"product_brand":[],"product_cat":[1141,1177,1796,3082,1482,1805,3084],"product_tag":[],"class_list":{"0":"post-22390","1":"product","2":"type-product","3":"status-publish","4":"has-post-thumbnail","6":"product_cat-embalagem-de-alimentos","7":"product_cat-padaria-e-pastelaria","8":"product_cat-acessorios-decorativos","9":"product_cat-bolas-de-rafia-pt-pt","10":"product_cat-loja-e-armazem","11":"product_cat-acessorios-decorativos-pt-pt","12":"product_cat-bolas-de-rafia-pt-pt-2","14":"first","15":"instock","16":"taxable","17":"shipping-taxable","18":"purchasable","19":"product-type-simple"},"acf":[],"yoast_head":"<!-- This site is optimized with the Yoast SEO Premium plugin v26.6 (Yoast SEO v26.6) - https:\/\/yoast.com\/wordpress\/plugins\/seo\/ -->\n<title>Novelo de R\u00e1fia Vermelho \/ Bordeaux 200 m x 12,5 mm<\/title>\n<meta name=\"description\" content=\"Novelo de r\u00e1fia vermelho\/bordeaux 200 m x 12,5 mm, bicolor e resistente. Ideal para embalagens elegantes e apresenta\u00e7\u00f5es cuidadas.\" \/>\n<meta name=\"robots\" content=\"index, follow, max-snippet:-1, max-image-preview:large, max-video-preview:-1\" \/>\n<link rel=\"canonical\" href=\"https:\/\/www.csj-emballages.com\/pt-pt\/produit\/bola-de-rafia-vermelha-borgonha-200m-x-125-mm\/\" \/>\n<meta property=\"og:locale\" content=\"pt_PT\" \/>\n<meta property=\"og:type\" content=\"article\" \/>\n<meta property=\"og:title\" content=\"Bola de r\u00e1fia vermelha \/ borgonha 200m x 12,5 mm\" \/>\n<meta property=\"og:description\" content=\"Novelo de r\u00e1fia vermelho\/bordeaux 200 m x 12,5 mm, bicolor e resistente. Ideal para embalagens elegantes e apresenta\u00e7\u00f5es cuidadas.\" \/>\n<meta property=\"og:url\" content=\"https:\/\/www.csj-emballages.com\/pt-pt\/produit\/bola-de-rafia-vermelha-borgonha-200m-x-125-mm\/\" \/>\n<meta property=\"og:site_name\" content=\"CSJ Emballages\" \/>\n<meta property=\"article:publisher\" content=\"https:\/\/www.facebook.com\/csjemballages\" \/>\n<meta property=\"article:modified_time\" content=\"2026-03-12T15:31:53+00:00\" \/>\n<meta property=\"og:image\" content=\"https:\/\/www.csj-emballages.com\/wp-content\/uploads\/2024\/03\/PELORAF33.webp\" \/>\n\t<meta property=\"og:image:width\" content=\"800\" \/>\n\t<meta property=\"og:image:height\" content=\"800\" \/>\n\t<meta property=\"og:image:type\" content=\"image\/webp\" \/>\n<meta name=\"twitter:card\" content=\"summary_large_image\" \/>\n<meta name=\"twitter:label1\" content=\"Tempo estimado de leitura\" \/>\n\t<meta name=\"twitter:data1\" content=\"2 minutos\" \/>\n<script type=\"application\/ld+json\" class=\"yoast-schema-graph\">{\"@context\":\"https:\/\/schema.org\",\"@graph\":[{\"@type\":\"WebPage\",\"@id\":\"https:\/\/www.csj-emballages.com\/pt-pt\/produit\/bola-de-rafia-vermelha-borgonha-200m-x-125-mm\/\",\"url\":\"https:\/\/www.csj-emballages.com\/pt-pt\/produit\/bola-de-rafia-vermelha-borgonha-200m-x-125-mm\/\",\"name\":\"Novelo de R\u00e1fia Vermelho \/ Bordeaux 200 m x 12,5 mm\",\"isPartOf\":{\"@id\":\"https:\/\/www.csj-emballages.com\/pt-pt\/#website\"},\"primaryImageOfPage\":{\"@id\":\"https:\/\/www.csj-emballages.com\/pt-pt\/produit\/bola-de-rafia-vermelha-borgonha-200m-x-125-mm\/#primaryimage\"},\"image\":{\"@id\":\"https:\/\/www.csj-emballages.com\/pt-pt\/produit\/bola-de-rafia-vermelha-borgonha-200m-x-125-mm\/#primaryimage\"},\"thumbnailUrl\":\"https:\/\/www.csj-emballages.com\/wp-content\/uploads\/2024\/03\/PELORAF33.webp\",\"datePublished\":\"2024-03-01T15:51:26+00:00\",\"dateModified\":\"2026-03-12T15:31:53+00:00\",\"description\":\"Novelo de r\u00e1fia vermelho\/bordeaux 200 m x 12,5 mm, bicolor e resistente. Ideal para embalagens elegantes e apresenta\u00e7\u00f5es cuidadas.\",\"breadcrumb\":{\"@id\":\"https:\/\/www.csj-emballages.com\/pt-pt\/produit\/bola-de-rafia-vermelha-borgonha-200m-x-125-mm\/#breadcrumb\"},\"inLanguage\":\"pt-PT\",\"potentialAction\":[{\"@type\":\"ReadAction\",\"target\":[\"https:\/\/www.csj-emballages.com\/pt-pt\/produit\/bola-de-rafia-vermelha-borgonha-200m-x-125-mm\/\"]}]},{\"@type\":\"ImageObject\",\"inLanguage\":\"pt-PT\",\"@id\":\"https:\/\/www.csj-emballages.com\/pt-pt\/produit\/bola-de-rafia-vermelha-borgonha-200m-x-125-mm\/#primaryimage\",\"url\":\"https:\/\/www.csj-emballages.com\/wp-content\/uploads\/2024\/03\/PELORAF33.webp\",\"contentUrl\":\"https:\/\/www.csj-emballages.com\/wp-content\/uploads\/2024\/03\/PELORAF33.webp\",\"width\":800,\"height\":800,\"caption\":\"Pelote raffia\"},{\"@type\":\"BreadcrumbList\",\"@id\":\"https:\/\/www.csj-emballages.com\/pt-pt\/produit\/bola-de-rafia-vermelha-borgonha-200m-x-125-mm\/#breadcrumb\",\"itemListElement\":[{\"@type\":\"ListItem\",\"position\":1,\"name\":\"Acolhimento\",\"item\":\"https:\/\/www.csj-emballages.com\/pt-pt\/universo-das-embalagens-alimentares\/\"},{\"@type\":\"ListItem\",\"position\":2,\"name\":\"Shop\",\"item\":\"https:\/\/www.csj-emballages.com\/shop\/\"},{\"@type\":\"ListItem\",\"position\":3,\"name\":\"Bola de r\u00e1fia vermelha \/ borgonha 200m x 12,5 mm\"}]},{\"@type\":\"WebSite\",\"@id\":\"https:\/\/www.csj-emballages.com\/pt-pt\/#website\",\"url\":\"https:\/\/www.csj-emballages.com\/pt-pt\/\",\"name\":\"CSJ Emballages\",\"description\":\"\",\"publisher\":{\"@id\":\"https:\/\/www.csj-emballages.com\/pt-pt\/#organization\"},\"potentialAction\":[{\"@type\":\"SearchAction\",\"target\":{\"@type\":\"EntryPoint\",\"urlTemplate\":\"https:\/\/www.csj-emballages.com\/pt-pt\/?s={search_term_string}\"},\"query-input\":{\"@type\":\"PropertyValueSpecification\",\"valueRequired\":true,\"valueName\":\"search_term_string\"}}],\"inLanguage\":\"pt-PT\"},{\"@type\":\"Organization\",\"@id\":\"https:\/\/www.csj-emballages.com\/pt-pt\/#Organization\/\",\"name\":\"CSJ Emballages\",\"url\":\"https:\/\/www.csj-emballages.com\/pt-pt\/\",\"logo\":{\"@type\":\"ImageObject\",\"inLanguage\":\"pt-PT\",\"@id\":\"https:\/\/www.csj-emballages.com\/pt-pt\/#\/schema\/logo\/image\/\",\"url\":\"https:\/\/www.csj-emballages.com\/wp-content\/uploads\/2023\/10\/logo_csj.webp\",\"contentUrl\":\"https:\/\/www.csj-emballages.com\/wp-content\/uploads\/2023\/10\/logo_csj.webp\",\"width\":250,\"height\":95,\"caption\":\"CSJ Emballages\"},\"image\":{\"@id\":\"https:\/\/www.csj-emballages.com\/pt-pt\/#\/schema\/logo\/image\/\"},\"sameAs\":[\"https:\/\/www.facebook.com\/csjemballages\"],\"address\":{\"@type\":\"PostalAddress\",\"streetAddress\":\"ZI La Lechere\",\"addressLocality\":\"Patornay\",\"postalCode\":\"39130\",\"addressCountry\":\"FR\"},\"contactPoint\":[{\"@type\":\"ContactPoint\",\"contactType\":\"Service client\",\"telephone\":\"0384254272\",\"email\":\"contact@csj-emballages.com\"}]}]}<\/script>\n<!-- \/ Yoast SEO Premium plugin. -->","yoast_head_json":{"title":"Novelo de R\u00e1fia Vermelho \/ Bordeaux 200 m x 12,5 mm","description":"Novelo de r\u00e1fia vermelho\/bordeaux 200 m x 12,5 mm, bicolor e resistente. Ideal para embalagens elegantes e apresenta\u00e7\u00f5es cuidadas.","robots":{"index":"index","follow":"follow","max-snippet":"max-snippet:-1","max-image-preview":"max-image-preview:large","max-video-preview":"max-video-preview:-1"},"canonical":"https:\/\/www.csj-emballages.com\/pt-pt\/produit\/bola-de-rafia-vermelha-borgonha-200m-x-125-mm\/","og_locale":"pt_PT","og_type":"article","og_title":"Bola de r\u00e1fia vermelha \/ borgonha 200m x 12,5 mm","og_description":"Novelo de r\u00e1fia vermelho\/bordeaux 200 m x 12,5 mm, bicolor e resistente. Ideal para embalagens elegantes e apresenta\u00e7\u00f5es cuidadas.","og_url":"https:\/\/www.csj-emballages.com\/pt-pt\/produit\/bola-de-rafia-vermelha-borgonha-200m-x-125-mm\/","og_site_name":"CSJ Emballages","article_publisher":"https:\/\/www.facebook.com\/csjemballages","article_modified_time":"2026-03-12T15:31:53+00:00","og_image":[{"width":800,"height":800,"url":"https:\/\/www.csj-emballages.com\/wp-content\/uploads\/2024\/03\/PELORAF33.webp","type":"image\/webp"}],"twitter_card":"summary_large_image","twitter_misc":{"Tempo estimado de leitura":"2 minutos"},"schema":{"@context":"https:\/\/schema.org","@graph":[{"@type":"WebPage","@id":"https:\/\/www.csj-emballages.com\/pt-pt\/produit\/bola-de-rafia-vermelha-borgonha-200m-x-125-mm\/","url":"https:\/\/www.csj-emballages.com\/pt-pt\/produit\/bola-de-rafia-vermelha-borgonha-200m-x-125-mm\/","name":"Novelo de R\u00e1fia Vermelho \/ Bordeaux 200 m x 12,5 mm","isPartOf":{"@id":"https:\/\/www.csj-emballages.com\/pt-pt\/#website"},"primaryImageOfPage":{"@id":"https:\/\/www.csj-emballages.com\/pt-pt\/produit\/bola-de-rafia-vermelha-borgonha-200m-x-125-mm\/#primaryimage"},"image":{"@id":"https:\/\/www.csj-emballages.com\/pt-pt\/produit\/bola-de-rafia-vermelha-borgonha-200m-x-125-mm\/#primaryimage"},"thumbnailUrl":"https:\/\/www.csj-emballages.com\/wp-content\/uploads\/2024\/03\/PELORAF33.webp","datePublished":"2024-03-01T15:51:26+00:00","dateModified":"2026-03-12T15:31:53+00:00","description":"Novelo de r\u00e1fia vermelho\/bordeaux 200 m x 12,5 mm, bicolor e resistente. Ideal para embalagens elegantes e apresenta\u00e7\u00f5es cuidadas.","breadcrumb":{"@id":"https:\/\/www.csj-emballages.com\/pt-pt\/produit\/bola-de-rafia-vermelha-borgonha-200m-x-125-mm\/#breadcrumb"},"inLanguage":"pt-PT","potentialAction":[{"@type":"ReadAction","target":["https:\/\/www.csj-emballages.com\/pt-pt\/produit\/bola-de-rafia-vermelha-borgonha-200m-x-125-mm\/"]}]},{"@type":"ImageObject","inLanguage":"pt-PT","@id":"https:\/\/www.csj-emballages.com\/pt-pt\/produit\/bola-de-rafia-vermelha-borgonha-200m-x-125-mm\/#primaryimage","url":"https:\/\/www.csj-emballages.com\/wp-content\/uploads\/2024\/03\/PELORAF33.webp","contentUrl":"https:\/\/www.csj-emballages.com\/wp-content\/uploads\/2024\/03\/PELORAF33.webp","width":800,"height":800,"caption":"Pelote raffia"},{"@type":"BreadcrumbList","@id":"https:\/\/www.csj-emballages.com\/pt-pt\/produit\/bola-de-rafia-vermelha-borgonha-200m-x-125-mm\/#breadcrumb","itemListElement":[{"@type":"ListItem","position":1,"name":"Acolhimento","item":"https:\/\/www.csj-emballages.com\/pt-pt\/universo-das-embalagens-alimentares\/"},{"@type":"ListItem","position":2,"name":"Shop","item":"https:\/\/www.csj-emballages.com\/shop\/"},{"@type":"ListItem","position":3,"name":"Bola de r\u00e1fia vermelha \/ borgonha 200m x 12,5 mm"}]},{"@type":"WebSite","@id":"https:\/\/www.csj-emballages.com\/pt-pt\/#website","url":"https:\/\/www.csj-emballages.com\/pt-pt\/","name":"CSJ Emballages","description":"","publisher":{"@id":"https:\/\/www.csj-emballages.com\/pt-pt\/#organization"},"potentialAction":[{"@type":"SearchAction","target":{"@type":"EntryPoint","urlTemplate":"https:\/\/www.csj-emballages.com\/pt-pt\/?s={search_term_string}"},"query-input":{"@type":"PropertyValueSpecification","valueRequired":true,"valueName":"search_term_string"}}],"inLanguage":"pt-PT"},{"@type":"Organization","@id":"https:\/\/www.csj-emballages.com\/pt-pt\/#Organization\/","name":"CSJ Emballages","url":"https:\/\/www.csj-emballages.com\/pt-pt\/","logo":{"@type":"ImageObject","inLanguage":"pt-PT","@id":"https:\/\/www.csj-emballages.com\/pt-pt\/#\/schema\/logo\/image\/","url":"https:\/\/www.csj-emballages.com\/wp-content\/uploads\/2023\/10\/logo_csj.webp","contentUrl":"https:\/\/www.csj-emballages.com\/wp-content\/uploads\/2023\/10\/logo_csj.webp","width":250,"height":95,"caption":"CSJ Emballages"},"image":{"@id":"https:\/\/www.csj-emballages.com\/pt-pt\/#\/schema\/logo\/image\/"},"sameAs":["https:\/\/www.facebook.com\/csjemballages"],"address":{"@type":"PostalAddress","streetAddress":"ZI La Lechere","addressLocality":"Patornay","postalCode":"39130","addressCountry":"FR"},"contactPoint":[{"@type":"ContactPoint","contactType":"Service client","telephone":"0384254272","email":"contact@csj-emballages.com"}]}]}},"df_price":7.98,"df_sale_price":"","df_regular_price":7.98,"df_image_link":"https:\/\/www.csj-emballages.com\/wp-content\/uploads\/2024\/03\/PELORAF33-300x300.webp","tiered_pricing_type":"fixed","tiered_pricing_fixed_rules":[],"tiered_pricing_percentage_rules":[],"tiered_pricing_minimum":1,"tiered_pricing_roles_data":[],"_links":{"self":[{"href":"https:\/\/www.csj-emballages.com\/pt-pt\/wp-json\/wp\/v2\/product\/22390","targetHints":{"allow":["GET"]}}],"collection":[{"href":"https:\/\/www.csj-emballages.com\/pt-pt\/wp-json\/wp\/v2\/product"}],"about":[{"href":"https:\/\/www.csj-emballages.com\/pt-pt\/wp-json\/wp\/v2\/types\/product"}],"wp:featuredmedia":[{"embeddable":true,"href":"https:\/\/www.csj-emballages.com\/pt-pt\/wp-json\/wp\/v2\/media\/259506"}],"wp:attachment":[{"href":"https:\/\/www.csj-emballages.com\/pt-pt\/wp-json\/wp\/v2\/media?parent=22390"}],"wp:term":[{"taxonomy":"product_brand","embeddable":true,"href":"https:\/\/www.csj-emballages.com\/pt-pt\/wp-json\/wp\/v2\/product_brand?post=22390"},{"taxonomy":"product_cat","embeddable":true,"href":"https:\/\/www.csj-emballages.com\/pt-pt\/wp-json\/wp\/v2\/product_cat?post=22390"},{"taxonomy":"product_tag","embeddable":true,"href":"https:\/\/www.csj-emballages.com\/pt-pt\/wp-json\/wp\/v2\/product_tag?post=22390"}],"curies":[{"name":"wp","href":"https:\/\/api.w.org\/{rel}","templated":true}]}}