{"id":22389,"date":"2024-03-01T16:51:24","date_gmt":"2024-03-01T15:51:24","guid":{"rendered":"https:\/\/u15jnbdpoq.preview.infomaniak.website\/produit\/50-pratos-de-aluminio-descartaveis-11450ml\/"},"modified":"2026-05-01T02:13:47","modified_gmt":"2026-05-01T00:13:47","slug":"50-pratos-de-aluminio-descartaveis-11450ml","status":"publish","type":"product","link":"https:\/\/www.csj-emballages.com\/pt-pt\/produit\/50-pratos-de-aluminio-descartaveis-11450ml\/","title":{"rendered":"Prato gastron\u00f3mico de alum\u00ednio 11450ml \u00e0 50"},"content":{"rendered":"<h2>Prato gastron\u00f3mico<\/h2>\n<hr>\n<h3>Descri\u00e7\u00e3o da nossa placa gastron\u00f3mica de alum\u00ednio 11450 ml por 50<\/h3>\n<p><!--more--><\/p>\n<p class=\"\" data-start=\"31\" data-end=\"416\">O <strong data-start=\"34\" data-end=\"74\">prato gastron\u00f3mico de alum\u00ednio de 11450 ml<\/strong> \u00e9 uma solu\u00e7\u00e3o ideal para <strong data-start=\"108\" data-end=\"136\">empresas de catering, restaurantes<\/strong> e <strong data-start=\"140\" data-end=\"156\">particulares<\/strong> que procuram um recipiente de grande capacidade, robusto e pr\u00e1tico. Concebida para conter grandes prepara\u00e7\u00f5es, esta <strong>travessa<\/strong> \u00e9 perfeita para ca\u00e7arolas, gratinados, carnes assadas e outros pratos que necessitem de um acondicionamento seguro. Gra\u00e7as \u00e0 sua <strong data-start=\"429\" data-end=\"457\">composi\u00e7\u00e3o em alum\u00ednio<\/strong>, oferece uma excelente resist\u00eancia ao calor, mantendo os seus pratos quentes e facilitando o seu reaquecimento no forno. A sua rigidez tamb\u00e9m garante um transporte seguro, sem risco de deforma\u00e7\u00e3o.   <\/p>\n<p class=\"\" data-start=\"686\" data-end=\"1002\">Quer se trate de um buffet, de um servi\u00e7o de catering ou de um evento, esta <strong>ta\u00e7a gourmet<\/strong> \u00e9 indispens\u00e1vel pela sua praticidade. A sua capacidade de <strong>11450 ml<\/strong> permite-lhe servir <strong data-start=\"885\" data-end=\"905\">grandes por\u00e7\u00f5es<\/strong>, respondendo \u00e0s necessidades dos profissionais da restaura\u00e7\u00e3o e das fam\u00edlias numerosas. <\/p>\n<p data-start=\"686\" data-end=\"1002\">\n<p><!--more--><\/p>\n<h4>As suas vantagens:<\/h4>\n<ul>\n<li data-start=\"1063\" data-end=\"1163\"><strong data-start=\"1332\" data-end=\"1351\">Grande capacidade<\/strong>: 11450 ml, ideal para pratos grandes.<\/li>\n<li data-start=\"1164\" data-end=\"1241\"><strong data-start=\"1402\" data-end=\"1425\">Resistente e r\u00edgido<\/strong>: Mant\u00e9m a sua forma, mesmo com pratos pesados.<\/li>\n<li data-start=\"1242\" data-end=\"1327\"><strong data-start=\"1480\" data-end=\"1507\">Utiliza\u00e7\u00e3o vers\u00e1til<\/strong>: Este prato gourmet pode ser utilizado quente ou frio.<\/li>\n<li data-start=\"1328\" data-end=\"1424\"><strong data-start=\"1550\" data-end=\"1569\">Pode ir ao forno<\/strong>: Pode ser reaquecido diretamente sem decanta\u00e7\u00e3o.<\/li>\n<li data-start=\"1425\" data-end=\"1500\"><strong data-start=\"1628\" data-end=\"1658\">Pr\u00e1tico para o transporte<\/strong>: seguro para entregas e eventos.<\/li>\n<\/ul>\n<p>&nbsp;<\/p>\n<p><!--more--><\/p>\n<h4>Outras informa\u00e7\u00f5es :<\/h4>\n<ul>\n<li><strong>Embalagem<\/strong>: Pacote de 50<\/li>\n<li><strong>Dimens\u00f5es<\/strong>: 525 x 325 x 80 ( C x L x A em mm )<\/li>\n<li><strong>Volume<\/strong>: 11450 ml<\/li>\n<li><strong>Material<\/strong>: Alum\u00ednio<\/li>\n<li><strong>Temperatura de funcionamento<\/strong>: -40\u00b0C \/ +350\u00b0C<\/li>\n<\/ul>\n<p>&nbsp;<\/p>\n<p><!--more--><\/p>\n<p>Encontre aqui a tampa compat\u00edvel com este prato : <span style=\"color: #d12727\"><a style=\"color: #d12727\" href=\"https:\/\/www.csj-emballages.com\/produit\/50-couvercles-plats-gastronomes-aluminium-pg6800-pg8850-pg11450\/\">OP11PG<\/a><\/span><\/p>\n<p>&nbsp;<\/p>\n<p><!--more--><\/p>\n<p>Este produto est\u00e1 dispon\u00edvel em diferentes tamanhos:<span style=\"color: #d12727\"> <a style=\"color: #d12727\" href=\"https:\/\/www.csj-emballages.com\/pt-pt\/produit\/50-pratos-de-aluminio-descartaveis-8850ml\/\">8850 ml<\/a> <span style=\"color: #000000\">\/<\/span> <a style=\"color: #d12727\" href=\"https:\/\/www.csj-emballages.com\/produit\/50-plats-gastronomes-jetables-aluminium-11450ml\/\">11450 ml<\/a><\/span><\/p>\n<p>&nbsp;<\/p>\n<p><!--more--><\/p>\n<p><a href=\"https:\/\/www.csj-emballages.com\/pt-pt\/categorie-produit\/embalagem-de-alimentos\/talho-e-charcutaria\/tabuleiros-latas-e-frascos\/tabuleiros-de-aluminio-pratos-formas-tabuleiros-de-refeicao-copos-ramequins-empadas-de-carne\/pratos-gourmet\/\">Ver o resto da nossa gama de pratos gourmet em alum\u00ednio<\/a><\/p>\n","protected":false},"excerpt":{"rendered":"<p>Prato gastron\u00f3mico Descri\u00e7\u00e3o da nossa placa gastron\u00f3mica de alum\u00ednio 11450 ml por 50<\/p>\n","protected":false},"featured_media":228958,"template":"","meta":{"_acf_changed":false},"product_brand":[],"product_cat":[1176,2001,2925],"product_tag":[],"class_list":{"0":"post-22389","1":"product","2":"type-product","3":"status-publish","4":"has-post-thumbnail","6":"product_cat-talho-e-charcutaria","7":"product_cat-tabuleiros-de-aluminio-pratos-formas-tabuleiros-de-refeicao-copos-ramequins-empadas-de-carne","8":"product_cat-pratos-gourmet","10":"first","11":"instock","12":"taxable","13":"shipping-taxable","14":"purchasable","15":"product-type-simple"},"acf":[],"yoast_head":"<!-- This site is optimized with the Yoast SEO Premium plugin v26.6 (Yoast SEO v26.6) - https:\/\/yoast.com\/wordpress\/plugins\/seo\/ -->\n<title>Prato Gastron\u00f3mico de alum\u00ednio 11450 ml por 50<\/title>\n<meta name=\"description\" content=\"Prato gastron\u00f3mico em alum\u00ednio de 11450 ml, ideal para cozinhar, armazenar e transportar pratos. Resistente, pr\u00e1tico e adequado para profissionais\" \/>\n<meta name=\"robots\" content=\"index, follow, max-snippet:-1, max-image-preview:large, max-video-preview:-1\" \/>\n<link rel=\"canonical\" href=\"https:\/\/www.csj-emballages.com\/pt-pt\/produit\/50-pratos-de-aluminio-descartaveis-11450ml\/\" \/>\n<meta property=\"og:locale\" content=\"pt_PT\" \/>\n<meta property=\"og:type\" content=\"article\" \/>\n<meta property=\"og:title\" content=\"Prato gastron\u00f3mico de alum\u00ednio 11450ml \u00e0 50\" \/>\n<meta property=\"og:description\" content=\"Prato gastron\u00f3mico em alum\u00ednio de 11450 ml, ideal para cozinhar, armazenar e transportar pratos. Resistente, pr\u00e1tico e adequado para profissionais\" \/>\n<meta property=\"og:url\" content=\"https:\/\/www.csj-emballages.com\/pt-pt\/produit\/50-pratos-de-aluminio-descartaveis-11450ml\/\" \/>\n<meta property=\"og:site_name\" content=\"CSJ Emballages\" \/>\n<meta property=\"article:publisher\" content=\"https:\/\/www.facebook.com\/csjemballages\" \/>\n<meta property=\"article:modified_time\" content=\"2026-05-01T00:13:47+00:00\" \/>\n<meta property=\"og:image\" content=\"https:\/\/www.csj-emballages.com\/wp-content\/uploads\/2024\/03\/PG-11450.webp\" \/>\n\t<meta property=\"og:image:width\" content=\"800\" \/>\n\t<meta property=\"og:image:height\" content=\"800\" \/>\n\t<meta property=\"og:image:type\" content=\"image\/webp\" \/>\n<meta name=\"twitter:card\" content=\"summary_large_image\" \/>\n<meta name=\"twitter:label1\" content=\"Tempo estimado de leitura\" \/>\n\t<meta name=\"twitter:data1\" content=\"1 minuto\" \/>\n<script type=\"application\/ld+json\" class=\"yoast-schema-graph\">{\"@context\":\"https:\/\/schema.org\",\"@graph\":[{\"@type\":\"WebPage\",\"@id\":\"https:\/\/www.csj-emballages.com\/pt-pt\/produit\/50-pratos-de-aluminio-descartaveis-11450ml\/\",\"url\":\"https:\/\/www.csj-emballages.com\/pt-pt\/produit\/50-pratos-de-aluminio-descartaveis-11450ml\/\",\"name\":\"Prato Gastron\u00f3mico de alum\u00ednio 11450 ml por 50\",\"isPartOf\":{\"@id\":\"https:\/\/www.csj-emballages.com\/pt-pt\/#website\"},\"primaryImageOfPage\":{\"@id\":\"https:\/\/www.csj-emballages.com\/pt-pt\/produit\/50-pratos-de-aluminio-descartaveis-11450ml\/#primaryimage\"},\"image\":{\"@id\":\"https:\/\/www.csj-emballages.com\/pt-pt\/produit\/50-pratos-de-aluminio-descartaveis-11450ml\/#primaryimage\"},\"thumbnailUrl\":\"https:\/\/www.csj-emballages.com\/wp-content\/uploads\/2024\/03\/PG-11450.webp\",\"datePublished\":\"2024-03-01T15:51:24+00:00\",\"dateModified\":\"2026-05-01T00:13:47+00:00\",\"description\":\"Prato gastron\u00f3mico em alum\u00ednio de 11450 ml, ideal para cozinhar, armazenar e transportar pratos. Resistente, pr\u00e1tico e adequado para profissionais\",\"breadcrumb\":{\"@id\":\"https:\/\/www.csj-emballages.com\/pt-pt\/produit\/50-pratos-de-aluminio-descartaveis-11450ml\/#breadcrumb\"},\"inLanguage\":\"pt-PT\",\"potentialAction\":[{\"@type\":\"ReadAction\",\"target\":[\"https:\/\/www.csj-emballages.com\/pt-pt\/produit\/50-pratos-de-aluminio-descartaveis-11450ml\/\"]}]},{\"@type\":\"ImageObject\",\"inLanguage\":\"pt-PT\",\"@id\":\"https:\/\/www.csj-emballages.com\/pt-pt\/produit\/50-pratos-de-aluminio-descartaveis-11450ml\/#primaryimage\",\"url\":\"https:\/\/www.csj-emballages.com\/wp-content\/uploads\/2024\/03\/PG-11450.webp\",\"contentUrl\":\"https:\/\/www.csj-emballages.com\/wp-content\/uploads\/2024\/03\/PG-11450.webp\",\"width\":800,\"height\":800,\"caption\":\"Plat gastronome\"},{\"@type\":\"BreadcrumbList\",\"@id\":\"https:\/\/www.csj-emballages.com\/pt-pt\/produit\/50-pratos-de-aluminio-descartaveis-11450ml\/#breadcrumb\",\"itemListElement\":[{\"@type\":\"ListItem\",\"position\":1,\"name\":\"Acolhimento\",\"item\":\"https:\/\/www.csj-emballages.com\/pt-pt\/universo-das-embalagens-alimentares\/\"},{\"@type\":\"ListItem\",\"position\":2,\"name\":\"Shop\",\"item\":\"https:\/\/www.csj-emballages.com\/shop\/\"},{\"@type\":\"ListItem\",\"position\":3,\"name\":\"Prato gastron\u00f3mico de alum\u00ednio 11450ml \u00e0 50\"}]},{\"@type\":\"WebSite\",\"@id\":\"https:\/\/www.csj-emballages.com\/pt-pt\/#website\",\"url\":\"https:\/\/www.csj-emballages.com\/pt-pt\/\",\"name\":\"CSJ Emballages\",\"description\":\"\",\"publisher\":{\"@id\":\"https:\/\/www.csj-emballages.com\/pt-pt\/#organization\"},\"potentialAction\":[{\"@type\":\"SearchAction\",\"target\":{\"@type\":\"EntryPoint\",\"urlTemplate\":\"https:\/\/www.csj-emballages.com\/pt-pt\/?s={search_term_string}\"},\"query-input\":{\"@type\":\"PropertyValueSpecification\",\"valueRequired\":true,\"valueName\":\"search_term_string\"}}],\"inLanguage\":\"pt-PT\"},{\"@type\":\"Organization\",\"@id\":\"https:\/\/www.csj-emballages.com\/pt-pt\/#Organization\/\",\"name\":\"CSJ Emballages\",\"url\":\"https:\/\/www.csj-emballages.com\/pt-pt\/\",\"logo\":{\"@type\":\"ImageObject\",\"inLanguage\":\"pt-PT\",\"@id\":\"https:\/\/www.csj-emballages.com\/pt-pt\/#\/schema\/logo\/image\/\",\"url\":\"https:\/\/www.csj-emballages.com\/wp-content\/uploads\/2023\/10\/logo_csj.webp\",\"contentUrl\":\"https:\/\/www.csj-emballages.com\/wp-content\/uploads\/2023\/10\/logo_csj.webp\",\"width\":250,\"height\":95,\"caption\":\"CSJ Emballages\"},\"image\":{\"@id\":\"https:\/\/www.csj-emballages.com\/pt-pt\/#\/schema\/logo\/image\/\"},\"sameAs\":[\"https:\/\/www.facebook.com\/csjemballages\"],\"address\":{\"@type\":\"PostalAddress\",\"streetAddress\":\"ZI La Lechere\",\"addressLocality\":\"Patornay\",\"postalCode\":\"39130\",\"addressCountry\":\"FR\"},\"contactPoint\":[{\"@type\":\"ContactPoint\",\"contactType\":\"Service client\",\"telephone\":\"0384254272\",\"email\":\"contact@csj-emballages.com\"}]}]}<\/script>\n<!-- \/ Yoast SEO Premium plugin. -->","yoast_head_json":{"title":"Prato Gastron\u00f3mico de alum\u00ednio 11450 ml por 50","description":"Prato gastron\u00f3mico em alum\u00ednio de 11450 ml, ideal para cozinhar, armazenar e transportar pratos. Resistente, pr\u00e1tico e adequado para profissionais","robots":{"index":"index","follow":"follow","max-snippet":"max-snippet:-1","max-image-preview":"max-image-preview:large","max-video-preview":"max-video-preview:-1"},"canonical":"https:\/\/www.csj-emballages.com\/pt-pt\/produit\/50-pratos-de-aluminio-descartaveis-11450ml\/","og_locale":"pt_PT","og_type":"article","og_title":"Prato gastron\u00f3mico de alum\u00ednio 11450ml \u00e0 50","og_description":"Prato gastron\u00f3mico em alum\u00ednio de 11450 ml, ideal para cozinhar, armazenar e transportar pratos. Resistente, pr\u00e1tico e adequado para profissionais","og_url":"https:\/\/www.csj-emballages.com\/pt-pt\/produit\/50-pratos-de-aluminio-descartaveis-11450ml\/","og_site_name":"CSJ Emballages","article_publisher":"https:\/\/www.facebook.com\/csjemballages","article_modified_time":"2026-05-01T00:13:47+00:00","og_image":[{"width":800,"height":800,"url":"https:\/\/www.csj-emballages.com\/wp-content\/uploads\/2024\/03\/PG-11450.webp","type":"image\/webp"}],"twitter_card":"summary_large_image","twitter_misc":{"Tempo estimado de leitura":"1 minuto"},"schema":{"@context":"https:\/\/schema.org","@graph":[{"@type":"WebPage","@id":"https:\/\/www.csj-emballages.com\/pt-pt\/produit\/50-pratos-de-aluminio-descartaveis-11450ml\/","url":"https:\/\/www.csj-emballages.com\/pt-pt\/produit\/50-pratos-de-aluminio-descartaveis-11450ml\/","name":"Prato Gastron\u00f3mico de alum\u00ednio 11450 ml por 50","isPartOf":{"@id":"https:\/\/www.csj-emballages.com\/pt-pt\/#website"},"primaryImageOfPage":{"@id":"https:\/\/www.csj-emballages.com\/pt-pt\/produit\/50-pratos-de-aluminio-descartaveis-11450ml\/#primaryimage"},"image":{"@id":"https:\/\/www.csj-emballages.com\/pt-pt\/produit\/50-pratos-de-aluminio-descartaveis-11450ml\/#primaryimage"},"thumbnailUrl":"https:\/\/www.csj-emballages.com\/wp-content\/uploads\/2024\/03\/PG-11450.webp","datePublished":"2024-03-01T15:51:24+00:00","dateModified":"2026-05-01T00:13:47+00:00","description":"Prato gastron\u00f3mico em alum\u00ednio de 11450 ml, ideal para cozinhar, armazenar e transportar pratos. Resistente, pr\u00e1tico e adequado para profissionais","breadcrumb":{"@id":"https:\/\/www.csj-emballages.com\/pt-pt\/produit\/50-pratos-de-aluminio-descartaveis-11450ml\/#breadcrumb"},"inLanguage":"pt-PT","potentialAction":[{"@type":"ReadAction","target":["https:\/\/www.csj-emballages.com\/pt-pt\/produit\/50-pratos-de-aluminio-descartaveis-11450ml\/"]}]},{"@type":"ImageObject","inLanguage":"pt-PT","@id":"https:\/\/www.csj-emballages.com\/pt-pt\/produit\/50-pratos-de-aluminio-descartaveis-11450ml\/#primaryimage","url":"https:\/\/www.csj-emballages.com\/wp-content\/uploads\/2024\/03\/PG-11450.webp","contentUrl":"https:\/\/www.csj-emballages.com\/wp-content\/uploads\/2024\/03\/PG-11450.webp","width":800,"height":800,"caption":"Plat gastronome"},{"@type":"BreadcrumbList","@id":"https:\/\/www.csj-emballages.com\/pt-pt\/produit\/50-pratos-de-aluminio-descartaveis-11450ml\/#breadcrumb","itemListElement":[{"@type":"ListItem","position":1,"name":"Acolhimento","item":"https:\/\/www.csj-emballages.com\/pt-pt\/universo-das-embalagens-alimentares\/"},{"@type":"ListItem","position":2,"name":"Shop","item":"https:\/\/www.csj-emballages.com\/shop\/"},{"@type":"ListItem","position":3,"name":"Prato gastron\u00f3mico de alum\u00ednio 11450ml \u00e0 50"}]},{"@type":"WebSite","@id":"https:\/\/www.csj-emballages.com\/pt-pt\/#website","url":"https:\/\/www.csj-emballages.com\/pt-pt\/","name":"CSJ Emballages","description":"","publisher":{"@id":"https:\/\/www.csj-emballages.com\/pt-pt\/#organization"},"potentialAction":[{"@type":"SearchAction","target":{"@type":"EntryPoint","urlTemplate":"https:\/\/www.csj-emballages.com\/pt-pt\/?s={search_term_string}"},"query-input":{"@type":"PropertyValueSpecification","valueRequired":true,"valueName":"search_term_string"}}],"inLanguage":"pt-PT"},{"@type":"Organization","@id":"https:\/\/www.csj-emballages.com\/pt-pt\/#Organization\/","name":"CSJ Emballages","url":"https:\/\/www.csj-emballages.com\/pt-pt\/","logo":{"@type":"ImageObject","inLanguage":"pt-PT","@id":"https:\/\/www.csj-emballages.com\/pt-pt\/#\/schema\/logo\/image\/","url":"https:\/\/www.csj-emballages.com\/wp-content\/uploads\/2023\/10\/logo_csj.webp","contentUrl":"https:\/\/www.csj-emballages.com\/wp-content\/uploads\/2023\/10\/logo_csj.webp","width":250,"height":95,"caption":"CSJ Emballages"},"image":{"@id":"https:\/\/www.csj-emballages.com\/pt-pt\/#\/schema\/logo\/image\/"},"sameAs":["https:\/\/www.facebook.com\/csjemballages"],"address":{"@type":"PostalAddress","streetAddress":"ZI La Lechere","addressLocality":"Patornay","postalCode":"39130","addressCountry":"FR"},"contactPoint":[{"@type":"ContactPoint","contactType":"Service client","telephone":"0384254272","email":"contact@csj-emballages.com"}]}]}},"df_price":126.86,"df_sale_price":"","df_regular_price":126.86,"df_image_link":"https:\/\/www.csj-emballages.com\/wp-content\/uploads\/2024\/03\/PG-11450-300x300.webp","tiered_pricing_type":"fixed","tiered_pricing_fixed_rules":[],"tiered_pricing_percentage_rules":[],"tiered_pricing_minimum":1,"tiered_pricing_roles_data":[],"_links":{"self":[{"href":"https:\/\/www.csj-emballages.com\/pt-pt\/wp-json\/wp\/v2\/product\/22389","targetHints":{"allow":["GET"]}}],"collection":[{"href":"https:\/\/www.csj-emballages.com\/pt-pt\/wp-json\/wp\/v2\/product"}],"about":[{"href":"https:\/\/www.csj-emballages.com\/pt-pt\/wp-json\/wp\/v2\/types\/product"}],"wp:featuredmedia":[{"embeddable":true,"href":"https:\/\/www.csj-emballages.com\/pt-pt\/wp-json\/wp\/v2\/media\/228958"}],"wp:attachment":[{"href":"https:\/\/www.csj-emballages.com\/pt-pt\/wp-json\/wp\/v2\/media?parent=22389"}],"wp:term":[{"taxonomy":"product_brand","embeddable":true,"href":"https:\/\/www.csj-emballages.com\/pt-pt\/wp-json\/wp\/v2\/product_brand?post=22389"},{"taxonomy":"product_cat","embeddable":true,"href":"https:\/\/www.csj-emballages.com\/pt-pt\/wp-json\/wp\/v2\/product_cat?post=22389"},{"taxonomy":"product_tag","embeddable":true,"href":"https:\/\/www.csj-emballages.com\/pt-pt\/wp-json\/wp\/v2\/product_tag?post=22389"}],"curies":[{"name":"wp","href":"https:\/\/api.w.org\/{rel}","templated":true}]}}